{"id":10068,"date":"2012-04-26T18:53:15","date_gmt":"2012-04-26T16:53:15","guid":{"rendered":"http:\/\/www.simpleplan.cz\/cz\/?page_id=10068"},"modified":"2023-06-26T09:30:13","modified_gmt":"2023-06-26T07:30:13","slug":"kolaborace","status":"publish","type":"page","link":"https:\/\/www.simpleplan.cz\/cz\/index.php\/kapela\/kolaborace\/","title":{"rendered":"Kolaborace"},"content":{"rendered":"<div class=\"pagecontent\">\n<div class=\"girls\"><center>Zp\u011bv\u00e1ck\u00e9 kolaborace<\/center><\/div>\n<div class=\"section-list\">\n<img decoding=\"async\" src=\"http:\/\/www.simpleplan.cz\/images\/col_mbw.gif\" alt=\"\" \/ \/><\/p>\n<div class=\"musichead\" style=\"margin-top:10px;\">MY BIG WHEEL<\/div>\n<p><strong>Kapela z Kanady, ve kter\u00e9 hr\u00e1val Fred Jerome (sou\u010dasn\u00fd grafik SP)<\/strong><\/i><br \/>\n<strong>Kolaborace:<\/strong> Pierre Bouvier zp\u00edval na jejich p\u00edsni &#8222;Loaded&#8220; (je\u0161t\u011b za \u010das\u016f Reset)<\/p>\n<\/div>\n<p>\u200b<\/p>\n<div class=\"section-list\">\n    <img decoding=\"async\" src=\"http:\/\/www.simpleplan.cz\/images\/col_mark.gif\" alt=\"\" \/ \/><\/p>\n<div class=\"musichead\" style=\"margin-top:10px;\">MARK HOPPUS<\/div>\n<p><strong>Zp\u011bv\u00e1k a baskytarista v kapele Blink 182<\/strong><\/i><br \/>\n<strong>Zp\u00edv\u00e1 v:<\/strong> &#8222;I&#8217;d Do Anything&#8220; na NPNHJB<br \/>\n<strong>+<\/strong> Objevil se tak\u00e9 ve videoklipu k t\u00e9to p\u00edsni<\/p>\n<\/div>\n<p>\u200b<\/p>\n<div class=\"section-list\">\n    <img decoding=\"async\" src=\"http:\/\/www.simpleplan.cz\/images\/col_joel.gif\" alt=\"\" \/ \/><\/p>\n<div class=\"musichead\" style=\"margin-top:10px;\">JOEL MADDEN<\/div>\n<p><i><strong>Zp\u011bv\u00e1k v kapele Good Charlotte<\/strong><\/i><br \/>\n<strong>Zp\u00edv\u00e1 v:<\/strong> &#8222;You Don&#8217;t Mean Anything&#8220; na NPNHJB<\/p>\n<\/div>\n<p>\u200b<\/p>\n<div class=\"section-list\">\n    <img decoding=\"async\" src=\"http:\/\/www.simpleplan.cz\/images\/col_mclars.gif\" alt=\"\" \/ \/><\/p>\n<div class=\"musichead\" style=\"margin-top:10px;\">MC LARS<\/div>\n<p><i><strong>Rapper<\/strong><\/i><br \/>\n<strong>Kolaborace:<\/strong> Pierre Bouvier ze Simple Plan si zazp\u00edval na p\u00edsni MC Larse &#8222;It&#8217;s Not Easy Being Green&#8220; na albu &#8222;This Gigantic Robot Kills&#8220;<\/p>\n<\/div>\n<p>\u200b<\/p>\n<div class=\"section-list\">\n    <img decoding=\"async\" src=\"http:\/\/www.simpleplan.cz\/images\/col_yafh.gif\" alt=\"\" \/ \/><\/p>\n<div class=\"musichead\" style=\"margin-top:10px;\">YOUNG ARTISTS FOR HAITI<\/div>\n<p><i><strong>Charitativn\u00ed projekt mlad\u00fdch kanadsk\u00fdch um\u011blc\u016f na podporu ob\u011bt\u00ed zem\u011bt\u0159esen\u00ed na Haiti<\/strong><\/i><br \/>\n<strong>Kolaborace:<\/strong> Na p\u00edsni &#8222;Wavin&#8216; Flag&#8220; se objevil Pierre Bouvier ze Simple Plan<\/p>\n<\/div>\n<p>\u200b<\/p>\n<div class=\"section-list\">\n    <img decoding=\"async\" src=\"http:\/\/www.simpleplan.cz\/images\/col_rivers.gif\" alt=\"\" \/ \/><\/p>\n<div class=\"musichead\" style=\"margin-top:10px;\">RIVERS CUOMO<\/div>\n<p><i><strong>Zp\u011bv\u00e1k v kapele Weezer<\/strong><\/i><br \/>\n<strong>Zp\u00edv\u00e1 v:<\/strong> &#8222;Can&#8217;t Keep My Hands Off You&#8220; na GYHO<br \/>\n<strong>+<\/strong> Z\u00e1rove\u0148 je tak\u00e9 spoluautorem t\u00e9to p\u00edsn\u011b<\/p>\n<\/div>\n<p>\u200b<\/p>\n<div class=\"section-list\">\n    <img decoding=\"async\" src=\"http:\/\/www.simpleplan.cz\/images\/col_natasha.gif\" alt=\"\" \/ \/><\/p>\n<div class=\"musichead\" style=\"margin-top:10px;\">NATASHA BEDINGFIELD<\/div>\n<p><i><strong>Britsk\u00e1 zp\u011bva\u010dka<\/strong><\/i><br \/>\n<strong>Zp\u00edv\u00e1 v:<\/strong> anglick\u00e9 verzi &#8222;Jet Lag&#8220; na GYHO<br \/>\n<strong>+<\/strong> Objevila se tak\u00e9 v anglick\u00e9 verzi videoklipu t\u00e9to p\u00edsn\u011b<\/p>\n<\/div>\n<p>\u200b<\/p>\n<div class=\"section-list\">\n    <img decoding=\"async\" src=\"http:\/\/www.simpleplan.cz\/images\/col_marie.gif\" alt=\"\" \/ \/><\/p>\n<div class=\"musichead\" style=\"margin-top:10px;\">MARIE-MAI<\/div>\n<p><i><strong>Kanadsk\u00e1 zp\u011bva\u010dka<\/strong><\/i><br \/>\n<strong>Zp\u00edv\u00e1 ve:<\/strong> francouzsk\u00e9 verzi &#8222;Jet Lag&#8220; na GYHO<br \/>\n<strong>+<\/strong> Objevila se tak\u00e9 ve francouzsk\u00e9 verzi videoklipu t\u00e9to p\u00edsn\u011b<\/p>\n<\/div>\n<p>\u200b<\/p>\n<div class=\"section-list\">\n    <img decoding=\"async\" src=\"http:\/\/www.simpleplan.cz\/images\/col_alex.gif\" alt=\"\" \/ \/><\/p>\n<div class=\"musichead\" style=\"margin-top:10px;\">ALEX GASKARTH<\/div>\n<p><i><strong>Zp\u011bv\u00e1k v kapele All Time Low<\/strong><\/i><br \/>\n<strong>Zp\u00edv\u00e1 ve:<\/strong> &#8222;Freaking Me Out&#8220; na GYHO<\/p>\n<\/div>\n<p>\u200b<\/p>\n<div class=\"section-list\">\n    <img decoding=\"async\" src=\"http:\/\/www.simpleplan.cz\/images\/col_knaan.gif\" alt=\"\" \/ \/><\/p>\n<div class=\"musichead\" style=\"margin-top:10px;\">K&#8217;NAAN<\/div>\n<p><i><strong>Kanadsko-som\u00e1lsk\u00fd zp\u011bv\u00e1k\/rapper<\/strong><\/i><br \/>\n<strong>Zp\u00edv\u00e1 v:<\/strong> prvn\u00ed verzi &#8222;Summer Paradise&#8220; na GYHO<\/p>\n<\/div>\n<p>\u200b<\/p>\n<div class=\"section-list\">\n    <img decoding=\"async\" src=\"http:\/\/www.simpleplan.cz\/images\/col_sean.gif\" alt=\"\" \/ \/><\/p>\n<div class=\"musichead\" style=\"margin-top:10px;\">SEAN PAUL<\/div>\n<p><i><strong>Jamajsk\u00fd zp\u011bv\u00e1k\/rapper<\/strong><\/i><br \/>\n<strong>Zp\u00edv\u00e1 v:<\/strong> druh\u00e9 verzi &#8222;Summer Paradise&#8220; na GYHO<br \/>\n<strong>+<\/strong> Objevil se tak\u00e9 v druh\u00e9 verzi videoklipu k t\u00e9to p\u00edsni\n<\/p>\n<\/div>\n<p>\u200b<\/p>\n<div class=\"section-list\">\n    <img decoding=\"async\" src=\"http:\/\/www.simpleplan.cz\/images\/col_tc.gif\" alt=\"\" \/ \/><\/p>\n<div class=\"musichead\" style=\"margin-top:10px;\">ARTISTS AGAINST BULLYING<\/div>\n<p><i><strong>Charitativn\u00ed projekt kanadsk\u00fdch um\u011blc\u016f proti \u0161ikan\u011b<\/strong><\/i><br \/>\n<strong>Kolaborace:<\/strong> Pierre Bouvier zp\u00edv\u00e1 v nov\u00e9 verzi p\u00edsn\u011b &#8222;True Colors&#8220; od Cindy Laupner<\/p>\n<\/div>\n<p>\u200b<\/p>\n<div class=\"section-list\">\n    <img decoding=\"async\" src=\"http:\/\/www.simpleplan.cz\/images\/col_taka.gif\" alt=\"\" \/ \/><\/p>\n<div class=\"musichead\" style=\"margin-top:10px;\">TAKA<\/div>\n<p><i><strong>Japonsk\u00fd zp\u011bv\u00e1k v kapele ONE OK ROCK<\/strong><\/i><br \/>\n<strong>Zp\u00edv\u00e1 na:<\/strong> japonsk\u00e9 verzi Summer Paradise<\/p>\n<\/div>\n<p>\u200b<\/p>\n<div class=\"section-list\">\n    <img decoding=\"async\" src=\"http:\/\/www.simpleplan.cz\/images\/col_mkto.gif\" alt=\"\" \/ \/><\/p>\n<div class=\"musichead\" style=\"margin-top:10px;\">MKTO<\/div>\n<p><i><strong>Americk\u00e9 pop-rapov\u00e9 duo<\/strong><\/i><br \/>\n<strong>Zp\u00edv\u00e1 na:<\/strong> dal\u0161\u00ed verzi Summer Paradise<\/p>\n<\/div>\n<p>\u200b<\/p>\n<div class=\"section-list\">\n    <img decoding=\"async\" src=\"http:\/\/www.simpleplan.cz\/images\/col_fd.gif\" alt=\"\" \/ \/><\/p>\n<div class=\"musichead\" style=\"margin-top:10px;\">FABER DRIVE<\/div>\n<p><i><strong>Kanadsk\u00e1 pop-rockov\u00e1 kapela<\/strong><\/i><br \/>\n<strong>Kolaborace:<\/strong> Pierre Bouvier zp\u00edv\u00e1 v druh\u00e9m ver\u0161i na druh\u00e9 verzi (nen\u00ed na albu) p\u00edsn\u011b &#8222;Too Little, Too Late&#8220; &#8211; p\u00edsni, kterou tak\u00e9 pom\u00e1hal slo\u017eit.<\/p>\n<\/div>\n<p>\u200b<\/p>\n<div class=\"section-list\">\n    <img decoding=\"async\" src=\"http:\/\/www.simpleplan.cz\/images\/col_nelly.gif\" alt=\"\" \/ \/><\/p>\n<div class=\"musichead\" style=\"margin-top:10px;\">NELLY<\/div>\n<p><i><strong>Americk\u00fd rapper<\/strong><\/i><br \/>\n<strong>Rapuje v:<\/strong> p\u00edsni &#8222;I Don&#8217;t Wanna Go To Bed&#8220; a zahr\u00e1l si tak\u00e9 ve videoklipu k t\u00e9to p\u00edsni.<\/p>\n<\/div>\n<p>\u200b<\/p>\n<div class=\"section-list\">\n    <img decoding=\"async\" src=\"http:\/\/i.imgur.com\/hNN0AYh.png\" alt=\"\" \/ \/><\/p>\n<div class=\"musichead\" style=\"margin-top:10px;\">JORDAN PUNDIK<\/div>\n<p><i><strong>Zp\u011bv\u00e1k v kapele New Found Glory<\/strong><\/i><br \/>\n<strong>Zp\u00edv\u00e1 ve:<\/strong> &#8218;Farewell&#8216; na TOFTT.<\/p>\n<\/div>\n<p>\u200b<\/p>\n<div class=\"section-list\">\n    <img decoding=\"async\" src=\"http:\/\/i.imgur.com\/yar5dAg.png\" alt=\"\" \/ \/><\/p>\n<div class=\"musichead\" style=\"margin-top:10px;\">R. CITY<\/div>\n<p><i><strong>Americk\u00e9 rapov\u00e9 duo<\/strong><\/i><br \/>\n<strong>Rapuj\u00ed v:<\/strong> &#8218;Singing In The Rain&#8216; na TOFTT.<\/p>\n<\/div>\n<p>\u200b<\/p>\n<div class=\"section-list\">\n    <img decoding=\"async\" src=\"http:\/\/i.imgur.com\/X2mg0hO.png\" alt=\"\" \/ \/><\/p>\n<div class=\"musichead\" style=\"margin-top:10px;\">JULIET SIMMS<\/div>\n<p><i><strong>Americk\u00e1 zp\u011bva\u010dka<\/strong><\/i><br \/>\n<strong>Zp\u00edv\u00e1 v:<\/strong> &#8218;I Dream About You&#8216; na TOFTT.<\/p>\n<\/div>\n<p>\u200b<\/p>\n<p><center><img decoding=\"async\" src=\"http:\/\/www.simpleplan.cz\/cz\/wp-content\/themes\/2016\/images\/divider.png\"\/><\/center><br \/>\n<\/p>\n<div class=\"girls\"><center>Texta\u0159sk\u00e9 kolaborace<\/center><\/div>\n<div class=\"section-list\">\n    <img decoding=\"async\" src=\"http:\/\/www.simpleplan.cz\/images\/col_mc.gif\" alt=\"\" \/ \/><\/p>\n<div class=\"musichead\" style=\"margin-top:10px;\">M\u00d6TLEY CR\u00dcE<\/div>\n<p><i><strong>Americk\u00e1 heavy-metalov\u00e1 kapela<\/strong><\/i><br \/>\n<strong>P\u00edse\u0148:<\/strong> &#8222;If I Die Tomorrow&#8220; z alba &#8222;Red, White &#038; Cr\u00fce&#8220;<\/p>\n<p><strong>+<\/strong> Tuto p\u00edse\u0148 p\u016fvodn\u011b napsali Simple Plan pod veden\u00edm Boba Rocka v r\u00e1mci psac\u00edho procesu pro album SNGA. Na album se jim v\u0161ak nehodila, tak\u017ee ji Bob Rock n\u00e1sledn\u011b nab\u00eddl pr\u00e1v\u011b kapele M\u00f6tley Cr\u00fce. Baskytarista Nikki Sixx pot\u00e9 p\u00edse\u0148 trochu lyricky a hudebn\u011b upravil a kapela ji pot\u00e9 vydala jako nov\u00fd single v r\u00e1mci kompila\u010dn\u00ed desky sv\u00fdch nejv\u011bt\u0161\u00edch hit\u016f v roce 2005<\/p>\n<\/div>\n<p>\u200b<\/p>\n<div class=\"section-list\">\n    <img decoding=\"async\" src=\"http:\/\/www.simpleplan.cz\/images\/col_fd.gif\" alt=\"\" \/ \/><\/p>\n<div class=\"musichead\" style=\"margin-top:10px;\">FABER DRIVE<\/div>\n<p><i><strong>Kanadsk\u00e1 pop-rockov\u00e1 kapela<\/strong><\/i><br \/>\n<strong>P\u00edsn\u011b:<\/strong> &#8222;G-Get Up And Dance&#8220; a &#8222;Our Last Goodbye&#8220; z alba &#8222;Can&#8217;t Keep A Secret&#8220;, &#8222;Do It In Hollywood&#8220;, &#8222;Too Little, Too Late&#8220; a &#8222;Set It Off&#8220; z alba &#8222;Lost In Paradise&#8220;<\/p>\n<p><strong>+<\/strong> Chuck a Pierre se se sv\u00fdmi star\u00fdmi zn\u00e1m\u00fdmi z kapely Faber Drive, se kterou v minulosti ji\u017e n\u011bkolikr\u00e1t jezdili po turn\u00e9, v roce 2009 n\u011bkolikr\u00e1t se\u0161li a napsali spole\u010dn\u011b dv\u011b p\u00edsn\u011b pro jejich druh\u00e9 studiov\u00e9 album, &#8222;Can&#8217;t Keep A Secret&#8220;, p\u0159i\u010dem\u017e z p\u00edsn\u011b &#8222;G-Get Up And Dance&#8220; se stal jejich prvn\u00ed singlem. V n\u00e1sleduj\u00edc\u00edch letech se Chuck s Pierrem se \u010dleny Faber Drive op\u011bt n\u011bkolikr\u00e1t se\u0161li, a pracovali spolu i na p\u00edsn\u00edch pro t\u0159et\u00ed studiovou desku FD, zvanou &#8222;Lost In Paradise&#8220;, pro kterou tak\u00e9 napsali n\u011bkolik p\u00edsn\u00ed.<\/p>\n<\/div>\n<p>\u200b<\/p>\n<div class=\"section-list\">\n    <img decoding=\"async\" src=\"http:\/\/www.simpleplan.cz\/images\/col_atl.gif\" alt=\"\" \/ \/><\/p>\n<div class=\"musichead\" style=\"margin-top:10px;\">ALL TIME LOW<\/div>\n<p><i><strong>Americk\u00e1 pop-punkov\u00e1 kapela<\/strong><\/i><br \/>\n<strong>P\u00edse\u0148:<\/strong> &#8222;Time Bomb&#8220; z alba &#8222;Dirty Work&#8220;<\/p>\n<p><strong>+<\/strong> Tato p\u00edse\u0148 byla p\u016fvodn\u011b naps\u00e1na v r\u00e1mci psac\u00edho procesu pro album Simple Plan &#8222;Get Your Heart On!&#8220;, ale \u010dlenov\u00e9 kapely z n\u00ed nakonec ustoupili, proto\u017ee se jim k ostatn\u00edm p\u00edsn\u00edm na albu nehodila. V tu dobu z\u00e1rove\u0148 spolupracovali s Alexem Gaskarthem z All Time Low, kter\u00fd jim zp\u00edval na &#8222;Freaking Me Out&#8220; a p\u00edse\u0148 jim nab\u00eddli. All Time Low si ji pot\u00e9 mali\u010dko upravili a nakonec ji vydali jako druh\u00fd single ze sv\u00e9ho alba &#8222;Dirty Work&#8220;.<\/p>\n<\/div>\n<p>\u200b<\/p>\n<div class=\"section-list\">\n    <img decoding=\"async\" src=\"http:\/\/www.simpleplan.cz\/images\/col_tnc.gif\" alt=\"\" \/ \/><\/p>\n<div class=\"musichead\" style=\"margin-top:10px;\">THE NEW CITIES<\/div>\n<p><i><strong>Kanadsk\u00e1 synth-popov\u00e1 kapela<\/strong><\/i><br \/>\n<strong>P\u00edse\u0148:<\/strong> &#8222;Love Me Deadly&#8220; z alba &#8222;Kill The Lights&#8220;<\/p>\n<p><strong>+<\/strong> Simple Plan se s The New Cities p\u0159\u00e1tel\u00ed ji\u017e od doby, kdy spolu ob\u011b dv\u011b kapely tourovaly po Kanad\u011b \u2013 David ze Simple Plan dokonce dodnes na r\u016fzn\u00fdch koncertech TNC hr\u00e1v\u00e1 jejich p\u00edse\u0148 \u201eLooks Minus Substance\u201c na bic\u00ed. 27. z\u00e1\u0159\u00ed 2011 kapela The New Cities vydala sv\u00e9 druh\u00e9 album \u2013 \u201eKill The Lights\u201c, na n\u011bm\u017e tak\u00e9 najdete p\u00edse\u0148 \u201eLove Me Deadly\u201c a pr\u00e1v\u011b jej\u00ed text je v\u00fdsledkem spolupr\u00e1ce Pierra, Chucka a \u010dlen\u016f The New Cities.<\/p>\n<\/div>\n<p>\u200b<\/p>\n<div class=\"section-list\">\n    <img decoding=\"async\" src=\"http:\/\/www.simpleplan.cz\/images\/col_btr.gif\" alt=\"\" \/ \/><\/p>\n<div class=\"musichead\" style=\"margin-top:10px;\">BIG TIME RUSH<\/div>\n<p><i><strong>Americk\u00fd boy band<\/strong><\/i><br \/>\n<strong>Song:<\/strong> &#8222;Paralyzed&#8220; z alba &#8222;Elevate&#8220; (verze z ofici\u00e1ln\u00ed str\u00e1nky)<\/p>\n<p><strong>+<\/strong> Jednou z p\u00edsn\u00ed, kterou Pierre, Chuck a Matt Squire napsali b\u011bhem procesu psan\u00ed text\u016f pro album &#8222;Get Your Heart On!&#8220; byla tak\u00e9 p\u00edse\u0148 s n\u00e1zvem &#8222;Paralyzed&#8220;. Nakonec se ale na \u010dtvrt\u00e9 album Simple Plan nedostala a byla nab\u00eddnuta jin\u00fdm um\u011blc\u016fm. Nakonec se j\u00ed ujal americk\u00e1 skupina Big Time Rush, kter\u00e1 si z n\u00ed vytvo\u0159ila svou vlastn\u00ed verzi, kter\u00e1 byla dokonce zahrnuta i do jejich TV seri\u00e1lu. &#8222;Paralysed&#8220; m\u011bla b\u00fdt p\u016fvodn\u011b tak\u00e9 obsa\u017eena v Big Time Rush albu z roku 2011 &#8222;Elevate&#8220; (alespo\u0148 podle trakclistu jejich ofici\u00e1ln\u00ed str\u00e1nky), ale fin\u00e1ln\u00ed verze alba ji nezahrnuje. <\/p>\n<\/div>\n<p>\u200b<\/p>\n<div class=\"section-list\">\n    <img decoding=\"async\" src=\"http:\/\/www.simpleplan.cz\/images\/col_amasic.gif\" alt=\"\" \/ \/><\/p>\n<div class=\"musichead\" style=\"margin-top:10px;\">AMASIC \/ STORY UNTOLD<\/div>\n<p><i><strong>Kanadsk\u00e1 kapela<\/strong><\/i><br \/>\n<strong>Song:<\/strong> &#8222;If I Had One Dollar&#8220; z EP &#8222;The Things We Say&#8220; + p\u00edse\u0148 &#8222;History&#8220; z EP &#8222;Story Untold&#8220;<\/p>\n<p><strong>+<\/strong> Po n\u011bkolika spole\u010dn\u00fdch koncertech m\u011bla mlad\u00e1 kanadsk\u00e1 kapela Amasic, jej\u00ed\u017e \u010dlenov\u00e9 jsou ji\u017e mnoho let fanou\u0161ky Simple Plan, na konci roku 2013 kone\u010dn\u011b p\u0159\u00edle\u017eitost slo\u017eit n\u011bkolik p\u00edsn\u00ed s Chuckem a Pierrem ze Simple Plan. P\u00edse\u0148 s n\u00e1zvem &#8222;If I Had One Dollar&#8220; se stala sou\u010d\u00e1st\u00ed EP kapely Amasic &#8211; &#8222;The Things We Say&#8220; (2014). V roce 2016 kapela zm\u011bnila \u010dlenskou z\u00e1kladnu a p\u0159ejmenovala se na Story Untold. V tomto nov\u00e9m slo\u017een\u00ed na sv\u00e9m nov\u00e9m eponymn\u00edm EP vydala tak\u00e9 p\u00edse\u0148 &#8222;History&#8220;, na jej\u00edm\u017e textu se tak\u00e9 pod\u00edleli Chuck s Pierrem.<\/p>\n<\/div>\n<p>\u200b\n<\/p><\/div>\n<div class=\"fblikebutton_button\" style=\"float: left; padding-top: 20px; margin-right: 20px; padding-bottom: 20px; padding-left: 20px;\"><iframe src=\"http:\/\/www.facebook.com\/plugins\/like.php?href=https%3A%2F%2Fwww.simpleplan.cz%2Fcz%2Findex.php%2Fkapela%2Fkolaborace%2F&amp;layout=standard&amp;show-faces=false&amp;width=450&amp;action=like&amp;colorscheme=light\" scrolling=\"no\" frameborder=\"0\" allowTransparency=\"true\" style=\"border:none; overflow:hidden; width:450px; height:26px\"><\/iframe><\/div>\n","protected":false},"excerpt":{"rendered":"<p>Zp\u011bv\u00e1ck\u00e9 kolaborace MY BIG WHEEL Kapela z Kanady, ve kter\u00e9 hr\u00e1val Fred Jerome (sou\u010dasn\u00fd grafik<\/p>\n","protected":false},"author":5,"featured_media":0,"parent":5237,"menu_order":0,"comment_status":"open","ping_status":"open","template":"page-templates\/full-width.php","meta":{"footnotes":""},"yoast_head":"<!-- This site is optimized with the Yoast SEO plugin v20.9 - https:\/\/yoast.com\/wordpress\/plugins\/seo\/ -->\n<title>Kolaborace | CZ: SimplePlan.cz<\/title>\n<meta name=\"robots\" content=\"index, follow, max-snippet:-1, max-image-preview:large, max-video-preview:-1\" \/>\n<link rel=\"canonical\" href=\"https:\/\/www.simpleplan.cz\/cz\/index.php\/kapela\/kolaborace\/\" \/>\n<meta property=\"og:locale\" content=\"cs_CZ\" \/>\n<meta property=\"og:type\" content=\"article\" \/>\n<meta property=\"og:title\" content=\"Kolaborace | CZ: SimplePlan.cz\" \/>\n<meta property=\"og:description\" content=\"Zp\u011bv\u00e1ck\u00e9 kolaborace MY BIG WHEEL Kapela z Kanady, ve kter\u00e9 hr\u00e1val Fred Jerome (sou\u010dasn\u00fd grafik\" \/>\n<meta property=\"og:url\" content=\"https:\/\/www.simpleplan.cz\/cz\/index.php\/kapela\/kolaborace\/\" \/>\n<meta property=\"og:site_name\" content=\"CZ: SimplePlan.cz\" \/>\n<meta property=\"article:publisher\" content=\"http:\/\/www.facebook.com\/simpleplancz\" \/>\n<meta property=\"article:modified_time\" content=\"2023-06-26T07:30:13+00:00\" \/>\n<meta property=\"og:image\" content=\"http:\/\/www.simpleplan.cz\/images\/col_mbw.gif\" \/>\n<meta name=\"twitter:card\" content=\"summary_large_image\" \/>\n<meta name=\"twitter:site\" content=\"@simpleplancz\" \/>\n<meta name=\"twitter:label1\" content=\"Odhadovan\u00e1 doba \u010dten\u00ed\" \/>\n\t<meta name=\"twitter:data1\" content=\"6 minut\" \/>\n<script type=\"application\/ld+json\" class=\"yoast-schema-graph\">{\"@context\":\"https:\/\/schema.org\",\"@graph\":[{\"@type\":\"WebPage\",\"@id\":\"https:\/\/www.simpleplan.cz\/cz\/index.php\/kapela\/kolaborace\/\",\"url\":\"https:\/\/www.simpleplan.cz\/cz\/index.php\/kapela\/kolaborace\/\",\"name\":\"Kolaborace | CZ: SimplePlan.cz\",\"isPartOf\":{\"@id\":\"https:\/\/www.simpleplan.cz\/cz\/#website\"},\"datePublished\":\"2012-04-26T16:53:15+00:00\",\"dateModified\":\"2023-06-26T07:30:13+00:00\",\"breadcrumb\":{\"@id\":\"https:\/\/www.simpleplan.cz\/cz\/index.php\/kapela\/kolaborace\/#breadcrumb\"},\"inLanguage\":\"cs\",\"potentialAction\":[{\"@type\":\"ReadAction\",\"target\":[\"https:\/\/www.simpleplan.cz\/cz\/index.php\/kapela\/kolaborace\/\"]}]},{\"@type\":\"BreadcrumbList\",\"@id\":\"https:\/\/www.simpleplan.cz\/cz\/index.php\/kapela\/kolaborace\/#breadcrumb\",\"itemListElement\":[{\"@type\":\"ListItem\",\"position\":1,\"name\":\"Dom\u016f\",\"item\":\"https:\/\/www.simpleplan.cz\/cz\/\"},{\"@type\":\"ListItem\",\"position\":2,\"name\":\"Kapela\",\"item\":\"https:\/\/www.simpleplan.cz\/cz\/index.php\/kapela\/\"},{\"@type\":\"ListItem\",\"position\":3,\"name\":\"Kolaborace\"}]},{\"@type\":\"WebSite\",\"@id\":\"https:\/\/www.simpleplan.cz\/cz\/#website\",\"url\":\"https:\/\/www.simpleplan.cz\/cz\/\",\"name\":\"CZ: SimplePlan.cz\",\"description\":\"Nejlep\u0161\u00ed zdroj informac\u00ed o kapele Simple Plan\",\"publisher\":{\"@id\":\"https:\/\/www.simpleplan.cz\/cz\/#organization\"},\"potentialAction\":[{\"@type\":\"SearchAction\",\"target\":{\"@type\":\"EntryPoint\",\"urlTemplate\":\"https:\/\/www.simpleplan.cz\/cz\/?s={search_term_string}\"},\"query-input\":\"required name=search_term_string\"}],\"inLanguage\":\"cs\"},{\"@type\":\"Organization\",\"@id\":\"https:\/\/www.simpleplan.cz\/cz\/#organization\",\"name\":\"CZ: SimplePlan.cz\",\"url\":\"https:\/\/www.simpleplan.cz\/cz\/\",\"logo\":{\"@type\":\"ImageObject\",\"inLanguage\":\"cs\",\"@id\":\"https:\/\/www.simpleplan.cz\/cz\/#\/schema\/logo\/image\/\",\"url\":\"https:\/\/www.simpleplan.cz\/cz\/wp-content\/uploads\/spczlogo.png\",\"contentUrl\":\"https:\/\/www.simpleplan.cz\/cz\/wp-content\/uploads\/spczlogo.png\",\"width\":250,\"height\":190,\"caption\":\"CZ: SimplePlan.cz\"},\"image\":{\"@id\":\"https:\/\/www.simpleplan.cz\/cz\/#\/schema\/logo\/image\/\"},\"sameAs\":[\"http:\/\/www.facebook.com\/simpleplancz\",\"https:\/\/twitter.com\/simpleplancz\",\"http:\/\/www.instagram.com\/simpleplancz\",\"http:\/\/www.youtube.com\/simpleplancz\"]}]}<\/script>\n<!-- \/ Yoast SEO plugin. -->","yoast_head_json":{"title":"Kolaborace | CZ: SimplePlan.cz","robots":{"index":"index","follow":"follow","max-snippet":"max-snippet:-1","max-image-preview":"max-image-preview:large","max-video-preview":"max-video-preview:-1"},"canonical":"https:\/\/www.simpleplan.cz\/cz\/index.php\/kapela\/kolaborace\/","og_locale":"cs_CZ","og_type":"article","og_title":"Kolaborace | CZ: SimplePlan.cz","og_description":"Zp\u011bv\u00e1ck\u00e9 kolaborace MY BIG WHEEL Kapela z Kanady, ve kter\u00e9 hr\u00e1val Fred Jerome (sou\u010dasn\u00fd grafik","og_url":"https:\/\/www.simpleplan.cz\/cz\/index.php\/kapela\/kolaborace\/","og_site_name":"CZ: SimplePlan.cz","article_publisher":"http:\/\/www.facebook.com\/simpleplancz","article_modified_time":"2023-06-26T07:30:13+00:00","og_image":[{"url":"http:\/\/www.simpleplan.cz\/images\/col_mbw.gif"}],"twitter_card":"summary_large_image","twitter_site":"@simpleplancz","twitter_misc":{"Odhadovan\u00e1 doba \u010dten\u00ed":"6 minut"},"schema":{"@context":"https:\/\/schema.org","@graph":[{"@type":"WebPage","@id":"https:\/\/www.simpleplan.cz\/cz\/index.php\/kapela\/kolaborace\/","url":"https:\/\/www.simpleplan.cz\/cz\/index.php\/kapela\/kolaborace\/","name":"Kolaborace | CZ: SimplePlan.cz","isPartOf":{"@id":"https:\/\/www.simpleplan.cz\/cz\/#website"},"datePublished":"2012-04-26T16:53:15+00:00","dateModified":"2023-06-26T07:30:13+00:00","breadcrumb":{"@id":"https:\/\/www.simpleplan.cz\/cz\/index.php\/kapela\/kolaborace\/#breadcrumb"},"inLanguage":"cs","potentialAction":[{"@type":"ReadAction","target":["https:\/\/www.simpleplan.cz\/cz\/index.php\/kapela\/kolaborace\/"]}]},{"@type":"BreadcrumbList","@id":"https:\/\/www.simpleplan.cz\/cz\/index.php\/kapela\/kolaborace\/#breadcrumb","itemListElement":[{"@type":"ListItem","position":1,"name":"Dom\u016f","item":"https:\/\/www.simpleplan.cz\/cz\/"},{"@type":"ListItem","position":2,"name":"Kapela","item":"https:\/\/www.simpleplan.cz\/cz\/index.php\/kapela\/"},{"@type":"ListItem","position":3,"name":"Kolaborace"}]},{"@type":"WebSite","@id":"https:\/\/www.simpleplan.cz\/cz\/#website","url":"https:\/\/www.simpleplan.cz\/cz\/","name":"CZ: SimplePlan.cz","description":"Nejlep\u0161\u00ed zdroj informac\u00ed o kapele Simple Plan","publisher":{"@id":"https:\/\/www.simpleplan.cz\/cz\/#organization"},"potentialAction":[{"@type":"SearchAction","target":{"@type":"EntryPoint","urlTemplate":"https:\/\/www.simpleplan.cz\/cz\/?s={search_term_string}"},"query-input":"required name=search_term_string"}],"inLanguage":"cs"},{"@type":"Organization","@id":"https:\/\/www.simpleplan.cz\/cz\/#organization","name":"CZ: SimplePlan.cz","url":"https:\/\/www.simpleplan.cz\/cz\/","logo":{"@type":"ImageObject","inLanguage":"cs","@id":"https:\/\/www.simpleplan.cz\/cz\/#\/schema\/logo\/image\/","url":"https:\/\/www.simpleplan.cz\/cz\/wp-content\/uploads\/spczlogo.png","contentUrl":"https:\/\/www.simpleplan.cz\/cz\/wp-content\/uploads\/spczlogo.png","width":250,"height":190,"caption":"CZ: SimplePlan.cz"},"image":{"@id":"https:\/\/www.simpleplan.cz\/cz\/#\/schema\/logo\/image\/"},"sameAs":["http:\/\/www.facebook.com\/simpleplancz","https:\/\/twitter.com\/simpleplancz","http:\/\/www.instagram.com\/simpleplancz","http:\/\/www.youtube.com\/simpleplancz"]}]}},"_links":{"self":[{"href":"https:\/\/www.simpleplan.cz\/cz\/index.php\/wp-json\/wp\/v2\/pages\/10068"}],"collection":[{"href":"https:\/\/www.simpleplan.cz\/cz\/index.php\/wp-json\/wp\/v2\/pages"}],"about":[{"href":"https:\/\/www.simpleplan.cz\/cz\/index.php\/wp-json\/wp\/v2\/types\/page"}],"author":[{"embeddable":true,"href":"https:\/\/www.simpleplan.cz\/cz\/index.php\/wp-json\/wp\/v2\/users\/5"}],"replies":[{"embeddable":true,"href":"https:\/\/www.simpleplan.cz\/cz\/index.php\/wp-json\/wp\/v2\/comments?post=10068"}],"version-history":[{"count":47,"href":"https:\/\/www.simpleplan.cz\/cz\/index.php\/wp-json\/wp\/v2\/pages\/10068\/revisions"}],"predecessor-version":[{"id":23151,"href":"https:\/\/www.simpleplan.cz\/cz\/index.php\/wp-json\/wp\/v2\/pages\/10068\/revisions\/23151"}],"up":[{"embeddable":true,"href":"https:\/\/www.simpleplan.cz\/cz\/index.php\/wp-json\/wp\/v2\/pages\/5237"}],"wp:attachment":[{"href":"https:\/\/www.simpleplan.cz\/cz\/index.php\/wp-json\/wp\/v2\/media?parent=10068"}],"curies":[{"name":"wp","href":"https:\/\/api.w.org\/{rel}","templated":true}]}}