{"id":10253,"date":"2012-05-12T16:10:56","date_gmt":"2012-05-12T14:10:56","guid":{"rendered":"http:\/\/www.simpleplan.cz\/cz\/?page_id=10253"},"modified":"2023-06-26T09:29:58","modified_gmt":"2023-06-26T07:29:58","slug":"hudebni-nastroje","status":"publish","type":"page","link":"https:\/\/www.simpleplan.cz\/cz\/index.php\/kapela\/hudebni-nastroje\/","title":{"rendered":"Hudebn\u00ed n\u00e1stroje"},"content":{"rendered":"<div class=\"pagecontent\">\n<div class=\"section-list4\">\n<div class=\"girls\"><center>Jeff Stinco<\/center><\/div>\n<p><center><img decoding=\"async\" src=\"http:\/\/www.simpleplan.cz\/images\/eqj.gif\"\/><\/center><\/p>\n<div class=\"musichead\">Elektrick\u00e9 kytary:<\/div>\n<p><i class=\"fa fa-caret-right\"><\/i> Fender Blacktop Telecaster<br \/>\n<i class=\"fa fa-caret-right\"><\/i> Fender American Deluxe Telecaster HH<br \/>\n<i class=\"fa fa-caret-right\"><\/i>. Fender Limited Edition American Standard Telecaster Channel Bound<br \/>\n<i class=\"fa fa-caret-right\"><\/i> Fender Jeff Beck Stratocaster<br \/>\n<i class=\"fa fa-caret-right\"><\/i> Gibson Les Paul Standards and Customs (\u010dern\u00e1 a b\u00edl\u00e1)<br \/>\n<i class=\"fa fa-caret-right\"><\/i> Stevenson guitars<br \/>\n<i class=\"fa fa-caret-right\"><\/i> Gibson ES-335<br \/>\n<i class=\"fa fa-caret-right\"><\/i> Gibson Les Paul Junior (b\u00edl\u00e1)<br \/>\n<i class=\"fa fa-caret-right\"><\/i> Ernie Ball Music Man StingRay Guitar &#8211; Vintage Tobacco<\/p>\n<div style=\"padding:10px;\"><\/div>\n<div class=\"musichead\">Akustick\u00e9 kytary:<\/div>\n<p><i class=\"fa fa-caret-right\"><\/i> Takamine EF341SC<\/p>\n<div style=\"padding:10px;\">\n<div class=\"musichead\">Sn\u00edma\u010de:<\/div>\n<p><i class=\"fa fa-caret-right\"><\/i> Takamine EF341SC<br \/>\n<i class=\"fa fa-caret-right\"><\/i> DiMarzio Air Norton<br \/>\n<i class=\"fa fa-caret-right\"><\/i> Air Zone<br \/>\n<i class=\"fa fa-caret-right\"><\/i> Area 67<br \/>\n<i class=\"fa fa-caret-right\"><\/i> Area 61<br \/>\n<i class=\"fa fa-caret-right\"><\/i> Injector Bridge<br \/>\n<i class=\"fa fa-caret-right\"><\/i> PAF\u00ae 36th Anniversary<br \/>\n<i class=\"fa fa-caret-right\"><\/i> PAF\u00ae 36th Anniversary Bridge<\/p>\n<div style=\"padding:10px;\"><\/div>\n<div class=\"musichead\">Zesilova\u010de:<\/div>\n<p><i class=\"fa fa-caret-right\"><\/i> VOX AC30<br \/>\n<i class=\"fa fa-caret-right\"><\/i> Mesa Boogie 4X12 Traditional Recto Cab &#8211; Straight &#8211; Red Bronco<br \/>\n<i class=\"fa fa-caret-right\"><\/i> <i class=\"fa fa-caret-right\"><\/i> Mesa Boogie Lone Star 2&#215;12 Combo<br \/>\n<i class=\"fa fa-caret-right\"><\/i> Mesa Boogie Dual Rectifier Solo Head<br \/>\n<i class=\"fa fa-caret-right\"><\/i> Mesa Boogie Road King Head<br \/>\n<i class=\"fa fa-caret-right\"><\/i> Divided by 13<\/p>\n<div style=\"padding:10px;\"><\/div>\n<div class=\"musichead\">Struny:<\/div>\n<p><i class=\"fa fa-caret-right\"><\/i> D&#8217;Addario EXL140<\/p>\n<div style=\"padding:10px;\"><\/div>\n<div class=\"musichead\">Dal\u0161\u00ed za\u0159\u00edzen\u00ed:<\/div>\n<p><i class=\"fa fa-caret-right\"><\/i> Lovepedal Eternity Overdrive pedal<br \/>\n<i class=\"fa fa-caret-right\"><\/i> Xotic RC Booster<br \/>\n<i class=\"fa fa-caret-right\"><\/i> Keeley Compressor<br \/>\n<i class=\"fa fa-caret-right\"><\/i> Boss TU-12H Tuner<br \/>\n<i class=\"fa fa-caret-right\"><\/i> Ernie Ball Volume pedal<br \/>\n<i class=\"fa fa-caret-right\"><\/i> Fulltone Choralflange<br \/>\n<i class=\"fa fa-caret-right\"><\/i> MXR EVH Eddie Van Halen Phase 90<br \/>\n<i class=\"fa fa-caret-right\"><\/i> Fulltone Mini Deja Vibe<br \/>\n<i class=\"fa fa-caret-right\"><\/i> T-Rex Replica Delay\/Echo PedalOverall<br \/>\n<i class=\"fa fa-caret-right\"><\/i> Ibanez TS-9 Tube Screamer<br \/>\n<i class=\"fa fa-caret-right\"><\/i> Boss DD-20 Giga Delay<br \/>\n<i class=\"fa fa-caret-right\"><\/i> Boss TR-2 tremolo pedal<br \/>\n<i class=\"fa fa-caret-right\"><\/i> Axess Electronics MFC5 Midi Footcontroller<br \/>\n<i class=\"fa fa-caret-right\"><\/i> Dunlop SW-95 Crybaby Slash Wah Pedal<br \/>\n<i class=\"fa fa-caret-right\"><\/i> Vox Tonelab<br \/>\n<i class=\"fa fa-caret-right\"><\/i> Eventide Eclipse<br \/>\n<i class=\"fa fa-caret-right\"><\/i> Eventide TimeFactor Twin Delay<\/p>\n<blockquote><p><i>&#8222;Pou\u017e\u00edv\u00e1m Gibson kytary u\u017e hodn\u011b dlouhou dobu. A pou\u017e\u00edv\u00e1m je tak\u00e9 b\u011bhem koncert\u016f, stejn\u011b jako ve studiu. Na t\u00e9to desce jsme pou\u017e\u00edvali hned n\u011bkolik typ\u016f Gibson kytar &#8211; klasickou, Les Pauls Customs, 335 a opravdu se moc hod\u00ed pro ten zvuk, kter\u00e9ho chceme dos\u00e1hnout, tak\u017ee jsem za to opravdu r\u00e1d.&#8220;<\/i><\/p>\n<p><center>Jeff Stinco<br \/>\n<font size=\"3\">(o pou\u017e\u00edv\u00e1n\u00ed kytar zna\u010dky Gibson b\u011bhem procesu nahr\u00e1v\u00e1n\u00ed alba Get Your Heart On!)<\/font><\/center><\/p><\/blockquote>\n<p><center><img decoding=\"async\" src=\"http:\/\/www.simpleplan.cz\/cz\/wp-content\/themes\/2016\/images\/divider.png\"\/><\/center> <\/p>\n<div class=\"girls\"><center>Sebastien Lefebvre<\/center><\/div>\n<p><center><img decoding=\"async\" src=\"http:\/\/www.simpleplan.cz\/images\/eqs.gif\"\/><\/center><\/p>\n<div class=\"musichead\">Electrick\u00e9 kytary:<\/div>\n<p><i class=\"fa fa-caret-right\"><\/i> Framus Tennessee<br \/>\n<i class=\"fa fa-caret-right\"><\/i> Framus Mayfield (Pro #293)<\/p>\n<div style=\"padding:10px;\"><\/div>\n<div class=\"musichead\">Akustick\u00e9 kytary:<\/div>\n<p><i class=\"fa fa-caret-right\"><\/i> Takamine TF450SMSB<br \/>\n<i class=\"fa fa-caret-right\"><\/i> Tanglewood TW45-H-E<\/p>\n<div style=\"padding:10px;\"><\/div>\n<div class=\"musichead\">Zesilova\u010de:<\/div>\n<p><i class=\"fa fa-caret-right\"><\/i> Framus Dragon (Head a Cab)<\/p>\n<div style=\"padding:10px;\"><\/div>\n<div class=\"musichead\">Sn\u00edma\u010de:<\/div>\n<p><i class=\"fa fa-caret-right\"><\/i> Seymour Duncan<\/p>\n<div style=\"padding:10px;\"><\/div>\n<div class=\"musichead\">Struny:<\/div>\n<p><i class=\"fa fa-caret-right\"><\/i> D&#8217;Addario EPS 540 (pro prvn\u00ed t\u0159i desky)<br \/>\n<i class=\"fa fa-caret-right\"><\/i> D&#8217;Addario EPS 590 (pro Get Your Heart On!)<\/p>\n<div style=\"padding:10px;\"><\/div>\n<div class=\"musichead\">Dal\u0161\u00ed za\u0159\u00edzen\u00ed:<\/div>\n<p><i class=\"fa fa-caret-right\"><\/i> T-Rex Replica<br \/>\n<i class=\"fa fa-caret-right\"><\/i> T-Rex Tremster<br \/>\n<i class=\"fa fa-caret-right\"><\/i> T-Rex Twister<br \/>\n<i class=\"fa fa-caret-right\"><\/i> Boss chorus pedal<\/p>\n<p>Sebastien za\u010dal s pou\u017e\u00edv\u00e1n\u00edm Framus kytar typu Pantheras, pot\u00e9 Renegades a nakonec p\u0159e\u0161el k typu Tennessee na nahr\u00e1v\u00e1n\u00ed kytar pro druhou desku Simple Plan &#8211;  &#8222;Still Not Getting Any&#8220;, od kter\u00fdch se nakonec p\u0159esunul k Mayfields pro sv\u00e1 \u017eiv vystoupen\u00ed. <\/p>\n<p><center><img decoding=\"async\" src=\"http:\/\/www.simpleplan.cz\/cz\/wp-content\/themes\/2016\/images\/divider.png\"\/><\/center><\/p>\n<div class=\"girls\"><center>David Desrosiers<\/center><\/div>\n<p><center><img decoding=\"async\" src=\"http:\/\/www.simpleplan.cz\/images\/eqd.gif\"\/><\/p>\n<div class=\"musichead\">Baskytary:<\/div>\n<p><i class=\"fa fa-caret-right\"><\/i> Fender Precision Bass<br \/>\n<i class=\"fa fa-caret-right\"><\/i> Fender American Pro Precision Bass<br \/>\n<i class=\"fa fa-caret-right\"><\/i> Framus Squier<br \/>\n<i class=\"fa fa-caret-right\"><\/i> Fender Mark Hoppus Jazz Bass<br \/>\n<i class=\"fa fa-caret-right\"><\/i> Fender Jazzmaster<\/p>\n<div style=\"padding:10px;\"><\/div>\n<div class=\"musichead\">Sn\u00edma\u010de:<\/div>\n<p><i class=\"fa fa-caret-right\"><\/i> Seymour Duncan<\/p>\n<div style=\"padding:10px;\"><\/div>\n<div class=\"musichead\">Struny:<\/div>\n<p><i class=\"fa fa-caret-right\"><\/i> Dean Markley Blue Steel Bass ML a XM 4<\/p>\n<blockquote><p><i>&#8222;Kdy\u017e jsme byli ve studiu a nat\u00e1\u010deli jsme na\u0161i prvn\u00ed desku, str\u00e1vili jsme hodn\u011b \u010dasu porovn\u00e1v\u00e1n\u00edm r\u016fzn\u00fdch kytarov\u00fdch strun. Naslepo jsem zkou\u0161el r\u016fzn\u00e9 zna\u010dky a poslouchal jsem, jak\u00fd byl rozd\u00edl v t\u00f3nech, kter\u00e9 z nich dost\u00e1v\u00e1m, zat\u00edmco jsem hr\u00e1l po\u0159\u00e1d ty sam\u00e9 party dokola. Nakonec jsem se ale v\u017edycky vr\u00e1til k Dean Markley Blue Steel, proto\u017ee ty m\u011bly prost\u011b nejlep\u0161\u00ed zvuk. A to je pro m\u011b hodn\u011b d\u016fle\u017eit\u00e9, proto\u017ee hraju trs\u00e1tkem a miluju, kdy\u017e m\u00e1 ten zvuk po\u0159\u00e1dn\u00fd n\u00e1\u0159ez.&#8220;<\/i><\/p>\n<p><center> &#8211; David Desrosiers &#8211;<br \/>\n<font size=\"3\">(o pou\u017e\u00edv\u00e1n\u00ed strun Dean Markley)<\/font><\/center><\/p><\/blockquote>\n<p><\/center><center><img decoding=\"async\" src=\"http:\/\/www.simpleplan.cz\/cz\/wp-content\/themes\/2016\/images\/divider.png\"\/><\/center> <\/p>\n<div class=\"girls\"><center>Chuck Comeau<\/center><\/div>\n<p><center><img decoding=\"async\" src=\"http:\/\/www.simpleplan.cz\/images\/eqc.gif\"\/><\/p>\n<div class=\"musichead\">Velikosti bubn\u016f:<\/div>\n<p><i class=\"fa fa-caret-right\"><\/i> Drum Workshop 22&#215;18 basov\u00fd buben<br \/>\n<i class=\"fa fa-caret-right\"><\/i> Drum Workshop 12&#215;9 tom<br \/>\n<i class=\"fa fa-caret-right\"><\/i> Drum Workshop 14&#215;12 a 16&#215;14 floor tom<\/p>\n<div class=\"padding:10px;\"><\/div>\n<div class=\"musichead\">Bl\u00e1ny bubn\u016f:<\/div>\n<p><i class=\"fa fa-caret-right\"><\/i> Evans Bass Drum: GMAD Clear\/EQ3 b\u00edl\u00e9 nebo \u010dern\u00e9<br \/>\n<i class=\"fa fa-caret-right\"><\/i> Evans Toms: G2 Clear\/G1 Clear<br \/>\n<i class=\"fa fa-caret-right\"><\/i> Evans Snare: Genera HD Dry\/Hazy 300<\/p>\n<div class=\"padding:10px;\"><\/div>\n<div class=\"musichead\">\u010cinely:<\/div>\n<p><i class=\"fa fa-caret-right\"><\/i> Zildjian 19&#8243; Z Custom Medium Crash<br \/>\n<i class=\"fa fa-caret-right\"><\/i> Zildjian 14&#8243; A New Beats Hi-Hats<br \/>\n<i class=\"fa fa-caret-right\"><\/i> Zildjian 19&#8243; Z Custom Medium Crash<br \/>\n<i class=\"fa fa-caret-right\"><\/i> Zildjian 19&#8243; Z Custom Medium Crash<br \/>\n<i class=\"fa fa-caret-right\"><\/i> Zildjian 25&#8243; A Sweet Ride<\/p>\n<div class=\"padding:10px;\"><\/div>\n<div class=\"musichead\">Dal\u0161\u00ed za\u0159\u00edzen\u00ed:<\/div>\n<p><i class=\"fa fa-caret-right\"><\/i> PDP 900 Series stojany<br \/>\n<i class=\"fa fa-caret-right\"><\/i> PDP SP600 Single ped\u00e1l<\/p>\n<p>Chuckova bic\u00ed souprava je speci\u00e1ln\u00ed p\u0159edev\u0161\u00edm sv\u00fdm m\u00edrn\u00fdm nato\u010den\u00edm jednoho z bubn\u016f doprava. <\/p>\n<blockquote><p><i>&#8222;M\u00e1m to tak u\u017e od t\u00e9 doby, co jsem byl mal\u00fd kluk. M\u00edval jsem jednu opravdu levnou bic\u00ed soupravu a nem\u011bl jsem \u017e\u00e1sn\u00fd stojan na sv\u016fj druh\u00fd bube, tak\u017ee jsem ho musel polo\u017eit na sv\u016fj basov\u00fd buben, a trochu ho kv\u016fli tomu nato\u010dit. A tak mi to tak\u00e9 z\u016fstalo, nau\u010dil jsem se takhle hr\u00e1t a p\u0159ijde mi to mnohem p\u0159irozen\u011bj\u0161\u00ed.&#8220;<\/i><\/p>\n<p><center>&#8211; Chuck Comeau &#8211; <\/center><\/p><\/blockquote>\n<p><\/center><center><img decoding=\"async\" src=\"http:\/\/www.simpleplan.cz\/cz\/wp-content\/themes\/2016\/images\/divider.png\"\/><\/center> <\/p>\n<div class=\"girls\"><center>Pierre Bouvier<\/center><\/div>\n<p><center><img decoding=\"async\" src=\"http:\/\/www.simpleplan.cz\/images\/eqp.gif\"\/><\/p>\n<div class=\"musichead\">Akustick\u00e9 kytary:<\/div>\n<p><i class=\"fa fa-caret-right\"><\/i> Takamine TF450SMSB<br \/>\n<i class=\"fa fa-caret-right\"><\/i> Boucher Guitar Cherry Goose<\/p>\n<blockquote><p><i>&#8222;V\u00edm, \u017ee se v\u017edycky m\u016f\u017eu spolehnout na svou Takamine kytaru, \u017ee bude zn\u00edt dob\u0159e, a\u0165 u\u017e s n\u00ed budu d\u011blat cokoliv.&#8220;<\/i><\/p>\n<p><center> &#8211; Pierre Bouvier &#8211;<br \/>\n<font size=\"3\">(ohledn\u011b sv\u00e9ho zvyku h\u00e1zet sv\u00e9mu kytarov\u00e9mu technikovi kytaru p\u0159es cel\u00e9 p\u00f3dium)<\/font><\/center><\/p><\/blockquote>\n<p><\/center><\/div>\n<\/div>\n<\/div>\n<div class=\"fblikebutton_button\" style=\"float: left; padding-top: 20px; margin-right: 20px; padding-bottom: 20px; padding-left: 20px;\"><iframe src=\"http:\/\/www.facebook.com\/plugins\/like.php?href=https%3A%2F%2Fwww.simpleplan.cz%2Fcz%2Findex.php%2Fkapela%2Fhudebni-nastroje%2F&amp;layout=standard&amp;show-faces=false&amp;width=450&amp;action=like&amp;colorscheme=light\" scrolling=\"no\" frameborder=\"0\" allowTransparency=\"true\" style=\"border:none; overflow:hidden; width:450px; height:26px\"><\/iframe><\/div>\n","protected":false},"excerpt":{"rendered":"<p>Jeff Stinco Elektrick\u00e9 kytary: Fender Blacktop Telecaster Fender American Deluxe Telecaster HH . Fender Limited<\/p>\n","protected":false},"author":5,"featured_media":0,"parent":5237,"menu_order":0,"comment_status":"open","ping_status":"open","template":"page-templates\/full-width.php","meta":{"footnotes":""},"yoast_head":"<!-- This site is optimized with the Yoast SEO plugin v20.9 - https:\/\/yoast.com\/wordpress\/plugins\/seo\/ -->\n<title>Hudebn\u00ed n\u00e1stroje | CZ: SimplePlan.cz<\/title>\n<meta name=\"robots\" content=\"index, follow, max-snippet:-1, max-image-preview:large, max-video-preview:-1\" \/>\n<link rel=\"canonical\" href=\"https:\/\/www.simpleplan.cz\/cz\/index.php\/kapela\/hudebni-nastroje\/\" \/>\n<meta property=\"og:locale\" content=\"cs_CZ\" \/>\n<meta property=\"og:type\" content=\"article\" \/>\n<meta property=\"og:title\" content=\"Hudebn\u00ed n\u00e1stroje | CZ: SimplePlan.cz\" \/>\n<meta property=\"og:description\" content=\"Jeff Stinco Elektrick\u00e9 kytary: Fender Blacktop Telecaster Fender American Deluxe Telecaster HH . Fender Limited\" \/>\n<meta property=\"og:url\" content=\"https:\/\/www.simpleplan.cz\/cz\/index.php\/kapela\/hudebni-nastroje\/\" \/>\n<meta property=\"og:site_name\" content=\"CZ: SimplePlan.cz\" \/>\n<meta property=\"article:publisher\" content=\"http:\/\/www.facebook.com\/simpleplancz\" \/>\n<meta property=\"article:modified_time\" content=\"2023-06-26T07:29:58+00:00\" \/>\n<meta property=\"og:image\" content=\"http:\/\/www.simpleplan.cz\/images\/eqj.gif\" \/>\n<meta name=\"twitter:card\" content=\"summary_large_image\" \/>\n<meta name=\"twitter:site\" content=\"@simpleplancz\" \/>\n<meta name=\"twitter:label1\" content=\"Odhadovan\u00e1 doba \u010dten\u00ed\" \/>\n\t<meta name=\"twitter:data1\" content=\"5 minut\" \/>\n<script type=\"application\/ld+json\" class=\"yoast-schema-graph\">{\"@context\":\"https:\/\/schema.org\",\"@graph\":[{\"@type\":\"WebPage\",\"@id\":\"https:\/\/www.simpleplan.cz\/cz\/index.php\/kapela\/hudebni-nastroje\/\",\"url\":\"https:\/\/www.simpleplan.cz\/cz\/index.php\/kapela\/hudebni-nastroje\/\",\"name\":\"Hudebn\u00ed n\u00e1stroje | CZ: SimplePlan.cz\",\"isPartOf\":{\"@id\":\"https:\/\/www.simpleplan.cz\/cz\/#website\"},\"datePublished\":\"2012-05-12T14:10:56+00:00\",\"dateModified\":\"2023-06-26T07:29:58+00:00\",\"breadcrumb\":{\"@id\":\"https:\/\/www.simpleplan.cz\/cz\/index.php\/kapela\/hudebni-nastroje\/#breadcrumb\"},\"inLanguage\":\"cs\",\"potentialAction\":[{\"@type\":\"ReadAction\",\"target\":[\"https:\/\/www.simpleplan.cz\/cz\/index.php\/kapela\/hudebni-nastroje\/\"]}]},{\"@type\":\"BreadcrumbList\",\"@id\":\"https:\/\/www.simpleplan.cz\/cz\/index.php\/kapela\/hudebni-nastroje\/#breadcrumb\",\"itemListElement\":[{\"@type\":\"ListItem\",\"position\":1,\"name\":\"Dom\u016f\",\"item\":\"https:\/\/www.simpleplan.cz\/cz\/\"},{\"@type\":\"ListItem\",\"position\":2,\"name\":\"Kapela\",\"item\":\"https:\/\/www.simpleplan.cz\/cz\/index.php\/kapela\/\"},{\"@type\":\"ListItem\",\"position\":3,\"name\":\"Hudebn\u00ed n\u00e1stroje\"}]},{\"@type\":\"WebSite\",\"@id\":\"https:\/\/www.simpleplan.cz\/cz\/#website\",\"url\":\"https:\/\/www.simpleplan.cz\/cz\/\",\"name\":\"CZ: SimplePlan.cz\",\"description\":\"Nejlep\u0161\u00ed zdroj informac\u00ed o kapele Simple Plan\",\"publisher\":{\"@id\":\"https:\/\/www.simpleplan.cz\/cz\/#organization\"},\"potentialAction\":[{\"@type\":\"SearchAction\",\"target\":{\"@type\":\"EntryPoint\",\"urlTemplate\":\"https:\/\/www.simpleplan.cz\/cz\/?s={search_term_string}\"},\"query-input\":\"required name=search_term_string\"}],\"inLanguage\":\"cs\"},{\"@type\":\"Organization\",\"@id\":\"https:\/\/www.simpleplan.cz\/cz\/#organization\",\"name\":\"CZ: SimplePlan.cz\",\"url\":\"https:\/\/www.simpleplan.cz\/cz\/\",\"logo\":{\"@type\":\"ImageObject\",\"inLanguage\":\"cs\",\"@id\":\"https:\/\/www.simpleplan.cz\/cz\/#\/schema\/logo\/image\/\",\"url\":\"https:\/\/www.simpleplan.cz\/cz\/wp-content\/uploads\/spczlogo.png\",\"contentUrl\":\"https:\/\/www.simpleplan.cz\/cz\/wp-content\/uploads\/spczlogo.png\",\"width\":250,\"height\":190,\"caption\":\"CZ: SimplePlan.cz\"},\"image\":{\"@id\":\"https:\/\/www.simpleplan.cz\/cz\/#\/schema\/logo\/image\/\"},\"sameAs\":[\"http:\/\/www.facebook.com\/simpleplancz\",\"https:\/\/twitter.com\/simpleplancz\",\"http:\/\/www.instagram.com\/simpleplancz\",\"http:\/\/www.youtube.com\/simpleplancz\"]}]}<\/script>\n<!-- \/ Yoast SEO plugin. -->","yoast_head_json":{"title":"Hudebn\u00ed n\u00e1stroje | CZ: SimplePlan.cz","robots":{"index":"index","follow":"follow","max-snippet":"max-snippet:-1","max-image-preview":"max-image-preview:large","max-video-preview":"max-video-preview:-1"},"canonical":"https:\/\/www.simpleplan.cz\/cz\/index.php\/kapela\/hudebni-nastroje\/","og_locale":"cs_CZ","og_type":"article","og_title":"Hudebn\u00ed n\u00e1stroje | CZ: SimplePlan.cz","og_description":"Jeff Stinco Elektrick\u00e9 kytary: Fender Blacktop Telecaster Fender American Deluxe Telecaster HH . Fender Limited","og_url":"https:\/\/www.simpleplan.cz\/cz\/index.php\/kapela\/hudebni-nastroje\/","og_site_name":"CZ: SimplePlan.cz","article_publisher":"http:\/\/www.facebook.com\/simpleplancz","article_modified_time":"2023-06-26T07:29:58+00:00","og_image":[{"url":"http:\/\/www.simpleplan.cz\/images\/eqj.gif"}],"twitter_card":"summary_large_image","twitter_site":"@simpleplancz","twitter_misc":{"Odhadovan\u00e1 doba \u010dten\u00ed":"5 minut"},"schema":{"@context":"https:\/\/schema.org","@graph":[{"@type":"WebPage","@id":"https:\/\/www.simpleplan.cz\/cz\/index.php\/kapela\/hudebni-nastroje\/","url":"https:\/\/www.simpleplan.cz\/cz\/index.php\/kapela\/hudebni-nastroje\/","name":"Hudebn\u00ed n\u00e1stroje | CZ: SimplePlan.cz","isPartOf":{"@id":"https:\/\/www.simpleplan.cz\/cz\/#website"},"datePublished":"2012-05-12T14:10:56+00:00","dateModified":"2023-06-26T07:29:58+00:00","breadcrumb":{"@id":"https:\/\/www.simpleplan.cz\/cz\/index.php\/kapela\/hudebni-nastroje\/#breadcrumb"},"inLanguage":"cs","potentialAction":[{"@type":"ReadAction","target":["https:\/\/www.simpleplan.cz\/cz\/index.php\/kapela\/hudebni-nastroje\/"]}]},{"@type":"BreadcrumbList","@id":"https:\/\/www.simpleplan.cz\/cz\/index.php\/kapela\/hudebni-nastroje\/#breadcrumb","itemListElement":[{"@type":"ListItem","position":1,"name":"Dom\u016f","item":"https:\/\/www.simpleplan.cz\/cz\/"},{"@type":"ListItem","position":2,"name":"Kapela","item":"https:\/\/www.simpleplan.cz\/cz\/index.php\/kapela\/"},{"@type":"ListItem","position":3,"name":"Hudebn\u00ed n\u00e1stroje"}]},{"@type":"WebSite","@id":"https:\/\/www.simpleplan.cz\/cz\/#website","url":"https:\/\/www.simpleplan.cz\/cz\/","name":"CZ: SimplePlan.cz","description":"Nejlep\u0161\u00ed zdroj informac\u00ed o kapele Simple Plan","publisher":{"@id":"https:\/\/www.simpleplan.cz\/cz\/#organization"},"potentialAction":[{"@type":"SearchAction","target":{"@type":"EntryPoint","urlTemplate":"https:\/\/www.simpleplan.cz\/cz\/?s={search_term_string}"},"query-input":"required name=search_term_string"}],"inLanguage":"cs"},{"@type":"Organization","@id":"https:\/\/www.simpleplan.cz\/cz\/#organization","name":"CZ: SimplePlan.cz","url":"https:\/\/www.simpleplan.cz\/cz\/","logo":{"@type":"ImageObject","inLanguage":"cs","@id":"https:\/\/www.simpleplan.cz\/cz\/#\/schema\/logo\/image\/","url":"https:\/\/www.simpleplan.cz\/cz\/wp-content\/uploads\/spczlogo.png","contentUrl":"https:\/\/www.simpleplan.cz\/cz\/wp-content\/uploads\/spczlogo.png","width":250,"height":190,"caption":"CZ: SimplePlan.cz"},"image":{"@id":"https:\/\/www.simpleplan.cz\/cz\/#\/schema\/logo\/image\/"},"sameAs":["http:\/\/www.facebook.com\/simpleplancz","https:\/\/twitter.com\/simpleplancz","http:\/\/www.instagram.com\/simpleplancz","http:\/\/www.youtube.com\/simpleplancz"]}]}},"_links":{"self":[{"href":"https:\/\/www.simpleplan.cz\/cz\/index.php\/wp-json\/wp\/v2\/pages\/10253"}],"collection":[{"href":"https:\/\/www.simpleplan.cz\/cz\/index.php\/wp-json\/wp\/v2\/pages"}],"about":[{"href":"https:\/\/www.simpleplan.cz\/cz\/index.php\/wp-json\/wp\/v2\/types\/page"}],"author":[{"embeddable":true,"href":"https:\/\/www.simpleplan.cz\/cz\/index.php\/wp-json\/wp\/v2\/users\/5"}],"replies":[{"embeddable":true,"href":"https:\/\/www.simpleplan.cz\/cz\/index.php\/wp-json\/wp\/v2\/comments?post=10253"}],"version-history":[{"count":16,"href":"https:\/\/www.simpleplan.cz\/cz\/index.php\/wp-json\/wp\/v2\/pages\/10253\/revisions"}],"predecessor-version":[{"id":23141,"href":"https:\/\/www.simpleplan.cz\/cz\/index.php\/wp-json\/wp\/v2\/pages\/10253\/revisions\/23141"}],"up":[{"embeddable":true,"href":"https:\/\/www.simpleplan.cz\/cz\/index.php\/wp-json\/wp\/v2\/pages\/5237"}],"wp:attachment":[{"href":"https:\/\/www.simpleplan.cz\/cz\/index.php\/wp-json\/wp\/v2\/media?parent=10253"}],"curies":[{"name":"wp","href":"https:\/\/api.w.org\/{rel}","templated":true}]}}