{"id":10903,"date":"2012-07-15T15:53:42","date_gmt":"2012-07-15T13:53:42","guid":{"rendered":"http:\/\/www.simpleplan.cz\/cz\/?page_id=10903"},"modified":"2023-06-26T09:30:13","modified_gmt":"2023-06-26T07:30:13","slug":"kampane","status":"publish","type":"page","link":"https:\/\/www.simpleplan.cz\/cz\/index.php\/kapela\/kampane\/","title":{"rendered":"Kampan\u011b"},"content":{"rendered":"<div class=\"pagecontent\">\n<div class=\"section-list\">\n    <img decoding=\"async\" src=\"http:\/\/www.simpleplan.cz\/images\/col_tc.gif\" alt=\"\" \/ \/><\/p>\n<div class=\"musichead\" style=\"margin-top:10px;\">ARTISTS AGAINST BULLYING<\/div>\n<p><b>Organizace:<\/b> Kids Help Phone<br \/>\n<b>Rok spu\u0161t\u011bn\u00ed:<\/b> 2012<br \/>\n<b>\u00da\u010del kampan\u011b:<\/b> Pierre Bouvier, LIGHTS, Jacob Hoggard, Fefe Dobson, Kardinal Official, Alyssa Reid a Walk Off The Earth se spojili, aby vytvo\u0159ili novou verzi p\u00edsn\u011b Cindy Laupner &#8222;True Colors&#8220;, aby zv\u00fd\u0161ili pov\u011bdom\u00ed o probl\u00e9mu \u0161ikany.<br \/>\n<b>Uk\u00e1zka:<\/b> Verze True Colors od Artist Against Bullying &#8211; <a href=\"http:\/\/www.youtube.com\/watch?feature=player_embedded&#038;v=4rLu-kULuz4\" target=\"_blank\" rel=\"noopener\">p\u00edse\u0148<\/a><\/p>\n<\/div>\n<p>\u200b<\/p>\n<div class=\"section-list\">\n    <img decoding=\"async\" src=\"http:\/\/www.simpleplan.cz\/images\/cam_cen.gif\" alt=\"\" \/ \/><\/p>\n<div class=\"musichead\" style=\"margin-top:10px;\">KAMPA\u0147 PRO CENTRAIDE<\/div>\n<p><b>Organizace:<\/b> Centraide<br \/>\n<b>Rok spu\u0161t\u011bn\u00ed kampan\u011b:<\/b> 2011<br \/>\n<b>\u00da\u010del kampan\u011b:<\/b> <i>\u201ePom\u00e1h\u00e1me jeden druh\u00e9mu, proto\u017ee pod v\u0161\u00edm jsme v\u0161ichni stejn\u00ed.\u201c<\/i> C\u00edlem bylo uk\u00e1zat slavn\u00e9 osobnosti v jejich nejjednodu\u0161\u0161\u00ed form\u011b \u2013 bez oble\u010den\u00ed, aby uk\u00e1zali, \u017ee v\u0161echny lidsk\u00e9 bytosti jsou stejn\u00e9: jsou kr\u00e1sn\u00e9, ale p\u0159esto zraniteln\u00e9, nehled\u011b na v\u011bk, p\u016fvod nebo spole\u010densk\u00fd status. Vystaven\u00edm se v t\u00e9to zraniteln\u00e9 pozici, se kampa\u0148 sna\u017e\u00ed pouk\u00e1zat na to, \u010demu mus\u00ed chud\u00ed lid\u00e9 \u010delit ka\u017ed\u00fd den.<br \/>\n<b>Uk\u00e1zka:<\/b> Simple Plan se pro kampa\u0148 nechali nafotit &#8222;naz\u00ed&#8220; &#8211; <a href=\"http:\/\/www.simpleplan.cz\/gallery\/thumbnails.php?album=1115\" target=\"_blank\" rel=\"noopener\">fotografie<\/a><\/p>\n<\/div>\n<p>\u200b<\/p>\n<div class=\"section-list\">\n    <img decoding=\"async\" src=\"http:\/\/www.simpleplan.cz\/images\/cam_jrc.gif\" alt=\"\" \/ \/><\/p>\n<div class=\"musichead\" style=\"margin-top:10px;\">KAMPA\u0147 NA POMOC OB\u011aTEM ZEM\u011aT\u0158ESEN\u00cd V JAPONSKU<\/div>\n<p><b>Organizace:<\/b> Japonsk\u00fd \u010derven\u00fd k\u0159\u00ed\u017e<br \/>\n<b>Rok spu\u0161t\u011bn\u00ed kampan\u011b:<\/b> 2011<br \/>\n<b>\u00da\u010del kampan\u011b:<\/b> Prodejem speci\u00e1ln\u011b navr\u017een\u00fdch Simple Plan tri\u010dek s motivem japonsk\u00e9 vlajky a hashtagem #helpjapan pomoci finan\u010dn\u011b ob\u011btem zem\u011bt\u0159esen\u00ed v Japonsku.<br \/>\n<b>Uk\u00e1zka:<\/b> Tri\u010dko v prodeji na <a href=\"http:\/\/www.merchdirect.com\/SimplePlanFoundation\/Tshirts\/SP_Japan?productid=13876\" target=\"_blank\" rel=\"noopener\">str\u00e1nk\u00e1ch<\/a> merche Simple Plan Foundation<\/p>\n<\/div>\n<p>\u200b<\/p>\n<div class=\"section-list\">\n    <img decoding=\"async\" src=\"http:\/\/www.simpleplan.cz\/images\/col_yafh.gif\" alt=\"\" \/ \/><\/p>\n<div class=\"musichead\" style=\"margin-top:10px;\">YOUNG ARTISTS FOR HAITI<\/div>\n<p><b>Organizace:<\/b> Young Artists For Haiti<br \/>\n<b>Rok spu\u0161t\u011bn\u00ed kampan\u011b:<\/b> 2010<br \/>\n<b>\u00da\u010del kampan\u011b:<\/b> Vytvo\u0159en\u00edm charitativn\u00edho singlu &#8222;Wavin&#8216; Flag&#8220; (od K&#8217;Naana) a spoluprac\u00ed mnoha mlad\u00fdch kanadsk\u00fdch um\u011blc\u016f, podpo\u0159it ob\u011bti zem\u011bt\u0159esen\u00ed na Haiti a prodejem singlu, videoklipu a dal\u0161\u00edho merchandisingu finan\u010dn\u011b pomoci t\u011bmto ob\u011btem.<br \/>\n<b>Uk\u00e1zka:<\/b> Pierre Bouvier byl jedn\u00edm z osloven\u00fdch kanadsk\u00fdch um\u011blc\u016f a objevuje se tak\u00e9 ve <a href=\"http:\/\/www.youtube.com\/watch?v=nB7L1BIDELc\" target=\"_blank\" rel=\"noopener\">videoklipu<\/a> k tomuto singlu.<\/p>\n<\/div>\n<p>\u200b<\/p>\n<div class=\"section-list\">\n    <img decoding=\"async\" src=\"http:\/\/www.simpleplan.cz\/images\/cam_wc.gif\" alt=\"\" \/ \/><\/p>\n<div class=\"musichead\" style=\"margin-top:10px;\">ONE BRICK AT A TIME<\/div>\n<p><b>Organizace:<\/b> War Child<br \/>\n<b>Rok spu\u0161t\u011bn\u00ed kampan\u011b:<\/b> 2008<br \/>\n<b>\u00da\u010del kampan\u011b:<\/b> Charitativn\u00ed organizace War Child se ji\u017e mnoho let sna\u017e\u00ed pomoci d\u011btem a jejich rodin\u00e1ch, kter\u00e9 byly posti\u017eeny v\u00e1lkou &#8211; a to p\u0159edev\u0161\u00edm rodin\u00e1m ve st\u0159edu Afriky. Nap\u0159\u00edklad prodejem speci\u00e1ln\u00edch ko\u017een\u00fdch n\u00e1ramk\u016f, nebo pen\u011b\u017eenek se b\u011bhem \u010dasu poda\u0159ilo ve spolupr\u00e1ci se Simple Plan postavit ji\u017e n\u011bkolik \u0161kol pro d\u011bti v Kongu.<br \/>\n<b>Uk\u00e1zka:<\/b> <a href=\"http:\/\/www.simpleplan.cz\/cz\/index.php\/diky-simple-plan-v-kongu-postavena-dalsi-skola\/\" target=\"_blank\" rel=\"noopener\">fotografie<\/a> d\u011bt\u00ed v Kongu, jak d\u011bkuj\u00ed Simple Plan<\/p>\n<\/div>\n<p>\u200b<\/p>\n<div class=\"section-list\">\n    <img decoding=\"async\" src=\"http:\/\/www.simpleplan.cz\/images\/cam_madd.gif\" alt=\"\" \/ \/><\/p>\n<div class=\"musichead\" style=\"margin-top:10px;\">DON&#8217;T DRINK AND DRIVE<\/div>\n<p><b>Organizace:<\/b> Mothers Against Drunk Driving (MADD)<br \/>\n<b>Rok spu\u0161t\u011bn\u00ed kampan\u011b:<\/b> 2005<br \/>\n<b>\u00da\u010del kampan\u011b:<\/b> Pouk\u00e1zat na mo\u017en\u00e9 katastrofick\u00e9 d\u016fsledky \u0159\u00edzen\u00ed auta pod vlivem alkoholu.<br \/>\n<b>Uk\u00e1zka:<\/b> Simple Plan se do kampan\u011b zapojili nejprve pomoc\u00ed sv\u00e9ho <a href=\"http:\/\/www.youtube.com\/watch?v=ZQ7oqmikZDQ\" target=\"_blank\" rel=\"noopener\">videoklipu<\/a> k p\u00edsni &#8222;Untitled&#8220;, kter\u00fd zobrazuje, jak\u00e9 dopady m\u016f\u017ee m\u00edt smrt bl\u00edzk\u00e9 osoby v autonehod\u011b zp\u016fsoben\u00e9 opil\u00fdm \u0159idi\u010dem na rodinu a p\u0159\u00e1tele. Kampa\u0148 podporuj\u00ed ale i v dal\u0161\u00edch letech, nap\u0159\u00edklad <a href=\"http:\/\/www.dailymotion.com\/video\/x24jd3_dont-driking-drive-with-lindsay-loh_music\" target=\"_blank\" rel=\"noopener\">video zpr\u00e1vou s Lindsay Lohan<\/a> nebo nov\u011bji <a href=\"http:\/\/www.simpleplan.cz\/cz\/index.php\/davidova-zprava-proti-rizeni-pod-vlivem-alkoholu\/\">audio zpr\u00e1vami<\/a> pro podobnou kampa\u0148 (RADD) v Austr\u00e1lii.<\/p>\n<\/div>\n<p>\u200b<\/p>\n<div class=\"section-list\">\n    <img decoding=\"async\" src=\"http:\/\/www.simpleplan.cz\/images\/cam_mph.gif\" alt=\"\" \/ \/><\/p>\n<div class=\"musichead\" style=\"margin-top:10px;\">MAKE POVERTY HISTORY<\/div>\n<p><b>Organizace:<\/b> Global Call to Action Against Poverty<br \/>\n<b>Rok spu\u0161t\u011bn\u00ed kampan\u011b:<\/b> 2005<br \/>\n<b>\u00da\u010del kampan\u011b:<\/b> Vytvo\u0159it sv\u011bt bez chudoby. Kampa\u0148 se ji\u017e mnoho let za pomoci mnoha v\u00fdznamn\u00fdch osobnost\u00ed ze sv\u011bta filmu, hudby a dal\u0161\u00edho um\u011bn\u00ed sna\u017e\u00ed sv\u011bt upozornit na fakt, \u017ee ka\u017edou vte\u0159inu na sv\u011bt\u011b zem\u0159e jedno d\u00edt\u011b na n\u00e1sledky zp\u016fsoben\u00e9 chudobou.<br \/>\n<b>Uk\u00e1zka:<\/b> Pierre Bouvier ze Simple Plan se stal sou\u010d\u00e1st\u00ed jednoho z propaga\u010dn\u00edch vide\u00ed podporuj\u00edc\u00edch tuto kampa\u0148 &#8211; <a href=\"http:\/\/www.youtube.com\/watch?v=8XR0l1CbqOs\" target=\"_blank\" rel=\"noopener\">video<\/a><\/p>\n<\/div>\n<p>\u200b<\/p>\n<div class=\"section-list\">\n    <img decoding=\"async\" src=\"http:\/\/www.simpleplan.cz\/images\/cam_peta.gif\" alt=\"\" \/ \/><\/p>\n<div class=\"musichead\" style=\"margin-top:10px;\">KAMPA\u0147 PRO PETA2<\/div>\n<p><b>Organizace:<\/b> Peta2<br \/>\n<b>Rok spu\u0161t\u011bn\u00ed kampan\u011b:<\/b> 2003<br \/>\n<b>\u00da\u010del kampan\u011b:<\/b> <i>\u201eKo\u017ee\u0161ina na va\u0161em l\u00edmci je krv\u00ed na va\u0161ich rukou. Nekupujte ko\u017ee\u0161iny.\u201c<\/i> Kampa\u0148 se sna\u017e\u00ed roz\u0161\u00ed\u0159it pov\u011bdom\u00ed lid\u00ed o tom, \u017ee velk\u00e9 mno\u017estv\u00ed ko\u017ee\u0161iny se vyr\u00e1b\u00ed z prav\u00e9 k\u016f\u017ee zv\u00ed\u0159at, kter\u00e1 se chovaj\u00ed jenom pro tyto \u00fa\u010dely, a sna\u017e\u00ed se takov\u00e9muto zach\u00e1zen\u00ed ze zv\u00ed\u0159aty zabr\u00e1nit.<br \/>\n<b>Uk\u00e1zka:<\/b> Simple Plan se pro kampa\u0148 nechali vyfotit s &#8222;krv\u00ed&#8220; na rukou &#8211; <a href=\"http:\/\/www.simpleplan.cz\/gallery\/thumbnails.php?album=585\" target=\"_blank\" rel=\"noopener\">fotografie<\/a> &#038; <a href=\"http:\/\/www.youtube.com\/watch?v=xCWg20JDOVg\" target=\"_blank\" rel=\"noopener\">video z focen\u00ed<\/a><\/p>\n<\/div>\n<p>\u200b\n<\/p><\/div>\n<div class=\"fblikebutton_button\" style=\"float: left; padding-top: 20px; margin-right: 20px; padding-bottom: 20px; padding-left: 20px;\"><iframe src=\"http:\/\/www.facebook.com\/plugins\/like.php?href=https%3A%2F%2Fwww.simpleplan.cz%2Fcz%2Findex.php%2Fkapela%2Fkampane%2F&amp;layout=standard&amp;show-faces=false&amp;width=450&amp;action=like&amp;colorscheme=light\" scrolling=\"no\" frameborder=\"0\" allowTransparency=\"true\" style=\"border:none; overflow:hidden; width:450px; height:26px\"><\/iframe><\/div>\n","protected":false},"excerpt":{"rendered":"<p>ARTISTS AGAINST BULLYING Organizace: Kids Help Phone Rok spu\u0161t\u011bn\u00ed: 2012 \u00da\u010del kampan\u011b: Pierre Bouvier, LIGHTS,<\/p>\n","protected":false},"author":5,"featured_media":0,"parent":5237,"menu_order":0,"comment_status":"open","ping_status":"open","template":"page-templates\/full-width.php","meta":{"footnotes":""},"yoast_head":"<!-- This site is optimized with the Yoast SEO plugin v20.9 - https:\/\/yoast.com\/wordpress\/plugins\/seo\/ -->\n<title>Kampan\u011b | CZ: SimplePlan.cz<\/title>\n<meta name=\"robots\" content=\"index, follow, max-snippet:-1, max-image-preview:large, max-video-preview:-1\" \/>\n<link rel=\"canonical\" href=\"https:\/\/www.simpleplan.cz\/cz\/index.php\/kapela\/kampane\/\" \/>\n<meta property=\"og:locale\" content=\"cs_CZ\" \/>\n<meta property=\"og:type\" content=\"article\" \/>\n<meta property=\"og:title\" content=\"Kampan\u011b | CZ: SimplePlan.cz\" \/>\n<meta property=\"og:description\" content=\"ARTISTS AGAINST BULLYING Organizace: Kids Help Phone Rok spu\u0161t\u011bn\u00ed: 2012 \u00da\u010del kampan\u011b: Pierre Bouvier, LIGHTS,\" \/>\n<meta property=\"og:url\" content=\"https:\/\/www.simpleplan.cz\/cz\/index.php\/kapela\/kampane\/\" \/>\n<meta property=\"og:site_name\" content=\"CZ: SimplePlan.cz\" \/>\n<meta property=\"article:publisher\" content=\"http:\/\/www.facebook.com\/simpleplancz\" \/>\n<meta property=\"article:modified_time\" content=\"2023-06-26T07:30:13+00:00\" \/>\n<meta property=\"og:image\" content=\"http:\/\/www.simpleplan.cz\/images\/col_tc.gif\" \/>\n<meta name=\"twitter:card\" content=\"summary_large_image\" \/>\n<meta name=\"twitter:site\" content=\"@simpleplancz\" \/>\n<meta name=\"twitter:label1\" content=\"Odhadovan\u00e1 doba \u010dten\u00ed\" \/>\n\t<meta name=\"twitter:data1\" content=\"3 minuty\" \/>\n<script type=\"application\/ld+json\" class=\"yoast-schema-graph\">{\"@context\":\"https:\/\/schema.org\",\"@graph\":[{\"@type\":\"WebPage\",\"@id\":\"https:\/\/www.simpleplan.cz\/cz\/index.php\/kapela\/kampane\/\",\"url\":\"https:\/\/www.simpleplan.cz\/cz\/index.php\/kapela\/kampane\/\",\"name\":\"Kampan\u011b | CZ: SimplePlan.cz\",\"isPartOf\":{\"@id\":\"https:\/\/www.simpleplan.cz\/cz\/#website\"},\"datePublished\":\"2012-07-15T13:53:42+00:00\",\"dateModified\":\"2023-06-26T07:30:13+00:00\",\"breadcrumb\":{\"@id\":\"https:\/\/www.simpleplan.cz\/cz\/index.php\/kapela\/kampane\/#breadcrumb\"},\"inLanguage\":\"cs\",\"potentialAction\":[{\"@type\":\"ReadAction\",\"target\":[\"https:\/\/www.simpleplan.cz\/cz\/index.php\/kapela\/kampane\/\"]}]},{\"@type\":\"BreadcrumbList\",\"@id\":\"https:\/\/www.simpleplan.cz\/cz\/index.php\/kapela\/kampane\/#breadcrumb\",\"itemListElement\":[{\"@type\":\"ListItem\",\"position\":1,\"name\":\"Dom\u016f\",\"item\":\"https:\/\/www.simpleplan.cz\/cz\/\"},{\"@type\":\"ListItem\",\"position\":2,\"name\":\"Kapela\",\"item\":\"https:\/\/www.simpleplan.cz\/cz\/index.php\/kapela\/\"},{\"@type\":\"ListItem\",\"position\":3,\"name\":\"Kampan\u011b\"}]},{\"@type\":\"WebSite\",\"@id\":\"https:\/\/www.simpleplan.cz\/cz\/#website\",\"url\":\"https:\/\/www.simpleplan.cz\/cz\/\",\"name\":\"CZ: SimplePlan.cz\",\"description\":\"Nejlep\u0161\u00ed zdroj informac\u00ed o kapele Simple Plan\",\"publisher\":{\"@id\":\"https:\/\/www.simpleplan.cz\/cz\/#organization\"},\"potentialAction\":[{\"@type\":\"SearchAction\",\"target\":{\"@type\":\"EntryPoint\",\"urlTemplate\":\"https:\/\/www.simpleplan.cz\/cz\/?s={search_term_string}\"},\"query-input\":\"required name=search_term_string\"}],\"inLanguage\":\"cs\"},{\"@type\":\"Organization\",\"@id\":\"https:\/\/www.simpleplan.cz\/cz\/#organization\",\"name\":\"CZ: SimplePlan.cz\",\"url\":\"https:\/\/www.simpleplan.cz\/cz\/\",\"logo\":{\"@type\":\"ImageObject\",\"inLanguage\":\"cs\",\"@id\":\"https:\/\/www.simpleplan.cz\/cz\/#\/schema\/logo\/image\/\",\"url\":\"https:\/\/www.simpleplan.cz\/cz\/wp-content\/uploads\/spczlogo.png\",\"contentUrl\":\"https:\/\/www.simpleplan.cz\/cz\/wp-content\/uploads\/spczlogo.png\",\"width\":250,\"height\":190,\"caption\":\"CZ: SimplePlan.cz\"},\"image\":{\"@id\":\"https:\/\/www.simpleplan.cz\/cz\/#\/schema\/logo\/image\/\"},\"sameAs\":[\"http:\/\/www.facebook.com\/simpleplancz\",\"https:\/\/twitter.com\/simpleplancz\",\"http:\/\/www.instagram.com\/simpleplancz\",\"http:\/\/www.youtube.com\/simpleplancz\"]}]}<\/script>\n<!-- \/ Yoast SEO plugin. -->","yoast_head_json":{"title":"Kampan\u011b | CZ: SimplePlan.cz","robots":{"index":"index","follow":"follow","max-snippet":"max-snippet:-1","max-image-preview":"max-image-preview:large","max-video-preview":"max-video-preview:-1"},"canonical":"https:\/\/www.simpleplan.cz\/cz\/index.php\/kapela\/kampane\/","og_locale":"cs_CZ","og_type":"article","og_title":"Kampan\u011b | CZ: SimplePlan.cz","og_description":"ARTISTS AGAINST BULLYING Organizace: Kids Help Phone Rok spu\u0161t\u011bn\u00ed: 2012 \u00da\u010del kampan\u011b: Pierre Bouvier, LIGHTS,","og_url":"https:\/\/www.simpleplan.cz\/cz\/index.php\/kapela\/kampane\/","og_site_name":"CZ: SimplePlan.cz","article_publisher":"http:\/\/www.facebook.com\/simpleplancz","article_modified_time":"2023-06-26T07:30:13+00:00","og_image":[{"url":"http:\/\/www.simpleplan.cz\/images\/col_tc.gif"}],"twitter_card":"summary_large_image","twitter_site":"@simpleplancz","twitter_misc":{"Odhadovan\u00e1 doba \u010dten\u00ed":"3 minuty"},"schema":{"@context":"https:\/\/schema.org","@graph":[{"@type":"WebPage","@id":"https:\/\/www.simpleplan.cz\/cz\/index.php\/kapela\/kampane\/","url":"https:\/\/www.simpleplan.cz\/cz\/index.php\/kapela\/kampane\/","name":"Kampan\u011b | CZ: SimplePlan.cz","isPartOf":{"@id":"https:\/\/www.simpleplan.cz\/cz\/#website"},"datePublished":"2012-07-15T13:53:42+00:00","dateModified":"2023-06-26T07:30:13+00:00","breadcrumb":{"@id":"https:\/\/www.simpleplan.cz\/cz\/index.php\/kapela\/kampane\/#breadcrumb"},"inLanguage":"cs","potentialAction":[{"@type":"ReadAction","target":["https:\/\/www.simpleplan.cz\/cz\/index.php\/kapela\/kampane\/"]}]},{"@type":"BreadcrumbList","@id":"https:\/\/www.simpleplan.cz\/cz\/index.php\/kapela\/kampane\/#breadcrumb","itemListElement":[{"@type":"ListItem","position":1,"name":"Dom\u016f","item":"https:\/\/www.simpleplan.cz\/cz\/"},{"@type":"ListItem","position":2,"name":"Kapela","item":"https:\/\/www.simpleplan.cz\/cz\/index.php\/kapela\/"},{"@type":"ListItem","position":3,"name":"Kampan\u011b"}]},{"@type":"WebSite","@id":"https:\/\/www.simpleplan.cz\/cz\/#website","url":"https:\/\/www.simpleplan.cz\/cz\/","name":"CZ: SimplePlan.cz","description":"Nejlep\u0161\u00ed zdroj informac\u00ed o kapele Simple Plan","publisher":{"@id":"https:\/\/www.simpleplan.cz\/cz\/#organization"},"potentialAction":[{"@type":"SearchAction","target":{"@type":"EntryPoint","urlTemplate":"https:\/\/www.simpleplan.cz\/cz\/?s={search_term_string}"},"query-input":"required name=search_term_string"}],"inLanguage":"cs"},{"@type":"Organization","@id":"https:\/\/www.simpleplan.cz\/cz\/#organization","name":"CZ: SimplePlan.cz","url":"https:\/\/www.simpleplan.cz\/cz\/","logo":{"@type":"ImageObject","inLanguage":"cs","@id":"https:\/\/www.simpleplan.cz\/cz\/#\/schema\/logo\/image\/","url":"https:\/\/www.simpleplan.cz\/cz\/wp-content\/uploads\/spczlogo.png","contentUrl":"https:\/\/www.simpleplan.cz\/cz\/wp-content\/uploads\/spczlogo.png","width":250,"height":190,"caption":"CZ: SimplePlan.cz"},"image":{"@id":"https:\/\/www.simpleplan.cz\/cz\/#\/schema\/logo\/image\/"},"sameAs":["http:\/\/www.facebook.com\/simpleplancz","https:\/\/twitter.com\/simpleplancz","http:\/\/www.instagram.com\/simpleplancz","http:\/\/www.youtube.com\/simpleplancz"]}]}},"_links":{"self":[{"href":"https:\/\/www.simpleplan.cz\/cz\/index.php\/wp-json\/wp\/v2\/pages\/10903"}],"collection":[{"href":"https:\/\/www.simpleplan.cz\/cz\/index.php\/wp-json\/wp\/v2\/pages"}],"about":[{"href":"https:\/\/www.simpleplan.cz\/cz\/index.php\/wp-json\/wp\/v2\/types\/page"}],"author":[{"embeddable":true,"href":"https:\/\/www.simpleplan.cz\/cz\/index.php\/wp-json\/wp\/v2\/users\/5"}],"replies":[{"embeddable":true,"href":"https:\/\/www.simpleplan.cz\/cz\/index.php\/wp-json\/wp\/v2\/comments?post=10903"}],"version-history":[{"count":21,"href":"https:\/\/www.simpleplan.cz\/cz\/index.php\/wp-json\/wp\/v2\/pages\/10903\/revisions"}],"predecessor-version":[{"id":33099,"href":"https:\/\/www.simpleplan.cz\/cz\/index.php\/wp-json\/wp\/v2\/pages\/10903\/revisions\/33099"}],"up":[{"embeddable":true,"href":"https:\/\/www.simpleplan.cz\/cz\/index.php\/wp-json\/wp\/v2\/pages\/5237"}],"wp:attachment":[{"href":"https:\/\/www.simpleplan.cz\/cz\/index.php\/wp-json\/wp\/v2\/media?parent=10903"}],"curies":[{"name":"wp","href":"https:\/\/api.w.org\/{rel}","templated":true}]}}