{"id":11025,"date":"2012-07-27T20:24:30","date_gmt":"2012-07-27T18:24:30","guid":{"rendered":"http:\/\/www.simpleplan.cz\/cz\/?page_id=11025"},"modified":"2023-06-26T09:29:58","modified_gmt":"2023-06-26T07:29:58","slug":"your-love-is-a-lie","status":"publish","type":"page","link":"https:\/\/www.simpleplan.cz\/cz\/index.php\/kapela\/diskografie\/your-love-is-a-lie\/","title":{"rendered":"Your Love Is A Lie"},"content":{"rendered":"<div class=\"pagecontent\">\n<div class=\"girls\"><b><u>Z\u00e1kladn\u00ed info<\/u><\/b><\/div>\n<p><b>Album:<\/b> Simple Plan<br \/>\n<b>Auto\u0159i textu:<\/b> Chuck Comeau, Pierre Bouvier, Arnold Lanni<br \/>\n<b>Dodate\u010dn\u00e1 spolupr\u00e1ce:<\/b> Dave Fortman (produkce), Danja (beaty), DJ Lethal (drum loop)<br \/>\n<b>D\u00e9lka p\u00edsn\u011b:<\/b> 3:41<br \/>\n<b>Single vyd\u00e1n:<\/b> \u00fanor 2008<br \/>\n<b>Videoklip vyd\u00e1n:<\/b> 8. dubna 2008<br \/>\n<b>Obal singlu:<\/b> <a href=\"http:\/\/www.simpleplan.cz\/gallery\/thumbnails.php?album=39\" target=\"_blank\" rel=\"noopener\">zde<\/a><\/p>\n<div class=\"girls\"><b><u>V\u00fdznam p\u00edsn\u011b<\/u><\/b><\/div>\n<p>Tato p\u00edse\u0148 byla zalo\u017eena na osobn\u00ed zku\u0161enosti Chucka s t\u00edm, \u017ee ho jeho b\u00fdval\u00e1 l\u00e1ska podvedla. Nicm\u00e9n\u011b psan\u00ed t\u00e9to p\u00edsn\u011b bylo pro n\u011bj takovou terapi\u00ed, tak\u017ee u\u017e se z toho zklam\u00e1n\u00ed dostal. Toto \u0159ekl Chuck v jenom interview:<\/p>\n<blockquote><p><i>&#8222;Je to p\u00edse\u0148 o tom, kdy\u017e se do n\u011bkoho zamilujete a jste velice p\u0159ekvapeni a zklam\u00e1ni, kdy\u017e v\u00e1\u0161 milovan\u00fd ud\u011bl\u00e1 n\u011bco takov\u00e9ho, kdy\u017e jim odd\u00e1te cel\u00e9 sv\u00e9 srdce. Mysl\u00edm si, \u017ee hodn\u011b lid\u00ed bylo zrazeno. Napsali jsme o tom p\u00edsni\u010dku a c\u00edtil jsem se dob\u0159e, kdy\u017e jsem o tom psal, proto\u017ee tehdy jsem nemohl myslet na nic jin\u00e9ho.&#8220;<\/i><br \/>\n<center>&#8211; Chuck Comeau &#8211; <\/center><\/p><\/blockquote>\n<p>V jednom interview si kluci dokonce vtipkovali, \u017ee p\u016fvodn\u00ed refr\u00e9n m\u011bl m\u00edsto &#8222;Your love is just a LIE!&#8220; zn\u00edt: &#8222;I want you to DIE!&#8220; (p\u0159eklad: &#8222;Chci, abys zem\u0159ela!&#8220;)<\/p>\n<p>Chuck se pozd\u011bji v dokumentu o Simple Plan Georgovi Stombolopoulousovi sv\u011b\u0159il, \u017ee tuto p\u00edse\u0148 p\u0159ehr\u00e1l tak\u00e9 zm\u00edn\u011bn\u00e9 b\u00fdval\u00e9 p\u0159\u00edtelkyni. Jej\u00ed reakce? <i>&#8222;Sakra&#8230; A tohle te\u010f bude na v\u0161ech r\u00e1di\u00edch?&#8220;<\/i><\/p>\n<div class=\"girls\"><b><u>Videoklip<\/u><\/b><\/div>\n<p><center><param name=\"movie\" value=\"http:\/\/www.youtube.com\/v\/XAbcgmwq3EU?version=3&amp;hl=en_US\"><\/param><param name=\"allowFullScreen\" value=\"true\"><\/param><param name=\"allowscriptaccess\" value=\"always\"><\/param><embed src=\"http:\/\/www.youtube.com\/v\/XAbcgmwq3EU?version=3&amp;hl=en_US\" type=\"application\/x-shockwave-flash\" width=\"480\" height=\"270\" allowscriptaccess=\"always\" allowfullscreen=\"true\"><\/embed><\/object><\/center><\/p>\n<div class=\"girls\"><b><u>Text p\u00edsn\u011b<\/u><\/b><\/div>\n<p><center><br \/>\nI fall asleep by the telephone.<br \/>\nIt\u2019s two o\u2019clock and I\u2019m waiting up alone.<br \/>\nTell me, where have you been? (where have you been)<br \/>\nI found a note with another name.<br \/>\nYou blow a kiss but it just don\u2019t feel the same.<br \/>\nCuz I can feel that you\u2019re gone. (feel that you\u2019re gone)<br \/>\nI can\u2019t bite my tongue forever, while you try to play it cool.<br \/>\nYou can hide behind your stories, but don\u2019t take me for a fool! <\/center><\/p>\n<p><center>You can tell me that there\u2019s nobody else (but I feel it!)<br \/>\nYou can tell me that you\u2019re home by yourself (but I see it!)<br \/>\nYou can look into my eyes and pretend all you want, but I know, I know<br \/>\nYour love is just a lie! (Lie! Lie!)<br \/>\nIt\u2019s nothing but a lie! (Lie! Lie!) <\/center><\/p>\n<p><center>You look so innocent,<br \/>\nBut the guilt in your voice gives you away.<br \/>\nYeah, you know what I mean (know what I mean)<br \/>\nHow does it feel when you kiss when you know that I trust you<br \/>\nAnd do you think about me when he fucks you?<br \/>\nCould you be more obscene? (be more obscene)<br \/>\nSo don\u2019t try to say you\u2019re sorry, or try to make it right.<br \/>\nAnd don\u2019t waste your breath because it\u2019s too late, it\u2019s too late! <\/center><\/p>\n<p><center>You can tell me that there\u2019s nobody else (but I feel it!)<br \/>\nYou can tell me that you\u2019re home by yourself (but I see it!)<br \/>\nYou can look into my eyes and pretend all you want, but I know, I know<br \/>\nYour love is just a lie! (Lie!) Lie! (Lie!)<br \/>\nIt\u2019s nothing but a lie! (Lie!) Lie! (Lie!)<br \/>\nYou\u2019re nothing but a lie! <\/center><\/p>\n<p><center>You can tell me that there\u2019s nobody else (but I feel it!)<br \/>\nYou can tell me that you\u2019re home by yourself (but I see it!)<br \/>\nYou can look into my eyes and pretend all you want, but I know, I know<br \/>\nYour love is just a lie!<br \/>\nI know, you\u2019re nothing but a lie! (Lie!) Lie! (Lie!)<br \/>\nYou\u2019re nothing but a a lie! (Lie!) Lie! (Lie!)<br \/>\nYour love is just a lie!<br \/>\n<\/center><\/p>\n<div class=\"girls\"><b><u>\u010cesk\u00fd p\u0159eklad<\/u><\/b><\/div>\n<p><center><br \/>\nUsnul jsem u telefonu,<br \/>\nJsou 2 r\u00e1no a j\u00e1 tu z\u016fst\u00e1v\u00e1m vzh\u016fru s\u00e1m,<br \/>\n\u0158ekni mi, kde jsi byla? (kde jsi byla)<br \/>\nNa\u0161el jsem l\u00edstek s ciz\u00edm jm\u00e9nem.<br \/>\nPoslala jsi vzdu\u0161n\u00fd polibek, ale to nen\u00ed to sam\u00e9,<br \/>\nProto\u017ee c\u00edt\u00edm, \u017ee jsi pry\u010d (c\u00edt\u00edm, \u017ee jsi pry\u010d)<br \/>\nM\u016f\u017eu si sv\u016fj jazyk kousat donekone\u010dna, kdy\u017e se sna\u017e\u00ed\u0161 vypadat, \u017ee jsi v pohod\u011b.<br \/>\nM\u016f\u017ee\u0161 se schovat za sv\u00fdmi historkami, ale ned\u011blej ze m\u011b hlup\u00e1ka!<\/center><\/p>\n<p><center>M\u016f\u017ee\u0161 mi \u0159\u00edct, \u017ee tu nen\u00ed nikdo jin\u00fd (ale j\u00e1 to c\u00edt\u00edm!)<br \/>\nM\u016f\u017ee\u0161 mi \u0159\u00edct, \u017ee jsi doma sama (ale j\u00e1 to vid\u00edm!)<br \/>\nM\u016f\u017ee\u0161 se mi pod\u00edvat do o\u010d\u00ed a p\u0159edst\u00edrat, co chce\u0161, ale j\u00e1 v\u00edm, j\u00e1 v\u00edm, \u017ee<br \/>\nTv\u00e1 l\u00e1ska je jen le\u017e! (Le\u017e! Le\u017e!)<br \/>\nNic jin\u00e9ho ne\u017e jen le\u017e! (Le\u017e! Le\u017e!)<\/center><\/p>\n<p><center>Vypad\u00e1\u0161 tak nevinn\u011b,<br \/>\nAle vina ve tv\u00e9m hlasu t\u011b prozrazuje (ale j\u00e1 to vid\u00edm!)<br \/>\nJo, ty v\u00ed\u0161, co t\u00edm mysl\u00edm (v\u00ed\u0161, co t\u00edm mysl\u00edm)<br \/>\nJak se c\u00edt\u00ed\u0161, kdy\u017e se sn\u00edm l\u00edb\u00e1\u0161, zat\u00edmco v\u00ed\u0161, \u017ee j\u00e1 ti d\u016fv\u011b\u0159uji,<br \/>\nA mysl\u00ed\u0161 na m\u011b, kdy\u017e to s n\u00edm d\u011bl\u00e1\u0161?<br \/>\nMohla bys b\u00fdt je\u0161t\u011b necudn\u011bj\u0161\u00ed? (b\u00fdt je\u0161t\u011b necudn\u011bj\u0161\u00ed)<br \/>\nTak\u017ee se nesna\u017e \u0159\u00edct, \u017ee toho lituje\u0161 nebo, \u017ee to naprav\u00ed\u0161,<br \/>\nA nemrhej sv\u00fdm dechem, proto\u017ee je p\u0159\u00edli\u0161 pozd\u011b, je p\u0159\u00edli\u0161 pozd\u011b!<\/center><\/p>\n<p><center>M\u016f\u017ee\u0161 mi \u0159\u00edct, \u017ee tu nen\u00ed nikdo jin\u00fd (ale j\u00e1 to c\u00edt\u00edm!)<br \/>\nM\u016f\u017ee\u0161 mi \u0159\u00edct, \u017ee jsi doma sama (ale j\u00e1 to vid\u00edm!)<br \/>\nM\u016f\u017ee\u0161 se mi pod\u00edvat do o\u010d\u00ed a p\u0159edst\u00edrat, co chce\u0161, ale j\u00e1 v\u00edm, j\u00e1 v\u00edm, \u017ee<br \/>\nTv\u00e1 l\u00e1ska je jen le\u017e! (Le\u017e! Le\u017e!)<br \/>\nNic jin\u00e9ho ne\u017e jen le\u017e! (Le\u017e! Le\u017e!) <\/center><\/p>\n<p><center>M\u016f\u017ee\u0161 mi \u0159\u00edct, \u017ee tu nen\u00ed nikdo jin\u00fd (ale j\u00e1 to c\u00edt\u00edm!)<br \/>\nM\u016f\u017ee\u0161 mi \u0159\u00edct, \u017ee jsi doma sama (ale j\u00e1 to vid\u00edm!)<br \/>\nM\u016f\u017ee\u0161 se mi pod\u00edvat do o\u010d\u00ed a p\u0159edst\u00edrat, co chce\u0161, ale j\u00e1 v\u00edm, j\u00e1 v\u00edm, \u017ee<br \/>\nTv\u00e1 l\u00e1ska je jen le\u017e! (Le\u017e! Le\u017e!)<br \/>\nNic jin\u00e9ho ne\u017e jen le\u017e! (Le\u017e! Le\u017e!)<br \/>\n<\/center>\n<\/div>\n<div class=\"fblikebutton_button\" style=\"float: left; padding-top: 20px; margin-right: 20px; padding-bottom: 20px; padding-left: 20px;\"><iframe src=\"http:\/\/www.facebook.com\/plugins\/like.php?href=https%3A%2F%2Fwww.simpleplan.cz%2Fcz%2Findex.php%2Fkapela%2Fdiskografie%2Fyour-love-is-a-lie%2F&amp;layout=standard&amp;show-faces=false&amp;width=450&amp;action=like&amp;colorscheme=light\" scrolling=\"no\" frameborder=\"0\" allowTransparency=\"true\" style=\"border:none; overflow:hidden; width:450px; height:26px\"><\/iframe><\/div>\n","protected":false},"excerpt":{"rendered":"<p>Z\u00e1kladn\u00ed info Album: Simple Plan Auto\u0159i textu: Chuck Comeau, Pierre Bouvier, Arnold Lanni Dodate\u010dn\u00e1 spolupr\u00e1ce:<\/p>\n","protected":false},"author":5,"featured_media":0,"parent":5273,"menu_order":0,"comment_status":"open","ping_status":"open","template":"page-templates\/full-width.php","meta":{"footnotes":""},"yoast_head":"<!-- This site is optimized with the Yoast SEO plugin v20.9 - https:\/\/yoast.com\/wordpress\/plugins\/seo\/ -->\n<title>Your Love Is A Lie | CZ: SimplePlan.cz<\/title>\n<meta name=\"robots\" content=\"index, follow, max-snippet:-1, max-image-preview:large, max-video-preview:-1\" \/>\n<link rel=\"canonical\" href=\"https:\/\/www.simpleplan.cz\/cz\/index.php\/kapela\/diskografie\/your-love-is-a-lie\/\" \/>\n<meta property=\"og:locale\" content=\"cs_CZ\" \/>\n<meta property=\"og:type\" content=\"article\" \/>\n<meta property=\"og:title\" content=\"Your Love Is A Lie | CZ: SimplePlan.cz\" \/>\n<meta property=\"og:description\" content=\"Z\u00e1kladn\u00ed info Album: Simple Plan Auto\u0159i textu: Chuck Comeau, Pierre Bouvier, Arnold Lanni Dodate\u010dn\u00e1 spolupr\u00e1ce:\" \/>\n<meta property=\"og:url\" content=\"https:\/\/www.simpleplan.cz\/cz\/index.php\/kapela\/diskografie\/your-love-is-a-lie\/\" \/>\n<meta property=\"og:site_name\" content=\"CZ: SimplePlan.cz\" \/>\n<meta property=\"article:publisher\" content=\"http:\/\/www.facebook.com\/simpleplancz\" \/>\n<meta property=\"article:modified_time\" content=\"2023-06-26T07:29:58+00:00\" \/>\n<meta property=\"og:image\" content=\"http:\/\/www.simpleplan.cz\/cz\/wp-content\/uploads\/logo.gif\" \/>\n<meta name=\"twitter:card\" content=\"summary_large_image\" \/>\n<meta name=\"twitter:site\" content=\"@simpleplancz\" \/>\n<meta name=\"twitter:label1\" content=\"Odhadovan\u00e1 doba \u010dten\u00ed\" \/>\n\t<meta name=\"twitter:data1\" content=\"5 minut\" \/>\n<script type=\"application\/ld+json\" class=\"yoast-schema-graph\">{\"@context\":\"https:\/\/schema.org\",\"@graph\":[{\"@type\":\"WebPage\",\"@id\":\"https:\/\/www.simpleplan.cz\/cz\/index.php\/kapela\/diskografie\/your-love-is-a-lie\/\",\"url\":\"https:\/\/www.simpleplan.cz\/cz\/index.php\/kapela\/diskografie\/your-love-is-a-lie\/\",\"name\":\"Your Love Is A Lie | CZ: SimplePlan.cz\",\"isPartOf\":{\"@id\":\"https:\/\/www.simpleplan.cz\/cz\/#website\"},\"datePublished\":\"2012-07-27T18:24:30+00:00\",\"dateModified\":\"2023-06-26T07:29:58+00:00\",\"breadcrumb\":{\"@id\":\"https:\/\/www.simpleplan.cz\/cz\/index.php\/kapela\/diskografie\/your-love-is-a-lie\/#breadcrumb\"},\"inLanguage\":\"cs\",\"potentialAction\":[{\"@type\":\"ReadAction\",\"target\":[\"https:\/\/www.simpleplan.cz\/cz\/index.php\/kapela\/diskografie\/your-love-is-a-lie\/\"]}]},{\"@type\":\"BreadcrumbList\",\"@id\":\"https:\/\/www.simpleplan.cz\/cz\/index.php\/kapela\/diskografie\/your-love-is-a-lie\/#breadcrumb\",\"itemListElement\":[{\"@type\":\"ListItem\",\"position\":1,\"name\":\"Dom\u016f\",\"item\":\"https:\/\/www.simpleplan.cz\/cz\/\"},{\"@type\":\"ListItem\",\"position\":2,\"name\":\"Kapela\",\"item\":\"https:\/\/www.simpleplan.cz\/cz\/index.php\/kapela\/\"},{\"@type\":\"ListItem\",\"position\":3,\"name\":\"Diskografie\",\"item\":\"https:\/\/www.simpleplan.cz\/cz\/index.php\/kapela\/diskografie\/\"},{\"@type\":\"ListItem\",\"position\":4,\"name\":\"Your Love Is A Lie\"}]},{\"@type\":\"WebSite\",\"@id\":\"https:\/\/www.simpleplan.cz\/cz\/#website\",\"url\":\"https:\/\/www.simpleplan.cz\/cz\/\",\"name\":\"CZ: SimplePlan.cz\",\"description\":\"Nejlep\u0161\u00ed zdroj informac\u00ed o kapele Simple Plan\",\"publisher\":{\"@id\":\"https:\/\/www.simpleplan.cz\/cz\/#organization\"},\"potentialAction\":[{\"@type\":\"SearchAction\",\"target\":{\"@type\":\"EntryPoint\",\"urlTemplate\":\"https:\/\/www.simpleplan.cz\/cz\/?s={search_term_string}\"},\"query-input\":\"required name=search_term_string\"}],\"inLanguage\":\"cs\"},{\"@type\":\"Organization\",\"@id\":\"https:\/\/www.simpleplan.cz\/cz\/#organization\",\"name\":\"CZ: SimplePlan.cz\",\"url\":\"https:\/\/www.simpleplan.cz\/cz\/\",\"logo\":{\"@type\":\"ImageObject\",\"inLanguage\":\"cs\",\"@id\":\"https:\/\/www.simpleplan.cz\/cz\/#\/schema\/logo\/image\/\",\"url\":\"https:\/\/www.simpleplan.cz\/cz\/wp-content\/uploads\/spczlogo.png\",\"contentUrl\":\"https:\/\/www.simpleplan.cz\/cz\/wp-content\/uploads\/spczlogo.png\",\"width\":250,\"height\":190,\"caption\":\"CZ: SimplePlan.cz\"},\"image\":{\"@id\":\"https:\/\/www.simpleplan.cz\/cz\/#\/schema\/logo\/image\/\"},\"sameAs\":[\"http:\/\/www.facebook.com\/simpleplancz\",\"https:\/\/twitter.com\/simpleplancz\",\"http:\/\/www.instagram.com\/simpleplancz\",\"http:\/\/www.youtube.com\/simpleplancz\"]}]}<\/script>\n<!-- \/ Yoast SEO plugin. -->","yoast_head_json":{"title":"Your Love Is A Lie | CZ: SimplePlan.cz","robots":{"index":"index","follow":"follow","max-snippet":"max-snippet:-1","max-image-preview":"max-image-preview:large","max-video-preview":"max-video-preview:-1"},"canonical":"https:\/\/www.simpleplan.cz\/cz\/index.php\/kapela\/diskografie\/your-love-is-a-lie\/","og_locale":"cs_CZ","og_type":"article","og_title":"Your Love Is A Lie | CZ: SimplePlan.cz","og_description":"Z\u00e1kladn\u00ed info Album: Simple Plan Auto\u0159i textu: Chuck Comeau, Pierre Bouvier, Arnold Lanni Dodate\u010dn\u00e1 spolupr\u00e1ce:","og_url":"https:\/\/www.simpleplan.cz\/cz\/index.php\/kapela\/diskografie\/your-love-is-a-lie\/","og_site_name":"CZ: SimplePlan.cz","article_publisher":"http:\/\/www.facebook.com\/simpleplancz","article_modified_time":"2023-06-26T07:29:58+00:00","og_image":[{"url":"http:\/\/www.simpleplan.cz\/cz\/wp-content\/uploads\/logo.gif"}],"twitter_card":"summary_large_image","twitter_site":"@simpleplancz","twitter_misc":{"Odhadovan\u00e1 doba \u010dten\u00ed":"5 minut"},"schema":{"@context":"https:\/\/schema.org","@graph":[{"@type":"WebPage","@id":"https:\/\/www.simpleplan.cz\/cz\/index.php\/kapela\/diskografie\/your-love-is-a-lie\/","url":"https:\/\/www.simpleplan.cz\/cz\/index.php\/kapela\/diskografie\/your-love-is-a-lie\/","name":"Your Love Is A Lie | CZ: SimplePlan.cz","isPartOf":{"@id":"https:\/\/www.simpleplan.cz\/cz\/#website"},"datePublished":"2012-07-27T18:24:30+00:00","dateModified":"2023-06-26T07:29:58+00:00","breadcrumb":{"@id":"https:\/\/www.simpleplan.cz\/cz\/index.php\/kapela\/diskografie\/your-love-is-a-lie\/#breadcrumb"},"inLanguage":"cs","potentialAction":[{"@type":"ReadAction","target":["https:\/\/www.simpleplan.cz\/cz\/index.php\/kapela\/diskografie\/your-love-is-a-lie\/"]}]},{"@type":"BreadcrumbList","@id":"https:\/\/www.simpleplan.cz\/cz\/index.php\/kapela\/diskografie\/your-love-is-a-lie\/#breadcrumb","itemListElement":[{"@type":"ListItem","position":1,"name":"Dom\u016f","item":"https:\/\/www.simpleplan.cz\/cz\/"},{"@type":"ListItem","position":2,"name":"Kapela","item":"https:\/\/www.simpleplan.cz\/cz\/index.php\/kapela\/"},{"@type":"ListItem","position":3,"name":"Diskografie","item":"https:\/\/www.simpleplan.cz\/cz\/index.php\/kapela\/diskografie\/"},{"@type":"ListItem","position":4,"name":"Your Love Is A Lie"}]},{"@type":"WebSite","@id":"https:\/\/www.simpleplan.cz\/cz\/#website","url":"https:\/\/www.simpleplan.cz\/cz\/","name":"CZ: SimplePlan.cz","description":"Nejlep\u0161\u00ed zdroj informac\u00ed o kapele Simple Plan","publisher":{"@id":"https:\/\/www.simpleplan.cz\/cz\/#organization"},"potentialAction":[{"@type":"SearchAction","target":{"@type":"EntryPoint","urlTemplate":"https:\/\/www.simpleplan.cz\/cz\/?s={search_term_string}"},"query-input":"required name=search_term_string"}],"inLanguage":"cs"},{"@type":"Organization","@id":"https:\/\/www.simpleplan.cz\/cz\/#organization","name":"CZ: SimplePlan.cz","url":"https:\/\/www.simpleplan.cz\/cz\/","logo":{"@type":"ImageObject","inLanguage":"cs","@id":"https:\/\/www.simpleplan.cz\/cz\/#\/schema\/logo\/image\/","url":"https:\/\/www.simpleplan.cz\/cz\/wp-content\/uploads\/spczlogo.png","contentUrl":"https:\/\/www.simpleplan.cz\/cz\/wp-content\/uploads\/spczlogo.png","width":250,"height":190,"caption":"CZ: SimplePlan.cz"},"image":{"@id":"https:\/\/www.simpleplan.cz\/cz\/#\/schema\/logo\/image\/"},"sameAs":["http:\/\/www.facebook.com\/simpleplancz","https:\/\/twitter.com\/simpleplancz","http:\/\/www.instagram.com\/simpleplancz","http:\/\/www.youtube.com\/simpleplancz"]}]}},"_links":{"self":[{"href":"https:\/\/www.simpleplan.cz\/cz\/index.php\/wp-json\/wp\/v2\/pages\/11025"}],"collection":[{"href":"https:\/\/www.simpleplan.cz\/cz\/index.php\/wp-json\/wp\/v2\/pages"}],"about":[{"href":"https:\/\/www.simpleplan.cz\/cz\/index.php\/wp-json\/wp\/v2\/types\/page"}],"author":[{"embeddable":true,"href":"https:\/\/www.simpleplan.cz\/cz\/index.php\/wp-json\/wp\/v2\/users\/5"}],"replies":[{"embeddable":true,"href":"https:\/\/www.simpleplan.cz\/cz\/index.php\/wp-json\/wp\/v2\/comments?post=11025"}],"version-history":[{"count":19,"href":"https:\/\/www.simpleplan.cz\/cz\/index.php\/wp-json\/wp\/v2\/pages\/11025\/revisions"}],"predecessor-version":[{"id":33079,"href":"https:\/\/www.simpleplan.cz\/cz\/index.php\/wp-json\/wp\/v2\/pages\/11025\/revisions\/33079"}],"up":[{"embeddable":true,"href":"https:\/\/www.simpleplan.cz\/cz\/index.php\/wp-json\/wp\/v2\/pages\/5273"}],"wp:attachment":[{"href":"https:\/\/www.simpleplan.cz\/cz\/index.php\/wp-json\/wp\/v2\/media?parent=11025"}],"curies":[{"name":"wp","href":"https:\/\/api.w.org\/{rel}","templated":true}]}}