{"id":11039,"date":"2012-07-27T21:13:39","date_gmt":"2012-07-27T19:13:39","guid":{"rendered":"http:\/\/www.simpleplan.cz\/cz\/?page_id=11039"},"modified":"2023-06-26T09:29:57","modified_gmt":"2023-06-26T07:29:57","slug":"save-you","status":"publish","type":"page","link":"https:\/\/www.simpleplan.cz\/cz\/index.php\/kapela\/diskografie\/save-you\/","title":{"rendered":"Save You"},"content":{"rendered":"<div class=\"pagecontent\">\n<div class=\"girls\"><b><u>Z\u00e1kladn\u00ed info<\/u><\/b><\/div>\n<p><b>Album:<\/b> Simple Plan<br \/>\n<b>Auto\u0159i textu:<\/b> Pierre Bouvier, Chuck Comeau, Arnold Lanni<br \/>\n<b>Dodate\u010dn\u00e1 spolupr\u00e1ce:<\/b> Dave Fortman (produkce)<br \/>\n<b>D\u00e9lka p\u00edsn\u011b:<\/b> 3:45<br \/>\n<b>Single vyd\u00e1n:<\/b> 14. srpna 2008<br \/>\n<b>Videoklip vyd\u00e1n:<\/b> 24. \u0159\u00edjna 2008<br \/>\n<b>Obal singlu:<\/b> <a href=\"http:\/\/www.simpleplan.cz\/gallery\/thumbnails.php?album=40\" target=\"_blank\" rel=\"noopener\">zde<\/a><\/p>\n<div class=\"girls\"><b><u>V\u00fdznam p\u00edsn\u011b<\/u><\/b><\/div>\n<p>Jednu z nejemotivn\u011bj\u0161\u00edch p\u00edsn\u00ed cel\u00e9ho eponymn\u00edho alba Simple Plan napsal Pierre v obdob\u00ed, kdy se vyrovn\u00e1val se zpr\u00e1vou, \u017ee jeho bratr Jay m\u00e1 rakovinu m\u00edzn\u00edch uzlin. V p\u00edsni Pierre vyjad\u0159uje sv\u00e9 pocity z toho, jak bezmocn\u00fd se c\u00edtil, kdy\u017e bratrovi cht\u011bl z cel\u00e9ho srdce pomoci, ale nemohl. Jay se od t\u00e9 doby zcela uzdravil a mimo jin\u00e9 se tak\u00e9 s dal\u0161\u00edmi lidmi, kte\u0159\u00ed p\u0159e\u017eili rakovinu, objevil ve videoklipu k &#8222;Save You&#8220;.<\/p>\n<p>Single byl kapelou ustanoven jako charitativn\u00ed song, kter\u00fdm cht\u011bli pom\u00e1hat tak\u00e9 ostatn\u00edm. Ve\u0161ker\u00e9 v\u00fdt\u011b\u017eky z prodeje tohoto singlu proto \u0161ly p\u0159\u00edmo do jejich nadace Simple Plan Foundation, kter\u00e1 je pou\u017eila na podporu r\u016fzn\u00fdch st\u0159edisek a nemocnic\u00ed, a p\u0159edev\u0161\u00edm na podporu lid\u00ed, kte\u0159\u00ed trp\u00ed rakovinou.<\/p>\n<div class=\"girls\"><b><u>Videoklip<\/u><\/b><\/div>\n<p><center><object width=\"480\" height=\"360\"><param name=\"movie\" value=\"http:\/\/www.youtube.com\/v\/ScfQDcFYUvQ?version=3&amp;hl=en_US\"><\/param><param name=\"allowFullScreen\" value=\"true\"><\/param><param name=\"allowscriptaccess\" value=\"always\"><\/param><embed src=\"http:\/\/www.youtube.com\/v\/ScfQDcFYUvQ?version=3&amp;hl=en_US\" type=\"application\/x-shockwave-flash\" width=\"480\" height=\"360\" allowscriptaccess=\"always\" allowfullscreen=\"true\"><\/embed><\/object><\/center><\/p>\n<div class=\"girls\"><b><u>Text p\u00edsn\u011b<\/u><\/b><\/div>\n<p><center><br \/>\nTake a breath<br \/>\nI pull myself together<br \/>\nJust another step<br \/>\nUntil I reach the door<br \/>\nYou&#8217;ll never know the way<br \/>\nIt tears me up inside to see you<br \/>\nI wish that I could tell you something<br \/>\nAnd take it all away<\/center><\/p>\n<p><center>Sometimes I wish I could save you<br \/>\nAnd there&#8217;s so many things that I want you to know<br \/>\nI won&#8217;t give up &#8218;til it&#8217;s over<br \/>\nIf it takes you forever<br \/>\nI want you to know<\/center><\/p>\n<p><center>When I hear your voice<br \/>\nIt&#8217;s drowning into whispers<br \/>\nYou&#8217;re just skin and bones<br \/>\nThere&#8217;s nothing left to take<br \/>\nNo matter what I do<br \/>\nI can&#8217;t make you feel better<br \/>\nIf only I could find the answer<br \/>\nTo help me understand<\/center><\/p>\n<p><center>Sometimes I wish I could save you<br \/>\nAnd there&#8217;s so many things that I want you to know<br \/>\nI won&#8217;t give up &#8218;til it&#8217;s over<br \/>\nIf it takes you forever<br \/>\nI want you to know that<\/center><\/p>\n<p><center>If you fall, stumble down<br \/>\nI&#8217;ll pick you up off the ground<br \/>\nIf you lose faith in you<br \/>\nI&#8217;ll give you strength to pull through<br \/>\nTell me you won&#8217;t give up<br \/>\nCause I&#8217;ll be waiting if you fall<br \/>\nYou know I&#8217;ll be there for you<\/center><\/p>\n<p><center>If only I could find the answer<br \/>\nTo take it all away<\/center><\/p>\n<p><center>Sometimes I wish I could save you<br \/>\nAnd there&#8217;s so many things that I want you to know<br \/>\nI won&#8217;t give up &#8218;til it&#8217;s over<br \/>\nIf it takes you forever<br \/>\nI want you to know<br \/>\nI wish I could save you<br \/>\nI want you to know<br \/>\nI wish I could save you<br \/>\n<\/center><\/p>\n<div class=\"girls\"><b><u>\u010cesk\u00fd p\u0159eklad<\/u><\/b><\/div>\n<p><center><br \/>\nZhluboka se nadechni<br \/>\nDal jsem se dohromady<br \/>\nJen dal\u0161\u00ed krok<br \/>\nNe\u017e dojdu ke dve\u0159\u00edm<br \/>\nA ty nikdy nebude\u0161 tuto cestu zn\u00e1t<br \/>\nVid\u011bt t\u011b m\u011b zevnit\u0159 ni\u010d\u00ed<br \/>\nP\u0159\u00e1l bych si, abych ti mohl n\u011bco \u0159\u00edct<br \/>\nA v\u0161echno by bylo pry\u010d<\/center><\/p>\n<p><center>N\u011bkdy si p\u0159eju, abych t\u011b mohl zachr\u00e1nit<br \/>\nA je tu tolik v\u011bc\u00ed, kter\u00e9 bych cht\u011bl, abys v\u011bd\u011bl<br \/>\nNevzd\u00e1m se a\u017e do konce<br \/>\nJestli to bude trvat nav\u017edy<br \/>\nChci abys v\u011bd\u011bl<\/center><\/p>\n<p><center>\u017de kdy\u017e sly\u0161\u00edm tv\u016fj hlas<br \/>\nTop\u00ed se v \u0161epotu<br \/>\nJsi jen kost a k\u016f\u017ee<br \/>\nU\u017e tu nen\u00ed nic, co by ti to mohlo vz\u00edt<br \/>\nA\u0165 ud\u011bl\u00e1m cokoliv<br \/>\nNem\u016f\u017eu ti pomoci c\u00edtit se l\u00e9pe<br \/>\nKdybych jen mohl naj\u00edt odpov\u011b\u010f<br \/>\nKter\u00e1 by mi to pomohla pochopit<\/center><\/p>\n<p><center>N\u011bkdy si p\u0159eju, abych t\u011b mohl zachr\u00e1nit<br \/>\nA je tu tolik v\u011bc\u00ed, kter\u00e9 bych cht\u011bl, abys v\u011bd\u011bl<br \/>\nNevzd\u00e1m se a\u017e do konce<br \/>\nJestli to bude trvat nav\u017edy<br \/>\nChci abys v\u011bd\u011bl<\/center><\/p>\n<p><center>\u017de jestli spadne\u0161, nebo zaklop\u00fdtne\u0161<br \/>\nZvednu t\u011b ze zem\u011b<br \/>\nJestli\u017ee v sob\u011b ztrat\u00ed\u0161 v\u00edru<br \/>\nD\u00e1m ti s\u00edlu, aby jsi se z toho dostal<br \/>\n\u0158ekni mi, \u017ee se nevzd\u00e1\u0161<br \/>\nProto\u017ee j\u00e1 budu \u010dekat, a jestli spadne\u0161<br \/>\nV\u00ed\u0161, \u017ee tady pro tebe budu<\/center><\/p>\n<p><center>Kdybych jen mohl naj\u00edt odpov\u011b\u010f<br \/>\nAby to v\u0161echno vzala pry\u010d<\/center><\/p>\n<p><center>N\u011bkdy si p\u0159eju, abych t\u011b mohl zachr\u00e1nit<br \/>\nA je tu tolik v\u011bc\u00ed, kter\u00e9 bych cht\u011bl, abys v\u011bd\u011bl<br \/>\nNevzd\u00e1m se a\u017e do konce<br \/>\nJestli to bude trvat nav\u017edy<br \/>\nChci abys v\u011bd\u011bl<br \/>\nP\u0159eji si, abych t\u011b mohl zachr\u00e1nit<br \/>\nChci abys v\u011bd\u011bl<br \/>\nP\u0159eji si, abych t\u011b mohl zachr\u00e1nit<br \/>\n<\/center>\n<\/div>\n<div class=\"fblikebutton_button\" style=\"float: left; padding-top: 20px; margin-right: 20px; padding-bottom: 20px; padding-left: 20px;\"><iframe src=\"http:\/\/www.facebook.com\/plugins\/like.php?href=https%3A%2F%2Fwww.simpleplan.cz%2Fcz%2Findex.php%2Fkapela%2Fdiskografie%2Fsave-you%2F&amp;layout=standard&amp;show-faces=false&amp;width=450&amp;action=like&amp;colorscheme=light\" scrolling=\"no\" frameborder=\"0\" allowTransparency=\"true\" style=\"border:none; overflow:hidden; width:450px; height:26px\"><\/iframe><\/div>\n","protected":false},"excerpt":{"rendered":"<p>Z\u00e1kladn\u00ed info Album: Simple Plan Auto\u0159i textu: Pierre Bouvier, Chuck Comeau, Arnold Lanni Dodate\u010dn\u00e1 spolupr\u00e1ce:<\/p>\n","protected":false},"author":5,"featured_media":0,"parent":5273,"menu_order":0,"comment_status":"open","ping_status":"open","template":"page-templates\/full-width.php","meta":{"footnotes":""},"yoast_head":"<!-- This site is optimized with the Yoast SEO plugin v20.9 - https:\/\/yoast.com\/wordpress\/plugins\/seo\/ -->\n<title>Save You | CZ: SimplePlan.cz<\/title>\n<meta name=\"robots\" content=\"index, follow, max-snippet:-1, max-image-preview:large, max-video-preview:-1\" \/>\n<link rel=\"canonical\" href=\"https:\/\/www.simpleplan.cz\/cz\/index.php\/kapela\/diskografie\/save-you\/\" \/>\n<meta property=\"og:locale\" content=\"cs_CZ\" \/>\n<meta property=\"og:type\" content=\"article\" \/>\n<meta property=\"og:title\" content=\"Save You | CZ: SimplePlan.cz\" \/>\n<meta property=\"og:description\" content=\"Z\u00e1kladn\u00ed info Album: Simple Plan Auto\u0159i textu: Pierre Bouvier, Chuck Comeau, Arnold Lanni Dodate\u010dn\u00e1 spolupr\u00e1ce:\" \/>\n<meta property=\"og:url\" content=\"https:\/\/www.simpleplan.cz\/cz\/index.php\/kapela\/diskografie\/save-you\/\" \/>\n<meta property=\"og:site_name\" content=\"CZ: SimplePlan.cz\" \/>\n<meta property=\"article:publisher\" content=\"http:\/\/www.facebook.com\/simpleplancz\" \/>\n<meta property=\"article:modified_time\" content=\"2023-06-26T07:29:57+00:00\" \/>\n<meta property=\"og:image\" content=\"http:\/\/www.simpleplan.cz\/cz\/wp-content\/uploads\/logo.gif\" \/>\n<meta name=\"twitter:card\" content=\"summary_large_image\" \/>\n<meta name=\"twitter:site\" content=\"@simpleplancz\" \/>\n<meta name=\"twitter:label1\" content=\"Odhadovan\u00e1 doba \u010dten\u00ed\" \/>\n\t<meta name=\"twitter:data1\" content=\"4 minuty\" \/>\n<script type=\"application\/ld+json\" class=\"yoast-schema-graph\">{\"@context\":\"https:\/\/schema.org\",\"@graph\":[{\"@type\":\"WebPage\",\"@id\":\"https:\/\/www.simpleplan.cz\/cz\/index.php\/kapela\/diskografie\/save-you\/\",\"url\":\"https:\/\/www.simpleplan.cz\/cz\/index.php\/kapela\/diskografie\/save-you\/\",\"name\":\"Save You | CZ: SimplePlan.cz\",\"isPartOf\":{\"@id\":\"https:\/\/www.simpleplan.cz\/cz\/#website\"},\"datePublished\":\"2012-07-27T19:13:39+00:00\",\"dateModified\":\"2023-06-26T07:29:57+00:00\",\"breadcrumb\":{\"@id\":\"https:\/\/www.simpleplan.cz\/cz\/index.php\/kapela\/diskografie\/save-you\/#breadcrumb\"},\"inLanguage\":\"cs\",\"potentialAction\":[{\"@type\":\"ReadAction\",\"target\":[\"https:\/\/www.simpleplan.cz\/cz\/index.php\/kapela\/diskografie\/save-you\/\"]}]},{\"@type\":\"BreadcrumbList\",\"@id\":\"https:\/\/www.simpleplan.cz\/cz\/index.php\/kapela\/diskografie\/save-you\/#breadcrumb\",\"itemListElement\":[{\"@type\":\"ListItem\",\"position\":1,\"name\":\"Dom\u016f\",\"item\":\"https:\/\/www.simpleplan.cz\/cz\/\"},{\"@type\":\"ListItem\",\"position\":2,\"name\":\"Kapela\",\"item\":\"https:\/\/www.simpleplan.cz\/cz\/index.php\/kapela\/\"},{\"@type\":\"ListItem\",\"position\":3,\"name\":\"Diskografie\",\"item\":\"https:\/\/www.simpleplan.cz\/cz\/index.php\/kapela\/diskografie\/\"},{\"@type\":\"ListItem\",\"position\":4,\"name\":\"Save You\"}]},{\"@type\":\"WebSite\",\"@id\":\"https:\/\/www.simpleplan.cz\/cz\/#website\",\"url\":\"https:\/\/www.simpleplan.cz\/cz\/\",\"name\":\"CZ: SimplePlan.cz\",\"description\":\"Nejlep\u0161\u00ed zdroj informac\u00ed o kapele Simple Plan\",\"publisher\":{\"@id\":\"https:\/\/www.simpleplan.cz\/cz\/#organization\"},\"potentialAction\":[{\"@type\":\"SearchAction\",\"target\":{\"@type\":\"EntryPoint\",\"urlTemplate\":\"https:\/\/www.simpleplan.cz\/cz\/?s={search_term_string}\"},\"query-input\":\"required name=search_term_string\"}],\"inLanguage\":\"cs\"},{\"@type\":\"Organization\",\"@id\":\"https:\/\/www.simpleplan.cz\/cz\/#organization\",\"name\":\"CZ: SimplePlan.cz\",\"url\":\"https:\/\/www.simpleplan.cz\/cz\/\",\"logo\":{\"@type\":\"ImageObject\",\"inLanguage\":\"cs\",\"@id\":\"https:\/\/www.simpleplan.cz\/cz\/#\/schema\/logo\/image\/\",\"url\":\"https:\/\/www.simpleplan.cz\/cz\/wp-content\/uploads\/spczlogo.png\",\"contentUrl\":\"https:\/\/www.simpleplan.cz\/cz\/wp-content\/uploads\/spczlogo.png\",\"width\":250,\"height\":190,\"caption\":\"CZ: SimplePlan.cz\"},\"image\":{\"@id\":\"https:\/\/www.simpleplan.cz\/cz\/#\/schema\/logo\/image\/\"},\"sameAs\":[\"http:\/\/www.facebook.com\/simpleplancz\",\"https:\/\/twitter.com\/simpleplancz\",\"http:\/\/www.instagram.com\/simpleplancz\",\"http:\/\/www.youtube.com\/simpleplancz\"]}]}<\/script>\n<!-- \/ Yoast SEO plugin. -->","yoast_head_json":{"title":"Save You | CZ: SimplePlan.cz","robots":{"index":"index","follow":"follow","max-snippet":"max-snippet:-1","max-image-preview":"max-image-preview:large","max-video-preview":"max-video-preview:-1"},"canonical":"https:\/\/www.simpleplan.cz\/cz\/index.php\/kapela\/diskografie\/save-you\/","og_locale":"cs_CZ","og_type":"article","og_title":"Save You | CZ: SimplePlan.cz","og_description":"Z\u00e1kladn\u00ed info Album: Simple Plan Auto\u0159i textu: Pierre Bouvier, Chuck Comeau, Arnold Lanni Dodate\u010dn\u00e1 spolupr\u00e1ce:","og_url":"https:\/\/www.simpleplan.cz\/cz\/index.php\/kapela\/diskografie\/save-you\/","og_site_name":"CZ: SimplePlan.cz","article_publisher":"http:\/\/www.facebook.com\/simpleplancz","article_modified_time":"2023-06-26T07:29:57+00:00","og_image":[{"url":"http:\/\/www.simpleplan.cz\/cz\/wp-content\/uploads\/logo.gif"}],"twitter_card":"summary_large_image","twitter_site":"@simpleplancz","twitter_misc":{"Odhadovan\u00e1 doba \u010dten\u00ed":"4 minuty"},"schema":{"@context":"https:\/\/schema.org","@graph":[{"@type":"WebPage","@id":"https:\/\/www.simpleplan.cz\/cz\/index.php\/kapela\/diskografie\/save-you\/","url":"https:\/\/www.simpleplan.cz\/cz\/index.php\/kapela\/diskografie\/save-you\/","name":"Save You | CZ: SimplePlan.cz","isPartOf":{"@id":"https:\/\/www.simpleplan.cz\/cz\/#website"},"datePublished":"2012-07-27T19:13:39+00:00","dateModified":"2023-06-26T07:29:57+00:00","breadcrumb":{"@id":"https:\/\/www.simpleplan.cz\/cz\/index.php\/kapela\/diskografie\/save-you\/#breadcrumb"},"inLanguage":"cs","potentialAction":[{"@type":"ReadAction","target":["https:\/\/www.simpleplan.cz\/cz\/index.php\/kapela\/diskografie\/save-you\/"]}]},{"@type":"BreadcrumbList","@id":"https:\/\/www.simpleplan.cz\/cz\/index.php\/kapela\/diskografie\/save-you\/#breadcrumb","itemListElement":[{"@type":"ListItem","position":1,"name":"Dom\u016f","item":"https:\/\/www.simpleplan.cz\/cz\/"},{"@type":"ListItem","position":2,"name":"Kapela","item":"https:\/\/www.simpleplan.cz\/cz\/index.php\/kapela\/"},{"@type":"ListItem","position":3,"name":"Diskografie","item":"https:\/\/www.simpleplan.cz\/cz\/index.php\/kapela\/diskografie\/"},{"@type":"ListItem","position":4,"name":"Save You"}]},{"@type":"WebSite","@id":"https:\/\/www.simpleplan.cz\/cz\/#website","url":"https:\/\/www.simpleplan.cz\/cz\/","name":"CZ: SimplePlan.cz","description":"Nejlep\u0161\u00ed zdroj informac\u00ed o kapele Simple Plan","publisher":{"@id":"https:\/\/www.simpleplan.cz\/cz\/#organization"},"potentialAction":[{"@type":"SearchAction","target":{"@type":"EntryPoint","urlTemplate":"https:\/\/www.simpleplan.cz\/cz\/?s={search_term_string}"},"query-input":"required name=search_term_string"}],"inLanguage":"cs"},{"@type":"Organization","@id":"https:\/\/www.simpleplan.cz\/cz\/#organization","name":"CZ: SimplePlan.cz","url":"https:\/\/www.simpleplan.cz\/cz\/","logo":{"@type":"ImageObject","inLanguage":"cs","@id":"https:\/\/www.simpleplan.cz\/cz\/#\/schema\/logo\/image\/","url":"https:\/\/www.simpleplan.cz\/cz\/wp-content\/uploads\/spczlogo.png","contentUrl":"https:\/\/www.simpleplan.cz\/cz\/wp-content\/uploads\/spczlogo.png","width":250,"height":190,"caption":"CZ: SimplePlan.cz"},"image":{"@id":"https:\/\/www.simpleplan.cz\/cz\/#\/schema\/logo\/image\/"},"sameAs":["http:\/\/www.facebook.com\/simpleplancz","https:\/\/twitter.com\/simpleplancz","http:\/\/www.instagram.com\/simpleplancz","http:\/\/www.youtube.com\/simpleplancz"]}]}},"_links":{"self":[{"href":"https:\/\/www.simpleplan.cz\/cz\/index.php\/wp-json\/wp\/v2\/pages\/11039"}],"collection":[{"href":"https:\/\/www.simpleplan.cz\/cz\/index.php\/wp-json\/wp\/v2\/pages"}],"about":[{"href":"https:\/\/www.simpleplan.cz\/cz\/index.php\/wp-json\/wp\/v2\/types\/page"}],"author":[{"embeddable":true,"href":"https:\/\/www.simpleplan.cz\/cz\/index.php\/wp-json\/wp\/v2\/users\/5"}],"replies":[{"embeddable":true,"href":"https:\/\/www.simpleplan.cz\/cz\/index.php\/wp-json\/wp\/v2\/comments?post=11039"}],"version-history":[{"count":7,"href":"https:\/\/www.simpleplan.cz\/cz\/index.php\/wp-json\/wp\/v2\/pages\/11039\/revisions"}],"predecessor-version":[{"id":33072,"href":"https:\/\/www.simpleplan.cz\/cz\/index.php\/wp-json\/wp\/v2\/pages\/11039\/revisions\/33072"}],"up":[{"embeddable":true,"href":"https:\/\/www.simpleplan.cz\/cz\/index.php\/wp-json\/wp\/v2\/pages\/5273"}],"wp:attachment":[{"href":"https:\/\/www.simpleplan.cz\/cz\/index.php\/wp-json\/wp\/v2\/media?parent=11039"}],"curies":[{"name":"wp","href":"https:\/\/api.w.org\/{rel}","templated":true}]}}