{"id":11044,"date":"2012-07-27T21:29:41","date_gmt":"2012-07-27T19:29:41","guid":{"rendered":"http:\/\/www.simpleplan.cz\/cz\/?page_id=11044"},"modified":"2023-06-26T09:29:58","modified_gmt":"2023-06-26T07:29:58","slug":"what-if","status":"publish","type":"page","link":"https:\/\/www.simpleplan.cz\/cz\/index.php\/kapela\/diskografie\/what-if\/","title":{"rendered":"What If"},"content":{"rendered":"<div class=\"pagecontent\">\n<div class=\"girls\"><b><u>Z\u00e1kladn\u00ed info<\/u><\/b><\/div>\n<p><b>Album:<\/b> Simple Plan<br \/>\n<b>Auto\u0159i textu:<\/b> Pierre Bouvier, Chuck Comeau, Arnold Lanni<br \/>\n<b>Dodate\u010dn\u00e1 spolupr\u00e1ce:<\/b> Dave Fortman (produkce), Dave Campbell (dirigent smy\u010dcov\u00e9ho orchestru), Liam O&#8217;Neil (kl\u00e1vesy)<br \/>\n<b>D\u00e9lka p\u00edsn\u011b:<\/b> 5:58<\/p>\n<div class=\"girls\"><b><u>V\u00fdznam p\u00edsn\u011b<\/u><\/b><\/div>\n<p>Inspirac\u00ed pro posledn\u00ed song t\u0159et\u00edho alba SP se stal seri\u00e1l Hrdinov\u00e9 (Heroes) &#8211; a to konkr\u00e9tn\u011b postava Petera Petrelliho (kter\u00e1 m\u00e1 schopnost absorbovat schopnosti ostatn\u00edch &#8222;hrdin\u016f&#8220;), kter\u00fd se pokou\u0161\u00ed zachr\u00e1nit sv\u011bt. Pierre o &#8222;What If&#8220; \u0159ekl toto:<\/p>\n<blockquote><p><i>&#8222;Posledn\u00edch n\u011bkolik let jsme se hodn\u011b d\u00edvali na r\u016fzn\u00e9 televizn\u00ed seri\u00e1ly a Heroes n\u00e1s naprosto dostali. Bylo to tak trochu inspirov\u00e1no postavou Petera Petrelliho, kter\u00fd se c\u00edt\u00ed t\u00fdran\u00fd a sna\u017e\u00ed se ud\u011blat tu spr\u00e1vnou v\u011bc, kdy\u017e je hodn\u011b lid\u00ed proti n\u011bmu. Takhle jsme to pro na\u0161i p\u00edse\u0148 vid\u011bli. Mysl\u00edm si, \u017ee jestli se n\u011bkdo sna\u017e\u00ed ud\u011blat n\u011bco d\u016fle\u017eit\u00e9ho nebo n\u011bco, co by m\u011blo vypadat trochu kontroverzn\u011b, kdy\u017e t\u00edm proch\u00e1z\u00ed\u0161, mus\u00ed\u0161 j\u00edt p\u0159es p\u0159ek\u00e1\u017eky a je to trochu matouc\u00ed, proto\u017ee nev\u00ed\u0161, jestli to chce\u0161 ud\u011blat, nebo ne. Pod\u00edvejte se na n\u011bkoho, jako je t\u0159eba Al Gore, sebral v\u0161echnu svou odvahu a za\u010dal d\u011blat \u0161\u00edlen\u00e9 v\u011bci a mysl\u00edm si, \u017ee proti n\u011bmu pravd\u011bpodobn\u011b stoj\u00ed slu\u0161n\u00e1 \u0159\u00e1dka lid\u00ed. Je to o takov\u00e9m pocitu, kter\u00fd m\u00e1te, kdy\u017e takov\u00fdmito v\u011bcmi proch\u00e1z\u00edte.&#8220;<\/i><br \/>\n<center>&#8211; Pierre Bouvier &#8211;<\/center><\/p><\/blockquote>\n<div class=\"girls\"><b><u>Text p\u00edsn\u011b<\/u><\/b><\/div>\n<p><center><br \/>\nWhat if I lead the way<br \/>\nWhat if I make mistakes<br \/>\nWill you be there?<br \/>\nWhat if I change the world<br \/>\nWhat if I take the blame<br \/>\nWill you be there?<\/center><\/p>\n<p><center>I remember going back<br \/>\nTo the place we used to lay<br \/>\nBut I keep losing track<br \/>\nAnd now the days they all turn black<br \/>\nAnd our dreams all start to fade<br \/>\nBut there&#8217;s no turning back<\/center><\/p>\n<p><center>Cause the world keeps turning<br \/>\nWhy do you tell me you care<br \/>\nIf you&#8217;re not gonna stay?<br \/>\nMy heart&#8217;s still burning<br \/>\nWhy do you tell me you care?<\/center><\/p>\n<p><center>What if I change the world<br \/>\nIf I lead the way<br \/>\nWhat if I be the one<br \/>\nThat takes the blame<br \/>\nWhat if I can&#8217;t go on without you<br \/>\nWhat if I graduate<br \/>\nWhat if I don&#8217;t?<br \/>\nWhat if I don&#8217;t?<\/center><\/p>\n<p><center>I&#8217;m slowly giving up<br \/>\nAs the world keeps losing faith<br \/>\nAnd you still turn your back<br \/>\nNow the path I follow<br \/>\nTakes a toll on me, on you<br \/>\nBut there&#8217;s no turning back<\/center><\/p>\n<p><center>Cause the world keeps turning<br \/>\nWhy do you tell me you care<br \/>\nIf you&#8217;re not gonna stay?<br \/>\nMy heart&#8217;s still burning<br \/>\nWhy do you tell me you care?<\/center><\/p>\n<p>What if I change the world<br \/>\nIf I lead the way<br \/>\nWhat if I be the one<br \/>\nThat takes the blame<br \/>\nWhat if I can&#8217;t go on without you<br \/>\nWhat if I graduate<br \/>\nWhat if I don&#8217;t?<br \/>\nWhat if I don&#8217;t?<br \/>\nWhat if I don&#8217;t?<br \/>\nWhat if I don&#8217;t?<br \/>\nWhat if I don&#8217;t?<br \/>\nWhat if I don&#8217;t?<\/center><\/p>\n<p><center>I&#8217;ll be waiting here<br \/>\nI&#8217;ll be waiting here<br \/>\nI&#8217;ll be waiting here<br \/>\nFor you to call me<\/center><\/p>\n<p><center>I&#8217;ll be waiting here<br \/>\nI&#8217;ll be waiting here<br \/>\nI&#8217;ll be waiting here<br \/>\nFor you to call me<\/center><\/p>\n<p><center>I&#8217;ll be waiting here<br \/>\nI&#8217;ll be waiting here<br \/>\nI&#8217;ll be waiting here<br \/>\nFor you to call me<\/center><\/p>\n<p><center>What if I lead the way<br \/>\nWhat if I graduate<br \/>\nWhat if I change the world<br \/>\nWould you still remember me?<\/center><\/p>\n<p><center>What if I lead the way<br \/>\nWhat if I graduate<br \/>\nWhat if I change the world<br \/>\nWould you still remember me?<\/center><\/p>\n<p><center>I&#8217;ll be waiting here<br \/>\nI&#8217;ll be waiting here<br \/>\nI&#8217;ll be waiting here<br \/>\nFor you to call me<\/center><\/p>\n<p><center>I&#8217;ll be waiting here<br \/>\nI&#8217;ll be waiting here<br \/>\nI&#8217;ll be waiting here<br \/>\nFor you to call me <\/p>\n<p><\/center><\/p>\n<div class=\"girls\"><b><u>\u010cesk\u00fd p\u0159eklad<\/u><\/b><\/div>\n<p><center><br \/>\nCo kdy\u017e budu v\u016fdcem<br \/>\nCo kdy\u017e ud\u011bl\u00e1m chyby<br \/>\nBude\u0161 tu?<br \/>\nCo kdy\u017e zm\u011bn\u00edm sv\u011bt<br \/>\nCo kdy\u017e na sebe vezmu vinu<br \/>\nBude\u0161 tu?<\/center><\/p>\n<p><center>Vzpom\u00edn\u00e1m si<br \/>\nNa m\u00edsto, kde jsme leh\u00e1vali<br \/>\nAle ztr\u00e1c\u00edm se<br \/>\nA te\u010f v\u0161echny ty dny z\u010dern\u00e1vaj\u00ed<br \/>\nA na\u0161e sny se v\u0161echny za\u010d\u00ednaj\u00ed rozpl\u00fdvat<br \/>\nAle nen\u00ed tu \u017e\u00e1dn\u00e9 cesty zp\u00e1tky<\/center><\/p>\n<p><center>Proto\u017ee se sv\u011bt nep\u0159est\u00e1v\u00e1 ot\u00e1\u010det<br \/>\nPro\u010d mi \u0159\u00edk\u00e1\u0161, \u017ee t\u011b zaj\u00edm\u00e1m<br \/>\nKdy\u017e nez\u016fstane\u0161?<br \/>\nM\u00e9 srdce st\u00e1le ho\u0159\u00ed<br \/>\nPro\u010d mi \u0159\u00edk\u00e1\u0161, \u017ee t\u011b zaj\u00edm\u00e1m?<\/center><\/p>\n<p><center>Co kdy\u017e zm\u011bn\u00edm sv\u011bt<br \/>\nKdy\u017e budu v\u016fdcem<br \/>\nCo kdy\u017e budu t\u00edm<br \/>\nKdo na sebe vezme vinu<br \/>\nCo kdy\u017e nem\u016f\u017eu bez tebe pokra\u010dovat?<br \/>\nCo kdy\u017e postoup\u00edm d\u00e1l?<br \/>\nA co kdy\u017e ne?<br \/>\nA co kdy\u017e ne?<\/center><\/p>\n<p><center>Pomalu se vzd\u00e1v\u00e1m<br \/>\nZat\u00edmco sv\u011bt ztr\u00e1c\u00ed v\u00edru<br \/>\nA ty jsi ke mn\u011b st\u00e1le oto\u010den\u00e1 z\u00e1dy<br \/>\nA ta cesta, po kter\u00e9 jdu<br \/>\nNa mn\u011b, na tob\u011b si vyb\u00edr\u00e1 svou da\u0148<br \/>\nAle nen\u00ed \u017e\u00e1dn\u00e9 cesty zp\u00e1tky<\/center><\/p>\n<p><center>Proto\u017ee se sv\u011bt nep\u0159est\u00e1v\u00e1 ot\u00e1\u010det<br \/>\nPro\u010d mi \u0159\u00edk\u00e1\u0161, \u017ee t\u011b zaj\u00edm\u00e1m<br \/>\nKdy\u017e nez\u016fstane\u0161?<br \/>\nM\u00e9 srdce st\u00e1le ho\u0159\u00ed<br \/>\nPro\u010d mi \u0159\u00edk\u00e1\u0161, \u017ee t\u011b zaj\u00edm\u00e1m?<\/center><\/p>\n<p><center>Co kdy\u017e zm\u011bn\u00edm sv\u011bt<br \/>\nKdy\u017e budu v\u00e9st na t\u00e9to cest\u011b<br \/>\nCo kdy\u017e budu t\u00edm<br \/>\nKdo na sebe vezme vinu<br \/>\nCo kdy\u017e nem\u016f\u017eu bez tebe pokra\u010dovat?<br \/>\nCo kdy\u017e postoup\u00edm d\u00e1l?<br \/>\nA co kdy\u017e ne?<br \/>\nA co kdy\u017e ne?<br \/>\nA co kdy\u017e ne?<br \/>\nA co kdy\u017e ne?<br \/>\nA co kdy\u017e ne?<\/center><\/p>\n<p><center>Budu tu \u010dekat<br \/>\nBudu tu \u010dekat<br \/>\nBudu tu \u010dekat<br \/>\nA\u017e mi zavol\u00e1\u0161<\/center><\/p>\n<p><center>Budu tu \u010dekat<br \/>\nBudu tu \u010dekat<br \/>\nBudu tu \u010dekat<br \/>\nA\u017e mi zavol\u00e1\u0161<\/center><\/p>\n<p><center>Budu tu \u010dekat<br \/>\nBudu tu \u010dekat<br \/>\nBudu tu \u010dekat<br \/>\nA\u017e mi zavol\u00e1\u0161<\/center><\/p>\n<p><center>Co kdy\u017e budu v\u016fdcem<br \/>\nCo kdy\u017e postoup\u00edm d\u00e1l?<br \/>\nCo kdy\u017e zm\u011bn\u00edm sv\u011bt<br \/>\nPo\u0159\u00e1d si m\u011b bude\u0161 pamatovat?<\/center><\/p>\n<p><center>Co kdy\u017e budu v\u016fdcem<br \/>\nCo kdy\u017e postoup\u00edm d\u00e1l?<br \/>\nCo kdy\u017e zm\u011bn\u00edm sv\u011bt<br \/>\nPo\u0159\u00e1d si m\u011b bude\u0161 pamatovat?<\/center><\/p>\n<p><center>Budu tu \u010dekat<br \/>\nBudu tu \u010dekat<br \/>\nBudu tu \u010dekat<br \/>\nA\u017e mi zavol\u00e1\u0161<\/center><\/p>\n<p><center>Budu tu \u010dekat<br \/>\nBudu tu \u010dekat<br \/>\nBudu tu \u010dekat<br \/>\nA\u017e mi zavol\u00e1\u0161<br \/>\n<\/center><\/p>\n<\/div>\n<div class=\"fblikebutton_button\" style=\"float: left; padding-top: 20px; margin-right: 20px; padding-bottom: 20px; padding-left: 20px;\"><iframe src=\"http:\/\/www.facebook.com\/plugins\/like.php?href=https%3A%2F%2Fwww.simpleplan.cz%2Fcz%2Findex.php%2Fkapela%2Fdiskografie%2Fwhat-if%2F&amp;layout=standard&amp;show-faces=false&amp;width=450&amp;action=like&amp;colorscheme=light\" scrolling=\"no\" frameborder=\"0\" allowTransparency=\"true\" style=\"border:none; overflow:hidden; width:450px; height:26px\"><\/iframe><\/div>\n","protected":false},"excerpt":{"rendered":"<p>Z\u00e1kladn\u00ed info Album: Simple Plan Auto\u0159i textu: Pierre Bouvier, Chuck Comeau, Arnold Lanni Dodate\u010dn\u00e1 spolupr\u00e1ce:<\/p>\n","protected":false},"author":5,"featured_media":0,"parent":5273,"menu_order":0,"comment_status":"open","ping_status":"open","template":"page-templates\/full-width.php","meta":{"footnotes":""},"yoast_head":"<!-- This site is optimized with the Yoast SEO plugin v20.9 - https:\/\/yoast.com\/wordpress\/plugins\/seo\/ -->\n<title>What If | CZ: SimplePlan.cz<\/title>\n<meta name=\"robots\" content=\"index, follow, max-snippet:-1, max-image-preview:large, max-video-preview:-1\" \/>\n<link rel=\"canonical\" href=\"https:\/\/www.simpleplan.cz\/cz\/index.php\/kapela\/diskografie\/what-if\/\" \/>\n<meta property=\"og:locale\" content=\"cs_CZ\" \/>\n<meta property=\"og:type\" content=\"article\" \/>\n<meta property=\"og:title\" content=\"What If | CZ: SimplePlan.cz\" \/>\n<meta property=\"og:description\" content=\"Z\u00e1kladn\u00ed info Album: Simple Plan Auto\u0159i textu: Pierre Bouvier, Chuck Comeau, Arnold Lanni Dodate\u010dn\u00e1 spolupr\u00e1ce:\" \/>\n<meta property=\"og:url\" content=\"https:\/\/www.simpleplan.cz\/cz\/index.php\/kapela\/diskografie\/what-if\/\" \/>\n<meta property=\"og:site_name\" content=\"CZ: SimplePlan.cz\" \/>\n<meta property=\"article:publisher\" content=\"http:\/\/www.facebook.com\/simpleplancz\" \/>\n<meta property=\"article:modified_time\" content=\"2023-06-26T07:29:58+00:00\" \/>\n<meta property=\"og:image\" content=\"http:\/\/www.simpleplan.cz\/cz\/wp-content\/uploads\/logo.gif\" \/>\n<meta name=\"twitter:card\" content=\"summary_large_image\" \/>\n<meta name=\"twitter:site\" content=\"@simpleplancz\" \/>\n<meta name=\"twitter:label1\" content=\"Odhadovan\u00e1 doba \u010dten\u00ed\" \/>\n\t<meta name=\"twitter:data1\" content=\"5 minut\" \/>\n<script type=\"application\/ld+json\" class=\"yoast-schema-graph\">{\"@context\":\"https:\/\/schema.org\",\"@graph\":[{\"@type\":\"WebPage\",\"@id\":\"https:\/\/www.simpleplan.cz\/cz\/index.php\/kapela\/diskografie\/what-if\/\",\"url\":\"https:\/\/www.simpleplan.cz\/cz\/index.php\/kapela\/diskografie\/what-if\/\",\"name\":\"What If | CZ: SimplePlan.cz\",\"isPartOf\":{\"@id\":\"https:\/\/www.simpleplan.cz\/cz\/#website\"},\"datePublished\":\"2012-07-27T19:29:41+00:00\",\"dateModified\":\"2023-06-26T07:29:58+00:00\",\"breadcrumb\":{\"@id\":\"https:\/\/www.simpleplan.cz\/cz\/index.php\/kapela\/diskografie\/what-if\/#breadcrumb\"},\"inLanguage\":\"cs\",\"potentialAction\":[{\"@type\":\"ReadAction\",\"target\":[\"https:\/\/www.simpleplan.cz\/cz\/index.php\/kapela\/diskografie\/what-if\/\"]}]},{\"@type\":\"BreadcrumbList\",\"@id\":\"https:\/\/www.simpleplan.cz\/cz\/index.php\/kapela\/diskografie\/what-if\/#breadcrumb\",\"itemListElement\":[{\"@type\":\"ListItem\",\"position\":1,\"name\":\"Dom\u016f\",\"item\":\"https:\/\/www.simpleplan.cz\/cz\/\"},{\"@type\":\"ListItem\",\"position\":2,\"name\":\"Kapela\",\"item\":\"https:\/\/www.simpleplan.cz\/cz\/index.php\/kapela\/\"},{\"@type\":\"ListItem\",\"position\":3,\"name\":\"Diskografie\",\"item\":\"https:\/\/www.simpleplan.cz\/cz\/index.php\/kapela\/diskografie\/\"},{\"@type\":\"ListItem\",\"position\":4,\"name\":\"What If\"}]},{\"@type\":\"WebSite\",\"@id\":\"https:\/\/www.simpleplan.cz\/cz\/#website\",\"url\":\"https:\/\/www.simpleplan.cz\/cz\/\",\"name\":\"CZ: SimplePlan.cz\",\"description\":\"Nejlep\u0161\u00ed zdroj informac\u00ed o kapele Simple Plan\",\"publisher\":{\"@id\":\"https:\/\/www.simpleplan.cz\/cz\/#organization\"},\"potentialAction\":[{\"@type\":\"SearchAction\",\"target\":{\"@type\":\"EntryPoint\",\"urlTemplate\":\"https:\/\/www.simpleplan.cz\/cz\/?s={search_term_string}\"},\"query-input\":\"required name=search_term_string\"}],\"inLanguage\":\"cs\"},{\"@type\":\"Organization\",\"@id\":\"https:\/\/www.simpleplan.cz\/cz\/#organization\",\"name\":\"CZ: SimplePlan.cz\",\"url\":\"https:\/\/www.simpleplan.cz\/cz\/\",\"logo\":{\"@type\":\"ImageObject\",\"inLanguage\":\"cs\",\"@id\":\"https:\/\/www.simpleplan.cz\/cz\/#\/schema\/logo\/image\/\",\"url\":\"https:\/\/www.simpleplan.cz\/cz\/wp-content\/uploads\/spczlogo.png\",\"contentUrl\":\"https:\/\/www.simpleplan.cz\/cz\/wp-content\/uploads\/spczlogo.png\",\"width\":250,\"height\":190,\"caption\":\"CZ: SimplePlan.cz\"},\"image\":{\"@id\":\"https:\/\/www.simpleplan.cz\/cz\/#\/schema\/logo\/image\/\"},\"sameAs\":[\"http:\/\/www.facebook.com\/simpleplancz\",\"https:\/\/twitter.com\/simpleplancz\",\"http:\/\/www.instagram.com\/simpleplancz\",\"http:\/\/www.youtube.com\/simpleplancz\"]}]}<\/script>\n<!-- \/ Yoast SEO plugin. -->","yoast_head_json":{"title":"What If | CZ: SimplePlan.cz","robots":{"index":"index","follow":"follow","max-snippet":"max-snippet:-1","max-image-preview":"max-image-preview:large","max-video-preview":"max-video-preview:-1"},"canonical":"https:\/\/www.simpleplan.cz\/cz\/index.php\/kapela\/diskografie\/what-if\/","og_locale":"cs_CZ","og_type":"article","og_title":"What If | CZ: SimplePlan.cz","og_description":"Z\u00e1kladn\u00ed info Album: Simple Plan Auto\u0159i textu: Pierre Bouvier, Chuck Comeau, Arnold Lanni Dodate\u010dn\u00e1 spolupr\u00e1ce:","og_url":"https:\/\/www.simpleplan.cz\/cz\/index.php\/kapela\/diskografie\/what-if\/","og_site_name":"CZ: SimplePlan.cz","article_publisher":"http:\/\/www.facebook.com\/simpleplancz","article_modified_time":"2023-06-26T07:29:58+00:00","og_image":[{"url":"http:\/\/www.simpleplan.cz\/cz\/wp-content\/uploads\/logo.gif"}],"twitter_card":"summary_large_image","twitter_site":"@simpleplancz","twitter_misc":{"Odhadovan\u00e1 doba \u010dten\u00ed":"5 minut"},"schema":{"@context":"https:\/\/schema.org","@graph":[{"@type":"WebPage","@id":"https:\/\/www.simpleplan.cz\/cz\/index.php\/kapela\/diskografie\/what-if\/","url":"https:\/\/www.simpleplan.cz\/cz\/index.php\/kapela\/diskografie\/what-if\/","name":"What If | CZ: SimplePlan.cz","isPartOf":{"@id":"https:\/\/www.simpleplan.cz\/cz\/#website"},"datePublished":"2012-07-27T19:29:41+00:00","dateModified":"2023-06-26T07:29:58+00:00","breadcrumb":{"@id":"https:\/\/www.simpleplan.cz\/cz\/index.php\/kapela\/diskografie\/what-if\/#breadcrumb"},"inLanguage":"cs","potentialAction":[{"@type":"ReadAction","target":["https:\/\/www.simpleplan.cz\/cz\/index.php\/kapela\/diskografie\/what-if\/"]}]},{"@type":"BreadcrumbList","@id":"https:\/\/www.simpleplan.cz\/cz\/index.php\/kapela\/diskografie\/what-if\/#breadcrumb","itemListElement":[{"@type":"ListItem","position":1,"name":"Dom\u016f","item":"https:\/\/www.simpleplan.cz\/cz\/"},{"@type":"ListItem","position":2,"name":"Kapela","item":"https:\/\/www.simpleplan.cz\/cz\/index.php\/kapela\/"},{"@type":"ListItem","position":3,"name":"Diskografie","item":"https:\/\/www.simpleplan.cz\/cz\/index.php\/kapela\/diskografie\/"},{"@type":"ListItem","position":4,"name":"What If"}]},{"@type":"WebSite","@id":"https:\/\/www.simpleplan.cz\/cz\/#website","url":"https:\/\/www.simpleplan.cz\/cz\/","name":"CZ: SimplePlan.cz","description":"Nejlep\u0161\u00ed zdroj informac\u00ed o kapele Simple Plan","publisher":{"@id":"https:\/\/www.simpleplan.cz\/cz\/#organization"},"potentialAction":[{"@type":"SearchAction","target":{"@type":"EntryPoint","urlTemplate":"https:\/\/www.simpleplan.cz\/cz\/?s={search_term_string}"},"query-input":"required name=search_term_string"}],"inLanguage":"cs"},{"@type":"Organization","@id":"https:\/\/www.simpleplan.cz\/cz\/#organization","name":"CZ: SimplePlan.cz","url":"https:\/\/www.simpleplan.cz\/cz\/","logo":{"@type":"ImageObject","inLanguage":"cs","@id":"https:\/\/www.simpleplan.cz\/cz\/#\/schema\/logo\/image\/","url":"https:\/\/www.simpleplan.cz\/cz\/wp-content\/uploads\/spczlogo.png","contentUrl":"https:\/\/www.simpleplan.cz\/cz\/wp-content\/uploads\/spczlogo.png","width":250,"height":190,"caption":"CZ: SimplePlan.cz"},"image":{"@id":"https:\/\/www.simpleplan.cz\/cz\/#\/schema\/logo\/image\/"},"sameAs":["http:\/\/www.facebook.com\/simpleplancz","https:\/\/twitter.com\/simpleplancz","http:\/\/www.instagram.com\/simpleplancz","http:\/\/www.youtube.com\/simpleplancz"]}]}},"_links":{"self":[{"href":"https:\/\/www.simpleplan.cz\/cz\/index.php\/wp-json\/wp\/v2\/pages\/11044"}],"collection":[{"href":"https:\/\/www.simpleplan.cz\/cz\/index.php\/wp-json\/wp\/v2\/pages"}],"about":[{"href":"https:\/\/www.simpleplan.cz\/cz\/index.php\/wp-json\/wp\/v2\/types\/page"}],"author":[{"embeddable":true,"href":"https:\/\/www.simpleplan.cz\/cz\/index.php\/wp-json\/wp\/v2\/users\/5"}],"replies":[{"embeddable":true,"href":"https:\/\/www.simpleplan.cz\/cz\/index.php\/wp-json\/wp\/v2\/comments?post=11044"}],"version-history":[{"count":8,"href":"https:\/\/www.simpleplan.cz\/cz\/index.php\/wp-json\/wp\/v2\/pages\/11044\/revisions"}],"predecessor-version":[{"id":23264,"href":"https:\/\/www.simpleplan.cz\/cz\/index.php\/wp-json\/wp\/v2\/pages\/11044\/revisions\/23264"}],"up":[{"embeddable":true,"href":"https:\/\/www.simpleplan.cz\/cz\/index.php\/wp-json\/wp\/v2\/pages\/5273"}],"wp:attachment":[{"href":"https:\/\/www.simpleplan.cz\/cz\/index.php\/wp-json\/wp\/v2\/media?parent=11044"}],"curies":[{"name":"wp","href":"https:\/\/api.w.org\/{rel}","templated":true}]}}