{"id":11049,"date":"2012-07-27T21:47:09","date_gmt":"2012-07-27T19:47:09","guid":{"rendered":"http:\/\/www.simpleplan.cz\/cz\/?page_id=11049"},"modified":"2023-06-26T09:29:58","modified_gmt":"2023-06-26T07:29:58","slug":"untitled-how-could-this-happen-to-me","status":"publish","type":"page","link":"https:\/\/www.simpleplan.cz\/cz\/index.php\/kapela\/diskografie\/untitled-how-could-this-happen-to-me\/","title":{"rendered":"Untitled (How Could This Happen To Me?)"},"content":{"rendered":"<div class=\"pagecontent\">\n<div class=\"girls\"><b><u>Z\u00e1kladn\u00ed info<\/u><\/b><\/div>\n<p><b>Album:<\/b> Still Not Getting Any<br \/>\n<b>Auto\u0159i textu:<\/b> Pierre Bouvier, Chuck Comeau<br \/>\n<b>Dodate\u010dn\u00e1 spolupr\u00e1ce:<\/b> Bob Rock (produkce), Bill Sample (pi\u00e1no), Bob Buckley (dirigent smy\u010dcov\u00e9ho orchestru)<br \/>\n<b>D\u00e9lka p\u00edsn\u011b:<\/b> 3:58<br \/>\n<b>Single vyd\u00e1n:<\/b> 1. dubna 2005<br \/>\n<b>Videoklip vyd\u00e1n:<\/b> 26. dubna 2005<br \/>\n<b>Obal singlu:<\/b> <a href=\"http:\/\/www.simpleplan.cz\/gallery\/thumbnails.php?album=37\" target=\"_blank\" rel=\"noopener\">zde<\/a><\/p>\n<div class=\"girls\"><b><u>V\u00fdznam p\u00edsn\u011b<\/u><\/b><\/div>\n<p>Tato balada, kter\u00e1 se objevila na albu Still Not Getting Any podporuje kampa\u0148 &#8222;Don&#8217;t Drink And Drive&#8220; (v p\u0159ekladu: &#8222;Nepij, kdy\u017e \u0159\u00edd\u00ed\u0161&#8220;) a to nejen, proto\u017ee se toto t\u00e9ma objevilo ve videoklipu tohoto songu, ale hlavn\u011b proto, \u017ee kluci sami je\u0161t\u011b na sv\u00e9 st\u0159edn\u00ed \u0161kole pro\u017eili ztr\u00e1tu dvou kamar\u00e1d\u016f, kte\u0159\u00ed zem\u0159eli na n\u00e1sledky autohav\u00e1rie, zavin\u011bnou opil\u00fdm \u0159idi\u010dem. <\/p>\n<p>Text p\u00edsn\u011b je p\u0159edev\u0161\u00edm o tom, kdy\u017e si \u010dlov\u011bk d\u00e1v\u00e1 za vinu v\u0161echny \u0161patn\u00e9 v\u011bci, kter\u00e9 se kolem n\u011bj d\u011bj\u00ed.<\/p>\n<p>Videoklip k t\u00e9to p\u00edsni je od t\u00e9 doby pou\u017e\u00edv\u00e1n nap\u0159\u00edklad v mnoh\u00fdch programech pro mlad\u00e9 \u0159idi\u010de, aby tito lid\u00e9 vid\u011bli, jak\u00e9 d\u016fsledky m\u016f\u017ee alkohol za volantem zp\u016fsobit.<\/p>\n<p>Alternativn\u00edmi n\u00e1zvy t\u00e9to p\u00edsn\u011b bylo krom\u011b \u010dasto pou\u017e\u00edvan\u00e9ho &#8222;How Could This Happen To Me?&#8220; (aby se dala p\u00edse\u0148 l\u00e9pe odli\u0161it od dal\u0161\u00edch tak\u00e9 pojmenovan\u00fdch Untitled), tak\u00e9 nap\u0159\u00edklad &#8222;How Can This Happen&#8220; nebo &#8222;How Can This Happen To Me&#8220;.<\/p>\n<div class=\"girls\"><b><u>Videoklip<\/u><\/b><\/div>\n<p><center><object width=\"480\" height=\"270\"><param name=\"movie\" value=\"http:\/\/www.youtube.com\/v\/ZQ7oqmikZDQ?version=3&amp;hl=en_US\"><\/param><param name=\"allowFullScreen\" value=\"true\"><\/param><param name=\"allowscriptaccess\" value=\"always\"><\/param><embed src=\"http:\/\/www.youtube.com\/v\/ZQ7oqmikZDQ?version=3&amp;hl=en_US\" type=\"application\/x-shockwave-flash\" width=\"480\" height=\"270\" allowscriptaccess=\"always\" allowfullscreen=\"true\"><\/embed><\/object><\/center><\/p>\n<div class=\"girls\"><b><u>Text p\u00edsn\u011b<\/u><\/b><\/div>\n<p><center><br \/>\nI open my eyes<br \/>\nI try to see but I\u2019m blinded by the white light<br \/>\nI can\u2019t remember how<br \/>\nI can\u2019t remember why<br \/>\nI\u2019m lying here tonight<\/center><\/p>\n<p><center>And I can\u2019t stand the pain<br \/>\nAnd I can\u2019t make it go away<br \/>\nNo I can\u2019t stand the pain<\/center><\/p>\n<p><center>How could this happen to me<br \/>\nI made my mistakes<br \/>\nI\u2019ve got no where to run<br \/>\nThe night goes on<br \/>\nAs I\u2019m fading away<br \/>\nI\u2019m sick of this life<br \/>\nI just wanna scream<br \/>\nHow could this happen to me<\/center><\/p>\n<p><center>Everybody\u2019s screaming<br \/>\nI try to make a sound but no one hears me<br \/>\nI\u2019m slipping off the edge<br \/>\nI\u2019m hanging by a thread<br \/>\nI wanna start this over again<\/center><\/p>\n<p><center>So I try to hold onto a time when nothing mattered<br \/>\nAnd I can\u2019t explain what happened<br \/>\nAnd I can\u2019t erase the things that I\u2019ve done<br \/>\nNo I can\u2019t<\/center><\/p>\n<p><center>How could this happen to me<br \/>\nI made my mistakes<br \/>\nI\u2019ve got no where to run<br \/>\nThe night goes on<br \/>\nAs I\u2019m fading away<br \/>\nI\u2019m sick of this life<br \/>\nI just wanna scream<br \/>\nHow could this happen to me<\/center><\/p>\n<p><center>I made my mistakes<br \/>\nI\u2019ve got no where to run<br \/>\nThe night goes on<br \/>\nAs I\u2019m fading away<br \/>\nI\u2019m sick of this life<br \/>\nI just wanna scream<br \/>\nHow could this happen to me<\/p>\n<p><\/center><\/p>\n<div class=\"girls\"><b><u>\u010cesk\u00fd p\u0159eklad<\/u><\/b><\/div>\n<p><center><br \/>\nOtev\u0159u o\u010di<br \/>\nSna\u017e\u00edm se vid\u011bt, ale jsem oslepen\u00fd b\u00edl\u00fdm sv\u011btlem,<br \/>\nNem\u016f\u017eu si vzpomenout jak<br \/>\nNem\u016f\u017eu si vzpomenout pro\u010d<br \/>\nTu dnes ve\u010der le\u017e\u00edm<\/center><\/p>\n<p><center>A nem\u016f\u017eu vyst\u00e1t tu bolest<br \/>\nA nem\u016f\u017eu ji odehnat pry\u010d<br \/>\nNe, nem\u016f\u017eu tu bolest vyst\u00e1t<\/center><\/p>\n<p><center>Jak se mi tohle mohlo st\u00e1t<br \/>\nUd\u011blal jsem svoje chyby<br \/>\nNem\u00e1m kam b\u011b\u017eet<br \/>\nNoc pokra\u010duje<br \/>\nZat\u00edmco se vytr\u00e1c\u00edm<br \/>\nJe mi \u0161patn\u011b z tohoto \u017eivota<br \/>\nProst\u011b chci k\u0159i\u010det<br \/>\nJak se mi tohle mohlo st\u00e1t<\/center><\/p>\n<p><center>Ka\u017ed\u00fd k\u0159i\u010d\u00ed<br \/>\nSna\u017e\u00edm se ud\u011blat zvuk, ale nikdo m\u011b nesly\u0161\u00ed<br \/>\nSklouz\u00e1v\u00e1m z okraje<br \/>\nVis\u00edm na vl\u00e1sku<br \/>\nChci to za\u010d\u00edt od za\u010d\u00e1tku<\/center><\/p>\n<p><center>Tak se sna\u017e\u00edm dr\u017e\u00edm t\u00e9 doby, kdy na ni\u010dem nez\u00e1le\u017eelo<br \/>\nA neum\u00edm vysv\u011btlit, co se stalo<br \/>\nA nem\u016f\u017eu vymazat v\u011bci, kter\u00e9 jsem ud\u011blal<br \/>\nNe, nem\u016f\u017eu<\/center><\/p>\n<p><center>Jak se mi tohle mohlo st\u00e1t<br \/>\nUd\u011blal jsem svoje chyby<br \/>\nNem\u00e1m kam b\u011b\u017eet<br \/>\nNoc pokra\u010duje<br \/>\nZat\u00edmco se vytr\u00e1c\u00edm<br \/>\nJe mi \u0161patn\u011b z tohoto \u017eivota<br \/>\nProst\u011b chci k\u0159i\u010det<br \/>\nJak se mi tohle mohlo st\u00e1t<\/center><\/p>\n<p><center>Ud\u011blal jsem svoje chyby<br \/>\nNem\u00e1m kam b\u011b\u017eet<br \/>\nNoc pokra\u010duje<br \/>\nZat\u00edmco se vytr\u00e1c\u00edm<br \/>\nJe mi \u0161patn\u011b z tohoto \u017eivota<br \/>\nProst\u011b chci k\u0159i\u010det<br \/>\nJak se mi tohle mohlo st\u00e1t<br \/>\n<\/center>\n<\/div>\n<div class=\"fblikebutton_button\" style=\"float: left; padding-top: 20px; margin-right: 20px; padding-bottom: 20px; padding-left: 20px;\"><iframe src=\"http:\/\/www.facebook.com\/plugins\/like.php?href=https%3A%2F%2Fwww.simpleplan.cz%2Fcz%2Findex.php%2Fkapela%2Fdiskografie%2Funtitled-how-could-this-happen-to-me%2F&amp;layout=standard&amp;show-faces=false&amp;width=450&amp;action=like&amp;colorscheme=light\" scrolling=\"no\" frameborder=\"0\" allowTransparency=\"true\" style=\"border:none; overflow:hidden; width:450px; height:26px\"><\/iframe><\/div>\n","protected":false},"excerpt":{"rendered":"<p>Z\u00e1kladn\u00ed info Album: Still Not Getting Any Auto\u0159i textu: Pierre Bouvier, Chuck Comeau Dodate\u010dn\u00e1 spolupr\u00e1ce:<\/p>\n","protected":false},"author":5,"featured_media":0,"parent":5273,"menu_order":0,"comment_status":"open","ping_status":"open","template":"page-templates\/full-width.php","meta":{"footnotes":""},"yoast_head":"<!-- This site is optimized with the Yoast SEO plugin v20.9 - https:\/\/yoast.com\/wordpress\/plugins\/seo\/ -->\n<title>Untitled (How Could This Happen To Me?) | CZ: SimplePlan.cz<\/title>\n<meta name=\"robots\" content=\"index, follow, max-snippet:-1, max-image-preview:large, max-video-preview:-1\" \/>\n<link rel=\"canonical\" href=\"https:\/\/www.simpleplan.cz\/cz\/index.php\/kapela\/diskografie\/untitled-how-could-this-happen-to-me\/\" \/>\n<meta property=\"og:locale\" content=\"cs_CZ\" \/>\n<meta property=\"og:type\" content=\"article\" \/>\n<meta property=\"og:title\" content=\"Untitled (How Could This Happen To Me?) | CZ: SimplePlan.cz\" \/>\n<meta property=\"og:description\" content=\"Z\u00e1kladn\u00ed info Album: Still Not Getting Any Auto\u0159i textu: Pierre Bouvier, Chuck Comeau Dodate\u010dn\u00e1 spolupr\u00e1ce:\" \/>\n<meta property=\"og:url\" content=\"https:\/\/www.simpleplan.cz\/cz\/index.php\/kapela\/diskografie\/untitled-how-could-this-happen-to-me\/\" \/>\n<meta property=\"og:site_name\" content=\"CZ: SimplePlan.cz\" \/>\n<meta property=\"article:publisher\" content=\"http:\/\/www.facebook.com\/simpleplancz\" \/>\n<meta property=\"article:modified_time\" content=\"2023-06-26T07:29:58+00:00\" \/>\n<meta property=\"og:image\" content=\"http:\/\/www.simpleplan.cz\/cz\/wp-content\/uploads\/logo.gif\" \/>\n<meta name=\"twitter:card\" content=\"summary_large_image\" \/>\n<meta name=\"twitter:site\" content=\"@simpleplancz\" \/>\n<meta name=\"twitter:label1\" content=\"Odhadovan\u00e1 doba \u010dten\u00ed\" \/>\n\t<meta name=\"twitter:data1\" content=\"4 minuty\" \/>\n<script type=\"application\/ld+json\" class=\"yoast-schema-graph\">{\"@context\":\"https:\/\/schema.org\",\"@graph\":[{\"@type\":\"WebPage\",\"@id\":\"https:\/\/www.simpleplan.cz\/cz\/index.php\/kapela\/diskografie\/untitled-how-could-this-happen-to-me\/\",\"url\":\"https:\/\/www.simpleplan.cz\/cz\/index.php\/kapela\/diskografie\/untitled-how-could-this-happen-to-me\/\",\"name\":\"Untitled (How Could This Happen To Me?) | CZ: SimplePlan.cz\",\"isPartOf\":{\"@id\":\"https:\/\/www.simpleplan.cz\/cz\/#website\"},\"datePublished\":\"2012-07-27T19:47:09+00:00\",\"dateModified\":\"2023-06-26T07:29:58+00:00\",\"breadcrumb\":{\"@id\":\"https:\/\/www.simpleplan.cz\/cz\/index.php\/kapela\/diskografie\/untitled-how-could-this-happen-to-me\/#breadcrumb\"},\"inLanguage\":\"cs\",\"potentialAction\":[{\"@type\":\"ReadAction\",\"target\":[\"https:\/\/www.simpleplan.cz\/cz\/index.php\/kapela\/diskografie\/untitled-how-could-this-happen-to-me\/\"]}]},{\"@type\":\"BreadcrumbList\",\"@id\":\"https:\/\/www.simpleplan.cz\/cz\/index.php\/kapela\/diskografie\/untitled-how-could-this-happen-to-me\/#breadcrumb\",\"itemListElement\":[{\"@type\":\"ListItem\",\"position\":1,\"name\":\"Dom\u016f\",\"item\":\"https:\/\/www.simpleplan.cz\/cz\/\"},{\"@type\":\"ListItem\",\"position\":2,\"name\":\"Kapela\",\"item\":\"https:\/\/www.simpleplan.cz\/cz\/index.php\/kapela\/\"},{\"@type\":\"ListItem\",\"position\":3,\"name\":\"Diskografie\",\"item\":\"https:\/\/www.simpleplan.cz\/cz\/index.php\/kapela\/diskografie\/\"},{\"@type\":\"ListItem\",\"position\":4,\"name\":\"Untitled (How Could This Happen To Me?)\"}]},{\"@type\":\"WebSite\",\"@id\":\"https:\/\/www.simpleplan.cz\/cz\/#website\",\"url\":\"https:\/\/www.simpleplan.cz\/cz\/\",\"name\":\"CZ: SimplePlan.cz\",\"description\":\"Nejlep\u0161\u00ed zdroj informac\u00ed o kapele Simple Plan\",\"publisher\":{\"@id\":\"https:\/\/www.simpleplan.cz\/cz\/#organization\"},\"potentialAction\":[{\"@type\":\"SearchAction\",\"target\":{\"@type\":\"EntryPoint\",\"urlTemplate\":\"https:\/\/www.simpleplan.cz\/cz\/?s={search_term_string}\"},\"query-input\":\"required name=search_term_string\"}],\"inLanguage\":\"cs\"},{\"@type\":\"Organization\",\"@id\":\"https:\/\/www.simpleplan.cz\/cz\/#organization\",\"name\":\"CZ: SimplePlan.cz\",\"url\":\"https:\/\/www.simpleplan.cz\/cz\/\",\"logo\":{\"@type\":\"ImageObject\",\"inLanguage\":\"cs\",\"@id\":\"https:\/\/www.simpleplan.cz\/cz\/#\/schema\/logo\/image\/\",\"url\":\"https:\/\/www.simpleplan.cz\/cz\/wp-content\/uploads\/spczlogo.png\",\"contentUrl\":\"https:\/\/www.simpleplan.cz\/cz\/wp-content\/uploads\/spczlogo.png\",\"width\":250,\"height\":190,\"caption\":\"CZ: SimplePlan.cz\"},\"image\":{\"@id\":\"https:\/\/www.simpleplan.cz\/cz\/#\/schema\/logo\/image\/\"},\"sameAs\":[\"http:\/\/www.facebook.com\/simpleplancz\",\"https:\/\/twitter.com\/simpleplancz\",\"http:\/\/www.instagram.com\/simpleplancz\",\"http:\/\/www.youtube.com\/simpleplancz\"]}]}<\/script>\n<!-- \/ Yoast SEO plugin. -->","yoast_head_json":{"title":"Untitled (How Could This Happen To Me?) | CZ: SimplePlan.cz","robots":{"index":"index","follow":"follow","max-snippet":"max-snippet:-1","max-image-preview":"max-image-preview:large","max-video-preview":"max-video-preview:-1"},"canonical":"https:\/\/www.simpleplan.cz\/cz\/index.php\/kapela\/diskografie\/untitled-how-could-this-happen-to-me\/","og_locale":"cs_CZ","og_type":"article","og_title":"Untitled (How Could This Happen To Me?) | CZ: SimplePlan.cz","og_description":"Z\u00e1kladn\u00ed info Album: Still Not Getting Any Auto\u0159i textu: Pierre Bouvier, Chuck Comeau Dodate\u010dn\u00e1 spolupr\u00e1ce:","og_url":"https:\/\/www.simpleplan.cz\/cz\/index.php\/kapela\/diskografie\/untitled-how-could-this-happen-to-me\/","og_site_name":"CZ: SimplePlan.cz","article_publisher":"http:\/\/www.facebook.com\/simpleplancz","article_modified_time":"2023-06-26T07:29:58+00:00","og_image":[{"url":"http:\/\/www.simpleplan.cz\/cz\/wp-content\/uploads\/logo.gif"}],"twitter_card":"summary_large_image","twitter_site":"@simpleplancz","twitter_misc":{"Odhadovan\u00e1 doba \u010dten\u00ed":"4 minuty"},"schema":{"@context":"https:\/\/schema.org","@graph":[{"@type":"WebPage","@id":"https:\/\/www.simpleplan.cz\/cz\/index.php\/kapela\/diskografie\/untitled-how-could-this-happen-to-me\/","url":"https:\/\/www.simpleplan.cz\/cz\/index.php\/kapela\/diskografie\/untitled-how-could-this-happen-to-me\/","name":"Untitled (How Could This Happen To Me?) | CZ: SimplePlan.cz","isPartOf":{"@id":"https:\/\/www.simpleplan.cz\/cz\/#website"},"datePublished":"2012-07-27T19:47:09+00:00","dateModified":"2023-06-26T07:29:58+00:00","breadcrumb":{"@id":"https:\/\/www.simpleplan.cz\/cz\/index.php\/kapela\/diskografie\/untitled-how-could-this-happen-to-me\/#breadcrumb"},"inLanguage":"cs","potentialAction":[{"@type":"ReadAction","target":["https:\/\/www.simpleplan.cz\/cz\/index.php\/kapela\/diskografie\/untitled-how-could-this-happen-to-me\/"]}]},{"@type":"BreadcrumbList","@id":"https:\/\/www.simpleplan.cz\/cz\/index.php\/kapela\/diskografie\/untitled-how-could-this-happen-to-me\/#breadcrumb","itemListElement":[{"@type":"ListItem","position":1,"name":"Dom\u016f","item":"https:\/\/www.simpleplan.cz\/cz\/"},{"@type":"ListItem","position":2,"name":"Kapela","item":"https:\/\/www.simpleplan.cz\/cz\/index.php\/kapela\/"},{"@type":"ListItem","position":3,"name":"Diskografie","item":"https:\/\/www.simpleplan.cz\/cz\/index.php\/kapela\/diskografie\/"},{"@type":"ListItem","position":4,"name":"Untitled (How Could This Happen To Me?)"}]},{"@type":"WebSite","@id":"https:\/\/www.simpleplan.cz\/cz\/#website","url":"https:\/\/www.simpleplan.cz\/cz\/","name":"CZ: SimplePlan.cz","description":"Nejlep\u0161\u00ed zdroj informac\u00ed o kapele Simple Plan","publisher":{"@id":"https:\/\/www.simpleplan.cz\/cz\/#organization"},"potentialAction":[{"@type":"SearchAction","target":{"@type":"EntryPoint","urlTemplate":"https:\/\/www.simpleplan.cz\/cz\/?s={search_term_string}"},"query-input":"required name=search_term_string"}],"inLanguage":"cs"},{"@type":"Organization","@id":"https:\/\/www.simpleplan.cz\/cz\/#organization","name":"CZ: SimplePlan.cz","url":"https:\/\/www.simpleplan.cz\/cz\/","logo":{"@type":"ImageObject","inLanguage":"cs","@id":"https:\/\/www.simpleplan.cz\/cz\/#\/schema\/logo\/image\/","url":"https:\/\/www.simpleplan.cz\/cz\/wp-content\/uploads\/spczlogo.png","contentUrl":"https:\/\/www.simpleplan.cz\/cz\/wp-content\/uploads\/spczlogo.png","width":250,"height":190,"caption":"CZ: SimplePlan.cz"},"image":{"@id":"https:\/\/www.simpleplan.cz\/cz\/#\/schema\/logo\/image\/"},"sameAs":["http:\/\/www.facebook.com\/simpleplancz","https:\/\/twitter.com\/simpleplancz","http:\/\/www.instagram.com\/simpleplancz","http:\/\/www.youtube.com\/simpleplancz"]}]}},"_links":{"self":[{"href":"https:\/\/www.simpleplan.cz\/cz\/index.php\/wp-json\/wp\/v2\/pages\/11049"}],"collection":[{"href":"https:\/\/www.simpleplan.cz\/cz\/index.php\/wp-json\/wp\/v2\/pages"}],"about":[{"href":"https:\/\/www.simpleplan.cz\/cz\/index.php\/wp-json\/wp\/v2\/types\/page"}],"author":[{"embeddable":true,"href":"https:\/\/www.simpleplan.cz\/cz\/index.php\/wp-json\/wp\/v2\/users\/5"}],"replies":[{"embeddable":true,"href":"https:\/\/www.simpleplan.cz\/cz\/index.php\/wp-json\/wp\/v2\/comments?post=11049"}],"version-history":[{"count":9,"href":"https:\/\/www.simpleplan.cz\/cz\/index.php\/wp-json\/wp\/v2\/pages\/11049\/revisions"}],"predecessor-version":[{"id":33076,"href":"https:\/\/www.simpleplan.cz\/cz\/index.php\/wp-json\/wp\/v2\/pages\/11049\/revisions\/33076"}],"up":[{"embeddable":true,"href":"https:\/\/www.simpleplan.cz\/cz\/index.php\/wp-json\/wp\/v2\/pages\/5273"}],"wp:attachment":[{"href":"https:\/\/www.simpleplan.cz\/cz\/index.php\/wp-json\/wp\/v2\/media?parent=11049"}],"curies":[{"name":"wp","href":"https:\/\/api.w.org\/{rel}","templated":true}]}}