{"id":11060,"date":"2012-07-28T10:43:51","date_gmt":"2012-07-28T08:43:51","guid":{"rendered":"http:\/\/www.simpleplan.cz\/cz\/?page_id=11060"},"modified":"2023-06-26T09:29:58","modified_gmt":"2023-06-26T07:29:58","slug":"when-im-gone","status":"publish","type":"page","link":"https:\/\/www.simpleplan.cz\/cz\/index.php\/kapela\/diskografie\/when-im-gone\/","title":{"rendered":"When I&#8217;m Gone"},"content":{"rendered":"<div class=\"pagecontent\">\n<div class=\"girls\"><b><u>Z\u00e1kladn\u00ed info<\/u><\/b><\/div>\n<p><b>Album:<\/b> Simple Plan<br \/>\n<b>Auto\u0159i textu:<\/b> Pierre Bouvier, Chuck Comeau<br \/>\n<b>Dodate\u010dn\u00e1 spolupr\u00e1ce:<\/b> Dave Fortman (produkce), Danja (produkce), Liam O&#8217;Neil (kl\u00e1vesy)<br \/>\n<b>D\u00e9lka p\u00edsn\u011b:<\/b> 3:49<br \/>\n<b>Single vyd\u00e1n:<\/b> 29. \u0159\u00edjna 2007<br \/>\n<b>Videoklip vyd\u00e1n:<\/b> 12. prosince 2007<br \/>\n<b>Obal singlu:<\/b> <a href=\"http:\/\/www.simpleplan.cz\/gallery\/thumbnails.php?album=38\" target=\"_blank\" rel=\"noopener\">zde<\/a><\/p>\n<div class=\"girls\"><b><u>V\u00fdznam p\u00edsn\u011b<\/u><\/b><\/div>\n<p>Ohledn\u011b tohoto prvn\u00edho singlu ze t\u0159et\u00edho alba Simple Plan se Pierre vyj\u00e1d\u0159il takto:<\/p>\n<blockquote><p><i>&#8222;Mysl\u00edm si, \u017ee tato p\u00edse\u0148 hodn\u011b reprezentuje to, \u010d\u00edm jsme si jako kapela v za\u010d\u00e1tc\u00edch pro\u0161li. Je o tom, \u017ee by se \u010dlov\u011bk m\u011bl chopit t\u011bch \u0161anc\u00ed, kter\u00e9 m\u00e1 a d\u011blat, co ho bav\u00ed a nehled\u011bt na to, co si o tom mysl\u00ed ostatn\u00ed. Mysl\u00edm si, \u017ee fanou\u0161ci by si z t\u00e9to p\u00edsn\u011b m\u011bli odn\u00e9st ka\u017ed\u00fd n\u011bco vlastn\u00edho &#8211; je to v jist\u00e9m smyslu velmi obecn\u00e1 p\u00edse\u0148 a m\u016f\u017ee m\u00edt mnoho v\u00fdznam\u016f. Ale celkov\u011b je o por\u00e1\u017een\u00ed nep\u0159\u00edzn\u00ed osudu a chopen\u00ed se vlastn\u00edch \u0161anc\u00ed.&#8220;<\/i><br \/>\n<center> &#8211; Pierre Bouvier &#8211; <\/center><\/p><\/blockquote>\n<div class=\"girls\"><b><u>Videoklip<\/u><\/b><\/div>\n<p><center><object width=\"480\" height=\"270\"><param name=\"movie\" value=\"http:\/\/www.youtube.com\/v\/msumWLbq1Dk?version=3&amp;hl=en_US\"><\/param><param name=\"allowFullScreen\" value=\"true\"><\/param><param name=\"allowscriptaccess\" value=\"always\"><\/param><embed src=\"http:\/\/www.youtube.com\/v\/msumWLbq1Dk?version=3&amp;hl=en_US\" type=\"application\/x-shockwave-flash\" width=\"480\" height=\"270\" allowscriptaccess=\"always\" allowfullscreen=\"true\"><\/embed><\/object><\/center><\/p>\n<div class=\"girls\"><b><u>Text p\u00edsn\u011b<\/u><\/b><\/div>\n<p><center><br \/>\nI look around me<br \/>\nBut all I seem to see<br \/>\nIts people going nowhere<br \/>\nExpecting sympathy<br \/>\nIt\u2019s like we\u2019re going through the motions<br \/>\nOf the scripted destiny<br \/>\nTell me where\u2019s our inspiration<br \/>\nIf life won\u2019t wait<br \/>\nI guess it\u2019s up to me<\/center><\/p>\n<p><center>Whoahh<br \/>\nNo we\u2019re not gonna waste another moment in this town<br \/>\nWhoahh<br \/>\nWe wont come back, the world its coming out<br \/>\nWhoahh<br \/>\nLeave the past in the past gonna find the future<br \/>\nAnd misery loves company<br \/>\nWell so long<br \/>\nYou\u2019ll miss me when I\u2019m gone<br \/>\nYou\u2019re gonna miss me when I\u2019m gone<\/center><\/p>\n<p><center>Procrastination running circles in my head<br \/>\nWhile you sit there contemplating you\u2019ll wind up left for dead (left for dead)<br \/>\nLife it\u2019s what happens<br \/>\nWhile you\u2019re busy making your excuses<br \/>\nAnother day, another casualty<br \/>\nBut that won\u2019t happen to me<\/center><\/p>\n<p><center>Whoahh<br \/>\nNo we\u2019re not gonna waste another moment in this town<br \/>\nWhoahh<br \/>\nWe wont come back, the world its coming out<\/center><\/p>\n<p><center>Whoahh<br \/>\nLeave the past in the past gonna find the future<br \/>\nAnd misery loves company<br \/>\nWell so long<br \/>\nYou\u2019ll miss me when I\u2019m gone<br \/>\nYou\u2019re gonna miss me when I\u2019m gone<br \/>\nYou\u2019re gonna miss me when I\u2019m goooone<br \/>\nWhen I\u2019m gooone<\/center><\/p>\n<p><center>Let\u2019s go\u2026!<br \/>\nWon\u2019t look back<br \/>\nWhen I say goodbye<br \/>\nWe\u2019re gonna leave this world behind me<br \/>\nGonna take what\u2019s mine tonight<br \/>\n\u2018cause every wasted day<br \/>\nBecomes a wasted chance<br \/>\nYou\u2019re gonna wake up feeling sorry<br \/>\n\u2018cause life won\u2019t wait<br \/>\nI guess it\u2019s up to you<\/center><\/p>\n<p><center>Whoahh<br \/>\nNo we\u2019re not gonna waste another moment in this town<br \/>\nWhoahh<br \/>\nWe wont come back, the world its coming out<br \/>\nWhoahh<br \/>\nLeave the past in the past gonna find the future<br \/>\nAnd misery loves company<br \/>\nWell so long<br \/>\nYou\u2019ll miss me when I\u2019m gone<br \/>\nYou\u2019re gonna miss me when I\u2019m gone<br \/>\nYou\u2019re gonna miss me when I\u2019m gone<br \/>\nYou\u2019re gonna miss me when I\u2019m gone<br \/>\nYou\u2019re gonna miss me when I\u2019m gone<br \/>\n<\/center><\/p>\n<div class=\"girls\"><b><u>\u010cesk\u00fd p\u0159eklad<\/u><\/b><\/div>\n<p><center><br \/>\nD\u00edv\u00e1m se kolem sebe<br \/>\nA jedin\u00e9, co vid\u00edm<br \/>\nje, \u017ee lidi nejdou nikam<br \/>\nO\u010dek\u00e1vaj\u00edc pochopen\u00ed.<br \/>\nJe to jako kdy\u017e se dr\u017e\u00edme<br \/>\np\u0159edepsan\u00e9ho \u017eivota.<br \/>\n\u0158ekni mi, kde je na\u0161e inspirace,<br \/>\nKdy\u017e \u017eivot nepo\u010dk\u00e1,<br \/>\nH\u00e1d\u00e1m, \u017ee je to na mn\u011b.<\/center><\/p>\n<p><center>Whoahh<br \/>\nNe, u\u017e v tomto m\u011bst\u011b nez\u016fstaneme ani dal\u0161\u00ed okam\u017eik<br \/>\nWhoahh<br \/>\nNevr\u00e1t\u00edme se, sv\u011bt kon\u010d\u00ed<br \/>\nWhoahh<br \/>\nNech minulost v minulosti, najdi budoucnost<br \/>\nA utrpen\u00ed miluje spole\u010dnost<br \/>\nNo, tak dlouho<br \/>\nTi budu chyb\u011bt, a\u017e budu pry\u010d<br \/>\nBudu ti chyb\u011bt, a\u017e budu pry\u010d.<\/center><\/p>\n<p><center>Prokrastinace se mi hon\u00ed hlavou,<br \/>\nKdy\u017e tu takhle bude\u0161 sed\u011bt a uva\u017eovat, asi skon\u010d\u00ed\u0161 mrtv\u00fd (skon\u010d\u00ed\u0161 mrtv\u00fd)<br \/>\n\u017divot je to, co se d\u011bje,<br \/>\nKdy\u017e jsi p\u0159\u00edli\u0161 zanepr\u00e1zdn\u011bn\u00fd t\u00edm, \u017ee se omlouv\u00e1\u0161<br \/>\nDal\u0161\u00ed den, dal\u0161\u00ed ob\u011b\u0165<br \/>\nAle to se mn\u011b nestane<\/p>\n<p><center>Whoahh<br \/>\nNe, u\u017e v tomto m\u011bst\u011b nez\u016fstaneme ani dal\u0161\u00ed okam\u017eik<br \/>\nWhoahh<br \/>\nNevr\u00e1t\u00edme se, sv\u011bt kon\u010d\u00ed<\/center><\/p>\n<p><center>Whoahh<br \/>\nNech minulost v minulosti, najdi budoucnost<br \/>\nA utrpen\u00ed miluje spole\u010dnost<br \/>\nNo, tak sbohem<br \/>\nBudu ti chyb\u011bt, a\u017e budu pry\u010d<br \/>\nBudu ti chyb\u011bt, a\u017e budu pry\u010d.<br \/>\nBudu ti chyb\u011bt, a\u017e budu pry\u010d.<br \/>\nA\u017e budu pry\u010d<\/center><\/p>\n<p><center>Jdeme na to!<br \/>\nNeohl\u00ed\u017eej se zp\u00e1tky<br \/>\nA\u017e \u0159eknu sv\u00e9 sbohem<br \/>\nNech\u00e1me tento sv\u011bt za n\u00e1mi<br \/>\nA co je m\u00e9 si dnes ve\u010der vezmu<br \/>\nProto\u017ee ka\u017ed\u00fd promarn\u011bn\u00fd den<br \/>\nJe jedna promarn\u011bn\u00e1 \u0161ance<br \/>\nVzbud\u00ed\u0161 se a bude ti to l\u00edto<br \/>\nProto\u017ee \u017eivot nepo\u010dk\u00e1<br \/>\nMysl\u00edm, \u017ee je to na tob\u011b<\/center><\/p>\n<p><center>Whoahh<br \/>\nNe, u\u017e v tomto m\u011bst\u011b nez\u016fstaneme ani dal\u0161\u00ed okam\u017eik<br \/>\nWhoahh<br \/>\nNevr\u00e1t\u00edme se, sv\u011bt kon\u010d\u00ed<br \/>\nWhoahh<br \/>\nNech minulost v minulosti, najdi budoucnost<br \/>\nA utrpen\u00ed miluje spole\u010dnost<br \/>\nNo, tak dlouho<br \/>\nTi budu chyb\u011bt, a\u017e budu pry\u010d<br \/>\nBudu ti chyb\u011bt, a\u017e budu pry\u010d.<br \/>\nBudu ti chyb\u011bt, a\u017e budu pry\u010d.<br \/>\nBudu ti chyb\u011bt, a\u017e budu pry\u010d.<\/p>\n<p><\/center>\n<\/div>\n<div class=\"fblikebutton_button\" style=\"float: left; padding-top: 20px; margin-right: 20px; padding-bottom: 20px; padding-left: 20px;\"><iframe src=\"http:\/\/www.facebook.com\/plugins\/like.php?href=https%3A%2F%2Fwww.simpleplan.cz%2Fcz%2Findex.php%2Fkapela%2Fdiskografie%2Fwhen-im-gone%2F&amp;layout=standard&amp;show-faces=false&amp;width=450&amp;action=like&amp;colorscheme=light\" scrolling=\"no\" frameborder=\"0\" allowTransparency=\"true\" style=\"border:none; overflow:hidden; width:450px; height:26px\"><\/iframe><\/div>\n","protected":false},"excerpt":{"rendered":"<p>Z\u00e1kladn\u00ed info Album: Simple Plan Auto\u0159i textu: Pierre Bouvier, Chuck Comeau Dodate\u010dn\u00e1 spolupr\u00e1ce: Dave Fortman<\/p>\n","protected":false},"author":5,"featured_media":0,"parent":5273,"menu_order":0,"comment_status":"open","ping_status":"open","template":"page-templates\/full-width.php","meta":{"footnotes":""},"yoast_head":"<!-- This site is optimized with the Yoast SEO plugin v20.9 - https:\/\/yoast.com\/wordpress\/plugins\/seo\/ -->\n<title>When I&#039;m Gone | CZ: SimplePlan.cz<\/title>\n<meta name=\"robots\" content=\"index, follow, max-snippet:-1, max-image-preview:large, max-video-preview:-1\" \/>\n<link rel=\"canonical\" href=\"https:\/\/www.simpleplan.cz\/cz\/index.php\/kapela\/diskografie\/when-im-gone\/\" \/>\n<meta property=\"og:locale\" content=\"cs_CZ\" \/>\n<meta property=\"og:type\" content=\"article\" \/>\n<meta property=\"og:title\" content=\"When I&#039;m Gone | CZ: SimplePlan.cz\" \/>\n<meta property=\"og:description\" content=\"Z\u00e1kladn\u00ed info Album: Simple Plan Auto\u0159i textu: Pierre Bouvier, Chuck Comeau Dodate\u010dn\u00e1 spolupr\u00e1ce: Dave Fortman\" \/>\n<meta property=\"og:url\" content=\"https:\/\/www.simpleplan.cz\/cz\/index.php\/kapela\/diskografie\/when-im-gone\/\" \/>\n<meta property=\"og:site_name\" content=\"CZ: SimplePlan.cz\" \/>\n<meta property=\"article:publisher\" content=\"http:\/\/www.facebook.com\/simpleplancz\" \/>\n<meta property=\"article:modified_time\" content=\"2023-06-26T07:29:58+00:00\" \/>\n<meta property=\"og:image\" content=\"http:\/\/www.simpleplan.cz\/cz\/wp-content\/uploads\/logo.gif\" \/>\n<meta name=\"twitter:card\" content=\"summary_large_image\" \/>\n<meta name=\"twitter:site\" content=\"@simpleplancz\" \/>\n<meta name=\"twitter:label1\" content=\"Odhadovan\u00e1 doba \u010dten\u00ed\" \/>\n\t<meta name=\"twitter:data1\" content=\"4 minuty\" \/>\n<script type=\"application\/ld+json\" class=\"yoast-schema-graph\">{\"@context\":\"https:\/\/schema.org\",\"@graph\":[{\"@type\":\"WebPage\",\"@id\":\"https:\/\/www.simpleplan.cz\/cz\/index.php\/kapela\/diskografie\/when-im-gone\/\",\"url\":\"https:\/\/www.simpleplan.cz\/cz\/index.php\/kapela\/diskografie\/when-im-gone\/\",\"name\":\"When I'm Gone | CZ: SimplePlan.cz\",\"isPartOf\":{\"@id\":\"https:\/\/www.simpleplan.cz\/cz\/#website\"},\"datePublished\":\"2012-07-28T08:43:51+00:00\",\"dateModified\":\"2023-06-26T07:29:58+00:00\",\"breadcrumb\":{\"@id\":\"https:\/\/www.simpleplan.cz\/cz\/index.php\/kapela\/diskografie\/when-im-gone\/#breadcrumb\"},\"inLanguage\":\"cs\",\"potentialAction\":[{\"@type\":\"ReadAction\",\"target\":[\"https:\/\/www.simpleplan.cz\/cz\/index.php\/kapela\/diskografie\/when-im-gone\/\"]}]},{\"@type\":\"BreadcrumbList\",\"@id\":\"https:\/\/www.simpleplan.cz\/cz\/index.php\/kapela\/diskografie\/when-im-gone\/#breadcrumb\",\"itemListElement\":[{\"@type\":\"ListItem\",\"position\":1,\"name\":\"Dom\u016f\",\"item\":\"https:\/\/www.simpleplan.cz\/cz\/\"},{\"@type\":\"ListItem\",\"position\":2,\"name\":\"Kapela\",\"item\":\"https:\/\/www.simpleplan.cz\/cz\/index.php\/kapela\/\"},{\"@type\":\"ListItem\",\"position\":3,\"name\":\"Diskografie\",\"item\":\"https:\/\/www.simpleplan.cz\/cz\/index.php\/kapela\/diskografie\/\"},{\"@type\":\"ListItem\",\"position\":4,\"name\":\"When I&#8217;m Gone\"}]},{\"@type\":\"WebSite\",\"@id\":\"https:\/\/www.simpleplan.cz\/cz\/#website\",\"url\":\"https:\/\/www.simpleplan.cz\/cz\/\",\"name\":\"CZ: SimplePlan.cz\",\"description\":\"Nejlep\u0161\u00ed zdroj informac\u00ed o kapele Simple Plan\",\"publisher\":{\"@id\":\"https:\/\/www.simpleplan.cz\/cz\/#organization\"},\"potentialAction\":[{\"@type\":\"SearchAction\",\"target\":{\"@type\":\"EntryPoint\",\"urlTemplate\":\"https:\/\/www.simpleplan.cz\/cz\/?s={search_term_string}\"},\"query-input\":\"required name=search_term_string\"}],\"inLanguage\":\"cs\"},{\"@type\":\"Organization\",\"@id\":\"https:\/\/www.simpleplan.cz\/cz\/#organization\",\"name\":\"CZ: SimplePlan.cz\",\"url\":\"https:\/\/www.simpleplan.cz\/cz\/\",\"logo\":{\"@type\":\"ImageObject\",\"inLanguage\":\"cs\",\"@id\":\"https:\/\/www.simpleplan.cz\/cz\/#\/schema\/logo\/image\/\",\"url\":\"https:\/\/www.simpleplan.cz\/cz\/wp-content\/uploads\/spczlogo.png\",\"contentUrl\":\"https:\/\/www.simpleplan.cz\/cz\/wp-content\/uploads\/spczlogo.png\",\"width\":250,\"height\":190,\"caption\":\"CZ: SimplePlan.cz\"},\"image\":{\"@id\":\"https:\/\/www.simpleplan.cz\/cz\/#\/schema\/logo\/image\/\"},\"sameAs\":[\"http:\/\/www.facebook.com\/simpleplancz\",\"https:\/\/twitter.com\/simpleplancz\",\"http:\/\/www.instagram.com\/simpleplancz\",\"http:\/\/www.youtube.com\/simpleplancz\"]}]}<\/script>\n<!-- \/ Yoast SEO plugin. -->","yoast_head_json":{"title":"When I'm Gone | CZ: SimplePlan.cz","robots":{"index":"index","follow":"follow","max-snippet":"max-snippet:-1","max-image-preview":"max-image-preview:large","max-video-preview":"max-video-preview:-1"},"canonical":"https:\/\/www.simpleplan.cz\/cz\/index.php\/kapela\/diskografie\/when-im-gone\/","og_locale":"cs_CZ","og_type":"article","og_title":"When I'm Gone | CZ: SimplePlan.cz","og_description":"Z\u00e1kladn\u00ed info Album: Simple Plan Auto\u0159i textu: Pierre Bouvier, Chuck Comeau Dodate\u010dn\u00e1 spolupr\u00e1ce: Dave Fortman","og_url":"https:\/\/www.simpleplan.cz\/cz\/index.php\/kapela\/diskografie\/when-im-gone\/","og_site_name":"CZ: SimplePlan.cz","article_publisher":"http:\/\/www.facebook.com\/simpleplancz","article_modified_time":"2023-06-26T07:29:58+00:00","og_image":[{"url":"http:\/\/www.simpleplan.cz\/cz\/wp-content\/uploads\/logo.gif"}],"twitter_card":"summary_large_image","twitter_site":"@simpleplancz","twitter_misc":{"Odhadovan\u00e1 doba \u010dten\u00ed":"4 minuty"},"schema":{"@context":"https:\/\/schema.org","@graph":[{"@type":"WebPage","@id":"https:\/\/www.simpleplan.cz\/cz\/index.php\/kapela\/diskografie\/when-im-gone\/","url":"https:\/\/www.simpleplan.cz\/cz\/index.php\/kapela\/diskografie\/when-im-gone\/","name":"When I'm Gone | CZ: SimplePlan.cz","isPartOf":{"@id":"https:\/\/www.simpleplan.cz\/cz\/#website"},"datePublished":"2012-07-28T08:43:51+00:00","dateModified":"2023-06-26T07:29:58+00:00","breadcrumb":{"@id":"https:\/\/www.simpleplan.cz\/cz\/index.php\/kapela\/diskografie\/when-im-gone\/#breadcrumb"},"inLanguage":"cs","potentialAction":[{"@type":"ReadAction","target":["https:\/\/www.simpleplan.cz\/cz\/index.php\/kapela\/diskografie\/when-im-gone\/"]}]},{"@type":"BreadcrumbList","@id":"https:\/\/www.simpleplan.cz\/cz\/index.php\/kapela\/diskografie\/when-im-gone\/#breadcrumb","itemListElement":[{"@type":"ListItem","position":1,"name":"Dom\u016f","item":"https:\/\/www.simpleplan.cz\/cz\/"},{"@type":"ListItem","position":2,"name":"Kapela","item":"https:\/\/www.simpleplan.cz\/cz\/index.php\/kapela\/"},{"@type":"ListItem","position":3,"name":"Diskografie","item":"https:\/\/www.simpleplan.cz\/cz\/index.php\/kapela\/diskografie\/"},{"@type":"ListItem","position":4,"name":"When I&#8217;m Gone"}]},{"@type":"WebSite","@id":"https:\/\/www.simpleplan.cz\/cz\/#website","url":"https:\/\/www.simpleplan.cz\/cz\/","name":"CZ: SimplePlan.cz","description":"Nejlep\u0161\u00ed zdroj informac\u00ed o kapele Simple Plan","publisher":{"@id":"https:\/\/www.simpleplan.cz\/cz\/#organization"},"potentialAction":[{"@type":"SearchAction","target":{"@type":"EntryPoint","urlTemplate":"https:\/\/www.simpleplan.cz\/cz\/?s={search_term_string}"},"query-input":"required name=search_term_string"}],"inLanguage":"cs"},{"@type":"Organization","@id":"https:\/\/www.simpleplan.cz\/cz\/#organization","name":"CZ: SimplePlan.cz","url":"https:\/\/www.simpleplan.cz\/cz\/","logo":{"@type":"ImageObject","inLanguage":"cs","@id":"https:\/\/www.simpleplan.cz\/cz\/#\/schema\/logo\/image\/","url":"https:\/\/www.simpleplan.cz\/cz\/wp-content\/uploads\/spczlogo.png","contentUrl":"https:\/\/www.simpleplan.cz\/cz\/wp-content\/uploads\/spczlogo.png","width":250,"height":190,"caption":"CZ: SimplePlan.cz"},"image":{"@id":"https:\/\/www.simpleplan.cz\/cz\/#\/schema\/logo\/image\/"},"sameAs":["http:\/\/www.facebook.com\/simpleplancz","https:\/\/twitter.com\/simpleplancz","http:\/\/www.instagram.com\/simpleplancz","http:\/\/www.youtube.com\/simpleplancz"]}]}},"_links":{"self":[{"href":"https:\/\/www.simpleplan.cz\/cz\/index.php\/wp-json\/wp\/v2\/pages\/11060"}],"collection":[{"href":"https:\/\/www.simpleplan.cz\/cz\/index.php\/wp-json\/wp\/v2\/pages"}],"about":[{"href":"https:\/\/www.simpleplan.cz\/cz\/index.php\/wp-json\/wp\/v2\/types\/page"}],"author":[{"embeddable":true,"href":"https:\/\/www.simpleplan.cz\/cz\/index.php\/wp-json\/wp\/v2\/users\/5"}],"replies":[{"embeddable":true,"href":"https:\/\/www.simpleplan.cz\/cz\/index.php\/wp-json\/wp\/v2\/comments?post=11060"}],"version-history":[{"count":8,"href":"https:\/\/www.simpleplan.cz\/cz\/index.php\/wp-json\/wp\/v2\/pages\/11060\/revisions"}],"predecessor-version":[{"id":33078,"href":"https:\/\/www.simpleplan.cz\/cz\/index.php\/wp-json\/wp\/v2\/pages\/11060\/revisions\/33078"}],"up":[{"embeddable":true,"href":"https:\/\/www.simpleplan.cz\/cz\/index.php\/wp-json\/wp\/v2\/pages\/5273"}],"wp:attachment":[{"href":"https:\/\/www.simpleplan.cz\/cz\/index.php\/wp-json\/wp\/v2\/media?parent=11060"}],"curies":[{"name":"wp","href":"https:\/\/api.w.org\/{rel}","templated":true}]}}