{"id":11064,"date":"2012-07-28T11:02:24","date_gmt":"2012-07-28T09:02:24","guid":{"rendered":"http:\/\/www.simpleplan.cz\/cz\/?page_id=11064"},"modified":"2023-06-26T09:29:56","modified_gmt":"2023-06-26T07:29:56","slug":"i-can-wait-forever","status":"publish","type":"page","link":"https:\/\/www.simpleplan.cz\/cz\/index.php\/kapela\/diskografie\/i-can-wait-forever\/","title":{"rendered":"I Can Wait Forever"},"content":{"rendered":"<div class=\"pagecontent\">\n<div class=\"girls\"><b><u>Z\u00e1kladn\u00ed info<\/u><\/b><\/div>\n<p><b>Album:<\/b> Simple Plan<br \/>\n<b>Auto\u0159i textu:<\/b> Pierre Bouvier, Chuck Comeau<br \/>\n<b>Dodate\u010dn\u00e1 spolupr\u00e1ce:<\/b> Dave Fortman (produkce), Liam O&#8217;Neil (kl\u00e1vesy), Dave Campbell (dirigent smy\u010dcov\u00e9ho orchestru)<br \/>\n<b>D\u00e9lka p\u00edsn\u011b:<\/b> 4:54<br \/>\n<b>Videoklip vyd\u00e1n:<\/b> 19. prosince 2008<\/p>\n<div class=\"girls\"><b><u>V\u00fdznam p\u00edsn\u011b<\/u><\/b><\/div>\n<p>Tato p\u00edse\u0148 byla Pierrem v\u011bnov\u00e1na jeho dlouholet\u00e9 p\u0159\u00edtelkyni, Lachelle Farrar, a slou\u017e\u00ed jako jeden z prvn\u00edch &#8222;opravdov\u00fdch&#8220; love-song\u016f v kari\u00e9\u0159e Simple Plan.<\/p>\n<div class=\"girls\"><b><u>Videoklip<\/u><\/b><\/div>\n<p><center><iframe width=\"480\" height=\"280\" src=\"\/\/www.youtube.com\/embed\/QyaUZla2thw\" frameborder=\"0\" allowfullscreen><\/iframe><\/center><\/p>\n<div class=\"girls\"><b><u>Text p\u00edsn\u011b<\/u><\/b><\/div>\n<p><center><br \/>\nYou look so beautiful today<br \/>\nWhen you&#8217;re sitting there it&#8217;s hard for me to look away<br \/>\nSo I try to find the words that I could say<br \/>\nI know distance doesn&#8217;t matter<br \/>\nBut you feel so far away<\/center><\/p>\n<p><center>And I can&#8217;t lie<br \/>\nEvery time I leave my heart turns grey<br \/>\nAnd I, I wanna come back home to see your face tonight<br \/>\nCause I just can&#8217;t take it <\/center><\/p>\n<p><center>Another day without you with me<br \/>\nIs like a blade that cuts right through me<br \/>\nBut I can wait, I can wait forever<br \/>\nWhen you call my heart stops beating<br \/>\nWhen you&#8217;re gone it won&#8217;t stop bleeding<br \/>\nI can wait, I can wait forever<\/center><\/p>\n<p><center>You look so beautiful today<br \/>\nIt&#8217;s like every time I turn around I see your face<br \/>\nThe thing I miss the most is waking up next to you<br \/>\nWhen I look into your eyes man I wish that I could stay<\/center><\/p>\n<p><center>And I can&#8217;t lie<br \/>\nEvery time I leave my heart turns grey<br \/>\nAnd I, I wanna come back home to see your face tonight<br \/>\nCause I just can&#8217;t take it <\/center><\/p>\n<p><center>Another day without you with me<br \/>\nIs like a blade that cuts right through me<br \/>\nBut I can wait, I can wait forever<br \/>\nWhen you call my heart stops beating<br \/>\nWhen you&#8217;re gone it won&#8217;t stop bleeding<br \/>\nI can wait, I can wait forever<\/center><\/p>\n<p><center>I know it feels like forever<br \/>\nI guess that&#8217;s just the price I&#8217;ve got to pay<br \/>\nBut when I come back home<br \/>\nto feel your touch makes it better<br \/>\nUntil that day, there&#8217;s nothing else that I can do<br \/>\nAnd I just can&#8217;t take it<\/center><\/p>\n<p><center>Another day without you with me<br \/>\nIs like a blade that cuts right through me<br \/>\nBut I can wait, I can wait forever<br \/>\nWhen you call my heart stops beating<br \/>\nWhen you&#8217;re gone it won&#8217;t stop bleeding<br \/>\nI can wait, I can wait forever<\/center><\/p>\n<p><center>I can wait for the day cause you&#8217;re gonna come back to me<br \/>\nI can wait forever<br \/>\nI can wait forever<br \/>\n<\/center><\/p>\n<div class=\"girls\"><b><u>\u010cesk\u00fd p\u0159eklad<\/u><\/b><\/div>\n<p><center><br \/>\nDneska vypad\u00e1\u0161 tak p\u0159ekr\u00e1sn\u011b<br \/>\nJak tam tak sed\u00ed\u0161, je pro m\u011b t\u011b\u017ek\u00e9 se d\u00edvat n\u011bkam jinam<br \/>\nTak\u017ee se sna\u017e\u00edm naj\u00edt slova, kter\u00e1 bych mohl \u0159\u00edct<br \/>\nV\u00edm, \u017ee na vzd\u00e1lenosti nez\u00e1le\u017e\u00ed<br \/>\nAle ty se zd\u00e1\u0161 tak daleko<\/center><\/p>\n<p><center>A nem\u016f\u017eu lh\u00e1t<br \/>\nPoka\u017ed\u00e9, kdy\u017e odejdu, m\u00e9 srdce z\u0161ediv\u00ed<br \/>\nA j\u00e1, j\u00e1 se chci dneska ve\u010der vr\u00e1tit dom\u016f, abych vid\u011bl tvoj\u00ed tv\u00e1\u0159<br \/>\nProto\u017ee to prost\u011b nem\u016f\u017eu un\u00e9st<\/center><\/p>\n<p><center>Dal\u0161\u00ed den byt\u00ed bez tebe<br \/>\nJe jako ost\u0159\u00ed, kter\u00e9 m\u011b probod\u00e1v\u00e1<br \/>\nAle j\u00e1 m\u016f\u017eu po\u010dkat, m\u016f\u017eu \u010dekat nav\u011bky<br \/>\nKdy\u017e zavol\u00e1\u0161, m\u00e9 srdce p\u0159est\u00e1v\u00e1 b\u00edt<br \/>\nKdy\u017e jsi pry\u010d, nep\u0159est\u00e1v\u00e1 krv\u00e1cet<br \/>\nM\u016f\u017eu po\u010dkat, m\u016f\u017eu \u010dekat nav\u011bky<\/center><\/p>\n<p><center>Dneska vypad\u00e1\u0161 tak p\u0159ekr\u00e1sn\u011b<br \/>\nKamkoliv se pod\u00edv\u00e1m, vid\u00edm tvoji tv\u00e1\u0159<br \/>\nNejv\u00edc ze v\u0161eho mi chyb\u00ed probouzen\u00ed se vedle tebe<br \/>\nKdy\u017e se ti pod\u00edv\u00e1m do o\u010d\u00ed, bo\u017ee, p\u0159eju si, abych mohl z\u016fstat<\/center><\/p>\n<p><center>A nem\u016f\u017eu lh\u00e1t<br \/>\nPoka\u017ed\u00e9, kdy\u017e odejdu, m\u00e9 srdce z\u0161ediv\u00ed<br \/>\nA j\u00e1, j\u00e1 se chci dneska ve\u010der vr\u00e1tit dom\u016f, abych vid\u011bl tvoj\u00ed tv\u00e1\u0159<br \/>\nProto\u017ee to prost\u011b nem\u016f\u017eu un\u00e9st<\/center><\/p>\n<p><center>Dal\u0161\u00ed den bez tebe<br \/>\nJe jako ost\u0159\u00ed, kter\u00e9 m\u011b probod\u00e1v\u00e1<br \/>\nAle j\u00e1 m\u016f\u017eu po\u010dkat, m\u016f\u017eu \u010dekat nav\u011bky<br \/>\nKdy\u017e zavol\u00e1\u0161, m\u00e9 srdce p\u0159est\u00e1v\u00e1 b\u00edt<br \/>\nKdy\u017e jsi pry\u010d, nep\u0159est\u00e1v\u00e1 krv\u00e1cet<br \/>\nM\u016f\u017eu po\u010dkat, m\u016f\u017eu \u010dekat nav\u011bky<\/center><\/p>\n<p><center>V\u00edm, \u017ee je to jako v\u011b\u010dnost<br \/>\nH\u00e1d\u00e1m, \u017ee je to jen cena, kteoru mus\u00edm zaplatit<br \/>\nAle a\u017e se vr\u00e1t\u00edm dom\u016f<br \/>\nC\u00edtit tv\u00e9 doteky to naprav\u00ed<br \/>\nA\u017e do toho dne nem\u016f\u017eu nic jin\u00e9ho d\u011blat<br \/>\nA to prost\u011b nem\u016f\u017eu un\u00e9st<\/center><\/p>\n<p><center>Dal\u0161\u00ed den bez tebe<br \/>\nJe jako ost\u0159\u00ed, kter\u00e9 m\u011b probod\u00e1v\u00e1<br \/>\nAle j\u00e1 m\u016f\u017eu po\u010dkat, m\u016f\u017eu \u010dekat nav\u011bky<br \/>\nKdy\u017e zavol\u00e1\u0161, m\u00e9 srdce p\u0159est\u00e1v\u00e1 b\u00edt<br \/>\nKdy\u017e jsi pry\u010d, nep\u0159est\u00e1v\u00e1 krv\u00e1cet<br \/>\nM\u016f\u017eu po\u010dkat, m\u016f\u017eu \u010dekat nav\u011bky<\/center><\/p>\n<p><center>M\u016f\u017eu po\u010dkat na ten den, proto\u017ee ty se ke mn\u011b vr\u00e1t\u00ed\u0161<br \/>\nM\u016f\u017eu \u010dekat nav\u011bky<br \/>\nM\u016f\u017eu \u010dekat nav\u011bky<br \/>\n<\/center>\n<\/div>\n<div class=\"fblikebutton_button\" style=\"float: left; padding-top: 20px; margin-right: 20px; padding-bottom: 20px; padding-left: 20px;\"><iframe src=\"http:\/\/www.facebook.com\/plugins\/like.php?href=https%3A%2F%2Fwww.simpleplan.cz%2Fcz%2Findex.php%2Fkapela%2Fdiskografie%2Fi-can-wait-forever%2F&amp;layout=standard&amp;show-faces=false&amp;width=450&amp;action=like&amp;colorscheme=light\" scrolling=\"no\" frameborder=\"0\" allowTransparency=\"true\" style=\"border:none; overflow:hidden; width:450px; height:26px\"><\/iframe><\/div>\n","protected":false},"excerpt":{"rendered":"<p>Z\u00e1kladn\u00ed info Album: Simple Plan Auto\u0159i textu: Pierre Bouvier, Chuck Comeau Dodate\u010dn\u00e1 spolupr\u00e1ce: Dave Fortman<\/p>\n","protected":false},"author":5,"featured_media":0,"parent":5273,"menu_order":0,"comment_status":"open","ping_status":"open","template":"page-templates\/full-width.php","meta":{"footnotes":""},"yoast_head":"<!-- This site is optimized with the Yoast SEO plugin v20.9 - https:\/\/yoast.com\/wordpress\/plugins\/seo\/ -->\n<title>I Can Wait Forever | CZ: SimplePlan.cz<\/title>\n<meta name=\"robots\" content=\"index, follow, max-snippet:-1, max-image-preview:large, max-video-preview:-1\" \/>\n<link rel=\"canonical\" href=\"https:\/\/www.simpleplan.cz\/cz\/index.php\/kapela\/diskografie\/i-can-wait-forever\/\" \/>\n<meta property=\"og:locale\" content=\"cs_CZ\" \/>\n<meta property=\"og:type\" content=\"article\" \/>\n<meta property=\"og:title\" content=\"I Can Wait Forever | CZ: SimplePlan.cz\" \/>\n<meta property=\"og:description\" content=\"Z\u00e1kladn\u00ed info Album: Simple Plan Auto\u0159i textu: Pierre Bouvier, Chuck Comeau Dodate\u010dn\u00e1 spolupr\u00e1ce: Dave Fortman\" \/>\n<meta property=\"og:url\" content=\"https:\/\/www.simpleplan.cz\/cz\/index.php\/kapela\/diskografie\/i-can-wait-forever\/\" \/>\n<meta property=\"og:site_name\" content=\"CZ: SimplePlan.cz\" \/>\n<meta property=\"article:publisher\" content=\"http:\/\/www.facebook.com\/simpleplancz\" \/>\n<meta property=\"article:modified_time\" content=\"2023-06-26T07:29:56+00:00\" \/>\n<meta property=\"og:image\" content=\"http:\/\/www.simpleplan.cz\/cz\/wp-content\/uploads\/logo.gif\" \/>\n<meta name=\"twitter:card\" content=\"summary_large_image\" \/>\n<meta name=\"twitter:site\" content=\"@simpleplancz\" \/>\n<meta name=\"twitter:label1\" content=\"Odhadovan\u00e1 doba \u010dten\u00ed\" \/>\n\t<meta name=\"twitter:data1\" content=\"4 minuty\" \/>\n<script type=\"application\/ld+json\" class=\"yoast-schema-graph\">{\"@context\":\"https:\/\/schema.org\",\"@graph\":[{\"@type\":\"WebPage\",\"@id\":\"https:\/\/www.simpleplan.cz\/cz\/index.php\/kapela\/diskografie\/i-can-wait-forever\/\",\"url\":\"https:\/\/www.simpleplan.cz\/cz\/index.php\/kapela\/diskografie\/i-can-wait-forever\/\",\"name\":\"I Can Wait Forever | CZ: SimplePlan.cz\",\"isPartOf\":{\"@id\":\"https:\/\/www.simpleplan.cz\/cz\/#website\"},\"datePublished\":\"2012-07-28T09:02:24+00:00\",\"dateModified\":\"2023-06-26T07:29:56+00:00\",\"breadcrumb\":{\"@id\":\"https:\/\/www.simpleplan.cz\/cz\/index.php\/kapela\/diskografie\/i-can-wait-forever\/#breadcrumb\"},\"inLanguage\":\"cs\",\"potentialAction\":[{\"@type\":\"ReadAction\",\"target\":[\"https:\/\/www.simpleplan.cz\/cz\/index.php\/kapela\/diskografie\/i-can-wait-forever\/\"]}]},{\"@type\":\"BreadcrumbList\",\"@id\":\"https:\/\/www.simpleplan.cz\/cz\/index.php\/kapela\/diskografie\/i-can-wait-forever\/#breadcrumb\",\"itemListElement\":[{\"@type\":\"ListItem\",\"position\":1,\"name\":\"Dom\u016f\",\"item\":\"https:\/\/www.simpleplan.cz\/cz\/\"},{\"@type\":\"ListItem\",\"position\":2,\"name\":\"Kapela\",\"item\":\"https:\/\/www.simpleplan.cz\/cz\/index.php\/kapela\/\"},{\"@type\":\"ListItem\",\"position\":3,\"name\":\"Diskografie\",\"item\":\"https:\/\/www.simpleplan.cz\/cz\/index.php\/kapela\/diskografie\/\"},{\"@type\":\"ListItem\",\"position\":4,\"name\":\"I Can Wait Forever\"}]},{\"@type\":\"WebSite\",\"@id\":\"https:\/\/www.simpleplan.cz\/cz\/#website\",\"url\":\"https:\/\/www.simpleplan.cz\/cz\/\",\"name\":\"CZ: SimplePlan.cz\",\"description\":\"Nejlep\u0161\u00ed zdroj informac\u00ed o kapele Simple Plan\",\"publisher\":{\"@id\":\"https:\/\/www.simpleplan.cz\/cz\/#organization\"},\"potentialAction\":[{\"@type\":\"SearchAction\",\"target\":{\"@type\":\"EntryPoint\",\"urlTemplate\":\"https:\/\/www.simpleplan.cz\/cz\/?s={search_term_string}\"},\"query-input\":\"required name=search_term_string\"}],\"inLanguage\":\"cs\"},{\"@type\":\"Organization\",\"@id\":\"https:\/\/www.simpleplan.cz\/cz\/#organization\",\"name\":\"CZ: SimplePlan.cz\",\"url\":\"https:\/\/www.simpleplan.cz\/cz\/\",\"logo\":{\"@type\":\"ImageObject\",\"inLanguage\":\"cs\",\"@id\":\"https:\/\/www.simpleplan.cz\/cz\/#\/schema\/logo\/image\/\",\"url\":\"https:\/\/www.simpleplan.cz\/cz\/wp-content\/uploads\/spczlogo.png\",\"contentUrl\":\"https:\/\/www.simpleplan.cz\/cz\/wp-content\/uploads\/spczlogo.png\",\"width\":250,\"height\":190,\"caption\":\"CZ: SimplePlan.cz\"},\"image\":{\"@id\":\"https:\/\/www.simpleplan.cz\/cz\/#\/schema\/logo\/image\/\"},\"sameAs\":[\"http:\/\/www.facebook.com\/simpleplancz\",\"https:\/\/twitter.com\/simpleplancz\",\"http:\/\/www.instagram.com\/simpleplancz\",\"http:\/\/www.youtube.com\/simpleplancz\"]}]}<\/script>\n<!-- \/ Yoast SEO plugin. -->","yoast_head_json":{"title":"I Can Wait Forever | CZ: SimplePlan.cz","robots":{"index":"index","follow":"follow","max-snippet":"max-snippet:-1","max-image-preview":"max-image-preview:large","max-video-preview":"max-video-preview:-1"},"canonical":"https:\/\/www.simpleplan.cz\/cz\/index.php\/kapela\/diskografie\/i-can-wait-forever\/","og_locale":"cs_CZ","og_type":"article","og_title":"I Can Wait Forever | CZ: SimplePlan.cz","og_description":"Z\u00e1kladn\u00ed info Album: Simple Plan Auto\u0159i textu: Pierre Bouvier, Chuck Comeau Dodate\u010dn\u00e1 spolupr\u00e1ce: Dave Fortman","og_url":"https:\/\/www.simpleplan.cz\/cz\/index.php\/kapela\/diskografie\/i-can-wait-forever\/","og_site_name":"CZ: SimplePlan.cz","article_publisher":"http:\/\/www.facebook.com\/simpleplancz","article_modified_time":"2023-06-26T07:29:56+00:00","og_image":[{"url":"http:\/\/www.simpleplan.cz\/cz\/wp-content\/uploads\/logo.gif"}],"twitter_card":"summary_large_image","twitter_site":"@simpleplancz","twitter_misc":{"Odhadovan\u00e1 doba \u010dten\u00ed":"4 minuty"},"schema":{"@context":"https:\/\/schema.org","@graph":[{"@type":"WebPage","@id":"https:\/\/www.simpleplan.cz\/cz\/index.php\/kapela\/diskografie\/i-can-wait-forever\/","url":"https:\/\/www.simpleplan.cz\/cz\/index.php\/kapela\/diskografie\/i-can-wait-forever\/","name":"I Can Wait Forever | CZ: SimplePlan.cz","isPartOf":{"@id":"https:\/\/www.simpleplan.cz\/cz\/#website"},"datePublished":"2012-07-28T09:02:24+00:00","dateModified":"2023-06-26T07:29:56+00:00","breadcrumb":{"@id":"https:\/\/www.simpleplan.cz\/cz\/index.php\/kapela\/diskografie\/i-can-wait-forever\/#breadcrumb"},"inLanguage":"cs","potentialAction":[{"@type":"ReadAction","target":["https:\/\/www.simpleplan.cz\/cz\/index.php\/kapela\/diskografie\/i-can-wait-forever\/"]}]},{"@type":"BreadcrumbList","@id":"https:\/\/www.simpleplan.cz\/cz\/index.php\/kapela\/diskografie\/i-can-wait-forever\/#breadcrumb","itemListElement":[{"@type":"ListItem","position":1,"name":"Dom\u016f","item":"https:\/\/www.simpleplan.cz\/cz\/"},{"@type":"ListItem","position":2,"name":"Kapela","item":"https:\/\/www.simpleplan.cz\/cz\/index.php\/kapela\/"},{"@type":"ListItem","position":3,"name":"Diskografie","item":"https:\/\/www.simpleplan.cz\/cz\/index.php\/kapela\/diskografie\/"},{"@type":"ListItem","position":4,"name":"I Can Wait Forever"}]},{"@type":"WebSite","@id":"https:\/\/www.simpleplan.cz\/cz\/#website","url":"https:\/\/www.simpleplan.cz\/cz\/","name":"CZ: SimplePlan.cz","description":"Nejlep\u0161\u00ed zdroj informac\u00ed o kapele Simple Plan","publisher":{"@id":"https:\/\/www.simpleplan.cz\/cz\/#organization"},"potentialAction":[{"@type":"SearchAction","target":{"@type":"EntryPoint","urlTemplate":"https:\/\/www.simpleplan.cz\/cz\/?s={search_term_string}"},"query-input":"required name=search_term_string"}],"inLanguage":"cs"},{"@type":"Organization","@id":"https:\/\/www.simpleplan.cz\/cz\/#organization","name":"CZ: SimplePlan.cz","url":"https:\/\/www.simpleplan.cz\/cz\/","logo":{"@type":"ImageObject","inLanguage":"cs","@id":"https:\/\/www.simpleplan.cz\/cz\/#\/schema\/logo\/image\/","url":"https:\/\/www.simpleplan.cz\/cz\/wp-content\/uploads\/spczlogo.png","contentUrl":"https:\/\/www.simpleplan.cz\/cz\/wp-content\/uploads\/spczlogo.png","width":250,"height":190,"caption":"CZ: SimplePlan.cz"},"image":{"@id":"https:\/\/www.simpleplan.cz\/cz\/#\/schema\/logo\/image\/"},"sameAs":["http:\/\/www.facebook.com\/simpleplancz","https:\/\/twitter.com\/simpleplancz","http:\/\/www.instagram.com\/simpleplancz","http:\/\/www.youtube.com\/simpleplancz"]}]}},"_links":{"self":[{"href":"https:\/\/www.simpleplan.cz\/cz\/index.php\/wp-json\/wp\/v2\/pages\/11064"}],"collection":[{"href":"https:\/\/www.simpleplan.cz\/cz\/index.php\/wp-json\/wp\/v2\/pages"}],"about":[{"href":"https:\/\/www.simpleplan.cz\/cz\/index.php\/wp-json\/wp\/v2\/types\/page"}],"author":[{"embeddable":true,"href":"https:\/\/www.simpleplan.cz\/cz\/index.php\/wp-json\/wp\/v2\/users\/5"}],"replies":[{"embeddable":true,"href":"https:\/\/www.simpleplan.cz\/cz\/index.php\/wp-json\/wp\/v2\/comments?post=11064"}],"version-history":[{"count":4,"href":"https:\/\/www.simpleplan.cz\/cz\/index.php\/wp-json\/wp\/v2\/pages\/11064\/revisions"}],"predecessor-version":[{"id":23260,"href":"https:\/\/www.simpleplan.cz\/cz\/index.php\/wp-json\/wp\/v2\/pages\/11064\/revisions\/23260"}],"up":[{"embeddable":true,"href":"https:\/\/www.simpleplan.cz\/cz\/index.php\/wp-json\/wp\/v2\/pages\/5273"}],"wp:attachment":[{"href":"https:\/\/www.simpleplan.cz\/cz\/index.php\/wp-json\/wp\/v2\/media?parent=11064"}],"curies":[{"name":"wp","href":"https:\/\/api.w.org\/{rel}","templated":true}]}}