{"id":11071,"date":"2012-07-28T13:43:00","date_gmt":"2012-07-28T11:43:00","guid":{"rendered":"http:\/\/www.simpleplan.cz\/cz\/?page_id=11071"},"modified":"2023-06-26T09:29:57","modified_gmt":"2023-06-26T07:29:57","slug":"take-my-hand","status":"publish","type":"page","link":"https:\/\/www.simpleplan.cz\/cz\/index.php\/kapela\/diskografie\/take-my-hand\/","title":{"rendered":"Take My Hand"},"content":{"rendered":"<div class=\"pagecontent\">\n<div class=\"girls\"><b><u>Z\u00e1kladn\u00ed info<\/u><\/b><\/div>\n<p><b>Album:<\/b> Simple Plan<br \/>\n<b>Auto\u0159i textu:<\/b> Pierre Bouvier, Chuck Comeau, Arnold Lanni<br \/>\n<b>Dodate\u010dn\u00e1 spolupr\u00e1ce:<\/b> Dave Fortman (produkce), DJ Lethal (drum loop)<br \/>\n<b>D\u00e9lka p\u00edsn\u011b:<\/b> 3:51<\/p>\n<div class=\"girls\"><b><u>Text p\u00edsn\u011b<\/u><\/b><\/div>\n<p><center><br \/>\nSometimes I feel like everybody&#8217;s got a problem<br \/>\nSometimes I feel like nobody wants to solve them<br \/>\nI know that people say we&#8217;re never gonna make it<br \/>\nBut I know we&#8217;re gonna get through this<br \/>\nClose your eyes and please don&#8217;t let me go<br \/>\nDon&#8217;t, don&#8217;t, don&#8217;t, don&#8217;t let me go now<br \/>\nClose your eyes don&#8217;t let me let you go<\/center><\/p>\n<p><center>Take my hand tonight<br \/>\nLet&#8217;s not think about tomorrow<br \/>\nTake my hand tonight<br \/>\nWe can find some place to go<br \/>\nCause our hearts are locked forever<br \/>\nAnd our love will never die<br \/>\nTake my hand tonight, one last time<\/center><\/p>\n<p><center>The city sleeps and we&#8217;re lost in the moment<br \/>\nAnother kiss as we&#8217;re lying on the pavement<br \/>\nIf they could see us they would tell us that we&#8217;re crazy<br \/>\nBut I know they just don&#8217;t understand<\/center><\/p>\n<p><center>Close your eyes and please don&#8217;t let me go<br \/>\nDon&#8217;t, don&#8217;t don&#8217;t, don&#8217;t let me go now<br \/>\nClose your eyes don&#8217;t let me let you go<\/center><\/p>\n<p><center>Take my hand tonight<br \/>\nLet&#8217;s not think about tomorrow<br \/>\nTake my hand tonight<br \/>\nWe can find some place to go<br \/>\nCause our hearts are locked forever<br \/>\nAnd our love will never die<br \/>\nTake my hand tonight, one last time<\/center><\/p>\n<p><center>The rain drops, the tears keep falling<br \/>\nI see your face and it keeps me going<br \/>\nIf I get lost your light&#8217;s gonna guide me<br \/>\nAnd I know that you can take me home<br \/>\nYou can take me home<\/center><\/p>\n<p><center>Take my hand tonight<br \/>\nLet&#8217;s not think about tomorrow<br \/>\nTake my hand tonight<br \/>\nWe can find some place to go<br \/>\nCause our hearts are locked forever<br \/>\nAnd our love will never die<br \/>\nTake my hand tonight, one last time<\/center><\/p>\n<p><center>Take my hand tonight<br \/>\nLet&#8217;s not think about tomorrow<br \/>\nTake my hand tonight<br \/>\nWe can find some place to go<br \/>\n(Find some place to go)<br \/>\nCause our hearts are locked forever<br \/>\nAnd our love will never die<br \/>\n(Our love will never die)<br \/>\nTake my hand tonight, one last time<br \/>\nOne last time<br \/>\n<\/center><\/p>\n<div class=\"girls\"><b><u>Text p\u00edsn\u011b<\/u><\/b><\/div>\n<p><center><br \/>\nN\u011bkdy c\u00edt\u00edm, \u017ee ka\u017ed\u00fd m\u00e1 n\u011bjak\u00fd probl\u00e9m<br \/>\nN\u011bkdy c\u00edt\u00edm, \u017ee je nikdo nechce \u0159e\u0161it<br \/>\nV\u00edm, \u017ee lidi \u0159\u00edkaj\u00ed, \u017ee to nikdy nezvl\u00e1dmeme<br \/>\nAle j\u00e1 v\u00edm, \u017ee se p\u0159es to dostaneme<br \/>\nZav\u0159i sv\u00e9 o\u010di a pros\u00edm, nepou\u0161t\u011bj m\u011b<br \/>\nNe, ne, ne, te\u010f m\u011b nepou\u0161t\u011bj<br \/>\nZav\u0159i o\u010di a nenech m\u011b t\u011b pustit<\/center><\/p>\n<p><center>Dnes ve\u010der m\u011b chy\u0165 za ruku<br \/>\nNemysleme na z\u00edt\u0159ek<br \/>\nDnes ve\u010der m\u011b chy\u0165 za ruku<br \/>\nM\u016f\u017eeme naj\u00edt n\u011bjak\u00e9 m\u00edsto, kam j\u00edt<br \/>\nProto\u017ee na\u0161e srdce jsou nav\u011bky spojen\u00e1<br \/>\nA na\u0161e l\u00e1ska nikdy nezem\u0159e<br \/>\nDnes ve\u010der m\u011b chy\u0165 za ruku, naposledy<\/center><\/p>\n<p><center>M\u011bsto sp\u00ed a my jsme ztraceni v okam\u017eiku<br \/>\nDal\u0161\u00ed polibek, zat\u00edmco le\u017e\u00edme na chodn\u00edku<br \/>\nKdyby n\u00e1s mohli vid\u011bt, \u0159ekli by n\u00e1m, \u017ee jsme \u0161\u00edlen\u00ed<br \/>\nAle j\u00e1 v\u00edm, \u017ee tomu prost\u011b nerozum\u00ed<\/center><\/p>\n<p><center>Zav\u0159i sv\u00e9 o\u010di a pros\u00edm, nepou\u0161t\u011bj m\u011b<br \/>\nNe, ne, ne, te\u010f m\u011b nepou\u0161t\u011bj<br \/>\nZav\u0159i o\u010di a nenech m\u011b t\u011b pustit<\/center><\/p>\n<p><center>Dnes ve\u010der m\u011b chy\u0165 za ruku<br \/>\nNemysleme na z\u00edt\u0159ek<br \/>\nDnes ve\u010der m\u011b chy\u0165 za ruku<br \/>\nM\u016f\u017eeme naj\u00edt n\u011bjak\u00e9 m\u00edsto, kam j\u00edt<br \/>\nProto\u017ee na\u0161e srdce jsou nav\u011bky spojen\u00e1<br \/>\nA na\u0161e l\u00e1ska nikdy nezem\u0159e<br \/>\nDnes ve\u010der m\u011b chy\u0165 za ruku, naposledy<\/center><\/p>\n<p><center>Pr\u0161\u00ed, slzy po\u0159\u00e1d te\u010dou<br \/>\nVid\u00edm tvoji tv\u00e1\u0159 a d\u00edky n\u00ed m\u016f\u017eu j\u00edt d\u00e1l<br \/>\nJestli\u017ee se ztrat\u00edm, tv\u00e9 sv\u011btlo m\u011b bude v\u00e9st<br \/>\nA j\u00e1 v\u00edm, \u017ee m\u011b m\u016f\u017ee\u0161 dov\u00e9st dom\u016f<br \/>\nM\u016f\u017ee\u0161 m\u011b dov\u00e9st dom\u016f<\/center><\/p>\n<p><center>Dnes ve\u010der m\u011b chy\u0165 za ruku<br \/>\nNemysleme na z\u00edt\u0159ek<br \/>\nDnes ve\u010der m\u011b chy\u0165 za ruku<br \/>\nM\u016f\u017eeme naj\u00edt n\u011bjak\u00e9 m\u00edsto, kam j\u00edt<br \/>\nProto\u017ee na\u0161e srdce jsou nav\u011bky spojen\u00e1<br \/>\nA na\u0161e l\u00e1ska nikdy nezem\u0159e<br \/>\nDnes ve\u010der m\u011b chy\u0165 za ruku, naposledy<\/center><\/p>\n<p><center>Dnes ve\u010der m\u011b chy\u0165 za ruku<br \/>\nNemysleme na z\u00edt\u0159ek<br \/>\nDnes ve\u010der m\u011b chy\u0165 za ruku<br \/>\nM\u016f\u017eeme naj\u00edt n\u011bjak\u00e9 m\u00edsto, kam j\u00edt<br \/>\n(Naj\u00edt n\u011bjak\u00e9 m\u00edsto, kam j\u00edt)<br \/>\nProto\u017ee na\u0161e srdce jsou nav\u011bky spojen\u00e1<br \/>\nA na\u0161e l\u00e1ska nikdy nezem\u0159e<br \/>\n(Na\u0161e l\u00e1ska nikdy nezem\u0159e)<br \/>\nDnes ve\u010der m\u011b chy\u0165 za ruku, naposledy, naposledy<br \/>\n<\/center>\n<\/div>\n<div class=\"fblikebutton_button\" style=\"float: left; padding-top: 20px; margin-right: 20px; padding-bottom: 20px; padding-left: 20px;\"><iframe src=\"http:\/\/www.facebook.com\/plugins\/like.php?href=https%3A%2F%2Fwww.simpleplan.cz%2Fcz%2Findex.php%2Fkapela%2Fdiskografie%2Ftake-my-hand%2F&amp;layout=standard&amp;show-faces=false&amp;width=450&amp;action=like&amp;colorscheme=light\" scrolling=\"no\" frameborder=\"0\" allowTransparency=\"true\" style=\"border:none; overflow:hidden; width:450px; height:26px\"><\/iframe><\/div>\n","protected":false},"excerpt":{"rendered":"<p>Z\u00e1kladn\u00ed info Album: Simple Plan Auto\u0159i textu: Pierre Bouvier, Chuck Comeau, Arnold Lanni Dodate\u010dn\u00e1 spolupr\u00e1ce:<\/p>\n","protected":false},"author":5,"featured_media":0,"parent":5273,"menu_order":0,"comment_status":"open","ping_status":"open","template":"page-templates\/full-width.php","meta":{"footnotes":""},"yoast_head":"<!-- This site is optimized with the Yoast SEO plugin v20.9 - https:\/\/yoast.com\/wordpress\/plugins\/seo\/ -->\n<title>Take My Hand | CZ: SimplePlan.cz<\/title>\n<meta name=\"robots\" content=\"index, follow, max-snippet:-1, max-image-preview:large, max-video-preview:-1\" \/>\n<link rel=\"canonical\" href=\"https:\/\/www.simpleplan.cz\/cz\/index.php\/kapela\/diskografie\/take-my-hand\/\" \/>\n<meta property=\"og:locale\" content=\"cs_CZ\" \/>\n<meta property=\"og:type\" content=\"article\" \/>\n<meta property=\"og:title\" content=\"Take My Hand | CZ: SimplePlan.cz\" \/>\n<meta property=\"og:description\" content=\"Z\u00e1kladn\u00ed info Album: Simple Plan Auto\u0159i textu: Pierre Bouvier, Chuck Comeau, Arnold Lanni Dodate\u010dn\u00e1 spolupr\u00e1ce:\" \/>\n<meta property=\"og:url\" content=\"https:\/\/www.simpleplan.cz\/cz\/index.php\/kapela\/diskografie\/take-my-hand\/\" \/>\n<meta property=\"og:site_name\" content=\"CZ: SimplePlan.cz\" \/>\n<meta property=\"article:publisher\" content=\"http:\/\/www.facebook.com\/simpleplancz\" \/>\n<meta property=\"article:modified_time\" content=\"2023-06-26T07:29:57+00:00\" \/>\n<meta property=\"og:image\" content=\"http:\/\/www.simpleplan.cz\/cz\/wp-content\/uploads\/logo.gif\" \/>\n<meta name=\"twitter:card\" content=\"summary_large_image\" \/>\n<meta name=\"twitter:site\" content=\"@simpleplancz\" \/>\n<meta name=\"twitter:label1\" content=\"Odhadovan\u00e1 doba \u010dten\u00ed\" \/>\n\t<meta name=\"twitter:data1\" content=\"4 minuty\" \/>\n<script type=\"application\/ld+json\" class=\"yoast-schema-graph\">{\"@context\":\"https:\/\/schema.org\",\"@graph\":[{\"@type\":\"WebPage\",\"@id\":\"https:\/\/www.simpleplan.cz\/cz\/index.php\/kapela\/diskografie\/take-my-hand\/\",\"url\":\"https:\/\/www.simpleplan.cz\/cz\/index.php\/kapela\/diskografie\/take-my-hand\/\",\"name\":\"Take My Hand | CZ: SimplePlan.cz\",\"isPartOf\":{\"@id\":\"https:\/\/www.simpleplan.cz\/cz\/#website\"},\"datePublished\":\"2012-07-28T11:43:00+00:00\",\"dateModified\":\"2023-06-26T07:29:57+00:00\",\"breadcrumb\":{\"@id\":\"https:\/\/www.simpleplan.cz\/cz\/index.php\/kapela\/diskografie\/take-my-hand\/#breadcrumb\"},\"inLanguage\":\"cs\",\"potentialAction\":[{\"@type\":\"ReadAction\",\"target\":[\"https:\/\/www.simpleplan.cz\/cz\/index.php\/kapela\/diskografie\/take-my-hand\/\"]}]},{\"@type\":\"BreadcrumbList\",\"@id\":\"https:\/\/www.simpleplan.cz\/cz\/index.php\/kapela\/diskografie\/take-my-hand\/#breadcrumb\",\"itemListElement\":[{\"@type\":\"ListItem\",\"position\":1,\"name\":\"Dom\u016f\",\"item\":\"https:\/\/www.simpleplan.cz\/cz\/\"},{\"@type\":\"ListItem\",\"position\":2,\"name\":\"Kapela\",\"item\":\"https:\/\/www.simpleplan.cz\/cz\/index.php\/kapela\/\"},{\"@type\":\"ListItem\",\"position\":3,\"name\":\"Diskografie\",\"item\":\"https:\/\/www.simpleplan.cz\/cz\/index.php\/kapela\/diskografie\/\"},{\"@type\":\"ListItem\",\"position\":4,\"name\":\"Take My Hand\"}]},{\"@type\":\"WebSite\",\"@id\":\"https:\/\/www.simpleplan.cz\/cz\/#website\",\"url\":\"https:\/\/www.simpleplan.cz\/cz\/\",\"name\":\"CZ: SimplePlan.cz\",\"description\":\"Nejlep\u0161\u00ed zdroj informac\u00ed o kapele Simple Plan\",\"publisher\":{\"@id\":\"https:\/\/www.simpleplan.cz\/cz\/#organization\"},\"potentialAction\":[{\"@type\":\"SearchAction\",\"target\":{\"@type\":\"EntryPoint\",\"urlTemplate\":\"https:\/\/www.simpleplan.cz\/cz\/?s={search_term_string}\"},\"query-input\":\"required name=search_term_string\"}],\"inLanguage\":\"cs\"},{\"@type\":\"Organization\",\"@id\":\"https:\/\/www.simpleplan.cz\/cz\/#organization\",\"name\":\"CZ: SimplePlan.cz\",\"url\":\"https:\/\/www.simpleplan.cz\/cz\/\",\"logo\":{\"@type\":\"ImageObject\",\"inLanguage\":\"cs\",\"@id\":\"https:\/\/www.simpleplan.cz\/cz\/#\/schema\/logo\/image\/\",\"url\":\"https:\/\/www.simpleplan.cz\/cz\/wp-content\/uploads\/spczlogo.png\",\"contentUrl\":\"https:\/\/www.simpleplan.cz\/cz\/wp-content\/uploads\/spczlogo.png\",\"width\":250,\"height\":190,\"caption\":\"CZ: SimplePlan.cz\"},\"image\":{\"@id\":\"https:\/\/www.simpleplan.cz\/cz\/#\/schema\/logo\/image\/\"},\"sameAs\":[\"http:\/\/www.facebook.com\/simpleplancz\",\"https:\/\/twitter.com\/simpleplancz\",\"http:\/\/www.instagram.com\/simpleplancz\",\"http:\/\/www.youtube.com\/simpleplancz\"]}]}<\/script>\n<!-- \/ Yoast SEO plugin. -->","yoast_head_json":{"title":"Take My Hand | CZ: SimplePlan.cz","robots":{"index":"index","follow":"follow","max-snippet":"max-snippet:-1","max-image-preview":"max-image-preview:large","max-video-preview":"max-video-preview:-1"},"canonical":"https:\/\/www.simpleplan.cz\/cz\/index.php\/kapela\/diskografie\/take-my-hand\/","og_locale":"cs_CZ","og_type":"article","og_title":"Take My Hand | CZ: SimplePlan.cz","og_description":"Z\u00e1kladn\u00ed info Album: Simple Plan Auto\u0159i textu: Pierre Bouvier, Chuck Comeau, Arnold Lanni Dodate\u010dn\u00e1 spolupr\u00e1ce:","og_url":"https:\/\/www.simpleplan.cz\/cz\/index.php\/kapela\/diskografie\/take-my-hand\/","og_site_name":"CZ: SimplePlan.cz","article_publisher":"http:\/\/www.facebook.com\/simpleplancz","article_modified_time":"2023-06-26T07:29:57+00:00","og_image":[{"url":"http:\/\/www.simpleplan.cz\/cz\/wp-content\/uploads\/logo.gif"}],"twitter_card":"summary_large_image","twitter_site":"@simpleplancz","twitter_misc":{"Odhadovan\u00e1 doba \u010dten\u00ed":"4 minuty"},"schema":{"@context":"https:\/\/schema.org","@graph":[{"@type":"WebPage","@id":"https:\/\/www.simpleplan.cz\/cz\/index.php\/kapela\/diskografie\/take-my-hand\/","url":"https:\/\/www.simpleplan.cz\/cz\/index.php\/kapela\/diskografie\/take-my-hand\/","name":"Take My Hand | CZ: SimplePlan.cz","isPartOf":{"@id":"https:\/\/www.simpleplan.cz\/cz\/#website"},"datePublished":"2012-07-28T11:43:00+00:00","dateModified":"2023-06-26T07:29:57+00:00","breadcrumb":{"@id":"https:\/\/www.simpleplan.cz\/cz\/index.php\/kapela\/diskografie\/take-my-hand\/#breadcrumb"},"inLanguage":"cs","potentialAction":[{"@type":"ReadAction","target":["https:\/\/www.simpleplan.cz\/cz\/index.php\/kapela\/diskografie\/take-my-hand\/"]}]},{"@type":"BreadcrumbList","@id":"https:\/\/www.simpleplan.cz\/cz\/index.php\/kapela\/diskografie\/take-my-hand\/#breadcrumb","itemListElement":[{"@type":"ListItem","position":1,"name":"Dom\u016f","item":"https:\/\/www.simpleplan.cz\/cz\/"},{"@type":"ListItem","position":2,"name":"Kapela","item":"https:\/\/www.simpleplan.cz\/cz\/index.php\/kapela\/"},{"@type":"ListItem","position":3,"name":"Diskografie","item":"https:\/\/www.simpleplan.cz\/cz\/index.php\/kapela\/diskografie\/"},{"@type":"ListItem","position":4,"name":"Take My Hand"}]},{"@type":"WebSite","@id":"https:\/\/www.simpleplan.cz\/cz\/#website","url":"https:\/\/www.simpleplan.cz\/cz\/","name":"CZ: SimplePlan.cz","description":"Nejlep\u0161\u00ed zdroj informac\u00ed o kapele Simple Plan","publisher":{"@id":"https:\/\/www.simpleplan.cz\/cz\/#organization"},"potentialAction":[{"@type":"SearchAction","target":{"@type":"EntryPoint","urlTemplate":"https:\/\/www.simpleplan.cz\/cz\/?s={search_term_string}"},"query-input":"required name=search_term_string"}],"inLanguage":"cs"},{"@type":"Organization","@id":"https:\/\/www.simpleplan.cz\/cz\/#organization","name":"CZ: SimplePlan.cz","url":"https:\/\/www.simpleplan.cz\/cz\/","logo":{"@type":"ImageObject","inLanguage":"cs","@id":"https:\/\/www.simpleplan.cz\/cz\/#\/schema\/logo\/image\/","url":"https:\/\/www.simpleplan.cz\/cz\/wp-content\/uploads\/spczlogo.png","contentUrl":"https:\/\/www.simpleplan.cz\/cz\/wp-content\/uploads\/spczlogo.png","width":250,"height":190,"caption":"CZ: SimplePlan.cz"},"image":{"@id":"https:\/\/www.simpleplan.cz\/cz\/#\/schema\/logo\/image\/"},"sameAs":["http:\/\/www.facebook.com\/simpleplancz","https:\/\/twitter.com\/simpleplancz","http:\/\/www.instagram.com\/simpleplancz","http:\/\/www.youtube.com\/simpleplancz"]}]}},"_links":{"self":[{"href":"https:\/\/www.simpleplan.cz\/cz\/index.php\/wp-json\/wp\/v2\/pages\/11071"}],"collection":[{"href":"https:\/\/www.simpleplan.cz\/cz\/index.php\/wp-json\/wp\/v2\/pages"}],"about":[{"href":"https:\/\/www.simpleplan.cz\/cz\/index.php\/wp-json\/wp\/v2\/types\/page"}],"author":[{"embeddable":true,"href":"https:\/\/www.simpleplan.cz\/cz\/index.php\/wp-json\/wp\/v2\/users\/5"}],"replies":[{"embeddable":true,"href":"https:\/\/www.simpleplan.cz\/cz\/index.php\/wp-json\/wp\/v2\/comments?post=11071"}],"version-history":[{"count":4,"href":"https:\/\/www.simpleplan.cz\/cz\/index.php\/wp-json\/wp\/v2\/pages\/11071\/revisions"}],"predecessor-version":[{"id":23253,"href":"https:\/\/www.simpleplan.cz\/cz\/index.php\/wp-json\/wp\/v2\/pages\/11071\/revisions\/23253"}],"up":[{"embeddable":true,"href":"https:\/\/www.simpleplan.cz\/cz\/index.php\/wp-json\/wp\/v2\/pages\/5273"}],"wp:attachment":[{"href":"https:\/\/www.simpleplan.cz\/cz\/index.php\/wp-json\/wp\/v2\/media?parent=11071"}],"curies":[{"name":"wp","href":"https:\/\/api.w.org\/{rel}","templated":true}]}}