{"id":11074,"date":"2012-07-28T13:48:56","date_gmt":"2012-07-28T11:48:56","guid":{"rendered":"http:\/\/www.simpleplan.cz\/cz\/?page_id=11074"},"modified":"2023-06-26T09:29:56","modified_gmt":"2023-06-26T07:29:56","slug":"generation","status":"publish","type":"page","link":"https:\/\/www.simpleplan.cz\/cz\/index.php\/kapela\/diskografie\/generation\/","title":{"rendered":"Generation"},"content":{"rendered":"<div class=\"pagecontent\">\n<div class=\"girls\"><b><u>Z\u00e1kladn\u00ed info<\/u><\/b><\/div>\n<p><b>Album:<\/b> Simple Plan<br \/>\n<b>Auto\u0159i textu:<\/b> Pierre Bouvier, Chuck Comeau, Danja, Max Martin<br \/>\n<b>Dodate\u010dn\u00e1 spolupr\u00e1ce:<\/b> Dave Fortman (produkce), Danja (produkce), Max Martin (produkce)<br \/>\n<b>D\u00e9lka p\u00edsn\u011b:<\/b> 3:03<\/p>\n<div class=\"girls\"><b><u>Text p\u00edsn\u011b<\/u><\/b><\/div>\n<p><center><br \/>\nListen<br \/>\nI&#8217;m sick of all this waiting<br \/>\nAnd people telling me what I should be<br \/>\nWhat if I&#8217;m not so crazy<br \/>\nMaybe you&#8217;re the one who&#8217;s wrong not me<\/center><\/p>\n<p><center>So what you gonna do<br \/>\nWhat you gonna say<br \/>\nWhen we&#8217;re standing on and do it our way<br \/>\nYou say we got no future<br \/>\nYou&#8217;re living in the past<br \/>\nSo listen up<br \/>\nThat&#8217;s my generation<\/center><\/p>\n<p><center>Hey oh let&#8217;s go<br \/>\nIt&#8217;s going down tonight<br \/>\nHey oh let&#8217;s go<br \/>\nWe&#8217;re gonna do it &#8218;til we die<br \/>\nCause I&#8217;ve got no reason to apologize<br \/>\nThat&#8217;s my generation<\/center><\/p>\n<p><center>I don&#8217;t need to say I&#8217;m sorry<br \/>\nI do what everybody wants to do<br \/>\nIt&#8217;s not so complicated<br \/>\nBecause I know you want the same thing too<\/center><\/p>\n<p><center>So what you gonna do<br \/>\nWhat you gonna say<br \/>\nWhen we&#8217;re standing on and do it our way<br \/>\nYou say we got no future<br \/>\nYou&#8217;re living in the past<br \/>\nSo listen up<br \/>\nThat&#8217;s my generation<\/center><\/p>\n<p><center>Hey oh let&#8217;s go<br \/>\nIt&#8217;s going down tonight<br \/>\nHey oh let&#8217;s go<br \/>\nWe&#8217;re gonna do it &#8218;til we die<br \/>\nCause I&#8217;ve got no reason to apologize<br \/>\nThat&#8217;s my generation<\/center><\/p>\n<p><center>Listen<br \/>\nDon&#8217;t need to say I&#8217;m sorry<br \/>\nIt&#8217;s not so complicated<br \/>\nCause I know you want the same thing too<\/center><\/p>\n<p><center>Hey oh let&#8217;s go<br \/>\nIt&#8217;s going down tonight<br \/>\nHey oh let&#8217;s go<br \/>\nWe&#8217;re gonna do it &#8218;til we die<br \/>\nCause I&#8217;ve got no reason to apologize<br \/>\nThat&#8217;s my generation<\/center><\/p>\n<p><center>Hey oh let&#8217;s go<br \/>\nThat&#8217;s my generation<br \/>\nHey oh lets go<br \/>\nWe&#8217;re gonna do it &#8218;til we die<br \/>\nCause I&#8217;ve got no reason to apologize<br \/>\nThat&#8217;s my generation<br \/>\n<\/center><\/p>\n<div class=\"girls\"><b><u>Text p\u00edsn\u011b<\/u><\/b><\/div>\n<p><center><br \/>\nPoslouchejte<br \/>\nJe mi zle z toho \u010dek\u00e1n\u00ed<br \/>\nA z toho, jak mi lid\u00e9 \u0159\u00edkaj\u00ed, \u010d\u00edm bych m\u011bl b\u00fdt<br \/>\nCo kdy\u017e nejsem tak \u0161\u00edlen\u00fd<br \/>\nMo\u017en\u00e1 jste to vy, kdo nem\u00e1 pravdu, a ne j\u00e1<\/center><\/p>\n<p><center>Tak\u017ee co ud\u011bl\u00e1te<br \/>\nCo \u0159eknete<br \/>\nKdy\u017e na tom trv\u00e1me a d\u011bl\u00e1me si to po sv\u00e9m<br \/>\nVy \u0159\u00edk\u00e1te, \u017ee nem\u00e1me \u017e\u00e1dnou budoucnost<br \/>\n\u017dijete v minulosti<br \/>\nTak\u017ee poslouchejte<br \/>\nTohle je m\u00e1 generace<\/center><\/p>\n<p><center>Hey, oh, poj\u010fme<br \/>\nDneska jdeme na to<br \/>\nHey oh, poj\u010fme<br \/>\nBudeme to d\u011blat dokud nezem\u0159eme<br \/>\nProto\u017ee j\u00e1 nem\u00e1m \u017e\u00e1dn\u00fd d\u016fvod se omlouvat<br \/>\nTohle je m\u00e1 generace<\/center><\/p>\n<p><center>Nepot\u0159ebuji \u0159\u00edkat, \u017ee je mi to l\u00edto<br \/>\nD\u011bl\u00e1m, co chce d\u011blat ka\u017ed\u00fd<br \/>\nNen\u00ed to tak slo\u017eit\u00e9<br \/>\nProto\u017ee v\u00edm, \u017ee vy chcete taky to sam\u00e9<\/center><\/p>\n<p><center>Tak\u017ee co ud\u011bl\u00e1te<br \/>\nCo \u0159eknete<br \/>\nKdy\u017e na tom trv\u00e1me a d\u011bl\u00e1me si to po sv\u00e9m<br \/>\nVy \u0159\u00edk\u00e1te, \u017ee nem\u00e1me \u017e\u00e1dnou budoucnost<br \/>\n\u017dijete v minulosti<br \/>\nTak\u017ee poslouchejte<br \/>\nTohle je m\u00e1 generace<\/center><\/p>\n<p><center>Hey, oh, poj\u010fme<br \/>\nDneska jdeme na to<br \/>\nHey oh, poj\u010fme<br \/>\nBudeme to d\u011blat dokud nezem\u0159eme<br \/>\nProto\u017ee j\u00e1 nem\u00e1m \u017e\u00e1dn\u00fd d\u016fvod se omlouvat<br \/>\nTohle je m\u00e1 generace<\/center><\/p>\n<p><center>Nepot\u0159ebuji \u0159\u00edkat, \u017ee je mi to l\u00edto<br \/>\nD\u011bl\u00e1m, co chce d\u011blat ka\u017ed\u00fd<br \/>\nNen\u00ed to tak slo\u017eit\u00e9<br \/>\nProto\u017ee v\u00edm, \u017ee vy chcete taky to sam\u00e9<\/center><\/p>\n<p><center>Hey, oh, poj\u010fme<br \/>\nDneska jdeme na to<br \/>\nHey oh, poj\u010fme<br \/>\nBudeme to d\u011blat dokud nezem\u0159eme<br \/>\nProto\u017ee j\u00e1 nem\u00e1m \u017e\u00e1dn\u00fd d\u016fvod se omlouvat<br \/>\nTohle je m\u00e1 generace<\/center><\/p>\n<p><center>Hey, oh, poj\u010fme<br \/>\nDneska jdeme na to<br \/>\nHey oh, poj\u010fme<br \/>\nBudeme to d\u011blat dokud nezem\u0159eme<br \/>\nProto\u017ee j\u00e1 nem\u00e1m \u017e\u00e1dn\u00fd d\u016fvod se omlouvat<br \/>\nTohle je m\u00e1 generace<br \/>\n<\/center><\/p>\n<\/div>\n<div class=\"fblikebutton_button\" style=\"float: left; padding-top: 20px; margin-right: 20px; padding-bottom: 20px; padding-left: 20px;\"><iframe src=\"http:\/\/www.facebook.com\/plugins\/like.php?href=https%3A%2F%2Fwww.simpleplan.cz%2Fcz%2Findex.php%2Fkapela%2Fdiskografie%2Fgeneration%2F&amp;layout=standard&amp;show-faces=false&amp;width=450&amp;action=like&amp;colorscheme=light\" scrolling=\"no\" frameborder=\"0\" allowTransparency=\"true\" style=\"border:none; overflow:hidden; width:450px; height:26px\"><\/iframe><\/div>\n","protected":false},"excerpt":{"rendered":"<p>Z\u00e1kladn\u00ed info Album: Simple Plan Auto\u0159i textu: Pierre Bouvier, Chuck Comeau, Danja, Max Martin Dodate\u010dn\u00e1<\/p>\n","protected":false},"author":5,"featured_media":0,"parent":5273,"menu_order":0,"comment_status":"open","ping_status":"open","template":"page-templates\/full-width.php","meta":{"footnotes":""},"yoast_head":"<!-- This site is optimized with the Yoast SEO plugin v20.9 - https:\/\/yoast.com\/wordpress\/plugins\/seo\/ -->\n<title>Generation | CZ: SimplePlan.cz<\/title>\n<meta name=\"robots\" content=\"index, follow, max-snippet:-1, max-image-preview:large, max-video-preview:-1\" \/>\n<link rel=\"canonical\" href=\"https:\/\/www.simpleplan.cz\/cz\/index.php\/kapela\/diskografie\/generation\/\" \/>\n<meta property=\"og:locale\" content=\"cs_CZ\" \/>\n<meta property=\"og:type\" content=\"article\" \/>\n<meta property=\"og:title\" content=\"Generation | CZ: SimplePlan.cz\" \/>\n<meta property=\"og:description\" content=\"Z\u00e1kladn\u00ed info Album: Simple Plan Auto\u0159i textu: Pierre Bouvier, Chuck Comeau, Danja, Max Martin Dodate\u010dn\u00e1\" \/>\n<meta property=\"og:url\" content=\"https:\/\/www.simpleplan.cz\/cz\/index.php\/kapela\/diskografie\/generation\/\" \/>\n<meta property=\"og:site_name\" content=\"CZ: SimplePlan.cz\" \/>\n<meta property=\"article:publisher\" content=\"http:\/\/www.facebook.com\/simpleplancz\" \/>\n<meta property=\"article:modified_time\" content=\"2023-06-26T07:29:56+00:00\" \/>\n<meta property=\"og:image\" content=\"http:\/\/www.simpleplan.cz\/cz\/wp-content\/uploads\/logo.gif\" \/>\n<meta name=\"twitter:card\" content=\"summary_large_image\" \/>\n<meta name=\"twitter:site\" content=\"@simpleplancz\" \/>\n<meta name=\"twitter:label1\" content=\"Odhadovan\u00e1 doba \u010dten\u00ed\" \/>\n\t<meta name=\"twitter:data1\" content=\"3 minuty\" \/>\n<script type=\"application\/ld+json\" class=\"yoast-schema-graph\">{\"@context\":\"https:\/\/schema.org\",\"@graph\":[{\"@type\":\"WebPage\",\"@id\":\"https:\/\/www.simpleplan.cz\/cz\/index.php\/kapela\/diskografie\/generation\/\",\"url\":\"https:\/\/www.simpleplan.cz\/cz\/index.php\/kapela\/diskografie\/generation\/\",\"name\":\"Generation | CZ: SimplePlan.cz\",\"isPartOf\":{\"@id\":\"https:\/\/www.simpleplan.cz\/cz\/#website\"},\"datePublished\":\"2012-07-28T11:48:56+00:00\",\"dateModified\":\"2023-06-26T07:29:56+00:00\",\"breadcrumb\":{\"@id\":\"https:\/\/www.simpleplan.cz\/cz\/index.php\/kapela\/diskografie\/generation\/#breadcrumb\"},\"inLanguage\":\"cs\",\"potentialAction\":[{\"@type\":\"ReadAction\",\"target\":[\"https:\/\/www.simpleplan.cz\/cz\/index.php\/kapela\/diskografie\/generation\/\"]}]},{\"@type\":\"BreadcrumbList\",\"@id\":\"https:\/\/www.simpleplan.cz\/cz\/index.php\/kapela\/diskografie\/generation\/#breadcrumb\",\"itemListElement\":[{\"@type\":\"ListItem\",\"position\":1,\"name\":\"Dom\u016f\",\"item\":\"https:\/\/www.simpleplan.cz\/cz\/\"},{\"@type\":\"ListItem\",\"position\":2,\"name\":\"Kapela\",\"item\":\"https:\/\/www.simpleplan.cz\/cz\/index.php\/kapela\/\"},{\"@type\":\"ListItem\",\"position\":3,\"name\":\"Diskografie\",\"item\":\"https:\/\/www.simpleplan.cz\/cz\/index.php\/kapela\/diskografie\/\"},{\"@type\":\"ListItem\",\"position\":4,\"name\":\"Generation\"}]},{\"@type\":\"WebSite\",\"@id\":\"https:\/\/www.simpleplan.cz\/cz\/#website\",\"url\":\"https:\/\/www.simpleplan.cz\/cz\/\",\"name\":\"CZ: SimplePlan.cz\",\"description\":\"Nejlep\u0161\u00ed zdroj informac\u00ed o kapele Simple Plan\",\"publisher\":{\"@id\":\"https:\/\/www.simpleplan.cz\/cz\/#organization\"},\"potentialAction\":[{\"@type\":\"SearchAction\",\"target\":{\"@type\":\"EntryPoint\",\"urlTemplate\":\"https:\/\/www.simpleplan.cz\/cz\/?s={search_term_string}\"},\"query-input\":\"required name=search_term_string\"}],\"inLanguage\":\"cs\"},{\"@type\":\"Organization\",\"@id\":\"https:\/\/www.simpleplan.cz\/cz\/#organization\",\"name\":\"CZ: SimplePlan.cz\",\"url\":\"https:\/\/www.simpleplan.cz\/cz\/\",\"logo\":{\"@type\":\"ImageObject\",\"inLanguage\":\"cs\",\"@id\":\"https:\/\/www.simpleplan.cz\/cz\/#\/schema\/logo\/image\/\",\"url\":\"https:\/\/www.simpleplan.cz\/cz\/wp-content\/uploads\/spczlogo.png\",\"contentUrl\":\"https:\/\/www.simpleplan.cz\/cz\/wp-content\/uploads\/spczlogo.png\",\"width\":250,\"height\":190,\"caption\":\"CZ: SimplePlan.cz\"},\"image\":{\"@id\":\"https:\/\/www.simpleplan.cz\/cz\/#\/schema\/logo\/image\/\"},\"sameAs\":[\"http:\/\/www.facebook.com\/simpleplancz\",\"https:\/\/twitter.com\/simpleplancz\",\"http:\/\/www.instagram.com\/simpleplancz\",\"http:\/\/www.youtube.com\/simpleplancz\"]}]}<\/script>\n<!-- \/ Yoast SEO plugin. -->","yoast_head_json":{"title":"Generation | CZ: SimplePlan.cz","robots":{"index":"index","follow":"follow","max-snippet":"max-snippet:-1","max-image-preview":"max-image-preview:large","max-video-preview":"max-video-preview:-1"},"canonical":"https:\/\/www.simpleplan.cz\/cz\/index.php\/kapela\/diskografie\/generation\/","og_locale":"cs_CZ","og_type":"article","og_title":"Generation | CZ: SimplePlan.cz","og_description":"Z\u00e1kladn\u00ed info Album: Simple Plan Auto\u0159i textu: Pierre Bouvier, Chuck Comeau, Danja, Max Martin Dodate\u010dn\u00e1","og_url":"https:\/\/www.simpleplan.cz\/cz\/index.php\/kapela\/diskografie\/generation\/","og_site_name":"CZ: SimplePlan.cz","article_publisher":"http:\/\/www.facebook.com\/simpleplancz","article_modified_time":"2023-06-26T07:29:56+00:00","og_image":[{"url":"http:\/\/www.simpleplan.cz\/cz\/wp-content\/uploads\/logo.gif"}],"twitter_card":"summary_large_image","twitter_site":"@simpleplancz","twitter_misc":{"Odhadovan\u00e1 doba \u010dten\u00ed":"3 minuty"},"schema":{"@context":"https:\/\/schema.org","@graph":[{"@type":"WebPage","@id":"https:\/\/www.simpleplan.cz\/cz\/index.php\/kapela\/diskografie\/generation\/","url":"https:\/\/www.simpleplan.cz\/cz\/index.php\/kapela\/diskografie\/generation\/","name":"Generation | CZ: SimplePlan.cz","isPartOf":{"@id":"https:\/\/www.simpleplan.cz\/cz\/#website"},"datePublished":"2012-07-28T11:48:56+00:00","dateModified":"2023-06-26T07:29:56+00:00","breadcrumb":{"@id":"https:\/\/www.simpleplan.cz\/cz\/index.php\/kapela\/diskografie\/generation\/#breadcrumb"},"inLanguage":"cs","potentialAction":[{"@type":"ReadAction","target":["https:\/\/www.simpleplan.cz\/cz\/index.php\/kapela\/diskografie\/generation\/"]}]},{"@type":"BreadcrumbList","@id":"https:\/\/www.simpleplan.cz\/cz\/index.php\/kapela\/diskografie\/generation\/#breadcrumb","itemListElement":[{"@type":"ListItem","position":1,"name":"Dom\u016f","item":"https:\/\/www.simpleplan.cz\/cz\/"},{"@type":"ListItem","position":2,"name":"Kapela","item":"https:\/\/www.simpleplan.cz\/cz\/index.php\/kapela\/"},{"@type":"ListItem","position":3,"name":"Diskografie","item":"https:\/\/www.simpleplan.cz\/cz\/index.php\/kapela\/diskografie\/"},{"@type":"ListItem","position":4,"name":"Generation"}]},{"@type":"WebSite","@id":"https:\/\/www.simpleplan.cz\/cz\/#website","url":"https:\/\/www.simpleplan.cz\/cz\/","name":"CZ: SimplePlan.cz","description":"Nejlep\u0161\u00ed zdroj informac\u00ed o kapele Simple Plan","publisher":{"@id":"https:\/\/www.simpleplan.cz\/cz\/#organization"},"potentialAction":[{"@type":"SearchAction","target":{"@type":"EntryPoint","urlTemplate":"https:\/\/www.simpleplan.cz\/cz\/?s={search_term_string}"},"query-input":"required name=search_term_string"}],"inLanguage":"cs"},{"@type":"Organization","@id":"https:\/\/www.simpleplan.cz\/cz\/#organization","name":"CZ: SimplePlan.cz","url":"https:\/\/www.simpleplan.cz\/cz\/","logo":{"@type":"ImageObject","inLanguage":"cs","@id":"https:\/\/www.simpleplan.cz\/cz\/#\/schema\/logo\/image\/","url":"https:\/\/www.simpleplan.cz\/cz\/wp-content\/uploads\/spczlogo.png","contentUrl":"https:\/\/www.simpleplan.cz\/cz\/wp-content\/uploads\/spczlogo.png","width":250,"height":190,"caption":"CZ: SimplePlan.cz"},"image":{"@id":"https:\/\/www.simpleplan.cz\/cz\/#\/schema\/logo\/image\/"},"sameAs":["http:\/\/www.facebook.com\/simpleplancz","https:\/\/twitter.com\/simpleplancz","http:\/\/www.instagram.com\/simpleplancz","http:\/\/www.youtube.com\/simpleplancz"]}]}},"_links":{"self":[{"href":"https:\/\/www.simpleplan.cz\/cz\/index.php\/wp-json\/wp\/v2\/pages\/11074"}],"collection":[{"href":"https:\/\/www.simpleplan.cz\/cz\/index.php\/wp-json\/wp\/v2\/pages"}],"about":[{"href":"https:\/\/www.simpleplan.cz\/cz\/index.php\/wp-json\/wp\/v2\/types\/page"}],"author":[{"embeddable":true,"href":"https:\/\/www.simpleplan.cz\/cz\/index.php\/wp-json\/wp\/v2\/users\/5"}],"replies":[{"embeddable":true,"href":"https:\/\/www.simpleplan.cz\/cz\/index.php\/wp-json\/wp\/v2\/comments?post=11074"}],"version-history":[{"count":4,"href":"https:\/\/www.simpleplan.cz\/cz\/index.php\/wp-json\/wp\/v2\/pages\/11074\/revisions"}],"predecessor-version":[{"id":23257,"href":"https:\/\/www.simpleplan.cz\/cz\/index.php\/wp-json\/wp\/v2\/pages\/11074\/revisions\/23257"}],"up":[{"embeddable":true,"href":"https:\/\/www.simpleplan.cz\/cz\/index.php\/wp-json\/wp\/v2\/pages\/5273"}],"wp:attachment":[{"href":"https:\/\/www.simpleplan.cz\/cz\/index.php\/wp-json\/wp\/v2\/media?parent=11074"}],"curies":[{"name":"wp","href":"https:\/\/api.w.org\/{rel}","templated":true}]}}