{"id":11083,"date":"2012-07-28T14:13:19","date_gmt":"2012-07-28T12:13:19","guid":{"rendered":"http:\/\/www.simpleplan.cz\/cz\/?page_id=11083"},"modified":"2023-06-26T09:29:56","modified_gmt":"2023-06-26T07:29:56","slug":"holding-on","status":"publish","type":"page","link":"https:\/\/www.simpleplan.cz\/cz\/index.php\/kapela\/diskografie\/holding-on\/","title":{"rendered":"Holding On"},"content":{"rendered":"<div class=\"pagecontent\">\n<div class=\"girls\"><b><u>Z\u00e1kladn\u00ed info<\/u><\/b><\/div>\n<p><b>Album:<\/b> Simple Plan<br \/>\n<b>Auto\u0159i textu:<\/b> Pierre Bouvier, Chuck Comeau, Arnold Lanni<br \/>\n<b>Dodate\u010dn\u00e1 spolupr\u00e1ce:<\/b> Dave Fortman (produkce)<br \/>\n<b>D\u00e9lka p\u00edsn\u011b:<\/b> 5:03<\/p>\n<div class=\"girls\"><b><u>Text p\u00edsn\u011b<\/u><\/b><\/div>\n<p><center><br \/>\nOnce again<br \/>\nI&#8217;m falling to my knees<br \/>\nI try to escape cause I just can&#8217;t it<br \/>\nNow this feeling<br \/>\nIs spreading like a disease<br \/>\nI fake another day and the wheel keeps turning<\/center><\/p>\n<p><center>This place is so pathetic<br \/>\nDoesn&#8217;t anybody get it<br \/>\nIs there anybody home?<br \/>\nIs there anybody home?<br \/>\nThere&#8217;s nothing left<br \/>\nWe&#8217;re just a shadow<br \/>\nOf what we used to be<\/center><\/p>\n<p><center>In the night<br \/>\nThere&#8217;s a fire in my eyes<br \/>\nAnd this paradise<br \/>\nHas become a place we&#8217;ve come to cry<br \/>\nWhen I open your letter<br \/>\nThe words make it better<br \/>\nIt takes it all away<br \/>\nIt keeps me holding on<\/center><\/p>\n<p><center>Here we are<br \/>\nPretending we&#8217;re okay<br \/>\nYou can say what you want<br \/>\nBut you still can&#8217;t fool me<br \/>\nThe life we&#8217;re living<br \/>\nIt&#8217;s all a masquerade<br \/>\nI try to smile but I can&#8217;t remember how<br \/>\nSo how did we get so jaded<br \/>\nIs it so complicated<br \/>\nTo not give up on me?<\/center><\/p>\n<p><center>In the night<br \/>\nThere&#8217;s a fire in my eyes<br \/>\nAnd this paradise<br \/>\nHas become a place we&#8217;ve come to cry<br \/>\nWhen I open your letter<br \/>\nThe words make it better<br \/>\nIt takes it all away It keeps me holding on<\/center><\/p>\n<p><center>Whenever I need you<br \/>\nWherever I run to<br \/>\nI know where to find you<br \/>\nIt keeps me holding on<\/center><\/p>\n<p><center>Whenever I need you<br \/>\nWherever I run to<br \/>\nI know where to find you<br \/>\nIt keeps me holding on<br \/>\nYou keep me holding on<br \/>\nIn the night<br \/>\nThere&#8217;s a fire in my eyes<br \/>\nAnd this paradise<br \/>\nHas become a place we&#8217;ve come to cry<br \/>\nWhen I open your letter<br \/>\nThe words make it better<br \/>\nIt takes it all away<br \/>\nIt keeps me holding on<\/center><\/p>\n<p><center>Whenever I need you<br \/>\nWherever I run to<br \/>\nI know where to find you<br \/>\nIt keeps me holding on<br \/>\nWhenever I need you<br \/>\nWherever I run to<br \/>\nI know where to find you<br \/>\nIt keeps me holding on<br \/>\n<\/center><\/p>\n<div class=\"girls\"><b><u>\u010cesk\u00fd p\u0159eklad<\/u><\/b><\/div>\n<p><center><br \/>\nZnovu<br \/>\nSe mi podlamuj\u00ed kolena<br \/>\nSna\u017e\u00edm se ut\u00e9ct, ale prost\u011b to nemohu un\u00e9st<br \/>\nTe\u010f tenhle pocit<br \/>\nSe roz\u0161i\u0159uje jako nemoc<br \/>\nP\u0159edst\u00edr\u00e1m dal\u0161\u00ed den a to kolo se st\u00e1le ot\u00e1\u010d\u00ed<\/center><\/p>\n<p><center>Tohle m\u00edsto je tak uboh\u00e9<br \/>\nCopak to nikdo nech\u00e1pe<br \/>\nJe tady n\u011bkdo doma?<br \/>\nJe tady n\u011bkdo doma?<br \/>\nNic tu nezbylo<br \/>\nJsme jenom st\u00ednem<br \/>\ntoho, \u010d\u00edm jsme kdysi byli<\/center><\/p>\n<p><center>V noci<br \/>\nM\u00e1m v o\u010d\u00edch ohe\u0148<br \/>\nA tento r\u00e1j<br \/>\nSe stal m\u00edstem, kam jsme p\u0159i\u0161li plakat<br \/>\nKdy\u017e otev\u0159u tv\u016fj dopis<br \/>\nD\u00edky t\u011bm slov\u016fm se c\u00edt\u00edm l\u00e9pe<br \/>\nV\u0161echno to smete<br \/>\nA udr\u017euje m\u011b to vytrvat<\/center><\/p>\n<p><center>Tady jsme<br \/>\nP\u0159edst\u00edr\u00e1me, \u017ee jsme v pohod\u011b<br \/>\nM\u016f\u017ee\u0161 \u0159\u00edkat co chce\u0161<br \/>\nAle po\u0159\u00e1d m\u011b nedok\u00e1\u017ee\u0161 oklamat<br \/>\n\u017divot, kter\u00fd \u017eijeme<br \/>\nJe jenom ma\u0161kar\u00e1da<br \/>\nSna\u017e\u00edm se usm\u00e1t, ale nedok\u00e1\u017eu si vzpomenout jak<br \/>\nTak jak jsme se tak vy\u010derpali?<br \/>\nJe to tak slo\u017eit\u00e9<br \/>\nvzd\u00e1t se m\u011b??<\/center><\/p>\n<p><center>V noci<br \/>\nM\u00e1m v o\u010d\u00edch ohe\u0148<br \/>\nA tento r\u00e1j<br \/>\nSe stal m\u00edstem, kam jsme p\u0159i\u0161li plakat<br \/>\nKdy\u017e otev\u0159u tv\u016fj dopis<br \/>\nD\u00edky t\u011bm slov\u016fm se c\u00edt\u00edm l\u00e9pe<br \/>\nV\u0161echno to smete<br \/>\nA udr\u017euje m\u011b to vytrvat<\/center><\/p>\n<p><center>Kdykoliv t\u011b pot\u0159ebuji<br \/>\nKamkoliv b\u011b\u017e\u00edm<br \/>\nV\u00edm, kde t\u011b najdu<br \/>\nUdr\u017euje m\u011b to vytrvat<\/center><\/p>\n<p><center>Kdykoliv t\u011b pot\u0159ebuji<br \/>\nKamkoliv b\u011b\u017e\u00edm<br \/>\nV\u00edm, kde t\u011b najdu<br \/>\nUdr\u017euje m\u011b to vytrvat<br \/>\nUdr\u017euje\u0161 m\u011b to vytrvat<br \/>\nV noci<br \/>\nM\u00e1m v o\u010d\u00edch ohe\u0148<br \/>\nA tento r\u00e1j<br \/>\nSe stal m\u00edstem, kam jsme p\u0159i\u0161li plakat<br \/>\nKdy\u017e otev\u0159u tv\u016fj dopis<br \/>\nD\u00edky t\u011bm slov\u016fm se c\u00edt\u00edm l\u00e9pe<br \/>\nV\u0161echno to smete<br \/>\nA udr\u017euje m\u011b to vytrvat<\/center><\/p>\n<p><center>Kdykoliv t\u011b pot\u0159ebuji<br \/>\nKamkoliv b\u011b\u017e\u00edm<br \/>\nV\u00edm, kde t\u011b najdu<br \/>\nUdr\u017euje m\u011b to vytrvat<br \/>\nKdykoliv t\u011b pot\u0159ebuji<br \/>\nKamkoliv b\u011b\u017e\u00edm<br \/>\nV\u00edm, kde t\u011b najdu<br \/>\nUdr\u017euje m\u011b to vytrvat<\/p>\n<p><\/center><\/p>\n<\/div>\n<div class=\"fblikebutton_button\" style=\"float: left; padding-top: 20px; margin-right: 20px; padding-bottom: 20px; padding-left: 20px;\"><iframe src=\"http:\/\/www.facebook.com\/plugins\/like.php?href=https%3A%2F%2Fwww.simpleplan.cz%2Fcz%2Findex.php%2Fkapela%2Fdiskografie%2Fholding-on%2F&amp;layout=standard&amp;show-faces=false&amp;width=450&amp;action=like&amp;colorscheme=light\" scrolling=\"no\" frameborder=\"0\" allowTransparency=\"true\" style=\"border:none; overflow:hidden; width:450px; height:26px\"><\/iframe><\/div>\n","protected":false},"excerpt":{"rendered":"<p>Z\u00e1kladn\u00ed info Album: Simple Plan Auto\u0159i textu: Pierre Bouvier, Chuck Comeau, Arnold Lanni Dodate\u010dn\u00e1 spolupr\u00e1ce:<\/p>\n","protected":false},"author":5,"featured_media":0,"parent":5273,"menu_order":0,"comment_status":"open","ping_status":"open","template":"page-templates\/full-width.php","meta":{"footnotes":""},"yoast_head":"<!-- This site is optimized with the Yoast SEO plugin v20.9 - https:\/\/yoast.com\/wordpress\/plugins\/seo\/ -->\n<title>Holding On | CZ: SimplePlan.cz<\/title>\n<meta name=\"robots\" content=\"index, follow, max-snippet:-1, max-image-preview:large, max-video-preview:-1\" \/>\n<link rel=\"canonical\" href=\"https:\/\/www.simpleplan.cz\/cz\/index.php\/kapela\/diskografie\/holding-on\/\" \/>\n<meta property=\"og:locale\" content=\"cs_CZ\" \/>\n<meta property=\"og:type\" content=\"article\" \/>\n<meta property=\"og:title\" content=\"Holding On | CZ: SimplePlan.cz\" \/>\n<meta property=\"og:description\" content=\"Z\u00e1kladn\u00ed info Album: Simple Plan Auto\u0159i textu: Pierre Bouvier, Chuck Comeau, Arnold Lanni Dodate\u010dn\u00e1 spolupr\u00e1ce:\" \/>\n<meta property=\"og:url\" content=\"https:\/\/www.simpleplan.cz\/cz\/index.php\/kapela\/diskografie\/holding-on\/\" \/>\n<meta property=\"og:site_name\" content=\"CZ: SimplePlan.cz\" \/>\n<meta property=\"article:publisher\" content=\"http:\/\/www.facebook.com\/simpleplancz\" \/>\n<meta property=\"article:modified_time\" content=\"2023-06-26T07:29:56+00:00\" \/>\n<meta property=\"og:image\" content=\"http:\/\/www.simpleplan.cz\/cz\/wp-content\/uploads\/logo.gif\" \/>\n<meta name=\"twitter:card\" content=\"summary_large_image\" \/>\n<meta name=\"twitter:site\" content=\"@simpleplancz\" \/>\n<meta name=\"twitter:label1\" content=\"Odhadovan\u00e1 doba \u010dten\u00ed\" \/>\n\t<meta name=\"twitter:data1\" content=\"3 minuty\" \/>\n<script type=\"application\/ld+json\" class=\"yoast-schema-graph\">{\"@context\":\"https:\/\/schema.org\",\"@graph\":[{\"@type\":\"WebPage\",\"@id\":\"https:\/\/www.simpleplan.cz\/cz\/index.php\/kapela\/diskografie\/holding-on\/\",\"url\":\"https:\/\/www.simpleplan.cz\/cz\/index.php\/kapela\/diskografie\/holding-on\/\",\"name\":\"Holding On | CZ: SimplePlan.cz\",\"isPartOf\":{\"@id\":\"https:\/\/www.simpleplan.cz\/cz\/#website\"},\"datePublished\":\"2012-07-28T12:13:19+00:00\",\"dateModified\":\"2023-06-26T07:29:56+00:00\",\"breadcrumb\":{\"@id\":\"https:\/\/www.simpleplan.cz\/cz\/index.php\/kapela\/diskografie\/holding-on\/#breadcrumb\"},\"inLanguage\":\"cs\",\"potentialAction\":[{\"@type\":\"ReadAction\",\"target\":[\"https:\/\/www.simpleplan.cz\/cz\/index.php\/kapela\/diskografie\/holding-on\/\"]}]},{\"@type\":\"BreadcrumbList\",\"@id\":\"https:\/\/www.simpleplan.cz\/cz\/index.php\/kapela\/diskografie\/holding-on\/#breadcrumb\",\"itemListElement\":[{\"@type\":\"ListItem\",\"position\":1,\"name\":\"Dom\u016f\",\"item\":\"https:\/\/www.simpleplan.cz\/cz\/\"},{\"@type\":\"ListItem\",\"position\":2,\"name\":\"Kapela\",\"item\":\"https:\/\/www.simpleplan.cz\/cz\/index.php\/kapela\/\"},{\"@type\":\"ListItem\",\"position\":3,\"name\":\"Diskografie\",\"item\":\"https:\/\/www.simpleplan.cz\/cz\/index.php\/kapela\/diskografie\/\"},{\"@type\":\"ListItem\",\"position\":4,\"name\":\"Holding On\"}]},{\"@type\":\"WebSite\",\"@id\":\"https:\/\/www.simpleplan.cz\/cz\/#website\",\"url\":\"https:\/\/www.simpleplan.cz\/cz\/\",\"name\":\"CZ: SimplePlan.cz\",\"description\":\"Nejlep\u0161\u00ed zdroj informac\u00ed o kapele Simple Plan\",\"publisher\":{\"@id\":\"https:\/\/www.simpleplan.cz\/cz\/#organization\"},\"potentialAction\":[{\"@type\":\"SearchAction\",\"target\":{\"@type\":\"EntryPoint\",\"urlTemplate\":\"https:\/\/www.simpleplan.cz\/cz\/?s={search_term_string}\"},\"query-input\":\"required name=search_term_string\"}],\"inLanguage\":\"cs\"},{\"@type\":\"Organization\",\"@id\":\"https:\/\/www.simpleplan.cz\/cz\/#organization\",\"name\":\"CZ: SimplePlan.cz\",\"url\":\"https:\/\/www.simpleplan.cz\/cz\/\",\"logo\":{\"@type\":\"ImageObject\",\"inLanguage\":\"cs\",\"@id\":\"https:\/\/www.simpleplan.cz\/cz\/#\/schema\/logo\/image\/\",\"url\":\"https:\/\/www.simpleplan.cz\/cz\/wp-content\/uploads\/spczlogo.png\",\"contentUrl\":\"https:\/\/www.simpleplan.cz\/cz\/wp-content\/uploads\/spczlogo.png\",\"width\":250,\"height\":190,\"caption\":\"CZ: SimplePlan.cz\"},\"image\":{\"@id\":\"https:\/\/www.simpleplan.cz\/cz\/#\/schema\/logo\/image\/\"},\"sameAs\":[\"http:\/\/www.facebook.com\/simpleplancz\",\"https:\/\/twitter.com\/simpleplancz\",\"http:\/\/www.instagram.com\/simpleplancz\",\"http:\/\/www.youtube.com\/simpleplancz\"]}]}<\/script>\n<!-- \/ Yoast SEO plugin. -->","yoast_head_json":{"title":"Holding On | CZ: SimplePlan.cz","robots":{"index":"index","follow":"follow","max-snippet":"max-snippet:-1","max-image-preview":"max-image-preview:large","max-video-preview":"max-video-preview:-1"},"canonical":"https:\/\/www.simpleplan.cz\/cz\/index.php\/kapela\/diskografie\/holding-on\/","og_locale":"cs_CZ","og_type":"article","og_title":"Holding On | CZ: SimplePlan.cz","og_description":"Z\u00e1kladn\u00ed info Album: Simple Plan Auto\u0159i textu: Pierre Bouvier, Chuck Comeau, Arnold Lanni Dodate\u010dn\u00e1 spolupr\u00e1ce:","og_url":"https:\/\/www.simpleplan.cz\/cz\/index.php\/kapela\/diskografie\/holding-on\/","og_site_name":"CZ: SimplePlan.cz","article_publisher":"http:\/\/www.facebook.com\/simpleplancz","article_modified_time":"2023-06-26T07:29:56+00:00","og_image":[{"url":"http:\/\/www.simpleplan.cz\/cz\/wp-content\/uploads\/logo.gif"}],"twitter_card":"summary_large_image","twitter_site":"@simpleplancz","twitter_misc":{"Odhadovan\u00e1 doba \u010dten\u00ed":"3 minuty"},"schema":{"@context":"https:\/\/schema.org","@graph":[{"@type":"WebPage","@id":"https:\/\/www.simpleplan.cz\/cz\/index.php\/kapela\/diskografie\/holding-on\/","url":"https:\/\/www.simpleplan.cz\/cz\/index.php\/kapela\/diskografie\/holding-on\/","name":"Holding On | CZ: SimplePlan.cz","isPartOf":{"@id":"https:\/\/www.simpleplan.cz\/cz\/#website"},"datePublished":"2012-07-28T12:13:19+00:00","dateModified":"2023-06-26T07:29:56+00:00","breadcrumb":{"@id":"https:\/\/www.simpleplan.cz\/cz\/index.php\/kapela\/diskografie\/holding-on\/#breadcrumb"},"inLanguage":"cs","potentialAction":[{"@type":"ReadAction","target":["https:\/\/www.simpleplan.cz\/cz\/index.php\/kapela\/diskografie\/holding-on\/"]}]},{"@type":"BreadcrumbList","@id":"https:\/\/www.simpleplan.cz\/cz\/index.php\/kapela\/diskografie\/holding-on\/#breadcrumb","itemListElement":[{"@type":"ListItem","position":1,"name":"Dom\u016f","item":"https:\/\/www.simpleplan.cz\/cz\/"},{"@type":"ListItem","position":2,"name":"Kapela","item":"https:\/\/www.simpleplan.cz\/cz\/index.php\/kapela\/"},{"@type":"ListItem","position":3,"name":"Diskografie","item":"https:\/\/www.simpleplan.cz\/cz\/index.php\/kapela\/diskografie\/"},{"@type":"ListItem","position":4,"name":"Holding On"}]},{"@type":"WebSite","@id":"https:\/\/www.simpleplan.cz\/cz\/#website","url":"https:\/\/www.simpleplan.cz\/cz\/","name":"CZ: SimplePlan.cz","description":"Nejlep\u0161\u00ed zdroj informac\u00ed o kapele Simple Plan","publisher":{"@id":"https:\/\/www.simpleplan.cz\/cz\/#organization"},"potentialAction":[{"@type":"SearchAction","target":{"@type":"EntryPoint","urlTemplate":"https:\/\/www.simpleplan.cz\/cz\/?s={search_term_string}"},"query-input":"required name=search_term_string"}],"inLanguage":"cs"},{"@type":"Organization","@id":"https:\/\/www.simpleplan.cz\/cz\/#organization","name":"CZ: SimplePlan.cz","url":"https:\/\/www.simpleplan.cz\/cz\/","logo":{"@type":"ImageObject","inLanguage":"cs","@id":"https:\/\/www.simpleplan.cz\/cz\/#\/schema\/logo\/image\/","url":"https:\/\/www.simpleplan.cz\/cz\/wp-content\/uploads\/spczlogo.png","contentUrl":"https:\/\/www.simpleplan.cz\/cz\/wp-content\/uploads\/spczlogo.png","width":250,"height":190,"caption":"CZ: SimplePlan.cz"},"image":{"@id":"https:\/\/www.simpleplan.cz\/cz\/#\/schema\/logo\/image\/"},"sameAs":["http:\/\/www.facebook.com\/simpleplancz","https:\/\/twitter.com\/simpleplancz","http:\/\/www.instagram.com\/simpleplancz","http:\/\/www.youtube.com\/simpleplancz"]}]}},"_links":{"self":[{"href":"https:\/\/www.simpleplan.cz\/cz\/index.php\/wp-json\/wp\/v2\/pages\/11083"}],"collection":[{"href":"https:\/\/www.simpleplan.cz\/cz\/index.php\/wp-json\/wp\/v2\/pages"}],"about":[{"href":"https:\/\/www.simpleplan.cz\/cz\/index.php\/wp-json\/wp\/v2\/types\/page"}],"author":[{"embeddable":true,"href":"https:\/\/www.simpleplan.cz\/cz\/index.php\/wp-json\/wp\/v2\/users\/5"}],"replies":[{"embeddable":true,"href":"https:\/\/www.simpleplan.cz\/cz\/index.php\/wp-json\/wp\/v2\/comments?post=11083"}],"version-history":[{"count":5,"href":"https:\/\/www.simpleplan.cz\/cz\/index.php\/wp-json\/wp\/v2\/pages\/11083\/revisions"}],"predecessor-version":[{"id":23261,"href":"https:\/\/www.simpleplan.cz\/cz\/index.php\/wp-json\/wp\/v2\/pages\/11083\/revisions\/23261"}],"up":[{"embeddable":true,"href":"https:\/\/www.simpleplan.cz\/cz\/index.php\/wp-json\/wp\/v2\/pages\/5273"}],"wp:attachment":[{"href":"https:\/\/www.simpleplan.cz\/cz\/index.php\/wp-json\/wp\/v2\/media?parent=11083"}],"curies":[{"name":"wp","href":"https:\/\/api.w.org\/{rel}","templated":true}]}}