{"id":11087,"date":"2012-07-28T14:26:01","date_gmt":"2012-07-28T12:26:01","guid":{"rendered":"http:\/\/www.simpleplan.cz\/cz\/?page_id=11087"},"modified":"2023-06-26T09:29:57","modified_gmt":"2023-06-26T07:29:57","slug":"no-love","status":"publish","type":"page","link":"https:\/\/www.simpleplan.cz\/cz\/index.php\/kapela\/diskografie\/no-love\/","title":{"rendered":"No Love"},"content":{"rendered":"<div class=\"pagecontent\">\n<div class=\"girls\"><b><u>Z\u00e1kladn\u00ed info<\/u><\/b><\/div>\n<p><b>Album:<\/b> Simple Plan<br \/>\n<b>Auto\u0159i textu:<\/b> Pierre Bouvier, Chuck Comeau, Arnold Lanni<br \/>\n<b>Dodate\u010dn\u00e1 spolupr\u00e1ce:<\/b> Dave Fortman (produkce), Liam O&#8217;Neil (kl\u00e1vesy), Dave Campbell (dirigent smy\u010dcov\u00e9ho orchestru)<br \/>\n<b>D\u00e9lka p\u00edsn\u011b:<\/b> 3:17<\/p>\n<div class=\"girls\"><b><u>Text p\u00edsn\u011b<\/u><\/b><\/div>\n<p><center><br \/>\nStaring out to the world across the street<br \/>\nYou hate the way your live turned out to be<br \/>\nHe&#8217;s pulling up in the driveway<br \/>\nAnd you don&#8217;t make a sound<br \/>\nCause you always learned to hold the things you wanna say<br \/>\nYou&#8217;re always gonna be afraid<\/center><\/p>\n<p><center>There&#8217;s only hate<br \/>\nThere&#8217;s only tears<br \/>\nThere&#8217;s only pain<br \/>\nThere is no love here<br \/>\nSo what will you do?<br \/>\nThere&#8217;s only lies<br \/>\nThere&#8217;s only fear<br \/>\nthere&#8217;s only pain<br \/>\nThere is no love here<\/center><\/p>\n<p><center>Broken down, like a mirror smashed to pieces<br \/>\nYou learned the hard way to shut your mouth and smile<br \/>\nIf these walls could talk they would have so much to say<br \/>\nCause every time you fight the scars are gonna heal<br \/>\nBut they&#8217;re never gonna go away<\/center><\/p>\n<p><center>There&#8217;s only hate<br \/>\nThere&#8217;s only tears<br \/>\nThere&#8217;s only pain<br \/>\nThere is no love here<br \/>\nSo what will you do?<br \/>\nThere&#8217;s only lies<br \/>\nThere&#8217;s only fear<br \/>\nThere&#8217;s only pain<br \/>\nThere is no love here<br \/>\nSo what will you do?<br \/>\nYou&#8217;re falling<br \/>\nYou&#8217;re screaming<br \/>\nYou&#8217;re stuck in the same old nightmare<br \/>\nHe&#8217;s lying<br \/>\nYou&#8217;re crying<br \/>\nThere&#8217;s nothing left to salvage<br \/>\nKick the door cause this is over<br \/>\nGet me out of here<br \/>\nWhoa<br \/>\nKick the door<\/center><\/p>\n<p><center>There&#8217;s only hate<br \/>\nThere&#8217;s only tears<br \/>\nThere&#8217;s only pain<br \/>\nThere is no love here<br \/>\nSo what will you do?<br \/>\nThere&#8217;s only lies<br \/>\nThere&#8217;s only fear<br \/>\nThere&#8217;s only pain<br \/>\nThere is no love here<br \/>\nSo what will you do?<br \/>\nThere&#8217;s only hate<br \/>\nThere&#8217;s only tears<br \/>\nThere&#8217;s only pain<br \/>\nThere is no love here<br \/>\n<\/center><\/p>\n<div class=\"girls\"><b><u>\u010cesk\u00fd p\u0159eklad<\/u><\/b><\/div>\n<p><center><br \/>\nD\u00edv\u00e1\u0161 se na sv\u011bt p\u0159es ulici<br \/>\nNesn\u00e1\u0161\u00ed\u0161 v co se tv\u016fj \u017eivot vyvinul<br \/>\nZastavuje na p\u0159\u00edjezdov\u00e9 cest\u011b<br \/>\nA ty nevyd\u00e1\u0161 ani hl\u00e1sku<br \/>\nProto\u017ee ses nau\u010dila udr\u017eovat v sob\u011b v\u011bci, kter\u00e9 bys cht\u011bla \u0159\u00edct<br \/>\nBude\u0161 se v\u017edycky b\u00e1t<\/center><\/p>\n<p><center>Je tu jen nen\u00e1vist<br \/>\nJsou tu jen slzy<br \/>\nJe tu jen bolest<br \/>\nNen\u00ed tu \u017e\u00e1dn\u00e1 l\u00e1ska<br \/>\nTak\u017ee co ud\u011bl\u00e1\u0161?<br \/>\nJsou tu jenom l\u017ei<br \/>\nJe tu jen strach<br \/>\nJe tu jen bolest<br \/>\nNen\u00ed tu \u017e\u00e1dn\u00e1 l\u00e1ska<\/center><\/p>\n<p><center>Zhroucen\u00e1, jako zrcadlo rozbit\u00e9 na kusy<br \/>\nNau\u010dila ses ten hor\u0161\u00ed zp\u016fsob, jak zav\u0159\u00edt pusu a usm\u00e1t se<br \/>\nKdyby tyhle zdi mohly mluvit, m\u011bli by toho tolik co \u0159\u00edct<br \/>\nProto\u017ee v\u017edycky, kdy\u017e bojuje\u0161, tv\u00e9 jizvy se budou hojit<br \/>\nAle nikdy opravdu nezmiz\u00ed<\/center><\/p>\n<p><center>Je tu jen nen\u00e1vist<br \/>\nJsou tu jen slzy<br \/>\nJe tu jen bolest<br \/>\nNen\u00ed tu \u017e\u00e1dn\u00e1 l\u00e1ska<br \/>\nTak\u017ee co ud\u011bl\u00e1\u0161?<br \/>\nJsou tu jenom l\u017ei<br \/>\nJe tu jen strach<br \/>\nJe tu jen bolest<br \/>\nNen\u00ed tu \u017e\u00e1dn\u00e1 l\u00e1ska<br \/>\nTak\u017ee co ud\u011bl\u00e1\u0161?<br \/>\nPad\u00e1\u0161<br \/>\nK\u0159i\u010d\u00ed\u0161<br \/>\nJsi po\u0159\u00e1d v t\u00e9 sam\u00e9 star\u00e9 no\u010dn\u00ed m\u016f\u0159e<br \/>\nOn le\u017e\u00ed<br \/>\nTy pl\u00e1\u010de\u0161<br \/>\nNezbylo tu nic, co by se dalo zachr\u00e1nit<br \/>\nProkopni dve\u0159e, proto\u017ee u\u017e je konec<br \/>\nDosta\u0148 m\u011b odtud<br \/>\nWhoa<br \/>\nProkopni dve\u0159e<\/center><\/p>\n<p><center>Je tu jen nen\u00e1vist<br \/>\nJsou tu jen slzy<br \/>\nJe tu jen bolest<br \/>\nNen\u00ed tu \u017e\u00e1dn\u00e1 l\u00e1ska<br \/>\nTak\u017ee co ud\u011bl\u00e1\u0161?<br \/>\nJsou tu jenom l\u017ei<br \/>\nJe tu jen strach<br \/>\nJe tu jen bolest<br \/>\nNen\u00ed tu \u017e\u00e1dn\u00e1 l\u00e1ska<br \/>\nTak\u017ee co ud\u011bl\u00e1\u0161?<br \/>\nJe tu jen nen\u00e1vist<br \/>\nJsou tu jen slzy<br \/>\nJe tu jen bolest<br \/>\nNen\u00ed tu \u017e\u00e1dn\u00e1 l\u00e1ska<br \/>\n<\/center><\/p>\n<\/div>\n<div class=\"fblikebutton_button\" style=\"float: left; padding-top: 20px; margin-right: 20px; padding-bottom: 20px; padding-left: 20px;\"><iframe src=\"http:\/\/www.facebook.com\/plugins\/like.php?href=https%3A%2F%2Fwww.simpleplan.cz%2Fcz%2Findex.php%2Fkapela%2Fdiskografie%2Fno-love%2F&amp;layout=standard&amp;show-faces=false&amp;width=450&amp;action=like&amp;colorscheme=light\" scrolling=\"no\" frameborder=\"0\" allowTransparency=\"true\" style=\"border:none; overflow:hidden; width:450px; height:26px\"><\/iframe><\/div>\n","protected":false},"excerpt":{"rendered":"<p>Z\u00e1kladn\u00ed info Album: Simple Plan Auto\u0159i textu: Pierre Bouvier, Chuck Comeau, Arnold Lanni Dodate\u010dn\u00e1 spolupr\u00e1ce:<\/p>\n","protected":false},"author":5,"featured_media":0,"parent":5273,"menu_order":0,"comment_status":"open","ping_status":"open","template":"page-templates\/full-width.php","meta":{"footnotes":""},"yoast_head":"<!-- This site is optimized with the Yoast SEO plugin v20.9 - https:\/\/yoast.com\/wordpress\/plugins\/seo\/ -->\n<title>No Love | CZ: SimplePlan.cz<\/title>\n<meta name=\"robots\" content=\"index, follow, max-snippet:-1, max-image-preview:large, max-video-preview:-1\" \/>\n<link rel=\"canonical\" href=\"https:\/\/www.simpleplan.cz\/cz\/index.php\/kapela\/diskografie\/no-love\/\" \/>\n<meta property=\"og:locale\" content=\"cs_CZ\" \/>\n<meta property=\"og:type\" content=\"article\" \/>\n<meta property=\"og:title\" content=\"No Love | CZ: SimplePlan.cz\" \/>\n<meta property=\"og:description\" content=\"Z\u00e1kladn\u00ed info Album: Simple Plan Auto\u0159i textu: Pierre Bouvier, Chuck Comeau, Arnold Lanni Dodate\u010dn\u00e1 spolupr\u00e1ce:\" \/>\n<meta property=\"og:url\" content=\"https:\/\/www.simpleplan.cz\/cz\/index.php\/kapela\/diskografie\/no-love\/\" \/>\n<meta property=\"og:site_name\" content=\"CZ: SimplePlan.cz\" \/>\n<meta property=\"article:publisher\" content=\"http:\/\/www.facebook.com\/simpleplancz\" \/>\n<meta property=\"article:modified_time\" content=\"2023-06-26T07:29:57+00:00\" \/>\n<meta property=\"og:image\" content=\"http:\/\/www.simpleplan.cz\/cz\/wp-content\/uploads\/logo.gif\" \/>\n<meta name=\"twitter:card\" content=\"summary_large_image\" \/>\n<meta name=\"twitter:site\" content=\"@simpleplancz\" \/>\n<meta name=\"twitter:label1\" content=\"Odhadovan\u00e1 doba \u010dten\u00ed\" \/>\n\t<meta name=\"twitter:data1\" content=\"3 minuty\" \/>\n<script type=\"application\/ld+json\" class=\"yoast-schema-graph\">{\"@context\":\"https:\/\/schema.org\",\"@graph\":[{\"@type\":\"WebPage\",\"@id\":\"https:\/\/www.simpleplan.cz\/cz\/index.php\/kapela\/diskografie\/no-love\/\",\"url\":\"https:\/\/www.simpleplan.cz\/cz\/index.php\/kapela\/diskografie\/no-love\/\",\"name\":\"No Love | CZ: SimplePlan.cz\",\"isPartOf\":{\"@id\":\"https:\/\/www.simpleplan.cz\/cz\/#website\"},\"datePublished\":\"2012-07-28T12:26:01+00:00\",\"dateModified\":\"2023-06-26T07:29:57+00:00\",\"breadcrumb\":{\"@id\":\"https:\/\/www.simpleplan.cz\/cz\/index.php\/kapela\/diskografie\/no-love\/#breadcrumb\"},\"inLanguage\":\"cs\",\"potentialAction\":[{\"@type\":\"ReadAction\",\"target\":[\"https:\/\/www.simpleplan.cz\/cz\/index.php\/kapela\/diskografie\/no-love\/\"]}]},{\"@type\":\"BreadcrumbList\",\"@id\":\"https:\/\/www.simpleplan.cz\/cz\/index.php\/kapela\/diskografie\/no-love\/#breadcrumb\",\"itemListElement\":[{\"@type\":\"ListItem\",\"position\":1,\"name\":\"Dom\u016f\",\"item\":\"https:\/\/www.simpleplan.cz\/cz\/\"},{\"@type\":\"ListItem\",\"position\":2,\"name\":\"Kapela\",\"item\":\"https:\/\/www.simpleplan.cz\/cz\/index.php\/kapela\/\"},{\"@type\":\"ListItem\",\"position\":3,\"name\":\"Diskografie\",\"item\":\"https:\/\/www.simpleplan.cz\/cz\/index.php\/kapela\/diskografie\/\"},{\"@type\":\"ListItem\",\"position\":4,\"name\":\"No Love\"}]},{\"@type\":\"WebSite\",\"@id\":\"https:\/\/www.simpleplan.cz\/cz\/#website\",\"url\":\"https:\/\/www.simpleplan.cz\/cz\/\",\"name\":\"CZ: SimplePlan.cz\",\"description\":\"Nejlep\u0161\u00ed zdroj informac\u00ed o kapele Simple Plan\",\"publisher\":{\"@id\":\"https:\/\/www.simpleplan.cz\/cz\/#organization\"},\"potentialAction\":[{\"@type\":\"SearchAction\",\"target\":{\"@type\":\"EntryPoint\",\"urlTemplate\":\"https:\/\/www.simpleplan.cz\/cz\/?s={search_term_string}\"},\"query-input\":\"required name=search_term_string\"}],\"inLanguage\":\"cs\"},{\"@type\":\"Organization\",\"@id\":\"https:\/\/www.simpleplan.cz\/cz\/#organization\",\"name\":\"CZ: SimplePlan.cz\",\"url\":\"https:\/\/www.simpleplan.cz\/cz\/\",\"logo\":{\"@type\":\"ImageObject\",\"inLanguage\":\"cs\",\"@id\":\"https:\/\/www.simpleplan.cz\/cz\/#\/schema\/logo\/image\/\",\"url\":\"https:\/\/www.simpleplan.cz\/cz\/wp-content\/uploads\/spczlogo.png\",\"contentUrl\":\"https:\/\/www.simpleplan.cz\/cz\/wp-content\/uploads\/spczlogo.png\",\"width\":250,\"height\":190,\"caption\":\"CZ: SimplePlan.cz\"},\"image\":{\"@id\":\"https:\/\/www.simpleplan.cz\/cz\/#\/schema\/logo\/image\/\"},\"sameAs\":[\"http:\/\/www.facebook.com\/simpleplancz\",\"https:\/\/twitter.com\/simpleplancz\",\"http:\/\/www.instagram.com\/simpleplancz\",\"http:\/\/www.youtube.com\/simpleplancz\"]}]}<\/script>\n<!-- \/ Yoast SEO plugin. -->","yoast_head_json":{"title":"No Love | CZ: SimplePlan.cz","robots":{"index":"index","follow":"follow","max-snippet":"max-snippet:-1","max-image-preview":"max-image-preview:large","max-video-preview":"max-video-preview:-1"},"canonical":"https:\/\/www.simpleplan.cz\/cz\/index.php\/kapela\/diskografie\/no-love\/","og_locale":"cs_CZ","og_type":"article","og_title":"No Love | CZ: SimplePlan.cz","og_description":"Z\u00e1kladn\u00ed info Album: Simple Plan Auto\u0159i textu: Pierre Bouvier, Chuck Comeau, Arnold Lanni Dodate\u010dn\u00e1 spolupr\u00e1ce:","og_url":"https:\/\/www.simpleplan.cz\/cz\/index.php\/kapela\/diskografie\/no-love\/","og_site_name":"CZ: SimplePlan.cz","article_publisher":"http:\/\/www.facebook.com\/simpleplancz","article_modified_time":"2023-06-26T07:29:57+00:00","og_image":[{"url":"http:\/\/www.simpleplan.cz\/cz\/wp-content\/uploads\/logo.gif"}],"twitter_card":"summary_large_image","twitter_site":"@simpleplancz","twitter_misc":{"Odhadovan\u00e1 doba \u010dten\u00ed":"3 minuty"},"schema":{"@context":"https:\/\/schema.org","@graph":[{"@type":"WebPage","@id":"https:\/\/www.simpleplan.cz\/cz\/index.php\/kapela\/diskografie\/no-love\/","url":"https:\/\/www.simpleplan.cz\/cz\/index.php\/kapela\/diskografie\/no-love\/","name":"No Love | CZ: SimplePlan.cz","isPartOf":{"@id":"https:\/\/www.simpleplan.cz\/cz\/#website"},"datePublished":"2012-07-28T12:26:01+00:00","dateModified":"2023-06-26T07:29:57+00:00","breadcrumb":{"@id":"https:\/\/www.simpleplan.cz\/cz\/index.php\/kapela\/diskografie\/no-love\/#breadcrumb"},"inLanguage":"cs","potentialAction":[{"@type":"ReadAction","target":["https:\/\/www.simpleplan.cz\/cz\/index.php\/kapela\/diskografie\/no-love\/"]}]},{"@type":"BreadcrumbList","@id":"https:\/\/www.simpleplan.cz\/cz\/index.php\/kapela\/diskografie\/no-love\/#breadcrumb","itemListElement":[{"@type":"ListItem","position":1,"name":"Dom\u016f","item":"https:\/\/www.simpleplan.cz\/cz\/"},{"@type":"ListItem","position":2,"name":"Kapela","item":"https:\/\/www.simpleplan.cz\/cz\/index.php\/kapela\/"},{"@type":"ListItem","position":3,"name":"Diskografie","item":"https:\/\/www.simpleplan.cz\/cz\/index.php\/kapela\/diskografie\/"},{"@type":"ListItem","position":4,"name":"No Love"}]},{"@type":"WebSite","@id":"https:\/\/www.simpleplan.cz\/cz\/#website","url":"https:\/\/www.simpleplan.cz\/cz\/","name":"CZ: SimplePlan.cz","description":"Nejlep\u0161\u00ed zdroj informac\u00ed o kapele Simple Plan","publisher":{"@id":"https:\/\/www.simpleplan.cz\/cz\/#organization"},"potentialAction":[{"@type":"SearchAction","target":{"@type":"EntryPoint","urlTemplate":"https:\/\/www.simpleplan.cz\/cz\/?s={search_term_string}"},"query-input":"required name=search_term_string"}],"inLanguage":"cs"},{"@type":"Organization","@id":"https:\/\/www.simpleplan.cz\/cz\/#organization","name":"CZ: SimplePlan.cz","url":"https:\/\/www.simpleplan.cz\/cz\/","logo":{"@type":"ImageObject","inLanguage":"cs","@id":"https:\/\/www.simpleplan.cz\/cz\/#\/schema\/logo\/image\/","url":"https:\/\/www.simpleplan.cz\/cz\/wp-content\/uploads\/spczlogo.png","contentUrl":"https:\/\/www.simpleplan.cz\/cz\/wp-content\/uploads\/spczlogo.png","width":250,"height":190,"caption":"CZ: SimplePlan.cz"},"image":{"@id":"https:\/\/www.simpleplan.cz\/cz\/#\/schema\/logo\/image\/"},"sameAs":["http:\/\/www.facebook.com\/simpleplancz","https:\/\/twitter.com\/simpleplancz","http:\/\/www.instagram.com\/simpleplancz","http:\/\/www.youtube.com\/simpleplancz"]}]}},"_links":{"self":[{"href":"https:\/\/www.simpleplan.cz\/cz\/index.php\/wp-json\/wp\/v2\/pages\/11087"}],"collection":[{"href":"https:\/\/www.simpleplan.cz\/cz\/index.php\/wp-json\/wp\/v2\/pages"}],"about":[{"href":"https:\/\/www.simpleplan.cz\/cz\/index.php\/wp-json\/wp\/v2\/types\/page"}],"author":[{"embeddable":true,"href":"https:\/\/www.simpleplan.cz\/cz\/index.php\/wp-json\/wp\/v2\/users\/5"}],"replies":[{"embeddable":true,"href":"https:\/\/www.simpleplan.cz\/cz\/index.php\/wp-json\/wp\/v2\/comments?post=11087"}],"version-history":[{"count":3,"href":"https:\/\/www.simpleplan.cz\/cz\/index.php\/wp-json\/wp\/v2\/pages\/11087\/revisions"}],"predecessor-version":[{"id":23262,"href":"https:\/\/www.simpleplan.cz\/cz\/index.php\/wp-json\/wp\/v2\/pages\/11087\/revisions\/23262"}],"up":[{"embeddable":true,"href":"https:\/\/www.simpleplan.cz\/cz\/index.php\/wp-json\/wp\/v2\/pages\/5273"}],"wp:attachment":[{"href":"https:\/\/www.simpleplan.cz\/cz\/index.php\/wp-json\/wp\/v2\/media?parent=11087"}],"curies":[{"name":"wp","href":"https:\/\/api.w.org\/{rel}","templated":true}]}}