{"id":11332,"date":"2012-09-24T20:41:44","date_gmt":"2012-09-24T18:41:44","guid":{"rendered":"http:\/\/www.simpleplan.cz\/cz\/?page_id=11332"},"modified":"2023-06-26T09:29:57","modified_gmt":"2023-06-26T07:29:57","slug":"one","status":"publish","type":"page","link":"https:\/\/www.simpleplan.cz\/cz\/index.php\/kapela\/diskografie\/one\/","title":{"rendered":"One"},"content":{"rendered":"<div class=\"pagecontent\">\n<div class=\"girls\"><b><u>Z\u00e1kladn\u00ed info<\/u><\/b><\/div>\n<p><b>Album:<\/b> Still Not Getting Any<br \/>\n<b>Auto\u0159i textu:<\/b> Pierre Bouvier, Chuck Comeau<br \/>\n<b>Dodate\u010dn\u00e1 spolupr\u00e1ce:<\/b> Bob Rock (produkce), Bob Buckley (smy\u010dcov\u00e9 n\u00e1stroje)<br \/>\n<b>D\u00e9lka p\u00edsn\u011b:<\/b> 3:21<\/p>\n<div class=\"girls\"><b><u>V\u00fdznam p\u00edsn\u011b<\/u><\/b><\/div>\n<p>Tato p\u00edse\u0148 byla naps\u00e1na ke konci procesu psan\u00ed p\u00edsn\u00ed pro album &#8222;Still Not Getting Any&#8220;. V roce 2004 se o n\u00ed Chuck zm\u00ednil v rozhovoru pro ModernDrummer.com. Tady je p\u0159elo\u017een\u00e1 \u010d\u00e1st z tohoto \u010dl\u00e1nku: <\/p>\n<blockquote><p><i>&#8222;Alespo\u0148 jednu z p\u00edsn\u00ed \u010dlov\u011bk prost\u011b mus\u00ed pojmenovat &#8222;One&#8220;. Metallica to ud\u011blala, tak jsme si mysleli, \u017ee bychom mohli b\u00fdt namy\u0161len\u00ed kret\u00e9ni taky.&#8220;<\/i><br \/>\n<center> &#8211; Chuck Comeau &#8211; <\/center><\/p><\/blockquote>\n<p>Pot\u00e9, co se kluci poprv\u00e9 pokusili o vytvo\u0159en\u00ed melodie, se jim ale jejich v\u00fdsledek moc nel\u00edbil. Dosp\u011bli tedy k tomu, \u017ee p\u00edse\u0148 upravili do \u00fachvatn\u00e9ho rytmu inspirovan\u00e9ho Seanem Paulem. <\/p>\n<div class=\"girls\"><b><u>Text p\u00edsn\u011b<\/u><\/b><\/div>\n<p><center><br \/>\nWe are the lost<br \/>\nThe ones forgotten<br \/>\nAnd this time<br \/>\nThe future is ours<br \/>\nIt&#8217;s in our hands<\/center><\/p>\n<p><center>We&#8217;re the tear in your eyes<br \/>\nWe&#8217;re the blood in your veins<br \/>\nWe&#8217;re the beat of your hearts<br \/>\nWe&#8217;re the sweat on your face<br \/>\nWe&#8217;re the ones that you chase<br \/>\nWe&#8217;re the promise that you made<br \/>\nWe&#8217;re the voice in your head<br \/>\nWe&#8217;re the lies that you said<br \/>\nWe&#8217;re the kids that you pushed away<br \/>\nWe are&#8230;<\/center><\/p>\n<p><center>We are the lost<br \/>\nThe ones forgotten<br \/>\nAnd this time<br \/>\nThe future is ours<br \/>\nIt&#8217;s in our hands<br \/>\nWe are one<\/center><\/p>\n<p><center>We&#8217;re the pride of your lives<br \/>\nWe&#8217;re the light shining deep in your eyes<br \/>\nWe&#8217;re the choice that you made<br \/>\nWe&#8217;re the smile on your face<br \/>\nWhen you sleep at night<br \/>\nWe&#8217;re the best thing you had<br \/>\nBut you left us behind<br \/>\nWe&#8217;re the kids that you pushed away<\/center><\/p>\n<p><center>We are the lost<br \/>\nThe ones forgotten<br \/>\nAnd this time<br \/>\nThe future is ours<br \/>\nIt&#8217;s in our hands<br \/>\nWe are one, one<\/center><\/p>\n<p><center>We&#8217;re the pain that you feel<br \/>\nWe&#8217;re the scars that don&#8217;t heal<br \/>\nWe&#8217;re the tear in your eyes<br \/>\nWe&#8217;re the reason you cry<br \/>\nWe&#8217;re the voice in your head<br \/>\nWe&#8217;re the lies that you said<br \/>\nWe&#8217;re the best thing you had<br \/>\nBut you pushed us away<\/center><\/p>\n<p><center>We are the lost<br \/>\nThe ones forgotten<br \/>\nAnd this time<br \/>\nThe future is ours<br \/>\nIt&#8217;s in our hands<br \/>\nWe are, we are the lost<br \/>\nThe ones forgotten<br \/>\nAnd we&#8217;ve got nothing to lose<br \/>\nTogether we stand up tall<br \/>\nWe are one<br \/>\n<\/center><\/p>\n<div class=\"girls\"><b><u>\u010cesk\u00fd p\u0159eklad<\/u><\/b><\/div>\n<p><center><br \/>\nMy jsme ti ztracen\u00ed<br \/>\nTi zapomenut\u00ed<br \/>\nA tentokr\u00e1t<br \/>\nJe budoucnost na\u0161e<br \/>\nJe v na\u0161ich rukou<\/center><\/p>\n<p><center>My jsme slzou ve va\u0161ich o\u010d\u00edch<br \/>\nMy jsme krv\u00ed ve va\u0161ich \u017eil\u00e1ch<br \/>\nMy jsme zvukem va\u0161ich srdc\u00ed<br \/>\nMy jsme potem na tv\u00e9 tv\u00e1\u0159i<br \/>\nMy jsme t\u011bmi, kter\u00e9 pron\u00e1sledujete<br \/>\nMy jsme slibem, kter\u00fd jste dali<br \/>\nMy jsme hlasem ve tv\u00e9 hlav\u011b<br \/>\nMy jsme l\u017ei, kter\u00e9 jste \u0159ekli<br \/>\nMy jsme d\u011btmi, kter\u00e9 jste odstr\u010dili<br \/>\nMy jsme\u2026<\/center><\/p>\n<p><center>My jsme ti ztracen\u00ed, ti zapomenut\u00ed<br \/>\nA tentokr\u00e1t<br \/>\nJe budoucnost na\u0161e<br \/>\nJe v na\u0161ich rukou<br \/>\nMy jsme jeden<\/center><\/p>\n<p><center>My jsme p\u00fdchou va\u0161ich \u017eivot\u016f<br \/>\nMy jsme sv\u011btlem z\u00e1\u0159\u00edc\u00edm hluboko ve va\u0161ich o\u010d\u00edch,<br \/>\nMy jsme volbou, kterou jste u\u010dinili<br \/>\nMy jsme \u00fasm\u011bvem na va\u0161\u00ed tv\u00e1\u0159i<br \/>\nKdy\u017e v noci sp\u00edte<\/center><\/p>\n<p><center>My jsme ti ztracen\u00ed, ti zapomenut\u00ed<br \/>\nA tentokr\u00e1t<br \/>\nJe budoucnost na\u0161e<br \/>\nJe v na\u0161ich rukou<br \/>\nMy jsme jeden<\/center><\/p>\n<p><center>My jsme bolest\u00ed, kterou c\u00edt\u00edte<br \/>\nMy jsme jizvami, kter\u00e9 se nezhoj\u00ed<br \/>\nMy jsme slzou ve va\u0161ich o\u010d\u00edch<br \/>\nMy jsme d\u016fvodem, pro\u010d pl\u00e1\u010dete<br \/>\nMy jsme hlasem ve va\u0161\u00ed hlav\u011b<br \/>\nMy jsme l\u017ei, kter\u00e9 jste \u0159ekli<br \/>\nMy jsme tou nejlep\u0161\u00ed v\u011bc\u00ed, kterou jste m\u011bli<br \/>\nale vy jste n\u00e1s odstr\u010dili<\/center><\/p>\n<p><center>My jsme ti ztracen\u00ed, ti zapomenut\u00ed<br \/>\nA tentokr\u00e1t<br \/>\nJe budoucnost na\u0161e<br \/>\nJe v na\u0161ich rukou<br \/>\nTi ztracen\u00ed, ti zapomenut\u00ed<br \/>\nNem\u00e1me co ztratit<br \/>\nDohromady jsme v\u00edc<br \/>\nMy jsme jeden<\/p>\n<p><\/center><\/p>\n<\/div>\n<div class=\"fblikebutton_button\" style=\"float: left; padding-top: 20px; margin-right: 20px; padding-bottom: 20px; padding-left: 20px;\"><iframe src=\"http:\/\/www.facebook.com\/plugins\/like.php?href=https%3A%2F%2Fwww.simpleplan.cz%2Fcz%2Findex.php%2Fkapela%2Fdiskografie%2Fone%2F&amp;layout=standard&amp;show-faces=false&amp;width=450&amp;action=like&amp;colorscheme=light\" scrolling=\"no\" frameborder=\"0\" allowTransparency=\"true\" style=\"border:none; overflow:hidden; width:450px; height:26px\"><\/iframe><\/div>\n","protected":false},"excerpt":{"rendered":"<p>Z\u00e1kladn\u00ed info Album: Still Not Getting Any Auto\u0159i textu: Pierre Bouvier, Chuck Comeau Dodate\u010dn\u00e1 spolupr\u00e1ce:<\/p>\n","protected":false},"author":5,"featured_media":0,"parent":5273,"menu_order":0,"comment_status":"open","ping_status":"open","template":"page-templates\/full-width.php","meta":{"footnotes":""},"yoast_head":"<!-- This site is optimized with the Yoast SEO plugin v20.9 - https:\/\/yoast.com\/wordpress\/plugins\/seo\/ -->\n<title>One | CZ: SimplePlan.cz<\/title>\n<meta name=\"robots\" content=\"index, follow, max-snippet:-1, max-image-preview:large, max-video-preview:-1\" \/>\n<link rel=\"canonical\" href=\"https:\/\/www.simpleplan.cz\/cz\/index.php\/kapela\/diskografie\/one\/\" \/>\n<meta property=\"og:locale\" content=\"cs_CZ\" \/>\n<meta property=\"og:type\" content=\"article\" \/>\n<meta property=\"og:title\" content=\"One | CZ: SimplePlan.cz\" \/>\n<meta property=\"og:description\" content=\"Z\u00e1kladn\u00ed info Album: Still Not Getting Any Auto\u0159i textu: Pierre Bouvier, Chuck Comeau Dodate\u010dn\u00e1 spolupr\u00e1ce:\" \/>\n<meta property=\"og:url\" content=\"https:\/\/www.simpleplan.cz\/cz\/index.php\/kapela\/diskografie\/one\/\" \/>\n<meta property=\"og:site_name\" content=\"CZ: SimplePlan.cz\" \/>\n<meta property=\"article:publisher\" content=\"http:\/\/www.facebook.com\/simpleplancz\" \/>\n<meta property=\"article:modified_time\" content=\"2023-06-26T07:29:57+00:00\" \/>\n<meta property=\"og:image\" content=\"http:\/\/www.simpleplan.cz\/cz\/wp-content\/uploads\/logo.gif\" \/>\n<meta name=\"twitter:card\" content=\"summary_large_image\" \/>\n<meta name=\"twitter:site\" content=\"@simpleplancz\" \/>\n<meta name=\"twitter:label1\" content=\"Odhadovan\u00e1 doba \u010dten\u00ed\" \/>\n\t<meta name=\"twitter:data1\" content=\"3 minuty\" \/>\n<script type=\"application\/ld+json\" class=\"yoast-schema-graph\">{\"@context\":\"https:\/\/schema.org\",\"@graph\":[{\"@type\":\"WebPage\",\"@id\":\"https:\/\/www.simpleplan.cz\/cz\/index.php\/kapela\/diskografie\/one\/\",\"url\":\"https:\/\/www.simpleplan.cz\/cz\/index.php\/kapela\/diskografie\/one\/\",\"name\":\"One | CZ: SimplePlan.cz\",\"isPartOf\":{\"@id\":\"https:\/\/www.simpleplan.cz\/cz\/#website\"},\"datePublished\":\"2012-09-24T18:41:44+00:00\",\"dateModified\":\"2023-06-26T07:29:57+00:00\",\"breadcrumb\":{\"@id\":\"https:\/\/www.simpleplan.cz\/cz\/index.php\/kapela\/diskografie\/one\/#breadcrumb\"},\"inLanguage\":\"cs\",\"potentialAction\":[{\"@type\":\"ReadAction\",\"target\":[\"https:\/\/www.simpleplan.cz\/cz\/index.php\/kapela\/diskografie\/one\/\"]}]},{\"@type\":\"BreadcrumbList\",\"@id\":\"https:\/\/www.simpleplan.cz\/cz\/index.php\/kapela\/diskografie\/one\/#breadcrumb\",\"itemListElement\":[{\"@type\":\"ListItem\",\"position\":1,\"name\":\"Dom\u016f\",\"item\":\"https:\/\/www.simpleplan.cz\/cz\/\"},{\"@type\":\"ListItem\",\"position\":2,\"name\":\"Kapela\",\"item\":\"https:\/\/www.simpleplan.cz\/cz\/index.php\/kapela\/\"},{\"@type\":\"ListItem\",\"position\":3,\"name\":\"Diskografie\",\"item\":\"https:\/\/www.simpleplan.cz\/cz\/index.php\/kapela\/diskografie\/\"},{\"@type\":\"ListItem\",\"position\":4,\"name\":\"One\"}]},{\"@type\":\"WebSite\",\"@id\":\"https:\/\/www.simpleplan.cz\/cz\/#website\",\"url\":\"https:\/\/www.simpleplan.cz\/cz\/\",\"name\":\"CZ: SimplePlan.cz\",\"description\":\"Nejlep\u0161\u00ed zdroj informac\u00ed o kapele Simple Plan\",\"publisher\":{\"@id\":\"https:\/\/www.simpleplan.cz\/cz\/#organization\"},\"potentialAction\":[{\"@type\":\"SearchAction\",\"target\":{\"@type\":\"EntryPoint\",\"urlTemplate\":\"https:\/\/www.simpleplan.cz\/cz\/?s={search_term_string}\"},\"query-input\":\"required name=search_term_string\"}],\"inLanguage\":\"cs\"},{\"@type\":\"Organization\",\"@id\":\"https:\/\/www.simpleplan.cz\/cz\/#organization\",\"name\":\"CZ: SimplePlan.cz\",\"url\":\"https:\/\/www.simpleplan.cz\/cz\/\",\"logo\":{\"@type\":\"ImageObject\",\"inLanguage\":\"cs\",\"@id\":\"https:\/\/www.simpleplan.cz\/cz\/#\/schema\/logo\/image\/\",\"url\":\"https:\/\/www.simpleplan.cz\/cz\/wp-content\/uploads\/spczlogo.png\",\"contentUrl\":\"https:\/\/www.simpleplan.cz\/cz\/wp-content\/uploads\/spczlogo.png\",\"width\":250,\"height\":190,\"caption\":\"CZ: SimplePlan.cz\"},\"image\":{\"@id\":\"https:\/\/www.simpleplan.cz\/cz\/#\/schema\/logo\/image\/\"},\"sameAs\":[\"http:\/\/www.facebook.com\/simpleplancz\",\"https:\/\/twitter.com\/simpleplancz\",\"http:\/\/www.instagram.com\/simpleplancz\",\"http:\/\/www.youtube.com\/simpleplancz\"]}]}<\/script>\n<!-- \/ Yoast SEO plugin. -->","yoast_head_json":{"title":"One | CZ: SimplePlan.cz","robots":{"index":"index","follow":"follow","max-snippet":"max-snippet:-1","max-image-preview":"max-image-preview:large","max-video-preview":"max-video-preview:-1"},"canonical":"https:\/\/www.simpleplan.cz\/cz\/index.php\/kapela\/diskografie\/one\/","og_locale":"cs_CZ","og_type":"article","og_title":"One | CZ: SimplePlan.cz","og_description":"Z\u00e1kladn\u00ed info Album: Still Not Getting Any Auto\u0159i textu: Pierre Bouvier, Chuck Comeau Dodate\u010dn\u00e1 spolupr\u00e1ce:","og_url":"https:\/\/www.simpleplan.cz\/cz\/index.php\/kapela\/diskografie\/one\/","og_site_name":"CZ: SimplePlan.cz","article_publisher":"http:\/\/www.facebook.com\/simpleplancz","article_modified_time":"2023-06-26T07:29:57+00:00","og_image":[{"url":"http:\/\/www.simpleplan.cz\/cz\/wp-content\/uploads\/logo.gif"}],"twitter_card":"summary_large_image","twitter_site":"@simpleplancz","twitter_misc":{"Odhadovan\u00e1 doba \u010dten\u00ed":"3 minuty"},"schema":{"@context":"https:\/\/schema.org","@graph":[{"@type":"WebPage","@id":"https:\/\/www.simpleplan.cz\/cz\/index.php\/kapela\/diskografie\/one\/","url":"https:\/\/www.simpleplan.cz\/cz\/index.php\/kapela\/diskografie\/one\/","name":"One | CZ: SimplePlan.cz","isPartOf":{"@id":"https:\/\/www.simpleplan.cz\/cz\/#website"},"datePublished":"2012-09-24T18:41:44+00:00","dateModified":"2023-06-26T07:29:57+00:00","breadcrumb":{"@id":"https:\/\/www.simpleplan.cz\/cz\/index.php\/kapela\/diskografie\/one\/#breadcrumb"},"inLanguage":"cs","potentialAction":[{"@type":"ReadAction","target":["https:\/\/www.simpleplan.cz\/cz\/index.php\/kapela\/diskografie\/one\/"]}]},{"@type":"BreadcrumbList","@id":"https:\/\/www.simpleplan.cz\/cz\/index.php\/kapela\/diskografie\/one\/#breadcrumb","itemListElement":[{"@type":"ListItem","position":1,"name":"Dom\u016f","item":"https:\/\/www.simpleplan.cz\/cz\/"},{"@type":"ListItem","position":2,"name":"Kapela","item":"https:\/\/www.simpleplan.cz\/cz\/index.php\/kapela\/"},{"@type":"ListItem","position":3,"name":"Diskografie","item":"https:\/\/www.simpleplan.cz\/cz\/index.php\/kapela\/diskografie\/"},{"@type":"ListItem","position":4,"name":"One"}]},{"@type":"WebSite","@id":"https:\/\/www.simpleplan.cz\/cz\/#website","url":"https:\/\/www.simpleplan.cz\/cz\/","name":"CZ: SimplePlan.cz","description":"Nejlep\u0161\u00ed zdroj informac\u00ed o kapele Simple Plan","publisher":{"@id":"https:\/\/www.simpleplan.cz\/cz\/#organization"},"potentialAction":[{"@type":"SearchAction","target":{"@type":"EntryPoint","urlTemplate":"https:\/\/www.simpleplan.cz\/cz\/?s={search_term_string}"},"query-input":"required name=search_term_string"}],"inLanguage":"cs"},{"@type":"Organization","@id":"https:\/\/www.simpleplan.cz\/cz\/#organization","name":"CZ: SimplePlan.cz","url":"https:\/\/www.simpleplan.cz\/cz\/","logo":{"@type":"ImageObject","inLanguage":"cs","@id":"https:\/\/www.simpleplan.cz\/cz\/#\/schema\/logo\/image\/","url":"https:\/\/www.simpleplan.cz\/cz\/wp-content\/uploads\/spczlogo.png","contentUrl":"https:\/\/www.simpleplan.cz\/cz\/wp-content\/uploads\/spczlogo.png","width":250,"height":190,"caption":"CZ: SimplePlan.cz"},"image":{"@id":"https:\/\/www.simpleplan.cz\/cz\/#\/schema\/logo\/image\/"},"sameAs":["http:\/\/www.facebook.com\/simpleplancz","https:\/\/twitter.com\/simpleplancz","http:\/\/www.instagram.com\/simpleplancz","http:\/\/www.youtube.com\/simpleplancz"]}]}},"_links":{"self":[{"href":"https:\/\/www.simpleplan.cz\/cz\/index.php\/wp-json\/wp\/v2\/pages\/11332"}],"collection":[{"href":"https:\/\/www.simpleplan.cz\/cz\/index.php\/wp-json\/wp\/v2\/pages"}],"about":[{"href":"https:\/\/www.simpleplan.cz\/cz\/index.php\/wp-json\/wp\/v2\/types\/page"}],"author":[{"embeddable":true,"href":"https:\/\/www.simpleplan.cz\/cz\/index.php\/wp-json\/wp\/v2\/users\/5"}],"replies":[{"embeddable":true,"href":"https:\/\/www.simpleplan.cz\/cz\/index.php\/wp-json\/wp\/v2\/comments?post=11332"}],"version-history":[{"count":6,"href":"https:\/\/www.simpleplan.cz\/cz\/index.php\/wp-json\/wp\/v2\/pages\/11332\/revisions"}],"predecessor-version":[{"id":23249,"href":"https:\/\/www.simpleplan.cz\/cz\/index.php\/wp-json\/wp\/v2\/pages\/11332\/revisions\/23249"}],"up":[{"embeddable":true,"href":"https:\/\/www.simpleplan.cz\/cz\/index.php\/wp-json\/wp\/v2\/pages\/5273"}],"wp:attachment":[{"href":"https:\/\/www.simpleplan.cz\/cz\/index.php\/wp-json\/wp\/v2\/media?parent=11332"}],"curies":[{"name":"wp","href":"https:\/\/api.w.org\/{rel}","templated":true}]}}