{"id":11353,"date":"2012-09-27T19:53:33","date_gmt":"2012-09-27T17:53:33","guid":{"rendered":"http:\/\/www.simpleplan.cz\/cz\/?page_id=11353"},"modified":"2023-06-26T09:29:58","modified_gmt":"2023-06-26T07:29:58","slug":"welcome-to-my-life","status":"publish","type":"page","link":"https:\/\/www.simpleplan.cz\/cz\/index.php\/kapela\/diskografie\/welcome-to-my-life\/","title":{"rendered":"Welcome To My Life"},"content":{"rendered":"<div class=\"pagecontent\">\n<div class=\"girls\"><b><u>Z\u00e1kladn\u00ed info<\/u><\/b><\/div>\n<p><b>Album:<\/b> Still Not Getting Any<br \/>\n<b>Auto\u0159i textu:<\/b> Pierre Bouvier, Chuck Comeau<br \/>\n<b>Dodate\u010dn\u00e1 spolupr\u00e1ce:<\/b> Bob Rock (produkce)<br \/>\n<b>D\u00e9lka p\u00edsn\u011b:<\/b> 3:23<br \/>\n<b>Single vyd\u00e1n:<\/b> 13. \u010dervna 2004<br \/>\n<b>Videoklip vyd\u00e1n:<\/b> 16. z\u00e1\u0159\u00ed 2004<br \/>\n<b>Obal singlu:<\/b> <a href=\"http:\/\/www.simpleplan.cz\/gallery\/thumbnails.php?album=35\" target=\"_blank\" rel=\"noopener\">zde<\/a><\/p>\n<div class=\"girls\"><b><u>V\u00fdznam p\u00edsn\u011b<\/u><\/b><\/div>\n<p>Pravd\u011bpodobn\u011b jedna z nejv\u00edce ikonick\u00fdch p\u00edsn\u00ed Simple Plan pojedn\u00e1v\u00e1 o velmi \u010dast\u00fdch pocitech teenager\u016f, kte\u0159\u00ed se c\u00edt\u00ed, jako by do sv\u011bta kolem sebe nen\u00e1le\u017eeli a c\u00edt\u00ed se nepochopeni rodi\u010di, u\u010diteli atd.<\/p>\n<div class=\"girls\"><b><u>Videoklip<\/u><\/b><\/div>\n<p><center><iframe width=\"480\" height=\"360\" src=\"http:\/\/www.youtube.com\/embed\/r0U0AlLVqpk\" frameborder=\"0\" allowfullscreen><\/iframe><\/center><\/p>\n<div class=\"girls\"><b><u>Text p\u00edsn\u011b<\/u><\/b><\/div>\n<p><center><br \/>\nDo you ever feel like breaking down?<br \/>\nDo you ever feel out of place?<br \/>\nLike somehow you just don&#8217;t belong<br \/>\nAnd no one understands you <\/center><\/p>\n<p><center>Do you ever wanna run away?<br \/>\nDo you lock yourself in your room?<br \/>\nWith the radio on turned up so loud<br \/>\nAnd no one hears you screaming <\/center><\/p>\n<p><center>No you don&#8217;t know what it&#8217;s like<br \/>\nWhen nothing feels alright<br \/>\nYou don&#8217;t know what it&#8217;s like<br \/>\nTo be like me&#8230; <\/center><\/p>\n<p><center>To be hurt, to feel lost<br \/>\nTo be left out in the dark<br \/>\nTo be kicked when you&#8217;re down<br \/>\nTo feel like you&#8217;ve been pushed around<br \/>\nTo be on the edge of breaking down<br \/>\nAnd no one&#8217;s there to save you<br \/>\nNo you don&#8217;t know what it&#8217;s like<br \/>\nWelcome to my life <\/center><\/p>\n<p><center>Do you wanna be somebody else?<br \/>\nAre you sick of feeling so left out?<br \/>\nAre you desperate to find something more<br \/>\nBefore your life is over?<br \/>\nAre you stuck inside a world you hate?<br \/>\nAre you sick of everyone around?<br \/>\nWith the big fake smiles and stupid lies<br \/>\nWhile deep inside your bleeding <\/center><\/p>\n<p><center>No you don&#8217;t know what it&#8217;s like<br \/>\nWhen nothing feels alright<br \/>\nYou don&#8217;t know what it&#8217;s like<br \/>\nTo be like me&#8230; <\/center><\/p>\n<p><center>To be hurt, to feel lost<br \/>\nTo be left out in the dark<br \/>\nTo be kicked when you&#8217;re down<br \/>\nTo feel like you&#8217;ve been pushed around<br \/>\nTo be on the edge of breaking down<br \/>\nAnd no one&#8217;s there to save you<br \/>\nNo you don&#8217;t know what it&#8217;s like<br \/>\nWelcome to my life <\/center><\/p>\n<p><center>No one ever lied straight to your face<br \/>\nNo one ever stabbed you in the back<br \/>\nYou might think I&#8217;m happy<br \/>\nBut I&#8217;m not gonna be ok<br \/>\nEverybody always gave you what you wanted<br \/>\nYou never had to work<br \/>\nIt was always there<br \/>\nYou don&#8217;t know what it&#8217;s like<br \/>\nWhat it&#8217;s like <\/center><\/p>\n<p><center>To be hurt, to feel lost<br \/>\nTo be left out in the dark<br \/>\nTo be kicked when you&#8217;re down<br \/>\nTo feel like you&#8217;ve been pushed around<br \/>\nTo be on the edge of breaking down<br \/>\nAnd no one&#8217;s there to save you<br \/>\nNo you don&#8217;t know what it&#8217;s like <\/center><\/p>\n<p><center>To be hurt, to feel lost<br \/>\nTo be left out in the dark<br \/>\nTo be kicked when you&#8217;re down<br \/>\nTo feel like you&#8217;ve been pushed around<br \/>\nTo be on the edge of breaking down<br \/>\nAnd no one&#8217;s there to save you<br \/>\nNo you don&#8217;t know what it&#8217;s like<br \/>\nWelcome to my life<br \/>\nWelcome to my life<br \/>\nWelcome to my life<br \/>\n<\/center><\/p>\n<div class=\"girls\"><b><u>\u010cesk\u00fd p\u0159eklad<\/u><\/b><\/div>\n<p><center><br \/>\nC\u00edt\u00ed\u0161 se n\u011bkdy jako kdyby ses hroutil?<br \/>\nC\u00edt\u00ed\u0161 se n\u011bkdy jako kdy\u017e sem nepat\u0159\u00ed\u0161?<br \/>\nJako \u017ee prost\u011b nezapad\u00e1\u0161<br \/>\nA nikdo ti nerozum\u00ed<\/center><\/p>\n<p><center>Chce\u0161 n\u011bkdy ut\u00e9ct pry\u010d?<br \/>\nZamyk\u00e1\u0161 se ve sv\u00e9m pokoji?<br \/>\nSe zapnut\u00fdm r\u00e1diem zes\u00edlen\u00fdm tak hlasit\u011b<br \/>\n\u017de nikdo nesly\u0161\u00ed jak k\u0159i\u010d\u00ed\u0161<\/center><\/p>\n<p><center>Ne, ty nev\u00ed\u0161 jak\u00e9 to je<br \/>\nKdy\u017e nic nen\u00ed v po\u0159\u00e1dku<br \/>\nTy nev\u00ed\u0161 jak\u00e9 to je<br \/>\nB\u00fdt jako j\u00e1<\/center><\/p>\n<p><center>B\u00fdt zran\u011bn\u00fd, c\u00edtit se ztracen\u00fd<br \/>\nB\u00fdt opomenut\u00fd v temnot\u011b<br \/>\nB\u00fdt nakopnut\u00fd, kdy\u017e jsi na dn\u011b<br \/>\nC\u00edtit se odstr\u010den\u00fd<br \/>\nB\u00fdt na pokraji zhroucen\u00ed<br \/>\nA nikdo tu nen\u00ed, aby t\u011b zachr\u00e1nil<br \/>\nNe, ty nev\u00ed\u0161 jak\u00e9 to je<br \/>\nV\u00edtej v m\u00e9m \u017eivot\u011b<\/center><\/p>\n<p><center>Chce\u0161 b\u00fdt n\u011bk\u00fdm jin\u00fdm?<br \/>\nJe ti \u0161patn\u011b z toho, jak se o tebe nikdo nezaj\u00edm\u00e1?<br \/>\nZoufale hled\u00e1\u0161 n\u011bco v\u00edc<br \/>\nDokud z tebe nevyprch\u00e1 \u017eivot?<\/center><\/p>\n<p><center>Jsi zastr\u010den\u00fd uvnit\u0159 sv\u011bta, kter\u00fd nesn\u00e1\u0161\u00ed\u0161?<br \/>\nJe ti \u0161patn\u011b ze v\u0161ech okolo?<br \/>\nZ jejich fale\u0161n\u00fdch \u00fasm\u011bv\u016f a hloup\u00fdch l\u017ei<br \/>\nZat\u00edmco hluboko uvnit\u0159 krv\u00e1c\u00ed\u0161<\/center><\/p>\n<p><center>Ne, ty nev\u00ed\u0161 jak\u00e9 to je<br \/>\nKdy\u017e nic nen\u00ed v po\u0159\u00e1dku<br \/>\nTy nev\u00ed\u0161 jak\u00e9 to je<br \/>\nB\u00fdt jako j\u00e1<\/center><\/p>\n<p><center>Nikdo ti nikdy nelhal p\u0159\u00edmo do tv\u00e1\u0159e<br \/>\nA nikdo t\u011b nikdy nebodl do zad<br \/>\nMo\u017en\u00e1 si mysl\u00ed\u0161, \u017ee jsem \u0161\u0165astn\u00fd<br \/>\nAle nebudu v po\u0159\u00e1dku<br \/>\nKa\u017ed\u00fd ti v\u017edycky dal,<br \/>\nco jsi cht\u011bl<\/center><\/p>\n<p><center>Nikdy jsi nemusel pracovat<br \/>\nV\u017edycky jsi v\u0161echno m\u011bl<br \/>\nNev\u00ed\u0161, jak\u00e9 to je<br \/>\nJak\u00e9 to je<\/center><\/p>\n<p><center>B\u00fdt zran\u011bn\u00fd, c\u00edtit se ztracen\u00fd<br \/>\nB\u00fdt opomenut\u00fd v temnot\u011b<br \/>\nB\u00fdt nakopnut\u00fd, kdy\u017e jsi na dn\u011b<br \/>\nC\u00edtit se odstr\u010den\u00fd<br \/>\nB\u00fdt na pokraji zhroucen\u00ed<br \/>\nA nikdo tu nen\u00ed, aby t\u011b zachr\u00e1nil<br \/>\nNe, ty nev\u00ed\u0161 jak\u00e9 to je<br \/>\nV\u00edtej v m\u00e9m \u017eivot\u011b<br \/>\n<\/center>\n<\/div>\n<div class=\"fblikebutton_button\" style=\"float: left; padding-top: 20px; margin-right: 20px; padding-bottom: 20px; padding-left: 20px;\"><iframe src=\"http:\/\/www.facebook.com\/plugins\/like.php?href=https%3A%2F%2Fwww.simpleplan.cz%2Fcz%2Findex.php%2Fkapela%2Fdiskografie%2Fwelcome-to-my-life%2F&amp;layout=standard&amp;show-faces=false&amp;width=450&amp;action=like&amp;colorscheme=light\" scrolling=\"no\" frameborder=\"0\" allowTransparency=\"true\" style=\"border:none; overflow:hidden; width:450px; height:26px\"><\/iframe><\/div>\n","protected":false},"excerpt":{"rendered":"<p>Z\u00e1kladn\u00ed info Album: Still Not Getting Any Auto\u0159i textu: Pierre Bouvier, Chuck Comeau Dodate\u010dn\u00e1 spolupr\u00e1ce:<\/p>\n","protected":false},"author":5,"featured_media":0,"parent":5273,"menu_order":0,"comment_status":"open","ping_status":"open","template":"page-templates\/full-width.php","meta":{"footnotes":""},"yoast_head":"<!-- This site is optimized with the Yoast SEO plugin v20.9 - https:\/\/yoast.com\/wordpress\/plugins\/seo\/ -->\n<title>Welcome To My Life | CZ: SimplePlan.cz<\/title>\n<meta name=\"robots\" content=\"index, follow, max-snippet:-1, max-image-preview:large, max-video-preview:-1\" \/>\n<link rel=\"canonical\" href=\"https:\/\/www.simpleplan.cz\/cz\/index.php\/kapela\/diskografie\/welcome-to-my-life\/\" \/>\n<meta property=\"og:locale\" content=\"cs_CZ\" \/>\n<meta property=\"og:type\" content=\"article\" \/>\n<meta property=\"og:title\" content=\"Welcome To My Life | CZ: SimplePlan.cz\" \/>\n<meta property=\"og:description\" content=\"Z\u00e1kladn\u00ed info Album: Still Not Getting Any Auto\u0159i textu: Pierre Bouvier, Chuck Comeau Dodate\u010dn\u00e1 spolupr\u00e1ce:\" \/>\n<meta property=\"og:url\" content=\"https:\/\/www.simpleplan.cz\/cz\/index.php\/kapela\/diskografie\/welcome-to-my-life\/\" \/>\n<meta property=\"og:site_name\" content=\"CZ: SimplePlan.cz\" \/>\n<meta property=\"article:publisher\" content=\"http:\/\/www.facebook.com\/simpleplancz\" \/>\n<meta property=\"article:modified_time\" content=\"2023-06-26T07:29:58+00:00\" \/>\n<meta property=\"og:image\" content=\"http:\/\/www.simpleplan.cz\/cz\/wp-content\/uploads\/logo.gif\" \/>\n<meta name=\"twitter:card\" content=\"summary_large_image\" \/>\n<meta name=\"twitter:site\" content=\"@simpleplancz\" \/>\n<meta name=\"twitter:label1\" content=\"Odhadovan\u00e1 doba \u010dten\u00ed\" \/>\n\t<meta name=\"twitter:data1\" content=\"4 minuty\" \/>\n<script type=\"application\/ld+json\" class=\"yoast-schema-graph\">{\"@context\":\"https:\/\/schema.org\",\"@graph\":[{\"@type\":\"WebPage\",\"@id\":\"https:\/\/www.simpleplan.cz\/cz\/index.php\/kapela\/diskografie\/welcome-to-my-life\/\",\"url\":\"https:\/\/www.simpleplan.cz\/cz\/index.php\/kapela\/diskografie\/welcome-to-my-life\/\",\"name\":\"Welcome To My Life | CZ: SimplePlan.cz\",\"isPartOf\":{\"@id\":\"https:\/\/www.simpleplan.cz\/cz\/#website\"},\"datePublished\":\"2012-09-27T17:53:33+00:00\",\"dateModified\":\"2023-06-26T07:29:58+00:00\",\"breadcrumb\":{\"@id\":\"https:\/\/www.simpleplan.cz\/cz\/index.php\/kapela\/diskografie\/welcome-to-my-life\/#breadcrumb\"},\"inLanguage\":\"cs\",\"potentialAction\":[{\"@type\":\"ReadAction\",\"target\":[\"https:\/\/www.simpleplan.cz\/cz\/index.php\/kapela\/diskografie\/welcome-to-my-life\/\"]}]},{\"@type\":\"BreadcrumbList\",\"@id\":\"https:\/\/www.simpleplan.cz\/cz\/index.php\/kapela\/diskografie\/welcome-to-my-life\/#breadcrumb\",\"itemListElement\":[{\"@type\":\"ListItem\",\"position\":1,\"name\":\"Dom\u016f\",\"item\":\"https:\/\/www.simpleplan.cz\/cz\/\"},{\"@type\":\"ListItem\",\"position\":2,\"name\":\"Kapela\",\"item\":\"https:\/\/www.simpleplan.cz\/cz\/index.php\/kapela\/\"},{\"@type\":\"ListItem\",\"position\":3,\"name\":\"Diskografie\",\"item\":\"https:\/\/www.simpleplan.cz\/cz\/index.php\/kapela\/diskografie\/\"},{\"@type\":\"ListItem\",\"position\":4,\"name\":\"Welcome To My Life\"}]},{\"@type\":\"WebSite\",\"@id\":\"https:\/\/www.simpleplan.cz\/cz\/#website\",\"url\":\"https:\/\/www.simpleplan.cz\/cz\/\",\"name\":\"CZ: SimplePlan.cz\",\"description\":\"Nejlep\u0161\u00ed zdroj informac\u00ed o kapele Simple Plan\",\"publisher\":{\"@id\":\"https:\/\/www.simpleplan.cz\/cz\/#organization\"},\"potentialAction\":[{\"@type\":\"SearchAction\",\"target\":{\"@type\":\"EntryPoint\",\"urlTemplate\":\"https:\/\/www.simpleplan.cz\/cz\/?s={search_term_string}\"},\"query-input\":\"required name=search_term_string\"}],\"inLanguage\":\"cs\"},{\"@type\":\"Organization\",\"@id\":\"https:\/\/www.simpleplan.cz\/cz\/#organization\",\"name\":\"CZ: SimplePlan.cz\",\"url\":\"https:\/\/www.simpleplan.cz\/cz\/\",\"logo\":{\"@type\":\"ImageObject\",\"inLanguage\":\"cs\",\"@id\":\"https:\/\/www.simpleplan.cz\/cz\/#\/schema\/logo\/image\/\",\"url\":\"https:\/\/www.simpleplan.cz\/cz\/wp-content\/uploads\/spczlogo.png\",\"contentUrl\":\"https:\/\/www.simpleplan.cz\/cz\/wp-content\/uploads\/spczlogo.png\",\"width\":250,\"height\":190,\"caption\":\"CZ: SimplePlan.cz\"},\"image\":{\"@id\":\"https:\/\/www.simpleplan.cz\/cz\/#\/schema\/logo\/image\/\"},\"sameAs\":[\"http:\/\/www.facebook.com\/simpleplancz\",\"https:\/\/twitter.com\/simpleplancz\",\"http:\/\/www.instagram.com\/simpleplancz\",\"http:\/\/www.youtube.com\/simpleplancz\"]}]}<\/script>\n<!-- \/ Yoast SEO plugin. -->","yoast_head_json":{"title":"Welcome To My Life | CZ: SimplePlan.cz","robots":{"index":"index","follow":"follow","max-snippet":"max-snippet:-1","max-image-preview":"max-image-preview:large","max-video-preview":"max-video-preview:-1"},"canonical":"https:\/\/www.simpleplan.cz\/cz\/index.php\/kapela\/diskografie\/welcome-to-my-life\/","og_locale":"cs_CZ","og_type":"article","og_title":"Welcome To My Life | CZ: SimplePlan.cz","og_description":"Z\u00e1kladn\u00ed info Album: Still Not Getting Any Auto\u0159i textu: Pierre Bouvier, Chuck Comeau Dodate\u010dn\u00e1 spolupr\u00e1ce:","og_url":"https:\/\/www.simpleplan.cz\/cz\/index.php\/kapela\/diskografie\/welcome-to-my-life\/","og_site_name":"CZ: SimplePlan.cz","article_publisher":"http:\/\/www.facebook.com\/simpleplancz","article_modified_time":"2023-06-26T07:29:58+00:00","og_image":[{"url":"http:\/\/www.simpleplan.cz\/cz\/wp-content\/uploads\/logo.gif"}],"twitter_card":"summary_large_image","twitter_site":"@simpleplancz","twitter_misc":{"Odhadovan\u00e1 doba \u010dten\u00ed":"4 minuty"},"schema":{"@context":"https:\/\/schema.org","@graph":[{"@type":"WebPage","@id":"https:\/\/www.simpleplan.cz\/cz\/index.php\/kapela\/diskografie\/welcome-to-my-life\/","url":"https:\/\/www.simpleplan.cz\/cz\/index.php\/kapela\/diskografie\/welcome-to-my-life\/","name":"Welcome To My Life | CZ: SimplePlan.cz","isPartOf":{"@id":"https:\/\/www.simpleplan.cz\/cz\/#website"},"datePublished":"2012-09-27T17:53:33+00:00","dateModified":"2023-06-26T07:29:58+00:00","breadcrumb":{"@id":"https:\/\/www.simpleplan.cz\/cz\/index.php\/kapela\/diskografie\/welcome-to-my-life\/#breadcrumb"},"inLanguage":"cs","potentialAction":[{"@type":"ReadAction","target":["https:\/\/www.simpleplan.cz\/cz\/index.php\/kapela\/diskografie\/welcome-to-my-life\/"]}]},{"@type":"BreadcrumbList","@id":"https:\/\/www.simpleplan.cz\/cz\/index.php\/kapela\/diskografie\/welcome-to-my-life\/#breadcrumb","itemListElement":[{"@type":"ListItem","position":1,"name":"Dom\u016f","item":"https:\/\/www.simpleplan.cz\/cz\/"},{"@type":"ListItem","position":2,"name":"Kapela","item":"https:\/\/www.simpleplan.cz\/cz\/index.php\/kapela\/"},{"@type":"ListItem","position":3,"name":"Diskografie","item":"https:\/\/www.simpleplan.cz\/cz\/index.php\/kapela\/diskografie\/"},{"@type":"ListItem","position":4,"name":"Welcome To My Life"}]},{"@type":"WebSite","@id":"https:\/\/www.simpleplan.cz\/cz\/#website","url":"https:\/\/www.simpleplan.cz\/cz\/","name":"CZ: SimplePlan.cz","description":"Nejlep\u0161\u00ed zdroj informac\u00ed o kapele Simple Plan","publisher":{"@id":"https:\/\/www.simpleplan.cz\/cz\/#organization"},"potentialAction":[{"@type":"SearchAction","target":{"@type":"EntryPoint","urlTemplate":"https:\/\/www.simpleplan.cz\/cz\/?s={search_term_string}"},"query-input":"required name=search_term_string"}],"inLanguage":"cs"},{"@type":"Organization","@id":"https:\/\/www.simpleplan.cz\/cz\/#organization","name":"CZ: SimplePlan.cz","url":"https:\/\/www.simpleplan.cz\/cz\/","logo":{"@type":"ImageObject","inLanguage":"cs","@id":"https:\/\/www.simpleplan.cz\/cz\/#\/schema\/logo\/image\/","url":"https:\/\/www.simpleplan.cz\/cz\/wp-content\/uploads\/spczlogo.png","contentUrl":"https:\/\/www.simpleplan.cz\/cz\/wp-content\/uploads\/spczlogo.png","width":250,"height":190,"caption":"CZ: SimplePlan.cz"},"image":{"@id":"https:\/\/www.simpleplan.cz\/cz\/#\/schema\/logo\/image\/"},"sameAs":["http:\/\/www.facebook.com\/simpleplancz","https:\/\/twitter.com\/simpleplancz","http:\/\/www.instagram.com\/simpleplancz","http:\/\/www.youtube.com\/simpleplancz"]}]}},"_links":{"self":[{"href":"https:\/\/www.simpleplan.cz\/cz\/index.php\/wp-json\/wp\/v2\/pages\/11353"}],"collection":[{"href":"https:\/\/www.simpleplan.cz\/cz\/index.php\/wp-json\/wp\/v2\/pages"}],"about":[{"href":"https:\/\/www.simpleplan.cz\/cz\/index.php\/wp-json\/wp\/v2\/types\/page"}],"author":[{"embeddable":true,"href":"https:\/\/www.simpleplan.cz\/cz\/index.php\/wp-json\/wp\/v2\/users\/5"}],"replies":[{"embeddable":true,"href":"https:\/\/www.simpleplan.cz\/cz\/index.php\/wp-json\/wp\/v2\/comments?post=11353"}],"version-history":[{"count":5,"href":"https:\/\/www.simpleplan.cz\/cz\/index.php\/wp-json\/wp\/v2\/pages\/11353\/revisions"}],"predecessor-version":[{"id":33077,"href":"https:\/\/www.simpleplan.cz\/cz\/index.php\/wp-json\/wp\/v2\/pages\/11353\/revisions\/33077"}],"up":[{"embeddable":true,"href":"https:\/\/www.simpleplan.cz\/cz\/index.php\/wp-json\/wp\/v2\/pages\/5273"}],"wp:attachment":[{"href":"https:\/\/www.simpleplan.cz\/cz\/index.php\/wp-json\/wp\/v2\/media?parent=11353"}],"curies":[{"name":"wp","href":"https:\/\/api.w.org\/{rel}","templated":true}]}}