{"id":11356,"date":"2012-09-27T20:09:48","date_gmt":"2012-09-27T18:09:48","guid":{"rendered":"http:\/\/www.simpleplan.cz\/cz\/?page_id=11356"},"modified":"2023-06-26T09:29:57","modified_gmt":"2023-06-26T07:29:57","slug":"perfect-world","status":"publish","type":"page","link":"https:\/\/www.simpleplan.cz\/cz\/index.php\/kapela\/diskografie\/perfect-world\/","title":{"rendered":"Perfect World"},"content":{"rendered":"<div class=\"pagecontent\">\n<div class=\"girls\"><b><u>Z\u00e1kladn\u00ed info<\/u><\/b><\/div>\n<p><b>Album:<\/b> Still Not Getting Any<br \/>\n<b>Auto\u0159i textu:<\/b> Pierre Bouvier, Chuck Comeau<br \/>\n<b>Dodate\u010dn\u00e1 spolupr\u00e1ce:<\/b> Bob Rock (produkce)<br \/>\n<b>D\u00e9lka p\u00edsn\u011b:<\/b> 3:51<\/p>\n<div class=\"girls\"><b><u>V\u00fdznam p\u00edsn\u011b<\/u><\/b><\/div>\n<p>V DVD k albu Still Not Getting Any se Chuck o p\u00edsni &#8222;Perfect World&#8220; vyj\u00e1d\u0159il takto:<\/p>\n<blockquote><p><i>&#8222;Poprv\u00e9, kdy\u017e tu p\u00edse\u0148 usly\u0161\u00edte, budete si myslet, \u017ee je to p\u00edse\u0148 o rozchodu dvou lid\u00ed&#8230; \u017ee je to o holce, o tom, \u017ee je to o n\u011bkom, kdo t\u011b opustil. Ale ve skute\u010dnosti je to o n\u011b\u010dem jin\u00e9m. \u0158ekl bych, \u017ee je to taky trochu o glob\u00e1ln\u00edch z\u00e1le\u017eitostech. Je to tak trochu n\u011bco na pomez\u00ed love songu a katastrofick\u00e9ho songu. Asi jsem ale jedin\u00fd na sv\u011bt\u011b, kdo to v tom vid\u00ed. Ale jsem r\u00e1d za to, \u017ee to tam je.&#8220;<\/i><br \/>\n<center> &#8211; Chuck Comeau &#8211; <\/center><\/p><\/blockquote>\n<div class=\"girls\"><b><u>Neofici\u00e1ln\u00ed videoklip<\/u><\/b><\/div>\n<p><center><iframe width=\"480\" height=\"360\" src=\"http:\/\/www.youtube.com\/embed\/pX2NS78t2Dc\" frameborder=\"0\" allowfullscreen><\/iframe><\/center><\/p>\n<div class=\"girls\"><b><u>Text p\u00edsn\u011b<\/u><\/b><\/div>\n<p><center><br \/>\nI never could\u2019ve seen this far<br \/>\nI never could\u2019ve seen this coming<br \/>\nSeems like my world\u2019s falling apart<\/center><\/p>\n<p><center>Yeah<\/center><\/p>\n<p><center>Why is everything so hard<br \/>\nI don\u2019t think I can deal with the things you said<br \/>\nIt just won\u2019t go away<\/center><\/p>\n<p><center>In a perfect world<br \/>\nThis could never happen<br \/>\nIn a perfect world<br \/>\nYou\u2019d still be here<br \/>\nAnd it makes no sense<br \/>\nI could just pick up the pieces<br \/>\nBut to you<br \/>\nThis means nothing<br \/>\nNothing at all<\/center><\/p>\n<p><center>I used to think that I was strong<br \/>\nUntil the day it all went wrong<br \/>\nI think I need a miracle to make it through<\/p>\n<p><center>Yeah<\/p>\n<p><center>I wish that I could bring you back<br \/>\nI wish that I could turn back time<br \/>\nCuz I can\u2019t let go<br \/>\nI just can\u2019t find my way<br \/>\nYeah<br \/>\nWithout you I just can\u2019t find my way<\/center><\/p>\n<p><center>In a perfect world<br \/>\nThis could never happen<br \/>\nIn a perfect world<br \/>\nYou\u2019d still be here<br \/>\nAnd it makes no sense<br \/>\nI could just pick up the pieces<br \/>\nBut to you<br \/>\nThis means nothing<br \/>\nNothing at all<\/center><\/p>\n<p><center>I don\u2019t know what I should do now<br \/>\nI don\u2019t know where I should go<br \/>\nI\u2019m still here waiting for you<br \/>\nI\u2019m lost when you\u2019re not around<br \/>\nI need to hold on to you<br \/>\nI just can\u2019t let you go<\/center><\/p>\n<p><center>Yeah<br \/>\nYeah<\/center><\/p>\n<p><center>In a perfect world<br \/>\nThis could never happen<br \/>\nIn a perfect world<br \/>\nYou\u2019d still be here<br \/>\nAnd it makes no sense<br \/>\nI could just pick up the pieces<br \/>\nBut to you<br \/>\nThis means nothing<br \/>\nNothing at all<br \/>\nNothing, nothing at all<br \/>\nNothing at all<\/p>\n<p><\/center><\/p>\n<div class=\"girls\"><b><u>\u010cesk\u00fd p\u0159eklad<\/u><\/b><\/div>\n<p><center><br \/>\nNikdy jsem nemohl vid\u011bt tak daleko<br \/>\nNikdy jsem nemohl v\u011bd\u011bt, \u017ee tohle p\u0159ijde<br \/>\nVypad\u00e1 to, \u017ee se m\u016fj sv\u011bt rozpad\u00e1<br \/>\nPro\u010d je v\u0161echno tak t\u011b\u017ek\u00e9?<br \/>\nNemysl\u00edm si, \u017ee se m\u016f\u017eu vypo\u0159\u00e1dat s t\u00edm<br \/>\nCo jsi \u0159ekla<\/center><\/p>\n<p><center>V perfektn\u00edm sv\u011bt\u011b<br \/>\nBy se tohle nikdy nemohlo st\u00e1t<br \/>\nV perfektn\u00edm sv\u011bt\u011b<br \/>\nBys tu st\u00e1le byla<br \/>\nA ned\u00e1v\u00e1 to \u017e\u00e1dn\u00fd smysl<br \/>\nM\u016f\u017eu prost\u011b posb\u00edrat kousky<br \/>\nAle pro tebe to neznamen\u00e1 nic<br \/>\nV\u016fbec nic<\/center><\/p>\n<p><center>Mysl\u00edval jsem si, \u017ee jsem byl siln\u00fd<br \/>\nA\u017e do dne, kdy se to v\u0161echno zkazilo<br \/>\nMysl\u00edm, \u017ee pot\u0159ebuji z\u00e1zrak, abych to zvl\u00e1dl<br \/>\nP\u0159eji si, abych t\u011b mohl p\u0159iv\u00e9st zp\u011bt<br \/>\nP\u0159eji si, abych mohl vr\u00e1tit \u010das<br \/>\nProto\u017ee t\u011b nemohu nechat j\u00edt<br \/>\nProst\u011b nemohu naj\u00edt cestu<br \/>\nBez tebe prost\u011b nemohu naj\u00edt cestu<\/center><\/p>\n<p><center>Nev\u00edm, co bych m\u011bl te\u010f ud\u011blat<br \/>\nNev\u00edm, kam bych m\u011bl j\u00edt<br \/>\nSt\u00e1le tu na tebe \u010dek\u00e1m<br \/>\nJsem ztracen\u00fd, kdy\u017e nejsi pobl\u00ed\u017e<br \/>\nPot\u0159ebuji na tebe po\u010dkat<br \/>\nProst\u011b t\u011b nemohu nechat j\u00edt<br \/>\nV perfektn\u00edm sv\u011bt\u011b<br \/>\nBy se tohle nikdy nemohlo st\u00e1t<br \/>\nV perfektn\u00edm sv\u011bt\u011b<br \/>\nBys tu st\u00e1le byla<br \/>\nA ned\u00e1v\u00e1 to \u017e\u00e1dn\u00fd smysl<br \/>\nM\u016f\u017eu prost\u011b posb\u00edrat kousky<br \/>\nAle pro tebe to neznamen\u00e1 nic<br \/>\nV\u016fbec nic<br \/>\nNic nec\u00edt\u00ed\u0161<br \/>\nV\u016fbec nic<\/p>\n<p><\/center>\n<\/div>\n<div class=\"fblikebutton_button\" style=\"float: left; padding-top: 20px; margin-right: 20px; padding-bottom: 20px; padding-left: 20px;\"><iframe src=\"http:\/\/www.facebook.com\/plugins\/like.php?href=https%3A%2F%2Fwww.simpleplan.cz%2Fcz%2Findex.php%2Fkapela%2Fdiskografie%2Fperfect-world%2F&amp;layout=standard&amp;show-faces=false&amp;width=450&amp;action=like&amp;colorscheme=light\" scrolling=\"no\" frameborder=\"0\" allowTransparency=\"true\" style=\"border:none; overflow:hidden; width:450px; height:26px\"><\/iframe><\/div>\n","protected":false},"excerpt":{"rendered":"<p>Z\u00e1kladn\u00ed info Album: Still Not Getting Any Auto\u0159i textu: Pierre Bouvier, Chuck Comeau Dodate\u010dn\u00e1 spolupr\u00e1ce:<\/p>\n","protected":false},"author":5,"featured_media":0,"parent":5273,"menu_order":0,"comment_status":"open","ping_status":"open","template":"page-templates\/full-width.php","meta":{"footnotes":""},"yoast_head":"<!-- This site is optimized with the Yoast SEO plugin v20.9 - https:\/\/yoast.com\/wordpress\/plugins\/seo\/ -->\n<title>Perfect World | CZ: SimplePlan.cz<\/title>\n<meta name=\"robots\" content=\"index, follow, max-snippet:-1, max-image-preview:large, max-video-preview:-1\" \/>\n<link rel=\"canonical\" href=\"https:\/\/www.simpleplan.cz\/cz\/index.php\/kapela\/diskografie\/perfect-world\/\" \/>\n<meta property=\"og:locale\" content=\"cs_CZ\" \/>\n<meta property=\"og:type\" content=\"article\" \/>\n<meta property=\"og:title\" content=\"Perfect World | CZ: SimplePlan.cz\" \/>\n<meta property=\"og:description\" content=\"Z\u00e1kladn\u00ed info Album: Still Not Getting Any Auto\u0159i textu: Pierre Bouvier, Chuck Comeau Dodate\u010dn\u00e1 spolupr\u00e1ce:\" \/>\n<meta property=\"og:url\" content=\"https:\/\/www.simpleplan.cz\/cz\/index.php\/kapela\/diskografie\/perfect-world\/\" \/>\n<meta property=\"og:site_name\" content=\"CZ: SimplePlan.cz\" \/>\n<meta property=\"article:publisher\" content=\"http:\/\/www.facebook.com\/simpleplancz\" \/>\n<meta property=\"article:modified_time\" content=\"2023-06-26T07:29:57+00:00\" \/>\n<meta property=\"og:image\" content=\"http:\/\/www.simpleplan.cz\/cz\/wp-content\/uploads\/logo.gif\" \/>\n<meta name=\"twitter:card\" content=\"summary_large_image\" \/>\n<meta name=\"twitter:site\" content=\"@simpleplancz\" \/>\n<meta name=\"twitter:label1\" content=\"Odhadovan\u00e1 doba \u010dten\u00ed\" \/>\n\t<meta name=\"twitter:data1\" content=\"3 minuty\" \/>\n<script type=\"application\/ld+json\" class=\"yoast-schema-graph\">{\"@context\":\"https:\/\/schema.org\",\"@graph\":[{\"@type\":\"WebPage\",\"@id\":\"https:\/\/www.simpleplan.cz\/cz\/index.php\/kapela\/diskografie\/perfect-world\/\",\"url\":\"https:\/\/www.simpleplan.cz\/cz\/index.php\/kapela\/diskografie\/perfect-world\/\",\"name\":\"Perfect World | CZ: SimplePlan.cz\",\"isPartOf\":{\"@id\":\"https:\/\/www.simpleplan.cz\/cz\/#website\"},\"datePublished\":\"2012-09-27T18:09:48+00:00\",\"dateModified\":\"2023-06-26T07:29:57+00:00\",\"breadcrumb\":{\"@id\":\"https:\/\/www.simpleplan.cz\/cz\/index.php\/kapela\/diskografie\/perfect-world\/#breadcrumb\"},\"inLanguage\":\"cs\",\"potentialAction\":[{\"@type\":\"ReadAction\",\"target\":[\"https:\/\/www.simpleplan.cz\/cz\/index.php\/kapela\/diskografie\/perfect-world\/\"]}]},{\"@type\":\"BreadcrumbList\",\"@id\":\"https:\/\/www.simpleplan.cz\/cz\/index.php\/kapela\/diskografie\/perfect-world\/#breadcrumb\",\"itemListElement\":[{\"@type\":\"ListItem\",\"position\":1,\"name\":\"Dom\u016f\",\"item\":\"https:\/\/www.simpleplan.cz\/cz\/\"},{\"@type\":\"ListItem\",\"position\":2,\"name\":\"Kapela\",\"item\":\"https:\/\/www.simpleplan.cz\/cz\/index.php\/kapela\/\"},{\"@type\":\"ListItem\",\"position\":3,\"name\":\"Diskografie\",\"item\":\"https:\/\/www.simpleplan.cz\/cz\/index.php\/kapela\/diskografie\/\"},{\"@type\":\"ListItem\",\"position\":4,\"name\":\"Perfect World\"}]},{\"@type\":\"WebSite\",\"@id\":\"https:\/\/www.simpleplan.cz\/cz\/#website\",\"url\":\"https:\/\/www.simpleplan.cz\/cz\/\",\"name\":\"CZ: SimplePlan.cz\",\"description\":\"Nejlep\u0161\u00ed zdroj informac\u00ed o kapele Simple Plan\",\"publisher\":{\"@id\":\"https:\/\/www.simpleplan.cz\/cz\/#organization\"},\"potentialAction\":[{\"@type\":\"SearchAction\",\"target\":{\"@type\":\"EntryPoint\",\"urlTemplate\":\"https:\/\/www.simpleplan.cz\/cz\/?s={search_term_string}\"},\"query-input\":\"required name=search_term_string\"}],\"inLanguage\":\"cs\"},{\"@type\":\"Organization\",\"@id\":\"https:\/\/www.simpleplan.cz\/cz\/#organization\",\"name\":\"CZ: SimplePlan.cz\",\"url\":\"https:\/\/www.simpleplan.cz\/cz\/\",\"logo\":{\"@type\":\"ImageObject\",\"inLanguage\":\"cs\",\"@id\":\"https:\/\/www.simpleplan.cz\/cz\/#\/schema\/logo\/image\/\",\"url\":\"https:\/\/www.simpleplan.cz\/cz\/wp-content\/uploads\/spczlogo.png\",\"contentUrl\":\"https:\/\/www.simpleplan.cz\/cz\/wp-content\/uploads\/spczlogo.png\",\"width\":250,\"height\":190,\"caption\":\"CZ: SimplePlan.cz\"},\"image\":{\"@id\":\"https:\/\/www.simpleplan.cz\/cz\/#\/schema\/logo\/image\/\"},\"sameAs\":[\"http:\/\/www.facebook.com\/simpleplancz\",\"https:\/\/twitter.com\/simpleplancz\",\"http:\/\/www.instagram.com\/simpleplancz\",\"http:\/\/www.youtube.com\/simpleplancz\"]}]}<\/script>\n<!-- \/ Yoast SEO plugin. -->","yoast_head_json":{"title":"Perfect World | CZ: SimplePlan.cz","robots":{"index":"index","follow":"follow","max-snippet":"max-snippet:-1","max-image-preview":"max-image-preview:large","max-video-preview":"max-video-preview:-1"},"canonical":"https:\/\/www.simpleplan.cz\/cz\/index.php\/kapela\/diskografie\/perfect-world\/","og_locale":"cs_CZ","og_type":"article","og_title":"Perfect World | CZ: SimplePlan.cz","og_description":"Z\u00e1kladn\u00ed info Album: Still Not Getting Any Auto\u0159i textu: Pierre Bouvier, Chuck Comeau Dodate\u010dn\u00e1 spolupr\u00e1ce:","og_url":"https:\/\/www.simpleplan.cz\/cz\/index.php\/kapela\/diskografie\/perfect-world\/","og_site_name":"CZ: SimplePlan.cz","article_publisher":"http:\/\/www.facebook.com\/simpleplancz","article_modified_time":"2023-06-26T07:29:57+00:00","og_image":[{"url":"http:\/\/www.simpleplan.cz\/cz\/wp-content\/uploads\/logo.gif"}],"twitter_card":"summary_large_image","twitter_site":"@simpleplancz","twitter_misc":{"Odhadovan\u00e1 doba \u010dten\u00ed":"3 minuty"},"schema":{"@context":"https:\/\/schema.org","@graph":[{"@type":"WebPage","@id":"https:\/\/www.simpleplan.cz\/cz\/index.php\/kapela\/diskografie\/perfect-world\/","url":"https:\/\/www.simpleplan.cz\/cz\/index.php\/kapela\/diskografie\/perfect-world\/","name":"Perfect World | CZ: SimplePlan.cz","isPartOf":{"@id":"https:\/\/www.simpleplan.cz\/cz\/#website"},"datePublished":"2012-09-27T18:09:48+00:00","dateModified":"2023-06-26T07:29:57+00:00","breadcrumb":{"@id":"https:\/\/www.simpleplan.cz\/cz\/index.php\/kapela\/diskografie\/perfect-world\/#breadcrumb"},"inLanguage":"cs","potentialAction":[{"@type":"ReadAction","target":["https:\/\/www.simpleplan.cz\/cz\/index.php\/kapela\/diskografie\/perfect-world\/"]}]},{"@type":"BreadcrumbList","@id":"https:\/\/www.simpleplan.cz\/cz\/index.php\/kapela\/diskografie\/perfect-world\/#breadcrumb","itemListElement":[{"@type":"ListItem","position":1,"name":"Dom\u016f","item":"https:\/\/www.simpleplan.cz\/cz\/"},{"@type":"ListItem","position":2,"name":"Kapela","item":"https:\/\/www.simpleplan.cz\/cz\/index.php\/kapela\/"},{"@type":"ListItem","position":3,"name":"Diskografie","item":"https:\/\/www.simpleplan.cz\/cz\/index.php\/kapela\/diskografie\/"},{"@type":"ListItem","position":4,"name":"Perfect World"}]},{"@type":"WebSite","@id":"https:\/\/www.simpleplan.cz\/cz\/#website","url":"https:\/\/www.simpleplan.cz\/cz\/","name":"CZ: SimplePlan.cz","description":"Nejlep\u0161\u00ed zdroj informac\u00ed o kapele Simple Plan","publisher":{"@id":"https:\/\/www.simpleplan.cz\/cz\/#organization"},"potentialAction":[{"@type":"SearchAction","target":{"@type":"EntryPoint","urlTemplate":"https:\/\/www.simpleplan.cz\/cz\/?s={search_term_string}"},"query-input":"required name=search_term_string"}],"inLanguage":"cs"},{"@type":"Organization","@id":"https:\/\/www.simpleplan.cz\/cz\/#organization","name":"CZ: SimplePlan.cz","url":"https:\/\/www.simpleplan.cz\/cz\/","logo":{"@type":"ImageObject","inLanguage":"cs","@id":"https:\/\/www.simpleplan.cz\/cz\/#\/schema\/logo\/image\/","url":"https:\/\/www.simpleplan.cz\/cz\/wp-content\/uploads\/spczlogo.png","contentUrl":"https:\/\/www.simpleplan.cz\/cz\/wp-content\/uploads\/spczlogo.png","width":250,"height":190,"caption":"CZ: SimplePlan.cz"},"image":{"@id":"https:\/\/www.simpleplan.cz\/cz\/#\/schema\/logo\/image\/"},"sameAs":["http:\/\/www.facebook.com\/simpleplancz","https:\/\/twitter.com\/simpleplancz","http:\/\/www.instagram.com\/simpleplancz","http:\/\/www.youtube.com\/simpleplancz"]}]}},"_links":{"self":[{"href":"https:\/\/www.simpleplan.cz\/cz\/index.php\/wp-json\/wp\/v2\/pages\/11356"}],"collection":[{"href":"https:\/\/www.simpleplan.cz\/cz\/index.php\/wp-json\/wp\/v2\/pages"}],"about":[{"href":"https:\/\/www.simpleplan.cz\/cz\/index.php\/wp-json\/wp\/v2\/types\/page"}],"author":[{"embeddable":true,"href":"https:\/\/www.simpleplan.cz\/cz\/index.php\/wp-json\/wp\/v2\/users\/5"}],"replies":[{"embeddable":true,"href":"https:\/\/www.simpleplan.cz\/cz\/index.php\/wp-json\/wp\/v2\/comments?post=11356"}],"version-history":[{"count":7,"href":"https:\/\/www.simpleplan.cz\/cz\/index.php\/wp-json\/wp\/v2\/pages\/11356\/revisions"}],"predecessor-version":[{"id":23240,"href":"https:\/\/www.simpleplan.cz\/cz\/index.php\/wp-json\/wp\/v2\/pages\/11356\/revisions\/23240"}],"up":[{"embeddable":true,"href":"https:\/\/www.simpleplan.cz\/cz\/index.php\/wp-json\/wp\/v2\/pages\/5273"}],"wp:attachment":[{"href":"https:\/\/www.simpleplan.cz\/cz\/index.php\/wp-json\/wp\/v2\/media?parent=11356"}],"curies":[{"name":"wp","href":"https:\/\/api.w.org\/{rel}","templated":true}]}}