{"id":11391,"date":"2012-10-01T19:04:10","date_gmt":"2012-10-01T17:04:10","guid":{"rendered":"http:\/\/www.simpleplan.cz\/cz\/?page_id=11391"},"modified":"2023-06-26T09:29:58","modified_gmt":"2023-06-26T07:29:58","slug":"thank-you","status":"publish","type":"page","link":"https:\/\/www.simpleplan.cz\/cz\/index.php\/kapela\/diskografie\/thank-you\/","title":{"rendered":"Thank You"},"content":{"rendered":"<div class=\"pagecontent\">\n<div class=\"girls\"><b><u>Z\u00e1kladn\u00ed info<\/u><\/b><\/div>\n<p><b>Album:<\/b> Still Not Getting Any<br \/>\n<b>Auto\u0159i textu:<\/b> Pierre Bouvier, Chuck Comeau<br \/>\n<b>Dodate\u010dn\u00e1 spolupr\u00e1ce:<\/b> Bob Rock (produkce)<br \/>\n<b>D\u00e9lka p\u00edsn\u011b:<\/b> 2:53<\/p>\n<div class=\"girls\"><b><u>V\u00fdznam p\u00edsn\u011b<\/u><\/b><\/div>\n<p>P\u00edse\u0148 &#8222;Thank You&#8220; popisuje pocity \u010dlov\u011bka, kter\u00fd se c\u00edt\u00ed zran\u011bn a podveden sv\u00fdm nejlep\u0161\u00edm p\u0159\u00edtelem.<\/p>\n<div class=\"girls\"><b><u>Text p\u00edsn\u011b<\/u><\/b><\/div>\n<p><center><br \/>\nI thought that I could always count on you,<br \/>\nI thought that nothing could become between us two.<br \/>\nWe said as long as we would stick together,<br \/>\nWe\u2019d be alright,<br \/>\nWe\u2019d be ok.<br \/>\nBut I was stupid<br \/>\nAnd you broke me down<br \/>\nI\u2019ll never be the same again.<\/center><\/p>\n<p><center>So thank you for showing me,<br \/>\nThat best friends can not be trusted,<br \/>\nAnd thank you for lying to me,<br \/>\nYour friendship and good times we had you can have them back<\/center><\/p>\n<p><center>Yeah!<\/center><\/p>\n<p><center>I wonder why it always has to hurt,<br \/>\nFor every lesson that you have to learn.<br \/>\nI won\u2019t forget what you did to me,<br \/>\nHow you showed me things,<br \/>\nI wish I\u2019d never seen.<br \/>\nBut I was stupid,<br \/>\nAnd you broke me down,<br \/>\nI\u2019ll never be the same again.<\/center><\/p>\n<p><center>So thank you for showing me,<br \/>\nThat best friends can not be trusted,<br \/>\nAnd thank you for lying to me,<br \/>\nYour friendship the good times we had you can have them back<\/center><\/p>\n<p><center>When the tables turn again,<br \/>\nYou\u2019ll remember me my friend,<br \/>\nYou\u2019ll be wishing I was there for you.<br \/>\nI\u2019ll be the one you\u2019ll miss the most,<br \/>\nBut you\u2019ll only find my ghost.<br \/>\nAs time goes by,<br \/>\nYou\u2019ll wonder why,<br \/>\nYou\u2019re all alone.<\/center><\/p>\n<p><center>So thank you for showing me,<br \/>\nThat best friends can not be trusted,<br \/>\nAnd thank you for lying to me,<br \/>\nYour friendship and good times we had you can have them back.<\/center><\/p>\n<p><center>So thank you, for lying to me,<br \/>\nSo thank you, for all the times you let me down<br \/>\nSo thank you, for lying to me,<br \/>\nSo thank you, your friendship you can have it back<br \/>\n<\/center><\/p>\n<div class=\"girls\"><b><u>\u010cesk\u00fd p\u0159eklad<\/u><\/b><\/div>\n<p><center><br \/>\nMyslel jsem,\u017ee s tebou m\u016f\u017eu v\u017edycky po\u010d\u00edtat<br \/>\nMyslel jsem, \u017ee se mezi n\u00e1s dva nem\u016f\u017ee nic postavit<br \/>\n\u0158\u00edkali jsme, \u017ee dokud budeme spolu<br \/>\nBudeme v pohod\u011b<br \/>\nBudeme v po\u0159\u00e1dku<\/center><\/p>\n<p><center>Ale byl jsem hloup\u00fd<br \/>\nA ty jsi m\u011b zni\u010dil<br \/>\nU\u017e nikdy nebudu stejn\u00fd<\/center><\/p>\n<p><center>Tak\u017ee d\u011bkuju, \u017ee jsi m\u011b uk\u00e1zal<br \/>\n\u017de nejlep\u0161\u00edm p\u0159\u00e1tel\u016fm se ned\u00e1 v\u011b\u0159it<br \/>\nA d\u011bkuju, \u017ee jsi mi lhal<br \/>\nTv\u00e9 p\u0159\u00e1telstv\u00ed a ten \u010das, kter\u00fd jsme spolu str\u00e1vili<br \/>\nM\u016f\u017ee\u0161 si to v\u0161echno vz\u00edt zp\u00e1tky<\/center><\/p>\n<p><center>Zaj\u00edmalo by m\u011b, pro\u010d to v\u017edycky mus\u00ed bolet<br \/>\nZa ka\u017edou lekci, kterou dostane\u0161<br \/>\nNezapomenu, co jsi mi ud\u011blal<br \/>\nJak jsi mi uk\u00e1zal v\u011bci, kter\u00e9 jsem si p\u0159\u00e1l<br \/>\nnikdy nevid\u011bt<\/center><\/p>\n<p><center>Ale byl jsem hloup\u00fd<br \/>\nA ty jsi m\u011b zni\u010dil<br \/>\nU\u017e nikdy nebudu stejn\u00fd<\/center><\/p>\n<p><center>Pak se karty zase oto\u010d\u00ed<br \/>\nBude\u0161 si m\u011b pamatovat, p\u0159\u00edteli<br \/>\nBude\u0161 si p\u0159\u00e1t, abych tu pro tebe byl<\/center><\/p>\n<p><center>Budu ten, kdo ti chyb\u00ed nejv\u00edc<br \/>\nAle najde\u0161 jenom m\u00e9ho ducha<br \/>\nJak \u010das ub\u00edh\u00e1<br \/>\nBude t\u011b zaj\u00edmat, pro\u010d jsi s\u00e1m<\/center><\/p>\n<p><center>Tak d\u011bkuju &#8211; \u017de jsi mi lhal<br \/>\nTak d\u011bkuju &#8211; Za ty \u010dasy, co jsi m\u011b nechal na dn\u011b<br \/>\nTak d\u011bkuju &#8211; \u017de jsi mi lhal<br \/>\nTak d\u011bkuju &#8211; Sv\u00e9 p\u0159\u00e1telstv\u00ed si m\u016f\u017ee\u0161 vz\u00edt zp\u011bt<br \/>\nvz\u00edt zp\u00e1tky<\/p>\n<p><\/center>\n<\/div>\n<div class=\"fblikebutton_button\" style=\"float: left; padding-top: 20px; margin-right: 20px; padding-bottom: 20px; padding-left: 20px;\"><iframe src=\"http:\/\/www.facebook.com\/plugins\/like.php?href=https%3A%2F%2Fwww.simpleplan.cz%2Fcz%2Findex.php%2Fkapela%2Fdiskografie%2Fthank-you%2F&amp;layout=standard&amp;show-faces=false&amp;width=450&amp;action=like&amp;colorscheme=light\" scrolling=\"no\" frameborder=\"0\" allowTransparency=\"true\" style=\"border:none; overflow:hidden; width:450px; height:26px\"><\/iframe><\/div>\n","protected":false},"excerpt":{"rendered":"<p>Z\u00e1kladn\u00ed info Album: Still Not Getting Any Auto\u0159i textu: Pierre Bouvier, Chuck Comeau Dodate\u010dn\u00e1 spolupr\u00e1ce:<\/p>\n","protected":false},"author":5,"featured_media":0,"parent":5273,"menu_order":0,"comment_status":"open","ping_status":"open","template":"page-templates\/full-width.php","meta":{"footnotes":""},"yoast_head":"<!-- This site is optimized with the Yoast SEO plugin v20.9 - https:\/\/yoast.com\/wordpress\/plugins\/seo\/ -->\n<title>Thank You | CZ: SimplePlan.cz<\/title>\n<meta name=\"robots\" content=\"index, follow, max-snippet:-1, max-image-preview:large, max-video-preview:-1\" \/>\n<link rel=\"canonical\" href=\"https:\/\/www.simpleplan.cz\/cz\/index.php\/kapela\/diskografie\/thank-you\/\" \/>\n<meta property=\"og:locale\" content=\"cs_CZ\" \/>\n<meta property=\"og:type\" content=\"article\" \/>\n<meta property=\"og:title\" content=\"Thank You | CZ: SimplePlan.cz\" \/>\n<meta property=\"og:description\" content=\"Z\u00e1kladn\u00ed info Album: Still Not Getting Any Auto\u0159i textu: Pierre Bouvier, Chuck Comeau Dodate\u010dn\u00e1 spolupr\u00e1ce:\" \/>\n<meta property=\"og:url\" content=\"https:\/\/www.simpleplan.cz\/cz\/index.php\/kapela\/diskografie\/thank-you\/\" \/>\n<meta property=\"og:site_name\" content=\"CZ: SimplePlan.cz\" \/>\n<meta property=\"article:publisher\" content=\"http:\/\/www.facebook.com\/simpleplancz\" \/>\n<meta property=\"article:modified_time\" content=\"2023-06-26T07:29:58+00:00\" \/>\n<meta property=\"og:image\" content=\"http:\/\/www.simpleplan.cz\/cz\/wp-content\/uploads\/logo.gif\" \/>\n<meta name=\"twitter:card\" content=\"summary_large_image\" \/>\n<meta name=\"twitter:site\" content=\"@simpleplancz\" \/>\n<meta name=\"twitter:label1\" content=\"Odhadovan\u00e1 doba \u010dten\u00ed\" \/>\n\t<meta name=\"twitter:data1\" content=\"3 minuty\" \/>\n<script type=\"application\/ld+json\" class=\"yoast-schema-graph\">{\"@context\":\"https:\/\/schema.org\",\"@graph\":[{\"@type\":\"WebPage\",\"@id\":\"https:\/\/www.simpleplan.cz\/cz\/index.php\/kapela\/diskografie\/thank-you\/\",\"url\":\"https:\/\/www.simpleplan.cz\/cz\/index.php\/kapela\/diskografie\/thank-you\/\",\"name\":\"Thank You | CZ: SimplePlan.cz\",\"isPartOf\":{\"@id\":\"https:\/\/www.simpleplan.cz\/cz\/#website\"},\"datePublished\":\"2012-10-01T17:04:10+00:00\",\"dateModified\":\"2023-06-26T07:29:58+00:00\",\"breadcrumb\":{\"@id\":\"https:\/\/www.simpleplan.cz\/cz\/index.php\/kapela\/diskografie\/thank-you\/#breadcrumb\"},\"inLanguage\":\"cs\",\"potentialAction\":[{\"@type\":\"ReadAction\",\"target\":[\"https:\/\/www.simpleplan.cz\/cz\/index.php\/kapela\/diskografie\/thank-you\/\"]}]},{\"@type\":\"BreadcrumbList\",\"@id\":\"https:\/\/www.simpleplan.cz\/cz\/index.php\/kapela\/diskografie\/thank-you\/#breadcrumb\",\"itemListElement\":[{\"@type\":\"ListItem\",\"position\":1,\"name\":\"Dom\u016f\",\"item\":\"https:\/\/www.simpleplan.cz\/cz\/\"},{\"@type\":\"ListItem\",\"position\":2,\"name\":\"Kapela\",\"item\":\"https:\/\/www.simpleplan.cz\/cz\/index.php\/kapela\/\"},{\"@type\":\"ListItem\",\"position\":3,\"name\":\"Diskografie\",\"item\":\"https:\/\/www.simpleplan.cz\/cz\/index.php\/kapela\/diskografie\/\"},{\"@type\":\"ListItem\",\"position\":4,\"name\":\"Thank You\"}]},{\"@type\":\"WebSite\",\"@id\":\"https:\/\/www.simpleplan.cz\/cz\/#website\",\"url\":\"https:\/\/www.simpleplan.cz\/cz\/\",\"name\":\"CZ: SimplePlan.cz\",\"description\":\"Nejlep\u0161\u00ed zdroj informac\u00ed o kapele Simple Plan\",\"publisher\":{\"@id\":\"https:\/\/www.simpleplan.cz\/cz\/#organization\"},\"potentialAction\":[{\"@type\":\"SearchAction\",\"target\":{\"@type\":\"EntryPoint\",\"urlTemplate\":\"https:\/\/www.simpleplan.cz\/cz\/?s={search_term_string}\"},\"query-input\":\"required name=search_term_string\"}],\"inLanguage\":\"cs\"},{\"@type\":\"Organization\",\"@id\":\"https:\/\/www.simpleplan.cz\/cz\/#organization\",\"name\":\"CZ: SimplePlan.cz\",\"url\":\"https:\/\/www.simpleplan.cz\/cz\/\",\"logo\":{\"@type\":\"ImageObject\",\"inLanguage\":\"cs\",\"@id\":\"https:\/\/www.simpleplan.cz\/cz\/#\/schema\/logo\/image\/\",\"url\":\"https:\/\/www.simpleplan.cz\/cz\/wp-content\/uploads\/spczlogo.png\",\"contentUrl\":\"https:\/\/www.simpleplan.cz\/cz\/wp-content\/uploads\/spczlogo.png\",\"width\":250,\"height\":190,\"caption\":\"CZ: SimplePlan.cz\"},\"image\":{\"@id\":\"https:\/\/www.simpleplan.cz\/cz\/#\/schema\/logo\/image\/\"},\"sameAs\":[\"http:\/\/www.facebook.com\/simpleplancz\",\"https:\/\/twitter.com\/simpleplancz\",\"http:\/\/www.instagram.com\/simpleplancz\",\"http:\/\/www.youtube.com\/simpleplancz\"]}]}<\/script>\n<!-- \/ Yoast SEO plugin. -->","yoast_head_json":{"title":"Thank You | CZ: SimplePlan.cz","robots":{"index":"index","follow":"follow","max-snippet":"max-snippet:-1","max-image-preview":"max-image-preview:large","max-video-preview":"max-video-preview:-1"},"canonical":"https:\/\/www.simpleplan.cz\/cz\/index.php\/kapela\/diskografie\/thank-you\/","og_locale":"cs_CZ","og_type":"article","og_title":"Thank You | CZ: SimplePlan.cz","og_description":"Z\u00e1kladn\u00ed info Album: Still Not Getting Any Auto\u0159i textu: Pierre Bouvier, Chuck Comeau Dodate\u010dn\u00e1 spolupr\u00e1ce:","og_url":"https:\/\/www.simpleplan.cz\/cz\/index.php\/kapela\/diskografie\/thank-you\/","og_site_name":"CZ: SimplePlan.cz","article_publisher":"http:\/\/www.facebook.com\/simpleplancz","article_modified_time":"2023-06-26T07:29:58+00:00","og_image":[{"url":"http:\/\/www.simpleplan.cz\/cz\/wp-content\/uploads\/logo.gif"}],"twitter_card":"summary_large_image","twitter_site":"@simpleplancz","twitter_misc":{"Odhadovan\u00e1 doba \u010dten\u00ed":"3 minuty"},"schema":{"@context":"https:\/\/schema.org","@graph":[{"@type":"WebPage","@id":"https:\/\/www.simpleplan.cz\/cz\/index.php\/kapela\/diskografie\/thank-you\/","url":"https:\/\/www.simpleplan.cz\/cz\/index.php\/kapela\/diskografie\/thank-you\/","name":"Thank You | CZ: SimplePlan.cz","isPartOf":{"@id":"https:\/\/www.simpleplan.cz\/cz\/#website"},"datePublished":"2012-10-01T17:04:10+00:00","dateModified":"2023-06-26T07:29:58+00:00","breadcrumb":{"@id":"https:\/\/www.simpleplan.cz\/cz\/index.php\/kapela\/diskografie\/thank-you\/#breadcrumb"},"inLanguage":"cs","potentialAction":[{"@type":"ReadAction","target":["https:\/\/www.simpleplan.cz\/cz\/index.php\/kapela\/diskografie\/thank-you\/"]}]},{"@type":"BreadcrumbList","@id":"https:\/\/www.simpleplan.cz\/cz\/index.php\/kapela\/diskografie\/thank-you\/#breadcrumb","itemListElement":[{"@type":"ListItem","position":1,"name":"Dom\u016f","item":"https:\/\/www.simpleplan.cz\/cz\/"},{"@type":"ListItem","position":2,"name":"Kapela","item":"https:\/\/www.simpleplan.cz\/cz\/index.php\/kapela\/"},{"@type":"ListItem","position":3,"name":"Diskografie","item":"https:\/\/www.simpleplan.cz\/cz\/index.php\/kapela\/diskografie\/"},{"@type":"ListItem","position":4,"name":"Thank You"}]},{"@type":"WebSite","@id":"https:\/\/www.simpleplan.cz\/cz\/#website","url":"https:\/\/www.simpleplan.cz\/cz\/","name":"CZ: SimplePlan.cz","description":"Nejlep\u0161\u00ed zdroj informac\u00ed o kapele Simple Plan","publisher":{"@id":"https:\/\/www.simpleplan.cz\/cz\/#organization"},"potentialAction":[{"@type":"SearchAction","target":{"@type":"EntryPoint","urlTemplate":"https:\/\/www.simpleplan.cz\/cz\/?s={search_term_string}"},"query-input":"required name=search_term_string"}],"inLanguage":"cs"},{"@type":"Organization","@id":"https:\/\/www.simpleplan.cz\/cz\/#organization","name":"CZ: SimplePlan.cz","url":"https:\/\/www.simpleplan.cz\/cz\/","logo":{"@type":"ImageObject","inLanguage":"cs","@id":"https:\/\/www.simpleplan.cz\/cz\/#\/schema\/logo\/image\/","url":"https:\/\/www.simpleplan.cz\/cz\/wp-content\/uploads\/spczlogo.png","contentUrl":"https:\/\/www.simpleplan.cz\/cz\/wp-content\/uploads\/spczlogo.png","width":250,"height":190,"caption":"CZ: SimplePlan.cz"},"image":{"@id":"https:\/\/www.simpleplan.cz\/cz\/#\/schema\/logo\/image\/"},"sameAs":["http:\/\/www.facebook.com\/simpleplancz","https:\/\/twitter.com\/simpleplancz","http:\/\/www.instagram.com\/simpleplancz","http:\/\/www.youtube.com\/simpleplancz"]}]}},"_links":{"self":[{"href":"https:\/\/www.simpleplan.cz\/cz\/index.php\/wp-json\/wp\/v2\/pages\/11391"}],"collection":[{"href":"https:\/\/www.simpleplan.cz\/cz\/index.php\/wp-json\/wp\/v2\/pages"}],"about":[{"href":"https:\/\/www.simpleplan.cz\/cz\/index.php\/wp-json\/wp\/v2\/types\/page"}],"author":[{"embeddable":true,"href":"https:\/\/www.simpleplan.cz\/cz\/index.php\/wp-json\/wp\/v2\/users\/5"}],"replies":[{"embeddable":true,"href":"https:\/\/www.simpleplan.cz\/cz\/index.php\/wp-json\/wp\/v2\/comments?post=11391"}],"version-history":[{"count":6,"href":"https:\/\/www.simpleplan.cz\/cz\/index.php\/wp-json\/wp\/v2\/pages\/11391\/revisions"}],"predecessor-version":[{"id":23241,"href":"https:\/\/www.simpleplan.cz\/cz\/index.php\/wp-json\/wp\/v2\/pages\/11391\/revisions\/23241"}],"up":[{"embeddable":true,"href":"https:\/\/www.simpleplan.cz\/cz\/index.php\/wp-json\/wp\/v2\/pages\/5273"}],"wp:attachment":[{"href":"https:\/\/www.simpleplan.cz\/cz\/index.php\/wp-json\/wp\/v2\/media?parent=11391"}],"curies":[{"name":"wp","href":"https:\/\/api.w.org\/{rel}","templated":true}]}}