{"id":11397,"date":"2012-10-01T19:26:13","date_gmt":"2012-10-01T17:26:13","guid":{"rendered":"http:\/\/www.simpleplan.cz\/cz\/?page_id=11397"},"modified":"2023-06-26T09:29:56","modified_gmt":"2023-06-26T07:29:56","slug":"crazy","status":"publish","type":"page","link":"https:\/\/www.simpleplan.cz\/cz\/index.php\/kapela\/diskografie\/crazy\/","title":{"rendered":"Crazy"},"content":{"rendered":"<div class=\"pagecontent\">\n<div class=\"girls\"><b><u>Z\u00e1kladn\u00ed info<\/u><\/b><\/div>\n<p><b>Album:<\/b> Still Not Getting Any<br \/>\n<b>Auto\u0159i textu:<\/b> Pierre Bouvier, Chuck Comeau<br \/>\n<b>Dodate\u010dn\u00e1 spolupr\u00e1ce:<\/b> Bob Rock (produkce)<br \/>\n<b>D\u00e9lka p\u00edsn\u011b:<\/b> 3:37<br \/>\n<b>Single vyd\u00e1n:<\/b> 18. \u0159\u00edjna 2005<br \/>\n<b>Videoklip vyd\u00e1n:<\/b> 5. \u0159\u00edjna 2005<br \/>\n<b>Obal singlu:<\/b> <a href=\"http:\/\/www.simpleplan.cz\/gallery\/thumbnails.php?album=36\" target=\"_blank\" rel=\"noopener\">zde<\/a><\/p>\n<div class=\"girls\"><b><u>V\u00fdznam p\u00edsn\u011b<\/u><\/b><\/div>\n<p>&#8222;Crazy&#8220; pojedn\u00e1v\u00e1 o probl\u00e9mech dne\u0161n\u00ed spole\u010dnosti. O tom, jak p\u0159edstavy dne\u0161n\u00edch mlad\u00fdch d\u00edvek o tom, jak by m\u011blo vypadat jejich t\u011blo, formuj\u00ed m\u00e9dia, o tom, jak lid\u00e9 p\u0159\u00edli\u0161 \u010dasto mysl\u00ed jenom na pen\u00edze, zat\u00edmco na ulic\u00edch d\u011bti hladov\u00ed atd.<\/p>\n<div class=\"girls\"><b><u>Videoklip<\/u><\/b><\/div>\n<p><center><iframe width=\"480\" height=\"270\" src=\"http:\/\/www.youtube.com\/embed\/ohNy5F0Wdv0?list=PL707A63D942168FD1&amp;hl=en_US\" frameborder=\"0\" allowfullscreen><\/iframe><\/center><\/p>\n<div class=\"girls\"><b><u>Text p\u00edsn\u011b<\/u><\/b><\/div>\n<p><center><br \/>\nTell me what&#8217;s wrong with society<br \/>\nWhen everywhere I look I see<br \/>\nYoung girls dying to be on TV<br \/>\nThey won&#8217;t stop &#8218;til<br \/>\nThey reach their dreams <\/center><\/p>\n<p><center>Diet pills, surgery<br \/>\nPhotoshoped pictures in magazines<br \/>\nTelling them how they should be<br \/>\nIt doesn&#8217;t make sense to me <\/center><\/p>\n<p><center>Is everybody going crazy?<br \/>\nIs anybody gonna save me?<br \/>\nCan anybody tell me what&#8217;s going on?<br \/>\nTell me what&#8217;s going on<br \/>\nIf you open your eyes<br \/>\nYou&#8217;ll see that something is wrong <\/center><\/p>\n<p><center>I guess things aren&#8217;t how they used to be<br \/>\nThere&#8217;s no more normal families<br \/>\nParents act like enemies<br \/>\nMaking kids feel like it&#8217;s World War III <\/center><\/p>\n<p><center>No one cares, no one&#8217;s there<br \/>\nI guess we&#8217;re all just too damn busy<br \/>\nMoney&#8217;s our first priority<br \/>\nIt doesn&#8217;t make sense to me <\/center><\/p>\n<p><center>Is everybody going crazy?<br \/>\nIs anybody gonna save me?<br \/>\nCan anybody tell me what&#8217;s going on?<br \/>\nTell me what&#8217;s going on<br \/>\nIf you open your eyes<br \/>\nYou&#8217;ll see that something is wrong <\/center><\/p>\n<p><center>Is everybody going crazy?<br \/>\nIs everybody going crazy? <\/center><\/p>\n<p><center>Tell me what&#8217;s wrong with society<br \/>\nWhen everywhere I look I see<br \/>\nRich guys driving big SUV&#8217;s<br \/>\nWhile kids are starving in the streets<br \/>\nNo one cares<br \/>\nNo one likes to share<br \/>\nI guess life&#8217;s unfair <\/center><\/p>\n<p><center>Is everybody going crazy?<br \/>\nIs anybody gonna save me?<br \/>\nCan anybody tell me what&#8217;s going on?<br \/>\nTell me what&#8217;s going on<br \/>\nIf you open your eyes<br \/>\nYou&#8217;ll see that something<br \/>\nSomething is wrong <\/center><\/p>\n<p><center>Is everybody going crazy?<br \/>\nCan anybody tell me what&#8217;s going on<br \/>\nTell me what&#8217;s going on<br \/>\nIf you open your eyes<br \/>\nYou&#8217;ll see that something is wrong<br \/>\n<\/center><\/p>\n<div class=\"girls\"><b><u>\u010cesk\u00fd p\u0159eklad<\/u><\/b><\/div>\n<p><center><br \/>\n\u0158ekni mi, co se stalo se spole\u010dnost\u00ed<br \/>\nKdy\u017e v\u0161ude kam se pod\u00edv\u00e1m vid\u00edm<br \/>\nmlad\u00fd holky, kter\u00fd by daly cokoliv, aby byly v televizi<br \/>\nNep\u0159estanou dokud nedos\u00e1hnou sv\u00fdch sn\u016f<\/center><\/p>\n<p><center>Dietn\u00ed pilulky, operace<br \/>\nFotky upraven\u00fd Photoshopem v \u010dasopisech<br \/>\nJim \u0159\u00edkaj\u00ed, jak by m\u011bly vypadat<br \/>\nNed\u00e1v\u00e1 mi to smysl<\/center><\/p>\n<p><center>Copak se v\u0161ichni zbl\u00e1znili?<br \/>\nZachr\u00e1n\u00ed m\u011b n\u011bkdo?<br \/>\nM\u016f\u017ee mi n\u011bkdo \u0159\u00edct o co tu jde?<br \/>\n\u0158ekni mi o co tu jde<br \/>\nKdy\u017e otev\u0159e\u0161 o\u010di<br \/>\nUvid\u00ed\u0161, \u017ee je n\u011bco \u0161patn\u011b<\/center><\/p>\n<p><center>H\u00e1d\u00e1m \u017ee v\u011bci nejsou jak bejv\u00e1valy<br \/>\n\u017d\u00e1dn\u00e1 rodina u\u017e nen\u00ed norm\u00e1ln\u00ed<br \/>\nRodi\u010de se chovaj\u00ed jako nep\u0159\u00e1tel\u00e9<br \/>\nD\u011bti si p\u0159ipadaj\u00ed, jak kdyby byla t\u0159et\u00ed sv\u011btov\u00e1<\/center><\/p>\n<p><center>Nikdo se nestar\u00e1,nikdo tu nen\u00ed<br \/>\nH\u00e1dam \u017ee sme prost\u011b v\u0161ichni p\u0159\u00edli\u0161 zanepr\u00e1zdn\u011bn\u00ed<br \/>\nA prachy sou na\u0161e hlavn\u00ed priorita<br \/>\nNed\u00e1v\u00e1 mi to smysl<\/center><\/p>\n<p><center>Copak se v\u0161ichni zbl\u00e1znili?<br \/>\nZachr\u00e1n\u00ed m\u011b n\u011bkdo?<br \/>\nM\u016f\u017ee mi n\u011bkdo \u0159\u00edct o co tu jde?<br \/>\n\u0158ekni mi o co tu jde<br \/>\nKdy\u017e otev\u0159e\u0161 o\u010di<br \/>\nUvid\u00ed\u0161, \u017ee je n\u011bco \u0161patn\u011b<\/center><\/p>\n<p><center>Copak se v\u0161ichni zbl\u00e1znili?<br \/>\nCopak se v\u0161ichni zbl\u00e1znili?<\/center><\/p>\n<p><center>\u0158ekni mi, co se stalo se spole\u010dnost\u00ed<br \/>\nKdy\u017e kamkoli se pod\u00edv\u00e1m vid\u00edm<br \/>\nBohat\u00fd t\u00fdpky, jak \u0159\u00edd\u00ed velk\u00fd SUV<br \/>\nZat\u00edmco d\u011bti hladov\u00edc\u00ed na ulic\u00edch<br \/>\nNikdo se nestar\u00e1<br \/>\nKa\u017edej se nerad d\u011bl\u00ed<br \/>\nH\u00e1dam, \u017ee \u017eivot je nef\u00e9r<\/center><\/p>\n<p><center>Copak se v\u0161ichni zbl\u00e1znili?<br \/>\nZachr\u00e1n\u00ed m\u011b n\u011bkdo?<br \/>\nM\u016f\u017ee mi n\u011bkdo \u0159\u00edct o co tu jde?<br \/>\n\u0158ekni mi o co tu jde<br \/>\nKdy\u017e otev\u0159e\u0161 o\u010di<br \/>\nUvid\u00ed\u0161, \u017ee n\u011bco<br \/>\nn\u011bco je \u0161patn\u011b<br \/>\n<\/center><\/p>\n<p><center>Copak se v\u0161ichni zbl\u00e1znili?<br \/>\nZachr\u00e1n\u00ed m\u011b n\u011bkdo?<br \/>\nM\u016f\u017ee mi n\u011bkdo \u0159\u00edct o co tu jde?<br \/>\n\u0158ekni mi o co tu jde<br \/>\nKdy\u017e otev\u0159e\u0161 o\u010di<br \/>\nUvid\u00ed\u0161, \u017ee n\u011bco je \u0161patn\u011b<\/p>\n<p><\/center>\n<\/div>\n<div class=\"fblikebutton_button\" style=\"float: left; padding-top: 20px; margin-right: 20px; padding-bottom: 20px; padding-left: 20px;\"><iframe src=\"http:\/\/www.facebook.com\/plugins\/like.php?href=https%3A%2F%2Fwww.simpleplan.cz%2Fcz%2Findex.php%2Fkapela%2Fdiskografie%2Fcrazy%2F&amp;layout=standard&amp;show-faces=false&amp;width=450&amp;action=like&amp;colorscheme=light\" scrolling=\"no\" frameborder=\"0\" allowTransparency=\"true\" style=\"border:none; overflow:hidden; width:450px; height:26px\"><\/iframe><\/div>\n","protected":false},"excerpt":{"rendered":"<p>Z\u00e1kladn\u00ed info Album: Still Not Getting Any Auto\u0159i textu: Pierre Bouvier, Chuck Comeau Dodate\u010dn\u00e1 spolupr\u00e1ce:<\/p>\n","protected":false},"author":5,"featured_media":0,"parent":5273,"menu_order":0,"comment_status":"open","ping_status":"open","template":"page-templates\/full-width.php","meta":{"footnotes":""},"yoast_head":"<!-- This site is optimized with the Yoast SEO plugin v20.9 - https:\/\/yoast.com\/wordpress\/plugins\/seo\/ -->\n<title>Crazy | CZ: SimplePlan.cz<\/title>\n<meta name=\"robots\" content=\"index, follow, max-snippet:-1, max-image-preview:large, max-video-preview:-1\" \/>\n<link rel=\"canonical\" href=\"https:\/\/www.simpleplan.cz\/cz\/index.php\/kapela\/diskografie\/crazy\/\" \/>\n<meta property=\"og:locale\" content=\"cs_CZ\" \/>\n<meta property=\"og:type\" content=\"article\" \/>\n<meta property=\"og:title\" content=\"Crazy | CZ: SimplePlan.cz\" \/>\n<meta property=\"og:description\" content=\"Z\u00e1kladn\u00ed info Album: Still Not Getting Any Auto\u0159i textu: Pierre Bouvier, Chuck Comeau Dodate\u010dn\u00e1 spolupr\u00e1ce:\" \/>\n<meta property=\"og:url\" content=\"https:\/\/www.simpleplan.cz\/cz\/index.php\/kapela\/diskografie\/crazy\/\" \/>\n<meta property=\"og:site_name\" content=\"CZ: SimplePlan.cz\" \/>\n<meta property=\"article:publisher\" content=\"http:\/\/www.facebook.com\/simpleplancz\" \/>\n<meta property=\"article:modified_time\" content=\"2023-06-26T07:29:56+00:00\" \/>\n<meta property=\"og:image\" content=\"http:\/\/www.simpleplan.cz\/cz\/wp-content\/uploads\/logo.gif\" \/>\n<meta name=\"twitter:card\" content=\"summary_large_image\" \/>\n<meta name=\"twitter:site\" content=\"@simpleplancz\" \/>\n<meta name=\"twitter:label1\" content=\"Odhadovan\u00e1 doba \u010dten\u00ed\" \/>\n\t<meta name=\"twitter:data1\" content=\"4 minuty\" \/>\n<script type=\"application\/ld+json\" class=\"yoast-schema-graph\">{\"@context\":\"https:\/\/schema.org\",\"@graph\":[{\"@type\":\"WebPage\",\"@id\":\"https:\/\/www.simpleplan.cz\/cz\/index.php\/kapela\/diskografie\/crazy\/\",\"url\":\"https:\/\/www.simpleplan.cz\/cz\/index.php\/kapela\/diskografie\/crazy\/\",\"name\":\"Crazy | CZ: SimplePlan.cz\",\"isPartOf\":{\"@id\":\"https:\/\/www.simpleplan.cz\/cz\/#website\"},\"datePublished\":\"2012-10-01T17:26:13+00:00\",\"dateModified\":\"2023-06-26T07:29:56+00:00\",\"breadcrumb\":{\"@id\":\"https:\/\/www.simpleplan.cz\/cz\/index.php\/kapela\/diskografie\/crazy\/#breadcrumb\"},\"inLanguage\":\"cs\",\"potentialAction\":[{\"@type\":\"ReadAction\",\"target\":[\"https:\/\/www.simpleplan.cz\/cz\/index.php\/kapela\/diskografie\/crazy\/\"]}]},{\"@type\":\"BreadcrumbList\",\"@id\":\"https:\/\/www.simpleplan.cz\/cz\/index.php\/kapela\/diskografie\/crazy\/#breadcrumb\",\"itemListElement\":[{\"@type\":\"ListItem\",\"position\":1,\"name\":\"Dom\u016f\",\"item\":\"https:\/\/www.simpleplan.cz\/cz\/\"},{\"@type\":\"ListItem\",\"position\":2,\"name\":\"Kapela\",\"item\":\"https:\/\/www.simpleplan.cz\/cz\/index.php\/kapela\/\"},{\"@type\":\"ListItem\",\"position\":3,\"name\":\"Diskografie\",\"item\":\"https:\/\/www.simpleplan.cz\/cz\/index.php\/kapela\/diskografie\/\"},{\"@type\":\"ListItem\",\"position\":4,\"name\":\"Crazy\"}]},{\"@type\":\"WebSite\",\"@id\":\"https:\/\/www.simpleplan.cz\/cz\/#website\",\"url\":\"https:\/\/www.simpleplan.cz\/cz\/\",\"name\":\"CZ: SimplePlan.cz\",\"description\":\"Nejlep\u0161\u00ed zdroj informac\u00ed o kapele Simple Plan\",\"publisher\":{\"@id\":\"https:\/\/www.simpleplan.cz\/cz\/#organization\"},\"potentialAction\":[{\"@type\":\"SearchAction\",\"target\":{\"@type\":\"EntryPoint\",\"urlTemplate\":\"https:\/\/www.simpleplan.cz\/cz\/?s={search_term_string}\"},\"query-input\":\"required name=search_term_string\"}],\"inLanguage\":\"cs\"},{\"@type\":\"Organization\",\"@id\":\"https:\/\/www.simpleplan.cz\/cz\/#organization\",\"name\":\"CZ: SimplePlan.cz\",\"url\":\"https:\/\/www.simpleplan.cz\/cz\/\",\"logo\":{\"@type\":\"ImageObject\",\"inLanguage\":\"cs\",\"@id\":\"https:\/\/www.simpleplan.cz\/cz\/#\/schema\/logo\/image\/\",\"url\":\"https:\/\/www.simpleplan.cz\/cz\/wp-content\/uploads\/spczlogo.png\",\"contentUrl\":\"https:\/\/www.simpleplan.cz\/cz\/wp-content\/uploads\/spczlogo.png\",\"width\":250,\"height\":190,\"caption\":\"CZ: SimplePlan.cz\"},\"image\":{\"@id\":\"https:\/\/www.simpleplan.cz\/cz\/#\/schema\/logo\/image\/\"},\"sameAs\":[\"http:\/\/www.facebook.com\/simpleplancz\",\"https:\/\/twitter.com\/simpleplancz\",\"http:\/\/www.instagram.com\/simpleplancz\",\"http:\/\/www.youtube.com\/simpleplancz\"]}]}<\/script>\n<!-- \/ Yoast SEO plugin. -->","yoast_head_json":{"title":"Crazy | CZ: SimplePlan.cz","robots":{"index":"index","follow":"follow","max-snippet":"max-snippet:-1","max-image-preview":"max-image-preview:large","max-video-preview":"max-video-preview:-1"},"canonical":"https:\/\/www.simpleplan.cz\/cz\/index.php\/kapela\/diskografie\/crazy\/","og_locale":"cs_CZ","og_type":"article","og_title":"Crazy | CZ: SimplePlan.cz","og_description":"Z\u00e1kladn\u00ed info Album: Still Not Getting Any Auto\u0159i textu: Pierre Bouvier, Chuck Comeau Dodate\u010dn\u00e1 spolupr\u00e1ce:","og_url":"https:\/\/www.simpleplan.cz\/cz\/index.php\/kapela\/diskografie\/crazy\/","og_site_name":"CZ: SimplePlan.cz","article_publisher":"http:\/\/www.facebook.com\/simpleplancz","article_modified_time":"2023-06-26T07:29:56+00:00","og_image":[{"url":"http:\/\/www.simpleplan.cz\/cz\/wp-content\/uploads\/logo.gif"}],"twitter_card":"summary_large_image","twitter_site":"@simpleplancz","twitter_misc":{"Odhadovan\u00e1 doba \u010dten\u00ed":"4 minuty"},"schema":{"@context":"https:\/\/schema.org","@graph":[{"@type":"WebPage","@id":"https:\/\/www.simpleplan.cz\/cz\/index.php\/kapela\/diskografie\/crazy\/","url":"https:\/\/www.simpleplan.cz\/cz\/index.php\/kapela\/diskografie\/crazy\/","name":"Crazy | CZ: SimplePlan.cz","isPartOf":{"@id":"https:\/\/www.simpleplan.cz\/cz\/#website"},"datePublished":"2012-10-01T17:26:13+00:00","dateModified":"2023-06-26T07:29:56+00:00","breadcrumb":{"@id":"https:\/\/www.simpleplan.cz\/cz\/index.php\/kapela\/diskografie\/crazy\/#breadcrumb"},"inLanguage":"cs","potentialAction":[{"@type":"ReadAction","target":["https:\/\/www.simpleplan.cz\/cz\/index.php\/kapela\/diskografie\/crazy\/"]}]},{"@type":"BreadcrumbList","@id":"https:\/\/www.simpleplan.cz\/cz\/index.php\/kapela\/diskografie\/crazy\/#breadcrumb","itemListElement":[{"@type":"ListItem","position":1,"name":"Dom\u016f","item":"https:\/\/www.simpleplan.cz\/cz\/"},{"@type":"ListItem","position":2,"name":"Kapela","item":"https:\/\/www.simpleplan.cz\/cz\/index.php\/kapela\/"},{"@type":"ListItem","position":3,"name":"Diskografie","item":"https:\/\/www.simpleplan.cz\/cz\/index.php\/kapela\/diskografie\/"},{"@type":"ListItem","position":4,"name":"Crazy"}]},{"@type":"WebSite","@id":"https:\/\/www.simpleplan.cz\/cz\/#website","url":"https:\/\/www.simpleplan.cz\/cz\/","name":"CZ: SimplePlan.cz","description":"Nejlep\u0161\u00ed zdroj informac\u00ed o kapele Simple Plan","publisher":{"@id":"https:\/\/www.simpleplan.cz\/cz\/#organization"},"potentialAction":[{"@type":"SearchAction","target":{"@type":"EntryPoint","urlTemplate":"https:\/\/www.simpleplan.cz\/cz\/?s={search_term_string}"},"query-input":"required name=search_term_string"}],"inLanguage":"cs"},{"@type":"Organization","@id":"https:\/\/www.simpleplan.cz\/cz\/#organization","name":"CZ: SimplePlan.cz","url":"https:\/\/www.simpleplan.cz\/cz\/","logo":{"@type":"ImageObject","inLanguage":"cs","@id":"https:\/\/www.simpleplan.cz\/cz\/#\/schema\/logo\/image\/","url":"https:\/\/www.simpleplan.cz\/cz\/wp-content\/uploads\/spczlogo.png","contentUrl":"https:\/\/www.simpleplan.cz\/cz\/wp-content\/uploads\/spczlogo.png","width":250,"height":190,"caption":"CZ: SimplePlan.cz"},"image":{"@id":"https:\/\/www.simpleplan.cz\/cz\/#\/schema\/logo\/image\/"},"sameAs":["http:\/\/www.facebook.com\/simpleplancz","https:\/\/twitter.com\/simpleplancz","http:\/\/www.instagram.com\/simpleplancz","http:\/\/www.youtube.com\/simpleplancz"]}]}},"_links":{"self":[{"href":"https:\/\/www.simpleplan.cz\/cz\/index.php\/wp-json\/wp\/v2\/pages\/11397"}],"collection":[{"href":"https:\/\/www.simpleplan.cz\/cz\/index.php\/wp-json\/wp\/v2\/pages"}],"about":[{"href":"https:\/\/www.simpleplan.cz\/cz\/index.php\/wp-json\/wp\/v2\/types\/page"}],"author":[{"embeddable":true,"href":"https:\/\/www.simpleplan.cz\/cz\/index.php\/wp-json\/wp\/v2\/users\/5"}],"replies":[{"embeddable":true,"href":"https:\/\/www.simpleplan.cz\/cz\/index.php\/wp-json\/wp\/v2\/comments?post=11397"}],"version-history":[{"count":5,"href":"https:\/\/www.simpleplan.cz\/cz\/index.php\/wp-json\/wp\/v2\/pages\/11397\/revisions"}],"predecessor-version":[{"id":33062,"href":"https:\/\/www.simpleplan.cz\/cz\/index.php\/wp-json\/wp\/v2\/pages\/11397\/revisions\/33062"}],"up":[{"embeddable":true,"href":"https:\/\/www.simpleplan.cz\/cz\/index.php\/wp-json\/wp\/v2\/pages\/5273"}],"wp:attachment":[{"href":"https:\/\/www.simpleplan.cz\/cz\/index.php\/wp-json\/wp\/v2\/media?parent=11397"}],"curies":[{"name":"wp","href":"https:\/\/api.w.org\/{rel}","templated":true}]}}