{"id":11400,"date":"2012-10-01T19:52:48","date_gmt":"2012-10-01T17:52:48","guid":{"rendered":"http:\/\/www.simpleplan.cz\/cz\/?page_id=11400"},"modified":"2023-06-26T09:29:57","modified_gmt":"2023-06-26T07:29:57","slug":"me-against-the-world","status":"publish","type":"page","link":"https:\/\/www.simpleplan.cz\/cz\/index.php\/kapela\/diskografie\/me-against-the-world\/","title":{"rendered":"Me Against The World"},"content":{"rendered":"<div class=\"pagecontent\">\n<p><center><iframe src=\"https:\/\/open.spotify.com\/embed\/track\/10RgYWbTO5epmUJi74JUXv\" width=\"600\" height=\"80\" frameborder=\"0\" allowtransparency=\"true\" allow=\"encrypted-media\"><\/iframe><\/center><\/p>\n<div class=\"girls\"><b><u>Z\u00e1kladn\u00ed info<\/u><\/b><\/div>\n<p><b>Album:<\/b> Still Not Getting Any<br \/>\n<b>Auto\u0159i textu:<\/b> Pierre Bouvier, Chuck Comeau<br \/>\n<b>Dodate\u010dn\u00e1 spolupr\u00e1ce:<\/b> Bob Rock (produkce)<br \/>\n<b>D\u00e9lka p\u00edsn\u011b:<\/b> 3:11<\/p>\n<div class=\"girls\"><b><u>Text p\u00edsn\u011b<\/u><\/b><\/div>\n<p><center><br \/>\nWe&#8217;re not gonna be<br \/>\nJust apart of their game<br \/>\nWe&#8217;re not gonna be<br \/>\nJust the victims<br \/>\nThey&#8217;re taking our dreams<br \/>\nAnd they tear them apart<br \/>\n&#8218;til everyone&#8217;s the same<br \/>\nI&#8217;ve got no place to go<br \/>\nI&#8217;ve got no where to run<br \/>\nThey love to watch me fall<br \/>\nThey think they know it all<\/center><\/p>\n<p><center>I&#8217;m a nightmare, a disaster<br \/>\nThat&#8217;s what they always said<br \/>\nI&#8217;m a lost cause, not a hero<br \/>\nBut I&#8217;ll make it on my own<br \/>\nI&#8217;ve gotta prove them wrong<br \/>\nMe against the world<br \/>\nIt&#8217;s me against the world<br \/>\n<\/center><br \/>\n<center>We won&#8217;t let them change<br \/>\nHow we feel in our hearts<br \/>\nWe&#8217;re not gonna let them control us<br \/>\nWe won&#8217;t let them shove<br \/>\nAll their thoughts in our heads<br \/>\nAnd we&#8217;ll never be like them<br \/>\nI&#8217;ve got no place to go<br \/>\nI&#8217;ve got no where to run<br \/>\nThey love to watch me fall<br \/>\nThey think they know it all<\/center><\/p>\n<p><center>I&#8217;m a nightmare, a disaster<br \/>\nThat&#8217;s what they always said<br \/>\nI&#8217;m a lost cause, not a hero<br \/>\nBut I&#8217;ll make it on my own<br \/>\nI&#8217;m gonna prove them wrong<br \/>\nIt&#8217;s me against the world<br \/>\nMe against the world<\/center><\/p>\n<p><center>Now I&#8217;m sick of this waiting<br \/>\nSo come on and take your shot<br \/>\nYou can spit all your insults<br \/>\nBut nothing you say is gonna change us<br \/>\nYou can sit there and judge me<br \/>\nSay what you want to<br \/>\nWe&#8217;ll never let you in<\/center><\/p>\n<p><center>I&#8217;m a nightmare, a disaster<br \/>\nThat&#8217;s what they always said<br \/>\nI&#8217;m a lost cause, not a hero<br \/>\nBut I&#8217;ll make it on my own<br \/>\nMe against the world<\/center><\/p>\n<p><center>I&#8217;m a nightmare, a disaster<br \/>\nThat&#8217;s what they always said<br \/>\nI&#8217;m a lost cause, not a hero<br \/>\nBut I&#8217;ll make it on my own<br \/>\nI&#8217;ve got to prove them wrong<br \/>\nThey&#8217;ll never bring us down<\/center><\/p>\n<p><center>We&#8217;ll never fall in line<br \/>\nI&#8217;ll make it on my own<br \/>\nMe against the world<br \/>\n<\/center><\/p>\n<div class=\"girls\"><b><u>\u010cesk\u00fd p\u0159eklad<\/u><\/b><\/div>\n<p><center><br \/>\nNebudeme<br \/>\nJenom \u010d\u00e1st jejich hry<br \/>\nNebudeme<br \/>\nJenom ob\u011bti<br \/>\nBerou si na\u0161e sny<br \/>\nA trhaj\u00ed je na kusy<br \/>\nDokud nebudou v\u0161ichni stejn\u00ed<\/center><\/p>\n<p><center>Nem\u00e1m nikam, kam bych \u0161el<br \/>\nNem\u00e1m kam b\u011b\u017eet<br \/>\nL\u00edb\u00ed se jim sledovat, jak pad\u00e1m<br \/>\nMysl\u00ed si, \u017ee v\u0161echno v\u00ed<\/center><\/p>\n<p><center>Jsem no\u010dn\u00ed m\u016fra, pohroma<br \/>\nTo mi co v\u017edycky \u0159\u00edkali<br \/>\nJsem ztracen\u00e1 v\u011bc, \u017e\u00e1dn\u00fd hrdina.<br \/>\nAle ud\u011bl\u00e1m si to po sv\u00e9m<br \/>\nDok\u00e1\u017eu jim, \u017ee nemaj\u00ed pravdu<br \/>\nJ\u00e1 proti sv\u011btu<\/center><\/p>\n<p><center>To jsem j\u00e1 proti sv\u011btu<\/center><\/p>\n<p><center>Nenech\u00e1me je zm\u011bnit to<br \/>\njak se c\u00edt\u00edme v na\u0161ich srdc\u00edch<br \/>\nNenech\u00e1me je n\u00e1s kontrolovat.<br \/>\nNenech\u00e1me je str\u010dit<br \/>\nv\u0161echny jejich my\u0161lenky do na\u0161ich hlav<br \/>\nA nikdy nebudeme jako oni<\/center><\/p>\n<p><center>Nem\u00e1m nikam, kam bych \u0161el<br \/>\nNem\u00e1m kam b\u011b\u017eet<br \/>\nL\u00edb\u00ed se jim sledovat, jak pad\u00e1m<br \/>\nMysl\u00ed si, \u017ee v\u0161echno v\u00ed<\/center><\/p>\n<p><center>U\u017e m\u011b nebav\u00ed \u010dekat<br \/>\nTak poj\u010fte, jste na r\u00e1n\u011b<br \/>\nM\u016f\u017eete na m\u011b vychrstnout v\u0161echny sv\u00e9 ur\u00e1\u017eky<br \/>\nAle nic, co \u0159eknete, n\u00e1s nezm\u011bn\u00ed<br \/>\nM\u016f\u017eete tam sed\u011bt a posuzovat m\u011b<br \/>\n\u0158\u00edkat, co chcete<br \/>\nAle my v\u00e1s nikdy nenech\u00e1me vyhr\u00e1t<\/center><\/p>\n<p><center>Jsem no\u010dn\u00ed m\u016fra, pohroma<br \/>\nTo mi co v\u017edycky \u0159\u00edkali<br \/>\nJsem ztracen\u00e1 v\u011bc, \u017e\u00e1dn\u00fd hrdina.<br \/>\nAle ud\u011bl\u00e1m si to po sv\u00e9m<br \/>\nDok\u00e1\u017eu jim, \u017ee nemaj\u00ed pravdu<br \/>\nJ\u00e1 proti sv\u011btu<\/center><\/p>\n<p><center>Jsem no\u010dn\u00ed m\u016fra, pohroma<br \/>\nTo mi co v\u017edycky \u0159\u00edkali<br \/>\nJsem ztracen\u00fd p\u0159\u00edpad, \u017e\u00e1dn\u00fd hrdina.<br \/>\nAle ud\u011bl\u00e1m si to po sv\u00e9m<br \/>\nDok\u00e1\u017eu jim, \u017ee nemaj\u00ed pravdu<br \/>\nNikdy n\u00e1s neporaz\u00ed<br \/>\nNikdy nebudeme jako ostatn\u00ed<br \/>\nUd\u011bl\u00e1m to podle sv\u00e9ho<br \/>\nJ\u00e1 proti sv\u011btu<\/p>\n<p><\/center><\/p>\n<\/div>\n<div class=\"fblikebutton_button\" style=\"float: left; padding-top: 20px; margin-right: 20px; padding-bottom: 20px; padding-left: 20px;\"><iframe src=\"http:\/\/www.facebook.com\/plugins\/like.php?href=https%3A%2F%2Fwww.simpleplan.cz%2Fcz%2Findex.php%2Fkapela%2Fdiskografie%2Fme-against-the-world%2F&amp;layout=standard&amp;show-faces=false&amp;width=450&amp;action=like&amp;colorscheme=light\" scrolling=\"no\" frameborder=\"0\" allowTransparency=\"true\" style=\"border:none; overflow:hidden; width:450px; height:26px\"><\/iframe><\/div>\n","protected":false},"excerpt":{"rendered":"<p>Z\u00e1kladn\u00ed info Album: Still Not Getting Any Auto\u0159i textu: Pierre Bouvier, Chuck Comeau Dodate\u010dn\u00e1 spolupr\u00e1ce:<\/p>\n","protected":false},"author":5,"featured_media":0,"parent":5273,"menu_order":0,"comment_status":"open","ping_status":"open","template":"page-templates\/full-width.php","meta":{"footnotes":""},"yoast_head":"<!-- This site is optimized with the Yoast SEO plugin v20.9 - https:\/\/yoast.com\/wordpress\/plugins\/seo\/ -->\n<title>Me Against The World | CZ: SimplePlan.cz<\/title>\n<meta name=\"robots\" content=\"index, follow, max-snippet:-1, max-image-preview:large, max-video-preview:-1\" \/>\n<link rel=\"canonical\" href=\"https:\/\/www.simpleplan.cz\/cz\/index.php\/kapela\/diskografie\/me-against-the-world\/\" \/>\n<meta property=\"og:locale\" content=\"cs_CZ\" \/>\n<meta property=\"og:type\" content=\"article\" \/>\n<meta property=\"og:title\" content=\"Me Against The World | CZ: SimplePlan.cz\" \/>\n<meta property=\"og:description\" content=\"Z\u00e1kladn\u00ed info Album: Still Not Getting Any Auto\u0159i textu: Pierre Bouvier, Chuck Comeau Dodate\u010dn\u00e1 spolupr\u00e1ce:\" \/>\n<meta property=\"og:url\" content=\"https:\/\/www.simpleplan.cz\/cz\/index.php\/kapela\/diskografie\/me-against-the-world\/\" \/>\n<meta property=\"og:site_name\" content=\"CZ: SimplePlan.cz\" \/>\n<meta property=\"article:publisher\" content=\"http:\/\/www.facebook.com\/simpleplancz\" \/>\n<meta property=\"article:modified_time\" content=\"2023-06-26T07:29:57+00:00\" \/>\n<meta property=\"og:image\" content=\"http:\/\/www.simpleplan.cz\/cz\/wp-content\/uploads\/logo.gif\" \/>\n<meta name=\"twitter:card\" content=\"summary_large_image\" \/>\n<meta name=\"twitter:site\" content=\"@simpleplancz\" \/>\n<meta name=\"twitter:label1\" content=\"Odhadovan\u00e1 doba \u010dten\u00ed\" \/>\n\t<meta name=\"twitter:data1\" content=\"3 minuty\" \/>\n<script type=\"application\/ld+json\" class=\"yoast-schema-graph\">{\"@context\":\"https:\/\/schema.org\",\"@graph\":[{\"@type\":\"WebPage\",\"@id\":\"https:\/\/www.simpleplan.cz\/cz\/index.php\/kapela\/diskografie\/me-against-the-world\/\",\"url\":\"https:\/\/www.simpleplan.cz\/cz\/index.php\/kapela\/diskografie\/me-against-the-world\/\",\"name\":\"Me Against The World | CZ: SimplePlan.cz\",\"isPartOf\":{\"@id\":\"https:\/\/www.simpleplan.cz\/cz\/#website\"},\"datePublished\":\"2012-10-01T17:52:48+00:00\",\"dateModified\":\"2023-06-26T07:29:57+00:00\",\"breadcrumb\":{\"@id\":\"https:\/\/www.simpleplan.cz\/cz\/index.php\/kapela\/diskografie\/me-against-the-world\/#breadcrumb\"},\"inLanguage\":\"cs\",\"potentialAction\":[{\"@type\":\"ReadAction\",\"target\":[\"https:\/\/www.simpleplan.cz\/cz\/index.php\/kapela\/diskografie\/me-against-the-world\/\"]}]},{\"@type\":\"BreadcrumbList\",\"@id\":\"https:\/\/www.simpleplan.cz\/cz\/index.php\/kapela\/diskografie\/me-against-the-world\/#breadcrumb\",\"itemListElement\":[{\"@type\":\"ListItem\",\"position\":1,\"name\":\"Dom\u016f\",\"item\":\"https:\/\/www.simpleplan.cz\/cz\/\"},{\"@type\":\"ListItem\",\"position\":2,\"name\":\"Kapela\",\"item\":\"https:\/\/www.simpleplan.cz\/cz\/index.php\/kapela\/\"},{\"@type\":\"ListItem\",\"position\":3,\"name\":\"Diskografie\",\"item\":\"https:\/\/www.simpleplan.cz\/cz\/index.php\/kapela\/diskografie\/\"},{\"@type\":\"ListItem\",\"position\":4,\"name\":\"Me Against The World\"}]},{\"@type\":\"WebSite\",\"@id\":\"https:\/\/www.simpleplan.cz\/cz\/#website\",\"url\":\"https:\/\/www.simpleplan.cz\/cz\/\",\"name\":\"CZ: SimplePlan.cz\",\"description\":\"Nejlep\u0161\u00ed zdroj informac\u00ed o kapele Simple Plan\",\"publisher\":{\"@id\":\"https:\/\/www.simpleplan.cz\/cz\/#organization\"},\"potentialAction\":[{\"@type\":\"SearchAction\",\"target\":{\"@type\":\"EntryPoint\",\"urlTemplate\":\"https:\/\/www.simpleplan.cz\/cz\/?s={search_term_string}\"},\"query-input\":\"required name=search_term_string\"}],\"inLanguage\":\"cs\"},{\"@type\":\"Organization\",\"@id\":\"https:\/\/www.simpleplan.cz\/cz\/#organization\",\"name\":\"CZ: SimplePlan.cz\",\"url\":\"https:\/\/www.simpleplan.cz\/cz\/\",\"logo\":{\"@type\":\"ImageObject\",\"inLanguage\":\"cs\",\"@id\":\"https:\/\/www.simpleplan.cz\/cz\/#\/schema\/logo\/image\/\",\"url\":\"https:\/\/www.simpleplan.cz\/cz\/wp-content\/uploads\/spczlogo.png\",\"contentUrl\":\"https:\/\/www.simpleplan.cz\/cz\/wp-content\/uploads\/spczlogo.png\",\"width\":250,\"height\":190,\"caption\":\"CZ: SimplePlan.cz\"},\"image\":{\"@id\":\"https:\/\/www.simpleplan.cz\/cz\/#\/schema\/logo\/image\/\"},\"sameAs\":[\"http:\/\/www.facebook.com\/simpleplancz\",\"https:\/\/twitter.com\/simpleplancz\",\"http:\/\/www.instagram.com\/simpleplancz\",\"http:\/\/www.youtube.com\/simpleplancz\"]}]}<\/script>\n<!-- \/ Yoast SEO plugin. -->","yoast_head_json":{"title":"Me Against The World | CZ: SimplePlan.cz","robots":{"index":"index","follow":"follow","max-snippet":"max-snippet:-1","max-image-preview":"max-image-preview:large","max-video-preview":"max-video-preview:-1"},"canonical":"https:\/\/www.simpleplan.cz\/cz\/index.php\/kapela\/diskografie\/me-against-the-world\/","og_locale":"cs_CZ","og_type":"article","og_title":"Me Against The World | CZ: SimplePlan.cz","og_description":"Z\u00e1kladn\u00ed info Album: Still Not Getting Any Auto\u0159i textu: Pierre Bouvier, Chuck Comeau Dodate\u010dn\u00e1 spolupr\u00e1ce:","og_url":"https:\/\/www.simpleplan.cz\/cz\/index.php\/kapela\/diskografie\/me-against-the-world\/","og_site_name":"CZ: SimplePlan.cz","article_publisher":"http:\/\/www.facebook.com\/simpleplancz","article_modified_time":"2023-06-26T07:29:57+00:00","og_image":[{"url":"http:\/\/www.simpleplan.cz\/cz\/wp-content\/uploads\/logo.gif"}],"twitter_card":"summary_large_image","twitter_site":"@simpleplancz","twitter_misc":{"Odhadovan\u00e1 doba \u010dten\u00ed":"3 minuty"},"schema":{"@context":"https:\/\/schema.org","@graph":[{"@type":"WebPage","@id":"https:\/\/www.simpleplan.cz\/cz\/index.php\/kapela\/diskografie\/me-against-the-world\/","url":"https:\/\/www.simpleplan.cz\/cz\/index.php\/kapela\/diskografie\/me-against-the-world\/","name":"Me Against The World | CZ: SimplePlan.cz","isPartOf":{"@id":"https:\/\/www.simpleplan.cz\/cz\/#website"},"datePublished":"2012-10-01T17:52:48+00:00","dateModified":"2023-06-26T07:29:57+00:00","breadcrumb":{"@id":"https:\/\/www.simpleplan.cz\/cz\/index.php\/kapela\/diskografie\/me-against-the-world\/#breadcrumb"},"inLanguage":"cs","potentialAction":[{"@type":"ReadAction","target":["https:\/\/www.simpleplan.cz\/cz\/index.php\/kapela\/diskografie\/me-against-the-world\/"]}]},{"@type":"BreadcrumbList","@id":"https:\/\/www.simpleplan.cz\/cz\/index.php\/kapela\/diskografie\/me-against-the-world\/#breadcrumb","itemListElement":[{"@type":"ListItem","position":1,"name":"Dom\u016f","item":"https:\/\/www.simpleplan.cz\/cz\/"},{"@type":"ListItem","position":2,"name":"Kapela","item":"https:\/\/www.simpleplan.cz\/cz\/index.php\/kapela\/"},{"@type":"ListItem","position":3,"name":"Diskografie","item":"https:\/\/www.simpleplan.cz\/cz\/index.php\/kapela\/diskografie\/"},{"@type":"ListItem","position":4,"name":"Me Against The World"}]},{"@type":"WebSite","@id":"https:\/\/www.simpleplan.cz\/cz\/#website","url":"https:\/\/www.simpleplan.cz\/cz\/","name":"CZ: SimplePlan.cz","description":"Nejlep\u0161\u00ed zdroj informac\u00ed o kapele Simple Plan","publisher":{"@id":"https:\/\/www.simpleplan.cz\/cz\/#organization"},"potentialAction":[{"@type":"SearchAction","target":{"@type":"EntryPoint","urlTemplate":"https:\/\/www.simpleplan.cz\/cz\/?s={search_term_string}"},"query-input":"required name=search_term_string"}],"inLanguage":"cs"},{"@type":"Organization","@id":"https:\/\/www.simpleplan.cz\/cz\/#organization","name":"CZ: SimplePlan.cz","url":"https:\/\/www.simpleplan.cz\/cz\/","logo":{"@type":"ImageObject","inLanguage":"cs","@id":"https:\/\/www.simpleplan.cz\/cz\/#\/schema\/logo\/image\/","url":"https:\/\/www.simpleplan.cz\/cz\/wp-content\/uploads\/spczlogo.png","contentUrl":"https:\/\/www.simpleplan.cz\/cz\/wp-content\/uploads\/spczlogo.png","width":250,"height":190,"caption":"CZ: SimplePlan.cz"},"image":{"@id":"https:\/\/www.simpleplan.cz\/cz\/#\/schema\/logo\/image\/"},"sameAs":["http:\/\/www.facebook.com\/simpleplancz","https:\/\/twitter.com\/simpleplancz","http:\/\/www.instagram.com\/simpleplancz","http:\/\/www.youtube.com\/simpleplancz"]}]}},"_links":{"self":[{"href":"https:\/\/www.simpleplan.cz\/cz\/index.php\/wp-json\/wp\/v2\/pages\/11400"}],"collection":[{"href":"https:\/\/www.simpleplan.cz\/cz\/index.php\/wp-json\/wp\/v2\/pages"}],"about":[{"href":"https:\/\/www.simpleplan.cz\/cz\/index.php\/wp-json\/wp\/v2\/types\/page"}],"author":[{"embeddable":true,"href":"https:\/\/www.simpleplan.cz\/cz\/index.php\/wp-json\/wp\/v2\/users\/5"}],"replies":[{"embeddable":true,"href":"https:\/\/www.simpleplan.cz\/cz\/index.php\/wp-json\/wp\/v2\/comments?post=11400"}],"version-history":[{"count":8,"href":"https:\/\/www.simpleplan.cz\/cz\/index.php\/wp-json\/wp\/v2\/pages\/11400\/revisions"}],"predecessor-version":[{"id":29306,"href":"https:\/\/www.simpleplan.cz\/cz\/index.php\/wp-json\/wp\/v2\/pages\/11400\/revisions\/29306"}],"up":[{"embeddable":true,"href":"https:\/\/www.simpleplan.cz\/cz\/index.php\/wp-json\/wp\/v2\/pages\/5273"}],"wp:attachment":[{"href":"https:\/\/www.simpleplan.cz\/cz\/index.php\/wp-json\/wp\/v2\/media?parent=11400"}],"curies":[{"name":"wp","href":"https:\/\/api.w.org\/{rel}","templated":true}]}}