{"id":11403,"date":"2012-10-01T20:05:43","date_gmt":"2012-10-01T18:05:43","guid":{"rendered":"http:\/\/www.simpleplan.cz\/cz\/?page_id=11403"},"modified":"2023-06-26T09:29:57","modified_gmt":"2023-06-26T07:29:57","slug":"jump","status":"publish","type":"page","link":"https:\/\/www.simpleplan.cz\/cz\/index.php\/kapela\/diskografie\/jump\/","title":{"rendered":"Jump"},"content":{"rendered":"<div class=\"pagecontent\">\n<div class=\"girls\"><b><u>Z\u00e1kladn\u00ed info<\/u><\/b><\/div>\n<p><b>Album:<\/b> Still Not Getting Any<br \/>\n<b>Auto\u0159i textu:<\/b> Pierre Bouvier, Chuck Comeau<br \/>\n<b>Dodate\u010dn\u00e1 spolupr\u00e1ce:<\/b> Bob Rock (produkce), Patrick Langlois (skupinov\u00e9 vok\u00e1ly)<br \/>\n<b>D\u00e9lka p\u00edsn\u011b:<\/b> 3:08<\/p>\n<div class=\"girls\"><b><u>V\u00fdznam p\u00edsn\u011b<\/u><\/b><\/div>\n<p>&#8222;Jump&#8220; je o \u010dlov\u011bku, kter\u00fd si uv\u011bdomuje, \u017ee by m\u011bl \u017e\u00edt ka\u017ed\u00fdm okam\u017eikem. O tom, \u017ee chce zapomenout na v\u0161echny sv\u00e9 probl\u00e9my t\u00edm, \u017ee si bude u\u017e\u00edvat \u017eivota.<\/p>\n<div class=\"girls\"><b><u>Text p\u00edsn\u011b<\/u><\/b><\/div>\n<p><center><br \/>\nI don&#8217;t wanna wake up today<br \/>\nCause everyday&#8217;s the same<br \/>\nAnd I&#8217;d been waiting so long<br \/>\nFor things to change<br \/>\nI&#8217;m sick of this town<br \/>\nSick of my job<br \/>\nSick of my friends &#8218;cause everyone&#8217;s jaded<br \/>\nSick of this place, I wanna break free<br \/>\nI&#8217;m so frustrated, I just wanna<\/center><\/p>\n<p><center>Jump! (Jump!)<br \/>\nDon&#8217;t wanna think about tomorrow (Jump!)<br \/>\nI just don&#8217;t care tonight<br \/>\nI just wanna jump (Jump!)<br \/>\nDon&#8217;t wanna think about my sorrow<br \/>\nLet&#8217;s go<br \/>\nForget your problems<br \/>\nI just wanna jump<\/center><\/p>\n<p><center>I don&#8217;t wanna wake up one day<br \/>\nAnd find out it&#8217;s too late<br \/>\nTo do all the things I wanna do<br \/>\nSo I&#8217;m gonna pack up my bags<br \/>\nI&#8217;m never coming back<br \/>\n&#8218;Cause the years are passing by<br \/>\nAnd I&#8217;m wasting all my ti-ti-time<br \/>\nSick of this house<br \/>\nSick of being broke<br \/>\nSick of this town, that&#8217;s bringing me down<br \/>\nI&#8217;m sick of this place, I wanna break free,<br \/>\nI&#8217;m so frustrated, I just wanna jump<\/center><\/p>\n<p><center>Jump! (Jump!)<br \/>\nDon&#8217;t wanna think about tomorrow (Jump!)<br \/>\nI just don&#8217;t care tonight,<br \/>\nI just wanna jump (Jump!)<br \/>\nDon&#8217;t wanna think about my sorrow<br \/>\nLet&#8217;s go<br \/>\nForget your problems<br \/>\nI just wanna jump<br \/>\nI just wanna jump<\/center><\/p>\n<p><center>I can&#8217;t take it anymore [x3]<\/center><\/p>\n<p><center>Forget tomorrow, I just wanna jump (Jump!)<br \/>\nDon&#8217;t wanna think about tomorrow (Jump!)<br \/>\nI just don&#8217;t care tonight,<br \/>\nI just wanna jump (Jump!)<br \/>\nDon&#8217;t wanna think about my sorrow<br \/>\nLet&#8217;s go<br \/>\nForget your problems<br \/>\nIt&#8217;s time to let them go<br \/>\nForget tomorrow, I just wanna jump (Jump!)<\/center><\/p>\n<p><center>I just wanna jump<br \/>\n<\/center><\/p>\n<div class=\"girls\"><b><u>\u010cesk\u00fd p\u0159eklad<\/u><\/b><\/div>\n<p><center><br \/>\nDneska se nechci probudit<br \/>\nProto\u017ee ka\u017ed\u00fd den je stejn\u00fd<br \/>\nA \u010dekal jsem tak dlouho na to<br \/>\nA\u017e se v\u011bci zm\u011bn\u00ed<\/center><\/p>\n<p><center>Je mi \u0161patn\u011b z tohohle m\u011bsta,<br \/>\n\u0160patn\u011b z m\u00e9 pr\u00e1ce,<br \/>\n\u0160patn\u011b z m\u00fdch p\u0159\u00e1tel,<br \/>\nProto\u017ee ka\u017ed\u00fd je vy\u010derpan\u00fd,<br \/>\n\u0160patn\u011b z tohohle m\u00edsta,<br \/>\nChci b\u00fdt voln\u00fd<br \/>\nJsem tak frustrovan\u00fd<br \/>\nProst\u011b chci sk\u00e1kat<\/center><\/p>\n<p><center>Nechci p\u0159em\u00fd\u0161let o z\u00edt\u0159ku (sk\u00e1kat!)<br \/>\nDnes ve\u010der mi v\u0161echno je jedno<br \/>\nProst\u011b chci sk\u00e1kat (sk\u00e1kat!)<br \/>\nNechci p\u0159em\u00fd\u0161let o sv\u00e9m \u017ealu<br \/>\nPoj\u010fte<br \/>\nZapome\u0148te na sv\u00e9 probl\u00e9my<br \/>\nProst\u011b chci sk\u00e1kat<\/center><\/p>\n<p><center>Nechci se jednoho dne probudit<br \/>\nA p\u0159ij\u00edt na to, \u017ee je p\u0159\u00edli\u0161 pozd\u011b<br \/>\nD\u011blat v\u0161echno, co chci<br \/>\nTak si sbal\u00edm kufry<br \/>\nU\u017e se nikdy nevr\u00e1t\u00edm<br \/>\nProto\u017ee roky jdou d\u00e1l<br \/>\nA ztr\u00e1c\u00edm v\u0161echen sv\u016fj \u010das<\/center><\/p>\n<p><center>Je mi \u0161patn\u011b z tohohle domu<br \/>\n\u0160patn\u011b z toho, \u017ee jsem \u0161vorc<br \/>\n\u0160patn\u011b z tohohle m\u011bsta,<br \/>\nKter\u00e9 m\u011b sr\u00e1\u017e\u00ed dol\u016f<br \/>\nJe mi \u0161patn\u011b z tohohle m\u00edsta,<br \/>\nchci b\u00fdt voln\u00fd<br \/>\nJsem tak frustrovan\u00fd<br \/>\nProst\u011b chci sk\u00e1kat<\/center><\/p>\n<p><center>Nem\u016f\u017eu to vu\u017e un\u00e9st<\/center><\/p>\n<p><center>Zapomenout na z\u00edt\u0159ek<br \/>\nProst\u011b chci sk\u00e1kat<\/center><\/p>\n<p><center>Nechci p\u0159em\u00fd\u0161let o z\u00edt\u0159ku (sk\u00e1kat!)<br \/>\nDnes ve\u010der mi to je jedno<br \/>\nProst\u011b chci sk\u00e1kat (sk\u00e1kat!)<br \/>\nNechci p\u0159em\u00fd\u0161let o sv\u00e9m \u017ealu<br \/>\nPoj\u010fte<br \/>\nZapome\u0148te na sv\u00e9 probl\u00e9my<br \/>\nJe \u010das je nechat j\u00edt<br \/>\nzapome\u0148te na z\u00edt\u0159ek<br \/>\nProst\u011b chci sk\u00e1kat<br \/>\n<\/center>\n<\/div>\n<div class=\"fblikebutton_button\" style=\"float: left; padding-top: 20px; margin-right: 20px; padding-bottom: 20px; padding-left: 20px;\"><iframe src=\"http:\/\/www.facebook.com\/plugins\/like.php?href=https%3A%2F%2Fwww.simpleplan.cz%2Fcz%2Findex.php%2Fkapela%2Fdiskografie%2Fjump%2F&amp;layout=standard&amp;show-faces=false&amp;width=450&amp;action=like&amp;colorscheme=light\" scrolling=\"no\" frameborder=\"0\" allowTransparency=\"true\" style=\"border:none; overflow:hidden; width:450px; height:26px\"><\/iframe><\/div>\n","protected":false},"excerpt":{"rendered":"<p>Z\u00e1kladn\u00ed info Album: Still Not Getting Any Auto\u0159i textu: Pierre Bouvier, Chuck Comeau Dodate\u010dn\u00e1 spolupr\u00e1ce:<\/p>\n","protected":false},"author":5,"featured_media":0,"parent":5273,"menu_order":0,"comment_status":"open","ping_status":"open","template":"page-templates\/full-width.php","meta":{"footnotes":""},"yoast_head":"<!-- This site is optimized with the Yoast SEO plugin v20.9 - https:\/\/yoast.com\/wordpress\/plugins\/seo\/ -->\n<title>Jump | CZ: SimplePlan.cz<\/title>\n<meta name=\"robots\" content=\"index, follow, max-snippet:-1, max-image-preview:large, max-video-preview:-1\" \/>\n<link rel=\"canonical\" href=\"https:\/\/www.simpleplan.cz\/cz\/index.php\/kapela\/diskografie\/jump\/\" \/>\n<meta property=\"og:locale\" content=\"cs_CZ\" \/>\n<meta property=\"og:type\" content=\"article\" \/>\n<meta property=\"og:title\" content=\"Jump | CZ: SimplePlan.cz\" \/>\n<meta property=\"og:description\" content=\"Z\u00e1kladn\u00ed info Album: Still Not Getting Any Auto\u0159i textu: Pierre Bouvier, Chuck Comeau Dodate\u010dn\u00e1 spolupr\u00e1ce:\" \/>\n<meta property=\"og:url\" content=\"https:\/\/www.simpleplan.cz\/cz\/index.php\/kapela\/diskografie\/jump\/\" \/>\n<meta property=\"og:site_name\" content=\"CZ: SimplePlan.cz\" \/>\n<meta property=\"article:publisher\" content=\"http:\/\/www.facebook.com\/simpleplancz\" \/>\n<meta property=\"article:modified_time\" content=\"2023-06-26T07:29:57+00:00\" \/>\n<meta property=\"og:image\" content=\"http:\/\/www.simpleplan.cz\/cz\/wp-content\/uploads\/logo.gif\" \/>\n<meta name=\"twitter:card\" content=\"summary_large_image\" \/>\n<meta name=\"twitter:site\" content=\"@simpleplancz\" \/>\n<meta name=\"twitter:label1\" content=\"Odhadovan\u00e1 doba \u010dten\u00ed\" \/>\n\t<meta name=\"twitter:data1\" content=\"3 minuty\" \/>\n<script type=\"application\/ld+json\" class=\"yoast-schema-graph\">{\"@context\":\"https:\/\/schema.org\",\"@graph\":[{\"@type\":\"WebPage\",\"@id\":\"https:\/\/www.simpleplan.cz\/cz\/index.php\/kapela\/diskografie\/jump\/\",\"url\":\"https:\/\/www.simpleplan.cz\/cz\/index.php\/kapela\/diskografie\/jump\/\",\"name\":\"Jump | CZ: SimplePlan.cz\",\"isPartOf\":{\"@id\":\"https:\/\/www.simpleplan.cz\/cz\/#website\"},\"datePublished\":\"2012-10-01T18:05:43+00:00\",\"dateModified\":\"2023-06-26T07:29:57+00:00\",\"breadcrumb\":{\"@id\":\"https:\/\/www.simpleplan.cz\/cz\/index.php\/kapela\/diskografie\/jump\/#breadcrumb\"},\"inLanguage\":\"cs\",\"potentialAction\":[{\"@type\":\"ReadAction\",\"target\":[\"https:\/\/www.simpleplan.cz\/cz\/index.php\/kapela\/diskografie\/jump\/\"]}]},{\"@type\":\"BreadcrumbList\",\"@id\":\"https:\/\/www.simpleplan.cz\/cz\/index.php\/kapela\/diskografie\/jump\/#breadcrumb\",\"itemListElement\":[{\"@type\":\"ListItem\",\"position\":1,\"name\":\"Dom\u016f\",\"item\":\"https:\/\/www.simpleplan.cz\/cz\/\"},{\"@type\":\"ListItem\",\"position\":2,\"name\":\"Kapela\",\"item\":\"https:\/\/www.simpleplan.cz\/cz\/index.php\/kapela\/\"},{\"@type\":\"ListItem\",\"position\":3,\"name\":\"Diskografie\",\"item\":\"https:\/\/www.simpleplan.cz\/cz\/index.php\/kapela\/diskografie\/\"},{\"@type\":\"ListItem\",\"position\":4,\"name\":\"Jump\"}]},{\"@type\":\"WebSite\",\"@id\":\"https:\/\/www.simpleplan.cz\/cz\/#website\",\"url\":\"https:\/\/www.simpleplan.cz\/cz\/\",\"name\":\"CZ: SimplePlan.cz\",\"description\":\"Nejlep\u0161\u00ed zdroj informac\u00ed o kapele Simple Plan\",\"publisher\":{\"@id\":\"https:\/\/www.simpleplan.cz\/cz\/#organization\"},\"potentialAction\":[{\"@type\":\"SearchAction\",\"target\":{\"@type\":\"EntryPoint\",\"urlTemplate\":\"https:\/\/www.simpleplan.cz\/cz\/?s={search_term_string}\"},\"query-input\":\"required name=search_term_string\"}],\"inLanguage\":\"cs\"},{\"@type\":\"Organization\",\"@id\":\"https:\/\/www.simpleplan.cz\/cz\/#organization\",\"name\":\"CZ: SimplePlan.cz\",\"url\":\"https:\/\/www.simpleplan.cz\/cz\/\",\"logo\":{\"@type\":\"ImageObject\",\"inLanguage\":\"cs\",\"@id\":\"https:\/\/www.simpleplan.cz\/cz\/#\/schema\/logo\/image\/\",\"url\":\"https:\/\/www.simpleplan.cz\/cz\/wp-content\/uploads\/spczlogo.png\",\"contentUrl\":\"https:\/\/www.simpleplan.cz\/cz\/wp-content\/uploads\/spczlogo.png\",\"width\":250,\"height\":190,\"caption\":\"CZ: SimplePlan.cz\"},\"image\":{\"@id\":\"https:\/\/www.simpleplan.cz\/cz\/#\/schema\/logo\/image\/\"},\"sameAs\":[\"http:\/\/www.facebook.com\/simpleplancz\",\"https:\/\/twitter.com\/simpleplancz\",\"http:\/\/www.instagram.com\/simpleplancz\",\"http:\/\/www.youtube.com\/simpleplancz\"]}]}<\/script>\n<!-- \/ Yoast SEO plugin. -->","yoast_head_json":{"title":"Jump | CZ: SimplePlan.cz","robots":{"index":"index","follow":"follow","max-snippet":"max-snippet:-1","max-image-preview":"max-image-preview:large","max-video-preview":"max-video-preview:-1"},"canonical":"https:\/\/www.simpleplan.cz\/cz\/index.php\/kapela\/diskografie\/jump\/","og_locale":"cs_CZ","og_type":"article","og_title":"Jump | CZ: SimplePlan.cz","og_description":"Z\u00e1kladn\u00ed info Album: Still Not Getting Any Auto\u0159i textu: Pierre Bouvier, Chuck Comeau Dodate\u010dn\u00e1 spolupr\u00e1ce:","og_url":"https:\/\/www.simpleplan.cz\/cz\/index.php\/kapela\/diskografie\/jump\/","og_site_name":"CZ: SimplePlan.cz","article_publisher":"http:\/\/www.facebook.com\/simpleplancz","article_modified_time":"2023-06-26T07:29:57+00:00","og_image":[{"url":"http:\/\/www.simpleplan.cz\/cz\/wp-content\/uploads\/logo.gif"}],"twitter_card":"summary_large_image","twitter_site":"@simpleplancz","twitter_misc":{"Odhadovan\u00e1 doba \u010dten\u00ed":"3 minuty"},"schema":{"@context":"https:\/\/schema.org","@graph":[{"@type":"WebPage","@id":"https:\/\/www.simpleplan.cz\/cz\/index.php\/kapela\/diskografie\/jump\/","url":"https:\/\/www.simpleplan.cz\/cz\/index.php\/kapela\/diskografie\/jump\/","name":"Jump | CZ: SimplePlan.cz","isPartOf":{"@id":"https:\/\/www.simpleplan.cz\/cz\/#website"},"datePublished":"2012-10-01T18:05:43+00:00","dateModified":"2023-06-26T07:29:57+00:00","breadcrumb":{"@id":"https:\/\/www.simpleplan.cz\/cz\/index.php\/kapela\/diskografie\/jump\/#breadcrumb"},"inLanguage":"cs","potentialAction":[{"@type":"ReadAction","target":["https:\/\/www.simpleplan.cz\/cz\/index.php\/kapela\/diskografie\/jump\/"]}]},{"@type":"BreadcrumbList","@id":"https:\/\/www.simpleplan.cz\/cz\/index.php\/kapela\/diskografie\/jump\/#breadcrumb","itemListElement":[{"@type":"ListItem","position":1,"name":"Dom\u016f","item":"https:\/\/www.simpleplan.cz\/cz\/"},{"@type":"ListItem","position":2,"name":"Kapela","item":"https:\/\/www.simpleplan.cz\/cz\/index.php\/kapela\/"},{"@type":"ListItem","position":3,"name":"Diskografie","item":"https:\/\/www.simpleplan.cz\/cz\/index.php\/kapela\/diskografie\/"},{"@type":"ListItem","position":4,"name":"Jump"}]},{"@type":"WebSite","@id":"https:\/\/www.simpleplan.cz\/cz\/#website","url":"https:\/\/www.simpleplan.cz\/cz\/","name":"CZ: SimplePlan.cz","description":"Nejlep\u0161\u00ed zdroj informac\u00ed o kapele Simple Plan","publisher":{"@id":"https:\/\/www.simpleplan.cz\/cz\/#organization"},"potentialAction":[{"@type":"SearchAction","target":{"@type":"EntryPoint","urlTemplate":"https:\/\/www.simpleplan.cz\/cz\/?s={search_term_string}"},"query-input":"required name=search_term_string"}],"inLanguage":"cs"},{"@type":"Organization","@id":"https:\/\/www.simpleplan.cz\/cz\/#organization","name":"CZ: SimplePlan.cz","url":"https:\/\/www.simpleplan.cz\/cz\/","logo":{"@type":"ImageObject","inLanguage":"cs","@id":"https:\/\/www.simpleplan.cz\/cz\/#\/schema\/logo\/image\/","url":"https:\/\/www.simpleplan.cz\/cz\/wp-content\/uploads\/spczlogo.png","contentUrl":"https:\/\/www.simpleplan.cz\/cz\/wp-content\/uploads\/spczlogo.png","width":250,"height":190,"caption":"CZ: SimplePlan.cz"},"image":{"@id":"https:\/\/www.simpleplan.cz\/cz\/#\/schema\/logo\/image\/"},"sameAs":["http:\/\/www.facebook.com\/simpleplancz","https:\/\/twitter.com\/simpleplancz","http:\/\/www.instagram.com\/simpleplancz","http:\/\/www.youtube.com\/simpleplancz"]}]}},"_links":{"self":[{"href":"https:\/\/www.simpleplan.cz\/cz\/index.php\/wp-json\/wp\/v2\/pages\/11403"}],"collection":[{"href":"https:\/\/www.simpleplan.cz\/cz\/index.php\/wp-json\/wp\/v2\/pages"}],"about":[{"href":"https:\/\/www.simpleplan.cz\/cz\/index.php\/wp-json\/wp\/v2\/types\/page"}],"author":[{"embeddable":true,"href":"https:\/\/www.simpleplan.cz\/cz\/index.php\/wp-json\/wp\/v2\/users\/5"}],"replies":[{"embeddable":true,"href":"https:\/\/www.simpleplan.cz\/cz\/index.php\/wp-json\/wp\/v2\/comments?post=11403"}],"version-history":[{"count":5,"href":"https:\/\/www.simpleplan.cz\/cz\/index.php\/wp-json\/wp\/v2\/pages\/11403\/revisions"}],"predecessor-version":[{"id":23244,"href":"https:\/\/www.simpleplan.cz\/cz\/index.php\/wp-json\/wp\/v2\/pages\/11403\/revisions\/23244"}],"up":[{"embeddable":true,"href":"https:\/\/www.simpleplan.cz\/cz\/index.php\/wp-json\/wp\/v2\/pages\/5273"}],"wp:attachment":[{"href":"https:\/\/www.simpleplan.cz\/cz\/index.php\/wp-json\/wp\/v2\/media?parent=11403"}],"curies":[{"name":"wp","href":"https:\/\/api.w.org\/{rel}","templated":true}]}}