{"id":11408,"date":"2012-10-01T20:32:02","date_gmt":"2012-10-01T18:32:02","guid":{"rendered":"http:\/\/www.simpleplan.cz\/cz\/?page_id=11408"},"modified":"2023-06-26T09:29:56","modified_gmt":"2023-06-26T07:29:56","slug":"everytime","status":"publish","type":"page","link":"https:\/\/www.simpleplan.cz\/cz\/index.php\/kapela\/diskografie\/everytime\/","title":{"rendered":"Everytime"},"content":{"rendered":"<div class=\"pagecontent\">\n<div class=\"girls\"><b><u>Z\u00e1kladn\u00ed info<\/u><\/b><\/div>\n<p><b>Album:<\/b> Still Not Getting Any<br \/>\n<b>Auto\u0159i textu:<\/b> Pierre Bouvier, Chuck Comeau<br \/>\n<b>Dodate\u010dn\u00e1 spolupr\u00e1ce:<\/b> Bob Rock (produkce)<br \/>\n<b>D\u00e9lka p\u00edsn\u011b:<\/b> 4:01<\/p>\n<div class=\"girls\"><b><u>Song lyrics<\/u><\/b><\/div>\n<p><center><br \/>\nIt was three AM when you woke me up<br \/>\nAnd we jumped in the car and drove as far as we could go<br \/>\nJust to get away<br \/>\nWe talked about our lives<br \/>\nUntil the sun came up<br \/>\nAnd now I&#8217;m thinking about<br \/>\nHow I wish I could go back<br \/>\nJust for one more day<br \/>\nOne more day with you<\/center> <\/p>\n<p><center>Everytime I see your face<br \/>\nEverytime you look my way<br \/>\nIt&#8217;s like it all falls into place<br \/>\nEverything feels right<br \/>\nEver since you walked away<br \/>\nYou left my life in disarray<br \/>\nAll I want is one more day<br \/>\nIt&#8217;s all I need: one more day with you<\/center> <\/p>\n<p><center>When the car broke down<br \/>\nWe just kept walkin along<br \/>\nTil we hit this town<br \/>\nThere was nothing there at all<br \/>\nBut that was all okay<br \/>\nWe spent all our money on stupid things<br \/>\nBut if I looked back now, I&#8217;d probably give it all away<br \/>\nJust for one more day<br \/>\nOne more day with you<\/center> <\/p>\n<p><center>Everytime I see your face<br \/>\nEverytime you look my way<br \/>\nIt&#8217;s like it all falls into place<br \/>\nEverything feels right<br \/>\nBut ever since you walked away<br \/>\nYou left my life in disarray<br \/>\nAll I want is one more day<br \/>\nIt&#8217;s all I need: one more day with you<\/center> <\/p>\n<p><center>Now I&#8217;m sittin here, like we used to do<br \/>\nI think about my life<br \/>\nand how now there&#8217;s nothing I won&#8217;t do<br \/>\nJust for one more day<br \/>\nOne more day with you<\/center> <\/p>\n<p><center>Everytime I see your face<br \/>\nEverytime you look my way<br \/>\nIt&#8217;s like it all falls into place<br \/>\nEverything feels right (Everything feels right)<br \/>\nEverytime I hear your name<br \/>\nEverytime I feel the same<br \/>\nIt&#8217;s like it all falls into place<br \/>\nEverything feels right<\/center> <\/p>\n<p><center>You walked away<br \/>\nJust one more day<br \/>\nIt&#8217;s all I need, just one more day with you<br \/>\n<\/center> <\/p>\n<div class=\"girls\"><b><u>\u010cesk\u00fd p\u0159eklad<\/u><\/b><\/div>\n<p><center><br \/>\nBylo 3 r\u00e1no<br \/>\nKdy\u017e jsi m\u011b vzbudila<br \/>\nPak jsme sko\u010dili do auta<br \/>\nA jeli jsme tak daleko, jak jsme mohli<br \/>\nJen abychom se dostali pry\u010d<\/center> <\/p>\n<p><center>Mluvili jsme o sv\u00fdch \u017eivotech<br \/>\nDokud nevy\u0161lo slunce<br \/>\nA te\u010f o tom p\u0159em\u00fd\u0161l\u00edm<br \/>\nJak si p\u0159eju, abych se mohl vr\u00e1tit zp\u011bt<br \/>\nJen pro jeden den nav\u00edc<\/center> <\/p>\n<p><center>Jeden den nav\u00edc s tebou<\/center> <\/p>\n<p><center>Poka\u017ed\u00e9, co vid\u00edm tvou tv\u00e1\u0159<br \/>\nPoka\u017ed\u00e9, co se d\u00edv\u00e1\u0161 m\u00fdm sm\u011brem<br \/>\nJe to jako kdy\u017e v\u0161echno do sebe spr\u00e1vn\u011b zapad\u00e1<br \/>\nV\u0161echno vypad\u00e1 dob\u0159e<br \/>\nOd t\u00e9 doby, co jsi ode\u0161la<br \/>\nopustila jsi m\u016fj \u017eivot ve zmatku<br \/>\nv\u0161e, co chci, je jeden den nav\u00edc<br \/>\nJe to v\u0161echno, co pot\u0159ebuji<br \/>\nJeden den nav\u00edc s tebou<\/center> <\/p>\n<p><center>Kdy\u017e se auto porouchalo<br \/>\nProst\u011b jsme \u0161li d\u00e1l po sv\u00fdch<br \/>\nDokud jsme nenarazili na m\u011bsto<br \/>\nNikde tam nic nebylo<br \/>\nAle bylo to v\u0161echno v po\u0159\u00e1dku<\/center> <\/p>\n<p><center>Utratili jsme v\u0161echny pen\u00edze za blbosti<br \/>\nAle kdy\u017e se te\u010f pod\u00edv\u00e1m zp\u00e1tky<br \/>\nPravd\u011bpodobn\u011b bych to v\u0161echno dal pry\u010d<br \/>\nJen za jeden den nav\u00edc<br \/>\nJeden den nav\u00edc s tebou<\/center> <\/p>\n<p><center>Te\u010f tu sed\u00edm<br \/>\nJak jsme to d\u011bl\u00e1vali<br \/>\nP\u0159em\u00fd\u0161l\u00edm o sv\u00e9m \u017eivot\u011b<br \/>\nA o tom, jak tu nen\u00ed nic, co bych neud\u011blal<br \/>\nJen pro jeden den nav\u00edc&#8230;<\/center> <\/p>\n<p><center>Jeden den nav\u00edc s tebou<\/center> <\/p>\n<p><center>Poka\u017ed\u00e9, co vid\u00edm tvou tv\u00e1\u0159<br \/>\nPoka\u017ed\u00e9, co se d\u00edv\u00e1\u0161 m\u00fdm sm\u011brem<br \/>\nJe to jako kdy\u017e v\u0161echno do sebe spr\u00e1vn\u011b zapad\u00e1<br \/>\nV\u0161echno vypad\u00e1 dob\u0159e<br \/>\nPoka\u017ed\u00e9, co sly\u0161\u00edm tv\u00e9 jm\u00e9no<br \/>\nPoka\u017ed\u00e9, se c\u00edt\u00edm stejn\u011b<br \/>\nJe to jako kdy\u017e v\u0161echno do sebe spr\u00e1vn\u011b zapad\u00e1<br \/>\nV\u0161echno, v\u0161echno vypad\u00e1 dob\u0159e<\/center> <\/p>\n<p><center>Ode\u0161la jsi pry\u010d<br \/>\nJen jeden den nav\u00edc<br \/>\nTo je v\u0161echno, co pot\u0159ebuji<br \/>\nJeden den nav\u00edc s tebou<br \/>\n<\/center>\n<\/div>\n<div class=\"fblikebutton_button\" style=\"float: left; padding-top: 20px; margin-right: 20px; padding-bottom: 20px; padding-left: 20px;\"><iframe src=\"http:\/\/www.facebook.com\/plugins\/like.php?href=https%3A%2F%2Fwww.simpleplan.cz%2Fcz%2Findex.php%2Fkapela%2Fdiskografie%2Feverytime%2F&amp;layout=standard&amp;show-faces=false&amp;width=450&amp;action=like&amp;colorscheme=light\" scrolling=\"no\" frameborder=\"0\" allowTransparency=\"true\" style=\"border:none; overflow:hidden; width:450px; height:26px\"><\/iframe><\/div>\n","protected":false},"excerpt":{"rendered":"<p>Z\u00e1kladn\u00ed info Album: Still Not Getting Any Auto\u0159i textu: Pierre Bouvier, Chuck Comeau Dodate\u010dn\u00e1 spolupr\u00e1ce:<\/p>\n","protected":false},"author":5,"featured_media":0,"parent":5273,"menu_order":0,"comment_status":"open","ping_status":"open","template":"page-templates\/full-width.php","meta":{"footnotes":""},"yoast_head":"<!-- This site is optimized with the Yoast SEO plugin v20.9 - https:\/\/yoast.com\/wordpress\/plugins\/seo\/ -->\n<title>Everytime | CZ: SimplePlan.cz<\/title>\n<meta name=\"robots\" content=\"index, follow, max-snippet:-1, max-image-preview:large, max-video-preview:-1\" \/>\n<link rel=\"canonical\" href=\"https:\/\/www.simpleplan.cz\/cz\/index.php\/kapela\/diskografie\/everytime\/\" \/>\n<meta property=\"og:locale\" content=\"cs_CZ\" \/>\n<meta property=\"og:type\" content=\"article\" \/>\n<meta property=\"og:title\" content=\"Everytime | CZ: SimplePlan.cz\" \/>\n<meta property=\"og:description\" content=\"Z\u00e1kladn\u00ed info Album: Still Not Getting Any Auto\u0159i textu: Pierre Bouvier, Chuck Comeau Dodate\u010dn\u00e1 spolupr\u00e1ce:\" \/>\n<meta property=\"og:url\" content=\"https:\/\/www.simpleplan.cz\/cz\/index.php\/kapela\/diskografie\/everytime\/\" \/>\n<meta property=\"og:site_name\" content=\"CZ: SimplePlan.cz\" \/>\n<meta property=\"article:publisher\" content=\"http:\/\/www.facebook.com\/simpleplancz\" \/>\n<meta property=\"article:modified_time\" content=\"2023-06-26T07:29:56+00:00\" \/>\n<meta property=\"og:image\" content=\"http:\/\/www.simpleplan.cz\/cz\/wp-content\/uploads\/logo.gif\" \/>\n<meta name=\"twitter:card\" content=\"summary_large_image\" \/>\n<meta name=\"twitter:site\" content=\"@simpleplancz\" \/>\n<meta name=\"twitter:label1\" content=\"Odhadovan\u00e1 doba \u010dten\u00ed\" \/>\n\t<meta name=\"twitter:data1\" content=\"3 minuty\" \/>\n<script type=\"application\/ld+json\" class=\"yoast-schema-graph\">{\"@context\":\"https:\/\/schema.org\",\"@graph\":[{\"@type\":\"WebPage\",\"@id\":\"https:\/\/www.simpleplan.cz\/cz\/index.php\/kapela\/diskografie\/everytime\/\",\"url\":\"https:\/\/www.simpleplan.cz\/cz\/index.php\/kapela\/diskografie\/everytime\/\",\"name\":\"Everytime | CZ: SimplePlan.cz\",\"isPartOf\":{\"@id\":\"https:\/\/www.simpleplan.cz\/cz\/#website\"},\"datePublished\":\"2012-10-01T18:32:02+00:00\",\"dateModified\":\"2023-06-26T07:29:56+00:00\",\"breadcrumb\":{\"@id\":\"https:\/\/www.simpleplan.cz\/cz\/index.php\/kapela\/diskografie\/everytime\/#breadcrumb\"},\"inLanguage\":\"cs\",\"potentialAction\":[{\"@type\":\"ReadAction\",\"target\":[\"https:\/\/www.simpleplan.cz\/cz\/index.php\/kapela\/diskografie\/everytime\/\"]}]},{\"@type\":\"BreadcrumbList\",\"@id\":\"https:\/\/www.simpleplan.cz\/cz\/index.php\/kapela\/diskografie\/everytime\/#breadcrumb\",\"itemListElement\":[{\"@type\":\"ListItem\",\"position\":1,\"name\":\"Dom\u016f\",\"item\":\"https:\/\/www.simpleplan.cz\/cz\/\"},{\"@type\":\"ListItem\",\"position\":2,\"name\":\"Kapela\",\"item\":\"https:\/\/www.simpleplan.cz\/cz\/index.php\/kapela\/\"},{\"@type\":\"ListItem\",\"position\":3,\"name\":\"Diskografie\",\"item\":\"https:\/\/www.simpleplan.cz\/cz\/index.php\/kapela\/diskografie\/\"},{\"@type\":\"ListItem\",\"position\":4,\"name\":\"Everytime\"}]},{\"@type\":\"WebSite\",\"@id\":\"https:\/\/www.simpleplan.cz\/cz\/#website\",\"url\":\"https:\/\/www.simpleplan.cz\/cz\/\",\"name\":\"CZ: SimplePlan.cz\",\"description\":\"Nejlep\u0161\u00ed zdroj informac\u00ed o kapele Simple Plan\",\"publisher\":{\"@id\":\"https:\/\/www.simpleplan.cz\/cz\/#organization\"},\"potentialAction\":[{\"@type\":\"SearchAction\",\"target\":{\"@type\":\"EntryPoint\",\"urlTemplate\":\"https:\/\/www.simpleplan.cz\/cz\/?s={search_term_string}\"},\"query-input\":\"required name=search_term_string\"}],\"inLanguage\":\"cs\"},{\"@type\":\"Organization\",\"@id\":\"https:\/\/www.simpleplan.cz\/cz\/#organization\",\"name\":\"CZ: SimplePlan.cz\",\"url\":\"https:\/\/www.simpleplan.cz\/cz\/\",\"logo\":{\"@type\":\"ImageObject\",\"inLanguage\":\"cs\",\"@id\":\"https:\/\/www.simpleplan.cz\/cz\/#\/schema\/logo\/image\/\",\"url\":\"https:\/\/www.simpleplan.cz\/cz\/wp-content\/uploads\/spczlogo.png\",\"contentUrl\":\"https:\/\/www.simpleplan.cz\/cz\/wp-content\/uploads\/spczlogo.png\",\"width\":250,\"height\":190,\"caption\":\"CZ: SimplePlan.cz\"},\"image\":{\"@id\":\"https:\/\/www.simpleplan.cz\/cz\/#\/schema\/logo\/image\/\"},\"sameAs\":[\"http:\/\/www.facebook.com\/simpleplancz\",\"https:\/\/twitter.com\/simpleplancz\",\"http:\/\/www.instagram.com\/simpleplancz\",\"http:\/\/www.youtube.com\/simpleplancz\"]}]}<\/script>\n<!-- \/ Yoast SEO plugin. -->","yoast_head_json":{"title":"Everytime | CZ: SimplePlan.cz","robots":{"index":"index","follow":"follow","max-snippet":"max-snippet:-1","max-image-preview":"max-image-preview:large","max-video-preview":"max-video-preview:-1"},"canonical":"https:\/\/www.simpleplan.cz\/cz\/index.php\/kapela\/diskografie\/everytime\/","og_locale":"cs_CZ","og_type":"article","og_title":"Everytime | CZ: SimplePlan.cz","og_description":"Z\u00e1kladn\u00ed info Album: Still Not Getting Any Auto\u0159i textu: Pierre Bouvier, Chuck Comeau Dodate\u010dn\u00e1 spolupr\u00e1ce:","og_url":"https:\/\/www.simpleplan.cz\/cz\/index.php\/kapela\/diskografie\/everytime\/","og_site_name":"CZ: SimplePlan.cz","article_publisher":"http:\/\/www.facebook.com\/simpleplancz","article_modified_time":"2023-06-26T07:29:56+00:00","og_image":[{"url":"http:\/\/www.simpleplan.cz\/cz\/wp-content\/uploads\/logo.gif"}],"twitter_card":"summary_large_image","twitter_site":"@simpleplancz","twitter_misc":{"Odhadovan\u00e1 doba \u010dten\u00ed":"3 minuty"},"schema":{"@context":"https:\/\/schema.org","@graph":[{"@type":"WebPage","@id":"https:\/\/www.simpleplan.cz\/cz\/index.php\/kapela\/diskografie\/everytime\/","url":"https:\/\/www.simpleplan.cz\/cz\/index.php\/kapela\/diskografie\/everytime\/","name":"Everytime | CZ: SimplePlan.cz","isPartOf":{"@id":"https:\/\/www.simpleplan.cz\/cz\/#website"},"datePublished":"2012-10-01T18:32:02+00:00","dateModified":"2023-06-26T07:29:56+00:00","breadcrumb":{"@id":"https:\/\/www.simpleplan.cz\/cz\/index.php\/kapela\/diskografie\/everytime\/#breadcrumb"},"inLanguage":"cs","potentialAction":[{"@type":"ReadAction","target":["https:\/\/www.simpleplan.cz\/cz\/index.php\/kapela\/diskografie\/everytime\/"]}]},{"@type":"BreadcrumbList","@id":"https:\/\/www.simpleplan.cz\/cz\/index.php\/kapela\/diskografie\/everytime\/#breadcrumb","itemListElement":[{"@type":"ListItem","position":1,"name":"Dom\u016f","item":"https:\/\/www.simpleplan.cz\/cz\/"},{"@type":"ListItem","position":2,"name":"Kapela","item":"https:\/\/www.simpleplan.cz\/cz\/index.php\/kapela\/"},{"@type":"ListItem","position":3,"name":"Diskografie","item":"https:\/\/www.simpleplan.cz\/cz\/index.php\/kapela\/diskografie\/"},{"@type":"ListItem","position":4,"name":"Everytime"}]},{"@type":"WebSite","@id":"https:\/\/www.simpleplan.cz\/cz\/#website","url":"https:\/\/www.simpleplan.cz\/cz\/","name":"CZ: SimplePlan.cz","description":"Nejlep\u0161\u00ed zdroj informac\u00ed o kapele Simple Plan","publisher":{"@id":"https:\/\/www.simpleplan.cz\/cz\/#organization"},"potentialAction":[{"@type":"SearchAction","target":{"@type":"EntryPoint","urlTemplate":"https:\/\/www.simpleplan.cz\/cz\/?s={search_term_string}"},"query-input":"required name=search_term_string"}],"inLanguage":"cs"},{"@type":"Organization","@id":"https:\/\/www.simpleplan.cz\/cz\/#organization","name":"CZ: SimplePlan.cz","url":"https:\/\/www.simpleplan.cz\/cz\/","logo":{"@type":"ImageObject","inLanguage":"cs","@id":"https:\/\/www.simpleplan.cz\/cz\/#\/schema\/logo\/image\/","url":"https:\/\/www.simpleplan.cz\/cz\/wp-content\/uploads\/spczlogo.png","contentUrl":"https:\/\/www.simpleplan.cz\/cz\/wp-content\/uploads\/spczlogo.png","width":250,"height":190,"caption":"CZ: SimplePlan.cz"},"image":{"@id":"https:\/\/www.simpleplan.cz\/cz\/#\/schema\/logo\/image\/"},"sameAs":["http:\/\/www.facebook.com\/simpleplancz","https:\/\/twitter.com\/simpleplancz","http:\/\/www.instagram.com\/simpleplancz","http:\/\/www.youtube.com\/simpleplancz"]}]}},"_links":{"self":[{"href":"https:\/\/www.simpleplan.cz\/cz\/index.php\/wp-json\/wp\/v2\/pages\/11408"}],"collection":[{"href":"https:\/\/www.simpleplan.cz\/cz\/index.php\/wp-json\/wp\/v2\/pages"}],"about":[{"href":"https:\/\/www.simpleplan.cz\/cz\/index.php\/wp-json\/wp\/v2\/types\/page"}],"author":[{"embeddable":true,"href":"https:\/\/www.simpleplan.cz\/cz\/index.php\/wp-json\/wp\/v2\/users\/5"}],"replies":[{"embeddable":true,"href":"https:\/\/www.simpleplan.cz\/cz\/index.php\/wp-json\/wp\/v2\/comments?post=11408"}],"version-history":[{"count":5,"href":"https:\/\/www.simpleplan.cz\/cz\/index.php\/wp-json\/wp\/v2\/pages\/11408\/revisions"}],"predecessor-version":[{"id":23246,"href":"https:\/\/www.simpleplan.cz\/cz\/index.php\/wp-json\/wp\/v2\/pages\/11408\/revisions\/23246"}],"up":[{"embeddable":true,"href":"https:\/\/www.simpleplan.cz\/cz\/index.php\/wp-json\/wp\/v2\/pages\/5273"}],"wp:attachment":[{"href":"https:\/\/www.simpleplan.cz\/cz\/index.php\/wp-json\/wp\/v2\/media?parent=11408"}],"curies":[{"name":"wp","href":"https:\/\/api.w.org\/{rel}","templated":true}]}}