{"id":11414,"date":"2012-10-01T21:09:24","date_gmt":"2012-10-01T19:09:24","guid":{"rendered":"http:\/\/www.simpleplan.cz\/cz\/?page_id=11414"},"modified":"2023-06-26T09:29:58","modified_gmt":"2023-06-26T07:29:58","slug":"you-suck-at-love","status":"publish","type":"page","link":"https:\/\/www.simpleplan.cz\/cz\/index.php\/kapela\/diskografie\/you-suck-at-love\/","title":{"rendered":"You Suck At Love"},"content":{"rendered":"<div class=\"pagecontent\">\n<div class=\"girls\"><b><u>Z\u00e1kladn\u00ed info<\/u><\/b><\/div>\n<p><b>Album:<\/b> Get Your Heart On!<br \/>\n<b>Auto\u0159i textu:<\/b> Pierre Bouvier, Chuck Comeau, Matt Squire<br \/>\n<b>Dodate\u010dn\u00e1 spolupr\u00e1ce:<\/b> Brian Howes (produkce), SP studio crew (skupinov\u00e9 vok\u00e1ly)<br \/>\n<b>D\u00e9lka p\u00edsn\u011b:<\/b> 3:11<\/p>\n<div class=\"girls\"><b><u>V\u00fdznam p\u00edsn\u011b<\/u><\/b><\/div>\n<p>You Suck At Love byla prvn\u00ed p\u00edsn\u00ed, kterou se Simple Plan rozhodli schovat si pro album &#8222;Get Your Heart On!&#8220;. O v\u00fdznamu t\u00e9to p\u00edsn\u011b se Pierre vyj\u00e1d\u0159il takto:<\/p>\n<blockquote><p><i>&#8222;Je to p\u00edse\u0148 o tom, kdy\u017e se zbl\u00e1zn\u00edte do n\u011bjak\u00e9ho \u010dlov\u011bka z t\u011bch nespr\u00e1vn\u00fdch d\u016fvod\u016f a a\u017e pozd\u011bji si uv\u011bdom\u00edte, \u017ee jste d\u00edky n\u011bmu z\u00edskali spoustu v\u011bc\u00ed, ale l\u00e1ska mezi nimi nebyla.&#8220;<\/i><br \/>\n<center>&#8211; Pierre Bouvier &#8211;<\/center><\/p><\/blockquote>\n<div class=\"girls\"><b><u>Text p\u00edsn\u011b<\/u><\/b><\/div>\n<p><center><br \/>\nWe started off incredible<br \/>\nConnection undeniable<br \/>\nI swear I thought you were the one forever (forever)<br \/>\nBut your love was like a loaded gun<br \/>\nYou shot me down like everyone<br \/>\nCause everyone\u2019s replaceable<br \/>\nWhen you\u2019re just so incapable<br \/>\nOf getting past skin deep<\/center><\/p>\n<p><center>Guess what, another game over<br \/>\nI got burned but you\u2019re the real loser (hey!)<br \/>\nI don\u2019t know why (hey!)<br \/>\nI\u2019ve wasted my time with you <\/center><\/p>\n<p><center>You\u2019re bad news, a history repeater<br \/>\nYou can\u2019t trust a serial cheater<br \/>\nYou\u2019re good at hooking up but you suck at love<\/center><\/p>\n<p><center>You played me like an amateur<br \/>\nthen stabbed me like a murderer<br \/>\nI\u2019m left for dead, another one of your victims<br \/>\nIt\u2019s not like you\u2019re unpredictable<br \/>\nBut your act is so believable<br \/>\nI know it\u2019s nothing personal<br \/>\nIt\u2019s just business as usual<br \/>\nYou\u2019re good at what you do<\/center><\/p>\n<p><center>Guess what, another game over<br \/>\nI got burned but you\u2019re the real loser (hey!)<br \/>\nI don\u2019t know why (hey!)<br \/>\nI\u2019ve wasted my time with you <\/center><\/p>\n<p><center>You\u2019re bad news, a history repeater<br \/>\nYou can\u2019t trust a serial cheater<br \/>\nYou\u2019re good at hooking up but you suck at love<\/center><\/p>\n<p><center>Now I kinda feel bad for you<br \/>\nYou\u2019re never gonna know<br \/>\nWhat it\u2019s like to have someone to turn to<br \/>\nAnother day, another bed<br \/>\nIt\u2019s just a game inside your head<\/center><\/p>\n<p><center>Guess what, another game over<br \/>\nI got burned but you\u2019re the real loser (hey!)<br \/>\nI don\u2019t know why (hey!)<br \/>\nI\u2019ve wasted my time with you <\/center><\/p>\n<p><center>You\u2019re bad news, a history repeater<br \/>\nYou can\u2019t trust a serial cheater<br \/>\nYou\u2019re good at hooking up but you suck at love<\/center><\/p>\n<p><center>Guess what, another game over<br \/>\nI got burned but you\u2019re the real loser (hey!)<br \/>\nI don\u2019t know why (hey!)<br \/>\nI\u2019ve wasted my time with you <\/center><\/p>\n<p><center>You\u2019re bad news, a history repeater<br \/>\nYou can\u2019t trust a serial cheater<br \/>\nYou\u2019re good at hooking up<br \/>\n(You\u2019re good at hooking up)<br \/>\nYou messed this whole thing up<br \/>\n(You messed this whole thing up)<br \/>\nYou were such an awesome fuck<br \/>\nBut you suck at love<br \/>\nYou suck at love<br \/>\n<\/center><\/p>\n<div class=\"girls\"><b><u>\u010cesk\u00fd p\u0159eklad<\/u><\/b><\/div>\n<p><center><br \/>\nZa\u010dali jsme neuv\u011b\u0159iteln\u011b<br \/>\nSpojen\u00ed mezi n\u00e1mi bylo nesporn\u00e9<br \/>\nP\u0159\u00edsah\u00e1m, \u017ee jsem si myslel, \u017ee jsi ta, se kterou budu nav\u017edy (nav\u017edy)<br \/>\nAle tv\u00e1 l\u00e1ska byla jako nabit\u00e1 zbra\u0148<br \/>\nZast\u0159elilas&#8216; m\u011b jako ka\u017ed\u00e9ho jin\u00e9ho<br \/>\nProto\u017ee ka\u017ed\u00fd je nahraditeln\u00fd<br \/>\nKdy\u017e jsi tak hrozn\u011b neschopn\u00e1<br \/>\nSe s n\u011bk\u00fdm sbl\u00ed\u017eit<\/center><\/p>\n<p><center>H\u00e1dej co, dal\u0161\u00ed hra je u konce<br \/>\nSp\u00e1lil jsem se, ale to ty jsi ten ztroskotanec (hey!)<br \/>\nNev\u00edm pro\u010d (hey!)<br \/>\nJsem s tebou ztr\u00e1cel \u010das<\/center><\/p>\n<p><center>Jsi jako \u0161patn\u00e9 zpr\u00e1vy, jako ten, kdo r\u00e1d opakuje minulost<br \/>\n\u010clov\u011bk nem\u016f\u017ee d\u016fv\u011b\u0159ovat n\u011bkomu, kdo opakovan\u011b podv\u00e1d\u00ed<br \/>\nJsi dobr\u00e1 na p\u0159\u00edle\u017eitostn\u00e9 povyra\u017een\u00ed, ale v l\u00e1sce nestoj\u00ed\u0161 za nic<\/center><\/p>\n<p><center>Hr\u00e1la jsi to na m\u011b jako amat\u00e9r<br \/>\nPotom jsi m\u011b pobodala jako vrah<br \/>\nNechalas&#8216; m\u011b napospas smrti, jako dal\u0161\u00ed z tv\u00fdch ob\u011bt\u00ed<br \/>\nNen\u00ed to tak, \u017ee bys byla nep\u0159edv\u00eddateln\u00e1<br \/>\nAle to, jak to hraje\u0161, je tak v\u011brohodn\u00e9<br \/>\nV\u00edm, \u017ee to nen\u00ed nic osobn\u00edho<br \/>\nJe to pr\u00e1ce jako ka\u017ed\u00e1 jin\u00e1<br \/>\nJsi dobr\u00e1 v tom, co d\u011bl\u00e1\u0161<\/center><\/p>\n<p><center>H\u00e1dej co, dal\u0161\u00ed hra je u konce<br \/>\nSp\u00e1lil jsem se, ale to ty jsi ten ztroskotanec (hey!)<br \/>\nNev\u00edm pro\u010d (hey!)<br \/>\nJsem s tebou ztr\u00e1cel \u010das<\/center><\/p>\n<p><center>Jsi jako \u0161patn\u00e9 zpr\u00e1vy, jako ten, kdo r\u00e1d opakuje minulost<br \/>\n\u010clov\u011bk nem\u016f\u017ee d\u016fv\u011b\u0159ovat n\u011bkomu, kdo opakovan\u011b podv\u00e1d\u00ed<br \/>\nJsi dobr\u00e1 na p\u0159\u00edle\u017eitostn\u00e9 povyra\u017een\u00ed, ale v l\u00e1sce nestoj\u00ed\u0161 za nic<\/center><\/p>\n<p><center>Te\u010f je mi t\u011b ale trochu l\u00edto<br \/>\nNikdy nepozn\u00e1\u0161<br \/>\nJak\u00e9 to je m\u00edt vedle sebe n\u011bkoho, na koho se m\u016f\u017ee\u0161 obr\u00e1tit<br \/>\nDal\u0161\u00ed den, dal\u0161\u00ed postel<br \/>\nJe to jen hra ve tv\u00e9 hlav\u011b<\/center><\/p>\n<p><center>H\u00e1dej co, dal\u0161\u00ed hra je u konce<br \/>\nSp\u00e1lil jsem se, ale to ty jsi ten ztroskotanec (hey!)<br \/>\nNev\u00edm pro\u010d (hey!)<br \/>\nJsem s tebou ztr\u00e1cel \u010das<\/center><\/p>\n<p><center>Jsi jako \u0161patn\u00e9 zpr\u00e1vy, jako ten, kdo r\u00e1d opakuje minulost<br \/>\n\u010clov\u011bk nem\u016f\u017ee d\u016fv\u011b\u0159ovat n\u011bkomu, kdo opakovan\u011b podv\u00e1d\u00ed<br \/>\nJsi dobr\u00e1 na p\u0159\u00edle\u017eitostn\u00e9 povyra\u017een\u00ed, ale v l\u00e1sce nestoj\u00ed\u0161 za nic<\/center><\/p>\n<p><center>H\u00e1dej co, dal\u0161\u00ed hra je u konce<br \/>\nSp\u00e1lil jsem se, ale to ty jsi ten ztroskotanec (hey!)<br \/>\nNev\u00edm pro\u010d (hey!)<br \/>\nJsem s tebou ztr\u00e1cel \u010das<\/center><\/p>\n<p><center>Jsi jako \u0161patn\u00e9 zpr\u00e1vy, jako ten, kdo r\u00e1d opakuje minulost<br \/>\n\u010clov\u011bk nem\u016f\u017ee d\u016fv\u011b\u0159ovat n\u011bkomu, kdo opakovan\u011b podv\u00e1d\u00ed<br \/>\nJsi dobr\u00e1 na p\u0159\u00edle\u017eitostn\u00e9 povyra\u017een\u00ed<br \/>\n(Jsi dobr\u00e1 na p\u0159\u00edle\u017eitostn\u00e9 povyra\u017een\u00ed)<br \/>\nCel\u00e9 jsi to zbabrala<br \/>\n(Cel\u00e9 jsi to zbabrala)<br \/>\nByla jsi tak dobr\u00e1 v posteli<br \/>\nAle v l\u00e1sce nestoj\u00ed\u0161 za nic<br \/>\nV l\u00e1sce nestoj\u00ed\u0161 za nic<br \/>\n<\/center><\/p>\n<\/div>\n<div class=\"fblikebutton_button\" style=\"float: left; padding-top: 20px; margin-right: 20px; padding-bottom: 20px; padding-left: 20px;\"><iframe src=\"http:\/\/www.facebook.com\/plugins\/like.php?href=https%3A%2F%2Fwww.simpleplan.cz%2Fcz%2Findex.php%2Fkapela%2Fdiskografie%2Fyou-suck-at-love%2F&amp;layout=standard&amp;show-faces=false&amp;width=450&amp;action=like&amp;colorscheme=light\" scrolling=\"no\" frameborder=\"0\" allowTransparency=\"true\" style=\"border:none; overflow:hidden; width:450px; height:26px\"><\/iframe><\/div>\n","protected":false},"excerpt":{"rendered":"<p>Z\u00e1kladn\u00ed info Album: Get Your Heart On! Auto\u0159i textu: Pierre Bouvier, Chuck Comeau, Matt Squire<\/p>\n","protected":false},"author":5,"featured_media":0,"parent":5273,"menu_order":0,"comment_status":"open","ping_status":"open","template":"page-templates\/full-width.php","meta":{"footnotes":""},"yoast_head":"<!-- This site is optimized with the Yoast SEO plugin v20.9 - https:\/\/yoast.com\/wordpress\/plugins\/seo\/ -->\n<title>You Suck At Love | CZ: SimplePlan.cz<\/title>\n<meta name=\"robots\" content=\"index, follow, max-snippet:-1, max-image-preview:large, max-video-preview:-1\" \/>\n<link rel=\"canonical\" href=\"https:\/\/www.simpleplan.cz\/cz\/index.php\/kapela\/diskografie\/you-suck-at-love\/\" \/>\n<meta property=\"og:locale\" content=\"cs_CZ\" \/>\n<meta property=\"og:type\" content=\"article\" \/>\n<meta property=\"og:title\" content=\"You Suck At Love | CZ: SimplePlan.cz\" \/>\n<meta property=\"og:description\" content=\"Z\u00e1kladn\u00ed info Album: Get Your Heart On! Auto\u0159i textu: Pierre Bouvier, Chuck Comeau, Matt Squire\" \/>\n<meta property=\"og:url\" content=\"https:\/\/www.simpleplan.cz\/cz\/index.php\/kapela\/diskografie\/you-suck-at-love\/\" \/>\n<meta property=\"og:site_name\" content=\"CZ: SimplePlan.cz\" \/>\n<meta property=\"article:publisher\" content=\"http:\/\/www.facebook.com\/simpleplancz\" \/>\n<meta property=\"article:modified_time\" content=\"2023-06-26T07:29:58+00:00\" \/>\n<meta property=\"og:image\" content=\"http:\/\/www.simpleplan.cz\/cz\/wp-content\/uploads\/logo.gif\" \/>\n<meta name=\"twitter:card\" content=\"summary_large_image\" \/>\n<meta name=\"twitter:site\" content=\"@simpleplancz\" \/>\n<meta name=\"twitter:label1\" content=\"Odhadovan\u00e1 doba \u010dten\u00ed\" \/>\n\t<meta name=\"twitter:data1\" content=\"5 minut\" \/>\n<script type=\"application\/ld+json\" class=\"yoast-schema-graph\">{\"@context\":\"https:\/\/schema.org\",\"@graph\":[{\"@type\":\"WebPage\",\"@id\":\"https:\/\/www.simpleplan.cz\/cz\/index.php\/kapela\/diskografie\/you-suck-at-love\/\",\"url\":\"https:\/\/www.simpleplan.cz\/cz\/index.php\/kapela\/diskografie\/you-suck-at-love\/\",\"name\":\"You Suck At Love | CZ: SimplePlan.cz\",\"isPartOf\":{\"@id\":\"https:\/\/www.simpleplan.cz\/cz\/#website\"},\"datePublished\":\"2012-10-01T19:09:24+00:00\",\"dateModified\":\"2023-06-26T07:29:58+00:00\",\"breadcrumb\":{\"@id\":\"https:\/\/www.simpleplan.cz\/cz\/index.php\/kapela\/diskografie\/you-suck-at-love\/#breadcrumb\"},\"inLanguage\":\"cs\",\"potentialAction\":[{\"@type\":\"ReadAction\",\"target\":[\"https:\/\/www.simpleplan.cz\/cz\/index.php\/kapela\/diskografie\/you-suck-at-love\/\"]}]},{\"@type\":\"BreadcrumbList\",\"@id\":\"https:\/\/www.simpleplan.cz\/cz\/index.php\/kapela\/diskografie\/you-suck-at-love\/#breadcrumb\",\"itemListElement\":[{\"@type\":\"ListItem\",\"position\":1,\"name\":\"Dom\u016f\",\"item\":\"https:\/\/www.simpleplan.cz\/cz\/\"},{\"@type\":\"ListItem\",\"position\":2,\"name\":\"Kapela\",\"item\":\"https:\/\/www.simpleplan.cz\/cz\/index.php\/kapela\/\"},{\"@type\":\"ListItem\",\"position\":3,\"name\":\"Diskografie\",\"item\":\"https:\/\/www.simpleplan.cz\/cz\/index.php\/kapela\/diskografie\/\"},{\"@type\":\"ListItem\",\"position\":4,\"name\":\"You Suck At Love\"}]},{\"@type\":\"WebSite\",\"@id\":\"https:\/\/www.simpleplan.cz\/cz\/#website\",\"url\":\"https:\/\/www.simpleplan.cz\/cz\/\",\"name\":\"CZ: SimplePlan.cz\",\"description\":\"Nejlep\u0161\u00ed zdroj informac\u00ed o kapele Simple Plan\",\"publisher\":{\"@id\":\"https:\/\/www.simpleplan.cz\/cz\/#organization\"},\"potentialAction\":[{\"@type\":\"SearchAction\",\"target\":{\"@type\":\"EntryPoint\",\"urlTemplate\":\"https:\/\/www.simpleplan.cz\/cz\/?s={search_term_string}\"},\"query-input\":\"required name=search_term_string\"}],\"inLanguage\":\"cs\"},{\"@type\":\"Organization\",\"@id\":\"https:\/\/www.simpleplan.cz\/cz\/#organization\",\"name\":\"CZ: SimplePlan.cz\",\"url\":\"https:\/\/www.simpleplan.cz\/cz\/\",\"logo\":{\"@type\":\"ImageObject\",\"inLanguage\":\"cs\",\"@id\":\"https:\/\/www.simpleplan.cz\/cz\/#\/schema\/logo\/image\/\",\"url\":\"https:\/\/www.simpleplan.cz\/cz\/wp-content\/uploads\/spczlogo.png\",\"contentUrl\":\"https:\/\/www.simpleplan.cz\/cz\/wp-content\/uploads\/spczlogo.png\",\"width\":250,\"height\":190,\"caption\":\"CZ: SimplePlan.cz\"},\"image\":{\"@id\":\"https:\/\/www.simpleplan.cz\/cz\/#\/schema\/logo\/image\/\"},\"sameAs\":[\"http:\/\/www.facebook.com\/simpleplancz\",\"https:\/\/twitter.com\/simpleplancz\",\"http:\/\/www.instagram.com\/simpleplancz\",\"http:\/\/www.youtube.com\/simpleplancz\"]}]}<\/script>\n<!-- \/ Yoast SEO plugin. -->","yoast_head_json":{"title":"You Suck At Love | CZ: SimplePlan.cz","robots":{"index":"index","follow":"follow","max-snippet":"max-snippet:-1","max-image-preview":"max-image-preview:large","max-video-preview":"max-video-preview:-1"},"canonical":"https:\/\/www.simpleplan.cz\/cz\/index.php\/kapela\/diskografie\/you-suck-at-love\/","og_locale":"cs_CZ","og_type":"article","og_title":"You Suck At Love | CZ: SimplePlan.cz","og_description":"Z\u00e1kladn\u00ed info Album: Get Your Heart On! Auto\u0159i textu: Pierre Bouvier, Chuck Comeau, Matt Squire","og_url":"https:\/\/www.simpleplan.cz\/cz\/index.php\/kapela\/diskografie\/you-suck-at-love\/","og_site_name":"CZ: SimplePlan.cz","article_publisher":"http:\/\/www.facebook.com\/simpleplancz","article_modified_time":"2023-06-26T07:29:58+00:00","og_image":[{"url":"http:\/\/www.simpleplan.cz\/cz\/wp-content\/uploads\/logo.gif"}],"twitter_card":"summary_large_image","twitter_site":"@simpleplancz","twitter_misc":{"Odhadovan\u00e1 doba \u010dten\u00ed":"5 minut"},"schema":{"@context":"https:\/\/schema.org","@graph":[{"@type":"WebPage","@id":"https:\/\/www.simpleplan.cz\/cz\/index.php\/kapela\/diskografie\/you-suck-at-love\/","url":"https:\/\/www.simpleplan.cz\/cz\/index.php\/kapela\/diskografie\/you-suck-at-love\/","name":"You Suck At Love | CZ: SimplePlan.cz","isPartOf":{"@id":"https:\/\/www.simpleplan.cz\/cz\/#website"},"datePublished":"2012-10-01T19:09:24+00:00","dateModified":"2023-06-26T07:29:58+00:00","breadcrumb":{"@id":"https:\/\/www.simpleplan.cz\/cz\/index.php\/kapela\/diskografie\/you-suck-at-love\/#breadcrumb"},"inLanguage":"cs","potentialAction":[{"@type":"ReadAction","target":["https:\/\/www.simpleplan.cz\/cz\/index.php\/kapela\/diskografie\/you-suck-at-love\/"]}]},{"@type":"BreadcrumbList","@id":"https:\/\/www.simpleplan.cz\/cz\/index.php\/kapela\/diskografie\/you-suck-at-love\/#breadcrumb","itemListElement":[{"@type":"ListItem","position":1,"name":"Dom\u016f","item":"https:\/\/www.simpleplan.cz\/cz\/"},{"@type":"ListItem","position":2,"name":"Kapela","item":"https:\/\/www.simpleplan.cz\/cz\/index.php\/kapela\/"},{"@type":"ListItem","position":3,"name":"Diskografie","item":"https:\/\/www.simpleplan.cz\/cz\/index.php\/kapela\/diskografie\/"},{"@type":"ListItem","position":4,"name":"You Suck At Love"}]},{"@type":"WebSite","@id":"https:\/\/www.simpleplan.cz\/cz\/#website","url":"https:\/\/www.simpleplan.cz\/cz\/","name":"CZ: SimplePlan.cz","description":"Nejlep\u0161\u00ed zdroj informac\u00ed o kapele Simple Plan","publisher":{"@id":"https:\/\/www.simpleplan.cz\/cz\/#organization"},"potentialAction":[{"@type":"SearchAction","target":{"@type":"EntryPoint","urlTemplate":"https:\/\/www.simpleplan.cz\/cz\/?s={search_term_string}"},"query-input":"required name=search_term_string"}],"inLanguage":"cs"},{"@type":"Organization","@id":"https:\/\/www.simpleplan.cz\/cz\/#organization","name":"CZ: SimplePlan.cz","url":"https:\/\/www.simpleplan.cz\/cz\/","logo":{"@type":"ImageObject","inLanguage":"cs","@id":"https:\/\/www.simpleplan.cz\/cz\/#\/schema\/logo\/image\/","url":"https:\/\/www.simpleplan.cz\/cz\/wp-content\/uploads\/spczlogo.png","contentUrl":"https:\/\/www.simpleplan.cz\/cz\/wp-content\/uploads\/spczlogo.png","width":250,"height":190,"caption":"CZ: SimplePlan.cz"},"image":{"@id":"https:\/\/www.simpleplan.cz\/cz\/#\/schema\/logo\/image\/"},"sameAs":["http:\/\/www.facebook.com\/simpleplancz","https:\/\/twitter.com\/simpleplancz","http:\/\/www.instagram.com\/simpleplancz","http:\/\/www.youtube.com\/simpleplancz"]}]}},"_links":{"self":[{"href":"https:\/\/www.simpleplan.cz\/cz\/index.php\/wp-json\/wp\/v2\/pages\/11414"}],"collection":[{"href":"https:\/\/www.simpleplan.cz\/cz\/index.php\/wp-json\/wp\/v2\/pages"}],"about":[{"href":"https:\/\/www.simpleplan.cz\/cz\/index.php\/wp-json\/wp\/v2\/types\/page"}],"author":[{"embeddable":true,"href":"https:\/\/www.simpleplan.cz\/cz\/index.php\/wp-json\/wp\/v2\/users\/5"}],"replies":[{"embeddable":true,"href":"https:\/\/www.simpleplan.cz\/cz\/index.php\/wp-json\/wp\/v2\/comments?post=11414"}],"version-history":[{"count":8,"href":"https:\/\/www.simpleplan.cz\/cz\/index.php\/wp-json\/wp\/v2\/pages\/11414\/revisions"}],"predecessor-version":[{"id":23265,"href":"https:\/\/www.simpleplan.cz\/cz\/index.php\/wp-json\/wp\/v2\/pages\/11414\/revisions\/23265"}],"up":[{"embeddable":true,"href":"https:\/\/www.simpleplan.cz\/cz\/index.php\/wp-json\/wp\/v2\/pages\/5273"}],"wp:attachment":[{"href":"https:\/\/www.simpleplan.cz\/cz\/index.php\/wp-json\/wp\/v2\/media?parent=11414"}],"curies":[{"name":"wp","href":"https:\/\/api.w.org\/{rel}","templated":true}]}}