{"id":11764,"date":"2012-10-31T21:48:13","date_gmt":"2012-10-31T20:48:13","guid":{"rendered":"http:\/\/www.simpleplan.cz\/cz\/?page_id=11764"},"modified":"2023-06-26T09:29:57","modified_gmt":"2023-06-26T07:29:57","slug":"loser-of-the-year","status":"publish","type":"page","link":"https:\/\/www.simpleplan.cz\/cz\/index.php\/kapela\/diskografie\/loser-of-the-year\/","title":{"rendered":"Loser Of The Year"},"content":{"rendered":"<div class=\"pagecontent\">\n<div class=\"girls\"><b><u>Z\u00e1kladn\u00ed info<\/u><\/b><\/div>\n<p><b>Album:<\/b> Get Your Heart On!<br \/>\n<b>Auto\u0159i textu:<\/b> Pierre Bouvier, Chuck Comeau, Claude Kelly<br \/>\n<b>Dodate\u010dn\u00e1 spolupr\u00e1ce:<\/b> Brian Howes (produkce)<br \/>\n<b>D\u00e9lka p\u00edsn\u011b:<\/b> 3:25<\/p>\n<div class=\"girls\"><b><u>V\u00fdznam p\u00edsn\u011b<\/u><\/b><\/div>\n<p>V\u00fdznam Loser Of The Year by se dal shrnout do t\u0159\u00ed slov: sl\u00e1va (nebo pen\u00edze) nen\u00ed v\u0161echno. N\u00ed\u017ee si m\u016f\u017eete p\u0159e\u010d\u00edst, co konkr\u00e9tn\u011b \u0159ekl o t\u00e9to p\u00edsni Pierre:<\/p>\n<blockquote><p><i>&#8222;Hlavn\u00ed my\u0161lenkou, kter\u00e1 za touto p\u00edsn\u00ed stoj\u00ed je v podstat\u011b to, \u017ee <b>\u010dlov\u011bk m\u016f\u017ee m\u00edt spoustu v\u011bc\u00ed: pen\u00edze, auta, \u0161ampa\u0148sk\u00e9, ale pokud nen\u00ed s t\u00edm, koho miluje, nebo nen\u00ed obklopen lidmi, kter\u00e9 miluje, pak je prost\u011b jen smola\u0159<\/b>. Vlastn\u011b se s touto p\u00edsn\u00ed dok\u00e1\u017eu ztoto\u017enit je\u0161t\u011b jin\u00fdm zp\u016fsobem: p\u0159ijde mi, \u017ee na\u0161e kapela, kdyby nem\u011bla v\u00e1s, kdybychom nem\u011bli sv\u00e9 fanou\u0161ky, lidi, co n\u00e1s podporuj\u00ed, bylo by jedno jak moc bychom byli \u00fasp\u011b\u0161n\u00ed, proto\u017ee bychom byli naprost\u00ed smola\u0159i.&#8220;<\/i><br \/>\n<center>&#8211; Pierre Bouvier &#8211;<\/center><\/p><\/blockquote>\n<div class=\"girls\"><b><u>Text p\u00edsn\u011b<\/u><\/b><\/div>\n<p><center><br \/>\nThere&#8217;s a lot of talk about me<br \/>\nPeople lining up to meet me<br \/>\nI&#8217;m on the verge of celebrity<br \/>\nSo what you think about that<\/center><\/p>\n<p><center>I&#8217;ve got friends in high places<br \/>\nLouis Vuitton siutcases<br \/>\nLook at all the pretty faces<br \/>\nSo what you think about that<\/center><\/p>\n<p><center>So why do I feel like it&#8217;s all just a show?<br \/>\nYou make me want to shut it all down<br \/>\nThrow it away<br \/>\nCause I&#8217;m nothing if I don&#8217;t have you<br \/>\nWhat&#8217;s the point in being on top<br \/>\nAll the money in the world<br \/>\nIf I can&#8217;t blow it all on you<\/center><\/p>\n<p><center>So send the cars back<br \/>\nPut the house on the market<br \/>\nAnd my big dreams too<\/center><\/p>\n<p><center>Cause it&#8217;s all so clear<br \/>\nThat without you here<br \/>\nI&#8217;m the loser of the year<\/center><\/p>\n<p><center>I&#8217;m at a party in a mansion<br \/>\nThere&#8217;s a lot of high fashion<br \/>\nAnd I&#8217;m cooler than I&#8217;ve ever been<br \/>\nSo what you think about that?<\/center><\/p>\n<p><center>I&#8217;m living life in the fast lane<br \/>\nI&#8217;ve got a fridge full of champagne<br \/>\nAnd I&#8217;m hanging out with Lil&#8216; Wayne<br \/>\nSo what you think about that?<\/center><\/p>\n<p><center>So why do I feel like it&#8217;s all just a show?<br \/>\nYou make me want to shut it all down<br \/>\nThrow it away<br \/>\nCause I&#8217;m nothing if I don&#8217;t have you<\/center><\/p>\n<p><center>What&#8217;s the point in being on top<br \/>\nAll the money in the world<br \/>\nIf I can&#8217;t blow it all on you<\/center><\/p>\n<p><center>So send the cars back<br \/>\nPut the house on the market<br \/>\nAnd my big dreams too<\/center><\/p>\n<p><center>Cause it&#8217;s all so clear<br \/>\nThat without you here<br \/>\nI&#8217;m the loser of the year<br \/>\n(loser, loser)<br \/>\nI&#8217;m the loser of the year<br \/>\n(loser, loser)<\/center><\/p>\n<p><center>I can try real hard<br \/>\nI can try to pretend<br \/>\nThat all these dreams make any sense<br \/>\nwithout you<br \/>\nBut that just ain&#8217;t true<\/center><\/p>\n<p><center>I thought these things would make me forget<br \/>\nAbout you and me<br \/>\nBut you&#8217;re stuck in my head<br \/>\nI&#8217;m a loser if i lose her<\/center><\/p>\n<p><center>You make me want to shut it all down<br \/>\nThrow it away<br \/>\nCause I&#8217;m nothing if I don&#8217;t have you<br \/>\nWhat&#8217;s the point in being on top<br \/>\nAll the money in the world<br \/>\nIf I can&#8217;t blow it all on you<br \/>\nYou make me want to shut it all down<br \/>\nThrow it away<br \/>\nCause I&#8217;m nothing if i don&#8217;t have you<\/center><\/p>\n<p><center>So send the cars back<br \/>\nPut the house on the market<br \/>\nAnd my big dreams too<\/center><\/p>\n<p><center>Cause it&#8217;s all so clear<br \/>\nThat I need you near<br \/>\nYeah it&#8217;s all so clear<br \/>\nThat without you here<br \/>\nI&#8217;m the loser of the year<br \/>\nloser of the year<br \/>\nI&#8217;m the loser of the year<br \/>\nloser of the year<br \/>\n<\/center><\/p>\n<div class=\"girls\"><b><u>\u010cesk\u00fd p\u0159eklad<\/u><\/b><\/div>\n<p><center><br \/>\nHodn\u011b se o m\u011b mluv\u00ed<br \/>\nLid\u00e9 stoj\u00ed v \u0159ad\u00e1ch, aby se se mnou setkali<br \/>\nJsem na pokraji sl\u00e1vy<br \/>\nTak co si o tom mysl\u00ed\u0161?<\/center><\/p>\n<p><center>M\u00e1m p\u0159\u00e1tele na vysok\u00fdch m\u00edstech<br \/>\nKufry od Louise Vuittona<br \/>\nPod\u00edvej se na v\u0161echny ty kr\u00e1sn\u00e9 tv\u00e1\u0159e<br \/>\nTak co si o tom mysl\u00ed\u0161?<\/center><\/p>\n<p><center>Tak pro\u010d si p\u0159ipad\u00e1m, \u017ee je to v\u0161echno jenom show?<br \/>\nD\u00edky tob\u011b se mi to chce v\u0161echno zabalit<br \/>\nVyhodit ven<br \/>\nProto\u017ee nejsem nic, jestli\u017ee t\u011b nem\u00e1m<br \/>\nK \u010demu je b\u00fdt na vrcholu<br \/>\nA m\u00edt v\u0161echny pen\u00edze sv\u011bta<br \/>\nKdy\u017e to nem\u016f\u017eu sd\u00edlet s tebou?<\/center><\/p>\n<p><center>Tak\u017ee po\u0161lete ta auta pry\u010d<br \/>\nDejte m\u016fj d\u016fm k prodeji<br \/>\nA stejn\u011b tak moje velk\u00e9 sny<\/center><\/p>\n<p><center>Proto\u017ee je to v\u0161echno tak jasn\u00e9<br \/>\nBez tebe tady<br \/>\nJsem jenom smola\u0159 roku<\/center><\/p>\n<p><center>Jsem na p\u00e1rty ve sv\u00e9m s\u00eddle<br \/>\nJe tu spousta slavn\u00e9 m\u00f3dy<br \/>\nA j\u00e1 jsem v\u00edc cool, ne\u017e jsem kdy byl<br \/>\nTak co si o tom mysl\u00ed\u0161?<\/center><\/p>\n<p><center>\u017diju \u017eivot v ru\u0161n\u00e9 ulici<br \/>\nM\u00e1m lednici plnou \u0161ampa\u0148sk\u00e9ho<br \/>\nA kamar\u00e1d\u00edm se s Lil&#8216; Waynem<br \/>\nTak co si o tom mysl\u00ed\u0161?<\/center><\/p>\n<p><center>Tak pro\u010d si p\u0159ipad\u00e1m, \u017ee je to v\u0161echno jenom show?<br \/>\nD\u00edky tob\u011b se mi to chce v\u0161echno zabalit<br \/>\nVyhodit ven<br \/>\nProto\u017ee nejsem nic, jestli\u017ee t\u011b nem\u00e1m<\/center><\/p>\n<p><center>K \u010demu je b\u00fdt na vrcholu<br \/>\nA m\u00edt v\u0161echny pen\u00edze sv\u011bta<br \/>\nKdy\u017e to nem\u016f\u017eu sd\u00edlet s tebou?<\/center><\/p>\n<p><center>Tak\u017ee po\u0161lete ta auta pry\u010d<br \/>\nDejte m\u016fj d\u016fm k prodeji<br \/>\nA stejn\u011b tak moje velk\u00e9 sny<\/center><\/p>\n<p><center>Proto\u017ee je to v\u0161echno tak jasn\u00e9<br \/>\nBez tebe tady<br \/>\nJsem jenom smola\u0159 roku<\/center><\/p>\n<p><center>M\u016f\u017eu se sna\u017eit sebev\u00edc<br \/>\nM\u016f\u017eu se pokusit p\u0159edst\u00edrat<br \/>\n\u017de v\u0161echny tyto sny d\u00e1vaj\u00ed n\u011bjak\u00fd smysl<br \/>\nBez tebe<br \/>\nAle to prost\u011b nen\u00ed pravda<\/center><\/p>\n<p><center>Myslel jsem si, \u017ee mi tyhle v\u011bci pom\u016f\u017eou zapomenout<br \/>\nNa tebe a na m\u011b<br \/>\nAle jsi po\u0159\u00e1d v m\u00e9 hlav\u011b<br \/>\nJsem smola\u0159, jestli j\u00ed ztrat\u00edm<\/center><\/p>\n<p><center>D\u00edky tob\u011b se mi to chce v\u0161echno zabalit<br \/>\nVyhodit ven<br \/>\nProto\u017ee nejsem nic, jestli\u017ee t\u011b nem\u00e1m<br \/>\nK \u010demu je b\u00fdt na vrcholu<br \/>\nA m\u00edt v\u0161echny pen\u00edze sv\u011bta<br \/>\nKdy\u017e to nem\u016f\u017eu sd\u00edlet s tebou?<\/center><\/p>\n<p><center>D\u00edky tob\u011b se mi to chce v\u0161echno zabalit<br \/>\nVyhodit ven<br \/>\nProto\u017ee nejsem nic, jestli\u017ee t\u011b nem\u00e1m<\/center><\/p>\n<p><center>Tak\u017ee po\u0161lete ta auta pry\u010d<br \/>\nDejte m\u016fj d\u016fm k prodeji<br \/>\nA stejn\u011b tak moje velk\u00e9 sny<\/center><\/p>\n<p><center>Proto\u017ee te\u010f je mi to v\u0161echno jasn\u00e9<br \/>\nPot\u0159ebuju t\u011b pobl\u00ed\u017e<br \/>\nAno, je mi to jasn\u00e9<br \/>\nBez tebe tady<br \/>\nJsem jen smola\u0159 roku<br \/>\n<\/center>\n<\/div>\n<div class=\"fblikebutton_button\" style=\"float: left; padding-top: 20px; margin-right: 20px; padding-bottom: 20px; padding-left: 20px;\"><iframe src=\"http:\/\/www.facebook.com\/plugins\/like.php?href=https%3A%2F%2Fwww.simpleplan.cz%2Fcz%2Findex.php%2Fkapela%2Fdiskografie%2Floser-of-the-year%2F&amp;layout=standard&amp;show-faces=false&amp;width=450&amp;action=like&amp;colorscheme=light\" scrolling=\"no\" frameborder=\"0\" allowTransparency=\"true\" style=\"border:none; overflow:hidden; width:450px; height:26px\"><\/iframe><\/div>\n","protected":false},"excerpt":{"rendered":"<p>Z\u00e1kladn\u00ed info Album: Get Your Heart On! Auto\u0159i textu: Pierre Bouvier, Chuck Comeau, Claude Kelly<\/p>\n","protected":false},"author":5,"featured_media":0,"parent":5273,"menu_order":0,"comment_status":"open","ping_status":"open","template":"page-templates\/full-width.php","meta":{"footnotes":""},"yoast_head":"<!-- This site is optimized with the Yoast SEO plugin v20.9 - https:\/\/yoast.com\/wordpress\/plugins\/seo\/ -->\n<title>Loser Of The Year | CZ: SimplePlan.cz<\/title>\n<meta name=\"robots\" content=\"index, follow, max-snippet:-1, max-image-preview:large, max-video-preview:-1\" \/>\n<link rel=\"canonical\" href=\"https:\/\/www.simpleplan.cz\/cz\/index.php\/kapela\/diskografie\/loser-of-the-year\/\" \/>\n<meta property=\"og:locale\" content=\"cs_CZ\" \/>\n<meta property=\"og:type\" content=\"article\" \/>\n<meta property=\"og:title\" content=\"Loser Of The Year | CZ: SimplePlan.cz\" \/>\n<meta property=\"og:description\" content=\"Z\u00e1kladn\u00ed info Album: Get Your Heart On! Auto\u0159i textu: Pierre Bouvier, Chuck Comeau, Claude Kelly\" \/>\n<meta property=\"og:url\" content=\"https:\/\/www.simpleplan.cz\/cz\/index.php\/kapela\/diskografie\/loser-of-the-year\/\" \/>\n<meta property=\"og:site_name\" content=\"CZ: SimplePlan.cz\" \/>\n<meta property=\"article:publisher\" content=\"http:\/\/www.facebook.com\/simpleplancz\" \/>\n<meta property=\"article:modified_time\" content=\"2023-06-26T07:29:57+00:00\" \/>\n<meta property=\"og:image\" content=\"http:\/\/www.simpleplan.cz\/cz\/wp-content\/uploads\/logo.gif\" \/>\n<meta name=\"twitter:card\" content=\"summary_large_image\" \/>\n<meta name=\"twitter:site\" content=\"@simpleplancz\" \/>\n<meta name=\"twitter:label1\" content=\"Odhadovan\u00e1 doba \u010dten\u00ed\" \/>\n\t<meta name=\"twitter:data1\" content=\"5 minut\" \/>\n<script type=\"application\/ld+json\" class=\"yoast-schema-graph\">{\"@context\":\"https:\/\/schema.org\",\"@graph\":[{\"@type\":\"WebPage\",\"@id\":\"https:\/\/www.simpleplan.cz\/cz\/index.php\/kapela\/diskografie\/loser-of-the-year\/\",\"url\":\"https:\/\/www.simpleplan.cz\/cz\/index.php\/kapela\/diskografie\/loser-of-the-year\/\",\"name\":\"Loser Of The Year | CZ: SimplePlan.cz\",\"isPartOf\":{\"@id\":\"https:\/\/www.simpleplan.cz\/cz\/#website\"},\"datePublished\":\"2012-10-31T20:48:13+00:00\",\"dateModified\":\"2023-06-26T07:29:57+00:00\",\"breadcrumb\":{\"@id\":\"https:\/\/www.simpleplan.cz\/cz\/index.php\/kapela\/diskografie\/loser-of-the-year\/#breadcrumb\"},\"inLanguage\":\"cs\",\"potentialAction\":[{\"@type\":\"ReadAction\",\"target\":[\"https:\/\/www.simpleplan.cz\/cz\/index.php\/kapela\/diskografie\/loser-of-the-year\/\"]}]},{\"@type\":\"BreadcrumbList\",\"@id\":\"https:\/\/www.simpleplan.cz\/cz\/index.php\/kapela\/diskografie\/loser-of-the-year\/#breadcrumb\",\"itemListElement\":[{\"@type\":\"ListItem\",\"position\":1,\"name\":\"Dom\u016f\",\"item\":\"https:\/\/www.simpleplan.cz\/cz\/\"},{\"@type\":\"ListItem\",\"position\":2,\"name\":\"Kapela\",\"item\":\"https:\/\/www.simpleplan.cz\/cz\/index.php\/kapela\/\"},{\"@type\":\"ListItem\",\"position\":3,\"name\":\"Diskografie\",\"item\":\"https:\/\/www.simpleplan.cz\/cz\/index.php\/kapela\/diskografie\/\"},{\"@type\":\"ListItem\",\"position\":4,\"name\":\"Loser Of The Year\"}]},{\"@type\":\"WebSite\",\"@id\":\"https:\/\/www.simpleplan.cz\/cz\/#website\",\"url\":\"https:\/\/www.simpleplan.cz\/cz\/\",\"name\":\"CZ: SimplePlan.cz\",\"description\":\"Nejlep\u0161\u00ed zdroj informac\u00ed o kapele Simple Plan\",\"publisher\":{\"@id\":\"https:\/\/www.simpleplan.cz\/cz\/#organization\"},\"potentialAction\":[{\"@type\":\"SearchAction\",\"target\":{\"@type\":\"EntryPoint\",\"urlTemplate\":\"https:\/\/www.simpleplan.cz\/cz\/?s={search_term_string}\"},\"query-input\":\"required name=search_term_string\"}],\"inLanguage\":\"cs\"},{\"@type\":\"Organization\",\"@id\":\"https:\/\/www.simpleplan.cz\/cz\/#organization\",\"name\":\"CZ: SimplePlan.cz\",\"url\":\"https:\/\/www.simpleplan.cz\/cz\/\",\"logo\":{\"@type\":\"ImageObject\",\"inLanguage\":\"cs\",\"@id\":\"https:\/\/www.simpleplan.cz\/cz\/#\/schema\/logo\/image\/\",\"url\":\"https:\/\/www.simpleplan.cz\/cz\/wp-content\/uploads\/spczlogo.png\",\"contentUrl\":\"https:\/\/www.simpleplan.cz\/cz\/wp-content\/uploads\/spczlogo.png\",\"width\":250,\"height\":190,\"caption\":\"CZ: SimplePlan.cz\"},\"image\":{\"@id\":\"https:\/\/www.simpleplan.cz\/cz\/#\/schema\/logo\/image\/\"},\"sameAs\":[\"http:\/\/www.facebook.com\/simpleplancz\",\"https:\/\/twitter.com\/simpleplancz\",\"http:\/\/www.instagram.com\/simpleplancz\",\"http:\/\/www.youtube.com\/simpleplancz\"]}]}<\/script>\n<!-- \/ Yoast SEO plugin. -->","yoast_head_json":{"title":"Loser Of The Year | CZ: SimplePlan.cz","robots":{"index":"index","follow":"follow","max-snippet":"max-snippet:-1","max-image-preview":"max-image-preview:large","max-video-preview":"max-video-preview:-1"},"canonical":"https:\/\/www.simpleplan.cz\/cz\/index.php\/kapela\/diskografie\/loser-of-the-year\/","og_locale":"cs_CZ","og_type":"article","og_title":"Loser Of The Year | CZ: SimplePlan.cz","og_description":"Z\u00e1kladn\u00ed info Album: Get Your Heart On! Auto\u0159i textu: Pierre Bouvier, Chuck Comeau, Claude Kelly","og_url":"https:\/\/www.simpleplan.cz\/cz\/index.php\/kapela\/diskografie\/loser-of-the-year\/","og_site_name":"CZ: SimplePlan.cz","article_publisher":"http:\/\/www.facebook.com\/simpleplancz","article_modified_time":"2023-06-26T07:29:57+00:00","og_image":[{"url":"http:\/\/www.simpleplan.cz\/cz\/wp-content\/uploads\/logo.gif"}],"twitter_card":"summary_large_image","twitter_site":"@simpleplancz","twitter_misc":{"Odhadovan\u00e1 doba \u010dten\u00ed":"5 minut"},"schema":{"@context":"https:\/\/schema.org","@graph":[{"@type":"WebPage","@id":"https:\/\/www.simpleplan.cz\/cz\/index.php\/kapela\/diskografie\/loser-of-the-year\/","url":"https:\/\/www.simpleplan.cz\/cz\/index.php\/kapela\/diskografie\/loser-of-the-year\/","name":"Loser Of The Year | CZ: SimplePlan.cz","isPartOf":{"@id":"https:\/\/www.simpleplan.cz\/cz\/#website"},"datePublished":"2012-10-31T20:48:13+00:00","dateModified":"2023-06-26T07:29:57+00:00","breadcrumb":{"@id":"https:\/\/www.simpleplan.cz\/cz\/index.php\/kapela\/diskografie\/loser-of-the-year\/#breadcrumb"},"inLanguage":"cs","potentialAction":[{"@type":"ReadAction","target":["https:\/\/www.simpleplan.cz\/cz\/index.php\/kapela\/diskografie\/loser-of-the-year\/"]}]},{"@type":"BreadcrumbList","@id":"https:\/\/www.simpleplan.cz\/cz\/index.php\/kapela\/diskografie\/loser-of-the-year\/#breadcrumb","itemListElement":[{"@type":"ListItem","position":1,"name":"Dom\u016f","item":"https:\/\/www.simpleplan.cz\/cz\/"},{"@type":"ListItem","position":2,"name":"Kapela","item":"https:\/\/www.simpleplan.cz\/cz\/index.php\/kapela\/"},{"@type":"ListItem","position":3,"name":"Diskografie","item":"https:\/\/www.simpleplan.cz\/cz\/index.php\/kapela\/diskografie\/"},{"@type":"ListItem","position":4,"name":"Loser Of The Year"}]},{"@type":"WebSite","@id":"https:\/\/www.simpleplan.cz\/cz\/#website","url":"https:\/\/www.simpleplan.cz\/cz\/","name":"CZ: SimplePlan.cz","description":"Nejlep\u0161\u00ed zdroj informac\u00ed o kapele Simple Plan","publisher":{"@id":"https:\/\/www.simpleplan.cz\/cz\/#organization"},"potentialAction":[{"@type":"SearchAction","target":{"@type":"EntryPoint","urlTemplate":"https:\/\/www.simpleplan.cz\/cz\/?s={search_term_string}"},"query-input":"required name=search_term_string"}],"inLanguage":"cs"},{"@type":"Organization","@id":"https:\/\/www.simpleplan.cz\/cz\/#organization","name":"CZ: SimplePlan.cz","url":"https:\/\/www.simpleplan.cz\/cz\/","logo":{"@type":"ImageObject","inLanguage":"cs","@id":"https:\/\/www.simpleplan.cz\/cz\/#\/schema\/logo\/image\/","url":"https:\/\/www.simpleplan.cz\/cz\/wp-content\/uploads\/spczlogo.png","contentUrl":"https:\/\/www.simpleplan.cz\/cz\/wp-content\/uploads\/spczlogo.png","width":250,"height":190,"caption":"CZ: SimplePlan.cz"},"image":{"@id":"https:\/\/www.simpleplan.cz\/cz\/#\/schema\/logo\/image\/"},"sameAs":["http:\/\/www.facebook.com\/simpleplancz","https:\/\/twitter.com\/simpleplancz","http:\/\/www.instagram.com\/simpleplancz","http:\/\/www.youtube.com\/simpleplancz"]}]}},"_links":{"self":[{"href":"https:\/\/www.simpleplan.cz\/cz\/index.php\/wp-json\/wp\/v2\/pages\/11764"}],"collection":[{"href":"https:\/\/www.simpleplan.cz\/cz\/index.php\/wp-json\/wp\/v2\/pages"}],"about":[{"href":"https:\/\/www.simpleplan.cz\/cz\/index.php\/wp-json\/wp\/v2\/types\/page"}],"author":[{"embeddable":true,"href":"https:\/\/www.simpleplan.cz\/cz\/index.php\/wp-json\/wp\/v2\/users\/5"}],"replies":[{"embeddable":true,"href":"https:\/\/www.simpleplan.cz\/cz\/index.php\/wp-json\/wp\/v2\/comments?post=11764"}],"version-history":[{"count":6,"href":"https:\/\/www.simpleplan.cz\/cz\/index.php\/wp-json\/wp\/v2\/pages\/11764\/revisions"}],"predecessor-version":[{"id":23269,"href":"https:\/\/www.simpleplan.cz\/cz\/index.php\/wp-json\/wp\/v2\/pages\/11764\/revisions\/23269"}],"up":[{"embeddable":true,"href":"https:\/\/www.simpleplan.cz\/cz\/index.php\/wp-json\/wp\/v2\/pages\/5273"}],"wp:attachment":[{"href":"https:\/\/www.simpleplan.cz\/cz\/index.php\/wp-json\/wp\/v2\/media?parent=11764"}],"curies":[{"name":"wp","href":"https:\/\/api.w.org\/{rel}","templated":true}]}}