{"id":11781,"date":"2012-11-01T18:32:46","date_gmt":"2012-11-01T17:32:46","guid":{"rendered":"http:\/\/www.simpleplan.cz\/cz\/?page_id=11781"},"modified":"2023-06-26T09:29:56","modified_gmt":"2023-06-26T07:29:56","slug":"anywhere-else-but-here","status":"publish","type":"page","link":"https:\/\/www.simpleplan.cz\/cz\/index.php\/kapela\/diskografie\/anywhere-else-but-here\/","title":{"rendered":"Anywhere Else But Here"},"content":{"rendered":"<div class=\"pagecontent\">\n<div class=\"girls\"><b><u>Z\u00e1kladn\u00ed info<\/u><\/b><\/div>\n<p><b>Album:<\/b> Get Your Heart On!<br \/>\n<b>Auto\u0159i textu:<\/b> Pierre Bouvier, Chuck Comeau, Michael Warren<br \/>\n<b>Dodate\u010dn\u00e1 spolupr\u00e1ce:<\/b> Brian Howes (produkce), SP studio crew (skupinov\u00e9 vok\u00e1ly)<br \/>\n<b>D\u00e9lka p\u00edsn\u011b:<\/b> 3:41<\/p>\n<div class=\"girls\"><b><u>V\u00fdznam p\u00edsn\u011b<\/u><\/b><\/div>\n<p>Anywhere Else But Here popisuje pocity, kter\u00e9 m\u00e1 \u010dlov\u011bk, kter\u00fd chce uniknout denn\u00ed rutin\u011b, kterou nen\u00e1vid\u00ed, a mnohem rad\u011bji by byl voln\u00fd a tr\u00e1vil \u010das na jak\u00e9mkoliv jin\u00e9m m\u00edst\u011b.<\/p>\n<div class=\"girls\"><b><u>Text p\u0159eklad<\/u><\/b><\/div>\n<p><center><br \/>\nI&#8217;m staring at the clock<br \/>\nI&#8217;m wondering why I&#8217;m still here<br \/>\n(yeah)<br \/>\nAnd my head&#8217;s about to pop<br \/>\nThinking that you best stay clear<br \/>\n(yeah)<\/center><\/p>\n<p><center>How did I get stuck<br \/>\nIn this predicament I don&#8217;t know<br \/>\nI wanna throw this repetition<br \/>\nOut the window<br \/>\nI&#8217;m getting tired<br \/>\nOf wondering why I&#8217;m still here<\/center><\/p>\n<p><center>And I wish that I could<br \/>\n(snap my fingers)<br \/>\nMake myself disappear<br \/>\n(snap my fingers)<br \/>\nGet myself outta here<br \/>\n(snap my fingers)<br \/>\n(snap my fingers)<br \/>\nOh oh<\/center><\/p>\n<p><center>I&#8217;d rather be anywhere else<br \/>\nAnywhere else<br \/>\nAnywhere else but here<\/center><\/p>\n<p><center>I&#8217;d rather be anywhere else<br \/>\nAnywhere else<br \/>\nAnywhere else but here<\/center><\/p>\n<p><center>I could be catching a wave<br \/>\nI could be seeing the world<br \/>\nI could be riding with the top-down<br \/>\nKissing my girl<\/center><\/p>\n<p><center>I could be anywhere else<br \/>\nAnywhere else<br \/>\nAnywhere else but here<\/center><\/p>\n<p><center>The sun is coming up<br \/>\nI wanna get out of bed<br \/>\nWell, here we go again<br \/>\nI&#8217;m back to where I began<\/center><\/p>\n<p><center>You can take my checkbook<br \/>\nCredit cards and keep &#8218;em<br \/>\nI&#8217;d give them up just<br \/>\nFor a little bit of freedom<br \/>\nAnd my escape<br \/>\nI&#8217;m planning it in my head<\/center><\/p>\n<p><center>And I wish that I could<br \/>\n(snap my fingers)<br \/>\nMake myself disappear<br \/>\n(snap my fingers)<br \/>\nGet myself outta here<br \/>\n(snap my fingers)<br \/>\n(snap my fingers)<br \/>\nOh oh<\/center><\/p>\n<p><center>I&#8217;d rather be anywhere else<br \/>\nAnywhere else<br \/>\nAnywhere else but here<\/center><\/p>\n<p><center>I&#8217;d rather be anywhere else<br \/>\nAnywhere else<br \/>\nAnywhere else but here<\/center><\/p>\n<p><center>I could be sipping a drink<br \/>\nI could be getting a tan<br \/>\nI could be hanging on a beach<br \/>\nWith my toes in the sand<\/center><\/p>\n<p><center>I could be anywhere else<br \/>\nAnywhere else<br \/>\nAnywhere else but here<\/center><\/p>\n<p><center>No more bus stops<br \/>\nSitting in traffic<br \/>\nWaking up at 6 in the morning<br \/>\nIt ain&#8217;t gonna happen<\/center><\/p>\n<p><center>No more office<br \/>\nNo more line-ups<br \/>\nYou can just forget about it<\/center><\/p>\n<p><center>We want freedom<\/center><\/p>\n<p><center>We want, we want, we want<br \/>\nWe want freedom<\/center><\/p>\n<p><center>We want, we want, we want<\/center><\/p>\n<p><center>I&#8217;d rather be anywhere else<br \/>\nAnywhere else<br \/>\nAnywhere else but here<\/center><\/p>\n<p><center>I&#8217;d rather be anywhere else<br \/>\nAnywhere else<br \/>\nAnywhere else but here<\/center><\/p>\n<p><center>I&#8217;d rather be anywhere else<br \/>\nAnywhere else<br \/>\nAnywhere else but here<\/center><\/p>\n<p><center>I&#8217;d rather be anywhere else<br \/>\nAnywhere else<br \/>\nAnywhere else but here<\/center><\/p>\n<p><center>I could be catching the wave<br \/>\nI could be seeing the world<br \/>\nI could be riding with the top-down<br \/>\nKissing my girl<\/center><\/p>\n<p><center>I could be sleeping in<br \/>\nI could be living it up<br \/>\nI could be sitting at home<br \/>\nNot giving a fuck<\/center><\/p>\n<p><center>I could be anywhere else<br \/>\nAnywhere else<br \/>\nAnywhere else but here<\/center><\/p>\n<p><center>I&#8217;d rather be anywhere else<br \/>\nAnywhere else<br \/>\nAnywhere else but here<br \/>\nAnywhere else but here<br \/>\nAnywhere else but here<br \/>\n<\/center><\/p>\n<div class=\"girls\"><b><u>\u010cesk\u00fd p\u0159eklad<\/u><\/b><\/div>\n<p><center><br \/>\nHled\u00edm na hodiny<br \/>\nUva\u017euju nad t\u00edm, pro\u010d tu po\u0159\u00e1d jsem<br \/>\n(yeah)<br \/>\nA moje hlava se mi div nerozsko\u010d\u00ed<br \/>\nMysl\u00edc\u00ed si, \u017ee je nejlep\u0161\u00ed z\u016fstat \u010dist\u00fd<br \/>\n(yeah)<\/center><\/p>\n<p><center>Jak jsem se jen dostal<br \/>\nDo t\u00e9to nesn\u00e1ze, to nev\u00edm<br \/>\nChci tohle opakov\u00e1n\u00ed<br \/>\nVyhodit ven z okna<br \/>\nU\u017e jsem uvanen\u00fd z toho,<br \/>\nJak po\u0159\u00e1d p\u0159em\u00fd\u0161l\u00edm o tom, pro\u010d jsem je\u0161t\u011b st\u00e1le tady<\/center><\/p>\n<p><center>A p\u0159eju si, abych mohl<br \/>\n(lusknout prsty)<br \/>\nZmizet<br \/>\n(lusknout prsty)<br \/>\nDostat se odtud pry\u010d<br \/>\n(lusknout prsty)<br \/>\n(lusknout prsty)<br \/>\nOh oh<\/center><\/p>\n<p><center>Rad\u011bji bych byl kdekoliv<br \/>\nKdekoliv<br \/>\nKdekoliv, jen ne tady<\/center><\/p>\n<p><center>Rad\u011bji bych byl kdekoliv<br \/>\nKdekoliv<br \/>\nKdekoliv, jen ne tady<\/center><\/p>\n<p><center>Mohl bych chytat vlny<br \/>\nMohl bych cestovat<br \/>\nMohl bych jezdit se sta\u017eenou st\u0159echou<br \/>\nL\u00edbat svoji d\u00edvku<\/center><\/p>\n<p><center>Mohl bych b\u00fdt kdekoliv<br \/>\nKdekoliv<br \/>\nKdekoliv, jen ne tady<\/center><\/p>\n<p><center>Slunce vych\u00e1z\u00ed<br \/>\nA j\u00e1 chci odtud pry\u010d<br \/>\nNo, tady to zase m\u00e1me<br \/>\nJsem zp\u00e1tky tam, kde jsem za\u010dal<\/center><\/p>\n<p><center>M\u016f\u017ee\u0161 si vz\u00edt moj\u00ed \u0161ekovou kn\u00ed\u017eku,<br \/>\nKreditky a nechat si je<br \/>\nVzdal bych se jich<br \/>\nJen za trochu svobody<br \/>\nA za sv\u016fj \u00fat\u011bk<br \/>\nKter\u00fd si pl\u00e1nuji v hlav\u011b<\/center><\/p>\n<p><center>A p\u0159eju si, abych mohl<br \/>\n(lusknout prsty)<br \/>\nZmizet<br \/>\n(lusknout prsty)<br \/>\nDostat se odtud pry\u010d<br \/>\n(lusknout prsty)<br \/>\n(lusknout prsty)<br \/>\nOh oh<\/center><\/p>\n<p><center>Rad\u011bji bych byl kdekoliv<br \/>\nKdekoliv<br \/>\nKdekoliv, jen ne tady<\/center><\/p>\n<p><center>Rad\u011bji bych byl kdekoliv<br \/>\nKdekoliv<br \/>\nKdekoliv, jen ne tady<\/center><\/p>\n<p><center>Mohl bych srkat koktejl<br \/>\nMohl bych chytat bronz<br \/>\nMohl bych se poflakovat na pl\u00e1\u017ei<br \/>\nS prsty v p\u00edsku<\/center><\/p>\n<p><center>Mohl bych b\u00fdt kdekoliv<br \/>\nKdekoliv<br \/>\nKdekoliv, jen ne tady<\/center><\/p>\n<p><center>\u017d\u00e1dn\u00e9 dal\u0161\u00ed autobusov\u00e9 zast\u00e1vky<br \/>\n\u010cek\u00e1n\u00ed v z\u00e1sp\u00e1ch<br \/>\nVst\u00e1v\u00e1n\u00ed v 6 r\u00e1no<br \/>\nTo se nestane<\/center><\/p>\n<p><center>\u017d\u00e1dn\u00e9 dal\u0161\u00ed kancel\u00e1\u0159e<br \/>\n\u017d\u00e1dn\u00e9 dal\u0161\u00ed fronty<br \/>\nM\u016f\u017ee\u0161 na to zapomenout<\/center><\/p>\n<p><center>My chceme svobodu<\/center><\/p>\n<p><center>My chceme, my chceme, my chceme<br \/>\nMy chceme svobodu<\/center><\/p>\n<p><center>My chceme, my chceme, my chceme<br \/>\nRad\u011bji bych byl kdekoliv<br \/>\nKdekoliv<br \/>\nKdekoliv, jen ne tady<\/center><\/p>\n<p><center>Rad\u011bji bych byl kdekoliv<br \/>\nKdekoliv<br \/>\nKdekoliv, jen ne tady<\/center><\/p>\n<p><center>Rad\u011bji bych byl kdekoliv<br \/>\nKdekoliv<br \/>\nKdekoliv, jen ne tady<\/center><\/p>\n<p><center>Rad\u011bji bych byl kdekoliv<br \/>\nKdekoliv<br \/>\nKdekoliv, jen ne tady<\/center><\/p>\n<p><center>Mohl bych chytat vlny<br \/>\nMohl bych cestovat<br \/>\nMohl bych jezdit se sta\u017eenou st\u0159echou<br \/>\nL\u00edbat svoji d\u00edvku<\/center><\/p>\n<p><center>Mohl bych zasp\u00e1vat<br \/>\nMohl bych si u\u017e\u00edvat<br \/>\nMohl bych sed\u011bt doma<br \/>\nA o nic se nestarat<\/center><\/p>\n<p><center>Mohl bych b\u00fdt kdekoliv<br \/>\nKdekoliv<br \/>\nKdekoliv, jen ne tady<\/center><\/p>\n<p><center>Rad\u011bji bych byl kdekoliv<br \/>\nKdekoliv<br \/>\nKdekoliv, jen ne tady<br \/>\nKdekoliv, jen ne tady<br \/>\nKdekoliv, jen ne tady<br \/>\n<\/center>\n<\/div>\n<div class=\"fblikebutton_button\" style=\"float: left; padding-top: 20px; margin-right: 20px; padding-bottom: 20px; padding-left: 20px;\"><iframe src=\"http:\/\/www.facebook.com\/plugins\/like.php?href=https%3A%2F%2Fwww.simpleplan.cz%2Fcz%2Findex.php%2Fkapela%2Fdiskografie%2Fanywhere-else-but-here%2F&amp;layout=standard&amp;show-faces=false&amp;width=450&amp;action=like&amp;colorscheme=light\" scrolling=\"no\" frameborder=\"0\" allowTransparency=\"true\" style=\"border:none; overflow:hidden; width:450px; height:26px\"><\/iframe><\/div>\n","protected":false},"excerpt":{"rendered":"<p>Z\u00e1kladn\u00ed info Album: Get Your Heart On! Auto\u0159i textu: Pierre Bouvier, Chuck Comeau, Michael Warren<\/p>\n","protected":false},"author":5,"featured_media":0,"parent":5273,"menu_order":0,"comment_status":"open","ping_status":"open","template":"page-templates\/full-width.php","meta":{"footnotes":""},"yoast_head":"<!-- This site is optimized with the Yoast SEO plugin v20.9 - https:\/\/yoast.com\/wordpress\/plugins\/seo\/ -->\n<title>Anywhere Else But Here | CZ: SimplePlan.cz<\/title>\n<meta name=\"robots\" content=\"index, follow, max-snippet:-1, max-image-preview:large, max-video-preview:-1\" \/>\n<link rel=\"canonical\" href=\"https:\/\/www.simpleplan.cz\/cz\/index.php\/kapela\/diskografie\/anywhere-else-but-here\/\" \/>\n<meta property=\"og:locale\" content=\"cs_CZ\" \/>\n<meta property=\"og:type\" content=\"article\" \/>\n<meta property=\"og:title\" content=\"Anywhere Else But Here | CZ: SimplePlan.cz\" \/>\n<meta property=\"og:description\" content=\"Z\u00e1kladn\u00ed info Album: Get Your Heart On! Auto\u0159i textu: Pierre Bouvier, Chuck Comeau, Michael Warren\" \/>\n<meta property=\"og:url\" content=\"https:\/\/www.simpleplan.cz\/cz\/index.php\/kapela\/diskografie\/anywhere-else-but-here\/\" \/>\n<meta property=\"og:site_name\" content=\"CZ: SimplePlan.cz\" \/>\n<meta property=\"article:publisher\" content=\"http:\/\/www.facebook.com\/simpleplancz\" \/>\n<meta property=\"article:modified_time\" content=\"2023-06-26T07:29:56+00:00\" \/>\n<meta property=\"og:image\" content=\"http:\/\/www.simpleplan.cz\/cz\/wp-content\/uploads\/logo.gif\" \/>\n<meta name=\"twitter:card\" content=\"summary_large_image\" \/>\n<meta name=\"twitter:site\" content=\"@simpleplancz\" \/>\n<meta name=\"twitter:label1\" content=\"Odhadovan\u00e1 doba \u010dten\u00ed\" \/>\n\t<meta name=\"twitter:data1\" content=\"5 minut\" \/>\n<script type=\"application\/ld+json\" class=\"yoast-schema-graph\">{\"@context\":\"https:\/\/schema.org\",\"@graph\":[{\"@type\":\"WebPage\",\"@id\":\"https:\/\/www.simpleplan.cz\/cz\/index.php\/kapela\/diskografie\/anywhere-else-but-here\/\",\"url\":\"https:\/\/www.simpleplan.cz\/cz\/index.php\/kapela\/diskografie\/anywhere-else-but-here\/\",\"name\":\"Anywhere Else But Here | CZ: SimplePlan.cz\",\"isPartOf\":{\"@id\":\"https:\/\/www.simpleplan.cz\/cz\/#website\"},\"datePublished\":\"2012-11-01T17:32:46+00:00\",\"dateModified\":\"2023-06-26T07:29:56+00:00\",\"breadcrumb\":{\"@id\":\"https:\/\/www.simpleplan.cz\/cz\/index.php\/kapela\/diskografie\/anywhere-else-but-here\/#breadcrumb\"},\"inLanguage\":\"cs\",\"potentialAction\":[{\"@type\":\"ReadAction\",\"target\":[\"https:\/\/www.simpleplan.cz\/cz\/index.php\/kapela\/diskografie\/anywhere-else-but-here\/\"]}]},{\"@type\":\"BreadcrumbList\",\"@id\":\"https:\/\/www.simpleplan.cz\/cz\/index.php\/kapela\/diskografie\/anywhere-else-but-here\/#breadcrumb\",\"itemListElement\":[{\"@type\":\"ListItem\",\"position\":1,\"name\":\"Dom\u016f\",\"item\":\"https:\/\/www.simpleplan.cz\/cz\/\"},{\"@type\":\"ListItem\",\"position\":2,\"name\":\"Kapela\",\"item\":\"https:\/\/www.simpleplan.cz\/cz\/index.php\/kapela\/\"},{\"@type\":\"ListItem\",\"position\":3,\"name\":\"Diskografie\",\"item\":\"https:\/\/www.simpleplan.cz\/cz\/index.php\/kapela\/diskografie\/\"},{\"@type\":\"ListItem\",\"position\":4,\"name\":\"Anywhere Else But Here\"}]},{\"@type\":\"WebSite\",\"@id\":\"https:\/\/www.simpleplan.cz\/cz\/#website\",\"url\":\"https:\/\/www.simpleplan.cz\/cz\/\",\"name\":\"CZ: SimplePlan.cz\",\"description\":\"Nejlep\u0161\u00ed zdroj informac\u00ed o kapele Simple Plan\",\"publisher\":{\"@id\":\"https:\/\/www.simpleplan.cz\/cz\/#organization\"},\"potentialAction\":[{\"@type\":\"SearchAction\",\"target\":{\"@type\":\"EntryPoint\",\"urlTemplate\":\"https:\/\/www.simpleplan.cz\/cz\/?s={search_term_string}\"},\"query-input\":\"required name=search_term_string\"}],\"inLanguage\":\"cs\"},{\"@type\":\"Organization\",\"@id\":\"https:\/\/www.simpleplan.cz\/cz\/#organization\",\"name\":\"CZ: SimplePlan.cz\",\"url\":\"https:\/\/www.simpleplan.cz\/cz\/\",\"logo\":{\"@type\":\"ImageObject\",\"inLanguage\":\"cs\",\"@id\":\"https:\/\/www.simpleplan.cz\/cz\/#\/schema\/logo\/image\/\",\"url\":\"https:\/\/www.simpleplan.cz\/cz\/wp-content\/uploads\/spczlogo.png\",\"contentUrl\":\"https:\/\/www.simpleplan.cz\/cz\/wp-content\/uploads\/spczlogo.png\",\"width\":250,\"height\":190,\"caption\":\"CZ: SimplePlan.cz\"},\"image\":{\"@id\":\"https:\/\/www.simpleplan.cz\/cz\/#\/schema\/logo\/image\/\"},\"sameAs\":[\"http:\/\/www.facebook.com\/simpleplancz\",\"https:\/\/twitter.com\/simpleplancz\",\"http:\/\/www.instagram.com\/simpleplancz\",\"http:\/\/www.youtube.com\/simpleplancz\"]}]}<\/script>\n<!-- \/ Yoast SEO plugin. -->","yoast_head_json":{"title":"Anywhere Else But Here | CZ: SimplePlan.cz","robots":{"index":"index","follow":"follow","max-snippet":"max-snippet:-1","max-image-preview":"max-image-preview:large","max-video-preview":"max-video-preview:-1"},"canonical":"https:\/\/www.simpleplan.cz\/cz\/index.php\/kapela\/diskografie\/anywhere-else-but-here\/","og_locale":"cs_CZ","og_type":"article","og_title":"Anywhere Else But Here | CZ: SimplePlan.cz","og_description":"Z\u00e1kladn\u00ed info Album: Get Your Heart On! Auto\u0159i textu: Pierre Bouvier, Chuck Comeau, Michael Warren","og_url":"https:\/\/www.simpleplan.cz\/cz\/index.php\/kapela\/diskografie\/anywhere-else-but-here\/","og_site_name":"CZ: SimplePlan.cz","article_publisher":"http:\/\/www.facebook.com\/simpleplancz","article_modified_time":"2023-06-26T07:29:56+00:00","og_image":[{"url":"http:\/\/www.simpleplan.cz\/cz\/wp-content\/uploads\/logo.gif"}],"twitter_card":"summary_large_image","twitter_site":"@simpleplancz","twitter_misc":{"Odhadovan\u00e1 doba \u010dten\u00ed":"5 minut"},"schema":{"@context":"https:\/\/schema.org","@graph":[{"@type":"WebPage","@id":"https:\/\/www.simpleplan.cz\/cz\/index.php\/kapela\/diskografie\/anywhere-else-but-here\/","url":"https:\/\/www.simpleplan.cz\/cz\/index.php\/kapela\/diskografie\/anywhere-else-but-here\/","name":"Anywhere Else But Here | CZ: SimplePlan.cz","isPartOf":{"@id":"https:\/\/www.simpleplan.cz\/cz\/#website"},"datePublished":"2012-11-01T17:32:46+00:00","dateModified":"2023-06-26T07:29:56+00:00","breadcrumb":{"@id":"https:\/\/www.simpleplan.cz\/cz\/index.php\/kapela\/diskografie\/anywhere-else-but-here\/#breadcrumb"},"inLanguage":"cs","potentialAction":[{"@type":"ReadAction","target":["https:\/\/www.simpleplan.cz\/cz\/index.php\/kapela\/diskografie\/anywhere-else-but-here\/"]}]},{"@type":"BreadcrumbList","@id":"https:\/\/www.simpleplan.cz\/cz\/index.php\/kapela\/diskografie\/anywhere-else-but-here\/#breadcrumb","itemListElement":[{"@type":"ListItem","position":1,"name":"Dom\u016f","item":"https:\/\/www.simpleplan.cz\/cz\/"},{"@type":"ListItem","position":2,"name":"Kapela","item":"https:\/\/www.simpleplan.cz\/cz\/index.php\/kapela\/"},{"@type":"ListItem","position":3,"name":"Diskografie","item":"https:\/\/www.simpleplan.cz\/cz\/index.php\/kapela\/diskografie\/"},{"@type":"ListItem","position":4,"name":"Anywhere Else But Here"}]},{"@type":"WebSite","@id":"https:\/\/www.simpleplan.cz\/cz\/#website","url":"https:\/\/www.simpleplan.cz\/cz\/","name":"CZ: SimplePlan.cz","description":"Nejlep\u0161\u00ed zdroj informac\u00ed o kapele Simple Plan","publisher":{"@id":"https:\/\/www.simpleplan.cz\/cz\/#organization"},"potentialAction":[{"@type":"SearchAction","target":{"@type":"EntryPoint","urlTemplate":"https:\/\/www.simpleplan.cz\/cz\/?s={search_term_string}"},"query-input":"required name=search_term_string"}],"inLanguage":"cs"},{"@type":"Organization","@id":"https:\/\/www.simpleplan.cz\/cz\/#organization","name":"CZ: SimplePlan.cz","url":"https:\/\/www.simpleplan.cz\/cz\/","logo":{"@type":"ImageObject","inLanguage":"cs","@id":"https:\/\/www.simpleplan.cz\/cz\/#\/schema\/logo\/image\/","url":"https:\/\/www.simpleplan.cz\/cz\/wp-content\/uploads\/spczlogo.png","contentUrl":"https:\/\/www.simpleplan.cz\/cz\/wp-content\/uploads\/spczlogo.png","width":250,"height":190,"caption":"CZ: SimplePlan.cz"},"image":{"@id":"https:\/\/www.simpleplan.cz\/cz\/#\/schema\/logo\/image\/"},"sameAs":["http:\/\/www.facebook.com\/simpleplancz","https:\/\/twitter.com\/simpleplancz","http:\/\/www.instagram.com\/simpleplancz","http:\/\/www.youtube.com\/simpleplancz"]}]}},"_links":{"self":[{"href":"https:\/\/www.simpleplan.cz\/cz\/index.php\/wp-json\/wp\/v2\/pages\/11781"}],"collection":[{"href":"https:\/\/www.simpleplan.cz\/cz\/index.php\/wp-json\/wp\/v2\/pages"}],"about":[{"href":"https:\/\/www.simpleplan.cz\/cz\/index.php\/wp-json\/wp\/v2\/types\/page"}],"author":[{"embeddable":true,"href":"https:\/\/www.simpleplan.cz\/cz\/index.php\/wp-json\/wp\/v2\/users\/5"}],"replies":[{"embeddable":true,"href":"https:\/\/www.simpleplan.cz\/cz\/index.php\/wp-json\/wp\/v2\/comments?post=11781"}],"version-history":[{"count":5,"href":"https:\/\/www.simpleplan.cz\/cz\/index.php\/wp-json\/wp\/v2\/pages\/11781\/revisions"}],"predecessor-version":[{"id":23272,"href":"https:\/\/www.simpleplan.cz\/cz\/index.php\/wp-json\/wp\/v2\/pages\/11781\/revisions\/23272"}],"up":[{"embeddable":true,"href":"https:\/\/www.simpleplan.cz\/cz\/index.php\/wp-json\/wp\/v2\/pages\/5273"}],"wp:attachment":[{"href":"https:\/\/www.simpleplan.cz\/cz\/index.php\/wp-json\/wp\/v2\/media?parent=11781"}],"curies":[{"name":"wp","href":"https:\/\/api.w.org\/{rel}","templated":true}]}}