{"id":11784,"date":"2012-11-01T18:47:26","date_gmt":"2012-11-01T17:47:26","guid":{"rendered":"http:\/\/www.simpleplan.cz\/cz\/?page_id=11784"},"modified":"2023-06-26T09:29:56","modified_gmt":"2023-06-26T07:29:56","slug":"freaking-me-out","status":"publish","type":"page","link":"https:\/\/www.simpleplan.cz\/cz\/index.php\/kapela\/diskografie\/freaking-me-out\/","title":{"rendered":"Freaking Me Out"},"content":{"rendered":"<div class=\"pagecontent\">\n<div class=\"girls\"><b><u>Z\u00e1kladn\u00ed info<\/u><\/b><\/div>\n<p><b>Album:<\/b> Get Your Heart On!<br \/>\n<b>Auto\u0159i textu:<\/b> Pierre Bouvier, Chuck Comeau, Julian Emery, Jim Irvin<br \/>\n<b>Dodate\u010dn\u00e1 spolupr\u00e1ce:<\/b> Brian Howes (produkce), Alex Gaskarth (doprovodn\u00e9 vok\u00e1ly)<br \/>\n<b>D\u00e9lka p\u00edsn\u011b:<\/b> 3:05<\/p>\n<div class=\"girls\"><b><u>V\u00fdznam p\u00edsn\u011b<\/u><\/b><\/div>\n<blockquote><p><i>&#8222;P\u00edse\u0148 o tom, kdy\u017e <b>m\u00e1te n\u011bjak\u00e9ho kamar\u00e1da<\/b> nebo p\u0159\u00edtelkyni, p\u0159\u00edtele, \u010dlena rodiny, nebo prost\u011b n\u011bkoho, s k\u00fdm jste si opravdu bl\u00edzc\u00ed a <b>najednou se ten n\u011bkdo naprosto zm\u011bn\u00ed a stane se z n\u011bj n\u011bkdo \u00fapln\u011b divn\u00fd<\/b>. A v tom moment\u011b si \u0159\u00edk\u00e1te: &#8222;Ty ale nejsi ten, koho jsem zn\u00e1val. \u00dapln\u011b jsi se zm\u011bnil, a to sp\u00ed\u0161 k hor\u0161\u00edmu. Stal jsi se jenom st\u00ednem sv\u00e9ho p\u0159edchoz\u00edho j\u00e1.&#8220;<\/i><br \/>\n<center>&#8211; Chuck Comeau &#8211;<\/center><\/p><\/blockquote>\n<div class=\"girls\"><b><u>Text p\u00edsn\u011b<\/u><\/b><\/div>\n<p><center>What the hell\u2019s going on<br \/>\nHave you gone undercover?<br \/>\nYou were here, now you\u2019re not<br \/>\nBeen replaced by another<br \/>\nCause it\u2019s still your face<br \/>\nBut there\u2019s something strange<br \/>\nNot the one I remember<br \/>\nCan you please explain<br \/>\nDid they wipe your brain?<br \/>\nIs this gonna be forever?<\/center><\/p>\n<p><center>Cause everything you say<br \/>\nEverything you do<br \/>\nIs freaking me out, freaking me out<br \/>\nYou know we used to be the same<br \/>\nWho the hell are you<br \/>\nFreaking me out, freaking me out<br \/>\nThen I swear I thought I knew you<br \/>\nBut all that was yesterday<br \/>\nAnd now you turn it around, what\u2019s that about?<br \/>\nCause you\u2019re freaking me out, freaking me out<\/center><\/p>\n<p><center>Think you\u2019re real, but you\u2019re fake<br \/>\nThink you\u2019re deep, but you\u2019re shallow<br \/>\nYou\u2019ve become, what you hate<br \/>\nNow you\u2019re lost, just a shadow<br \/>\nSo we pull your strings<br \/>\nCause it makes no sense<br \/>\nThat you act like you\u2019re better<br \/>\nYou can say these things<br \/>\nTo your so-called friends<br \/>\nAnd they just might think you\u2019re clever<\/center><\/p>\n<p><center>But everything you say<br \/>\nEverything you do<br \/>\nIs freaking me out, freaking me out<br \/>\nYou know we used to be the same<br \/>\nWho the hell are you<br \/>\nFreaking me out, freaking me out<br \/>\nThen I swear I thought I knew you<br \/>\nBut all that was yesterday<br \/>\nAnd now you turn it around, what\u2019s that about?<br \/>\nCause you\u2019re freaking me out, freaking me out<\/center><\/p>\n<p><center>Wake up, wake up, wake up<br \/>\nSnap out of it<br \/>\nWake up, wake up, wake up<br \/>\nSnap out of it<br \/>\nWake up, wake up, wake up<\/center><\/p>\n<p><center>Everything you say<br \/>\nEverything you do<br \/>\nIs freaking me out, freaking me out<br \/>\nYou know we used to be the same<br \/>\nWho the hell are you<br \/>\nFreaking me out, freaking me out<br \/>\nAnd now<br \/>\nEverything you say<br \/>\nEverything you do<br \/>\nIs freaking me out, freaking me out<\/center><\/p>\n<p><center>So why\u2019d you play your games<br \/>\nWho\u2019re you trying to fool?<br \/>\nFreaking me out, freaking me out<br \/>\nAnd I swear I thought I knew you<br \/>\nBut all that was yesterday<br \/>\nAnd now you turn it around, what\u2019s that about?<br \/>\nCause you\u2019re freaking me out, freaking me out<\/center><\/p>\n<div class=\"girls\"><b><u>\u010cesk\u00fd p\u0159eklad<\/u><\/b><\/div>\n<p><center>Co se to sakra d\u011bje?<br \/>\nCopak jsi v utajen\u00ed?<br \/>\nByla jsi tady a te\u010f jsi pry\u010d<br \/>\nJakoby t\u011b nahradil n\u011bkdo jin\u00fd<br \/>\nM\u00e1\u0161 po\u0159\u00e1d stejnou tv\u00e1\u0159,<br \/>\nAle je na n\u00ed n\u011bco podivn\u00e9ho<br \/>\nNen\u00ed to ta, na kterou si vzpom\u00edn\u00e1m<br \/>\nM\u016f\u017ee\u0161 mi to pros\u00edm vysv\u011btlit?<br \/>\nCopak ti vymyli mozek?<br \/>\nBude to takto nav\u017edy?<\/center><\/p>\n<p><center>Proto\u017ee ze v\u0161eho, co \u0159\u00edk\u00e1\u0161,<br \/>\nZe v\u0161eho, co d\u011bl\u00e1\u0161<br \/>\nNaprosto \u0161\u00edl\u00edm, naprosto \u0161\u00edl\u00edm<br \/>\nV\u00ed\u0161, \u017ee jsme b\u00fdvali stejn\u00ed<br \/>\nTak kdo to te\u010f sakra jsi?<br \/>\n\u0160\u00edl\u00edm z tebe, \u0161\u00edl\u00edm z tebe<br \/>\nP\u0159\u00edsahal bych, \u017ee t\u011b zn\u00e1m<br \/>\nAle to bylo v\u010dera<br \/>\nA te\u010f jsi to v\u0161echno obr\u00e1tila, o co tu jde?<br \/>\nProto\u017ee z tebe \u0161\u00edl\u00edm, \u0161\u00edl\u00edm z tebe<\/center><\/p>\n<p><center>Mysl\u00ed\u0161 si, \u017ee jsi skute\u010dn\u00e1, ale jsi fale\u0161n\u00e1<br \/>\nMysl\u00ed\u0161 si, \u017ee jsi d\u016fmysln\u00e1, ale jsi povrchn\u00ed<br \/>\nStal se z tebe ten typ \u010dlov\u011bka, kter\u00e9ho jsi nen\u00e1vid\u011bla<br \/>\nJsi ztracen\u00e1, jenom st\u00edn<br \/>\nTak\u017ee t\u011b tah\u00e1me za prov\u00e1zky<br \/>\nProto\u017ee ned\u00e1v\u00e1 smysl,<br \/>\n\u017de d\u011bl\u00e1\u0161, jako \u017ee jsi lep\u0161\u00ed, ne\u017e j\u00e1<br \/>\nM\u016f\u017ee\u0161 si \u0159\u00edk\u00e1t co chce\u0161<br \/>\nSv\u00fdm r\u00e1doby p\u0159\u00e1tel\u016fm<br \/>\nA oni si mo\u017en\u00e1 budou myslet, \u017ee jsi chytr\u00e1<\/center><\/p>\n<p><center>Ale ze v\u0161eho, co \u0159\u00edk\u00e1\u0161,<br \/>\nZe v\u0161eho, co d\u011bl\u00e1\u0161<br \/>\nNaprosto \u0161\u00edl\u00edm, naprosto \u0161\u00edl\u00edm<br \/>\nV\u00ed\u0161, \u017ee jsme b\u00fdvali stejn\u00ed<br \/>\nTak kdo to te\u010f sakra jsi?<br \/>\n\u0160\u00edl\u00edm z tebe, \u0161\u00edl\u00edm z tebe<br \/>\nP\u0159\u00edsahal bych, \u017ee t\u011b zn\u00e1m<br \/>\nAle to bylo v\u010dera<br \/>\nA te\u010f jsi to v\u0161echno obr\u00e1tila, o co tu jde?<br \/>\nProto\u017ee z tebe \u0161\u00edl\u00edm, \u0161\u00edl\u00edm z tebe<\/center><\/p>\n<p><center>Probu\u010f se, probu\u010f se, probu\u010f se,<br \/>\nVzbu\u010f se z toho<br \/>\nProbu\u010f se, probu\u010f se, probu\u010f se,<br \/>\nVzbu\u010f se z toho<br \/>\nProbu\u010f se, probu\u010f se, probu\u010f se,<\/center><\/p>\n<p><center>Ze v\u0161eho, co \u0159\u00edk\u00e1\u0161,<br \/>\nZe v\u0161eho, co d\u011bl\u00e1\u0161<br \/>\nNaprosto \u0161\u00edl\u00edm, naprosto \u0161\u00edl\u00edm<br \/>\nV\u00ed\u0161, \u017ee jsme b\u00fdvali stejn\u00ed<br \/>\nTak kdo to te\u010f sakra jsi?<br \/>\n\u0160\u00edl\u00edm z tebe, \u0161\u00edl\u00edm z tebe<br \/>\nA te\u010f<br \/>\nZe v\u0161eho, co \u0159\u00edk\u00e1\u0161,<br \/>\nZe v\u0161eho, co d\u011bl\u00e1\u0161<br \/>\nNaprosto \u0161\u00edl\u00edm, naprosto \u0161\u00edl\u00edm<\/center><\/p>\n<p><center>Tak pro\u010d si hraje\u0161 ty sv\u00e9 hry?<br \/>\nKoho se sna\u017e\u00ed\u0161 obalamutit?<br \/>\n\u0160\u00edl\u00edm z tebe, \u0161\u00edl\u00edm z tebe<br \/>\nP\u0159\u00edsahal bych, \u017ee t\u011b zn\u00e1m<br \/>\nAle to bylo v\u010dera<br \/>\nA te\u010f jsi to v\u0161echno obr\u00e1tila, o co tu jde?<br \/>\nProto\u017ee z tebe \u0161\u00edl\u00edm, \u0161\u00edl\u00edm z tebe<\/center>\n<\/div>\n<div class=\"fblikebutton_button\" style=\"float: left; padding-top: 20px; margin-right: 20px; padding-bottom: 20px; padding-left: 20px;\"><iframe src=\"http:\/\/www.facebook.com\/plugins\/like.php?href=https%3A%2F%2Fwww.simpleplan.cz%2Fcz%2Findex.php%2Fkapela%2Fdiskografie%2Ffreaking-me-out%2F&amp;layout=standard&amp;show-faces=false&amp;width=450&amp;action=like&amp;colorscheme=light\" scrolling=\"no\" frameborder=\"0\" allowTransparency=\"true\" style=\"border:none; overflow:hidden; width:450px; height:26px\"><\/iframe><\/div>\n","protected":false},"excerpt":{"rendered":"<p>Z\u00e1kladn\u00ed info Album: Get Your Heart On! Auto\u0159i textu: Pierre Bouvier, Chuck Comeau, Julian Emery,<\/p>\n","protected":false},"author":5,"featured_media":0,"parent":5273,"menu_order":0,"comment_status":"open","ping_status":"open","template":"page-templates\/full-width.php","meta":{"footnotes":""},"yoast_head":"<!-- This site is optimized with the Yoast SEO plugin v20.9 - https:\/\/yoast.com\/wordpress\/plugins\/seo\/ -->\n<title>Freaking Me Out | CZ: SimplePlan.cz<\/title>\n<meta name=\"robots\" content=\"index, follow, max-snippet:-1, max-image-preview:large, max-video-preview:-1\" \/>\n<link rel=\"canonical\" href=\"https:\/\/www.simpleplan.cz\/cz\/index.php\/kapela\/diskografie\/freaking-me-out\/\" \/>\n<meta property=\"og:locale\" content=\"cs_CZ\" \/>\n<meta property=\"og:type\" content=\"article\" \/>\n<meta property=\"og:title\" content=\"Freaking Me Out | CZ: SimplePlan.cz\" \/>\n<meta property=\"og:description\" content=\"Z\u00e1kladn\u00ed info Album: Get Your Heart On! Auto\u0159i textu: Pierre Bouvier, Chuck Comeau, Julian Emery,\" \/>\n<meta property=\"og:url\" content=\"https:\/\/www.simpleplan.cz\/cz\/index.php\/kapela\/diskografie\/freaking-me-out\/\" \/>\n<meta property=\"og:site_name\" content=\"CZ: SimplePlan.cz\" \/>\n<meta property=\"article:publisher\" content=\"http:\/\/www.facebook.com\/simpleplancz\" \/>\n<meta property=\"article:modified_time\" content=\"2023-06-26T07:29:56+00:00\" \/>\n<meta property=\"og:image\" content=\"http:\/\/www.simpleplan.cz\/cz\/wp-content\/uploads\/logo.gif\" \/>\n<meta name=\"twitter:card\" content=\"summary_large_image\" \/>\n<meta name=\"twitter:site\" content=\"@simpleplancz\" \/>\n<meta name=\"twitter:label1\" content=\"Odhadovan\u00e1 doba \u010dten\u00ed\" \/>\n\t<meta name=\"twitter:data1\" content=\"5 minut\" \/>\n<script type=\"application\/ld+json\" class=\"yoast-schema-graph\">{\"@context\":\"https:\/\/schema.org\",\"@graph\":[{\"@type\":\"WebPage\",\"@id\":\"https:\/\/www.simpleplan.cz\/cz\/index.php\/kapela\/diskografie\/freaking-me-out\/\",\"url\":\"https:\/\/www.simpleplan.cz\/cz\/index.php\/kapela\/diskografie\/freaking-me-out\/\",\"name\":\"Freaking Me Out | CZ: SimplePlan.cz\",\"isPartOf\":{\"@id\":\"https:\/\/www.simpleplan.cz\/cz\/#website\"},\"datePublished\":\"2012-11-01T17:47:26+00:00\",\"dateModified\":\"2023-06-26T07:29:56+00:00\",\"breadcrumb\":{\"@id\":\"https:\/\/www.simpleplan.cz\/cz\/index.php\/kapela\/diskografie\/freaking-me-out\/#breadcrumb\"},\"inLanguage\":\"cs\",\"potentialAction\":[{\"@type\":\"ReadAction\",\"target\":[\"https:\/\/www.simpleplan.cz\/cz\/index.php\/kapela\/diskografie\/freaking-me-out\/\"]}]},{\"@type\":\"BreadcrumbList\",\"@id\":\"https:\/\/www.simpleplan.cz\/cz\/index.php\/kapela\/diskografie\/freaking-me-out\/#breadcrumb\",\"itemListElement\":[{\"@type\":\"ListItem\",\"position\":1,\"name\":\"Dom\u016f\",\"item\":\"https:\/\/www.simpleplan.cz\/cz\/\"},{\"@type\":\"ListItem\",\"position\":2,\"name\":\"Kapela\",\"item\":\"https:\/\/www.simpleplan.cz\/cz\/index.php\/kapela\/\"},{\"@type\":\"ListItem\",\"position\":3,\"name\":\"Diskografie\",\"item\":\"https:\/\/www.simpleplan.cz\/cz\/index.php\/kapela\/diskografie\/\"},{\"@type\":\"ListItem\",\"position\":4,\"name\":\"Freaking Me Out\"}]},{\"@type\":\"WebSite\",\"@id\":\"https:\/\/www.simpleplan.cz\/cz\/#website\",\"url\":\"https:\/\/www.simpleplan.cz\/cz\/\",\"name\":\"CZ: SimplePlan.cz\",\"description\":\"Nejlep\u0161\u00ed zdroj informac\u00ed o kapele Simple Plan\",\"publisher\":{\"@id\":\"https:\/\/www.simpleplan.cz\/cz\/#organization\"},\"potentialAction\":[{\"@type\":\"SearchAction\",\"target\":{\"@type\":\"EntryPoint\",\"urlTemplate\":\"https:\/\/www.simpleplan.cz\/cz\/?s={search_term_string}\"},\"query-input\":\"required name=search_term_string\"}],\"inLanguage\":\"cs\"},{\"@type\":\"Organization\",\"@id\":\"https:\/\/www.simpleplan.cz\/cz\/#organization\",\"name\":\"CZ: SimplePlan.cz\",\"url\":\"https:\/\/www.simpleplan.cz\/cz\/\",\"logo\":{\"@type\":\"ImageObject\",\"inLanguage\":\"cs\",\"@id\":\"https:\/\/www.simpleplan.cz\/cz\/#\/schema\/logo\/image\/\",\"url\":\"https:\/\/www.simpleplan.cz\/cz\/wp-content\/uploads\/spczlogo.png\",\"contentUrl\":\"https:\/\/www.simpleplan.cz\/cz\/wp-content\/uploads\/spczlogo.png\",\"width\":250,\"height\":190,\"caption\":\"CZ: SimplePlan.cz\"},\"image\":{\"@id\":\"https:\/\/www.simpleplan.cz\/cz\/#\/schema\/logo\/image\/\"},\"sameAs\":[\"http:\/\/www.facebook.com\/simpleplancz\",\"https:\/\/twitter.com\/simpleplancz\",\"http:\/\/www.instagram.com\/simpleplancz\",\"http:\/\/www.youtube.com\/simpleplancz\"]}]}<\/script>\n<!-- \/ Yoast SEO plugin. -->","yoast_head_json":{"title":"Freaking Me Out | CZ: SimplePlan.cz","robots":{"index":"index","follow":"follow","max-snippet":"max-snippet:-1","max-image-preview":"max-image-preview:large","max-video-preview":"max-video-preview:-1"},"canonical":"https:\/\/www.simpleplan.cz\/cz\/index.php\/kapela\/diskografie\/freaking-me-out\/","og_locale":"cs_CZ","og_type":"article","og_title":"Freaking Me Out | CZ: SimplePlan.cz","og_description":"Z\u00e1kladn\u00ed info Album: Get Your Heart On! Auto\u0159i textu: Pierre Bouvier, Chuck Comeau, Julian Emery,","og_url":"https:\/\/www.simpleplan.cz\/cz\/index.php\/kapela\/diskografie\/freaking-me-out\/","og_site_name":"CZ: SimplePlan.cz","article_publisher":"http:\/\/www.facebook.com\/simpleplancz","article_modified_time":"2023-06-26T07:29:56+00:00","og_image":[{"url":"http:\/\/www.simpleplan.cz\/cz\/wp-content\/uploads\/logo.gif"}],"twitter_card":"summary_large_image","twitter_site":"@simpleplancz","twitter_misc":{"Odhadovan\u00e1 doba \u010dten\u00ed":"5 minut"},"schema":{"@context":"https:\/\/schema.org","@graph":[{"@type":"WebPage","@id":"https:\/\/www.simpleplan.cz\/cz\/index.php\/kapela\/diskografie\/freaking-me-out\/","url":"https:\/\/www.simpleplan.cz\/cz\/index.php\/kapela\/diskografie\/freaking-me-out\/","name":"Freaking Me Out | CZ: SimplePlan.cz","isPartOf":{"@id":"https:\/\/www.simpleplan.cz\/cz\/#website"},"datePublished":"2012-11-01T17:47:26+00:00","dateModified":"2023-06-26T07:29:56+00:00","breadcrumb":{"@id":"https:\/\/www.simpleplan.cz\/cz\/index.php\/kapela\/diskografie\/freaking-me-out\/#breadcrumb"},"inLanguage":"cs","potentialAction":[{"@type":"ReadAction","target":["https:\/\/www.simpleplan.cz\/cz\/index.php\/kapela\/diskografie\/freaking-me-out\/"]}]},{"@type":"BreadcrumbList","@id":"https:\/\/www.simpleplan.cz\/cz\/index.php\/kapela\/diskografie\/freaking-me-out\/#breadcrumb","itemListElement":[{"@type":"ListItem","position":1,"name":"Dom\u016f","item":"https:\/\/www.simpleplan.cz\/cz\/"},{"@type":"ListItem","position":2,"name":"Kapela","item":"https:\/\/www.simpleplan.cz\/cz\/index.php\/kapela\/"},{"@type":"ListItem","position":3,"name":"Diskografie","item":"https:\/\/www.simpleplan.cz\/cz\/index.php\/kapela\/diskografie\/"},{"@type":"ListItem","position":4,"name":"Freaking Me Out"}]},{"@type":"WebSite","@id":"https:\/\/www.simpleplan.cz\/cz\/#website","url":"https:\/\/www.simpleplan.cz\/cz\/","name":"CZ: SimplePlan.cz","description":"Nejlep\u0161\u00ed zdroj informac\u00ed o kapele Simple Plan","publisher":{"@id":"https:\/\/www.simpleplan.cz\/cz\/#organization"},"potentialAction":[{"@type":"SearchAction","target":{"@type":"EntryPoint","urlTemplate":"https:\/\/www.simpleplan.cz\/cz\/?s={search_term_string}"},"query-input":"required name=search_term_string"}],"inLanguage":"cs"},{"@type":"Organization","@id":"https:\/\/www.simpleplan.cz\/cz\/#organization","name":"CZ: SimplePlan.cz","url":"https:\/\/www.simpleplan.cz\/cz\/","logo":{"@type":"ImageObject","inLanguage":"cs","@id":"https:\/\/www.simpleplan.cz\/cz\/#\/schema\/logo\/image\/","url":"https:\/\/www.simpleplan.cz\/cz\/wp-content\/uploads\/spczlogo.png","contentUrl":"https:\/\/www.simpleplan.cz\/cz\/wp-content\/uploads\/spczlogo.png","width":250,"height":190,"caption":"CZ: SimplePlan.cz"},"image":{"@id":"https:\/\/www.simpleplan.cz\/cz\/#\/schema\/logo\/image\/"},"sameAs":["http:\/\/www.facebook.com\/simpleplancz","https:\/\/twitter.com\/simpleplancz","http:\/\/www.instagram.com\/simpleplancz","http:\/\/www.youtube.com\/simpleplancz"]}]}},"_links":{"self":[{"href":"https:\/\/www.simpleplan.cz\/cz\/index.php\/wp-json\/wp\/v2\/pages\/11784"}],"collection":[{"href":"https:\/\/www.simpleplan.cz\/cz\/index.php\/wp-json\/wp\/v2\/pages"}],"about":[{"href":"https:\/\/www.simpleplan.cz\/cz\/index.php\/wp-json\/wp\/v2\/types\/page"}],"author":[{"embeddable":true,"href":"https:\/\/www.simpleplan.cz\/cz\/index.php\/wp-json\/wp\/v2\/users\/5"}],"replies":[{"embeddable":true,"href":"https:\/\/www.simpleplan.cz\/cz\/index.php\/wp-json\/wp\/v2\/comments?post=11784"}],"version-history":[{"count":7,"href":"https:\/\/www.simpleplan.cz\/cz\/index.php\/wp-json\/wp\/v2\/pages\/11784\/revisions"}],"predecessor-version":[{"id":23270,"href":"https:\/\/www.simpleplan.cz\/cz\/index.php\/wp-json\/wp\/v2\/pages\/11784\/revisions\/23270"}],"up":[{"embeddable":true,"href":"https:\/\/www.simpleplan.cz\/cz\/index.php\/wp-json\/wp\/v2\/pages\/5273"}],"wp:attachment":[{"href":"https:\/\/www.simpleplan.cz\/cz\/index.php\/wp-json\/wp\/v2\/media?parent=11784"}],"curies":[{"name":"wp","href":"https:\/\/api.w.org\/{rel}","templated":true}]}}