{"id":11983,"date":"2012-11-13T21:31:09","date_gmt":"2012-11-13T20:31:09","guid":{"rendered":"http:\/\/www.simpleplan.cz\/cz\/?page_id=11983"},"modified":"2023-06-26T09:29:57","modified_gmt":"2023-06-26T07:29:57","slug":"last-one-standing","status":"publish","type":"page","link":"https:\/\/www.simpleplan.cz\/cz\/index.php\/kapela\/diskografie\/last-one-standing\/","title":{"rendered":"Last One Standing"},"content":{"rendered":"<div class=\"pagecontent\">\n<div class=\"girls\"><b><u>Z\u00e1kladn\u00ed info<\/u><\/b><\/div>\n<p><b>Album:<\/b> Get Your Heart On!<br \/>\n<b>Auto\u0159i textu:<\/b> Pierre Bouvier, Chuck Comeau<br \/>\n<b>Dodate\u010dn\u00e1 spolupr\u00e1ce:<\/b> Brian Howes (produkce)<br \/>\n<b>D\u00e9lka p\u00edsn\u011b:<\/b> 3:25<\/p>\n<div class=\"girls\"><b><u>Text p\u00edsn\u011b<\/u><\/b><\/div>\n<p><center><br \/>\nHow many times are you gonna try to shut me out?<br \/>\nI told you once, told you twice I ain&#8217;t turning back around.<br \/>\nYou can say whatever, try to mess with me, I don&#8217;t care, I&#8217;m not scared.<br \/>\nYou don&#8217;t have to say you&#8217;re sorry save your sympathy.<br \/>\nWith a friend like you I don&#8217;t need an enemy<br \/>\nI would give you time if you were worth it<br \/>\nbut guess what (guess what) you&#8217;re not worth it.<\/center><\/p>\n<p><center>woah woah I&#8217;m always gonna be the last one standing<br \/>\nwoah woah cause I&#8217;m never gonna give up trying<br \/>\nand now I&#8217;m ready to go, I&#8217;m here I&#8217;m waiting for you<br \/>\nI&#8217;m gonna be the last one standing<br \/>\nThe last one standing<\/center><\/p>\n<p><center>Did you think that I would surrender easily?<br \/>\nThat just like that, you would get rid of me.<br \/>\nIs that the way you saw it all go down?<br \/>\nI don&#8217;t think, I don&#8217;t think so.<\/center><\/p>\n<p><center>There&#8217;s not a word you can say that I haven&#8217;t heard before<br \/>\nSo give it up, give it up<br \/>\nUnless you want a little more<br \/>\nYou think you&#8217;re pretty tough so let&#8217;s throw down<br \/>\nIt&#8217;s alright, I&#8217;m alright <\/center><\/p>\n<p><center>woah woah I&#8217;m always gonna be the last one standing<br \/>\nwoah woah cause I&#8217;m never gonna give up trying<br \/>\nand now I&#8217;m ready to go, I&#8217;m here, I&#8217;m waiting for you<br \/>\nAnd I&#8217;m gonna be the last one standing<\/center><\/p>\n<p><center>I won&#8217;t give up, I keep trying,<br \/>\nI&#8217;m always gonna be the last one standing<br \/>\nIt&#8217;s not over, I keep fighting<br \/>\nI&#8217;m always gonna be the last one standing<br \/>\nI won&#8217;t give up, I keep trying<br \/>\nI&#8217;m always gonna be the last one standing<br \/>\nIt&#8217;s not over, I keep fighting, I keep fighting <\/center><\/p>\n<p><center>Woah woah I&#8217;m always gonna be the last one standing<br \/>\nWoah woah cause I&#8217;m never gonna give up trying<br \/>\nAnd now I&#8217;m ready to go, I&#8217;m here, I&#8217;m waiting for you<br \/>\nAnd I&#8217;m gonna be the last one standing<br \/>\nYeah, I&#8217;m gonna be the last one standing<\/center><\/p>\n<p><center>Woah woah the last one standing<br \/>\nWoah woah the last one standing<br \/>\n<\/center><\/p>\n<div class=\"girls\"><b><u>\u010cesk\u00fd p\u0159eklad<\/u><\/b><\/div>\n<p><center><br \/>\n<center>Jak dlouho se m\u011b je\u0161t\u011b bude\u0161 sna\u017eit uml\u010dovat?<br \/>\n\u0158ekl jsem ti jednou, \u0159ekl jsem ti dvakr\u00e1t, j\u00e1 se nebudu ot\u00e1\u010det zp\u00e1tky.<br \/>\nM\u016f\u017ee\u0161 \u0159\u00edkat cokoliv, oblbovat m\u011b, je mi to jedno, nem\u00e1m strach.<br \/>\nNemus\u00ed\u0161 \u0159\u00edkat, \u017ee je ti to l\u00edto, nech si svou empatii.<br \/>\nS p\u0159\u00edtelem jako jsi ty, nepot\u0159ebuju nep\u0159\u00edtele<br \/>\nV\u011bnoval bych ti sv\u016fj \u010das, kdyby jsi za to st\u00e1l\/a<br \/>\nAle h\u00e1dej co? (h\u00e1dej co?) Nestoj\u00ed\u0161 mi za to.<\/center><\/p>\n<p><center>woah woah v\u017edycky budu ten, kdo vydr\u017e\u00ed jako posledn\u00ed<br \/>\nwoah woah proto\u017ee se nikdy nep\u0159estanu sna\u017eit<br \/>\nA te\u010f jsem p\u0159ipraven j\u00edt, jsem tady a \u010dek\u00e1m na tebe<br \/>\nBudu ten, kdo vydr\u017e\u00ed jako posledn\u00ed<br \/>\nKdo vydr\u017e\u00ed jako posledn\u00ed<\/center><\/p>\n<p><center>Myslel\/a sis, \u017ee se lehko vzd\u00e1m?<br \/>\n\u017de se m\u011b prost\u011b jen tak snadno zbav\u00ed\u0161.<br \/>\nTakhle sis myslel\/a, \u017ee to dopadne?<br \/>\nJ\u00e1 si to nemysl\u00edm, ne, nemysl\u00edm.<\/center><\/p>\n<p><center>Nejsou slova, kter\u00e9 bys mohl\/a \u0159\u00edct, a kter\u00e1 bych p\u0159edt\u00edm nesly\u0161el<br \/>\nTak\u017ee se vzdej, vzdej se<br \/>\nPokud nechce\u0161 n\u011bco v\u00edc<br \/>\nMysl\u00ed\u0161 si, \u017ee jsi drsn\u00fd\/\u00e1, tak poj\u010fme do boje<br \/>\nJe to v pohod\u011b, j\u00e1 jsem v pohod\u011b <\/center><\/p>\n<p><center>woah woah v\u017edycky budu ten, kdo vydr\u017e\u00ed jako posledn\u00ed<br \/>\nwoah woah proto\u017ee se nikdy nep\u0159estanu sna\u017eit<br \/>\nA te\u010f jsem p\u0159ipraven j\u00edt, jsem tady a \u010dek\u00e1m na tebe<br \/>\nBudu ten, kdo vydr\u017e\u00ed jako posledn\u00ed<br \/>\nKdo vydr\u017e\u00ed jako posledn\u00ed<\/center><\/p>\n<p><center>Nevzdm se, budu se sna\u017ei,<br \/>\nV\u017edy budu ten, kdo vydr\u017e\u00ed jako posledn\u00ed<br \/>\nNen\u00ed konec, po\u0159\u00e1d bojuji<br \/>\nV\u017edy budu ten, kdo vydr\u017e\u00ed jako posledn\u00ed<br \/>\nNevzd\u00e1m se, budud se sna\u017eit<br \/>\nV\u017edy budu ten, kdo vydr\u017e\u00ed jako posledn\u00ed<br \/>\nNen\u00ed konec, po\u0159\u00e1d bojuji, po\u0159\u00e1d bojuji<\/center><\/p>\n<p><center>Woah woah v\u017edycky budu ten, kdo vydr\u017e\u00ed jako posledn\u00ed<br \/>\nWoah woah proto\u017ee se nikdy nep\u0159estanu sna\u017eit<br \/>\nA te\u010f jsem p\u0159ipraven j\u00edt, jsem tady a \u010dek\u00e1m na tebe<br \/>\nA budu ten, kdo vydr\u017e\u00ed jako posledn\u00ed<br \/>\nJo, budu ten, kdo vydr\u017e\u00ed jako posledn\u00ed<\/center><\/p>\n<p><center>Woah woah Kdo vydr\u017e\u00ed jako posledn\u00ed<br \/>\nWoah woah Kdo vydr\u017e\u00ed jako posledn\u00ed<br \/>\n<\/center><\/p>\n<\/div>\n<div class=\"fblikebutton_button\" style=\"float: left; padding-top: 20px; margin-right: 20px; padding-bottom: 20px; padding-left: 20px;\"><iframe src=\"http:\/\/www.facebook.com\/plugins\/like.php?href=https%3A%2F%2Fwww.simpleplan.cz%2Fcz%2Findex.php%2Fkapela%2Fdiskografie%2Flast-one-standing%2F&amp;layout=standard&amp;show-faces=false&amp;width=450&amp;action=like&amp;colorscheme=light\" scrolling=\"no\" frameborder=\"0\" allowTransparency=\"true\" style=\"border:none; overflow:hidden; width:450px; height:26px\"><\/iframe><\/div>\n","protected":false},"excerpt":{"rendered":"<p>Z\u00e1kladn\u00ed info Album: Get Your Heart On! Auto\u0159i textu: Pierre Bouvier, Chuck Comeau Dodate\u010dn\u00e1 spolupr\u00e1ce:<\/p>\n","protected":false},"author":5,"featured_media":0,"parent":5273,"menu_order":0,"comment_status":"open","ping_status":"open","template":"page-templates\/full-width.php","meta":{"footnotes":""},"yoast_head":"<!-- This site is optimized with the Yoast SEO plugin v20.9 - https:\/\/yoast.com\/wordpress\/plugins\/seo\/ -->\n<title>Last One Standing | CZ: SimplePlan.cz<\/title>\n<meta name=\"robots\" content=\"index, follow, max-snippet:-1, max-image-preview:large, max-video-preview:-1\" \/>\n<link rel=\"canonical\" href=\"https:\/\/www.simpleplan.cz\/cz\/index.php\/kapela\/diskografie\/last-one-standing\/\" \/>\n<meta property=\"og:locale\" content=\"cs_CZ\" \/>\n<meta property=\"og:type\" content=\"article\" \/>\n<meta property=\"og:title\" content=\"Last One Standing | CZ: SimplePlan.cz\" \/>\n<meta property=\"og:description\" content=\"Z\u00e1kladn\u00ed info Album: Get Your Heart On! Auto\u0159i textu: Pierre Bouvier, Chuck Comeau Dodate\u010dn\u00e1 spolupr\u00e1ce:\" \/>\n<meta property=\"og:url\" content=\"https:\/\/www.simpleplan.cz\/cz\/index.php\/kapela\/diskografie\/last-one-standing\/\" \/>\n<meta property=\"og:site_name\" content=\"CZ: SimplePlan.cz\" \/>\n<meta property=\"article:publisher\" content=\"http:\/\/www.facebook.com\/simpleplancz\" \/>\n<meta property=\"article:modified_time\" content=\"2023-06-26T07:29:57+00:00\" \/>\n<meta property=\"og:image\" content=\"http:\/\/www.simpleplan.cz\/cz\/wp-content\/uploads\/logo.gif\" \/>\n<meta name=\"twitter:card\" content=\"summary_large_image\" \/>\n<meta name=\"twitter:site\" content=\"@simpleplancz\" \/>\n<meta name=\"twitter:label1\" content=\"Odhadovan\u00e1 doba \u010dten\u00ed\" \/>\n\t<meta name=\"twitter:data1\" content=\"4 minuty\" \/>\n<script type=\"application\/ld+json\" class=\"yoast-schema-graph\">{\"@context\":\"https:\/\/schema.org\",\"@graph\":[{\"@type\":\"WebPage\",\"@id\":\"https:\/\/www.simpleplan.cz\/cz\/index.php\/kapela\/diskografie\/last-one-standing\/\",\"url\":\"https:\/\/www.simpleplan.cz\/cz\/index.php\/kapela\/diskografie\/last-one-standing\/\",\"name\":\"Last One Standing | CZ: SimplePlan.cz\",\"isPartOf\":{\"@id\":\"https:\/\/www.simpleplan.cz\/cz\/#website\"},\"datePublished\":\"2012-11-13T20:31:09+00:00\",\"dateModified\":\"2023-06-26T07:29:57+00:00\",\"breadcrumb\":{\"@id\":\"https:\/\/www.simpleplan.cz\/cz\/index.php\/kapela\/diskografie\/last-one-standing\/#breadcrumb\"},\"inLanguage\":\"cs\",\"potentialAction\":[{\"@type\":\"ReadAction\",\"target\":[\"https:\/\/www.simpleplan.cz\/cz\/index.php\/kapela\/diskografie\/last-one-standing\/\"]}]},{\"@type\":\"BreadcrumbList\",\"@id\":\"https:\/\/www.simpleplan.cz\/cz\/index.php\/kapela\/diskografie\/last-one-standing\/#breadcrumb\",\"itemListElement\":[{\"@type\":\"ListItem\",\"position\":1,\"name\":\"Dom\u016f\",\"item\":\"https:\/\/www.simpleplan.cz\/cz\/\"},{\"@type\":\"ListItem\",\"position\":2,\"name\":\"Kapela\",\"item\":\"https:\/\/www.simpleplan.cz\/cz\/index.php\/kapela\/\"},{\"@type\":\"ListItem\",\"position\":3,\"name\":\"Diskografie\",\"item\":\"https:\/\/www.simpleplan.cz\/cz\/index.php\/kapela\/diskografie\/\"},{\"@type\":\"ListItem\",\"position\":4,\"name\":\"Last One Standing\"}]},{\"@type\":\"WebSite\",\"@id\":\"https:\/\/www.simpleplan.cz\/cz\/#website\",\"url\":\"https:\/\/www.simpleplan.cz\/cz\/\",\"name\":\"CZ: SimplePlan.cz\",\"description\":\"Nejlep\u0161\u00ed zdroj informac\u00ed o kapele Simple Plan\",\"publisher\":{\"@id\":\"https:\/\/www.simpleplan.cz\/cz\/#organization\"},\"potentialAction\":[{\"@type\":\"SearchAction\",\"target\":{\"@type\":\"EntryPoint\",\"urlTemplate\":\"https:\/\/www.simpleplan.cz\/cz\/?s={search_term_string}\"},\"query-input\":\"required name=search_term_string\"}],\"inLanguage\":\"cs\"},{\"@type\":\"Organization\",\"@id\":\"https:\/\/www.simpleplan.cz\/cz\/#organization\",\"name\":\"CZ: SimplePlan.cz\",\"url\":\"https:\/\/www.simpleplan.cz\/cz\/\",\"logo\":{\"@type\":\"ImageObject\",\"inLanguage\":\"cs\",\"@id\":\"https:\/\/www.simpleplan.cz\/cz\/#\/schema\/logo\/image\/\",\"url\":\"https:\/\/www.simpleplan.cz\/cz\/wp-content\/uploads\/spczlogo.png\",\"contentUrl\":\"https:\/\/www.simpleplan.cz\/cz\/wp-content\/uploads\/spczlogo.png\",\"width\":250,\"height\":190,\"caption\":\"CZ: SimplePlan.cz\"},\"image\":{\"@id\":\"https:\/\/www.simpleplan.cz\/cz\/#\/schema\/logo\/image\/\"},\"sameAs\":[\"http:\/\/www.facebook.com\/simpleplancz\",\"https:\/\/twitter.com\/simpleplancz\",\"http:\/\/www.instagram.com\/simpleplancz\",\"http:\/\/www.youtube.com\/simpleplancz\"]}]}<\/script>\n<!-- \/ Yoast SEO plugin. -->","yoast_head_json":{"title":"Last One Standing | CZ: SimplePlan.cz","robots":{"index":"index","follow":"follow","max-snippet":"max-snippet:-1","max-image-preview":"max-image-preview:large","max-video-preview":"max-video-preview:-1"},"canonical":"https:\/\/www.simpleplan.cz\/cz\/index.php\/kapela\/diskografie\/last-one-standing\/","og_locale":"cs_CZ","og_type":"article","og_title":"Last One Standing | CZ: SimplePlan.cz","og_description":"Z\u00e1kladn\u00ed info Album: Get Your Heart On! Auto\u0159i textu: Pierre Bouvier, Chuck Comeau Dodate\u010dn\u00e1 spolupr\u00e1ce:","og_url":"https:\/\/www.simpleplan.cz\/cz\/index.php\/kapela\/diskografie\/last-one-standing\/","og_site_name":"CZ: SimplePlan.cz","article_publisher":"http:\/\/www.facebook.com\/simpleplancz","article_modified_time":"2023-06-26T07:29:57+00:00","og_image":[{"url":"http:\/\/www.simpleplan.cz\/cz\/wp-content\/uploads\/logo.gif"}],"twitter_card":"summary_large_image","twitter_site":"@simpleplancz","twitter_misc":{"Odhadovan\u00e1 doba \u010dten\u00ed":"4 minuty"},"schema":{"@context":"https:\/\/schema.org","@graph":[{"@type":"WebPage","@id":"https:\/\/www.simpleplan.cz\/cz\/index.php\/kapela\/diskografie\/last-one-standing\/","url":"https:\/\/www.simpleplan.cz\/cz\/index.php\/kapela\/diskografie\/last-one-standing\/","name":"Last One Standing | CZ: SimplePlan.cz","isPartOf":{"@id":"https:\/\/www.simpleplan.cz\/cz\/#website"},"datePublished":"2012-11-13T20:31:09+00:00","dateModified":"2023-06-26T07:29:57+00:00","breadcrumb":{"@id":"https:\/\/www.simpleplan.cz\/cz\/index.php\/kapela\/diskografie\/last-one-standing\/#breadcrumb"},"inLanguage":"cs","potentialAction":[{"@type":"ReadAction","target":["https:\/\/www.simpleplan.cz\/cz\/index.php\/kapela\/diskografie\/last-one-standing\/"]}]},{"@type":"BreadcrumbList","@id":"https:\/\/www.simpleplan.cz\/cz\/index.php\/kapela\/diskografie\/last-one-standing\/#breadcrumb","itemListElement":[{"@type":"ListItem","position":1,"name":"Dom\u016f","item":"https:\/\/www.simpleplan.cz\/cz\/"},{"@type":"ListItem","position":2,"name":"Kapela","item":"https:\/\/www.simpleplan.cz\/cz\/index.php\/kapela\/"},{"@type":"ListItem","position":3,"name":"Diskografie","item":"https:\/\/www.simpleplan.cz\/cz\/index.php\/kapela\/diskografie\/"},{"@type":"ListItem","position":4,"name":"Last One Standing"}]},{"@type":"WebSite","@id":"https:\/\/www.simpleplan.cz\/cz\/#website","url":"https:\/\/www.simpleplan.cz\/cz\/","name":"CZ: SimplePlan.cz","description":"Nejlep\u0161\u00ed zdroj informac\u00ed o kapele Simple Plan","publisher":{"@id":"https:\/\/www.simpleplan.cz\/cz\/#organization"},"potentialAction":[{"@type":"SearchAction","target":{"@type":"EntryPoint","urlTemplate":"https:\/\/www.simpleplan.cz\/cz\/?s={search_term_string}"},"query-input":"required name=search_term_string"}],"inLanguage":"cs"},{"@type":"Organization","@id":"https:\/\/www.simpleplan.cz\/cz\/#organization","name":"CZ: SimplePlan.cz","url":"https:\/\/www.simpleplan.cz\/cz\/","logo":{"@type":"ImageObject","inLanguage":"cs","@id":"https:\/\/www.simpleplan.cz\/cz\/#\/schema\/logo\/image\/","url":"https:\/\/www.simpleplan.cz\/cz\/wp-content\/uploads\/spczlogo.png","contentUrl":"https:\/\/www.simpleplan.cz\/cz\/wp-content\/uploads\/spczlogo.png","width":250,"height":190,"caption":"CZ: SimplePlan.cz"},"image":{"@id":"https:\/\/www.simpleplan.cz\/cz\/#\/schema\/logo\/image\/"},"sameAs":["http:\/\/www.facebook.com\/simpleplancz","https:\/\/twitter.com\/simpleplancz","http:\/\/www.instagram.com\/simpleplancz","http:\/\/www.youtube.com\/simpleplancz"]}]}},"_links":{"self":[{"href":"https:\/\/www.simpleplan.cz\/cz\/index.php\/wp-json\/wp\/v2\/pages\/11983"}],"collection":[{"href":"https:\/\/www.simpleplan.cz\/cz\/index.php\/wp-json\/wp\/v2\/pages"}],"about":[{"href":"https:\/\/www.simpleplan.cz\/cz\/index.php\/wp-json\/wp\/v2\/types\/page"}],"author":[{"embeddable":true,"href":"https:\/\/www.simpleplan.cz\/cz\/index.php\/wp-json\/wp\/v2\/users\/5"}],"replies":[{"embeddable":true,"href":"https:\/\/www.simpleplan.cz\/cz\/index.php\/wp-json\/wp\/v2\/comments?post=11983"}],"version-history":[{"count":6,"href":"https:\/\/www.simpleplan.cz\/cz\/index.php\/wp-json\/wp\/v2\/pages\/11983\/revisions"}],"predecessor-version":[{"id":23275,"href":"https:\/\/www.simpleplan.cz\/cz\/index.php\/wp-json\/wp\/v2\/pages\/11983\/revisions\/23275"}],"up":[{"embeddable":true,"href":"https:\/\/www.simpleplan.cz\/cz\/index.php\/wp-json\/wp\/v2\/pages\/5273"}],"wp:attachment":[{"href":"https:\/\/www.simpleplan.cz\/cz\/index.php\/wp-json\/wp\/v2\/media?parent=11983"}],"curies":[{"name":"wp","href":"https:\/\/api.w.org\/{rel}","templated":true}]}}