{"id":11989,"date":"2012-11-13T22:04:28","date_gmt":"2012-11-13T21:04:28","guid":{"rendered":"http:\/\/www.simpleplan.cz\/cz\/?page_id=11989"},"modified":"2023-06-26T09:29:58","modified_gmt":"2023-06-26T07:29:58","slug":"this-song-saved-my-life","status":"publish","type":"page","link":"https:\/\/www.simpleplan.cz\/cz\/index.php\/kapela\/diskografie\/this-song-saved-my-life\/","title":{"rendered":"This Song Saved My Life"},"content":{"rendered":"<div class=\"pagecontent\">\n<div class=\"girls\"><b><u>Z\u00e1kladn\u00ed info<\/u><\/b><\/div>\n<p><b>Album:<\/b> Get Your Heart On!<br \/>\n<b>Auto\u0159i textu:<\/b> Pierre Bouvier, Chuck Comeau, tweety fanou\u0161k\u016f Simple Plan, Toby Gad<br \/>\n<b>Dodate\u010dn\u00e1 spolupr\u00e1ce:<\/b> Brian Howes (produkce), fanou\u0161ci Simple Plan (dodate\u010dn\u00e9 vok\u00e1ly), Toby Gad (klav\u00edr)<br \/>\n<b>D\u00e9lka p\u00edsn\u011b:<\/b> 3:10<br \/>\n<b>Datum vyd\u00e1n\u00ed videoklipu:<\/b> 2. listopadu 2012<\/p>\n<div class=\"girls\"><b><u>V\u00fdznam p\u00edsn\u011b<\/u><\/b><\/div>\n<p>This Song Saved My Life doslova znamen\u00e1 &#8222;Tato p\u00edse\u0148 mi zachr\u00e1nila \u017eivot&#8220;. P\u00edse\u0148 byla naps\u00e1na za pomoc\u00ed tweet\u016f fanou\u0161k\u016f, kter\u00e9 Chuck po\u017e\u00e1dal, aby mu napsali <b>jak jim hudba Simple Plan nebo hudba v\u0161eobecn\u011b zm\u011bnila nebo zachr\u00e1nila \u017eivot<\/b>. Pot\u00e9 on, Pierre a Toby Gad tyto tweety spole\u010dn\u011b dali dohromady a vytvo\u0159ili p\u00edse\u0148, kter\u00e1 reflektuje v\u0161echny tyto pocity, kter\u00e9 vystihuj\u00ed, jak d\u016fle\u017eit\u00e1 m\u016f\u017ee n\u011bkdy hudba b\u00fdt.<\/p>\n<blockquote><p><i>&#8222;Mysl\u00edm si, \u017ee nejv\u00fdsti\u017en\u011bj\u0161\u00ed zp\u016fsob, jak tuto p\u00edse\u0148 popsat je &#8211; <b>je to p\u00edse\u0148 od fanou\u0161k\u016f pro fanou\u0161ky<\/b>. Na\u0161e kapela, Simple Plan, je od za\u010d\u00e1tku jen o v\u00e1s, o fanou\u0161c\u00edch. M\u00e1me s v\u00e1me neuv\u011b\u0159iteln\u00e9 spojen\u00ed: mluv\u00edme s v\u00e1mi po koncertech, \u010dteme va\u0161e dopisy, \u010dteme v\u00e1s na Twitteru, bav\u00edme se s v\u00e1mi, v\u00edme o va\u0161ich \u017eivotech a je neuv\u011b\u0159iteln\u00e9, jak moc na v\u00e1s m\u016f\u017ee m\u00edt na\u0161e hudba vliv, jak moc v\u00e1m m\u016f\u017ee pomoci v t\u011b\u017ek\u00fdch \u010dasech a jak moc m\u016f\u017ee va\u0161e \u017eivoty zm\u011bnit.&#8220;<\/i><br \/>\n<center> &#8211; Chuck Comeau &#8211;<\/center><\/p><\/blockquote>\n<blockquote><p><i>&#8222;Tato p\u00edse\u0148 je o s\u00edle hudby, o tom, jak hudba skute\u010dn\u011b dok\u00e1\u017ee zm\u011bnit ur\u010dit\u00e9 v\u011bci v \u017eivot\u011b \u010dlov\u011bka. <b>A lid\u00e9 si n\u011bkdy ani neuv\u011bdomuj\u00ed, jak moc d\u016fle\u017eit\u00e1 hudba v \u017eivot\u011b pro lidi m\u016f\u017ee b\u00fdt.&#8220;<\/b><\/i><br \/>\n<center>&#8211; Jeff Stinco &#8211;<\/center><\/p><\/blockquote>\n<div class=\"girls\"><b><u>Videoklip<\/u><\/b><\/div>\n<p><center><iframe width=\"480\" height=\"270\" src=\"http:\/\/www.youtube.com\/embed\/1__N77CLoEc\" frameborder=\"0\" allowfullscreen><\/iframe><\/center><\/p>\n<div class=\"girls\"><b><u>Text p\u00edsn\u011b<\/u><\/b><\/div>\n<p><center><br \/>\nI wanna start<br \/>\nBy letting you know this<br \/>\nBecause of you<br \/>\nMy life has a purpose<br \/>\nYou helped me be who I am today<br \/>\nI see myself in every word you say<\/center><\/p>\n<p><center>Sometimes it feels<br \/>\nLike nobody gets me<br \/>\nTrapped in a world<br \/>\nWhere everyone hates me<\/center><\/p>\n<p><center>There&#8217;s so much<br \/>\nThat I&#8217;m going through<br \/>\nI wouldn&#8217;t be here<br \/>\nIf it wasn&#8217;t for you<\/center><\/p>\n<p><center>I was broken<br \/>\nI was choking<br \/>\nI was lost<br \/>\nThis song saved my life<\/center><\/p>\n<p><center>I was bleeding<br \/>\nStopped believing<br \/>\nCould have died<br \/>\nThis song saved my life<\/center><\/p>\n<p><center>I was down<br \/>\nI was drowning<br \/>\nBut it came on just in time<br \/>\nThis song saved my life<\/center><\/p>\n<p><center>Sometimes I feel<br \/>\nLike you&#8217;ve known me forever<br \/>\nYou always know<br \/>\nHow to make me feel better<\/center><\/p>\n<p><center>Because of you<br \/>\nMy dad and me<br \/>\nAre so much closer<br \/>\nThan we used to be<\/center><\/p>\n<p><center>You&#8217;re my escape<br \/>\nWhen I&#8217;m stuck in this small town<br \/>\nI turn you up<br \/>\nWhenever I feel down<\/center><\/p>\n<p><center>You let me know like no one else<br \/>\nThat it&#8217;s okay to be myself<\/center><\/p>\n<p><center>I was broken<br \/>\nI was choking<br \/>\nI was lost<br \/>\nThis song saved my life<\/center><\/p>\n<p><center>I was bleeding<br \/>\nStopped believing<br \/>\nCould have died<br \/>\nThis song saved my life<\/center><\/p>\n<p><center>I was down<br \/>\nI was drowning<br \/>\nBut it came on just in time<br \/>\nThis song saved my life<\/center><\/p>\n<p><center>You&#8217;ll never know<br \/>\nWhat it means to me<br \/>\nThat I&#8217;m not alone<br \/>\nThat I&#8217;ll never have to be<\/center><\/p>\n<p><center>I was broken<br \/>\nI was choking<br \/>\nI was lost<br \/>\nThis song saved my life<\/center><\/p>\n<p><center>I was bleeding<br \/>\nStopped believing<br \/>\nCould have died<br \/>\nThis song saved my life<\/center><\/p>\n<p><center>I was down<br \/>\nI was drowning<br \/>\nBut it came on just in time<br \/>\nThis song saved my life<\/center><\/p>\n<p><center>My life<br \/>\nMy life<br \/>\nThis song saved my life<\/center><\/p>\n<p><center>My life<br \/>\nMy life<br \/>\nThis song saved my life<\/center><\/p>\n<p><center>My life<br \/>\nMy life<br \/>\nThis song saved my life<\/center><\/p>\n<p><center>My life<br \/>\nMy life<br \/>\nThis song saved my life<br \/>\n<\/center><\/p>\n<div class=\"girls\"><b><u>\u010cesk\u00fd p\u0159eklad<\/u><\/b><\/div>\n<p><center><br \/>\nChci za\u010d\u00edt t\u00edm,<br \/>\n\u017ee ti \u0159eknu tohle<br \/>\nD\u00edky tob\u011b<br \/>\nm\u00e1 m\u016fj \u017eivot smysl<br \/>\nPomohla jsi mi st\u00e1t se t\u00edm, k\u00fdm jsem te\u010f<br \/>\nVid\u00edm se v ka\u017ed\u00e9m slov\u011b, kter\u00e9 \u0159ekne\u0161<\/center><\/p>\n<p><center>N\u011bkdy mi p\u0159ijde,<br \/>\n\u017ee m\u011b nikdo nech\u00e1pe<br \/>\nJsem jako v pasti ve sv\u011bt\u011b,<br \/>\nkde m\u011b ka\u017ed\u00fd nen\u00e1vid\u00ed<\/center><\/p>\n<p><center>Je tu toho tolik,<br \/>\n\u010d\u00edm proch\u00e1z\u00edm<br \/>\nNebyl bych tady,<br \/>\nkdyby nebylo tebe<\/center><\/p>\n<p><center>Byl jsem zni\u010den,<br \/>\ndusil jsem se<br \/>\nByl jsem ztracen<br \/>\nTahle p\u00edse\u0148 mi zachr\u00e1nila \u017eivot<\/center><\/p>\n<p><center>Krv\u00e1cel jsem,<br \/>\np\u0159estal jsem v\u011b\u0159it<br \/>\nMohl jsem zem\u0159\u00edt,<br \/>\nTahle p\u00edse\u0148 mi zachr\u00e1nila \u017eivot<\/center><\/p>\n<p><center>Byl jsem na dn\u011b<br \/>\nTopil jsem se<br \/>\nAle p\u0159i\u0161la jako na zavolanou<br \/>\nTahle p\u00edse\u0148 mi zachr\u00e1nila \u017eivot<\/center><\/p>\n<p><center>N\u011bkdy mi p\u0159ipad\u00e1,<br \/>\nJako kdybys m\u011b znala cel\u00fd m\u016fj \u017eivot<br \/>\nV\u017edycky v\u00ed\u0161<br \/>\nJak m\u011b povzbudit<\/center><\/p>\n<p><center>D\u00edky tob\u011b<br \/>\nJsme si s m\u00fdm t\u00e1tou<br \/>\nMnohem bl\u00ed\u017e<br \/>\nNe\u017e jsme b\u00fdvali<\/center><\/p>\n<p><center>Jsi m\u00fdm \u00fanikem<br \/>\nKdy\u017e jsem zav\u0159en v tomto mal\u00e9m m\u011bst\u011b<br \/>\nPust\u00edm si t\u011b<br \/>\nKdykoliv se c\u00edt\u00edm \u0161patn\u011b<\/center><\/p>\n<p><center>D\u00e1v\u00e1\u0161 mi najevo jako nikdo jin\u00fd<br \/>\n\u017de je v po\u0159\u00e1dku b\u00fdt s\u00e1m sebou<\/center><\/p>\n<p><center>Byl jsem zni\u010den,<br \/>\ndusil jsem se<br \/>\nByl jsem ztracen<br \/>\nTahle p\u00edse\u0148 mi zachr\u00e1nila \u017eivot<\/center><\/p>\n<p><center>Krv\u00e1cel jsem,<br \/>\np\u0159estal jsem v\u011b\u0159it<br \/>\nMohl jsem zem\u0159\u00edt,<br \/>\nTahle p\u00edse\u0148 mi zachr\u00e1nila \u017eivot<\/center><\/p>\n<p><center>Byl jsem na dn\u011b<br \/>\nTopil jsem se<br \/>\nAle p\u0159i\u0161la jako na zavolanou<br \/>\nTahle p\u00edse\u0148 mi zachr\u00e1nila \u017eivot<\/center><\/p>\n<p><center>Nikdy nepochop\u00ed\u0161<br \/>\nCo to pro m\u011b znamen\u00e1<br \/>\n\u017de nejsem s\u00e1m<br \/>\nA \u017ee nikdy nebudu muset b\u00fdt<\/center><\/p>\n<p><center>Byl jsem zni\u010den,<br \/>\ndusil jsem se<br \/>\nByl jsem ztracen<br \/>\nTahle p\u00edse\u0148 mi zachr\u00e1nila \u017eivot<\/center><\/p>\n<p><center>Krv\u00e1cel jsem,<br \/>\np\u0159estal jsem v\u011b\u0159it<br \/>\nMohl jsem zem\u0159\u00edt,<br \/>\nTahle p\u00edse\u0148 mi zachr\u00e1nila \u017eivot<\/center><\/p>\n<p><center>Byl jsem na dn\u011b<br \/>\nTopil jsem se<br \/>\nAle p\u0159i\u0161la jako na zavolanou<br \/>\nTahle p\u00edse\u0148 mi zachr\u00e1nila \u017eivot<\/center><\/p>\n<p><center>M\u016fj \u017eivot<br \/>\nM\u016fj \u017eivot<br \/>\nTahle p\u00edse\u0148 mi zachr\u00e1nila \u017eivot<\/center><\/p>\n<p><center>M\u016fj \u017eivot<br \/>\nM\u016fj \u017eivot<br \/>\nTahle p\u00edse\u0148 mi zachr\u00e1nila \u017eivot<\/center><\/p>\n<p><center>M\u016fj \u017eivot<br \/>\nM\u016fj \u017eivot<br \/>\nTahle p\u00edse\u0148 mi zachr\u00e1nila \u017eivot<\/center><\/p>\n<p><center>M\u016fj \u017eivot<br \/>\nM\u016fj \u017eivot<br \/>\nTahle p\u00edse\u0148 mi zachr\u00e1nila \u017eivot<br \/>\n<\/center>\n<\/div>\n<div class=\"fblikebutton_button\" style=\"float: left; padding-top: 20px; margin-right: 20px; padding-bottom: 20px; padding-left: 20px;\"><iframe src=\"http:\/\/www.facebook.com\/plugins\/like.php?href=https%3A%2F%2Fwww.simpleplan.cz%2Fcz%2Findex.php%2Fkapela%2Fdiskografie%2Fthis-song-saved-my-life%2F&amp;layout=standard&amp;show-faces=false&amp;width=450&amp;action=like&amp;colorscheme=light\" scrolling=\"no\" frameborder=\"0\" allowTransparency=\"true\" style=\"border:none; overflow:hidden; width:450px; height:26px\"><\/iframe><\/div>\n","protected":false},"excerpt":{"rendered":"<p>Z\u00e1kladn\u00ed info Album: Get Your Heart On! Auto\u0159i textu: Pierre Bouvier, Chuck Comeau, tweety fanou\u0161k\u016f<\/p>\n","protected":false},"author":5,"featured_media":0,"parent":5273,"menu_order":0,"comment_status":"open","ping_status":"open","template":"page-templates\/full-width.php","meta":{"footnotes":""},"yoast_head":"<!-- This site is optimized with the Yoast SEO plugin v20.9 - https:\/\/yoast.com\/wordpress\/plugins\/seo\/ -->\n<title>This Song Saved My Life | CZ: SimplePlan.cz<\/title>\n<meta name=\"robots\" content=\"index, follow, max-snippet:-1, max-image-preview:large, max-video-preview:-1\" \/>\n<link rel=\"canonical\" href=\"https:\/\/www.simpleplan.cz\/cz\/index.php\/kapela\/diskografie\/this-song-saved-my-life\/\" \/>\n<meta property=\"og:locale\" content=\"cs_CZ\" \/>\n<meta property=\"og:type\" content=\"article\" \/>\n<meta property=\"og:title\" content=\"This Song Saved My Life | CZ: SimplePlan.cz\" \/>\n<meta property=\"og:description\" content=\"Z\u00e1kladn\u00ed info Album: Get Your Heart On! Auto\u0159i textu: Pierre Bouvier, Chuck Comeau, tweety fanou\u0161k\u016f\" \/>\n<meta property=\"og:url\" content=\"https:\/\/www.simpleplan.cz\/cz\/index.php\/kapela\/diskografie\/this-song-saved-my-life\/\" \/>\n<meta property=\"og:site_name\" content=\"CZ: SimplePlan.cz\" \/>\n<meta property=\"article:publisher\" content=\"http:\/\/www.facebook.com\/simpleplancz\" \/>\n<meta property=\"article:modified_time\" content=\"2023-06-26T07:29:58+00:00\" \/>\n<meta property=\"og:image\" content=\"http:\/\/www.simpleplan.cz\/cz\/wp-content\/uploads\/logo.gif\" \/>\n<meta name=\"twitter:card\" content=\"summary_large_image\" \/>\n<meta name=\"twitter:site\" content=\"@simpleplancz\" \/>\n<meta name=\"twitter:label1\" content=\"Odhadovan\u00e1 doba \u010dten\u00ed\" \/>\n\t<meta name=\"twitter:data1\" content=\"5 minut\" \/>\n<script type=\"application\/ld+json\" class=\"yoast-schema-graph\">{\"@context\":\"https:\/\/schema.org\",\"@graph\":[{\"@type\":\"WebPage\",\"@id\":\"https:\/\/www.simpleplan.cz\/cz\/index.php\/kapela\/diskografie\/this-song-saved-my-life\/\",\"url\":\"https:\/\/www.simpleplan.cz\/cz\/index.php\/kapela\/diskografie\/this-song-saved-my-life\/\",\"name\":\"This Song Saved My Life | CZ: SimplePlan.cz\",\"isPartOf\":{\"@id\":\"https:\/\/www.simpleplan.cz\/cz\/#website\"},\"datePublished\":\"2012-11-13T21:04:28+00:00\",\"dateModified\":\"2023-06-26T07:29:58+00:00\",\"breadcrumb\":{\"@id\":\"https:\/\/www.simpleplan.cz\/cz\/index.php\/kapela\/diskografie\/this-song-saved-my-life\/#breadcrumb\"},\"inLanguage\":\"cs\",\"potentialAction\":[{\"@type\":\"ReadAction\",\"target\":[\"https:\/\/www.simpleplan.cz\/cz\/index.php\/kapela\/diskografie\/this-song-saved-my-life\/\"]}]},{\"@type\":\"BreadcrumbList\",\"@id\":\"https:\/\/www.simpleplan.cz\/cz\/index.php\/kapela\/diskografie\/this-song-saved-my-life\/#breadcrumb\",\"itemListElement\":[{\"@type\":\"ListItem\",\"position\":1,\"name\":\"Dom\u016f\",\"item\":\"https:\/\/www.simpleplan.cz\/cz\/\"},{\"@type\":\"ListItem\",\"position\":2,\"name\":\"Kapela\",\"item\":\"https:\/\/www.simpleplan.cz\/cz\/index.php\/kapela\/\"},{\"@type\":\"ListItem\",\"position\":3,\"name\":\"Diskografie\",\"item\":\"https:\/\/www.simpleplan.cz\/cz\/index.php\/kapela\/diskografie\/\"},{\"@type\":\"ListItem\",\"position\":4,\"name\":\"This Song Saved My Life\"}]},{\"@type\":\"WebSite\",\"@id\":\"https:\/\/www.simpleplan.cz\/cz\/#website\",\"url\":\"https:\/\/www.simpleplan.cz\/cz\/\",\"name\":\"CZ: SimplePlan.cz\",\"description\":\"Nejlep\u0161\u00ed zdroj informac\u00ed o kapele Simple Plan\",\"publisher\":{\"@id\":\"https:\/\/www.simpleplan.cz\/cz\/#organization\"},\"potentialAction\":[{\"@type\":\"SearchAction\",\"target\":{\"@type\":\"EntryPoint\",\"urlTemplate\":\"https:\/\/www.simpleplan.cz\/cz\/?s={search_term_string}\"},\"query-input\":\"required name=search_term_string\"}],\"inLanguage\":\"cs\"},{\"@type\":\"Organization\",\"@id\":\"https:\/\/www.simpleplan.cz\/cz\/#organization\",\"name\":\"CZ: SimplePlan.cz\",\"url\":\"https:\/\/www.simpleplan.cz\/cz\/\",\"logo\":{\"@type\":\"ImageObject\",\"inLanguage\":\"cs\",\"@id\":\"https:\/\/www.simpleplan.cz\/cz\/#\/schema\/logo\/image\/\",\"url\":\"https:\/\/www.simpleplan.cz\/cz\/wp-content\/uploads\/spczlogo.png\",\"contentUrl\":\"https:\/\/www.simpleplan.cz\/cz\/wp-content\/uploads\/spczlogo.png\",\"width\":250,\"height\":190,\"caption\":\"CZ: SimplePlan.cz\"},\"image\":{\"@id\":\"https:\/\/www.simpleplan.cz\/cz\/#\/schema\/logo\/image\/\"},\"sameAs\":[\"http:\/\/www.facebook.com\/simpleplancz\",\"https:\/\/twitter.com\/simpleplancz\",\"http:\/\/www.instagram.com\/simpleplancz\",\"http:\/\/www.youtube.com\/simpleplancz\"]}]}<\/script>\n<!-- \/ Yoast SEO plugin. -->","yoast_head_json":{"title":"This Song Saved My Life | CZ: SimplePlan.cz","robots":{"index":"index","follow":"follow","max-snippet":"max-snippet:-1","max-image-preview":"max-image-preview:large","max-video-preview":"max-video-preview:-1"},"canonical":"https:\/\/www.simpleplan.cz\/cz\/index.php\/kapela\/diskografie\/this-song-saved-my-life\/","og_locale":"cs_CZ","og_type":"article","og_title":"This Song Saved My Life | CZ: SimplePlan.cz","og_description":"Z\u00e1kladn\u00ed info Album: Get Your Heart On! Auto\u0159i textu: Pierre Bouvier, Chuck Comeau, tweety fanou\u0161k\u016f","og_url":"https:\/\/www.simpleplan.cz\/cz\/index.php\/kapela\/diskografie\/this-song-saved-my-life\/","og_site_name":"CZ: SimplePlan.cz","article_publisher":"http:\/\/www.facebook.com\/simpleplancz","article_modified_time":"2023-06-26T07:29:58+00:00","og_image":[{"url":"http:\/\/www.simpleplan.cz\/cz\/wp-content\/uploads\/logo.gif"}],"twitter_card":"summary_large_image","twitter_site":"@simpleplancz","twitter_misc":{"Odhadovan\u00e1 doba \u010dten\u00ed":"5 minut"},"schema":{"@context":"https:\/\/schema.org","@graph":[{"@type":"WebPage","@id":"https:\/\/www.simpleplan.cz\/cz\/index.php\/kapela\/diskografie\/this-song-saved-my-life\/","url":"https:\/\/www.simpleplan.cz\/cz\/index.php\/kapela\/diskografie\/this-song-saved-my-life\/","name":"This Song Saved My Life | CZ: SimplePlan.cz","isPartOf":{"@id":"https:\/\/www.simpleplan.cz\/cz\/#website"},"datePublished":"2012-11-13T21:04:28+00:00","dateModified":"2023-06-26T07:29:58+00:00","breadcrumb":{"@id":"https:\/\/www.simpleplan.cz\/cz\/index.php\/kapela\/diskografie\/this-song-saved-my-life\/#breadcrumb"},"inLanguage":"cs","potentialAction":[{"@type":"ReadAction","target":["https:\/\/www.simpleplan.cz\/cz\/index.php\/kapela\/diskografie\/this-song-saved-my-life\/"]}]},{"@type":"BreadcrumbList","@id":"https:\/\/www.simpleplan.cz\/cz\/index.php\/kapela\/diskografie\/this-song-saved-my-life\/#breadcrumb","itemListElement":[{"@type":"ListItem","position":1,"name":"Dom\u016f","item":"https:\/\/www.simpleplan.cz\/cz\/"},{"@type":"ListItem","position":2,"name":"Kapela","item":"https:\/\/www.simpleplan.cz\/cz\/index.php\/kapela\/"},{"@type":"ListItem","position":3,"name":"Diskografie","item":"https:\/\/www.simpleplan.cz\/cz\/index.php\/kapela\/diskografie\/"},{"@type":"ListItem","position":4,"name":"This Song Saved My Life"}]},{"@type":"WebSite","@id":"https:\/\/www.simpleplan.cz\/cz\/#website","url":"https:\/\/www.simpleplan.cz\/cz\/","name":"CZ: SimplePlan.cz","description":"Nejlep\u0161\u00ed zdroj informac\u00ed o kapele Simple Plan","publisher":{"@id":"https:\/\/www.simpleplan.cz\/cz\/#organization"},"potentialAction":[{"@type":"SearchAction","target":{"@type":"EntryPoint","urlTemplate":"https:\/\/www.simpleplan.cz\/cz\/?s={search_term_string}"},"query-input":"required name=search_term_string"}],"inLanguage":"cs"},{"@type":"Organization","@id":"https:\/\/www.simpleplan.cz\/cz\/#organization","name":"CZ: SimplePlan.cz","url":"https:\/\/www.simpleplan.cz\/cz\/","logo":{"@type":"ImageObject","inLanguage":"cs","@id":"https:\/\/www.simpleplan.cz\/cz\/#\/schema\/logo\/image\/","url":"https:\/\/www.simpleplan.cz\/cz\/wp-content\/uploads\/spczlogo.png","contentUrl":"https:\/\/www.simpleplan.cz\/cz\/wp-content\/uploads\/spczlogo.png","width":250,"height":190,"caption":"CZ: SimplePlan.cz"},"image":{"@id":"https:\/\/www.simpleplan.cz\/cz\/#\/schema\/logo\/image\/"},"sameAs":["http:\/\/www.facebook.com\/simpleplancz","https:\/\/twitter.com\/simpleplancz","http:\/\/www.instagram.com\/simpleplancz","http:\/\/www.youtube.com\/simpleplancz"]}]}},"_links":{"self":[{"href":"https:\/\/www.simpleplan.cz\/cz\/index.php\/wp-json\/wp\/v2\/pages\/11989"}],"collection":[{"href":"https:\/\/www.simpleplan.cz\/cz\/index.php\/wp-json\/wp\/v2\/pages"}],"about":[{"href":"https:\/\/www.simpleplan.cz\/cz\/index.php\/wp-json\/wp\/v2\/types\/page"}],"author":[{"embeddable":true,"href":"https:\/\/www.simpleplan.cz\/cz\/index.php\/wp-json\/wp\/v2\/users\/5"}],"replies":[{"embeddable":true,"href":"https:\/\/www.simpleplan.cz\/cz\/index.php\/wp-json\/wp\/v2\/comments?post=11989"}],"version-history":[{"count":9,"href":"https:\/\/www.simpleplan.cz\/cz\/index.php\/wp-json\/wp\/v2\/pages\/11989\/revisions"}],"predecessor-version":[{"id":23276,"href":"https:\/\/www.simpleplan.cz\/cz\/index.php\/wp-json\/wp\/v2\/pages\/11989\/revisions\/23276"}],"up":[{"embeddable":true,"href":"https:\/\/www.simpleplan.cz\/cz\/index.php\/wp-json\/wp\/v2\/pages\/5273"}],"wp:attachment":[{"href":"https:\/\/www.simpleplan.cz\/cz\/index.php\/wp-json\/wp\/v2\/media?parent=11989"}],"curies":[{"name":"wp","href":"https:\/\/api.w.org\/{rel}","templated":true}]}}