{"id":12300,"date":"2013-01-14T22:59:32","date_gmt":"2013-01-14T21:59:32","guid":{"rendered":"http:\/\/www.simpleplan.cz\/cz\/?page_id=12300"},"modified":"2023-06-26T09:30:17","modified_gmt":"2023-06-26T07:30:17","slug":"jeffovy-bary-a-restaurace","status":"publish","type":"page","link":"https:\/\/www.simpleplan.cz\/cz\/index.php\/kapela\/vedlejsi-projekty\/jeffovy-bary-a-restaurace\/","title":{"rendered":"Jeffovy bary a restaurace"},"content":{"rendered":"<div class=\"pagecontent\">Od roku 2012 za\u010dal <b>Jeff Stinco<\/b> po provincii Quebec &#8211; v\u011bt\u0161inou v\u0161ak p\u0159\u00edmo v Montrealu &#8211; otev\u00edrat r\u016fzn\u00e9 restaura\u010dn\u00ed a barov\u00e9 podniky jako nap\u0159\u00edklad <b>Manfiafoco, Edgar Hyperlodge, Drinkerie Ste-Cun\u00e9gonde, Shinji, Lorbeer, Laurea, Rufus Rockhead<\/b> a <b>Mimi La Nuit<\/b>. <\/p>\n<p>V pr\u016fb\u011bhu let se v\u0161ak Jeff rozhodl zam\u011b\u0159it svou pozornost pouze na jeden z t\u011bchto podnik\u016f, tak\u017ee v sou\u010dasn\u00e9 dob\u011b je Jeff zapojen ji\u017e pouze do sv\u00e9ho \u00fapln\u011b prvn\u00edho podniku &#8211; italsk\u00e9 restaurace Mangiafoco.<\/p>\n<p><center><img decoding=\"async\" src=\"http:\/\/www.simpleplan.cz\/images\/jeff_man01.gif\"\/><\/center><\/p>\n<p><center><\/p>\n<div class=\"musichead\"><center>Mangiafoco<\/center><\/div>\n<p><\/center><br \/>\n<center><b>Typ za\u0159\u00edzen\u00ed:<\/b> restaurace \/ pizzeria \/ mozzarella bar<br \/>\n<b>Datum otev\u0159en\u00ed:<\/b> 20. \u010dervence 2012<br \/>\n<b>Adresa:<\/b> 105 Rue St-Paul, Montreal, Kanada<\/center><\/p>\n<p><center><a href=\"http:\/\/www.mangiafoco.ca\/\" target=\"_blank\" rel=\"noopener\">Ofici\u00e1ln\u00ed str\u00e1nka<\/a> | <a href=\"http:\/\/www.facebook.com\/mangiafoco\" target=\"_blank\" rel=\"noopener\">Facebook<\/a> | <a href=\"https:\/\/twitter.com\/ilmangiafoco\" target=\"_blank\" rel=\"noopener\">Twitter<\/a><\/center><\/p>\n<p><center><img decoding=\"async\" src=\"http:\/\/www.simpleplan.cz\/images\/jeff_man02.gif\"><\/center>\n<\/div>\n<div class=\"fblikebutton_button\" style=\"float: left; padding-top: 20px; margin-right: 20px; padding-bottom: 20px; padding-left: 20px;\"><iframe src=\"http:\/\/www.facebook.com\/plugins\/like.php?href=https%3A%2F%2Fwww.simpleplan.cz%2Fcz%2Findex.php%2Fkapela%2Fvedlejsi-projekty%2Fjeffovy-bary-a-restaurace%2F&amp;layout=standard&amp;show-faces=false&amp;width=450&amp;action=like&amp;colorscheme=light\" scrolling=\"no\" frameborder=\"0\" allowTransparency=\"true\" style=\"border:none; overflow:hidden; width:450px; height:26px\"><\/iframe><\/div>\n","protected":false},"excerpt":{"rendered":"<p>Od roku 2012 za\u010dal Jeff Stinco po provincii Quebec &#8211; v\u011bt\u0161inou v\u0161ak p\u0159\u00edmo v Montrealu<\/p>\n","protected":false},"author":5,"featured_media":0,"parent":5300,"menu_order":0,"comment_status":"open","ping_status":"open","template":"page-templates\/full-width.php","meta":{"footnotes":""},"yoast_head":"<!-- This site is optimized with the Yoast SEO plugin v20.9 - https:\/\/yoast.com\/wordpress\/plugins\/seo\/ -->\n<title>Jeffovy bary a restaurace | CZ: SimplePlan.cz<\/title>\n<meta name=\"robots\" content=\"index, follow, max-snippet:-1, max-image-preview:large, max-video-preview:-1\" \/>\n<link rel=\"canonical\" href=\"https:\/\/www.simpleplan.cz\/cz\/index.php\/kapela\/vedlejsi-projekty\/jeffovy-bary-a-restaurace\/\" \/>\n<meta property=\"og:locale\" content=\"cs_CZ\" \/>\n<meta property=\"og:type\" content=\"article\" \/>\n<meta property=\"og:title\" content=\"Jeffovy bary a restaurace | CZ: SimplePlan.cz\" \/>\n<meta property=\"og:description\" content=\"Od roku 2012 za\u010dal Jeff Stinco po provincii Quebec &#8211; v\u011bt\u0161inou v\u0161ak p\u0159\u00edmo v Montrealu\" \/>\n<meta property=\"og:url\" content=\"https:\/\/www.simpleplan.cz\/cz\/index.php\/kapela\/vedlejsi-projekty\/jeffovy-bary-a-restaurace\/\" \/>\n<meta property=\"og:site_name\" content=\"CZ: SimplePlan.cz\" \/>\n<meta property=\"article:publisher\" content=\"http:\/\/www.facebook.com\/simpleplancz\" \/>\n<meta property=\"article:modified_time\" content=\"2023-06-26T07:30:17+00:00\" \/>\n<meta property=\"og:image\" content=\"http:\/\/www.simpleplan.cz\/images\/jeff_man01.gif\" \/>\n<meta name=\"twitter:card\" content=\"summary_large_image\" \/>\n<meta name=\"twitter:site\" content=\"@simpleplancz\" \/>\n<meta name=\"twitter:label1\" content=\"Odhadovan\u00e1 doba \u010dten\u00ed\" \/>\n\t<meta name=\"twitter:data1\" content=\"1 minuta\" \/>\n<script type=\"application\/ld+json\" class=\"yoast-schema-graph\">{\"@context\":\"https:\/\/schema.org\",\"@graph\":[{\"@type\":\"WebPage\",\"@id\":\"https:\/\/www.simpleplan.cz\/cz\/index.php\/kapela\/vedlejsi-projekty\/jeffovy-bary-a-restaurace\/\",\"url\":\"https:\/\/www.simpleplan.cz\/cz\/index.php\/kapela\/vedlejsi-projekty\/jeffovy-bary-a-restaurace\/\",\"name\":\"Jeffovy bary a restaurace | CZ: SimplePlan.cz\",\"isPartOf\":{\"@id\":\"https:\/\/www.simpleplan.cz\/cz\/#website\"},\"datePublished\":\"2013-01-14T21:59:32+00:00\",\"dateModified\":\"2023-06-26T07:30:17+00:00\",\"breadcrumb\":{\"@id\":\"https:\/\/www.simpleplan.cz\/cz\/index.php\/kapela\/vedlejsi-projekty\/jeffovy-bary-a-restaurace\/#breadcrumb\"},\"inLanguage\":\"cs\",\"potentialAction\":[{\"@type\":\"ReadAction\",\"target\":[\"https:\/\/www.simpleplan.cz\/cz\/index.php\/kapela\/vedlejsi-projekty\/jeffovy-bary-a-restaurace\/\"]}]},{\"@type\":\"BreadcrumbList\",\"@id\":\"https:\/\/www.simpleplan.cz\/cz\/index.php\/kapela\/vedlejsi-projekty\/jeffovy-bary-a-restaurace\/#breadcrumb\",\"itemListElement\":[{\"@type\":\"ListItem\",\"position\":1,\"name\":\"Dom\u016f\",\"item\":\"https:\/\/www.simpleplan.cz\/cz\/\"},{\"@type\":\"ListItem\",\"position\":2,\"name\":\"Kapela\",\"item\":\"https:\/\/www.simpleplan.cz\/cz\/index.php\/kapela\/\"},{\"@type\":\"ListItem\",\"position\":3,\"name\":\"Vedlej\u0161\u00ed projekty\",\"item\":\"https:\/\/www.simpleplan.cz\/cz\/index.php\/kapela\/vedlejsi-projekty\/\"},{\"@type\":\"ListItem\",\"position\":4,\"name\":\"Jeffovy bary a restaurace\"}]},{\"@type\":\"WebSite\",\"@id\":\"https:\/\/www.simpleplan.cz\/cz\/#website\",\"url\":\"https:\/\/www.simpleplan.cz\/cz\/\",\"name\":\"CZ: SimplePlan.cz\",\"description\":\"Nejlep\u0161\u00ed zdroj informac\u00ed o kapele Simple Plan\",\"publisher\":{\"@id\":\"https:\/\/www.simpleplan.cz\/cz\/#organization\"},\"potentialAction\":[{\"@type\":\"SearchAction\",\"target\":{\"@type\":\"EntryPoint\",\"urlTemplate\":\"https:\/\/www.simpleplan.cz\/cz\/?s={search_term_string}\"},\"query-input\":\"required name=search_term_string\"}],\"inLanguage\":\"cs\"},{\"@type\":\"Organization\",\"@id\":\"https:\/\/www.simpleplan.cz\/cz\/#organization\",\"name\":\"CZ: SimplePlan.cz\",\"url\":\"https:\/\/www.simpleplan.cz\/cz\/\",\"logo\":{\"@type\":\"ImageObject\",\"inLanguage\":\"cs\",\"@id\":\"https:\/\/www.simpleplan.cz\/cz\/#\/schema\/logo\/image\/\",\"url\":\"https:\/\/www.simpleplan.cz\/cz\/wp-content\/uploads\/spczlogo.png\",\"contentUrl\":\"https:\/\/www.simpleplan.cz\/cz\/wp-content\/uploads\/spczlogo.png\",\"width\":250,\"height\":190,\"caption\":\"CZ: SimplePlan.cz\"},\"image\":{\"@id\":\"https:\/\/www.simpleplan.cz\/cz\/#\/schema\/logo\/image\/\"},\"sameAs\":[\"http:\/\/www.facebook.com\/simpleplancz\",\"https:\/\/twitter.com\/simpleplancz\",\"http:\/\/www.instagram.com\/simpleplancz\",\"http:\/\/www.youtube.com\/simpleplancz\"]}]}<\/script>\n<!-- \/ Yoast SEO plugin. -->","yoast_head_json":{"title":"Jeffovy bary a restaurace | CZ: SimplePlan.cz","robots":{"index":"index","follow":"follow","max-snippet":"max-snippet:-1","max-image-preview":"max-image-preview:large","max-video-preview":"max-video-preview:-1"},"canonical":"https:\/\/www.simpleplan.cz\/cz\/index.php\/kapela\/vedlejsi-projekty\/jeffovy-bary-a-restaurace\/","og_locale":"cs_CZ","og_type":"article","og_title":"Jeffovy bary a restaurace | CZ: SimplePlan.cz","og_description":"Od roku 2012 za\u010dal Jeff Stinco po provincii Quebec &#8211; v\u011bt\u0161inou v\u0161ak p\u0159\u00edmo v Montrealu","og_url":"https:\/\/www.simpleplan.cz\/cz\/index.php\/kapela\/vedlejsi-projekty\/jeffovy-bary-a-restaurace\/","og_site_name":"CZ: SimplePlan.cz","article_publisher":"http:\/\/www.facebook.com\/simpleplancz","article_modified_time":"2023-06-26T07:30:17+00:00","og_image":[{"url":"http:\/\/www.simpleplan.cz\/images\/jeff_man01.gif"}],"twitter_card":"summary_large_image","twitter_site":"@simpleplancz","twitter_misc":{"Odhadovan\u00e1 doba \u010dten\u00ed":"1 minuta"},"schema":{"@context":"https:\/\/schema.org","@graph":[{"@type":"WebPage","@id":"https:\/\/www.simpleplan.cz\/cz\/index.php\/kapela\/vedlejsi-projekty\/jeffovy-bary-a-restaurace\/","url":"https:\/\/www.simpleplan.cz\/cz\/index.php\/kapela\/vedlejsi-projekty\/jeffovy-bary-a-restaurace\/","name":"Jeffovy bary a restaurace | CZ: SimplePlan.cz","isPartOf":{"@id":"https:\/\/www.simpleplan.cz\/cz\/#website"},"datePublished":"2013-01-14T21:59:32+00:00","dateModified":"2023-06-26T07:30:17+00:00","breadcrumb":{"@id":"https:\/\/www.simpleplan.cz\/cz\/index.php\/kapela\/vedlejsi-projekty\/jeffovy-bary-a-restaurace\/#breadcrumb"},"inLanguage":"cs","potentialAction":[{"@type":"ReadAction","target":["https:\/\/www.simpleplan.cz\/cz\/index.php\/kapela\/vedlejsi-projekty\/jeffovy-bary-a-restaurace\/"]}]},{"@type":"BreadcrumbList","@id":"https:\/\/www.simpleplan.cz\/cz\/index.php\/kapela\/vedlejsi-projekty\/jeffovy-bary-a-restaurace\/#breadcrumb","itemListElement":[{"@type":"ListItem","position":1,"name":"Dom\u016f","item":"https:\/\/www.simpleplan.cz\/cz\/"},{"@type":"ListItem","position":2,"name":"Kapela","item":"https:\/\/www.simpleplan.cz\/cz\/index.php\/kapela\/"},{"@type":"ListItem","position":3,"name":"Vedlej\u0161\u00ed projekty","item":"https:\/\/www.simpleplan.cz\/cz\/index.php\/kapela\/vedlejsi-projekty\/"},{"@type":"ListItem","position":4,"name":"Jeffovy bary a restaurace"}]},{"@type":"WebSite","@id":"https:\/\/www.simpleplan.cz\/cz\/#website","url":"https:\/\/www.simpleplan.cz\/cz\/","name":"CZ: SimplePlan.cz","description":"Nejlep\u0161\u00ed zdroj informac\u00ed o kapele Simple Plan","publisher":{"@id":"https:\/\/www.simpleplan.cz\/cz\/#organization"},"potentialAction":[{"@type":"SearchAction","target":{"@type":"EntryPoint","urlTemplate":"https:\/\/www.simpleplan.cz\/cz\/?s={search_term_string}"},"query-input":"required name=search_term_string"}],"inLanguage":"cs"},{"@type":"Organization","@id":"https:\/\/www.simpleplan.cz\/cz\/#organization","name":"CZ: SimplePlan.cz","url":"https:\/\/www.simpleplan.cz\/cz\/","logo":{"@type":"ImageObject","inLanguage":"cs","@id":"https:\/\/www.simpleplan.cz\/cz\/#\/schema\/logo\/image\/","url":"https:\/\/www.simpleplan.cz\/cz\/wp-content\/uploads\/spczlogo.png","contentUrl":"https:\/\/www.simpleplan.cz\/cz\/wp-content\/uploads\/spczlogo.png","width":250,"height":190,"caption":"CZ: SimplePlan.cz"},"image":{"@id":"https:\/\/www.simpleplan.cz\/cz\/#\/schema\/logo\/image\/"},"sameAs":["http:\/\/www.facebook.com\/simpleplancz","https:\/\/twitter.com\/simpleplancz","http:\/\/www.instagram.com\/simpleplancz","http:\/\/www.youtube.com\/simpleplancz"]}]}},"_links":{"self":[{"href":"https:\/\/www.simpleplan.cz\/cz\/index.php\/wp-json\/wp\/v2\/pages\/12300"}],"collection":[{"href":"https:\/\/www.simpleplan.cz\/cz\/index.php\/wp-json\/wp\/v2\/pages"}],"about":[{"href":"https:\/\/www.simpleplan.cz\/cz\/index.php\/wp-json\/wp\/v2\/types\/page"}],"author":[{"embeddable":true,"href":"https:\/\/www.simpleplan.cz\/cz\/index.php\/wp-json\/wp\/v2\/users\/5"}],"replies":[{"embeddable":true,"href":"https:\/\/www.simpleplan.cz\/cz\/index.php\/wp-json\/wp\/v2\/comments?post=12300"}],"version-history":[{"count":34,"href":"https:\/\/www.simpleplan.cz\/cz\/index.php\/wp-json\/wp\/v2\/pages\/12300\/revisions"}],"predecessor-version":[{"id":33095,"href":"https:\/\/www.simpleplan.cz\/cz\/index.php\/wp-json\/wp\/v2\/pages\/12300\/revisions\/33095"}],"up":[{"embeddable":true,"href":"https:\/\/www.simpleplan.cz\/cz\/index.php\/wp-json\/wp\/v2\/pages\/5300"}],"wp:attachment":[{"href":"https:\/\/www.simpleplan.cz\/cz\/index.php\/wp-json\/wp\/v2\/media?parent=12300"}],"curies":[{"name":"wp","href":"https:\/\/api.w.org\/{rel}","templated":true}]}}