{"id":12808,"date":"2013-03-26T19:45:42","date_gmt":"2013-03-26T18:45:42","guid":{"rendered":"http:\/\/www.simpleplan.cz\/cz\/?page_id=12808"},"modified":"2023-06-26T22:29:30","modified_gmt":"2023-06-26T20:29:30","slug":"nahravaci-spolecnost-management","status":"publish","type":"page","link":"https:\/\/www.simpleplan.cz\/cz\/index.php\/kapela\/nahravaci-spolecnost-management\/","title":{"rendered":"Label &#038; management"},"content":{"rendered":"\t\t<div data-elementor-type=\"wp-page\" data-elementor-id=\"12808\" class=\"elementor elementor-12808\">\n\t\t\t\t\t\t<section class=\"elementor-section elementor-top-section elementor-element elementor-element-3f6df77 elementor-section-boxed elementor-section-height-default elementor-section-height-default\" data-id=\"3f6df77\" data-element_type=\"section\">\n\t\t\t\t\t\t<div class=\"elementor-container elementor-column-gap-default\">\n\t\t\t\t\t<div class=\"elementor-column elementor-col-100 elementor-top-column elementor-element elementor-element-ae2de1b\" data-id=\"ae2de1b\" data-element_type=\"column\">\n\t\t\t<div class=\"elementor-widget-wrap\">\n\t\t\t\t\t\t\t<\/div>\n\t\t<\/div>\n\t\t\t\t\t<\/div>\n\t\t<\/section>\n\t\t\t\t<section class=\"elementor-section elementor-top-section elementor-element elementor-element-092bb6c elementor-section-boxed elementor-section-height-default elementor-section-height-default\" data-id=\"092bb6c\" data-element_type=\"section\">\n\t\t\t\t\t\t<div class=\"elementor-container elementor-column-gap-default\">\n\t\t\t\t\t<div class=\"elementor-column elementor-col-100 elementor-top-column elementor-element elementor-element-1e67411\" data-id=\"1e67411\" data-element_type=\"column\">\n\t\t\t<div class=\"elementor-widget-wrap elementor-element-populated\">\n\t\t\t\t\t\t<div class=\"elementor-element elementor-element-9312450 elementor-widget elementor-widget-eael-adv-tabs\" data-id=\"9312450\" data-element_type=\"widget\" data-widget_type=\"eael-adv-tabs.default\">\n\t\t\t\t<div class=\"elementor-widget-container\">\n\t\t\t\t\t        <div data-scroll-on-click=\"no\" data-scroll-speed=\"300\" id=\"eael-advance-tabs-9312450\" class=\"eael-advance-tabs eael-tabs-horizontal eael-tab-auto-active \" data-tabid=\"9312450\">\n            <div class=\"eael-tabs-nav \">\n                <ul class=\"\" role=\"tablist\">\n                                            <li id=\"management\" class=\"inactive eael-tab-item-trigger eael-tab-nav-item\" aria-selected=\"true\" data-tab=\"1\" role=\"tab\" tabindex=\"0\" aria-controls=\"management-tab\" aria-expanded=\"false\">\n                            \n                            \n                            \n                                                            <span class=\"eael-tab-title title-after-icon\" >MANAGEMENT<\/span>                                                    <\/li>\n                                            <li id=\"bval-nahrvac-spolenost\" class=\"inactive eael-tab-item-trigger eael-tab-nav-item\" aria-selected=\"false\" data-tab=\"2\" role=\"tab\" tabindex=\"-1\" aria-controls=\"bval-nahrvac-spolenost-tab\" aria-expanded=\"false\">\n                            \n                            \n                            \n                                                            <span class=\"eael-tab-title title-after-icon\" >B\u00ddVAL\u00c1 NAHR\u00c1VAC\u00cd SPOLE\u010cNOST<\/span>                                                    <\/li>\n                    \n                                  <\/ul>\n            <\/div>\n            \n            <div class=\"eael-tabs-content\">\n\t\t        \n                    <div id=\"management-tab\" class=\"clearfix eael-tab-content-item inactive\" data-title-link=\"management-tab\">\n\t\t\t\t        <p><img fetchpriority=\"high\" decoding=\"async\" class=\"size-medium wp-image-32478 alignleft\" src=\"https:\/\/www.simpleplan.cz\/en\/wp-content\/uploads\/coalition-music-300x206.jpg\" alt=\"\" width=\"300\" height=\"206\" \/><\/p><p>Mana\u017eerskou spole\u010dnost\u00ed Simple Plan je\u00a0<b>Coalition Music<\/b>, kter\u00e1 s\u00eddl\u00ed v Torontu, v Kanad\u011b. Coalition Music (p\u016fvodn\u011b jako Coalition Entertainment) bylo zalo\u017eeno Ericem Lawrencem a Robem Lanni v roce 1992 a <b>v roce 2001 do seznamu kapel, kter\u00e9 spravuj\u00ed poprv\u00e9 zapsalo Simple Plan<\/b>. Od t\u00e9 doby je tak\u00e9\u00a0<b>Eric Lawrence mana\u017eerem kapely Simple Plan.<\/b><\/p><p>Krom\u011b Simple Plan spravuje Coalition Music mno\u017estv\u00ed dal\u0161\u00edch um\u011blc\u016f a kapel, v\u010detn\u011b Our Lady Peace, Finger Eleven, The Waking Eyes nebo Justina Nozuka.<\/p><p>B\u011bhem posledn\u00edch n\u011bkolika let se Coalition Music poda\u0159ilo na internetu vybudovat velmi stabiln\u00ed prezenci &#8211; p\u0159edev\u0161\u00edm d\u00edky sv\u00e9mu oddan\u00e9mu t\u00fdmu, jeho\u017e n\u00e1pln\u00ed pr\u00e1ce je komunikace s fanou\u0161ky.\u00a0<\/p>                    <\/div>\n\t\t        \n                    <div id=\"bval-nahrvac-spolenost-tab\" class=\"clearfix eael-tab-content-item inactive\" data-title-link=\"bval-nahrvac-spolenost-tab\">\n\t\t\t\t        <p><img decoding=\"async\" class=\"size-medium wp-image-32479 alignleft\" src=\"https:\/\/www.simpleplan.cz\/en\/wp-content\/uploads\/atlantic-300x206.jpg\" alt=\"\" width=\"300\" height=\"206\" \/><\/p><p><b>Warner Music Group<\/b>\u00a0(zalo\u017eeno v roce 1958) pat\u0159\u00ed mezi t\u0159i hlavn\u00ed sou\u010dasn\u00e1 sv\u011btov\u00e1 hudebn\u00ed vydavatelstv\u00ed. Warner Music spravuje velk\u00e9 mno\u017estv\u00ed nahr\u00e1vac\u00edch spole\u010dnost\u00ed &#8211; p\u0159edev\u0161\u00edm pak pod skupinu Atlantic Records Group \u0159ad\u00edme jednu z hlavn\u00edch nahr\u00e1vac\u00edch spole\u010dnost\u00ed Warner Music Group &#8211; a to\u00a0<b>Atlantic Records<\/b>, spole\u010dnost, ke kter\u00e9 byli Simple Plan zaps\u00e1ni od po\u010d\u00e1tku sv\u00e9 kari\u00e9ry &#8211; p\u0159esn\u011bji \u0159e\u010deno\u00a0<b>od roku 2001<\/b>.<\/p><p>Nahr\u00e1vac\u00ed smlouva mezi Simple Plan a Atlantic Records byla ustanovena pro nahr\u00e1n\u00ed p\u011bti studiov\u00fdch desek. Po p\u00e1t\u00e9 desce (Taking One For The Team) se kapela rozhodla d\u00e1le fungovat jako nez\u00e1visl\u00e1 kapela bez nahr\u00e1vac\u00ed spole\u010dnosti.<\/p>                    <\/div>\n\t\t                    <\/div>\n        <\/div>\n\t\t\t\t<\/div>\n\t\t\t\t<\/div>\n\t\t\t\t\t<\/div>\n\t\t<\/div>\n\t\t\t\t\t<\/div>\n\t\t<\/section>\n\t\t\t\t<\/div>\n\t\t","protected":false},"excerpt":{"rendered":"<p>MANAGEMENT B\u00ddVAL\u00c1 NAHR\u00c1VAC\u00cd SPOLE\u010cNOST Mana\u017eerskou spole\u010dnost\u00ed Simple Plan je\u00a0Coalition Music, kter\u00e1 s\u00eddl\u00ed v Torontu, v<\/p>\n","protected":false},"author":5,"featured_media":0,"parent":5237,"menu_order":0,"comment_status":"open","ping_status":"open","template":"page-templates\/full-width.php","meta":{"footnotes":""},"yoast_head":"<!-- This site is optimized with the Yoast SEO plugin v20.9 - https:\/\/yoast.com\/wordpress\/plugins\/seo\/ -->\n<title>Label &amp; management | CZ: SimplePlan.cz<\/title>\n<meta name=\"robots\" content=\"index, follow, max-snippet:-1, max-image-preview:large, max-video-preview:-1\" \/>\n<link rel=\"canonical\" href=\"https:\/\/www.simpleplan.cz\/cz\/index.php\/kapela\/nahravaci-spolecnost-management\/\" \/>\n<meta property=\"og:locale\" content=\"cs_CZ\" \/>\n<meta property=\"og:type\" content=\"article\" \/>\n<meta property=\"og:title\" content=\"Label &amp; management | CZ: SimplePlan.cz\" \/>\n<meta property=\"og:description\" content=\"MANAGEMENT B\u00ddVAL\u00c1 NAHR\u00c1VAC\u00cd SPOLE\u010cNOST Mana\u017eerskou spole\u010dnost\u00ed Simple Plan je\u00a0Coalition Music, kter\u00e1 s\u00eddl\u00ed v Torontu, v\" \/>\n<meta property=\"og:url\" content=\"https:\/\/www.simpleplan.cz\/cz\/index.php\/kapela\/nahravaci-spolecnost-management\/\" \/>\n<meta property=\"og:site_name\" content=\"CZ: SimplePlan.cz\" \/>\n<meta property=\"article:publisher\" content=\"http:\/\/www.facebook.com\/simpleplancz\" \/>\n<meta property=\"article:modified_time\" content=\"2023-06-26T20:29:30+00:00\" \/>\n<meta property=\"og:image\" content=\"https:\/\/www.simpleplan.cz\/en\/wp-content\/uploads\/coalition-music-300x206.jpg\" \/>\n<meta name=\"twitter:card\" content=\"summary_large_image\" \/>\n<meta name=\"twitter:site\" content=\"@simpleplancz\" \/>\n<meta name=\"twitter:label1\" content=\"Odhadovan\u00e1 doba \u010dten\u00ed\" \/>\n\t<meta name=\"twitter:data1\" content=\"2 minuty\" \/>\n<script type=\"application\/ld+json\" class=\"yoast-schema-graph\">{\"@context\":\"https:\/\/schema.org\",\"@graph\":[{\"@type\":\"WebPage\",\"@id\":\"https:\/\/www.simpleplan.cz\/cz\/index.php\/kapela\/nahravaci-spolecnost-management\/\",\"url\":\"https:\/\/www.simpleplan.cz\/cz\/index.php\/kapela\/nahravaci-spolecnost-management\/\",\"name\":\"Label & management | CZ: SimplePlan.cz\",\"isPartOf\":{\"@id\":\"https:\/\/www.simpleplan.cz\/cz\/#website\"},\"datePublished\":\"2013-03-26T18:45:42+00:00\",\"dateModified\":\"2023-06-26T20:29:30+00:00\",\"breadcrumb\":{\"@id\":\"https:\/\/www.simpleplan.cz\/cz\/index.php\/kapela\/nahravaci-spolecnost-management\/#breadcrumb\"},\"inLanguage\":\"cs\",\"potentialAction\":[{\"@type\":\"ReadAction\",\"target\":[\"https:\/\/www.simpleplan.cz\/cz\/index.php\/kapela\/nahravaci-spolecnost-management\/\"]}]},{\"@type\":\"BreadcrumbList\",\"@id\":\"https:\/\/www.simpleplan.cz\/cz\/index.php\/kapela\/nahravaci-spolecnost-management\/#breadcrumb\",\"itemListElement\":[{\"@type\":\"ListItem\",\"position\":1,\"name\":\"Dom\u016f\",\"item\":\"https:\/\/www.simpleplan.cz\/cz\/\"},{\"@type\":\"ListItem\",\"position\":2,\"name\":\"Kapela\",\"item\":\"https:\/\/www.simpleplan.cz\/cz\/index.php\/kapela\/\"},{\"@type\":\"ListItem\",\"position\":3,\"name\":\"Label &#038; management\"}]},{\"@type\":\"WebSite\",\"@id\":\"https:\/\/www.simpleplan.cz\/cz\/#website\",\"url\":\"https:\/\/www.simpleplan.cz\/cz\/\",\"name\":\"CZ: SimplePlan.cz\",\"description\":\"Nejlep\u0161\u00ed zdroj informac\u00ed o kapele Simple Plan\",\"publisher\":{\"@id\":\"https:\/\/www.simpleplan.cz\/cz\/#organization\"},\"potentialAction\":[{\"@type\":\"SearchAction\",\"target\":{\"@type\":\"EntryPoint\",\"urlTemplate\":\"https:\/\/www.simpleplan.cz\/cz\/?s={search_term_string}\"},\"query-input\":\"required name=search_term_string\"}],\"inLanguage\":\"cs\"},{\"@type\":\"Organization\",\"@id\":\"https:\/\/www.simpleplan.cz\/cz\/#organization\",\"name\":\"CZ: SimplePlan.cz\",\"url\":\"https:\/\/www.simpleplan.cz\/cz\/\",\"logo\":{\"@type\":\"ImageObject\",\"inLanguage\":\"cs\",\"@id\":\"https:\/\/www.simpleplan.cz\/cz\/#\/schema\/logo\/image\/\",\"url\":\"https:\/\/www.simpleplan.cz\/cz\/wp-content\/uploads\/spczlogo.png\",\"contentUrl\":\"https:\/\/www.simpleplan.cz\/cz\/wp-content\/uploads\/spczlogo.png\",\"width\":250,\"height\":190,\"caption\":\"CZ: SimplePlan.cz\"},\"image\":{\"@id\":\"https:\/\/www.simpleplan.cz\/cz\/#\/schema\/logo\/image\/\"},\"sameAs\":[\"http:\/\/www.facebook.com\/simpleplancz\",\"https:\/\/twitter.com\/simpleplancz\",\"http:\/\/www.instagram.com\/simpleplancz\",\"http:\/\/www.youtube.com\/simpleplancz\"]}]}<\/script>\n<!-- \/ Yoast SEO plugin. -->","yoast_head_json":{"title":"Label & management | CZ: SimplePlan.cz","robots":{"index":"index","follow":"follow","max-snippet":"max-snippet:-1","max-image-preview":"max-image-preview:large","max-video-preview":"max-video-preview:-1"},"canonical":"https:\/\/www.simpleplan.cz\/cz\/index.php\/kapela\/nahravaci-spolecnost-management\/","og_locale":"cs_CZ","og_type":"article","og_title":"Label & management | CZ: SimplePlan.cz","og_description":"MANAGEMENT B\u00ddVAL\u00c1 NAHR\u00c1VAC\u00cd SPOLE\u010cNOST Mana\u017eerskou spole\u010dnost\u00ed Simple Plan je\u00a0Coalition Music, kter\u00e1 s\u00eddl\u00ed v Torontu, v","og_url":"https:\/\/www.simpleplan.cz\/cz\/index.php\/kapela\/nahravaci-spolecnost-management\/","og_site_name":"CZ: SimplePlan.cz","article_publisher":"http:\/\/www.facebook.com\/simpleplancz","article_modified_time":"2023-06-26T20:29:30+00:00","og_image":[{"url":"https:\/\/www.simpleplan.cz\/en\/wp-content\/uploads\/coalition-music-300x206.jpg"}],"twitter_card":"summary_large_image","twitter_site":"@simpleplancz","twitter_misc":{"Odhadovan\u00e1 doba \u010dten\u00ed":"2 minuty"},"schema":{"@context":"https:\/\/schema.org","@graph":[{"@type":"WebPage","@id":"https:\/\/www.simpleplan.cz\/cz\/index.php\/kapela\/nahravaci-spolecnost-management\/","url":"https:\/\/www.simpleplan.cz\/cz\/index.php\/kapela\/nahravaci-spolecnost-management\/","name":"Label & management | CZ: SimplePlan.cz","isPartOf":{"@id":"https:\/\/www.simpleplan.cz\/cz\/#website"},"datePublished":"2013-03-26T18:45:42+00:00","dateModified":"2023-06-26T20:29:30+00:00","breadcrumb":{"@id":"https:\/\/www.simpleplan.cz\/cz\/index.php\/kapela\/nahravaci-spolecnost-management\/#breadcrumb"},"inLanguage":"cs","potentialAction":[{"@type":"ReadAction","target":["https:\/\/www.simpleplan.cz\/cz\/index.php\/kapela\/nahravaci-spolecnost-management\/"]}]},{"@type":"BreadcrumbList","@id":"https:\/\/www.simpleplan.cz\/cz\/index.php\/kapela\/nahravaci-spolecnost-management\/#breadcrumb","itemListElement":[{"@type":"ListItem","position":1,"name":"Dom\u016f","item":"https:\/\/www.simpleplan.cz\/cz\/"},{"@type":"ListItem","position":2,"name":"Kapela","item":"https:\/\/www.simpleplan.cz\/cz\/index.php\/kapela\/"},{"@type":"ListItem","position":3,"name":"Label &#038; management"}]},{"@type":"WebSite","@id":"https:\/\/www.simpleplan.cz\/cz\/#website","url":"https:\/\/www.simpleplan.cz\/cz\/","name":"CZ: SimplePlan.cz","description":"Nejlep\u0161\u00ed zdroj informac\u00ed o kapele Simple Plan","publisher":{"@id":"https:\/\/www.simpleplan.cz\/cz\/#organization"},"potentialAction":[{"@type":"SearchAction","target":{"@type":"EntryPoint","urlTemplate":"https:\/\/www.simpleplan.cz\/cz\/?s={search_term_string}"},"query-input":"required name=search_term_string"}],"inLanguage":"cs"},{"@type":"Organization","@id":"https:\/\/www.simpleplan.cz\/cz\/#organization","name":"CZ: SimplePlan.cz","url":"https:\/\/www.simpleplan.cz\/cz\/","logo":{"@type":"ImageObject","inLanguage":"cs","@id":"https:\/\/www.simpleplan.cz\/cz\/#\/schema\/logo\/image\/","url":"https:\/\/www.simpleplan.cz\/cz\/wp-content\/uploads\/spczlogo.png","contentUrl":"https:\/\/www.simpleplan.cz\/cz\/wp-content\/uploads\/spczlogo.png","width":250,"height":190,"caption":"CZ: SimplePlan.cz"},"image":{"@id":"https:\/\/www.simpleplan.cz\/cz\/#\/schema\/logo\/image\/"},"sameAs":["http:\/\/www.facebook.com\/simpleplancz","https:\/\/twitter.com\/simpleplancz","http:\/\/www.instagram.com\/simpleplancz","http:\/\/www.youtube.com\/simpleplancz"]}]}},"_links":{"self":[{"href":"https:\/\/www.simpleplan.cz\/cz\/index.php\/wp-json\/wp\/v2\/pages\/12808"}],"collection":[{"href":"https:\/\/www.simpleplan.cz\/cz\/index.php\/wp-json\/wp\/v2\/pages"}],"about":[{"href":"https:\/\/www.simpleplan.cz\/cz\/index.php\/wp-json\/wp\/v2\/types\/page"}],"author":[{"embeddable":true,"href":"https:\/\/www.simpleplan.cz\/cz\/index.php\/wp-json\/wp\/v2\/users\/5"}],"replies":[{"embeddable":true,"href":"https:\/\/www.simpleplan.cz\/cz\/index.php\/wp-json\/wp\/v2\/comments?post=12808"}],"version-history":[{"count":22,"href":"https:\/\/www.simpleplan.cz\/cz\/index.php\/wp-json\/wp\/v2\/pages\/12808\/revisions"}],"predecessor-version":[{"id":33126,"href":"https:\/\/www.simpleplan.cz\/cz\/index.php\/wp-json\/wp\/v2\/pages\/12808\/revisions\/33126"}],"up":[{"embeddable":true,"href":"https:\/\/www.simpleplan.cz\/cz\/index.php\/wp-json\/wp\/v2\/pages\/5237"}],"wp:attachment":[{"href":"https:\/\/www.simpleplan.cz\/cz\/index.php\/wp-json\/wp\/v2\/media?parent=12808"}],"curies":[{"name":"wp","href":"https:\/\/api.w.org\/{rel}","templated":true}]}}