{"id":12943,"date":"2013-04-17T17:32:17","date_gmt":"2013-04-17T15:32:17","guid":{"rendered":"http:\/\/www.simpleplan.cz\/cz\/?page_id=12943"},"modified":"2023-06-26T09:29:54","modified_gmt":"2023-06-26T07:29:54","slug":"slavne-osobnosti-o-simple-plan","status":"publish","type":"page","link":"https:\/\/www.simpleplan.cz\/cz\/index.php\/extra\/slavne-osobnosti-o-simple-plan\/","title":{"rendered":"Slavn\u00e9 osobnosti o Simple Plan"},"content":{"rendered":"<div class=\"pagecontent\">\n<div class=\"section-list2\">\n    <img decoding=\"async\" src=\"http:\/\/www.simpleplan.cz\/images\/quote_mikemxpx.gif\" alt=\"\" \/ \/><\/p>\n<div class=\"musichead\" style=\"margin-top:10px;\">MIKE HERRERA (MXPX)<\/div>\n<p>    [z rozhovoru pro <a href=\"http:\/\/www.simpleplan.cz\/cz\/index.php\/mike-z-mxpx-o-simple-plan-jsem-hrdy-na-to-ze-se-muzu-pratelit-s-lidmi-jako-jsou-oni\/\" title=\"Mike z MxPx o Simple Plan: \u201eJsem hrd\u00fd na to, \u017ee se m\u016f\u017eu p\u0159\u00e1telit s lidmi, jako jsou oni. \u201e\" target=\"_blank\" rel=\"noopener\">Simple Plan Space<\/a>]<\/p>\n<p><i>&#8222;Byli fakt super, a od v\u017edycky se k n\u00e1m chovali s hrozn\u011b velk\u00fdm respektem, ikdy\u017e jsou z nich dnes mezin\u00e1rodn\u00ed superstar. Jsou to skv\u011bl\u00ed kluci.  Tihle kluci si um\u00ed u\u017e\u00edvat, miluj\u00ed, co d\u011blaj\u00ed a k lidem se chovaj\u00ed s velk\u00fdm respektem. Co\u017e je n\u011bco, co jsem se tak\u00e9 v\u017edycky sna\u017eil d\u011blat. A vid\u011bt, \u017ee se tihle mlad\u00ed kluci proslavili a p\u0159esto se i nad\u00e1le k lidem chovaj\u00ed tak p\u011bkn\u011b \u2013 na to jsem fakt hrd\u00fd. <b>Jsem hrd\u00fd na to, \u017ee se m\u016f\u017eu p\u0159\u00e1telit s lidmi, jako jsou oni.<\/b>&#8222;<\/b><\/i>\n<\/div>\n<p>\u200b<\/p>\n<div class=\"section-list2\">\n    <img decoding=\"async\" src=\"http:\/\/www.simpleplan.cz\/images\/quote_austinftsk.gif\" alt=\"\" \/ \/><\/p>\n<div class=\"musichead\" style=\"margin-top:10px;\">AUSTIN BELLOW (FOREVER THE SICKEST KIDS)<\/div>\n<p>    [z rozhovoru pro <a href=\"http:\/\/www.simpleplan.cz\/cz\/index.php\/forever-the-sickest-kids-se-tesi-na-turne-se-simple-plan\/\" title=\"Forever The Sickest Kids se t\u011b\u0161\u00ed na turn\u00e9 se Simple Plan\" target=\"_blank\" rel=\"noopener\">Female First<\/a>]<\/p>\n<p>(ohledn\u011b tourov\u00e1n\u00ed se Simple Plan) <i>&#8222;Oh, jsem naprosto nad\u0161en\u00fd! <b>Je to jedna z t\u011bch kapel, kter\u00e9 jsem b\u011bhem dosp\u00edv\u00e1n\u00ed hrozn\u011b obdivoval.<\/b> A vlastn\u011b jsme se ned\u00e1vno s Jonathanem [Cookem, zp\u011bv\u00e1k] d\u00edvali na v\u0161echny videoklipy z jejich star\u0161\u00edch alb. Je to dal\u0161\u00ed z t\u011bch kapel, kter\u00e9 si m\u016f\u017eeme od\u0161krtnout a \u0159\u00edct si: \u201eAno! I s nimi jsme tourovali!! <\/i>\n<\/div>\n<p>\u200b<\/p>\n<div class=\"section-list2\">\n    <img decoding=\"async\" src=\"http:\/\/www.simpleplan.cz\/images\/quote_bja.gif\" alt=\"\" \/ \/><\/p>\n<div class=\"musichead\" style=\"margin-top:10px;\">BILLIE JOE ARMSTRONG (GREEN DAY)<\/div>\n<p>    [z rozhovoru obsa\u017een\u00e9m v dokumentu <a href=\"http:\/\/www.youtube.com\/watch?v=XfH3rzBwQV4\" target=\"_blank\" rel=\"noopener\">Egos and Icons: Simple Plan<\/a>]<\/p>\n<p><i>&#8222;<b>Ta p\u00edsni\u010dka \u201cAddicted To You\u201d je hrozn\u011b chytlav\u00e1.<\/b> Jsou mlad\u00ed a mysl\u00edm si, \u017ee budou m\u00edt velkou p\u0159\u00edle\u017eitost se je\u0161t\u011b v\u00edce vyvinout.&#8220;<\/i>\n<\/div>\n<p>\u200b<\/p>\n<div class=\"section-list2\">\n    <img decoding=\"async\" src=\"http:\/\/www.simpleplan.cz\/images\/quote_mt.gif\" alt=\"\" \/ \/><\/p>\n<div class=\"musichead\" style=\"margin-top:10px;\">MARIANAS TRENCH<\/div>\n<p>    [z tweetu fanou\u0161kovi na <a href=\"http:\/\/www.simpleplan.cz\/cz\/index.php\/marianas-trench-ze-simple-plan-by-si-ostatni-kapely-mely-vzit-priklad\/\" title=\"Marianas Trench: \u201eZe Simple Plan by si ostatn\u00ed kapely m\u011bly vz\u00edt p\u0159\u00edklad!\u201c\" target=\"_blank\" rel=\"noopener\">Twitteru<\/a>]<\/p>\n<p><i>&#8222;Je to ta nejmilej\u0161\u00ed a <b>neprofesion\u00e1ln\u011bj\u0161\u00ed kapela, kterou jsme kdy potkali<\/b>. Ostatn\u00ed kapely by si z nich m\u011bly vz\u00edt p\u0159\u00edklad.&#8220;<\/i><\/p>\n<p>[z <a href=\"http:\/\/www.youtube.com\/watch?v=dswtymSN5yI&#038;feature=youtu.be&#038;t=8m5s\" target=\"_blank\" rel=\"noopener\">rozhovoru<\/a> pro Energy 106]<\/p>\n<p>Mike: <i>&#8222;Nem\u00e1me dovoleno chodit ven dokud Simple Plan neskon\u010d\u00ed [se sv\u00fdm koncertem]. Mus\u00edme je nechat dohr\u00e1t. Zatracen\u00ed Simple Plan. <b>Jsou tak stra\u0161n\u011b mil\u00ed<\/b>. Pro\u010d jsou tak stra\u0161n\u011b mil\u00ed? K\u00e9\u017e bych je mohl nen\u00e1vid\u011bt, v\u0161echno by bylo o tolik jednodu\u0161\u0161\u00ed!&#8220;<\/i><\/p>\n<\/div>\n<p>\u200b<\/p>\n<div class=\"section-list2\">\n    <img decoding=\"async\" src=\"http:\/\/www.simpleplan.cz\/images\/quote_jackatl.gif\" alt=\"\" \/ \/><\/p>\n<div class=\"musichead\" style=\"margin-top:10px;\">JACK BARAKAT (ALL TIME LOW)<\/div>\n<p>[z <a href=\"http:\/\/www.simpleplan.cz\/cz\/index.php\/all-time-low-dekuji-simple-plan-behem-koncertu-v-montrealu\/\" title=\"All Time Low d\u011bkuj\u00ed Simple Plan b\u011bhem koncertu v Montrealu\" target=\"_blank\" rel=\"noopener\">koncertu<\/a> v Montrealu, v Kanad\u011b]<\/p>\n<p><i>&#8222;Mus\u00edme zm\u00ednit na\u0161e kamar\u00e1dy, kte\u0159\u00ed tady s n\u00e1mi dneska jsou \u2013 Simple Plan! <b>Vzali n\u00e1s na na\u0161e prvn\u00ed obrovsk\u00e9 kanadsk\u00e9 turn\u00e9 a uk\u00e1zali n\u00e1s spoust\u011b fanou\u0161k\u016f, tak\u017ee d\u00edky!<\/b>&#8222;<\/i><\/p>\n<p>[z rozhovoru pro <a href=\"http:\/\/www.simpleplan.cz\/cz\/index.php\/jack-barakat-time-bomb-je-nasi-poctou-simple-plan\/\" title=\"Jack Barakat: \u201eTime Bomb je na\u0161\u00ed poctou Simple Plan!\u201c\" target=\"_blank\" rel=\"noopener\">AllTimeLow.cz<\/a>]<\/p>\n<p><i>&#8222;<b>[Time Bomb] byla vlastn\u011b takov\u00e1 na\u0161e pocta kapele, na kter\u00e9 jsme vyr\u016fstali<\/b> a to, \u017ee jsme s nimi m\u011bli p\u0159\u00edle\u017eitost spolupracovat bylo v\u00e1\u017en\u011b \u00fa\u017easn\u00e9.&#8220;<\/i>\n<\/div>\n<p>\u200b<\/p>\n<div class=\"section-list2\">\n    <img decoding=\"async\" src=\"http:\/\/www.simpleplan.cz\/images\/quote_stevo.gif\" alt=\"\" \/ \/><\/p>\n<div class=\"musichead\" style=\"margin-top:10px;\">STEVO JOCZ (SUM 41)<\/div>\n<p>    [z rozhovoru pro <a href=\"http:\/\/www.simpleplan.cz\/cz\/index.php\/sum-41-proti-simple-plan-opet\/\" title=\"Sum 41 proti Simple Plan\u2026 op\u011bt\" target=\"_blank\" rel=\"noopener\">MTV<\/a>]<\/p>\n<p><i>&#8222;<b>Rad\u0161i sn\u011bdl kozl\u00ed koule, ne\u017e sledovat \u201eI\u2019m Just A Kid\u201c od Simple Plan.<\/b> Proto\u017ee, mysl\u00edm, \u017ee se jejich album jmenovalo \u201eNo Pads, No Helmets, No Balls.\u201c (\u017d\u00e1dn\u00e9 chr\u00e1ni\u010de, \u017e\u00e1dn\u00e9 helmy, \u017e\u00e1dn\u00e9 koule)\u2026 \u017e\u00e1dn\u00e9 kozl\u00ed koule, \u017e\u00e1dn\u00e9 koule. A j\u00e1 bych rad\u0161i sn\u011bdl kozl\u00ed koule ne\u017e sledovat ten videoklip nebo sly\u0161et tu kapelu nebo sly\u0161et jejich jm\u00e9no, nebo se koukat na ten film (A Simple Plan \u2013 Jednoduch\u00fd pl\u00e1n), kter\u00fd s tou kapelou nem\u00e1 v\u016fbec nic spole\u010dn\u00e9ho, ale p\u0159evzali si z n\u011bj sv\u016fj n\u00e1zev. Na ten film bych nekoukal. Nemohl bych se na n\u011bj d\u00edvat. Rad\u0161i bych sn\u011bdl kozl\u00ed kouli. P\u0159\u00edmo z kozla.&#8220;<\/i>\n<\/div>\n<p>\u200b<\/p>\n<div class=\"section-list2\">\n    <img decoding=\"async\" src=\"http:\/\/www.simpleplan.cz\/images\/quote_marksr.gif\" alt=\"\" \/ \/><\/p>\n<div class=\"musichead\" style=\"margin-top:10px;\">MARK MCGRATH (SUGAR RAY)<\/div>\n<p>    [z rozhovoru pou\u017eit\u00e9ho pro knihu <a href=\"http:\/\/www.simpleplan.cz\/cz\/index.php\/kapela\/simple-plan-the-official-story\/\" title=\"Simple Plan: The Official Story\" target=\"_blank\" rel=\"noopener\">Simple Plan: The Official Story<\/a>]<\/p>\n<p><i>&#8222;Byli pln\u00ed \u017eivota, skromn\u00ed, radostn\u00ed. V\u017edycky um\u011bli uk\u00e1zat sv\u016fj vd\u011bk a neust\u00e1le n\u00e1m d\u011bkovali za to, \u017ee jsme je vzali s sebou na turn\u00e9. U\u017e od za\u010d\u00e1tku bylo jasn\u00e9, \u017ee to je dobr\u00e1 parta kluk\u016f. <b>Byli velmi zdvo\u0159il\u00ed<\/b> \u2013 d\u00e1vali si velk\u00fd pozor na to, aby n\u00e1m nezavazeli. My jsme byli u\u017e sta\u0159\u00ed leniv\u00ed rocke\u0159i a oni m\u011bli po\u0159\u00e1d radost jak blecha!&#8220;<\/p>\n<p>&#8222;Pomyslel jsem si \u201cWow! \u2013 Tihle kluci jsou opravdu skupinou v tom prav\u00e9m slova smyslu.\u201c <b>Mohli jste hned vid\u011bt, \u017ee to bylo p\u011bt jednotliv\u00fdch osobnost\u00ed a ka\u017ed\u00e1 z nich do zvuku kapely p\u0159in\u00e1\u0161ela n\u011bco ze sebe. Kdybyste z jejich st\u0159edu jednoho vzali, Simple Plan by u\u017e nebyli Simple Plan.<\/b> Na p\u00f3diu se kapele da\u0159ilo v\u00fdte\u010dn\u011b. Jejich hlasy a souzn\u011bn\u00ed bylo v\u0161echno naprosto skv\u011bl\u00e9! Poka\u017ed\u00e9, kdy\u017e hr\u00e1li, tak v\u0161e odehr\u00e1li naprosto dokonale! Pamatuju si, kdy\u017e jsem je vid\u011bl hr\u00e1t poprv\u00e9 a u\u017e tehdy mi bylo jasn\u00e9, \u017ee tihle kluci to jednou n\u011bkam dot\u00e1hnou.&#8220;<\/p>\n<p>&#8222;Jak turn\u00e9 pokra\u010dovalo, vid\u011bl jsem, \u017ee se otu\u017euj\u00ed a st\u00e1vaj\u00ed se sebev\u011bdom\u011bj\u0161\u00edmi. My jsme byli mnohem star\u0161\u00ed&#8230; to bylo jedno z na\u0161ich posledn\u00edch dobr\u00fdch turn\u00e9, co se t\u00fd\u010de n\u00e1v\u0161t\u011bvnosti a prodeje alb. P\u0159ipadalo mi jako kdybychom p\u0159ed\u00e1vali pochode\u0148. <b>Hodn\u011b lid\u00ed, co p\u0159i\u0161lo na na\u0161e koncerty ode\u0161lo s t\u00edm, \u017ee se z nich stali fanou\u0161ci Simple Plan.<\/b> Mysl\u00edm si, \u017ee tehdy dokonce prodali i v\u00edce merche ne\u017e my. &#8220;<\/p>\n<p>&#8222;<b>\u0158\u00edk\u00e1val jsem na\u0161im fanou\u0161k\u016fm, \u017ee jednoho dne to budeme my, kdo bude p\u0159edskakovat Simple Plan&#8230; a dodnes \u010dek\u00e1m na pozv\u00e1n\u00ed.<\/b>&#8222;<\/i>\n<\/div>\n<p>\u200b<\/p>\n<div class=\"section-list2\">\n    <img decoding=\"async\" src=\"http:\/\/www.simpleplan.cz\/images\/quote_nsod.gif\" alt=\"\" \/ \/><\/p>\n<div class=\"musichead\" style=\"margin-top:10px;\">NINE SONS OF DAN<\/div>\n<p>    [z rozhovoru pro <a href=\"http:\/\/www.simpleplan.cz\/cz\/index.php\/nine-sons-of-dan-o-simple-plan-jejich-koncerty-jsou-neuveritelne\/\" title=\"Nine Sons Of Dan o Simple Plan: \u201eJejich koncerty jsou neuv\u011b\u0159iteln\u00e9!\u201c\" target=\"_blank\" rel=\"noopener\">Simple Plan Space<\/a>]<\/p>\n<p>(ohledn\u011b tourov\u00e1n\u00ed se SP) <i>&#8222;\u00da\u017easn\u00e9, jejich koncerty jsou neuv\u011b\u0159iteln\u00e9, a jejich fanou\u0161ci byli \u0161\u00edlen\u011b mil\u00ed. <b>Kluci ze Simple Plan byli opravdov\u00ed profesion\u00e1lov\u00e9, ale z\u00e1rove\u0148 si na nic nehr\u00e1li, jsou \u00fapln\u011b norm\u00e1ln\u00ed, bez \u017e\u00e1dn\u00fdch man\u00fdr\u016f. Byla to opravdu pocta s nimi vystupovat.<\/b><\/i><\/p>\n<p>(ohledn\u011b vlivu SP na NSOD) <i>&#8222;Vid\u011bt jejich \u017eiv\u00e9 p\u0159edstaven\u00ed byla \u00fapln\u011b odli\u0161n\u00e1 zku\u0161enost, ne\u017e je jen poslouchat z r\u00e1dia. <b>Jsou to velmi talentovan\u00ed muzikanti a jejich koncerty jsou nezastaviteln\u00e9, pln\u00e9 z\u00e1bavy, a prakticky naprosto dokonal\u00e9.<\/b> D\u00edky nim jsme si uv\u011bdomili, \u017ee je mo\u017en\u00e9 n\u011b\u010deho takov\u00e9ho tak\u00e9 dos\u00e1hnout, tak\u017ee se po\u0159\u00e1d sna\u017e\u00edme b\u00fdt na\u017eivo taky tak skv\u011bl\u00ed.<\/i>\n<\/div>\n<p>\u200b<\/p>\n<div class=\"section-list2\">\n    <img decoding=\"async\" src=\"http:\/\/www.simpleplan.cz\/images\/quote_markblink.gif\" alt=\"\" \/ \/><\/p>\n<div class=\"musichead\" style=\"margin-top:10px;\">MARK HOPPUS (BLINK 182)<\/div>\n<p>    [z emailu zaslan\u00e9ho Chuckovi Comeau publikovan\u00e9m v knize <a href=\"http:\/\/www.simpleplan.cz\/cz\/index.php\/kapela\/simple-plan-the-official-story\/\" title=\"Simple Plan: The Official Story\" target=\"_blank\" rel=\"noopener\">Simple Plan: The Official Story<\/a>]<\/p>\n<p>(ohledn\u011b dema Simple Plan) <i>&#8222;Mus\u00edm ti \u0159\u00edct jak moc m\u011b to demo dostalo. Kvalita zvuku je skv\u011bl\u00e1, v\u0161echno zn\u00ed stra\u0161n\u011b dob\u0159e! Bic\u00ed zn\u00ed skv\u011ble, zp\u011bv je v\u00fdborn\u00fd, kytary jsou skv\u011ble zachycen\u00e9 a baskytara to v\u0161echno skv\u011ble dopl\u0148uje a zn\u00ed super. Vystoupen\u00ed ka\u017ed\u00e9ho z v\u00e1s jsou naprosto \u00fa\u017easn\u00e1. Ty jsi na tomhle kr\u00e1tk\u00e9m demu fakt na t\u011bch bic\u00edch zav\u00e1lel. A taky, <b>\u201cAnything\u201d je fakt zrovna te\u010f jednou z m\u00fdch deseti nejobl\u00edben\u011bj\u0161\u00edch p\u00edsn\u00ed. Opravdu. Pou\u0161t\u00edm si ji po\u0159\u00e1d dokola na sv\u00e9m CD p\u0159ehr\u00e1va\u010di a u\u017e jsem j\u00ed sly\u0161el snad desetkr\u00e1t za sebou. V\u00e1\u017en\u011b skv\u011bl\u00e1 p\u00edse\u0148. N\u00e1dhern\u00e1 p\u00edse\u0148.<\/b> Ta Melodie a harmonie v n\u00ed jsou naprosto geni\u00e1ln\u00ed. Brilantn\u00ed. <b>Fakt ud\u011bl\u00e1m v\u0161echno na sv\u011bt\u011b, abych o [Simple Plan] dal sv\u011btu v\u011bd\u011bt.&#8220;<\/b><\/i><\/p>\n<\/div>\n<p>\u200b<\/p>\n<div class=\"section-list2\">\n    <img decoding=\"async\" src=\"http:\/\/www.simpleplan.cz\/images\/quote_charleswtk.gif\" alt=\"\" \/ \/><\/p>\n<div class=\"musichead\" style=\"margin-top:10px;\">CHARLES TRIPPY (WE THE KINGS)<\/div>\n<p>    [z <a href=\"http:\/\/www.simpleplan.cz\/cz\/index.php\/charles-trippy-o-tourovani-se-simple-plan-pripadali-jsme-si-jako-jejich-nejvetsi-fanynky\/\" title=\"Charles Trippy o tourov\u00e1n\u00ed se Simple Plan: \u201eP\u0159ipadali jsme si jako jejich nejv\u011bt\u0161\u00ed fanynky!\u201c\" target=\"_blank\" rel=\"noopener\">vlogu CTFxC<\/a>]<\/p>\n<p><i>&#8222;Kluci ze Simple Plan jsou neuv\u011b\u0159iteln\u011b mil\u00ed lid\u00e9. Je tak trochu \u0161\u00edlen\u00e9 si vzpomenout jak jsem vyr\u016fstal a poslouchal jsem jejich hudbu b\u011bhem posledn\u00edch des\u00edti let\u2026 a pak s nimi najednou jedu na turn\u00e9. <b>V\u0161ichni v kapele jsme z toho hrozn\u011b vy\u0161ilovali &#8211; sna\u017eili jsme se zachovat klid, ale bylo to fakt t\u011b\u017ek\u00fd.&#8220;<\/b><\/i>\n<\/div>\n<p>\u200b<\/p>\n<div class=\"section-list2\">\n    <img decoding=\"async\" src=\"http:\/\/www.simpleplan.cz\/images\/quote_hayley.gif\" alt=\"\" \/ \/><\/p>\n<div class=\"musichead\" style=\"margin-top:10px;\">HAYLEY WILLIAMS (PARAMORE)<\/div>\n<p>    [z <a href=\"http:\/\/paramoreband.livejournal.com\/2005\/11\/19\/\" target=\"_blank\" rel=\"noopener\">p\u0159\u00edsp\u011bvku na Liverjournalu<\/a> napsan\u00e9ho po turn\u00e9 se Simple Plan na podzim 2005]<\/p>\n<p><i>&#8222;[Na tomto turn\u00e9] jsme si ud\u011blali spoustu nov\u00fdch p\u0159\u00e1tel. V\u010detn\u011b <b>Davida ze Simple Plan. Byl k n\u00e1m hrozn\u011b mil\u00fd a hodn\u011b n\u00e1s povzbuzoval.<\/b> \u0158ekl Zacovi (Farro, b\u00fdval\u00fd buben\u00edk), \u017ee Dave Grohl (Foo Fighters) se z toho zbl\u00e1zn\u00ed, a\u017e ho uvid\u00ed, jak hraje na bic\u00ed.&#8220;<\/i>\n<\/div>\n<p>\u200b<\/p>\n<\/div>\n<div class=\"fblikebutton_button\" style=\"float: left; padding-top: 20px; margin-right: 20px; padding-bottom: 20px; padding-left: 20px;\"><iframe src=\"http:\/\/www.facebook.com\/plugins\/like.php?href=https%3A%2F%2Fwww.simpleplan.cz%2Fcz%2Findex.php%2Fextra%2Fslavne-osobnosti-o-simple-plan%2F&amp;layout=standard&amp;show-faces=false&amp;width=450&amp;action=like&amp;colorscheme=light\" scrolling=\"no\" frameborder=\"0\" allowTransparency=\"true\" style=\"border:none; overflow:hidden; width:450px; height:26px\"><\/iframe><\/div>\n","protected":false},"excerpt":{"rendered":"<p>MIKE HERRERA (MXPX) [z rozhovoru pro Simple Plan Space] &#8222;Byli fakt super, a od v\u017edycky<\/p>\n","protected":false},"author":5,"featured_media":0,"parent":5259,"menu_order":0,"comment_status":"open","ping_status":"open","template":"page-templates\/full-width.php","meta":{"footnotes":""},"yoast_head":"<!-- This site is optimized with the Yoast SEO plugin v20.9 - https:\/\/yoast.com\/wordpress\/plugins\/seo\/ -->\n<title>Slavn\u00e9 osobnosti o Simple Plan | CZ: SimplePlan.cz<\/title>\n<meta name=\"robots\" content=\"index, follow, max-snippet:-1, max-image-preview:large, max-video-preview:-1\" \/>\n<link rel=\"canonical\" href=\"https:\/\/www.simpleplan.cz\/cz\/index.php\/extra\/slavne-osobnosti-o-simple-plan\/\" \/>\n<meta property=\"og:locale\" content=\"cs_CZ\" \/>\n<meta property=\"og:type\" content=\"article\" \/>\n<meta property=\"og:title\" content=\"Slavn\u00e9 osobnosti o Simple Plan | CZ: SimplePlan.cz\" \/>\n<meta property=\"og:description\" content=\"MIKE HERRERA (MXPX) [z rozhovoru pro Simple Plan Space] &#8222;Byli fakt super, a od v\u017edycky\" \/>\n<meta property=\"og:url\" content=\"https:\/\/www.simpleplan.cz\/cz\/index.php\/extra\/slavne-osobnosti-o-simple-plan\/\" \/>\n<meta property=\"og:site_name\" content=\"CZ: SimplePlan.cz\" \/>\n<meta property=\"article:publisher\" content=\"http:\/\/www.facebook.com\/simpleplancz\" \/>\n<meta property=\"article:modified_time\" content=\"2023-06-26T07:29:54+00:00\" \/>\n<meta property=\"og:image\" content=\"http:\/\/www.simpleplan.cz\/images\/quote_mikemxpx.gif\" \/>\n<meta name=\"twitter:card\" content=\"summary_large_image\" \/>\n<meta name=\"twitter:site\" content=\"@simpleplancz\" \/>\n<meta name=\"twitter:label1\" content=\"Odhadovan\u00e1 doba \u010dten\u00ed\" \/>\n\t<meta name=\"twitter:data1\" content=\"7 minut\" \/>\n<script type=\"application\/ld+json\" class=\"yoast-schema-graph\">{\"@context\":\"https:\/\/schema.org\",\"@graph\":[{\"@type\":\"WebPage\",\"@id\":\"https:\/\/www.simpleplan.cz\/cz\/index.php\/extra\/slavne-osobnosti-o-simple-plan\/\",\"url\":\"https:\/\/www.simpleplan.cz\/cz\/index.php\/extra\/slavne-osobnosti-o-simple-plan\/\",\"name\":\"Slavn\u00e9 osobnosti o Simple Plan | CZ: SimplePlan.cz\",\"isPartOf\":{\"@id\":\"https:\/\/www.simpleplan.cz\/cz\/#website\"},\"datePublished\":\"2013-04-17T15:32:17+00:00\",\"dateModified\":\"2023-06-26T07:29:54+00:00\",\"breadcrumb\":{\"@id\":\"https:\/\/www.simpleplan.cz\/cz\/index.php\/extra\/slavne-osobnosti-o-simple-plan\/#breadcrumb\"},\"inLanguage\":\"cs\",\"potentialAction\":[{\"@type\":\"ReadAction\",\"target\":[\"https:\/\/www.simpleplan.cz\/cz\/index.php\/extra\/slavne-osobnosti-o-simple-plan\/\"]}]},{\"@type\":\"BreadcrumbList\",\"@id\":\"https:\/\/www.simpleplan.cz\/cz\/index.php\/extra\/slavne-osobnosti-o-simple-plan\/#breadcrumb\",\"itemListElement\":[{\"@type\":\"ListItem\",\"position\":1,\"name\":\"Dom\u016f\",\"item\":\"https:\/\/www.simpleplan.cz\/cz\/\"},{\"@type\":\"ListItem\",\"position\":2,\"name\":\"Extra\",\"item\":\"https:\/\/www.simpleplan.cz\/cz\/index.php\/extra\/\"},{\"@type\":\"ListItem\",\"position\":3,\"name\":\"Slavn\u00e9 osobnosti o Simple Plan\"}]},{\"@type\":\"WebSite\",\"@id\":\"https:\/\/www.simpleplan.cz\/cz\/#website\",\"url\":\"https:\/\/www.simpleplan.cz\/cz\/\",\"name\":\"CZ: SimplePlan.cz\",\"description\":\"Nejlep\u0161\u00ed zdroj informac\u00ed o kapele Simple Plan\",\"publisher\":{\"@id\":\"https:\/\/www.simpleplan.cz\/cz\/#organization\"},\"potentialAction\":[{\"@type\":\"SearchAction\",\"target\":{\"@type\":\"EntryPoint\",\"urlTemplate\":\"https:\/\/www.simpleplan.cz\/cz\/?s={search_term_string}\"},\"query-input\":\"required name=search_term_string\"}],\"inLanguage\":\"cs\"},{\"@type\":\"Organization\",\"@id\":\"https:\/\/www.simpleplan.cz\/cz\/#organization\",\"name\":\"CZ: SimplePlan.cz\",\"url\":\"https:\/\/www.simpleplan.cz\/cz\/\",\"logo\":{\"@type\":\"ImageObject\",\"inLanguage\":\"cs\",\"@id\":\"https:\/\/www.simpleplan.cz\/cz\/#\/schema\/logo\/image\/\",\"url\":\"https:\/\/www.simpleplan.cz\/cz\/wp-content\/uploads\/spczlogo.png\",\"contentUrl\":\"https:\/\/www.simpleplan.cz\/cz\/wp-content\/uploads\/spczlogo.png\",\"width\":250,\"height\":190,\"caption\":\"CZ: SimplePlan.cz\"},\"image\":{\"@id\":\"https:\/\/www.simpleplan.cz\/cz\/#\/schema\/logo\/image\/\"},\"sameAs\":[\"http:\/\/www.facebook.com\/simpleplancz\",\"https:\/\/twitter.com\/simpleplancz\",\"http:\/\/www.instagram.com\/simpleplancz\",\"http:\/\/www.youtube.com\/simpleplancz\"]}]}<\/script>\n<!-- \/ Yoast SEO plugin. -->","yoast_head_json":{"title":"Slavn\u00e9 osobnosti o Simple Plan | CZ: SimplePlan.cz","robots":{"index":"index","follow":"follow","max-snippet":"max-snippet:-1","max-image-preview":"max-image-preview:large","max-video-preview":"max-video-preview:-1"},"canonical":"https:\/\/www.simpleplan.cz\/cz\/index.php\/extra\/slavne-osobnosti-o-simple-plan\/","og_locale":"cs_CZ","og_type":"article","og_title":"Slavn\u00e9 osobnosti o Simple Plan | CZ: SimplePlan.cz","og_description":"MIKE HERRERA (MXPX) [z rozhovoru pro Simple Plan Space] &#8222;Byli fakt super, a od v\u017edycky","og_url":"https:\/\/www.simpleplan.cz\/cz\/index.php\/extra\/slavne-osobnosti-o-simple-plan\/","og_site_name":"CZ: SimplePlan.cz","article_publisher":"http:\/\/www.facebook.com\/simpleplancz","article_modified_time":"2023-06-26T07:29:54+00:00","og_image":[{"url":"http:\/\/www.simpleplan.cz\/images\/quote_mikemxpx.gif"}],"twitter_card":"summary_large_image","twitter_site":"@simpleplancz","twitter_misc":{"Odhadovan\u00e1 doba \u010dten\u00ed":"7 minut"},"schema":{"@context":"https:\/\/schema.org","@graph":[{"@type":"WebPage","@id":"https:\/\/www.simpleplan.cz\/cz\/index.php\/extra\/slavne-osobnosti-o-simple-plan\/","url":"https:\/\/www.simpleplan.cz\/cz\/index.php\/extra\/slavne-osobnosti-o-simple-plan\/","name":"Slavn\u00e9 osobnosti o Simple Plan | CZ: SimplePlan.cz","isPartOf":{"@id":"https:\/\/www.simpleplan.cz\/cz\/#website"},"datePublished":"2013-04-17T15:32:17+00:00","dateModified":"2023-06-26T07:29:54+00:00","breadcrumb":{"@id":"https:\/\/www.simpleplan.cz\/cz\/index.php\/extra\/slavne-osobnosti-o-simple-plan\/#breadcrumb"},"inLanguage":"cs","potentialAction":[{"@type":"ReadAction","target":["https:\/\/www.simpleplan.cz\/cz\/index.php\/extra\/slavne-osobnosti-o-simple-plan\/"]}]},{"@type":"BreadcrumbList","@id":"https:\/\/www.simpleplan.cz\/cz\/index.php\/extra\/slavne-osobnosti-o-simple-plan\/#breadcrumb","itemListElement":[{"@type":"ListItem","position":1,"name":"Dom\u016f","item":"https:\/\/www.simpleplan.cz\/cz\/"},{"@type":"ListItem","position":2,"name":"Extra","item":"https:\/\/www.simpleplan.cz\/cz\/index.php\/extra\/"},{"@type":"ListItem","position":3,"name":"Slavn\u00e9 osobnosti o Simple Plan"}]},{"@type":"WebSite","@id":"https:\/\/www.simpleplan.cz\/cz\/#website","url":"https:\/\/www.simpleplan.cz\/cz\/","name":"CZ: SimplePlan.cz","description":"Nejlep\u0161\u00ed zdroj informac\u00ed o kapele Simple Plan","publisher":{"@id":"https:\/\/www.simpleplan.cz\/cz\/#organization"},"potentialAction":[{"@type":"SearchAction","target":{"@type":"EntryPoint","urlTemplate":"https:\/\/www.simpleplan.cz\/cz\/?s={search_term_string}"},"query-input":"required name=search_term_string"}],"inLanguage":"cs"},{"@type":"Organization","@id":"https:\/\/www.simpleplan.cz\/cz\/#organization","name":"CZ: SimplePlan.cz","url":"https:\/\/www.simpleplan.cz\/cz\/","logo":{"@type":"ImageObject","inLanguage":"cs","@id":"https:\/\/www.simpleplan.cz\/cz\/#\/schema\/logo\/image\/","url":"https:\/\/www.simpleplan.cz\/cz\/wp-content\/uploads\/spczlogo.png","contentUrl":"https:\/\/www.simpleplan.cz\/cz\/wp-content\/uploads\/spczlogo.png","width":250,"height":190,"caption":"CZ: SimplePlan.cz"},"image":{"@id":"https:\/\/www.simpleplan.cz\/cz\/#\/schema\/logo\/image\/"},"sameAs":["http:\/\/www.facebook.com\/simpleplancz","https:\/\/twitter.com\/simpleplancz","http:\/\/www.instagram.com\/simpleplancz","http:\/\/www.youtube.com\/simpleplancz"]}]}},"_links":{"self":[{"href":"https:\/\/www.simpleplan.cz\/cz\/index.php\/wp-json\/wp\/v2\/pages\/12943"}],"collection":[{"href":"https:\/\/www.simpleplan.cz\/cz\/index.php\/wp-json\/wp\/v2\/pages"}],"about":[{"href":"https:\/\/www.simpleplan.cz\/cz\/index.php\/wp-json\/wp\/v2\/types\/page"}],"author":[{"embeddable":true,"href":"https:\/\/www.simpleplan.cz\/cz\/index.php\/wp-json\/wp\/v2\/users\/5"}],"replies":[{"embeddable":true,"href":"https:\/\/www.simpleplan.cz\/cz\/index.php\/wp-json\/wp\/v2\/comments?post=12943"}],"version-history":[{"count":22,"href":"https:\/\/www.simpleplan.cz\/cz\/index.php\/wp-json\/wp\/v2\/pages\/12943\/revisions"}],"predecessor-version":[{"id":33051,"href":"https:\/\/www.simpleplan.cz\/cz\/index.php\/wp-json\/wp\/v2\/pages\/12943\/revisions\/33051"}],"up":[{"embeddable":true,"href":"https:\/\/www.simpleplan.cz\/cz\/index.php\/wp-json\/wp\/v2\/pages\/5259"}],"wp:attachment":[{"href":"https:\/\/www.simpleplan.cz\/cz\/index.php\/wp-json\/wp\/v2\/media?parent=12943"}],"curies":[{"name":"wp","href":"https:\/\/api.w.org\/{rel}","templated":true}]}}