{"id":12983,"date":"2013-04-20T14:07:39","date_gmt":"2013-04-20T12:07:39","guid":{"rendered":"http:\/\/www.simpleplan.cz\/cz\/?page_id=12983"},"modified":"2023-06-26T09:29:54","modified_gmt":"2023-06-26T07:29:54","slug":"verze-summer-paradise","status":"publish","type":"page","link":"https:\/\/www.simpleplan.cz\/cz\/index.php\/extra\/verze-summer-paradise\/","title":{"rendered":"Verze Summer Paradise"},"content":{"rendered":"<div class=\"pagecontent\">\n<div class=\"girls\"><b><u>Verze s K&#8217;Naanem<\/u><\/b><\/div>\n<p><img decoding=\"async\" style=\"margin: 20px;\" src=\"http:\/\/www.simpleplan.cz\/images\/versp_knaan.gif\" alt=\"\" align=\"left\" \/>\u00dapln\u011b prvn\u00ed verz\u00ed Summer Paradise, ikdy\u017e ne p\u0159\u00edli\u0161 zn\u00e1mou v porovn\u00e1n\u00ed s \u00fasp\u011bchem pozd\u011bj\u0161\u00ed verze se Seanem Paulem, byla verze s som\u00e1lsko-kanadsk\u00fdm rapperem <b>K&#8217;Naanem<\/b>.<\/p>\n<p>Simple Plan se s K&#8217;Naanem poprv\u00e9 spojili kdy\u017e Pierre zazp\u00edval na jeho charitativn\u00edm singlu <a href=\"http:\/\/www.youtube.com\/watch?v=nB7L1BIDELc\" target=\"_blank\" rel=\"noopener noreferrer\">Wavin&#8216; Flag<\/a> jako jeden z mlad\u00fdch kana\u010fan\u016f, kte\u0159\u00ed se z\u00fa\u010dastnili projektu Young Artists For Haiti. Pot\u00e9, co Simple Plan m\u011bli p\u00edse\u0148 Summer Paradise napsanou, rozhodli se vytvo\u0159it seznam mo\u017en\u00fdch talentovan\u00fdch um\u011blc\u016f, kte\u0159\u00ed by byli dobr\u00fdmi kandid\u00e1ty pro kolaboraci na t\u00e9to p\u00edsni. K&#8217;Naan byl na prvn\u00edm m\u00edst\u011b.<\/p>\n<blockquote><p><i>&#8222;<b>Jeho volba nebyla \u017e\u00e1dn\u00fdm clich\u00e9: bylo to origin\u00e1ln\u00ed.<\/b> Krom\u011b toho je\u0161t\u011b na mnoho albech nezp\u00edval na \u017e\u00e1dn\u00fdch podobn\u00fdch kolaborac\u00edch. Opravdu m\u00e1m r\u00e1d K&#8217;Naanovu hudbu a jeho styl. Jeho hudbu hrozn\u011b respektuju. A nejen to &#8211; je to Kana\u010fan jako my a na\u0161\u00ed kapelu zn\u00e1 velmi dob\u0159e. Tak\u017ee p\u0159i\u0161el do nahr\u00e1vac\u00edch studi\u00ed Conway v Los Angeles, sedli jsme si spolu a on n\u00e1m \u0159ekl o sv\u00fdch n\u00e1padech ohledn\u011b t\u00e9to p\u00edsn\u011b. Pak jsme si s Pierrem za\u0161li na ob\u011bd, a kdy\u017e jsme se vr\u00e1tili, v\u0161echno bylo hotov\u00e9 &#8211; <b>bylo to \u00fa\u017easn\u00e9<\/b>.&#8220;<\/i><br \/>\n<center>&#8211; Chuck Comeau &#8211;<\/center><\/p><\/blockquote>\n<p>P\u00edse\u0148 byla obsa\u017eena na \u010dtvrt\u00e9m studiov\u00e9m albu Simple Plan &#8211; &#8222;Get Your Heart On!&#8220; (2011) a v prosinci 2011 kapela vydala tuto verzi v r\u00e1mci <b>&#8222;australsk\u00e9ho&#8220; videoklipu k Summer Paradise<\/b>, re\u017e\u00edrovan\u00e9ho Markem Staubachem, kter\u00fd se skl\u00e1dal ze z\u00e1b\u011br\u016f z australsk\u00e9ho turn\u00e9 Simple Plan. K&#8217;Naan se v\u0161ak v klipu neobjevuje.<\/p>\n<p><center><iframe src=\"http:\/\/www.youtube.com\/embed\/eGCKALHIvRc\" width=\"480\" height=\"270\" frameborder=\"0\" allowfullscreen=\"allowfullscreen\"><\/iframe><\/center><\/p>\n<p>V dubnu 2012 pak m\u011bli Simple Plan poprv\u00e9 mo\u017enost <a href=\"http:\/\/www.youtube.com\/watch?v=gtISS0a7-vs\" target=\"_blank\" rel=\"noopener noreferrer\">zahr\u00e1t<\/a> &#8222;Summer Paradise&#8220; s K&#8217;Naanem na\u017eivo &#8211; a to na p\u0159ed\u00e1v\u00e1n\u00ed ocen\u011bn\u00ed Juno Awards v Kanad\u011b.<\/p>\n<p><center><img decoding=\"async\" src=\"http:\/\/www.simpleplan.cz\/cz\/wp-content\/themes\/2016\/images\/divider.png\" \/><\/center><\/p>\n<div class=\"girls\"><b><u>Verze se Seanem Paulem<\/u><\/b><\/div>\n<p><img decoding=\"async\" style=\"margin: 20px;\" src=\"http:\/\/www.simpleplan.cz\/images\/versp_sp.gif\" alt=\"\" align=\"left\" \/>Zat\u00edmco Simple Plan oslavovali p\u016fvodn\u00ed \u00fasp\u011bch singlu Summer Paradise (feat. K&#8217;Naan) v Austr\u00e1lii, K&#8217;Naanova nahr\u00e1vac\u00ed spole\u010dnost si brzy uv\u011bdomila, \u017ee pokud by tato p\u00edse\u0148 byla vyd\u00e1na jako single i celosv\u011btov\u011b, kolidovala by s vyd\u00e1n\u00edm K&#8217;Naanova vlastn\u00edho nov\u00e9ho singlu. Kv\u016fli tomu <b>Simple Plan nedostali povolen\u00ed k vyd\u00e1n\u00ed t\u00e9to verze pro celosv\u011btov\u00fd trh a zbyly jim jenom dv\u011b mo\u017enosti: vydat jako single \u00fapln\u011b jinou p\u00edse\u0148 nebo naj\u00edt jin\u00e9ho um\u011blce a nahr\u00e1t dal\u0161\u00ed verzi<\/b>. Kluci si zvolili druhou mo\u017enost a za\u010dali hledat um\u011blce, kter\u00fd by se k p\u00edsni hodil, a kdo by s nimi byl ochoten spolupracovat.<\/p>\n<blockquote><p><i>&#8222;<b>Netrvalo n\u00e1m dlouho, ne\u017e jsme si vzpomn\u011bli na Seana Paula<\/b>, kter\u00fd pro to byl perfektn\u00ed. A nejen to: nav\u00edc m\u00e1me stejnou nahr\u00e1vac\u00ed spole\u010dnost, tak\u017ee bylo snadn\u00e9 se s n\u00edm zkontaktovat. Zb\u00fdvalo jen mu to nab\u00eddnout,&#8220;<\/i><br \/>\n<center>&#8211; Chuck Comeau &#8211;<\/center><\/p><\/blockquote>\n<p>Sean Paul si p\u00edse\u0148 zamiloval a jeliko\u017e mu idea kolaborace rapera a pop-rockov\u00e9 kapely nebyla ciz\u00ed &#8211; a dokonce mu p\u0159ipom\u00ednala p\u00edse\u0148 z 90. let, na kter\u00e9 se spojil Supercat s kapelou Sugar Ray, rozhodl se to se Simple Plan zkusit.<\/p>\n<blockquote><p><i>&#8222;U\u017e dlouho jsem cht\u011bl nahr\u00e1t p\u00edse\u0148 s kapelou jako jsou Simple Plan a tohle byla skv\u011bl\u00e1 kombinace. <b>&#8222;Je to skv\u011bl\u00e1 p\u00edse\u0148 se skv\u011blou melodi\u00ed.&#8220;<\/b><\/i><br \/>\n<center>&#8211; Sean Paul &#8211;<\/center><\/p><\/blockquote>\n<p>Nahr\u00e1v\u00e1n\u00ed Seanovy verze Summer Paradise se konalo p\u0159es Skype &#8211; zat\u00edmco Pierre a Chuck byli v Kalifornii a Sean Paul v N\u011bmecku &#8211; kv\u016fli \u010demu taky kluci ze Simple Plan museli vst\u00e1vat u\u017e v 5 hodin r\u00e1no. Tato kolaborace byla kone\u010dn\u011b ozn\u00e1mena fanou\u0161k\u016fm v \u00fanoru 2012, jenom m\u011bs\u00edc p\u0159edt\u00edm, ne\u017e <b>kapela spole\u010dn\u011b se Seanem Paulem odlet\u011bla na Barbados nato\u010dit videoklip k t\u00e9to p\u00edsni<\/b>, re\u017e\u00edrovan\u00fd RT! a Markem Staubachem, a ve kter\u00e9m tentokr\u00e1t vystupoval i samotn\u00fd raper.<\/p>\n<p><center><iframe src=\"http:\/\/www.youtube.com\/embed\/qjHlgrGsLWQ\" width=\"480\" height=\"270\" frameborder=\"0\" allowfullscreen=\"allowfullscreen\"><\/iframe><\/center><\/p>\n<p>\u010cas plynul d\u00e1l a Summer Paradise se za\u010dalo velmi da\u0159it v r\u00e1di\u00edch v Austr\u00e1lii a p\u0159edev\u0161\u00edm v Evrop\u011b, kde se <b>v l\u00e9t\u011b 2012 dokonce stal nejhran\u011bj\u0161\u00edm singlem v\u016fbec<\/b> a pro Simple Plan se stal jedn\u00edm z nej\u00fasp\u011b\u0161n\u011bj\u0161\u00edch hit\u016f jejich dosavadn\u00ed kari\u00e9ry. \u00dasp\u011bch verze se Seanem Paulem pro Simple Plan znamenal mo\u017enost i nad\u00e1le s touto p\u00edsn\u00ed pracovat a v dal\u0161\u00edch m\u011bs\u00edc\u00edch Simple Plan pro francouzsk\u00fd trh vydali tak\u00e9 <b>francouzskou a kanadskou verzi Summer Paradise<\/b> (kanadsk\u00e1 verze b\u00fdv\u00e1 tak\u00e9 n\u011bkdy ozna\u010dov\u00e1na jako francouzsk\u00e1 verze \u010d.2).<\/p>\n<p><b>Francouzsk\u00e1 verze Summer Paradise feat. Sean Paul: <\/b><\/p>\n<p><center><iframe src=\"http:\/\/www.youtube.com\/embed\/Cn1Ut-UkI8E\" width=\"480\" height=\"250\" frameborder=\"0\" allowfullscreen=\"allowfullscreen\"><\/iframe><\/p>\n<p><\/center><b>Kanadsk\u00e1 verze Summer Paradise feat. Sean Paul: <\/b><\/p>\n<p><center><iframe src=\"http:\/\/www.youtube.com\/embed\/hnjWNYlLqrI\" width=\"480\" height=\"250\" frameborder=\"0\" allowfullscreen=\"allowfullscreen\"><\/iframe><\/center><center><img decoding=\"async\" src=\"http:\/\/www.simpleplan.cz\/cz\/wp-content\/themes\/2016\/images\/divider.png\" \/><\/center><\/p>\n<div class=\"girls\"><b><u>Verze s Taka<\/u><\/b><\/div>\n<p><img decoding=\"async\" style=\"margin: 20px;\" src=\"http:\/\/www.simpleplan.cz\/images\/versp_taka.gif\" alt=\"\" align=\"left\" \/>Je\u0161t\u011b p\u0159ed zah\u00e1jen\u00edm dal\u0161\u00edho asijsk\u00e9ho turn\u00e9 Simple Plan v b\u0159eznu 2013, kter\u00e9 kolidovalo s vyd\u00e1n\u00edm japonsk\u00e9 edice alba &#8222;Get Your Heart On!&#8220;, se Simple Plan pro tuto edici rozhodli nahr\u00e1t jednu speci\u00e1ln\u00ed bonusovou p\u00edse\u0148 &#8211; a to pr\u00e1v\u011b dal\u0161\u00ed verzi Summer Paradise &#8211; tentokr\u00e1t v\u0161ak s jin\u00fdm um\u011blcem. V \u00fanoru 2013 Pierre a Chuck v Los Angeles potaj\u00ed zkontaktovali <b>Taka z japonsk\u00e9 kapely ONE OK ROCK<\/b> a p\u0159es telefon se domluvili na sv\u00fdch n\u00e1padech ohledn\u011b t\u00e9to spolupr\u00e1ce. O p\u00e1r dn\u00ed pozd\u011bji se ji\u017e s Taka <a title=\"NOV\u00c9 FOTKY: Nahr\u00e1v\u00e1n\u00ed Summer Paradise feat. Taka\" href=\"http:\/\/www.simpleplan.cz\/cz\/index.php\/nove-fotky-nahravani-summer-paradise-feat-taka\/\" target=\"_blank\" rel=\"noopener noreferrer\">setkali<\/a> v LA a spole\u010dn\u011b nahr\u00e1li p\u00edse\u0148 dnes zn\u00e1mou jako &#8222;japonsk\u00e1 verze Summer Paradise&#8220;, kter\u00e1 obsahuje Tak\u016fv hlas jak v japon\u0161tin\u011b, tak v angli\u010dtin\u011b.<\/p>\n<blockquote><p><i>&#8222;Cht\u011bli jsme pro na\u0161e japonsk\u00e9 fanou\u0161ky vydat n\u011bco, co by bylo trochu odli\u0161n\u00e9ho. A ONE OK ROCK je kapela, kter\u00e1 je senza\u010dn\u00ed, a kter\u00e1 m\u00e1 velk\u00e9 mno\u017estv\u00ed fanou\u0161k\u016f a mysl\u00edm si, \u017ee <b>Taka je naprosto skv\u011bl\u00fd zp\u011bv\u00e1k. Tak\u017ee to pro n\u00e1s byla jasn\u00e1 volba<\/b> &#8211; skv\u011bl\u00e1 kapela, kter\u00e1 je na vzestupu a kter\u00e1 na to rozhodn\u011b m\u00e1. Tak\u017ee to byla skv\u011bl\u00e1 kombinace.\u00a0<b>Nahr\u00e1v\u00e1n\u00ed bylo skv\u011bl\u00e9 a velmi rychl\u00e9.<\/b> Ale pro n\u00e1s bylo hlavn\u011b super, \u017ee jsme m\u011bli mo\u017enost se s Taka setkat a z\u00e1rove\u0148 to i nahr\u00e1t. Tak\u017ee to bylo takov\u00e9 prvn\u00ed setk\u00e1n\u00ed a z\u00e1rove\u0148 i pr\u00e1ce na t\u00e9to p\u00edsni. Posadili jsme se na to, spole\u010dn\u011b jsme na tom pracovali a hrozn\u011b se n\u00e1m to vyda\u0159ilo &#8211; mysl\u00edm si, \u017ee na kluka jeho v\u011bku je mnohem lep\u0161\u00edm zp\u011bv\u00e1kem ne\u017e jsem j\u00e1 kdy byl. Byla to fakt z\u00e1bava.&#8220;<\/i><\/p>\n<p><center>&#8211; Pierre Bouvier &#8211;<\/center><\/p><\/blockquote>\n<p>Tato kolaborace byla ozn\u00e1mena v b\u0159eznu 2013, jenom n\u011bkolik dn\u00ed p\u0159ed vyd\u00e1n\u00edm speci\u00e1ln\u00ed japonsk\u00e9 edice &#8222;Get Your Heart On!&#8220; a tak\u00e9 p\u00e1r t\u00fddn\u016f p\u0159edt\u00edm, ne\u017e se Simple Plan vr\u00e1tili do Japonska, kde tuto p\u00edse\u0148 s Taka <a title=\"VIDEO: Summer Paradise feat. Taka (live)\" href=\"http:\/\/www.simpleplan.cz\/en\/index.php\/video-summer-paradise-feat-taka-live\/\" target=\"_blank\" rel=\"noopener noreferrer\">zazp\u00edvali na\u017eivo<\/a> na festivalu Punkspring a tak\u00e9 v r\u00e1mci jejich koncertu v Tokiu.<\/p>\n<blockquote><p><i>&#8222;<b>Bylo to odli\u0161n\u00e9<\/b>. M\u00e1me u\u017e dv\u011b verze t\u00e9to p\u00edsn\u011b &#8211; a jak verze s K&#8217;Naanem, tak se Seanem Paulem jsou hodn\u011b v hip-hopov\u00e9m stylu. A proto m\u00edt po ruce n\u011bkoho, kdo opravdu zp\u00edv\u00e1, kdo by t\u00e9 p\u00edsni p\u0159inesl \u00fapln\u011b jinou melodii, bylo skv\u011bl\u00e9.&#8220;<\/i><\/p>\n<p><center>&#8211; Pierre Bouvier &#8211;<\/center><\/p><\/blockquote>\n<p>Warner Music Japan k t\u00e9to verzi Summer Paradise vydalo tak\u00e9 <b>ofici\u00e1ln\u00ed lyric video<\/b>:<\/p>\n<p><center><iframe src=\"http:\/\/www.youtube.com\/embed\/l8yhDTN5sas\" width=\"480\" height=\"270\" frameborder=\"0\" allowfullscreen=\"allowfullscreen\"><\/iframe><\/center><\/p>\n<p>V kv\u011btnu 2013 bylo pot\u00e9 zve\u0159ejn\u011bno tak\u00e9 <b>ofici\u00e1ln\u00ed videoklip<\/b> k t\u00e9to verzi, sest\u00e1vaj\u00edc\u00ed se ze z\u00e1b\u011br\u016f z nahr\u00e1v\u00e1n\u00ed a z festivalu PunkSpring:<\/p>\n<p><center><iframe src=\"http:\/\/www.youtube.com\/embed\/QBmTGlUmgpg\" width=\"480\" height=\"270\" frameborder=\"0\" allowfullscreen=\"allowfullscreen\"><\/iframe><\/center><center><img decoding=\"async\" src=\"http:\/\/www.simpleplan.cz\/cz\/wp-content\/themes\/2016\/images\/divider.png\" \/><\/center><\/p>\n<div class=\"girls\"><b><u>Verze bez rapu<\/u><\/b><\/div>\n<p>I p\u0159esto, \u017ee tato verze nen\u00ed p\u0159\u00edli\u0161 zn\u00e1m\u00e1, krom\u011b verz\u00ed s dodate\u010dn\u00fdmi um\u011blci Simple Plan nahr\u00e1li Summer Paradise tak\u00e9 jako <b>verzi &#8222;bez rapu&#8220;<\/b> &#8211; ve kter\u00e9 jsou ve\u0161ker\u00e9 &#8222;rapov\u00e9&#8220; \u010d\u00e1sti nahrazeny kytarov\u00fdm s\u00f3lem Jeffa Stinco (stejn\u011b jako b\u011bhem \u017eiv\u00fdch vystoupen\u00ed) a nav\u00edc jedn\u00edm \u0159\u00e1dkem textu nav\u00edc, kdy Pierre zp\u00edv\u00e1 &#8211; <i>&#8222;I gotta find a way to get myself back to you&#8220;<\/i>. Tato verze se poprv\u00e9 objevila jako sou\u010d\u00e1st digit\u00e1ln\u00ed verze singlu a pozd\u011bji i na CD verzi singlu se Seanem Paulem.<\/p>\n<p><center><iframe src=\"http:\/\/www.youtube.com\/embed\/h5SjgIMISdY\" width=\"480\" height=\"270\" frameborder=\"0\" allowfullscreen=\"allowfullscreen\"><\/iframe><\/center><center><img decoding=\"async\" src=\"http:\/\/www.simpleplan.cz\/cz\/wp-content\/themes\/2016\/images\/divider.png\" \/><\/center><\/p>\n<div class=\"girls\"><b><u>Verze s MKTO<\/u><\/b><\/div>\n<p><img decoding=\"async\" style=\"margin: 20px;\" src=\"http:\/\/www.simpleplan.cz\/images\/versp_mkto.gif\" alt=\"\" align=\"left\" \/><\/p>\n<div style=\"padding:5px;\"><\/div>\n<p>Pr\u00e1ce na t\u00e9to verzi Summer Paradise zapo\u010dali v dubnu 2013, kdy se <b>Chuck Comeau ze Simple Plan poprv\u00e9 setkal se \u010dleny MKTO<\/b>, americk\u00e9ho pop-rapov\u00e9ho dua (slo\u017een\u00e9ho z Malcolma D. Kelleyho a Tonyho Ollera), p\u0159i\u010dem\u017e ob\u011b kapely ji\u017e d\u0159\u00edve spolupracovali se stejn\u00fdmi dv\u011bma skladateli &#8211; Emanuelem Kiriakou a Evanem \u201cKiddem\u201d Bogartem.<\/p>\n<p>Pierre a Chuck se v kv\u011btnu 2013 pot\u00e9 z\u00fa\u010dastnili nat\u00e1\u010den\u00ed videoklipu spolu s MKTO.<\/p>\n<p>Jejich spole\u010dn\u00e1 verze Summer Paradise byla poprv\u00e9 odhalena <b>24. kv\u011btna<\/b> 2013, a to skrze americk\u00fd server Buzznet.com, ve snaze z\u00edskat pozornost p\u0159edev\u0161\u00edm americk\u00fdch fanou\u0161k\u016f Simple Plan.<\/p>\n<p><center><iframe src=\"http:\/\/www.youtube.com\/embed\/mxzuyyGJgaE\" width=\"480\" height=\"270\" frameborder=\"0\" allowfullscreen=\"allowfullscreen\"><\/iframe><\/center><\/div>\n<div class=\"fblikebutton_button\" style=\"float: left; padding-top: 20px; margin-right: 20px; padding-bottom: 20px; padding-left: 20px;\"><iframe src=\"http:\/\/www.facebook.com\/plugins\/like.php?href=https%3A%2F%2Fwww.simpleplan.cz%2Fcz%2Findex.php%2Fextra%2Fverze-summer-paradise%2F&amp;layout=standard&amp;show-faces=false&amp;width=450&amp;action=like&amp;colorscheme=light\" scrolling=\"no\" frameborder=\"0\" allowTransparency=\"true\" style=\"border:none; overflow:hidden; width:450px; height:26px\"><\/iframe><\/div>\n","protected":false},"excerpt":{"rendered":"<p>Verze s K&#8217;Naanem \u00dapln\u011b prvn\u00ed verz\u00ed Summer Paradise, ikdy\u017e ne p\u0159\u00edli\u0161 zn\u00e1mou v porovn\u00e1n\u00ed s<\/p>\n","protected":false},"author":5,"featured_media":0,"parent":5259,"menu_order":0,"comment_status":"open","ping_status":"open","template":"page-templates\/full-width.php","meta":{"footnotes":""},"yoast_head":"<!-- This site is optimized with the Yoast SEO plugin v20.9 - https:\/\/yoast.com\/wordpress\/plugins\/seo\/ -->\n<title>Verze Summer Paradise | CZ: SimplePlan.cz<\/title>\n<meta name=\"robots\" content=\"index, follow, max-snippet:-1, max-image-preview:large, max-video-preview:-1\" \/>\n<link rel=\"canonical\" href=\"https:\/\/www.simpleplan.cz\/cz\/index.php\/extra\/verze-summer-paradise\/\" \/>\n<meta property=\"og:locale\" content=\"cs_CZ\" \/>\n<meta property=\"og:type\" content=\"article\" \/>\n<meta property=\"og:title\" content=\"Verze Summer Paradise | CZ: SimplePlan.cz\" \/>\n<meta property=\"og:description\" content=\"Verze s K&#8217;Naanem \u00dapln\u011b prvn\u00ed verz\u00ed Summer Paradise, ikdy\u017e ne p\u0159\u00edli\u0161 zn\u00e1mou v porovn\u00e1n\u00ed s\" \/>\n<meta property=\"og:url\" content=\"https:\/\/www.simpleplan.cz\/cz\/index.php\/extra\/verze-summer-paradise\/\" \/>\n<meta property=\"og:site_name\" content=\"CZ: SimplePlan.cz\" \/>\n<meta property=\"article:publisher\" content=\"http:\/\/www.facebook.com\/simpleplancz\" \/>\n<meta property=\"article:modified_time\" content=\"2023-06-26T07:29:54+00:00\" \/>\n<meta property=\"og:image\" content=\"http:\/\/www.simpleplan.cz\/images\/versp_knaan.gif\" \/>\n<meta name=\"twitter:card\" content=\"summary_large_image\" \/>\n<meta name=\"twitter:site\" content=\"@simpleplancz\" \/>\n<meta name=\"twitter:label1\" content=\"Odhadovan\u00e1 doba \u010dten\u00ed\" \/>\n\t<meta name=\"twitter:data1\" content=\"8 minut\" \/>\n<script type=\"application\/ld+json\" class=\"yoast-schema-graph\">{\"@context\":\"https:\/\/schema.org\",\"@graph\":[{\"@type\":\"WebPage\",\"@id\":\"https:\/\/www.simpleplan.cz\/cz\/index.php\/extra\/verze-summer-paradise\/\",\"url\":\"https:\/\/www.simpleplan.cz\/cz\/index.php\/extra\/verze-summer-paradise\/\",\"name\":\"Verze Summer Paradise | CZ: SimplePlan.cz\",\"isPartOf\":{\"@id\":\"https:\/\/www.simpleplan.cz\/cz\/#website\"},\"datePublished\":\"2013-04-20T12:07:39+00:00\",\"dateModified\":\"2023-06-26T07:29:54+00:00\",\"breadcrumb\":{\"@id\":\"https:\/\/www.simpleplan.cz\/cz\/index.php\/extra\/verze-summer-paradise\/#breadcrumb\"},\"inLanguage\":\"cs\",\"potentialAction\":[{\"@type\":\"ReadAction\",\"target\":[\"https:\/\/www.simpleplan.cz\/cz\/index.php\/extra\/verze-summer-paradise\/\"]}]},{\"@type\":\"BreadcrumbList\",\"@id\":\"https:\/\/www.simpleplan.cz\/cz\/index.php\/extra\/verze-summer-paradise\/#breadcrumb\",\"itemListElement\":[{\"@type\":\"ListItem\",\"position\":1,\"name\":\"Dom\u016f\",\"item\":\"https:\/\/www.simpleplan.cz\/cz\/\"},{\"@type\":\"ListItem\",\"position\":2,\"name\":\"Extra\",\"item\":\"https:\/\/www.simpleplan.cz\/cz\/index.php\/extra\/\"},{\"@type\":\"ListItem\",\"position\":3,\"name\":\"Verze Summer Paradise\"}]},{\"@type\":\"WebSite\",\"@id\":\"https:\/\/www.simpleplan.cz\/cz\/#website\",\"url\":\"https:\/\/www.simpleplan.cz\/cz\/\",\"name\":\"CZ: SimplePlan.cz\",\"description\":\"Nejlep\u0161\u00ed zdroj informac\u00ed o kapele Simple Plan\",\"publisher\":{\"@id\":\"https:\/\/www.simpleplan.cz\/cz\/#organization\"},\"potentialAction\":[{\"@type\":\"SearchAction\",\"target\":{\"@type\":\"EntryPoint\",\"urlTemplate\":\"https:\/\/www.simpleplan.cz\/cz\/?s={search_term_string}\"},\"query-input\":\"required name=search_term_string\"}],\"inLanguage\":\"cs\"},{\"@type\":\"Organization\",\"@id\":\"https:\/\/www.simpleplan.cz\/cz\/#organization\",\"name\":\"CZ: SimplePlan.cz\",\"url\":\"https:\/\/www.simpleplan.cz\/cz\/\",\"logo\":{\"@type\":\"ImageObject\",\"inLanguage\":\"cs\",\"@id\":\"https:\/\/www.simpleplan.cz\/cz\/#\/schema\/logo\/image\/\",\"url\":\"https:\/\/www.simpleplan.cz\/cz\/wp-content\/uploads\/spczlogo.png\",\"contentUrl\":\"https:\/\/www.simpleplan.cz\/cz\/wp-content\/uploads\/spczlogo.png\",\"width\":250,\"height\":190,\"caption\":\"CZ: SimplePlan.cz\"},\"image\":{\"@id\":\"https:\/\/www.simpleplan.cz\/cz\/#\/schema\/logo\/image\/\"},\"sameAs\":[\"http:\/\/www.facebook.com\/simpleplancz\",\"https:\/\/twitter.com\/simpleplancz\",\"http:\/\/www.instagram.com\/simpleplancz\",\"http:\/\/www.youtube.com\/simpleplancz\"]}]}<\/script>\n<!-- \/ Yoast SEO plugin. -->","yoast_head_json":{"title":"Verze Summer Paradise | CZ: SimplePlan.cz","robots":{"index":"index","follow":"follow","max-snippet":"max-snippet:-1","max-image-preview":"max-image-preview:large","max-video-preview":"max-video-preview:-1"},"canonical":"https:\/\/www.simpleplan.cz\/cz\/index.php\/extra\/verze-summer-paradise\/","og_locale":"cs_CZ","og_type":"article","og_title":"Verze Summer Paradise | CZ: SimplePlan.cz","og_description":"Verze s K&#8217;Naanem \u00dapln\u011b prvn\u00ed verz\u00ed Summer Paradise, ikdy\u017e ne p\u0159\u00edli\u0161 zn\u00e1mou v porovn\u00e1n\u00ed s","og_url":"https:\/\/www.simpleplan.cz\/cz\/index.php\/extra\/verze-summer-paradise\/","og_site_name":"CZ: SimplePlan.cz","article_publisher":"http:\/\/www.facebook.com\/simpleplancz","article_modified_time":"2023-06-26T07:29:54+00:00","og_image":[{"url":"http:\/\/www.simpleplan.cz\/images\/versp_knaan.gif"}],"twitter_card":"summary_large_image","twitter_site":"@simpleplancz","twitter_misc":{"Odhadovan\u00e1 doba \u010dten\u00ed":"8 minut"},"schema":{"@context":"https:\/\/schema.org","@graph":[{"@type":"WebPage","@id":"https:\/\/www.simpleplan.cz\/cz\/index.php\/extra\/verze-summer-paradise\/","url":"https:\/\/www.simpleplan.cz\/cz\/index.php\/extra\/verze-summer-paradise\/","name":"Verze Summer Paradise | CZ: SimplePlan.cz","isPartOf":{"@id":"https:\/\/www.simpleplan.cz\/cz\/#website"},"datePublished":"2013-04-20T12:07:39+00:00","dateModified":"2023-06-26T07:29:54+00:00","breadcrumb":{"@id":"https:\/\/www.simpleplan.cz\/cz\/index.php\/extra\/verze-summer-paradise\/#breadcrumb"},"inLanguage":"cs","potentialAction":[{"@type":"ReadAction","target":["https:\/\/www.simpleplan.cz\/cz\/index.php\/extra\/verze-summer-paradise\/"]}]},{"@type":"BreadcrumbList","@id":"https:\/\/www.simpleplan.cz\/cz\/index.php\/extra\/verze-summer-paradise\/#breadcrumb","itemListElement":[{"@type":"ListItem","position":1,"name":"Dom\u016f","item":"https:\/\/www.simpleplan.cz\/cz\/"},{"@type":"ListItem","position":2,"name":"Extra","item":"https:\/\/www.simpleplan.cz\/cz\/index.php\/extra\/"},{"@type":"ListItem","position":3,"name":"Verze Summer Paradise"}]},{"@type":"WebSite","@id":"https:\/\/www.simpleplan.cz\/cz\/#website","url":"https:\/\/www.simpleplan.cz\/cz\/","name":"CZ: SimplePlan.cz","description":"Nejlep\u0161\u00ed zdroj informac\u00ed o kapele Simple Plan","publisher":{"@id":"https:\/\/www.simpleplan.cz\/cz\/#organization"},"potentialAction":[{"@type":"SearchAction","target":{"@type":"EntryPoint","urlTemplate":"https:\/\/www.simpleplan.cz\/cz\/?s={search_term_string}"},"query-input":"required name=search_term_string"}],"inLanguage":"cs"},{"@type":"Organization","@id":"https:\/\/www.simpleplan.cz\/cz\/#organization","name":"CZ: SimplePlan.cz","url":"https:\/\/www.simpleplan.cz\/cz\/","logo":{"@type":"ImageObject","inLanguage":"cs","@id":"https:\/\/www.simpleplan.cz\/cz\/#\/schema\/logo\/image\/","url":"https:\/\/www.simpleplan.cz\/cz\/wp-content\/uploads\/spczlogo.png","contentUrl":"https:\/\/www.simpleplan.cz\/cz\/wp-content\/uploads\/spczlogo.png","width":250,"height":190,"caption":"CZ: SimplePlan.cz"},"image":{"@id":"https:\/\/www.simpleplan.cz\/cz\/#\/schema\/logo\/image\/"},"sameAs":["http:\/\/www.facebook.com\/simpleplancz","https:\/\/twitter.com\/simpleplancz","http:\/\/www.instagram.com\/simpleplancz","http:\/\/www.youtube.com\/simpleplancz"]}]}},"_links":{"self":[{"href":"https:\/\/www.simpleplan.cz\/cz\/index.php\/wp-json\/wp\/v2\/pages\/12983"}],"collection":[{"href":"https:\/\/www.simpleplan.cz\/cz\/index.php\/wp-json\/wp\/v2\/pages"}],"about":[{"href":"https:\/\/www.simpleplan.cz\/cz\/index.php\/wp-json\/wp\/v2\/types\/page"}],"author":[{"embeddable":true,"href":"https:\/\/www.simpleplan.cz\/cz\/index.php\/wp-json\/wp\/v2\/users\/5"}],"replies":[{"embeddable":true,"href":"https:\/\/www.simpleplan.cz\/cz\/index.php\/wp-json\/wp\/v2\/comments?post=12983"}],"version-history":[{"count":15,"href":"https:\/\/www.simpleplan.cz\/cz\/index.php\/wp-json\/wp\/v2\/pages\/12983\/revisions"}],"predecessor-version":[{"id":23354,"href":"https:\/\/www.simpleplan.cz\/cz\/index.php\/wp-json\/wp\/v2\/pages\/12983\/revisions\/23354"}],"up":[{"embeddable":true,"href":"https:\/\/www.simpleplan.cz\/cz\/index.php\/wp-json\/wp\/v2\/pages\/5259"}],"wp:attachment":[{"href":"https:\/\/www.simpleplan.cz\/cz\/index.php\/wp-json\/wp\/v2\/media?parent=12983"}],"curies":[{"name":"wp","href":"https:\/\/api.w.org\/{rel}","templated":true}]}}