{"id":12996,"date":"2013-04-21T16:06:07","date_gmt":"2013-04-21T14:06:07","guid":{"rendered":"http:\/\/www.simpleplan.cz\/cz\/?page_id=12996"},"modified":"2023-06-26T09:30:17","modified_gmt":"2023-06-26T07:30:17","slug":"man-of-the-hour-1-serie","status":"publish","type":"page","link":"https:\/\/www.simpleplan.cz\/cz\/index.php\/kapela\/vedlejsi-projekty\/man-of-the-hour\/man-of-the-hour-1-serie\/","title":{"rendered":"Man Of The Hour &#8211; 1. s\u00e9rie"},"content":{"rendered":"<div class=\"pagecontent\">\n<center><img decoding=\"async\" src=\"http:\/\/www.simpleplan.cz\/images\/moth_s01_l.gif\"><\/center><\/p>\n<div class=\"girls\"><b><u>1. epizoda 1. s\u00e9rie (s01e01)<\/u><\/b><\/div>\n<p><b>Datum vyd\u00e1n\u00ed:<\/b> 5. srpna 2006<br \/>\n<b>D\u00e9lka epizody:<\/b> 67 minut<br \/>\n<b>Download:<\/b> <a href=\"http:\/\/www.mediafire.com\/?p5f84c32qm6cc2o\" target=\"_blank\" rel=\"noopener\">zde<\/a><br \/>\n<b>Obsa\u017een\u00e9 p\u00edsn\u011b:<\/b><\/p>\n<p>1. Billy Talent &#8211; Fallen Leaves<br \/>\n2. Say Anything &#8211; Wow, I Can Get Sexual Too<br \/>\n3. Lagwagon &#8211; Sad Astronaut<br \/>\n4. Kisschasy &#8211; This Bed<br \/>\n5. Angels &#038; Airwaves &#8211; Start The Machine<br \/>\n6. Hard-Fi &#8211; Hard To Beat<br \/>\n7. Rise Against &#8211; Worth Dying For<br \/>\n8. MUSE &#8211; Starlight<br \/>\n9. Acceptance &#8211; Take Cover<br \/>\n10. Plain White T&#8217;s &#8211; If I Told You<br \/>\n11. Greg Graffin &#8211; Don&#8217;t Be Afraid To Run<\/p>\n<p><b>+<\/b> recenze koncertu Damiena Rice a Angels &#038; Airwaves, zm\u00ednka o Tomu Delongovi a Gerardu Wayovi, historka o tom, jak Paramore v\u011bnovali Simple Plan p\u0159\u00edstroj na zap\u00e9k\u00e1n\u00ed sandwich\u016f, proces vyb\u00edr\u00e1n\u00ed p\u00edsn\u00ed pro MOTH, historka o Sebov\u011b mal\u00e9m nafukovac\u00edm baz\u00e9nku<\/p>\n<div class=\"girls\"><b><u>2. epizoda 1. s\u00e9rie (s01e02)<\/u><\/b><\/div>\n<p><b>Datum vyd\u00e1n\u00ed:<\/b> 12. srpna 2006<br \/>\n<b>D\u00e9lka epizody:<\/b> 63 minut<br \/>\n<b>Download:<\/b> <a href=\"http:\/\/www.mediafire.com\/?jb4zv9yz4qiuiy8\" target=\"_blank\" rel=\"noopener\">zde<\/a><br \/>\n<b>Obsa\u017een\u00e9 p\u00edsn\u011b:<\/b><\/p>\n<p>1. Marvelous 3 &#8211; Little Head<br \/>\n2. Zebrahead &#8211; Hello Tomorrow<br \/>\n3. Head Automatica &#8211; At The Speed Of A Yellow Bullet<br \/>\n4. Descendants &#8211; Silly Girl<br \/>\n5. MxPx &#8211; Wrecking Hotel Rooms<br \/>\n6. Desaparecidos &#8211; Man And Wife The Former<br \/>\n7. Paramore &#8211; Whoa<br \/>\n8. Evermore &#8211; Running<br \/>\n9. Motion City Soundtrack &#8211; When You&#8217;re Around<br \/>\n10. Neverending White Lights &#8211; The Grace<\/p>\n<p><b>+<\/b> zm\u00ednka o Butchi Walkerovi, recenze koncertu Head Automatica, Patrickova Hollywood Minute: o Lindsay Lohan, \u010dten\u00ed dopis\u016f od fanou\u0161k\u016f, vytvo\u0159en\u00ed MySpace pro Man Of The Hour, telefon\u00e1t Zacovi a Jeremymu z Paramore, pl\u00e1ny na ve\u010der: drinky a ve\u010de\u0159e s Jeffem <\/p>\n<div class=\"girls\"><b><u>3. epizoda 1. s\u00e9rie (s01e03)<\/u><\/b><\/div>\n<p><b>Datum vyd\u00e1n\u00ed:<\/b> 19. srpna 2006<br \/>\n<b>D\u00e9lka epizody:<\/b> 63 minut<br \/>\n<b>Download:<\/b> <a href=\"http:\/\/www.mediafire.com\/download\/yua3txbwtw3afpe\/2006-08-19+-+Episode+%23003.m4a\" target=\"_blank\" rel=\"noopener\">zde<\/a><br \/>\n<b>Obsa\u017een\u00e9 p\u00edsn\u011b:<\/b><\/p>\n<p>1. Silverstein &#8211; Your Sword Vs My Dagger<br \/>\n2. Cobra Starship &#8211; Bring It! (Snakes On A Plane)<br \/>\n3. Saves The Day &#8211; Head For The Hills<br \/>\n4. Rancid &#8211; Fall Back Down<br \/>\n5. I&#8217;m A Robot &#8211; Alive<br \/>\n6. Tommy Lee &#8211; Tired<br \/>\n7. Margot &#038; The Nuclear So And So&#8217;s &#8211; Skeleton Key<br \/>\n8. The All-American Rejects &#8211; Top Of The World<br \/>\n9. Sugarcult &#8211; Do It Alone<br \/>\n10. Holly Brooke &#8211; Saturdays<\/p>\n<p><b>+<\/b> Hadi v letadle, Pat a Seb za\u010dali hr\u00e1t tenis, Pat uplave 50 kole\u010dek za 5 minut v Sebov\u011b nafukovac\u00edm baz\u00e9nku, Jeff nezved\u00e1 telefon, Tommy Lee cht\u011bl po\u017e\u00e1dat Pierra, aby zazp\u00edval na jedn\u00e9 z jeho p\u00edsn\u00ed, pro\u010d MOTH je\u0161t\u011b nem\u00e1 fale\u0161n\u00e9 profily, hadi ve studiu, Patrickova Hollywood minute &#8211; v\u0161echny p\u00e1ry se rozv\u00e1d\u011bj\u00ed<\/p>\n<div class=\"girls\"><b><u>4. epizoda 1. s\u00e9rie (s01e04)<\/u><\/b><\/div>\n<p><b>Datum vyd\u00e1n\u00ed:<\/b> 26. srpna 2006<br \/>\n<b>D\u00e9lka epizody:<\/b> 70 minut<br \/>\n<b>Download:<\/b> <a href=\"http:\/\/www.mediafire.com\/download\/9df2ff3kzx41nlf\/2006-08-26+-+Episode+%23004.m4a\" target=\"_blank\" rel=\"noopener\">zde<\/a><br \/>\n<b>Obsa\u017een\u00e9 p\u00edsn\u011b:<\/b><\/p>\n<p>1. Jack&#8217;s Mannequin &#8211; Miss Delaney<br \/>\n2. Ten Foot Pole &#8211; Never Look Back<br \/>\n3. Bad Astronaut &#8211; If I Had A Son<br \/>\n4. The Sounds &#8211; Queen Of Apology<br \/>\n5. New Found Glory &#8211; It&#8217;s Not Your Fault<br \/>\n6. The Summer Obsession &#8211; Melt The Sugar<br \/>\n7. My Big Wheel feat. Pierre Bouvier &#8211; Loaded<br \/>\n8. Mobile &#8211; New York Minute<br \/>\n9. MC Lars feat. Jaret Reddick &#8211; Download This Song<br \/>\n10. The Midway State &#8211; Change For You<\/p>\n<p><b>+<\/b> 40 000 download\u016f prvn\u00edho podcastu, hadi v letadle a v divadlech, Seb a Pat hraj\u00ed tenis, Seb je snobsk\u00fd ryb\u00e1\u0159 &#8211; Mr. Caddy Fisherman, Seb si nechal sv\u00e9 boxerky v Patov\u011b aut\u011b, Jeffovy narozeniny, m\u00edsto v Man Of The Hour m\u00e1 v\u011bt\u0161\u00ed hodnotu ne\u017e brzdy, reklama na Bad Astronaut, Seb chce jet do vesm\u00edru s Lancem Bassem, telefon\u00e1t Chrisu Wilsonovi z The Summer Obsession (ex-Good Charlotte), Fred a Pierre na p\u00edsni My Big Wheel, Patrickova Hollywood minute: Nicole Richie, Apple je v\u0161ude, Iggy Pop nechal MC Larse pou\u017e\u00edt sample z jeho p\u00edsn\u011b<\/p>\n<div class=\"girls\"><b><u>5. epizoda 1. s\u00e9rie (s01e05)<\/u><\/b><\/div>\n<p><b>Datum vyd\u00e1n\u00ed:<\/b> 2. z\u00e1\u0159\u00ed 2006<br \/>\n<b>D\u00e9lka epizody:<\/b> 67 minut<br \/>\n<b>Download:<\/b> <a href=\"http:\/\/www.mediafire.com\/download\/b6kunuie6k6ha5b\/2006-09-02+-+Episode+%23005.m4a\" target=\"_blank\" rel=\"noopener\">zde<\/a><br \/>\n<b>Obsa\u017een\u00e9 p\u00edsn\u011b:<\/b><\/p>\n<p>1. GOB &#8211; Ming Tran<br \/>\n2. Thursday &#8211; Counting 5-4-3-2-1<br \/>\n3. Dashboard Confessional &#8211; So Long, So Long<br \/>\n4. The Appleseed Cast \u2013 Hanging Marionette<br \/>\n5. Millencolin &#8211; Penguins And Polar Bears<br \/>\n6. Jakalope &#8211; Upside Down (And I Fall)<br \/>\n7. Over It &#8211; Sirens On The 101<br \/>\n8. Idle Sons &#8211; Waiting Around<br \/>\n9. Panic! At The Disco &#8211; The Only Difference Between Martyrdom And Suicide Is Press Coverage<br \/>\n10. Bedouin Soundclash &#8211; When The Night Feels My Song<\/p>\n<p><b>+<\/b> Jeff zase nezved\u00e1 telefon, jestli\u017ee nabarv\u00edme sv\u011bt nab\u00edlo, ka\u017ed\u00fd bude vypadat jako duch, nejlep\u0161\u00ed p\u00e1rty dny za sebou &#8211; Jeff v\u00ed, jak uspo\u0159\u00e1dat po\u0159\u00e1dnou p\u00e1rty a Pat v\u00ed, jak ho shodit do v\u00ed\u0159ivky, Pat si ud\u011blal seznam, co se d\u011bje se Sebov\u00fdmi vlasy, Patovy vlasy jsou dlouh\u00e9 a sexy jako je m\u00e1 Sawyer v LOST, MOTH nen\u00ed \u017eiv\u011b, Seb vypad\u00e1 \u00fa\u017easn\u011b, nepln\u011bn\u00ed slib\u016f, francouzsk\u00e1 slova v angli\u010dtin\u011b, Patrickova Hollywood Minute: hip-hope\u0159i przn\u00ed angli\u010dtinu, telefon\u00e1t Katie Rox (Jakalope), co se d\u011bje s Plutem a Goofym, jak se dostat k domu Franka Borina, sout\u011b\u017e o nejv\u00edce fale\u0161n\u00fd sm\u00edch<\/p>\n<div class=\"girls\"><b><u>6. epizoda 1. s\u00e9rie (s01e06)<\/u><\/b><\/div>\n<p><b>Datum vyd\u00e1n\u00ed:<\/b> 9. z\u00e1\u0159\u00ed 2006<br \/>\n<b>D\u00e9lka epizody:<\/b> 65 minut<br \/>\n<b>Download:<\/b> <a href=\"http:\/\/www.mediafire.com\/download\/b459tlnjlo4jidi\/2006-09-09+-+Episode+%23006.m4a\" target=\"_blank\" rel=\"noopener\">zde<\/a><br \/>\n<b>Obsa\u017een\u00e9 p\u00edsn\u011b:<\/b><\/p>\n<p>1. Letter Kills &#8211; Don&#8217;t Believe<br \/>\n2. Vendetta Red &#8211; Silhouette Serenade<br \/>\n3. The Get Up Kids &#8211; Mass Pike<br \/>\n4. Gym Class Heroes &#8211; Shoot Down The Stars<br \/>\n5. Arcade Fire &#8211; Rebellion<br \/>\n6. Lostprophets &#8211; Rooftops<br \/>\n7. Something With Numbers &#8211; Apple Of The Eye<br \/>\n8. The Stills &#8211; In The Beginning<br \/>\n9. Propagandhi &#8211; State Lottery<br \/>\n10. The Fray &#8211; Hundred<\/p>\n<p><b>+<\/b> MOTH je v Pa\u0159\u00ed\u017ei, Patovy narozeniny, dva Jackov\u00e9, Patrick a Sebastien se chlub\u00ed, \u017ee byli v\u0161ude po sv\u011bt\u011b, Pat a JT maj\u00ed speci\u00e1ln\u00ed pouto, tyk\u00e1n\u00ed se Scarlett Johansson, v\u0161echny kapely zp\u00edvaj\u00ed o &#8222;st\u0159ech\u00e1ch&#8220;, Patrickova Hollywood minute: d\u00edt\u011b Toma Cruise, Montreal je nejlep\u0161\u00ed, \u010dten\u00ed dopis\u016f od fanou\u0161k\u016f Patricka moc t\u011b\u0161\u00ed, DUI\/DYI<\/p>\n<div class=\"girls\"><b><u>7. epizoda 1. s\u00e9rie (s01e07)<\/u><\/b><\/div>\n<p><b>Datum vyd\u00e1n\u00ed<\/b> 16. z\u00e1\u0159\u00ed 2006<br \/>\n<b>D\u00e9lka epizody:<\/b> 69 minut<br \/>\n<b>Download:<\/b> <a href=\"http:\/\/www.mediafire.com\/download\/vcc7k421kendu3t\/2006-09-16+-+Episode+%23007.m4a\" target=\"_blank\" rel=\"noopener\">zde<\/a><br \/>\n<b>Obsa\u017een\u00e9 p\u00edsn\u011b:<\/b><\/p>\n<p>1. Relient K &#8211; Be My Escape<br \/>\n2. Jimmy Eat World &#8211; Kill<br \/>\n3. Jackson United &#8211; Fell Into<br \/>\n4. Subb &#8211; The Motions<br \/>\n5. Everclear &#8211; So Much For The Afterglow<br \/>\n6. Fort Minor &#8211; High Road<br \/>\n7. Avenged Sevenfold &#8211; Seize The Day<br \/>\n8. Face To Face &#8211; Disconnected<br \/>\n9. Story Of The Year &#8211; Unheard Voices<br \/>\n10. Damien Rice &#8211; Canonball (Acoustic)<\/p>\n<p><b>+<\/b> tolik nov\u00e9 hudby, skoro o to lep\u0161\u00ed, Letter Red &#038; Vendetta Kills, MOTH show v Pa\u0159\u00ed\u017ei byla p\u0159eru\u0161ena, Patrickova vtipn\u00e1 hodinka: Pat si zahr\u00e1l na MacGyvera a on a Seb si zaplavali v hotelov\u00e9m baz\u00e9nu ve 4 r\u00e1no, l\u00e9to je pry\u010d &#8211; Seb\u016fv baz\u00e9nek je pr\u00e1zdn\u00fd, co ud\u011blat s hrncem zlata &#8211; hiphopov\u00e9 \u0159et\u011bzy, Patrickovy narozky s Janet Jackson, vyzv\u00e1n\u011bc\u00ed melodie, konceptov\u00e1 alba, MOTH E-Bay minutka, Patrickova Hollywood Minute: mus\u00edme naj\u00edt nov\u00e9 celebrity<\/p>\n<div class=\"girls\"><b><u>8. epizoda 1. s\u00e9rie (s01e08)<\/u><\/b><\/div>\n<p><b>Datum vyd\u00e1n\u00ed:<\/b> 23. z\u00e1\u0159\u00ed 2006<br \/>\n<b>D\u00e9lka epizody:<\/b> 70 minut<br \/>\n<b>Download:<\/b> <a href=\"http:\/\/www.mediafire.com\/download\/k3lppdofldl71ld\/2006-09-23+-+Episode+%23008.m4a\" target=\"_blank\" rel=\"noopener\">zde<\/a><br \/>\n<b>Obsa\u017een\u00e9 p\u00edsn\u011b:<\/b><\/p>\n<p>1. The Bloodhound Gang &#8211; I Hope You Die<br \/>\n2. Moneen &#8211; This Is All Bigger Than Me<br \/>\n3. The Ataris- San Dimas High School Football Rules<br \/>\n4. Yellowcard &#8211; Rough Langing Holly<br \/>\n5. Metric &#8211; Monster Hospital<br \/>\n6. Strung Out &#8211; Firecracker<br \/>\n7. My Chemical Romance &#8211; Welcome To The Black Parade<br \/>\n8. 30 Seconds To Mars &#8211; The Kill<br \/>\n9. The Starting Line &#8211; Best Of Me<br \/>\n10. Colin Hay &#8211; I Just Don&#8217;t Think I&#8217;ll Ever Get Over You<\/p>\n<p><b>+<\/b> v Patov\u011b byt\u011b, party jako v roce 1999 = p\u0159ich\u00e1z\u00ed apokalypsa, stra\u0161n\u00e1 spousta seri\u00e1l\u016f, skute\u010dn\u00ed r\u00e1diov\u00ed DJov\u00e9 jsou hrozn\u011b trapn\u00ed, Patrick chce b\u00fdt kamar\u00e1dem s JT, recenze alba Plain White T&#8217;s, Seb vyhr\u00e1l v sout\u011b\u017ei o vyzv\u00e1n\u011bc\u00ed melodii, co to jsou metodov\u00ed herci, chod\u00ed \u00fanosci s \u017eel\u00edzkama na rukou?, Patnaper, b\u00fdt pas\u00e1kem je cool&#8230;, Pat se byl pod\u00edvat na Reset je\u0161t\u011b p\u0159edt\u00edm, ne\u017e je znal a Chuck ve vzduchu p\u0159edst\u00edral, \u017ee hraje na bic\u00ed b\u011bhem koncertu Strung Out, jakto\u017ee Miss Universe v\u017edycky vyhraje n\u011bkdo ze Zem\u011b, Patrickova Hollywood Minute, Seb sl\u00edbil, \u017ee smekne sv\u016fj klobouk p\u0159ed Jaredem Leto, jen\u017ee nem\u00e1 \u017e\u00e1dn\u00fd klobouk, sledov\u00e1n\u00ed Family Guy v Patrickov\u011b dom\u011b, Matt z The Starting Line b\u00fdval Sebova d\u011bvka<\/p>\n<div class=\"girls\"><b><u>9. epizoda 1. s\u00e9rie (s01e09)<\/u><\/b><\/div>\n<p><b>Datum vyd\u00e1n\u00ed:<\/b> 30. z\u00e1\u0159\u00ed 2006<br \/>\n<b>D\u00e9lka epizody:<\/b> 73 minut<br \/>\n<b>Download:<\/b> <a href=\"http:\/\/www.mediafire.com\/download\/24b79ib9bfqbd1b\/2006-09-30+-+Episode+%23009.m4a\" target=\"_blank\" rel=\"noopener\">zde<\/a><br \/>\n<b>Obsa\u017een\u00e9 p\u00edsn\u011b:<\/b><\/p>\n<p>1. Straylight Run &#8211; The Tension And The Terror<br \/>\n2. Less Than Jake &#8211; Soundtrack Of My Life<br \/>\n3. The Melody Club &#8211; Killing A Boy<br \/>\n4. The Red Jumpsuit Apparatus &#8211; Face Down<br \/>\n5. The Streets &#8211; Fit But You Know It<br \/>\n6. No Use For A Name &#8211; I&#8217;ll See You On The Outside<br \/>\n7. Blue October &#8211; Hate Me<br \/>\n8. May &#8211; Suspension<br \/>\n9. Thrice &#8211; Red Skies<br \/>\n10. City And Colour &#8211; Hello, I&#8217;m In Delaware<\/p>\n<p><b>+<\/b> Chuck ve sv\u00fdch bloz\u00edch hodn\u011b psal o hokeji, opil\u00e9 p\u00e1rty s Less Than Jake, aukc\u00edm se da\u0159\u00ed, klonuj\u00ed lidi v CSI\/Krimin\u00e1lce?, psan\u00ed si pozn\u00e1mek b\u011bhem MOTH, nikdo nej\u00ed party mix krekr\u016f v buse, co je to jumpsuit, Seb b\u00fdval kaskad\u00e9rem, Pat a Seb d\u011blaj\u00ed roleplay, Pat m\u00e1 20 000 fotek Simple Plan &#8211; prvn\u00ed zm\u00ednka &#8222;fotoknihy&#8220; na MOTH &#8211; vyd\u00e1n\u00ed na za\u010d\u00e1tku roku 2007 [nakonec <a href=\"http:\/\/www.simpleplan.cz\/cz\/index.php\/kapela\/simple-plan-the-official-story\/\" title=\"Simple Plan: The Official Story\" target=\"_blank\" rel=\"noopener\">Simple Plan: The Official Story<\/a> vyd\u00e1na v roce 2012], MOTH je jako fotbalov\u00e1 hra a\u017e na to, \u017ee v\u016fbec ne, Pat\u016fv t\u00e1ta je \u0161\u00edlen\u00fd v\u011bdec, Frenchieho opileck\u00e1 p\u00edse\u0148, Pat se chce na Halloween p\u0159evl\u00e9ct za pas\u00e1ka\/pt\u00e1ka\/indi\u00e1na\/JT a Seb chce b\u00fdt ml\u00e9ka\u0159em\/po\u0161\u0165\u00e1kem, nejlep\u0161\u00ed email od fanou\u0161k\u016fa Clay Aikena, Patrickova Hollywood minute: Perez Hilton<\/p>\n<div class=\"girls\"><b><u>10. epizoda 1. s\u00e9rie (s01e10)<\/u><\/b><\/div>\n<p><b>Datum vyd\u00e1n\u00ed:<\/b> 14. \u0159\u00edjna 2006<br \/>\n<b>D\u00e9lka epizody:<\/b> 82 minut<br \/>\n<b>Download:<\/b> <a href=\"http:\/\/www.mediafire.com\/download\/1w71qhi5b17zao4\/2006-10-14+-+Episode+%23010.m4a\" target=\"_blank\" rel=\"noopener\">zde<\/a><br \/>\n<b>Obsa\u017een\u00e9 p\u00edsn\u011b:<\/b><\/p>\n<p>1. Foo Fighters &#8211; This Is A Call<br \/>\n2. Deftones &#8211; Be Quiet And Drive<br \/>\n3. Our Lady Peace &#8211; Naveed<br \/>\n4. Weezer &#8211; My Name Is Jonas<br \/>\n5. Reset &#8211; Go Away<br \/>\n6. Smashing Pumpkings &#8211; Bullet With Butterfly Wings<br \/>\n7. Radiohead &#8211; Street Spirits<br \/>\n8. Pearl Jam &#8211; Porch<br \/>\n9. The Offspring &#8211; Self Esteem<br \/>\n10. Pixies &#8211; Where Is My Mind?<\/p>\n<p><b>+<\/b> Patrickova cesta do N\u011bmecka, Chuck \u0159ekl, \u017ee kluci na MOTH v\u017edy vykl\u00e1daj\u00ed ty sam\u00e9 vtipy, t\u00e9ma show: 90. l\u00e9ta, Dave Grohl produkoval prvn\u00ed desku FF s\u00e1m, Seb m\u00edval dlouh\u00e9 vlasy, Patova story z N\u011bmecka: Pat se domn\u00edval, \u017ee &#8222;schlaf gut&#8220; znamen\u00e1 &#8222;moc dobr\u00e9&#8220; a \u0159\u00edkal to po v\u0161ech restaurac\u00edch, Seb byl minul\u00fd t\u00fdden nemocn\u00fd, z\u00e1hadn\u00e1 fotografie na Ebay, MOTH k\u00e1men na\u0161el sv\u016fj domov, sprost\u00e1 francouzsk\u00e1 p\u00edse\u0148, Rivers Cuomo m\u00e1 diplom z Harvardu, telefon\u00e1t Chuckovi Comeau &#8211; Chuck povol\u00ed zahr\u00e1n\u00ed p\u00edsn\u011b od Reset, Reset vyd\u00e1vaj\u00ed dvojit\u00e9 album, Chuck se stane recenzentem film\u016f pro MOTH &#8211; Last Kiss &#038; The Departed, Chuck potkal Matta Damona na Florid\u011b, SP &#8222;pa\u0159ili&#8220; s Leem DiCapriem v Ji\u017en\u00ed Africe, Pat\u016fv vtip, Google koupilo YouTube, Pat by si koupil Singapur, Fred na telefonu, Patrick se poprv\u00e9 l\u00edbal b\u011bhem p\u00edsn\u011b &#8222;Porch&#8220; od Pearl Jam, Patrickova Hollywood minute: Paris a Nicole jsou op\u011bt kamar\u00e1dky, ka\u017ed\u00e9 V\u00e1noce Seb nos\u00edval cop\u00e1nky, elevated handslap\n<\/div>\n<div class=\"fblikebutton_button\" style=\"float: left; padding-top: 20px; margin-right: 20px; padding-bottom: 20px; padding-left: 20px;\"><iframe src=\"http:\/\/www.facebook.com\/plugins\/like.php?href=https%3A%2F%2Fwww.simpleplan.cz%2Fcz%2Findex.php%2Fkapela%2Fvedlejsi-projekty%2Fman-of-the-hour%2Fman-of-the-hour-1-serie%2F&amp;layout=standard&amp;show-faces=false&amp;width=450&amp;action=like&amp;colorscheme=light\" scrolling=\"no\" frameborder=\"0\" allowTransparency=\"true\" style=\"border:none; overflow:hidden; width:450px; height:26px\"><\/iframe><\/div>\n","protected":false},"excerpt":{"rendered":"<p>1. epizoda 1. s\u00e9rie (s01e01) Datum vyd\u00e1n\u00ed: 5. srpna 2006 D\u00e9lka epizody: 67 minut Download:<\/p>\n","protected":false},"author":5,"featured_media":0,"parent":5432,"menu_order":0,"comment_status":"open","ping_status":"open","template":"","meta":{"footnotes":""},"yoast_head":"<!-- This site is optimized with the Yoast SEO plugin v20.9 - https:\/\/yoast.com\/wordpress\/plugins\/seo\/ -->\n<title>Man Of The Hour - 1. s\u00e9rie | CZ: SimplePlan.cz<\/title>\n<meta name=\"robots\" content=\"index, follow, max-snippet:-1, max-image-preview:large, max-video-preview:-1\" \/>\n<link rel=\"canonical\" href=\"https:\/\/www.simpleplan.cz\/cz\/index.php\/kapela\/vedlejsi-projekty\/man-of-the-hour\/man-of-the-hour-1-serie\/\" \/>\n<meta property=\"og:locale\" content=\"cs_CZ\" \/>\n<meta property=\"og:type\" content=\"article\" \/>\n<meta property=\"og:title\" content=\"Man Of The Hour - 1. s\u00e9rie | CZ: SimplePlan.cz\" \/>\n<meta property=\"og:description\" content=\"1. epizoda 1. s\u00e9rie (s01e01) Datum vyd\u00e1n\u00ed: 5. srpna 2006 D\u00e9lka epizody: 67 minut Download:\" \/>\n<meta property=\"og:url\" content=\"https:\/\/www.simpleplan.cz\/cz\/index.php\/kapela\/vedlejsi-projekty\/man-of-the-hour\/man-of-the-hour-1-serie\/\" \/>\n<meta property=\"og:site_name\" content=\"CZ: SimplePlan.cz\" \/>\n<meta property=\"article:publisher\" content=\"http:\/\/www.facebook.com\/simpleplancz\" \/>\n<meta property=\"article:modified_time\" content=\"2023-06-26T07:30:17+00:00\" \/>\n<meta property=\"og:image\" content=\"http:\/\/www.simpleplan.cz\/images\/moth_s01_l.gif\" \/>\n<meta name=\"twitter:card\" content=\"summary_large_image\" \/>\n<meta name=\"twitter:site\" content=\"@simpleplancz\" \/>\n<meta name=\"twitter:label1\" content=\"Odhadovan\u00e1 doba \u010dten\u00ed\" \/>\n\t<meta name=\"twitter:data1\" content=\"9 minut\" \/>\n<script type=\"application\/ld+json\" class=\"yoast-schema-graph\">{\"@context\":\"https:\/\/schema.org\",\"@graph\":[{\"@type\":\"WebPage\",\"@id\":\"https:\/\/www.simpleplan.cz\/cz\/index.php\/kapela\/vedlejsi-projekty\/man-of-the-hour\/man-of-the-hour-1-serie\/\",\"url\":\"https:\/\/www.simpleplan.cz\/cz\/index.php\/kapela\/vedlejsi-projekty\/man-of-the-hour\/man-of-the-hour-1-serie\/\",\"name\":\"Man Of The Hour - 1. s\u00e9rie | CZ: SimplePlan.cz\",\"isPartOf\":{\"@id\":\"https:\/\/www.simpleplan.cz\/cz\/#website\"},\"datePublished\":\"2013-04-21T14:06:07+00:00\",\"dateModified\":\"2023-06-26T07:30:17+00:00\",\"breadcrumb\":{\"@id\":\"https:\/\/www.simpleplan.cz\/cz\/index.php\/kapela\/vedlejsi-projekty\/man-of-the-hour\/man-of-the-hour-1-serie\/#breadcrumb\"},\"inLanguage\":\"cs\",\"potentialAction\":[{\"@type\":\"ReadAction\",\"target\":[\"https:\/\/www.simpleplan.cz\/cz\/index.php\/kapela\/vedlejsi-projekty\/man-of-the-hour\/man-of-the-hour-1-serie\/\"]}]},{\"@type\":\"BreadcrumbList\",\"@id\":\"https:\/\/www.simpleplan.cz\/cz\/index.php\/kapela\/vedlejsi-projekty\/man-of-the-hour\/man-of-the-hour-1-serie\/#breadcrumb\",\"itemListElement\":[{\"@type\":\"ListItem\",\"position\":1,\"name\":\"Dom\u016f\",\"item\":\"https:\/\/www.simpleplan.cz\/cz\/\"},{\"@type\":\"ListItem\",\"position\":2,\"name\":\"Kapela\",\"item\":\"https:\/\/www.simpleplan.cz\/cz\/index.php\/kapela\/\"},{\"@type\":\"ListItem\",\"position\":3,\"name\":\"Vedlej\u0161\u00ed projekty\",\"item\":\"https:\/\/www.simpleplan.cz\/cz\/index.php\/kapela\/vedlejsi-projekty\/\"},{\"@type\":\"ListItem\",\"position\":4,\"name\":\"Man Of The Hour\",\"item\":\"https:\/\/www.simpleplan.cz\/cz\/index.php\/kapela\/vedlejsi-projekty\/man-of-the-hour\/\"},{\"@type\":\"ListItem\",\"position\":5,\"name\":\"Man Of The Hour &#8211; 1. s\u00e9rie\"}]},{\"@type\":\"WebSite\",\"@id\":\"https:\/\/www.simpleplan.cz\/cz\/#website\",\"url\":\"https:\/\/www.simpleplan.cz\/cz\/\",\"name\":\"CZ: SimplePlan.cz\",\"description\":\"Nejlep\u0161\u00ed zdroj informac\u00ed o kapele Simple Plan\",\"publisher\":{\"@id\":\"https:\/\/www.simpleplan.cz\/cz\/#organization\"},\"potentialAction\":[{\"@type\":\"SearchAction\",\"target\":{\"@type\":\"EntryPoint\",\"urlTemplate\":\"https:\/\/www.simpleplan.cz\/cz\/?s={search_term_string}\"},\"query-input\":\"required name=search_term_string\"}],\"inLanguage\":\"cs\"},{\"@type\":\"Organization\",\"@id\":\"https:\/\/www.simpleplan.cz\/cz\/#organization\",\"name\":\"CZ: SimplePlan.cz\",\"url\":\"https:\/\/www.simpleplan.cz\/cz\/\",\"logo\":{\"@type\":\"ImageObject\",\"inLanguage\":\"cs\",\"@id\":\"https:\/\/www.simpleplan.cz\/cz\/#\/schema\/logo\/image\/\",\"url\":\"https:\/\/www.simpleplan.cz\/cz\/wp-content\/uploads\/spczlogo.png\",\"contentUrl\":\"https:\/\/www.simpleplan.cz\/cz\/wp-content\/uploads\/spczlogo.png\",\"width\":250,\"height\":190,\"caption\":\"CZ: SimplePlan.cz\"},\"image\":{\"@id\":\"https:\/\/www.simpleplan.cz\/cz\/#\/schema\/logo\/image\/\"},\"sameAs\":[\"http:\/\/www.facebook.com\/simpleplancz\",\"https:\/\/twitter.com\/simpleplancz\",\"http:\/\/www.instagram.com\/simpleplancz\",\"http:\/\/www.youtube.com\/simpleplancz\"]}]}<\/script>\n<!-- \/ Yoast SEO plugin. -->","yoast_head_json":{"title":"Man Of The Hour - 1. s\u00e9rie | CZ: SimplePlan.cz","robots":{"index":"index","follow":"follow","max-snippet":"max-snippet:-1","max-image-preview":"max-image-preview:large","max-video-preview":"max-video-preview:-1"},"canonical":"https:\/\/www.simpleplan.cz\/cz\/index.php\/kapela\/vedlejsi-projekty\/man-of-the-hour\/man-of-the-hour-1-serie\/","og_locale":"cs_CZ","og_type":"article","og_title":"Man Of The Hour - 1. s\u00e9rie | CZ: SimplePlan.cz","og_description":"1. epizoda 1. s\u00e9rie (s01e01) Datum vyd\u00e1n\u00ed: 5. srpna 2006 D\u00e9lka epizody: 67 minut Download:","og_url":"https:\/\/www.simpleplan.cz\/cz\/index.php\/kapela\/vedlejsi-projekty\/man-of-the-hour\/man-of-the-hour-1-serie\/","og_site_name":"CZ: SimplePlan.cz","article_publisher":"http:\/\/www.facebook.com\/simpleplancz","article_modified_time":"2023-06-26T07:30:17+00:00","og_image":[{"url":"http:\/\/www.simpleplan.cz\/images\/moth_s01_l.gif"}],"twitter_card":"summary_large_image","twitter_site":"@simpleplancz","twitter_misc":{"Odhadovan\u00e1 doba \u010dten\u00ed":"9 minut"},"schema":{"@context":"https:\/\/schema.org","@graph":[{"@type":"WebPage","@id":"https:\/\/www.simpleplan.cz\/cz\/index.php\/kapela\/vedlejsi-projekty\/man-of-the-hour\/man-of-the-hour-1-serie\/","url":"https:\/\/www.simpleplan.cz\/cz\/index.php\/kapela\/vedlejsi-projekty\/man-of-the-hour\/man-of-the-hour-1-serie\/","name":"Man Of The Hour - 1. s\u00e9rie | CZ: SimplePlan.cz","isPartOf":{"@id":"https:\/\/www.simpleplan.cz\/cz\/#website"},"datePublished":"2013-04-21T14:06:07+00:00","dateModified":"2023-06-26T07:30:17+00:00","breadcrumb":{"@id":"https:\/\/www.simpleplan.cz\/cz\/index.php\/kapela\/vedlejsi-projekty\/man-of-the-hour\/man-of-the-hour-1-serie\/#breadcrumb"},"inLanguage":"cs","potentialAction":[{"@type":"ReadAction","target":["https:\/\/www.simpleplan.cz\/cz\/index.php\/kapela\/vedlejsi-projekty\/man-of-the-hour\/man-of-the-hour-1-serie\/"]}]},{"@type":"BreadcrumbList","@id":"https:\/\/www.simpleplan.cz\/cz\/index.php\/kapela\/vedlejsi-projekty\/man-of-the-hour\/man-of-the-hour-1-serie\/#breadcrumb","itemListElement":[{"@type":"ListItem","position":1,"name":"Dom\u016f","item":"https:\/\/www.simpleplan.cz\/cz\/"},{"@type":"ListItem","position":2,"name":"Kapela","item":"https:\/\/www.simpleplan.cz\/cz\/index.php\/kapela\/"},{"@type":"ListItem","position":3,"name":"Vedlej\u0161\u00ed projekty","item":"https:\/\/www.simpleplan.cz\/cz\/index.php\/kapela\/vedlejsi-projekty\/"},{"@type":"ListItem","position":4,"name":"Man Of The Hour","item":"https:\/\/www.simpleplan.cz\/cz\/index.php\/kapela\/vedlejsi-projekty\/man-of-the-hour\/"},{"@type":"ListItem","position":5,"name":"Man Of The Hour &#8211; 1. s\u00e9rie"}]},{"@type":"WebSite","@id":"https:\/\/www.simpleplan.cz\/cz\/#website","url":"https:\/\/www.simpleplan.cz\/cz\/","name":"CZ: SimplePlan.cz","description":"Nejlep\u0161\u00ed zdroj informac\u00ed o kapele Simple Plan","publisher":{"@id":"https:\/\/www.simpleplan.cz\/cz\/#organization"},"potentialAction":[{"@type":"SearchAction","target":{"@type":"EntryPoint","urlTemplate":"https:\/\/www.simpleplan.cz\/cz\/?s={search_term_string}"},"query-input":"required name=search_term_string"}],"inLanguage":"cs"},{"@type":"Organization","@id":"https:\/\/www.simpleplan.cz\/cz\/#organization","name":"CZ: SimplePlan.cz","url":"https:\/\/www.simpleplan.cz\/cz\/","logo":{"@type":"ImageObject","inLanguage":"cs","@id":"https:\/\/www.simpleplan.cz\/cz\/#\/schema\/logo\/image\/","url":"https:\/\/www.simpleplan.cz\/cz\/wp-content\/uploads\/spczlogo.png","contentUrl":"https:\/\/www.simpleplan.cz\/cz\/wp-content\/uploads\/spczlogo.png","width":250,"height":190,"caption":"CZ: SimplePlan.cz"},"image":{"@id":"https:\/\/www.simpleplan.cz\/cz\/#\/schema\/logo\/image\/"},"sameAs":["http:\/\/www.facebook.com\/simpleplancz","https:\/\/twitter.com\/simpleplancz","http:\/\/www.instagram.com\/simpleplancz","http:\/\/www.youtube.com\/simpleplancz"]}]}},"_links":{"self":[{"href":"https:\/\/www.simpleplan.cz\/cz\/index.php\/wp-json\/wp\/v2\/pages\/12996"}],"collection":[{"href":"https:\/\/www.simpleplan.cz\/cz\/index.php\/wp-json\/wp\/v2\/pages"}],"about":[{"href":"https:\/\/www.simpleplan.cz\/cz\/index.php\/wp-json\/wp\/v2\/types\/page"}],"author":[{"embeddable":true,"href":"https:\/\/www.simpleplan.cz\/cz\/index.php\/wp-json\/wp\/v2\/users\/5"}],"replies":[{"embeddable":true,"href":"https:\/\/www.simpleplan.cz\/cz\/index.php\/wp-json\/wp\/v2\/comments?post=12996"}],"version-history":[{"count":18,"href":"https:\/\/www.simpleplan.cz\/cz\/index.php\/wp-json\/wp\/v2\/pages\/12996\/revisions"}],"predecessor-version":[{"id":33103,"href":"https:\/\/www.simpleplan.cz\/cz\/index.php\/wp-json\/wp\/v2\/pages\/12996\/revisions\/33103"}],"up":[{"embeddable":true,"href":"https:\/\/www.simpleplan.cz\/cz\/index.php\/wp-json\/wp\/v2\/pages\/5432"}],"wp:attachment":[{"href":"https:\/\/www.simpleplan.cz\/cz\/index.php\/wp-json\/wp\/v2\/media?parent=12996"}],"curies":[{"name":"wp","href":"https:\/\/api.w.org\/{rel}","templated":true}]}}