{"id":13347,"date":"2013-06-23T23:31:17","date_gmt":"2013-06-23T21:31:17","guid":{"rendered":"http:\/\/www.simpleplan.cz\/cz\/?page_id=13347"},"modified":"2023-06-26T09:29:53","modified_gmt":"2023-06-26T07:29:53","slug":"covery-od-simple-plan","status":"publish","type":"page","link":"https:\/\/www.simpleplan.cz\/cz\/index.php\/extra\/covery-od-simple-plan\/","title":{"rendered":"Covery od Simple Plan"},"content":{"rendered":"<div class=\"pagecontent\">\n<div class=\"section-list4\">\n<div class=\"girls\"><b><u>Nahran\u00e9 covery<\/u><\/b><\/div>\n<div class=\"musichead\">Surrender<\/div>\n<p><b>P\u016fvodn\u011b od:<\/b> Cheap Trick<br \/>\n<b>Rok:<\/b> 2002<br \/>\n<b>Obsa\u017eeno na:<\/b> Live In Japan 2002<\/p>\n<p><center><iframe width=\"560\" height=\"315\" src=\"https:\/\/www.youtube.com\/embed\/wiBknA75YXM\" frameborder=\"0\" allowfullscreen><\/iframe><\/center><\/p>\n<div class=\"musichead\">Happy Together<\/div>\n<p><b>P\u016fvodn\u011b od:<\/b> The Turtles<br \/>\n<b>Rok:<\/b> 2003<br \/>\n<b>Obsa\u017eeno na:<\/b> soundtracku k filmu &#8222;Mezi n\u00e1mi d\u011bv\u010daty&#8220;<\/p>\n<p><center><iframe width=\"560\" height=\"315\" src=\"http:\/\/www.youtube.com\/embed\/ex-Koj9Pvs4\" frameborder=\"0\" allowfullscreen><\/iframe><\/center><\/p>\n<p><center><img decoding=\"async\" src=\"http:\/\/www.simpleplan.cz\/cz\/wp-content\/themes\/2016\/images\/divider.png\"\/><\/center> <\/p>\n<div class=\"girls\"><b><u>\u017div\u00e9 covery \/ medley<\/u><\/b><\/div>\n<div class=\"musichead\">American Jesus<\/div>\n<p><b>P\u016fvodn\u011b od:<\/b> Bad Religion<br \/>\n<b>Rok:<\/b> 2002<br \/>\n<b>Hr\u00e1no na:<\/b> Jam Des Neiges<\/p>\n<p><center><iframe width=\"560\" height=\"315\" src=\"http:\/\/www.youtube.com\/embed\/z4I6uESIh8M\" frameborder=\"0\" allowfullscreen><\/iframe><\/center><\/p>\n<div class=\"musichead\">Let&#8217;s Get This Party Started \/ Where Is The Love<\/div>\n<p><b>P\u016fvodn\u011b od:<\/b> P!nk \/ The Black Eyed Peas<br \/>\n<b>Rok:<\/b> 2003<br \/>\n<b>Hr\u00e1no na:<\/b> MTV New Year&#8217;s Eve<\/p>\n<p><center><iframe width=\"560\" height=\"315\" src=\"https:\/\/www.youtube.com\/embed\/tuYzn2dNwnY\" frameborder=\"0\" allowfullscreen><\/iframe><\/center><\/p>\n<div class=\"musichead\">Lifestyles Of The Rich And Famous<\/div>\n<p><b>P\u016fvodn\u011b od:<\/b> Good Charlotte<br \/>\n<b>Rok:<\/b> 2005<br \/>\n<b>Hr\u00e1no na:<\/b> MTV Asia Aid<br \/>\n<b>+<\/b> Pierre Bouvier ze Simple Plan zazp\u00edval na\u017eivo na Lifestyles Of The Rich And Famous a pot\u00e9 se kapely vym\u011bnily a Joel Madden z Good Charlotte zazp\u00edval na Shut Up! od Simple Plan<\/p>\n<p><center><iframe width=\"560\" height=\"315\" src=\"http:\/\/www.youtube.com\/embed\/VNbnM8a4Fuk\" frameborder=\"0\" allowfullscreen><\/iframe><\/center><\/p>\n<div class=\"musichead\">I Believe In A Thing Called Love<\/div>\n<p><b>P\u016fvodn\u011b od:<\/b> The Darkness<br \/>\n<b>Rok:<\/b> 2005<br \/>\n<b>Hr\u00e1no na:<\/b> AOL Live<\/p>\n<p><center><iframe width=\"560\" height=\"315\" src=\"https:\/\/www.youtube.com\/embed\/YJnDPPYyq68\" frameborder=\"0\" allowfullscreen><\/iframe><\/center><\/p>\n<div class=\"musichead\">Izzo \/ Drop It Like It&#8217;s Hot \/ P.I.M.P.<\/div>\n<p><b>P\u016fvodn\u011b od:<\/b> Jay-Z \/ Snoop Dogg \/ 50 Cent<br \/>\n<b>Rok:<\/b> 2006<br \/>\n<b>Hr\u00e1no:<\/b> \u017eiv\u011b na koncertech jako &#8222;party medley&#8220;<\/p>\n<p><center><iframe width=\"560\" height=\"315\" src=\"http:\/\/www.youtube.com\/embed\/O-RvjtbEm9M\" frameborder=\"0\" allowfullscreen><\/iframe><\/center><\/p>\n<div class=\"musichead\">Beautiful Girls \/ Stand By Me<\/div>\n<p><b>P\u016fvodn\u011b od:<\/b> Sean Kingston \/ Ben E. King<br \/>\n<b>Rok:<\/b> 2007-2008<br \/>\n<b>Hr\u00e1no:<\/b> \u017eiv\u011b na koncertech jako &#8222;party medley&#8220;<\/p>\n<p><center><iframe width=\"560\" height=\"315\" src=\"http:\/\/www.youtube.com\/embed\/jbz6kxR9YAk\" frameborder=\"0\" allowfullscreen><\/iframe><\/center><\/p>\n<div class=\"musichead\">Don&#8217;t Cry<\/div>\n<p><b>P\u016fvodn\u011b od:<\/b> Guns&#8217;N&#8217;Roses<br \/>\n<b>Rok:<\/b> 2008<br \/>\n<b>Hr\u00e1no:<\/b> \u017eiv\u011b v Lucembursku<\/p>\n<p><center><iframe width=\"560\" height=\"315\" src=\"https:\/\/www.youtube.com\/embed\/fKNfFDdIQa4\" frameborder=\"0\" allowfullscreen><\/iframe><\/center><\/p>\n<div class=\"musichead\">Every Rose Has Its Thorn<\/div>\n<p><b>P\u016fvodn\u011b od:<\/b> Poison<br \/>\n<b>Rok:<\/b> 2008<br \/>\n<b>Hr\u00e1no:<\/b> \u017eiv\u011b na X-Festu v Modesto, v Kalifornii<\/p>\n<p><center><iframe width=\"480\" height=\"240\" src=\"http:\/\/www.youtube.com\/embed\/mJ4C1IKlQQ0\" frameborder=\"0\" allowfullscreen><\/iframe><\/center><\/p>\n<div class=\"musichead\">Low \/ I Kissed A Girl \/ Summer Love<\/div>\n<p><b>P\u016fvodn\u011b od:<\/b> Flo Rida \/ Katy Perry \/ Justin Timberlake<br \/>\n<b>Rok:<\/b> 2008<br \/>\n<b>Hr\u00e1no:<\/b> \u017eiv\u011b na koncertech jako &#8222;party medley&#8220;<\/p>\n<p><center><iframe width=\"480\" height=\"240\" src=\"http:\/\/www.youtube.com\/embed\/la5E4JmWk9U\" frameborder=\"0\" allowfullscreen><\/iframe><\/center><\/p>\n<div class=\"musichead\">Right Round \/ Poker Face \/ Just Dance<\/div>\n<p><b>P\u016fvodn\u011b od:<\/b> Flo Rida \/ Lady Gaga \/ Lady Gaga<br \/>\n<b>Rok:<\/b> 2009<br \/>\n<b>Hr\u00e1no:<\/b> \u017eiv\u011b na koncertech jako &#8222;party medley&#8220;<\/p>\n<p><center><iframe width=\"480\" height=\"240\" src=\"http:\/\/www.youtube.com\/embed\/j6KuYd_tK1w\" frameborder=\"0\" allowfullscreen><\/iframe><\/center><\/p>\n<div class=\"musichead\">Fuck You \/ Dynamite \/ Raise Your Glass<\/div>\n<p><b>P\u016fvodn\u011b od:<\/b> Cee Lo Green \/ Taio Cruz \/ P!nk<br \/>\n<b>Rok:<\/b> 2011<br \/>\n<b>Hr\u00e1no:<\/b> \u017eiv\u011b na koncertech jako &#8222;party medley&#8220;<\/p>\n<p><center><iframe width=\"480\" height=\"240\" src=\"http:\/\/www.youtube.com\/embed\/A0dLmHCiYDs\" frameborder=\"0\" allowfullscreen><\/iframe><\/center><\/p>\n<div class=\"musichead\">I Gotta Feeling<\/div>\n<p><b>P\u016fvodn\u011b od:<\/b> The Black Eyed Peas<br \/>\n<b>Rok:<\/b> 2011-2013<br \/>\n<b>Hr\u00e1no:<\/b> \u017eiv\u011b na koncertech uprost\u0159ed &#8222;Jump&#8220;<\/p>\n<p><center><iframe width=\"480\" height=\"240\" src=\"http:\/\/www.youtube.com\/embed\/NqHhPlv7608\" frameborder=\"0\" allowfullscreen><\/iframe><\/center><\/p>\n<div class=\"musichead\">Moves Like Jagger \/ Dynamite \/ Sexy And I Know It<\/div>\n<p><b>P\u016fvodn\u011b od:<\/b> Maroon 5 \/ Taio Cruz \/ LMFAO<br \/>\n<b>Rok:<\/b> 2012-2013<br \/>\n<b>Hr\u00e1no:<\/b> \u017eiv\u011b na koncertech jako &#8222;party medley&#8220;<\/p>\n<p><center><iframe width=\"480\" height=\"240\" src=\"http:\/\/www.youtube.com\/embed\/uFgTN3PVf4c\" frameborder=\"0\" allowfullscreen><\/iframe><\/center><\/p>\n<p><center><img decoding=\"async\" src=\"http:\/\/www.simpleplan.cz\/cz\/wp-content\/themes\/2016\/images\/divider.png\"\/><\/center> <\/p>\n<div class=\"girls\"><b><u>Kr\u00e1tk\u00e9 covery \/ covery ze soundcheck\u016f<\/u><\/b><\/div>\n<div class=\"musichead\">You Shook Me All Night Long<\/div>\n<p><b>P\u016fvodn\u011b od:<\/b> AC\/DC<br \/>\n<b>Rok:<\/b> 2008<br \/>\n<b>Hr\u00e1no na:<\/b> Hot 30 v Austr\u00e1lii<\/p>\n<p><center><iframe width=\"480\" height=\"240\" src=\"http:\/\/www.youtube.com\/embed\/YTGtIS71bqo\" frameborder=\"0\" allowfullscreen><\/iframe><\/center> <\/p>\n<div class=\"musichead\">On A Day Like Today<\/div>\n<p><b>P\u016fvodn\u011b od:<\/b> Bryan Adams<br \/>\n<b>Rok:<\/b> 2010<br \/>\n<b>Hr\u00e1no:<\/b> na soundchecku v L\u00e9visu, v Kanada<\/p>\n<p><center><iframe width=\"480\" height=\"240\" src=\"http:\/\/www.youtube.com\/embed\/sGxYQIxUd3M\" frameborder=\"0\" allowfullscreen><\/iframe><\/center><\/p>\n<div class=\"musichead\">What&#8217;s My Age Again \/ My Own Worst Enemy<\/div>\n<p><b>P\u016fvodn\u011b od:<\/b> Blink 182 \/ Lit<br \/>\n<b>Rok:<\/b> 2012<br \/>\n<b>Hr\u00e1no:<\/b> na soundchecku v L\u00e9visu, v Kanada<\/p>\n<p><center><iframe width=\"480\" height=\"240\" src=\"http:\/\/www.youtube.com\/embed\/G_7_mTVIjpo\" frameborder=\"0\" allowfullscreen><\/iframe><\/center><\/p>\n<div class=\"musichead\">Sweet Child O&#8217;Mine<\/div>\n<p><b>P\u016fvodn\u011b od:<\/b> Guns&#8217;N&#8217;Roses<br \/>\n<b>Rok:<\/b> 2012<br \/>\n<b>Hr\u00e1no:<\/b> na soundchecku v Bilbau, ve \u0160pan\u011blsku<\/p>\n<p><center><iframe width=\"480\" height=\"240\" src=\"http:\/\/www.youtube.com\/embed\/AbQ2zO49Zgw\" frameborder=\"0\" allowfullscreen><\/iframe><\/center><\/p>\n<div class=\"musichead\">Wonderwall \/ How It&#8217;s Gonna Be<\/div>\n<p><b>P\u016fvodn\u011b od:<\/b> Oasis \/ Third Eye Blind<br \/>\n<b>Rok:<\/b> 2012<br \/>\n<b>Hr\u00e1no:<\/b> na soundchecku v Eindhovenu, v Nizozem\u00ed<\/p>\n<p><center><iframe width=\"480\" height=\"240\" src=\"http:\/\/www.youtube.com\/embed\/YVLNP6FaXLc\" frameborder=\"0\" allowfullscreen><\/iframe><\/iframe><\/center><\/p>\n<div class=\"musichead\">All The Small Things \/ When I Come Around \/ What&#8217;s My Age Again <\/div>\n<p><b>P\u016fvodn\u011b od:<\/b> Blink 182 \/ Green Day \/ Blink 182<br \/>\n<b>Rok:<\/b> 2012<br \/>\n<b>Hr\u00e1no:<\/b> na soundchecku k akci Take 40 v Austr\u00e1lii<br \/>\n<b>+<\/b> na prvn\u00edm videu za\u010d\u00edn\u00e1 p\u00edse\u0148 All The Small Things v \u010dase 7:30 a When I Come Around v \u010dase 10:15. Druh\u00e9 video pot\u00e9 obsahuje What&#8217;s My Age Again.<\/p>\n<p><center><iframe width=\"480\" height=\"240\" src=\"http:\/\/www.youtube.com\/embed\/ktJ0078f5Xs\" frameborder=\"0\" allowfullscreen><\/iframe><\/p>\n<p><iframe width=\"480\" height=\"240\" src=\"http:\/\/www.youtube.com\/embed\/Z95xyee0IlY\" frameborder=\"0\" allowfullscreen><\/iframe><\/center><\/p>\n<div class=\"musichead\">Suck My Kiss<\/div>\n<p><b>P\u016fvodn\u011b od:<\/b> Red Hot Chili Peppers<br \/>\n<b>Rok:<\/b> 2012<br \/>\n<b>Hr\u00e1no:<\/b> na soundchecku v Lond\u00fdn\u011b, ve Velk\u00e9 Brit\u00e1nii<\/p>\n<p><center><iframe width=\"480\" height=\"240\" src=\"http:\/\/www.youtube.com\/embed\/e_2ihQ3hXOM\" frameborder=\"0\" allowfullscreen><\/iframe><\/center><\/p>\n<div class=\"musichead\">Summer of 69<\/div>\n<p><b>P\u016fvodn\u011b od:<\/b> Bryan Adams<br \/>\n<b>Rok:<\/b> 2012<br \/>\n<b>Hr\u00e1no:<\/b> na soundchecku ve Vancouveru, v Kanad\u011b<\/p>\n<p><center><iframe width=\"480\" height=\"240\" src=\"http:\/\/www.youtube.com\/embed\/X4pnTgTQSZU\" frameborder=\"0\" allowfullscreen><\/iframe><\/center><\/p>\n<div class=\"musichead\">Under The Bridge<\/div>\n<p><b>P\u016fvodn\u011b od:<\/b> Red Hot Chili Peppers<br \/>\n<b>Rok:<\/b> 2012<br \/>\n<b>Hr\u00e1no:<\/b> na soundchecku v Townsville, v Austr\u00e1lii<\/p>\n<p><center><iframe width=\"480\" height=\"240\" src=\"http:\/\/www.youtube.com\/embed\/ESPyhElcas0\" frameborder=\"0\" allowfullscreen><\/iframe><\/center>\n<\/div>\n<\/div>\n<div class=\"fblikebutton_button\" style=\"float: left; padding-top: 20px; margin-right: 20px; padding-bottom: 20px; padding-left: 20px;\"><iframe src=\"http:\/\/www.facebook.com\/plugins\/like.php?href=https%3A%2F%2Fwww.simpleplan.cz%2Fcz%2Findex.php%2Fextra%2Fcovery-od-simple-plan%2F&amp;layout=standard&amp;show-faces=false&amp;width=450&amp;action=like&amp;colorscheme=light\" scrolling=\"no\" frameborder=\"0\" allowTransparency=\"true\" style=\"border:none; overflow:hidden; width:450px; height:26px\"><\/iframe><\/div>\n","protected":false},"excerpt":{"rendered":"<p>Nahran\u00e9 covery Surrender P\u016fvodn\u011b od: Cheap Trick Rok: 2002 Obsa\u017eeno na: Live In Japan 2002<\/p>\n","protected":false},"author":5,"featured_media":0,"parent":5259,"menu_order":0,"comment_status":"open","ping_status":"open","template":"page-templates\/full-width.php","meta":{"footnotes":""},"yoast_head":"<!-- This site is optimized with the Yoast SEO plugin v20.9 - https:\/\/yoast.com\/wordpress\/plugins\/seo\/ -->\n<title>Covery od Simple Plan | CZ: SimplePlan.cz<\/title>\n<meta name=\"robots\" content=\"index, follow, max-snippet:-1, max-image-preview:large, max-video-preview:-1\" \/>\n<link rel=\"canonical\" href=\"https:\/\/www.simpleplan.cz\/cz\/index.php\/extra\/covery-od-simple-plan\/\" \/>\n<meta property=\"og:locale\" content=\"cs_CZ\" \/>\n<meta property=\"og:type\" content=\"article\" \/>\n<meta property=\"og:title\" content=\"Covery od Simple Plan | CZ: SimplePlan.cz\" \/>\n<meta property=\"og:description\" content=\"Nahran\u00e9 covery Surrender P\u016fvodn\u011b od: Cheap Trick Rok: 2002 Obsa\u017eeno na: Live In Japan 2002\" \/>\n<meta property=\"og:url\" content=\"https:\/\/www.simpleplan.cz\/cz\/index.php\/extra\/covery-od-simple-plan\/\" \/>\n<meta property=\"og:site_name\" content=\"CZ: SimplePlan.cz\" \/>\n<meta property=\"article:publisher\" content=\"http:\/\/www.facebook.com\/simpleplancz\" \/>\n<meta property=\"article:modified_time\" content=\"2023-06-26T07:29:53+00:00\" \/>\n<meta property=\"og:image\" content=\"http:\/\/www.simpleplan.cz\/cz\/wp-content\/themes\/2016\/images\/divider.png\" \/>\n<meta name=\"twitter:card\" content=\"summary_large_image\" \/>\n<meta name=\"twitter:site\" content=\"@simpleplancz\" \/>\n<meta name=\"twitter:label1\" content=\"Odhadovan\u00e1 doba \u010dten\u00ed\" \/>\n\t<meta name=\"twitter:data1\" content=\"3 minuty\" \/>\n<script type=\"application\/ld+json\" class=\"yoast-schema-graph\">{\"@context\":\"https:\/\/schema.org\",\"@graph\":[{\"@type\":\"WebPage\",\"@id\":\"https:\/\/www.simpleplan.cz\/cz\/index.php\/extra\/covery-od-simple-plan\/\",\"url\":\"https:\/\/www.simpleplan.cz\/cz\/index.php\/extra\/covery-od-simple-plan\/\",\"name\":\"Covery od Simple Plan | CZ: SimplePlan.cz\",\"isPartOf\":{\"@id\":\"https:\/\/www.simpleplan.cz\/cz\/#website\"},\"datePublished\":\"2013-06-23T21:31:17+00:00\",\"dateModified\":\"2023-06-26T07:29:53+00:00\",\"breadcrumb\":{\"@id\":\"https:\/\/www.simpleplan.cz\/cz\/index.php\/extra\/covery-od-simple-plan\/#breadcrumb\"},\"inLanguage\":\"cs\",\"potentialAction\":[{\"@type\":\"ReadAction\",\"target\":[\"https:\/\/www.simpleplan.cz\/cz\/index.php\/extra\/covery-od-simple-plan\/\"]}]},{\"@type\":\"BreadcrumbList\",\"@id\":\"https:\/\/www.simpleplan.cz\/cz\/index.php\/extra\/covery-od-simple-plan\/#breadcrumb\",\"itemListElement\":[{\"@type\":\"ListItem\",\"position\":1,\"name\":\"Dom\u016f\",\"item\":\"https:\/\/www.simpleplan.cz\/cz\/\"},{\"@type\":\"ListItem\",\"position\":2,\"name\":\"Extra\",\"item\":\"https:\/\/www.simpleplan.cz\/cz\/index.php\/extra\/\"},{\"@type\":\"ListItem\",\"position\":3,\"name\":\"Covery od Simple Plan\"}]},{\"@type\":\"WebSite\",\"@id\":\"https:\/\/www.simpleplan.cz\/cz\/#website\",\"url\":\"https:\/\/www.simpleplan.cz\/cz\/\",\"name\":\"CZ: SimplePlan.cz\",\"description\":\"Nejlep\u0161\u00ed zdroj informac\u00ed o kapele Simple Plan\",\"publisher\":{\"@id\":\"https:\/\/www.simpleplan.cz\/cz\/#organization\"},\"potentialAction\":[{\"@type\":\"SearchAction\",\"target\":{\"@type\":\"EntryPoint\",\"urlTemplate\":\"https:\/\/www.simpleplan.cz\/cz\/?s={search_term_string}\"},\"query-input\":\"required name=search_term_string\"}],\"inLanguage\":\"cs\"},{\"@type\":\"Organization\",\"@id\":\"https:\/\/www.simpleplan.cz\/cz\/#organization\",\"name\":\"CZ: SimplePlan.cz\",\"url\":\"https:\/\/www.simpleplan.cz\/cz\/\",\"logo\":{\"@type\":\"ImageObject\",\"inLanguage\":\"cs\",\"@id\":\"https:\/\/www.simpleplan.cz\/cz\/#\/schema\/logo\/image\/\",\"url\":\"https:\/\/www.simpleplan.cz\/cz\/wp-content\/uploads\/spczlogo.png\",\"contentUrl\":\"https:\/\/www.simpleplan.cz\/cz\/wp-content\/uploads\/spczlogo.png\",\"width\":250,\"height\":190,\"caption\":\"CZ: SimplePlan.cz\"},\"image\":{\"@id\":\"https:\/\/www.simpleplan.cz\/cz\/#\/schema\/logo\/image\/\"},\"sameAs\":[\"http:\/\/www.facebook.com\/simpleplancz\",\"https:\/\/twitter.com\/simpleplancz\",\"http:\/\/www.instagram.com\/simpleplancz\",\"http:\/\/www.youtube.com\/simpleplancz\"]}]}<\/script>\n<!-- \/ Yoast SEO plugin. -->","yoast_head_json":{"title":"Covery od Simple Plan | CZ: SimplePlan.cz","robots":{"index":"index","follow":"follow","max-snippet":"max-snippet:-1","max-image-preview":"max-image-preview:large","max-video-preview":"max-video-preview:-1"},"canonical":"https:\/\/www.simpleplan.cz\/cz\/index.php\/extra\/covery-od-simple-plan\/","og_locale":"cs_CZ","og_type":"article","og_title":"Covery od Simple Plan | CZ: SimplePlan.cz","og_description":"Nahran\u00e9 covery Surrender P\u016fvodn\u011b od: Cheap Trick Rok: 2002 Obsa\u017eeno na: Live In Japan 2002","og_url":"https:\/\/www.simpleplan.cz\/cz\/index.php\/extra\/covery-od-simple-plan\/","og_site_name":"CZ: SimplePlan.cz","article_publisher":"http:\/\/www.facebook.com\/simpleplancz","article_modified_time":"2023-06-26T07:29:53+00:00","og_image":[{"url":"http:\/\/www.simpleplan.cz\/cz\/wp-content\/themes\/2016\/images\/divider.png"}],"twitter_card":"summary_large_image","twitter_site":"@simpleplancz","twitter_misc":{"Odhadovan\u00e1 doba \u010dten\u00ed":"3 minuty"},"schema":{"@context":"https:\/\/schema.org","@graph":[{"@type":"WebPage","@id":"https:\/\/www.simpleplan.cz\/cz\/index.php\/extra\/covery-od-simple-plan\/","url":"https:\/\/www.simpleplan.cz\/cz\/index.php\/extra\/covery-od-simple-plan\/","name":"Covery od Simple Plan | CZ: SimplePlan.cz","isPartOf":{"@id":"https:\/\/www.simpleplan.cz\/cz\/#website"},"datePublished":"2013-06-23T21:31:17+00:00","dateModified":"2023-06-26T07:29:53+00:00","breadcrumb":{"@id":"https:\/\/www.simpleplan.cz\/cz\/index.php\/extra\/covery-od-simple-plan\/#breadcrumb"},"inLanguage":"cs","potentialAction":[{"@type":"ReadAction","target":["https:\/\/www.simpleplan.cz\/cz\/index.php\/extra\/covery-od-simple-plan\/"]}]},{"@type":"BreadcrumbList","@id":"https:\/\/www.simpleplan.cz\/cz\/index.php\/extra\/covery-od-simple-plan\/#breadcrumb","itemListElement":[{"@type":"ListItem","position":1,"name":"Dom\u016f","item":"https:\/\/www.simpleplan.cz\/cz\/"},{"@type":"ListItem","position":2,"name":"Extra","item":"https:\/\/www.simpleplan.cz\/cz\/index.php\/extra\/"},{"@type":"ListItem","position":3,"name":"Covery od Simple Plan"}]},{"@type":"WebSite","@id":"https:\/\/www.simpleplan.cz\/cz\/#website","url":"https:\/\/www.simpleplan.cz\/cz\/","name":"CZ: SimplePlan.cz","description":"Nejlep\u0161\u00ed zdroj informac\u00ed o kapele Simple Plan","publisher":{"@id":"https:\/\/www.simpleplan.cz\/cz\/#organization"},"potentialAction":[{"@type":"SearchAction","target":{"@type":"EntryPoint","urlTemplate":"https:\/\/www.simpleplan.cz\/cz\/?s={search_term_string}"},"query-input":"required name=search_term_string"}],"inLanguage":"cs"},{"@type":"Organization","@id":"https:\/\/www.simpleplan.cz\/cz\/#organization","name":"CZ: SimplePlan.cz","url":"https:\/\/www.simpleplan.cz\/cz\/","logo":{"@type":"ImageObject","inLanguage":"cs","@id":"https:\/\/www.simpleplan.cz\/cz\/#\/schema\/logo\/image\/","url":"https:\/\/www.simpleplan.cz\/cz\/wp-content\/uploads\/spczlogo.png","contentUrl":"https:\/\/www.simpleplan.cz\/cz\/wp-content\/uploads\/spczlogo.png","width":250,"height":190,"caption":"CZ: SimplePlan.cz"},"image":{"@id":"https:\/\/www.simpleplan.cz\/cz\/#\/schema\/logo\/image\/"},"sameAs":["http:\/\/www.facebook.com\/simpleplancz","https:\/\/twitter.com\/simpleplancz","http:\/\/www.instagram.com\/simpleplancz","http:\/\/www.youtube.com\/simpleplancz"]}]}},"_links":{"self":[{"href":"https:\/\/www.simpleplan.cz\/cz\/index.php\/wp-json\/wp\/v2\/pages\/13347"}],"collection":[{"href":"https:\/\/www.simpleplan.cz\/cz\/index.php\/wp-json\/wp\/v2\/pages"}],"about":[{"href":"https:\/\/www.simpleplan.cz\/cz\/index.php\/wp-json\/wp\/v2\/types\/page"}],"author":[{"embeddable":true,"href":"https:\/\/www.simpleplan.cz\/cz\/index.php\/wp-json\/wp\/v2\/users\/5"}],"replies":[{"embeddable":true,"href":"https:\/\/www.simpleplan.cz\/cz\/index.php\/wp-json\/wp\/v2\/comments?post=13347"}],"version-history":[{"count":16,"href":"https:\/\/www.simpleplan.cz\/cz\/index.php\/wp-json\/wp\/v2\/pages\/13347\/revisions"}],"predecessor-version":[{"id":23163,"href":"https:\/\/www.simpleplan.cz\/cz\/index.php\/wp-json\/wp\/v2\/pages\/13347\/revisions\/23163"}],"up":[{"embeddable":true,"href":"https:\/\/www.simpleplan.cz\/cz\/index.php\/wp-json\/wp\/v2\/pages\/5259"}],"wp:attachment":[{"href":"https:\/\/www.simpleplan.cz\/cz\/index.php\/wp-json\/wp\/v2\/media?parent=13347"}],"curies":[{"name":"wp","href":"https:\/\/api.w.org\/{rel}","templated":true}]}}