{"id":13424,"date":"2013-07-07T16:40:39","date_gmt":"2013-07-07T14:40:39","guid":{"rendered":"http:\/\/www.simpleplan.cz\/cz\/?page_id=13424"},"modified":"2023-06-26T09:29:58","modified_gmt":"2023-06-26T07:29:58","slug":"the-worst-day-ever","status":"publish","type":"page","link":"https:\/\/www.simpleplan.cz\/cz\/index.php\/kapela\/diskografie\/the-worst-day-ever\/","title":{"rendered":"The Worst Day Ever"},"content":{"rendered":"<div class=\"pagecontent\">\n<div class=\"girls\"><b><u>Z\u00e1kladn\u00ed info<\/u><\/b><\/div>\n<p><b>Album:<\/b> No Pads, No Helmets&#8230;Just Balls<br \/>\n<b>Auto\u0159i textu:<\/b> Pierre Bouvier, Chuck Comeau<br \/>\n<b>D\u00e9lka p\u00edsn\u011b:<\/b> 3:27<\/p>\n<div class=\"girls\"><b><u>V\u00fdznam p\u00edsn\u011b<\/u><\/b><\/div>\n<p>N\u00e1pad slo\u017eit &#8222;The Worst Day Ever&#8220; vznikl z toho, kolik nep\u0159\u00edjemn\u00fdch zku\u0161enost\u00ed v zam\u011bstn\u00e1n\u00edch kluci jako teenage\u0159i m\u011bli &#8211; p\u0159edev\u0161\u00edm David, kter\u00fd pracoval v McDonald&#8217;s a Sebastien, kter\u00fd si vyd\u011bl\u00e1val jako ukl\u00edze\u010d na sv\u00e9 st\u0159edn\u00ed \u0161kole.<\/p>\n<div class=\"girls\"><b><u>Zaj\u00edmavosti<\/u><\/b><\/div>\n<p>&#8211; &#8222;The Worst Day Ever&#8220; byla slo\u017eena p\u0159es telefon<\/p>\n<div class=\"girls\"><b><u>Text p\u00edsn\u011b<\/u><\/b><\/div>\n<p><center><br \/>\nIt&#8217;s 6 AM<br \/>\nThe clock is ringing<br \/>\nI need to spend<br \/>\nAn hour snoozing<br \/>\nCause I don&#8217;t think I&#8217;m gonna make it<br \/>\nI punch in<br \/>\nI&#8217;m still sleeping<br \/>\nWatch the clock<br \/>\nBut its not moving<br \/>\nCause everyday is never ending<br \/>\nI need to work I&#8217;m always spending <\/center><\/p>\n<p><center>And I feel like I&#8217;m living the worst day over and over again<br \/>\nAnd I feel like the summer is leaving again<br \/>\nI feel like I&#8217;m living the worst day<br \/>\nI feel like you&#8217;re gone<br \/>\nAnd every day is the worst day ever<\/center><\/p>\n<p><center>And I feel like I&#8217;m living the worst day over and over again<br \/>\nAnd I feel like the summer is leaving again<br \/>\nI feel like I&#8217;m living the worst day<br \/>\nI feel like you&#8217;re gone<br \/>\nAnd every day is the worst day ever <\/center><\/p>\n<p><center>Yesterday was the worst day ever<br \/>\nAnd tomorrow won&#8217;t be better<br \/>\nIt&#8217;s history repeating on and on<br \/>\nSummer plans are gone forever<br \/>\nI&#8217;d trade them in for dishpan water<br \/>\nCause everyday is never ending<br \/>\nI need to work I&#8217;m always spending <\/center><\/p>\n<p><center>It&#8217;s so long<br \/>\nI can&#8217;t go on<br \/>\n<\/center><\/p>\n<div class=\"girls\"><b><u>\u010cesk\u00fd p\u0159eklad<\/u><\/b><\/div>\n<p><center><br \/>\nJe 6 r\u00e1no,<br \/>\nBud\u00edk zvon\u00ed<br \/>\nPot\u0159ebuju je\u0161t\u011b,<br \/>\nStr\u00e1vit dal\u0161\u00ed hodinu probouzen\u00edm<br \/>\nProto\u017ee si nemysl\u00edm, \u017ee to zvl\u00e1dnu<br \/>\nZam\u00e1\u010dknu to<br \/>\nSt\u00e1le sp\u00edm<br \/>\nSleduju hodiny<br \/>\nAle neh\u00fdbou se<br \/>\nProto\u017ee ka\u017ed\u00fd den nikdy nekon\u010d\u00ed<br \/>\nPot\u0159ebuju pracovat, po\u0159\u00e1d utr\u00e1c\u00edm<\/center><\/p>\n<p><center>A c\u00edt\u00edm se jako kdy\u017e \u017eiju ten nejhor\u0161\u00ed den st\u00e1le a st\u00e1le dokola<br \/>\nA c\u00edt\u00edm se jako kdy\u017e l\u00e9to znovu kon\u010d\u00ed<br \/>\nC\u00edt\u00edm se jako kdy\u017e \u017eiju ten nejhor\u0161\u00ed den<br \/>\nC\u00edt\u00edm se jako kdy\u017e jsi pry\u010d<br \/>\nA ka\u017ed\u00fd den je nejhor\u0161\u00ed den ze v\u0161ech<\/center><\/p>\n<p><center>A c\u00edt\u00edm se jako kdy\u017e \u017eiju ten nejhor\u0161\u00ed den st\u00e1le a st\u00e1le dokola<br \/>\nA c\u00edt\u00edm se jako kdy\u017e l\u00e9to znovu kon\u010d\u00ed<br \/>\nC\u00edt\u00edm se jako kdy\u017e \u017eiju ten nejhor\u0161\u00ed den<br \/>\nC\u00edt\u00edm se jako kdy\u017e jsi pry\u010d<br \/>\nA ka\u017ed\u00fd den je nejhor\u0161\u00ed den ze v\u0161ech<\/center><\/p>\n<p><center>V\u010derej\u0161ek byl nejhor\u0161\u00ed den ze v\u0161ech<br \/>\nA z\u00edt\u0159ek nebude lep\u0161\u00ed<br \/>\nJe to znovu a znovu opakuj\u00edc\u00ed se historie<br \/>\nLetn\u00ed pl\u00e1ny nav\u017edy zmizely<br \/>\nVym\u011bnil bych s nimi za vodu z d\u0159ezu<br \/>\nProto\u017ee ka\u017ed\u00fd den nikdy nekon\u010d\u00ed<br \/>\nPot\u0159ebuju pracovat, v\u017edycky utr\u00e1c\u00edm<\/center><\/p>\n<p><center>Sbohem,<br \/>\nU\u017e nem\u016f\u017eu pokra\u010dovat<br \/>\n<\/center>\n<\/div>\n<div class=\"fblikebutton_button\" style=\"float: left; padding-top: 20px; margin-right: 20px; padding-bottom: 20px; padding-left: 20px;\"><iframe src=\"http:\/\/www.facebook.com\/plugins\/like.php?href=https%3A%2F%2Fwww.simpleplan.cz%2Fcz%2Findex.php%2Fkapela%2Fdiskografie%2Fthe-worst-day-ever%2F&amp;layout=standard&amp;show-faces=false&amp;width=450&amp;action=like&amp;colorscheme=light\" scrolling=\"no\" frameborder=\"0\" allowTransparency=\"true\" style=\"border:none; overflow:hidden; width:450px; height:26px\"><\/iframe><\/div>\n","protected":false},"excerpt":{"rendered":"<p>Z\u00e1kladn\u00ed info Album: No Pads, No Helmets&#8230;Just Balls Auto\u0159i textu: Pierre Bouvier, Chuck Comeau D\u00e9lka<\/p>\n","protected":false},"author":5,"featured_media":0,"parent":5273,"menu_order":0,"comment_status":"open","ping_status":"open","template":"page-templates\/full-width.php","meta":{"footnotes":""},"yoast_head":"<!-- This site is optimized with the Yoast SEO plugin v20.9 - https:\/\/yoast.com\/wordpress\/plugins\/seo\/ -->\n<title>The Worst Day Ever | CZ: SimplePlan.cz<\/title>\n<meta name=\"robots\" content=\"index, follow, max-snippet:-1, max-image-preview:large, max-video-preview:-1\" \/>\n<link rel=\"canonical\" href=\"https:\/\/www.simpleplan.cz\/cz\/index.php\/kapela\/diskografie\/the-worst-day-ever\/\" \/>\n<meta property=\"og:locale\" content=\"cs_CZ\" \/>\n<meta property=\"og:type\" content=\"article\" \/>\n<meta property=\"og:title\" content=\"The Worst Day Ever | CZ: SimplePlan.cz\" \/>\n<meta property=\"og:description\" content=\"Z\u00e1kladn\u00ed info Album: No Pads, No Helmets&#8230;Just Balls Auto\u0159i textu: Pierre Bouvier, Chuck Comeau D\u00e9lka\" \/>\n<meta property=\"og:url\" content=\"https:\/\/www.simpleplan.cz\/cz\/index.php\/kapela\/diskografie\/the-worst-day-ever\/\" \/>\n<meta property=\"og:site_name\" content=\"CZ: SimplePlan.cz\" \/>\n<meta property=\"article:publisher\" content=\"http:\/\/www.facebook.com\/simpleplancz\" \/>\n<meta property=\"article:modified_time\" content=\"2023-06-26T07:29:58+00:00\" \/>\n<meta property=\"og:image\" content=\"http:\/\/www.simpleplan.cz\/cz\/wp-content\/uploads\/logo.gif\" \/>\n<meta name=\"twitter:card\" content=\"summary_large_image\" \/>\n<meta name=\"twitter:site\" content=\"@simpleplancz\" \/>\n<meta name=\"twitter:label1\" content=\"Odhadovan\u00e1 doba \u010dten\u00ed\" \/>\n\t<meta name=\"twitter:data1\" content=\"3 minuty\" \/>\n<script type=\"application\/ld+json\" class=\"yoast-schema-graph\">{\"@context\":\"https:\/\/schema.org\",\"@graph\":[{\"@type\":\"WebPage\",\"@id\":\"https:\/\/www.simpleplan.cz\/cz\/index.php\/kapela\/diskografie\/the-worst-day-ever\/\",\"url\":\"https:\/\/www.simpleplan.cz\/cz\/index.php\/kapela\/diskografie\/the-worst-day-ever\/\",\"name\":\"The Worst Day Ever | CZ: SimplePlan.cz\",\"isPartOf\":{\"@id\":\"https:\/\/www.simpleplan.cz\/cz\/#website\"},\"datePublished\":\"2013-07-07T14:40:39+00:00\",\"dateModified\":\"2023-06-26T07:29:58+00:00\",\"breadcrumb\":{\"@id\":\"https:\/\/www.simpleplan.cz\/cz\/index.php\/kapela\/diskografie\/the-worst-day-ever\/#breadcrumb\"},\"inLanguage\":\"cs\",\"potentialAction\":[{\"@type\":\"ReadAction\",\"target\":[\"https:\/\/www.simpleplan.cz\/cz\/index.php\/kapela\/diskografie\/the-worst-day-ever\/\"]}]},{\"@type\":\"BreadcrumbList\",\"@id\":\"https:\/\/www.simpleplan.cz\/cz\/index.php\/kapela\/diskografie\/the-worst-day-ever\/#breadcrumb\",\"itemListElement\":[{\"@type\":\"ListItem\",\"position\":1,\"name\":\"Dom\u016f\",\"item\":\"https:\/\/www.simpleplan.cz\/cz\/\"},{\"@type\":\"ListItem\",\"position\":2,\"name\":\"Kapela\",\"item\":\"https:\/\/www.simpleplan.cz\/cz\/index.php\/kapela\/\"},{\"@type\":\"ListItem\",\"position\":3,\"name\":\"Diskografie\",\"item\":\"https:\/\/www.simpleplan.cz\/cz\/index.php\/kapela\/diskografie\/\"},{\"@type\":\"ListItem\",\"position\":4,\"name\":\"The Worst Day Ever\"}]},{\"@type\":\"WebSite\",\"@id\":\"https:\/\/www.simpleplan.cz\/cz\/#website\",\"url\":\"https:\/\/www.simpleplan.cz\/cz\/\",\"name\":\"CZ: SimplePlan.cz\",\"description\":\"Nejlep\u0161\u00ed zdroj informac\u00ed o kapele Simple Plan\",\"publisher\":{\"@id\":\"https:\/\/www.simpleplan.cz\/cz\/#organization\"},\"potentialAction\":[{\"@type\":\"SearchAction\",\"target\":{\"@type\":\"EntryPoint\",\"urlTemplate\":\"https:\/\/www.simpleplan.cz\/cz\/?s={search_term_string}\"},\"query-input\":\"required name=search_term_string\"}],\"inLanguage\":\"cs\"},{\"@type\":\"Organization\",\"@id\":\"https:\/\/www.simpleplan.cz\/cz\/#organization\",\"name\":\"CZ: SimplePlan.cz\",\"url\":\"https:\/\/www.simpleplan.cz\/cz\/\",\"logo\":{\"@type\":\"ImageObject\",\"inLanguage\":\"cs\",\"@id\":\"https:\/\/www.simpleplan.cz\/cz\/#\/schema\/logo\/image\/\",\"url\":\"https:\/\/www.simpleplan.cz\/cz\/wp-content\/uploads\/spczlogo.png\",\"contentUrl\":\"https:\/\/www.simpleplan.cz\/cz\/wp-content\/uploads\/spczlogo.png\",\"width\":250,\"height\":190,\"caption\":\"CZ: SimplePlan.cz\"},\"image\":{\"@id\":\"https:\/\/www.simpleplan.cz\/cz\/#\/schema\/logo\/image\/\"},\"sameAs\":[\"http:\/\/www.facebook.com\/simpleplancz\",\"https:\/\/twitter.com\/simpleplancz\",\"http:\/\/www.instagram.com\/simpleplancz\",\"http:\/\/www.youtube.com\/simpleplancz\"]}]}<\/script>\n<!-- \/ Yoast SEO plugin. -->","yoast_head_json":{"title":"The Worst Day Ever | CZ: SimplePlan.cz","robots":{"index":"index","follow":"follow","max-snippet":"max-snippet:-1","max-image-preview":"max-image-preview:large","max-video-preview":"max-video-preview:-1"},"canonical":"https:\/\/www.simpleplan.cz\/cz\/index.php\/kapela\/diskografie\/the-worst-day-ever\/","og_locale":"cs_CZ","og_type":"article","og_title":"The Worst Day Ever | CZ: SimplePlan.cz","og_description":"Z\u00e1kladn\u00ed info Album: No Pads, No Helmets&#8230;Just Balls Auto\u0159i textu: Pierre Bouvier, Chuck Comeau D\u00e9lka","og_url":"https:\/\/www.simpleplan.cz\/cz\/index.php\/kapela\/diskografie\/the-worst-day-ever\/","og_site_name":"CZ: SimplePlan.cz","article_publisher":"http:\/\/www.facebook.com\/simpleplancz","article_modified_time":"2023-06-26T07:29:58+00:00","og_image":[{"url":"http:\/\/www.simpleplan.cz\/cz\/wp-content\/uploads\/logo.gif"}],"twitter_card":"summary_large_image","twitter_site":"@simpleplancz","twitter_misc":{"Odhadovan\u00e1 doba \u010dten\u00ed":"3 minuty"},"schema":{"@context":"https:\/\/schema.org","@graph":[{"@type":"WebPage","@id":"https:\/\/www.simpleplan.cz\/cz\/index.php\/kapela\/diskografie\/the-worst-day-ever\/","url":"https:\/\/www.simpleplan.cz\/cz\/index.php\/kapela\/diskografie\/the-worst-day-ever\/","name":"The Worst Day Ever | CZ: SimplePlan.cz","isPartOf":{"@id":"https:\/\/www.simpleplan.cz\/cz\/#website"},"datePublished":"2013-07-07T14:40:39+00:00","dateModified":"2023-06-26T07:29:58+00:00","breadcrumb":{"@id":"https:\/\/www.simpleplan.cz\/cz\/index.php\/kapela\/diskografie\/the-worst-day-ever\/#breadcrumb"},"inLanguage":"cs","potentialAction":[{"@type":"ReadAction","target":["https:\/\/www.simpleplan.cz\/cz\/index.php\/kapela\/diskografie\/the-worst-day-ever\/"]}]},{"@type":"BreadcrumbList","@id":"https:\/\/www.simpleplan.cz\/cz\/index.php\/kapela\/diskografie\/the-worst-day-ever\/#breadcrumb","itemListElement":[{"@type":"ListItem","position":1,"name":"Dom\u016f","item":"https:\/\/www.simpleplan.cz\/cz\/"},{"@type":"ListItem","position":2,"name":"Kapela","item":"https:\/\/www.simpleplan.cz\/cz\/index.php\/kapela\/"},{"@type":"ListItem","position":3,"name":"Diskografie","item":"https:\/\/www.simpleplan.cz\/cz\/index.php\/kapela\/diskografie\/"},{"@type":"ListItem","position":4,"name":"The Worst Day Ever"}]},{"@type":"WebSite","@id":"https:\/\/www.simpleplan.cz\/cz\/#website","url":"https:\/\/www.simpleplan.cz\/cz\/","name":"CZ: SimplePlan.cz","description":"Nejlep\u0161\u00ed zdroj informac\u00ed o kapele Simple Plan","publisher":{"@id":"https:\/\/www.simpleplan.cz\/cz\/#organization"},"potentialAction":[{"@type":"SearchAction","target":{"@type":"EntryPoint","urlTemplate":"https:\/\/www.simpleplan.cz\/cz\/?s={search_term_string}"},"query-input":"required name=search_term_string"}],"inLanguage":"cs"},{"@type":"Organization","@id":"https:\/\/www.simpleplan.cz\/cz\/#organization","name":"CZ: SimplePlan.cz","url":"https:\/\/www.simpleplan.cz\/cz\/","logo":{"@type":"ImageObject","inLanguage":"cs","@id":"https:\/\/www.simpleplan.cz\/cz\/#\/schema\/logo\/image\/","url":"https:\/\/www.simpleplan.cz\/cz\/wp-content\/uploads\/spczlogo.png","contentUrl":"https:\/\/www.simpleplan.cz\/cz\/wp-content\/uploads\/spczlogo.png","width":250,"height":190,"caption":"CZ: SimplePlan.cz"},"image":{"@id":"https:\/\/www.simpleplan.cz\/cz\/#\/schema\/logo\/image\/"},"sameAs":["http:\/\/www.facebook.com\/simpleplancz","https:\/\/twitter.com\/simpleplancz","http:\/\/www.instagram.com\/simpleplancz","http:\/\/www.youtube.com\/simpleplancz"]}]}},"_links":{"self":[{"href":"https:\/\/www.simpleplan.cz\/cz\/index.php\/wp-json\/wp\/v2\/pages\/13424"}],"collection":[{"href":"https:\/\/www.simpleplan.cz\/cz\/index.php\/wp-json\/wp\/v2\/pages"}],"about":[{"href":"https:\/\/www.simpleplan.cz\/cz\/index.php\/wp-json\/wp\/v2\/types\/page"}],"author":[{"embeddable":true,"href":"https:\/\/www.simpleplan.cz\/cz\/index.php\/wp-json\/wp\/v2\/users\/5"}],"replies":[{"embeddable":true,"href":"https:\/\/www.simpleplan.cz\/cz\/index.php\/wp-json\/wp\/v2\/comments?post=13424"}],"version-history":[{"count":7,"href":"https:\/\/www.simpleplan.cz\/cz\/index.php\/wp-json\/wp\/v2\/pages\/13424\/revisions"}],"predecessor-version":[{"id":23223,"href":"https:\/\/www.simpleplan.cz\/cz\/index.php\/wp-json\/wp\/v2\/pages\/13424\/revisions\/23223"}],"up":[{"embeddable":true,"href":"https:\/\/www.simpleplan.cz\/cz\/index.php\/wp-json\/wp\/v2\/pages\/5273"}],"wp:attachment":[{"href":"https:\/\/www.simpleplan.cz\/cz\/index.php\/wp-json\/wp\/v2\/media?parent=13424"}],"curies":[{"name":"wp","href":"https:\/\/api.w.org\/{rel}","templated":true}]}}