{"id":13441,"date":"2013-07-07T19:01:21","date_gmt":"2013-07-07T17:01:21","guid":{"rendered":"http:\/\/www.simpleplan.cz\/cz\/?page_id=13441"},"modified":"2023-06-26T09:29:57","modified_gmt":"2023-06-26T07:29:57","slug":"meet-you-there","status":"publish","type":"page","link":"https:\/\/www.simpleplan.cz\/cz\/index.php\/kapela\/diskografie\/meet-you-there\/","title":{"rendered":"Meet You There"},"content":{"rendered":"<div class=\"pagecontent\">\n<div class=\"girls\"><b><u>Z\u00e1kladn\u00ed info<\/u><\/b><\/div>\n<p><b>Album:<\/b> No Pads, No Helmets&#8230;Just Balls<br \/>\n<b>Auto\u0159i textu:<\/b> Pierre Bouvier, Chuck Comeau<br \/>\n<b>Dodate\u010dn\u00e1 spolupr\u00e1ce:<\/b> Arnold Lanni (klav\u00edr)<br \/>\n<b>D\u00e9lka p\u00edsn\u011b:<\/b> 4:13<\/p>\n<div class=\"girls\"><b><u>V\u00fdznam p\u00edsn\u011b<\/u><\/b><\/div>\n<p>&#8222;Meet You There&#8220; je o vypo\u0159\u00e1d\u00e1v\u00e1n\u00ed se se smrt\u00ed bl\u00edzk\u00e9 osoby. Podle v\u0161eho byla tato p\u00edse\u0148 naps\u00e1na o \u00famrt\u00ed Jeffova otce.<\/p>\n<div class=\"girls\"><b><u>Text p\u00edsn\u011b<\/u><\/b><\/div>\n<p><center><br \/>\nNow you&#8217;re gone<br \/>\nI wonder why you left me here<br \/>\nI think about it on and on again<br \/>\nI know you&#8217;re never coming back<br \/>\nBut I hope that you can hear me<br \/>\nI&#8217;m waiting to hear from you<br \/>\nUntil I do<\/center><\/p>\n<p><center>You&#8217;re gone away<br \/>\nI&#8217;m left alone<br \/>\nA part of me is gone<br \/>\nAnd I&#8217;m not moving on<br \/>\nSo wait for me<br \/>\nI know the day will come<\/center><\/p>\n<p><center>I&#8217;ll meet you there<br \/>\nNo matter where life takes me to<br \/>\nI&#8217;ll meet you there<br \/>\nAnd even if I need you here<br \/>\nI&#8217;ll meet you there<\/center><\/p>\n<p><center>I wish I could have told you<br \/>\nThe words I kept inside<br \/>\nBut now I guess it&#8217;s just to late<br \/>\nSo many things remind me of you<br \/>\nI hope that you can hear me<br \/>\nI miss you<br \/>\nThis is goodbye<br \/>\nOne last time<\/center><\/p>\n<p><center>And where I go you&#8217;ll be there with me<br \/>\nForever you&#8217;ll be right here with me<\/center><\/p>\n<p><center>I&#8217;ll meet you there<br \/>\nNo matter where life takes me<br \/>\nI&#8217;ll meet you there<br \/>\nand even if I need you<br \/>\nI&#8217;ll meet you there<br \/>\n<\/center><\/p>\n<div class=\"girls\"><b><u>\u010cesk\u00fd p\u0159eklad<\/u><\/b><\/div>\n<p><center><br \/>\nTe\u010f jsi pry\u010d<br \/>\nUva\u017euju, pro\u010d jsi m\u011b tu nechal<br \/>\nP\u0159em\u00fd\u0161l\u00edm o tom znovu a znovu<br \/>\nV\u00edm, \u017ee se nikdy nevr\u00e1t\u00ed\u0161<br \/>\nAle douf\u00e1m, \u017ee m\u011b sly\u0161\u00ed\u0161<br \/>\n\u010cek\u00e1m, a\u017e se ozve\u0161<br \/>\nDokud \u010dek\u00e1m<\/center><\/p>\n<p><center>Zmizel jsi pry\u010d<br \/>\nJsem opu\u0161t\u011bn\u00fd<br \/>\nJedna \u010d\u00e1st ze m\u011b je pry\u010d<br \/>\nA j\u00e1 nejdu d\u00e1l<br \/>\nTak na m\u011b po\u010dkej<br \/>\nv\u00edm, \u017ee ten den p\u0159ijde<\/center><\/p>\n<p><center>Potk\u00e1m t\u011b tam<br \/>\nNez\u00e1le\u017e\u00ed na tom, kam m\u011b \u017eivot zavede<br \/>\nPotk\u00e1m t\u011b tam<br \/>\nA i kdy\u017e t\u011b tu pot\u0159ebuju<br \/>\nPotk\u00e1m t\u011b tam<\/center><\/p>\n<p><center>P\u0159eju si, abych ti mohl \u0159\u00edct<br \/>\nSlova, kter\u00e1 jsem dr\u017eel uvnit\u0159<br \/>\nAle h\u00e1d\u00e1m, \u017ee te\u010f u\u017e je p\u0159\u00edli\u0161 pozd\u011b<br \/>\nTak mnoho v\u011bc\u00ed mi t\u011b p\u0159ipom\u00edn\u00e1<br \/>\nDouf\u00e1m, \u017ee m\u011b sly\u0161\u00ed\u0161<br \/>\nChyb\u00ed\u0161 mi<br \/>\nTohle je sbohem<br \/>\nJe\u0161t\u011b naposledy<\/center><\/p>\n<p><center>A kam p\u016fjdu, tam bude\u0161 se mnou<br \/>\nNav\u017edy bude\u0161 p\u0159\u00edmo tady se mnou<\/center><\/p>\n<p><center>Potk\u00e1m t\u011b tam<br \/>\nNez\u00e1le\u017e\u00ed na tom, kam m\u011b \u017eivot zavede<br \/>\nPotk\u00e1m t\u011b tam<br \/>\na i kdy\u017e t\u011b tu pot\u0159ebuju<br \/>\nPotk\u00e1m t\u011b tam<br \/>\n<\/center>\n<\/div>\n<div class=\"fblikebutton_button\" style=\"float: left; padding-top: 20px; margin-right: 20px; padding-bottom: 20px; padding-left: 20px;\"><iframe src=\"http:\/\/www.facebook.com\/plugins\/like.php?href=https%3A%2F%2Fwww.simpleplan.cz%2Fcz%2Findex.php%2Fkapela%2Fdiskografie%2Fmeet-you-there%2F&amp;layout=standard&amp;show-faces=false&amp;width=450&amp;action=like&amp;colorscheme=light\" scrolling=\"no\" frameborder=\"0\" allowTransparency=\"true\" style=\"border:none; overflow:hidden; width:450px; height:26px\"><\/iframe><\/div>\n","protected":false},"excerpt":{"rendered":"<p>Z\u00e1kladn\u00ed info Album: No Pads, No Helmets&#8230;Just Balls Auto\u0159i textu: Pierre Bouvier, Chuck Comeau Dodate\u010dn\u00e1<\/p>\n","protected":false},"author":5,"featured_media":0,"parent":5273,"menu_order":0,"comment_status":"open","ping_status":"open","template":"page-templates\/full-width.php","meta":{"footnotes":""},"yoast_head":"<!-- This site is optimized with the Yoast SEO plugin v20.9 - https:\/\/yoast.com\/wordpress\/plugins\/seo\/ -->\n<title>Meet You There | CZ: SimplePlan.cz<\/title>\n<meta name=\"robots\" content=\"index, follow, max-snippet:-1, max-image-preview:large, max-video-preview:-1\" \/>\n<link rel=\"canonical\" href=\"https:\/\/www.simpleplan.cz\/cz\/index.php\/kapela\/diskografie\/meet-you-there\/\" \/>\n<meta property=\"og:locale\" content=\"cs_CZ\" \/>\n<meta property=\"og:type\" content=\"article\" \/>\n<meta property=\"og:title\" content=\"Meet You There | CZ: SimplePlan.cz\" \/>\n<meta property=\"og:description\" content=\"Z\u00e1kladn\u00ed info Album: No Pads, No Helmets&#8230;Just Balls Auto\u0159i textu: Pierre Bouvier, Chuck Comeau Dodate\u010dn\u00e1\" \/>\n<meta property=\"og:url\" content=\"https:\/\/www.simpleplan.cz\/cz\/index.php\/kapela\/diskografie\/meet-you-there\/\" \/>\n<meta property=\"og:site_name\" content=\"CZ: SimplePlan.cz\" \/>\n<meta property=\"article:publisher\" content=\"http:\/\/www.facebook.com\/simpleplancz\" \/>\n<meta property=\"article:modified_time\" content=\"2023-06-26T07:29:57+00:00\" \/>\n<meta property=\"og:image\" content=\"http:\/\/www.simpleplan.cz\/cz\/wp-content\/uploads\/logo.gif\" \/>\n<meta name=\"twitter:card\" content=\"summary_large_image\" \/>\n<meta name=\"twitter:site\" content=\"@simpleplancz\" \/>\n<meta name=\"twitter:label1\" content=\"Odhadovan\u00e1 doba \u010dten\u00ed\" \/>\n\t<meta name=\"twitter:data1\" content=\"2 minuty\" \/>\n<script type=\"application\/ld+json\" class=\"yoast-schema-graph\">{\"@context\":\"https:\/\/schema.org\",\"@graph\":[{\"@type\":\"WebPage\",\"@id\":\"https:\/\/www.simpleplan.cz\/cz\/index.php\/kapela\/diskografie\/meet-you-there\/\",\"url\":\"https:\/\/www.simpleplan.cz\/cz\/index.php\/kapela\/diskografie\/meet-you-there\/\",\"name\":\"Meet You There | CZ: SimplePlan.cz\",\"isPartOf\":{\"@id\":\"https:\/\/www.simpleplan.cz\/cz\/#website\"},\"datePublished\":\"2013-07-07T17:01:21+00:00\",\"dateModified\":\"2023-06-26T07:29:57+00:00\",\"breadcrumb\":{\"@id\":\"https:\/\/www.simpleplan.cz\/cz\/index.php\/kapela\/diskografie\/meet-you-there\/#breadcrumb\"},\"inLanguage\":\"cs\",\"potentialAction\":[{\"@type\":\"ReadAction\",\"target\":[\"https:\/\/www.simpleplan.cz\/cz\/index.php\/kapela\/diskografie\/meet-you-there\/\"]}]},{\"@type\":\"BreadcrumbList\",\"@id\":\"https:\/\/www.simpleplan.cz\/cz\/index.php\/kapela\/diskografie\/meet-you-there\/#breadcrumb\",\"itemListElement\":[{\"@type\":\"ListItem\",\"position\":1,\"name\":\"Dom\u016f\",\"item\":\"https:\/\/www.simpleplan.cz\/cz\/\"},{\"@type\":\"ListItem\",\"position\":2,\"name\":\"Kapela\",\"item\":\"https:\/\/www.simpleplan.cz\/cz\/index.php\/kapela\/\"},{\"@type\":\"ListItem\",\"position\":3,\"name\":\"Diskografie\",\"item\":\"https:\/\/www.simpleplan.cz\/cz\/index.php\/kapela\/diskografie\/\"},{\"@type\":\"ListItem\",\"position\":4,\"name\":\"Meet You There\"}]},{\"@type\":\"WebSite\",\"@id\":\"https:\/\/www.simpleplan.cz\/cz\/#website\",\"url\":\"https:\/\/www.simpleplan.cz\/cz\/\",\"name\":\"CZ: SimplePlan.cz\",\"description\":\"Nejlep\u0161\u00ed zdroj informac\u00ed o kapele Simple Plan\",\"publisher\":{\"@id\":\"https:\/\/www.simpleplan.cz\/cz\/#organization\"},\"potentialAction\":[{\"@type\":\"SearchAction\",\"target\":{\"@type\":\"EntryPoint\",\"urlTemplate\":\"https:\/\/www.simpleplan.cz\/cz\/?s={search_term_string}\"},\"query-input\":\"required name=search_term_string\"}],\"inLanguage\":\"cs\"},{\"@type\":\"Organization\",\"@id\":\"https:\/\/www.simpleplan.cz\/cz\/#organization\",\"name\":\"CZ: SimplePlan.cz\",\"url\":\"https:\/\/www.simpleplan.cz\/cz\/\",\"logo\":{\"@type\":\"ImageObject\",\"inLanguage\":\"cs\",\"@id\":\"https:\/\/www.simpleplan.cz\/cz\/#\/schema\/logo\/image\/\",\"url\":\"https:\/\/www.simpleplan.cz\/cz\/wp-content\/uploads\/spczlogo.png\",\"contentUrl\":\"https:\/\/www.simpleplan.cz\/cz\/wp-content\/uploads\/spczlogo.png\",\"width\":250,\"height\":190,\"caption\":\"CZ: SimplePlan.cz\"},\"image\":{\"@id\":\"https:\/\/www.simpleplan.cz\/cz\/#\/schema\/logo\/image\/\"},\"sameAs\":[\"http:\/\/www.facebook.com\/simpleplancz\",\"https:\/\/twitter.com\/simpleplancz\",\"http:\/\/www.instagram.com\/simpleplancz\",\"http:\/\/www.youtube.com\/simpleplancz\"]}]}<\/script>\n<!-- \/ Yoast SEO plugin. -->","yoast_head_json":{"title":"Meet You There | CZ: SimplePlan.cz","robots":{"index":"index","follow":"follow","max-snippet":"max-snippet:-1","max-image-preview":"max-image-preview:large","max-video-preview":"max-video-preview:-1"},"canonical":"https:\/\/www.simpleplan.cz\/cz\/index.php\/kapela\/diskografie\/meet-you-there\/","og_locale":"cs_CZ","og_type":"article","og_title":"Meet You There | CZ: SimplePlan.cz","og_description":"Z\u00e1kladn\u00ed info Album: No Pads, No Helmets&#8230;Just Balls Auto\u0159i textu: Pierre Bouvier, Chuck Comeau Dodate\u010dn\u00e1","og_url":"https:\/\/www.simpleplan.cz\/cz\/index.php\/kapela\/diskografie\/meet-you-there\/","og_site_name":"CZ: SimplePlan.cz","article_publisher":"http:\/\/www.facebook.com\/simpleplancz","article_modified_time":"2023-06-26T07:29:57+00:00","og_image":[{"url":"http:\/\/www.simpleplan.cz\/cz\/wp-content\/uploads\/logo.gif"}],"twitter_card":"summary_large_image","twitter_site":"@simpleplancz","twitter_misc":{"Odhadovan\u00e1 doba \u010dten\u00ed":"2 minuty"},"schema":{"@context":"https:\/\/schema.org","@graph":[{"@type":"WebPage","@id":"https:\/\/www.simpleplan.cz\/cz\/index.php\/kapela\/diskografie\/meet-you-there\/","url":"https:\/\/www.simpleplan.cz\/cz\/index.php\/kapela\/diskografie\/meet-you-there\/","name":"Meet You There | CZ: SimplePlan.cz","isPartOf":{"@id":"https:\/\/www.simpleplan.cz\/cz\/#website"},"datePublished":"2013-07-07T17:01:21+00:00","dateModified":"2023-06-26T07:29:57+00:00","breadcrumb":{"@id":"https:\/\/www.simpleplan.cz\/cz\/index.php\/kapela\/diskografie\/meet-you-there\/#breadcrumb"},"inLanguage":"cs","potentialAction":[{"@type":"ReadAction","target":["https:\/\/www.simpleplan.cz\/cz\/index.php\/kapela\/diskografie\/meet-you-there\/"]}]},{"@type":"BreadcrumbList","@id":"https:\/\/www.simpleplan.cz\/cz\/index.php\/kapela\/diskografie\/meet-you-there\/#breadcrumb","itemListElement":[{"@type":"ListItem","position":1,"name":"Dom\u016f","item":"https:\/\/www.simpleplan.cz\/cz\/"},{"@type":"ListItem","position":2,"name":"Kapela","item":"https:\/\/www.simpleplan.cz\/cz\/index.php\/kapela\/"},{"@type":"ListItem","position":3,"name":"Diskografie","item":"https:\/\/www.simpleplan.cz\/cz\/index.php\/kapela\/diskografie\/"},{"@type":"ListItem","position":4,"name":"Meet You There"}]},{"@type":"WebSite","@id":"https:\/\/www.simpleplan.cz\/cz\/#website","url":"https:\/\/www.simpleplan.cz\/cz\/","name":"CZ: SimplePlan.cz","description":"Nejlep\u0161\u00ed zdroj informac\u00ed o kapele Simple Plan","publisher":{"@id":"https:\/\/www.simpleplan.cz\/cz\/#organization"},"potentialAction":[{"@type":"SearchAction","target":{"@type":"EntryPoint","urlTemplate":"https:\/\/www.simpleplan.cz\/cz\/?s={search_term_string}"},"query-input":"required name=search_term_string"}],"inLanguage":"cs"},{"@type":"Organization","@id":"https:\/\/www.simpleplan.cz\/cz\/#organization","name":"CZ: SimplePlan.cz","url":"https:\/\/www.simpleplan.cz\/cz\/","logo":{"@type":"ImageObject","inLanguage":"cs","@id":"https:\/\/www.simpleplan.cz\/cz\/#\/schema\/logo\/image\/","url":"https:\/\/www.simpleplan.cz\/cz\/wp-content\/uploads\/spczlogo.png","contentUrl":"https:\/\/www.simpleplan.cz\/cz\/wp-content\/uploads\/spczlogo.png","width":250,"height":190,"caption":"CZ: SimplePlan.cz"},"image":{"@id":"https:\/\/www.simpleplan.cz\/cz\/#\/schema\/logo\/image\/"},"sameAs":["http:\/\/www.facebook.com\/simpleplancz","https:\/\/twitter.com\/simpleplancz","http:\/\/www.instagram.com\/simpleplancz","http:\/\/www.youtube.com\/simpleplancz"]}]}},"_links":{"self":[{"href":"https:\/\/www.simpleplan.cz\/cz\/index.php\/wp-json\/wp\/v2\/pages\/13441"}],"collection":[{"href":"https:\/\/www.simpleplan.cz\/cz\/index.php\/wp-json\/wp\/v2\/pages"}],"about":[{"href":"https:\/\/www.simpleplan.cz\/cz\/index.php\/wp-json\/wp\/v2\/types\/page"}],"author":[{"embeddable":true,"href":"https:\/\/www.simpleplan.cz\/cz\/index.php\/wp-json\/wp\/v2\/users\/5"}],"replies":[{"embeddable":true,"href":"https:\/\/www.simpleplan.cz\/cz\/index.php\/wp-json\/wp\/v2\/comments?post=13441"}],"version-history":[{"count":4,"href":"https:\/\/www.simpleplan.cz\/cz\/index.php\/wp-json\/wp\/v2\/pages\/13441\/revisions"}],"predecessor-version":[{"id":23228,"href":"https:\/\/www.simpleplan.cz\/cz\/index.php\/wp-json\/wp\/v2\/pages\/13441\/revisions\/23228"}],"up":[{"embeddable":true,"href":"https:\/\/www.simpleplan.cz\/cz\/index.php\/wp-json\/wp\/v2\/pages\/5273"}],"wp:attachment":[{"href":"https:\/\/www.simpleplan.cz\/cz\/index.php\/wp-json\/wp\/v2\/media?parent=13441"}],"curies":[{"name":"wp","href":"https:\/\/api.w.org\/{rel}","templated":true}]}}