{"id":13444,"date":"2013-07-07T19:34:05","date_gmt":"2013-07-07T17:34:05","guid":{"rendered":"http:\/\/www.simpleplan.cz\/cz\/?page_id=13444"},"modified":"2023-06-26T09:29:56","modified_gmt":"2023-06-26T07:29:56","slug":"addicted","status":"publish","type":"page","link":"https:\/\/www.simpleplan.cz\/cz\/index.php\/kapela\/diskografie\/addicted\/","title":{"rendered":"Addicted"},"content":{"rendered":"<div class=\"pagecontent\">\n<div class=\"girls\"><b><u>Basic info<\/u><\/b><\/div>\n<p><b>Album:<\/b> No Pads, No Helmets&#8230;Just Balls<br \/>\n<b>Auto\u0159i textu:<\/b> Pierre Bouvier, Chuck Comeau<br \/>\n<b>D\u00e9lka p\u00edsn\u011b:<\/b> 3:52<br \/>\n<b>Single vyd\u00e1n:<\/b> 3. \u010dervna 2003<br \/>\n<b>Videoklip vyd\u00e1no:<\/b> b\u0159ezen 2003<br \/>\n<b>Obal singlu:<\/b> <a href=\"http:\/\/www.simpleplan.cz\/gallery\/thumbnails.php?album=32\" target=\"_blank\" rel=\"noopener\">zde<\/a><\/p>\n<div class=\"girls\"><b><u>V\u00fdznam p\u00edsn\u011b<\/u><\/b><\/div>\n<p>&#8222;Addicted&#8220; je o tom, jak t\u011b\u017ek\u00e9 je vyrovnat se s rozchodem, kdy\u017e i v\u00e1s ten druh\u00fd i nad\u00e1le p\u0159itahuje a vy na n\u011bj st\u00e1le nedok\u00e1\u017eete zapomenout.<\/p>\n<div class=\"girls\"><b><u>Videoklip<\/u><\/b><\/div>\n<p><center><iframe width=\"480\" height=\"360\" src=\"\/\/www.youtube.com\/embed\/qvpNa5O-0-8\" frameborder=\"0\" allowfullscreen><\/iframe><\/center><\/p>\n<div class=\"girls\"><b><u>Text p\u00edsn\u011b<\/u><\/b><\/div>\n<p><center><br \/>\nI heard you&#8217;re doing ok<br \/>\nBut I want you to know<br \/>\nI&#8217;m a dick<br \/>\nI&#8217;m addicted to you<br \/>\nI can&#8217;t pretend I don&#8217;t care<br \/>\nWhen you don&#8217;t think about me<br \/>\nDo you think I deserve this?<\/center><\/p>\n<p><center>I tried to make you happy but you left anyway<\/center><\/p>\n<p><center>I&#8217;m trying to forget that<br \/>\nI&#8217;m addicted to you<br \/>\nBut I want it and I need it<br \/>\nI&#8217;m addicted to you<br \/>\nNow it&#8217;s over<br \/>\ncan&#8217;t forget what you said<br \/>\nand I never wanna do this again<br \/>\nHeartbreaker<\/center><\/p>\n<p><center>Since the day I met you<br \/>\nAnd after all we&#8217;ve been through<br \/>\nI&#8217;m still a dick<br \/>\nI&#8217;m addicted to you<br \/>\nI think you know that it&#8217;s true<br \/>\nI&#8217;d run a thousand miles to get you<br \/>\nDo you think I deserve this?<\/center><\/p>\n<p><center>I tried to make you happy<br \/>\nI did all that I could<br \/>\nJust to keep you<br \/>\nBut you left anyway<\/center><\/p>\n<p><center>How long will I be waiting?<br \/>\nUntil the end of times<br \/>\nI don&#8217;t know why I&#8217;m still waiting<br \/>\nI can&#8217;t make you mine<br \/>\n<\/center><br \/>\n<center>Heartbreaker<br \/>\nI&#8217;m addicted to you<br \/>\n<\/center><\/p>\n<div class=\"girls\"><b><u>\u010cesk\u00fd p\u0159eklad<\/u><\/b><\/div>\n<p><center><br \/>\nSly\u0161el jsem, \u017ee se ti da\u0159\u00ed dob\u0159e<br \/>\nAle chci, abys v\u011bd\u011bla, \u017ee<br \/>\nSem z\u00e1visl\u00fd<br \/>\nSem z\u00e1visl\u00fd na tob\u011b<br \/>\nNem\u016f\u017eu p\u0159edst\u00edrat, \u017ee mi to nevad\u00ed<br \/>\nKdy\u017e na m\u011b mysl\u00ed\u0161<br \/>\nMysl\u00ed\u0161, \u017ee si to zaslou\u017e\u00edm?<\/center><\/p>\n<p><center>Zkou\u0161el jsem t\u011b ud\u011blat \u0161\u0165astnou, ale<br \/>\nTy jsi i tak ode\u0161la\u2026<\/center><\/p>\n<p><center>Zkou\u0161\u00edm zapomenout na to, \u017ee<br \/>\nJsem na tob\u011b z\u00e1visl\u00fd<\/center><\/p>\n<p><center>Ale chci to a pot\u0159ebuji to<br \/>\nJsem na tob\u011b z\u00e1visl\u00fd<br \/>\nTe\u010f je konec<br \/>\nNem\u016f\u017eu zapomenout na to, co jsi \u0159\u00edkala<br \/>\nA nikdy to u\u017e nechci znovu ud\u011blat<br \/>\nLama\u010d srdc\u00ed<\/center><\/p>\n<p><center>Od toho dne, co jsem t\u011b potkal<br \/>\nA po tom, \u010d\u00edm v\u0161\u00edm jsme si pro\u0161li.<br \/>\nJsem na tob\u011b po\u0159\u00e1d z\u00e1visl\u00fd<br \/>\nJsem na tob\u011b po\u0159\u00e1d z\u00e1visl\u00fd<br \/>\nMysl\u00edm si, \u017ee ty v\u00ed\u0161, \u017ee je to pravda<br \/>\nUtekl by jsem tis\u00edc mil, abych t\u011b dostal<br \/>\nMysl\u00ed\u0161, \u017ee si to zaslou\u017e\u00edm?<\/center><\/p>\n<p><center>Zkou\u0161el jsem t\u011b ud\u011blat \u0161\u0165astnou<br \/>\nUd\u011blal jsem v\u0161echno, co jsem mohl<br \/>\nJen abys se mnou z\u016fstala,<br \/>\nAle ty jsi i tak ode\u0161la.<\/center><\/p>\n<p><center>Jak dlouho budu je\u0161t\u011b \u010dekat?<br \/>\nDo nekone\u010dna.<br \/>\nNev\u00edm, pro\u010d je\u0161t\u011b st\u00e1le \u010dek\u00e1m,<br \/>\nKdy\u017e i tak nem\u016f\u017ee\u0161 b\u00fdt moje<\/center><\/p>\n<p><center>Lama\u010d srdc\u00ed<br \/>\nJsem na tob\u011b z\u00e1visl\u00fd<br \/>\n<\/center>\n<\/div>\n<div class=\"fblikebutton_button\" style=\"float: left; padding-top: 20px; margin-right: 20px; padding-bottom: 20px; padding-left: 20px;\"><iframe src=\"http:\/\/www.facebook.com\/plugins\/like.php?href=https%3A%2F%2Fwww.simpleplan.cz%2Fcz%2Findex.php%2Fkapela%2Fdiskografie%2Faddicted%2F&amp;layout=standard&amp;show-faces=false&amp;width=450&amp;action=like&amp;colorscheme=light\" scrolling=\"no\" frameborder=\"0\" allowTransparency=\"true\" style=\"border:none; overflow:hidden; width:450px; height:26px\"><\/iframe><\/div>\n","protected":false},"excerpt":{"rendered":"<p>Basic info Album: No Pads, No Helmets&#8230;Just Balls Auto\u0159i textu: Pierre Bouvier, Chuck Comeau D\u00e9lka<\/p>\n","protected":false},"author":5,"featured_media":0,"parent":5273,"menu_order":0,"comment_status":"open","ping_status":"open","template":"page-templates\/full-width.php","meta":{"footnotes":""},"yoast_head":"<!-- This site is optimized with the Yoast SEO plugin v20.9 - https:\/\/yoast.com\/wordpress\/plugins\/seo\/ -->\n<title>Addicted | CZ: SimplePlan.cz<\/title>\n<meta name=\"robots\" content=\"index, follow, max-snippet:-1, max-image-preview:large, max-video-preview:-1\" \/>\n<link rel=\"canonical\" href=\"https:\/\/www.simpleplan.cz\/cz\/index.php\/kapela\/diskografie\/addicted\/\" \/>\n<meta property=\"og:locale\" content=\"cs_CZ\" \/>\n<meta property=\"og:type\" content=\"article\" \/>\n<meta property=\"og:title\" content=\"Addicted | CZ: SimplePlan.cz\" \/>\n<meta property=\"og:description\" content=\"Basic info Album: No Pads, No Helmets&#8230;Just Balls Auto\u0159i textu: Pierre Bouvier, Chuck Comeau D\u00e9lka\" \/>\n<meta property=\"og:url\" content=\"https:\/\/www.simpleplan.cz\/cz\/index.php\/kapela\/diskografie\/addicted\/\" \/>\n<meta property=\"og:site_name\" content=\"CZ: SimplePlan.cz\" \/>\n<meta property=\"article:publisher\" content=\"http:\/\/www.facebook.com\/simpleplancz\" \/>\n<meta property=\"article:modified_time\" content=\"2023-06-26T07:29:56+00:00\" \/>\n<meta property=\"og:image\" content=\"http:\/\/www.simpleplan.cz\/cz\/wp-content\/uploads\/logo.gif\" \/>\n<meta name=\"twitter:card\" content=\"summary_large_image\" \/>\n<meta name=\"twitter:site\" content=\"@simpleplancz\" \/>\n<meta name=\"twitter:label1\" content=\"Odhadovan\u00e1 doba \u010dten\u00ed\" \/>\n\t<meta name=\"twitter:data1\" content=\"2 minuty\" \/>\n<script type=\"application\/ld+json\" class=\"yoast-schema-graph\">{\"@context\":\"https:\/\/schema.org\",\"@graph\":[{\"@type\":\"WebPage\",\"@id\":\"https:\/\/www.simpleplan.cz\/cz\/index.php\/kapela\/diskografie\/addicted\/\",\"url\":\"https:\/\/www.simpleplan.cz\/cz\/index.php\/kapela\/diskografie\/addicted\/\",\"name\":\"Addicted | CZ: SimplePlan.cz\",\"isPartOf\":{\"@id\":\"https:\/\/www.simpleplan.cz\/cz\/#website\"},\"datePublished\":\"2013-07-07T17:34:05+00:00\",\"dateModified\":\"2023-06-26T07:29:56+00:00\",\"breadcrumb\":{\"@id\":\"https:\/\/www.simpleplan.cz\/cz\/index.php\/kapela\/diskografie\/addicted\/#breadcrumb\"},\"inLanguage\":\"cs\",\"potentialAction\":[{\"@type\":\"ReadAction\",\"target\":[\"https:\/\/www.simpleplan.cz\/cz\/index.php\/kapela\/diskografie\/addicted\/\"]}]},{\"@type\":\"BreadcrumbList\",\"@id\":\"https:\/\/www.simpleplan.cz\/cz\/index.php\/kapela\/diskografie\/addicted\/#breadcrumb\",\"itemListElement\":[{\"@type\":\"ListItem\",\"position\":1,\"name\":\"Dom\u016f\",\"item\":\"https:\/\/www.simpleplan.cz\/cz\/\"},{\"@type\":\"ListItem\",\"position\":2,\"name\":\"Kapela\",\"item\":\"https:\/\/www.simpleplan.cz\/cz\/index.php\/kapela\/\"},{\"@type\":\"ListItem\",\"position\":3,\"name\":\"Diskografie\",\"item\":\"https:\/\/www.simpleplan.cz\/cz\/index.php\/kapela\/diskografie\/\"},{\"@type\":\"ListItem\",\"position\":4,\"name\":\"Addicted\"}]},{\"@type\":\"WebSite\",\"@id\":\"https:\/\/www.simpleplan.cz\/cz\/#website\",\"url\":\"https:\/\/www.simpleplan.cz\/cz\/\",\"name\":\"CZ: SimplePlan.cz\",\"description\":\"Nejlep\u0161\u00ed zdroj informac\u00ed o kapele Simple Plan\",\"publisher\":{\"@id\":\"https:\/\/www.simpleplan.cz\/cz\/#organization\"},\"potentialAction\":[{\"@type\":\"SearchAction\",\"target\":{\"@type\":\"EntryPoint\",\"urlTemplate\":\"https:\/\/www.simpleplan.cz\/cz\/?s={search_term_string}\"},\"query-input\":\"required name=search_term_string\"}],\"inLanguage\":\"cs\"},{\"@type\":\"Organization\",\"@id\":\"https:\/\/www.simpleplan.cz\/cz\/#organization\",\"name\":\"CZ: SimplePlan.cz\",\"url\":\"https:\/\/www.simpleplan.cz\/cz\/\",\"logo\":{\"@type\":\"ImageObject\",\"inLanguage\":\"cs\",\"@id\":\"https:\/\/www.simpleplan.cz\/cz\/#\/schema\/logo\/image\/\",\"url\":\"https:\/\/www.simpleplan.cz\/cz\/wp-content\/uploads\/spczlogo.png\",\"contentUrl\":\"https:\/\/www.simpleplan.cz\/cz\/wp-content\/uploads\/spczlogo.png\",\"width\":250,\"height\":190,\"caption\":\"CZ: SimplePlan.cz\"},\"image\":{\"@id\":\"https:\/\/www.simpleplan.cz\/cz\/#\/schema\/logo\/image\/\"},\"sameAs\":[\"http:\/\/www.facebook.com\/simpleplancz\",\"https:\/\/twitter.com\/simpleplancz\",\"http:\/\/www.instagram.com\/simpleplancz\",\"http:\/\/www.youtube.com\/simpleplancz\"]}]}<\/script>\n<!-- \/ Yoast SEO plugin. -->","yoast_head_json":{"title":"Addicted | CZ: SimplePlan.cz","robots":{"index":"index","follow":"follow","max-snippet":"max-snippet:-1","max-image-preview":"max-image-preview:large","max-video-preview":"max-video-preview:-1"},"canonical":"https:\/\/www.simpleplan.cz\/cz\/index.php\/kapela\/diskografie\/addicted\/","og_locale":"cs_CZ","og_type":"article","og_title":"Addicted | CZ: SimplePlan.cz","og_description":"Basic info Album: No Pads, No Helmets&#8230;Just Balls Auto\u0159i textu: Pierre Bouvier, Chuck Comeau D\u00e9lka","og_url":"https:\/\/www.simpleplan.cz\/cz\/index.php\/kapela\/diskografie\/addicted\/","og_site_name":"CZ: SimplePlan.cz","article_publisher":"http:\/\/www.facebook.com\/simpleplancz","article_modified_time":"2023-06-26T07:29:56+00:00","og_image":[{"url":"http:\/\/www.simpleplan.cz\/cz\/wp-content\/uploads\/logo.gif"}],"twitter_card":"summary_large_image","twitter_site":"@simpleplancz","twitter_misc":{"Odhadovan\u00e1 doba \u010dten\u00ed":"2 minuty"},"schema":{"@context":"https:\/\/schema.org","@graph":[{"@type":"WebPage","@id":"https:\/\/www.simpleplan.cz\/cz\/index.php\/kapela\/diskografie\/addicted\/","url":"https:\/\/www.simpleplan.cz\/cz\/index.php\/kapela\/diskografie\/addicted\/","name":"Addicted | CZ: SimplePlan.cz","isPartOf":{"@id":"https:\/\/www.simpleplan.cz\/cz\/#website"},"datePublished":"2013-07-07T17:34:05+00:00","dateModified":"2023-06-26T07:29:56+00:00","breadcrumb":{"@id":"https:\/\/www.simpleplan.cz\/cz\/index.php\/kapela\/diskografie\/addicted\/#breadcrumb"},"inLanguage":"cs","potentialAction":[{"@type":"ReadAction","target":["https:\/\/www.simpleplan.cz\/cz\/index.php\/kapela\/diskografie\/addicted\/"]}]},{"@type":"BreadcrumbList","@id":"https:\/\/www.simpleplan.cz\/cz\/index.php\/kapela\/diskografie\/addicted\/#breadcrumb","itemListElement":[{"@type":"ListItem","position":1,"name":"Dom\u016f","item":"https:\/\/www.simpleplan.cz\/cz\/"},{"@type":"ListItem","position":2,"name":"Kapela","item":"https:\/\/www.simpleplan.cz\/cz\/index.php\/kapela\/"},{"@type":"ListItem","position":3,"name":"Diskografie","item":"https:\/\/www.simpleplan.cz\/cz\/index.php\/kapela\/diskografie\/"},{"@type":"ListItem","position":4,"name":"Addicted"}]},{"@type":"WebSite","@id":"https:\/\/www.simpleplan.cz\/cz\/#website","url":"https:\/\/www.simpleplan.cz\/cz\/","name":"CZ: SimplePlan.cz","description":"Nejlep\u0161\u00ed zdroj informac\u00ed o kapele Simple Plan","publisher":{"@id":"https:\/\/www.simpleplan.cz\/cz\/#organization"},"potentialAction":[{"@type":"SearchAction","target":{"@type":"EntryPoint","urlTemplate":"https:\/\/www.simpleplan.cz\/cz\/?s={search_term_string}"},"query-input":"required name=search_term_string"}],"inLanguage":"cs"},{"@type":"Organization","@id":"https:\/\/www.simpleplan.cz\/cz\/#organization","name":"CZ: SimplePlan.cz","url":"https:\/\/www.simpleplan.cz\/cz\/","logo":{"@type":"ImageObject","inLanguage":"cs","@id":"https:\/\/www.simpleplan.cz\/cz\/#\/schema\/logo\/image\/","url":"https:\/\/www.simpleplan.cz\/cz\/wp-content\/uploads\/spczlogo.png","contentUrl":"https:\/\/www.simpleplan.cz\/cz\/wp-content\/uploads\/spczlogo.png","width":250,"height":190,"caption":"CZ: SimplePlan.cz"},"image":{"@id":"https:\/\/www.simpleplan.cz\/cz\/#\/schema\/logo\/image\/"},"sameAs":["http:\/\/www.facebook.com\/simpleplancz","https:\/\/twitter.com\/simpleplancz","http:\/\/www.instagram.com\/simpleplancz","http:\/\/www.youtube.com\/simpleplancz"]}]}},"_links":{"self":[{"href":"https:\/\/www.simpleplan.cz\/cz\/index.php\/wp-json\/wp\/v2\/pages\/13444"}],"collection":[{"href":"https:\/\/www.simpleplan.cz\/cz\/index.php\/wp-json\/wp\/v2\/pages"}],"about":[{"href":"https:\/\/www.simpleplan.cz\/cz\/index.php\/wp-json\/wp\/v2\/types\/page"}],"author":[{"embeddable":true,"href":"https:\/\/www.simpleplan.cz\/cz\/index.php\/wp-json\/wp\/v2\/users\/5"}],"replies":[{"embeddable":true,"href":"https:\/\/www.simpleplan.cz\/cz\/index.php\/wp-json\/wp\/v2\/comments?post=13444"}],"version-history":[{"count":7,"href":"https:\/\/www.simpleplan.cz\/cz\/index.php\/wp-json\/wp\/v2\/pages\/13444\/revisions"}],"predecessor-version":[{"id":33058,"href":"https:\/\/www.simpleplan.cz\/cz\/index.php\/wp-json\/wp\/v2\/pages\/13444\/revisions\/33058"}],"up":[{"embeddable":true,"href":"https:\/\/www.simpleplan.cz\/cz\/index.php\/wp-json\/wp\/v2\/pages\/5273"}],"wp:attachment":[{"href":"https:\/\/www.simpleplan.cz\/cz\/index.php\/wp-json\/wp\/v2\/media?parent=13444"}],"curies":[{"name":"wp","href":"https:\/\/api.w.org\/{rel}","templated":true}]}}