{"id":13460,"date":"2013-07-07T20:30:14","date_gmt":"2013-07-07T18:30:14","guid":{"rendered":"http:\/\/www.simpleplan.cz\/cz\/?page_id=13460"},"modified":"2023-06-26T09:29:57","modified_gmt":"2023-06-26T07:29:57","slug":"perfect","status":"publish","type":"page","link":"https:\/\/www.simpleplan.cz\/cz\/index.php\/kapela\/diskografie\/perfect\/","title":{"rendered":"Perfect"},"content":{"rendered":"<div class=\"pagecontent\">\n<div class=\"girls\"><b><u>Z\u00e1kladn\u00ed info<\/u><\/b><\/div>\n<p><b>Album:<\/b> No Pads, No Helmets&#8230;Just Balls<br \/>\n<b>Auto\u0159i textu:<\/b> Pierre Bouvier, Chuck Comeau<br \/>\n<b>D\u00e9lka p\u00edsn\u011b:<\/b> 4:39<br \/>\n<b>Single vyd\u00e1n:<\/b> 26. srpna 2003<br \/>\n<b>Videoklip vyd\u00e1n:<\/b> z\u00e1\u0159\u00ed 2003<br \/>\n<b>Obal singlu:<\/b> <a href=\"http:\/\/www.simpleplan.cz\/gallery\/thumbnails.php?album=33\" target=\"_blank\" rel=\"noopener\">zde<\/a><\/p>\n<div class=\"girls\"><b><u>V\u00fdznam p\u00edsn\u011b<\/u><\/b><\/div>\n<p>P\u00edse\u0148, formovan\u00e1 jako dopis, popisuje frustraci \u010dlen\u016f kapely se sv\u00fdmi rodi\u010di, kte\u0159\u00ed jim necht\u011bli dovolit odej\u00edt ze \u0161koly a naplno se v\u011bnovat hudebn\u00ed kari\u00e9\u0159e. <\/p>\n<blockquote><p><i>&#8222;Tehdy jsme nerozum\u011bli tomu, pro\u010d byli na\u0161i rodi\u010de tak moc proti na\u0161emu pl\u00e1nu odej\u00edt ze \u0161koly a v\u011bnovat se hudb\u011b. Byl to n\u00e1\u0161 sen a my jsme v n\u011bj v\u011b\u0159ili tolik, \u017ee n\u00e1m p\u0159i\u0161lo vylou\u010den\u00e9, \u017ee by n\u00e1m to nevy\u0161lo. Dnes je to jin\u00e9: \u010das n\u00e1m uk\u00e1zal, \u017ee jsme se nem\u00fdlili, ale tehdy jsme nem\u011bli \u017e\u00e1dnou z\u00e1ruku, \u017ee to bude fungovat! Kdy\u017e se na to d\u00edv\u00e1m zp\u00e1tky, naprosto sv\u00fdm rodi\u010d\u016fm rozum\u00edm, \u017ee se o n\u00e1s b\u00e1li. V hudebn\u00edm pr\u016fmyslu plat\u00ed, \u017ee &#8222;mnoho je povol\u00e1no, ale jen m\u00e1lo je vyvoleno.&#8220; Mysl\u00edm si, \u017ee prost\u011b jen necht\u011bli, abychom dos\u00e1hli t\u0159ic\u00edtky se zni\u010den\u00fdmi sny a \u017e\u00e1dnou budoucnost\u00ed.&#8220;<\/i><br \/>\n<center>&#8211; Chuck Comeau<\/center><\/p><\/blockquote>\n<div class=\"girls\"><b><u>Zaj\u00edmavosti<\/u><\/b><\/div>\n<p>&#8211; dnes Chuck uzn\u00e1v\u00e1, \u017ee slova k &#8222;Perfect&#8220; byla k jeho rodi\u010d\u016fm trochu drsn\u00e1<br \/>\n&#8211; a\u017e do dne\u0161n\u00edho dne Simple Plan st\u00e1le kon\u010d\u00ed ka\u017ed\u00fd sv\u016fj set  s touto p\u00edsn\u00ed [s v\u00fdjimkou n\u011bkolika festival\u016f\/televizn\u00edch vystoupen\u00ed]<\/p>\n<div class=\"girls\"><b><u>Videoklip<\/u><\/b><\/div>\n<p><center><iframe width=\"480\" height=\"360\" src=\"\/\/www.youtube.com\/embed\/RUi54JTgL5s\" frameborder=\"0\" allowfullscreen><\/iframe><\/center><\/p>\n<div class=\"girls\"><b><u>Text p\u00edsn\u011b<\/u><\/b><\/div>\n<p><center><br \/>\nHey dad look at me<br \/>\nThink back and talk to me<br \/>\nDid I grow up according to plan?<br \/>\nDo you think i&#8217;m wasting my time<br \/>\nDoing things I wanna do?<br \/>\n&#8218;Cuz it hurts when you disapprove all along<\/center><\/p>\n<p><center>And now I try hard to make it<br \/>\nI just want to make you proud<br \/>\nI&#8217;m never gonna be good enough for you<br \/>\nI can&#8217;t pretend that I&#8217;m all right<br \/>\nand you can&#8217;t change me<\/center><\/p>\n<p><center>&#8218;Cuz we lost it all<br \/>\nNothing last for ever<br \/>\nI&#8217;m sorry I can&#8217;t be perfect<br \/>\nNow it&#8217;s just too late and we can&#8217;t go back<br \/>\nI&#8217;m sorry I can&#8217;t be perfect<\/center><\/p>\n<p><center>I try not to think<br \/>\nAbout the pain I feel inside<br \/>\nDid you know you used to be my hero?<br \/>\nAll the days you spent with me<br \/>\nNow seem so far away<br \/>\nAnd it feels like you don&#8217;t care anymore<\/center><\/p>\n<p><center>And now I try hard to make it<br \/>\nI just want to make you proud<br \/>\nI&#8217;m never gonna be good enough for you<br \/>\nI can&#8217;t stand another fight<br \/>\nAnd nothing&#8217;s alright<\/center><\/p>\n<p><center>Nothing&#8217;s gonna change the things that you said<br \/>\nNothing&#8217;s gonna make this right again<br \/>\nPlease don&#8217;t turn your back<br \/>\nI can&#8217;t believe it&#8217;s hard just to talk to you<br \/>\n&#8218;Cuz you don&#8217;t understand<\/p>\n<p><\/center><\/p>\n<div class=\"girls\"><b><u>\u010cesk\u00fd p\u0159eklad<\/u><\/b><\/div>\n<p><center><br \/>\nHej, tati,pod\u00edvej se na m\u011b<br \/>\nZap\u0159em\u00fd\u0161lej a mluv se mnou<br \/>\nVyrostl jsem podle pl\u00e1nu?<br \/>\nMysl\u00ed\u0161, \u017ee ztr\u00e1c\u00edm sv\u016fj \u010das<br \/>\nD\u011bl\u00e1n\u00edm v\u011bc\u00ed, kter\u00e9 chci?<br \/>\nProto\u017ee to bol\u00ed, kdy\u017e jsi celou dobu proti<\/center><\/p>\n<p><center>A te\u010f se to tvrd\u011b sna\u017e\u00edm ud\u011blat<br \/>\nProst\u011b t\u011b chci ud\u011blat py\u0161n\u00fdm<br \/>\nNikdy pro tebe nebudu dost dobr\u00fd<br \/>\nNem\u016f\u017eu p\u0159edst\u00edrat, \u017ee jsem v po\u0159\u00e1dku<br \/>\na ty m\u011b nem\u016f\u017ee\u0161 zm\u011bnit<\/center><\/p>\n<p><center>Proto\u017ee jsme to v\u0161echno ztratili<br \/>\nNic netrv\u00e1 v\u011b\u010dn\u011b<br \/>\nPromi\u0148, nem\u016f\u017eu b\u00fdt perfektn\u00ed<br \/>\nTe\u010f je p\u0159\u00edli\u0161 pozd\u011b a my se nem\u016f\u017eeme vr\u00e1tit<br \/>\nPromi\u0148, nem\u016f\u017eu b\u00fdt perfektn\u00ed<\/center><\/p>\n<p><center>Sna\u017e\u00edm se nep\u0159em\u00fd\u0161let<br \/>\nO bolesti, kterou uvnit\u0159 c\u00edt\u00edm<br \/>\nV\u011bd\u011bl jsi, \u017ee jsi b\u00fdval m\u00fdm hrdinou?<br \/>\nV\u0161echny dny, kter\u00e9 jsi tr\u00e1vil se mnou<br \/>\nSe te\u010f zdaj\u00ed b\u00fdt tak daleko pry\u010d<br \/>\nA vypad\u00e1 to, \u017ee t\u011b to v\u00edc nezaj\u00edm\u00e1<\/center><\/p>\n<p><center>A te\u010f se to tvrd\u011b sna\u017e\u00edm ud\u011blat<br \/>\nProst\u011b t\u011b chci ud\u011blat py\u0161n\u00fdm<br \/>\nNikdy pro tebe nebudu dost dobr\u00fd<br \/>\nNem\u016f\u017eu vyst\u00e1t dal\u0161\u00ed boj<br \/>\nA nic nen\u00ed v po\u0159\u00e1dku<\/center><\/p>\n<p><center>Nic nezm\u011bn\u00ed v\u011bci, kter\u00e9 jsi \u0159ekl<br \/>\nNic tohle nedok\u00e1\u017ee znovu napravit<br \/>\nPros\u00edm neot\u00e1\u010dej se z\u00e1dy<br \/>\nNem\u016f\u017eu uv\u011b\u0159it, \u017ee je t\u011b\u017ek\u00e9 jen s tebou mluvit<br \/>\nProto\u017ee ty tomu nerozum\u00ed\u0161<br \/>\n<\/center>\n<\/div>\n<div class=\"fblikebutton_button\" style=\"float: left; padding-top: 20px; margin-right: 20px; padding-bottom: 20px; padding-left: 20px;\"><iframe src=\"http:\/\/www.facebook.com\/plugins\/like.php?href=https%3A%2F%2Fwww.simpleplan.cz%2Fcz%2Findex.php%2Fkapela%2Fdiskografie%2Fperfect%2F&amp;layout=standard&amp;show-faces=false&amp;width=450&amp;action=like&amp;colorscheme=light\" scrolling=\"no\" frameborder=\"0\" allowTransparency=\"true\" style=\"border:none; overflow:hidden; width:450px; height:26px\"><\/iframe><\/div>\n","protected":false},"excerpt":{"rendered":"<p>Z\u00e1kladn\u00ed info Album: No Pads, No Helmets&#8230;Just Balls Auto\u0159i textu: Pierre Bouvier, Chuck Comeau D\u00e9lka<\/p>\n","protected":false},"author":5,"featured_media":0,"parent":5273,"menu_order":0,"comment_status":"open","ping_status":"open","template":"page-templates\/full-width.php","meta":{"footnotes":""},"yoast_head":"<!-- This site is optimized with the Yoast SEO plugin v20.9 - https:\/\/yoast.com\/wordpress\/plugins\/seo\/ -->\n<title>Perfect | CZ: SimplePlan.cz<\/title>\n<meta name=\"robots\" content=\"index, follow, max-snippet:-1, max-image-preview:large, max-video-preview:-1\" \/>\n<link rel=\"canonical\" href=\"https:\/\/www.simpleplan.cz\/cz\/index.php\/kapela\/diskografie\/perfect\/\" \/>\n<meta property=\"og:locale\" content=\"cs_CZ\" \/>\n<meta property=\"og:type\" content=\"article\" \/>\n<meta property=\"og:title\" content=\"Perfect | CZ: SimplePlan.cz\" \/>\n<meta property=\"og:description\" content=\"Z\u00e1kladn\u00ed info Album: No Pads, No Helmets&#8230;Just Balls Auto\u0159i textu: Pierre Bouvier, Chuck Comeau D\u00e9lka\" \/>\n<meta property=\"og:url\" content=\"https:\/\/www.simpleplan.cz\/cz\/index.php\/kapela\/diskografie\/perfect\/\" \/>\n<meta property=\"og:site_name\" content=\"CZ: SimplePlan.cz\" \/>\n<meta property=\"article:publisher\" content=\"http:\/\/www.facebook.com\/simpleplancz\" \/>\n<meta property=\"article:modified_time\" content=\"2023-06-26T07:29:57+00:00\" \/>\n<meta property=\"og:image\" content=\"http:\/\/www.simpleplan.cz\/cz\/wp-content\/uploads\/logo.gif\" \/>\n<meta name=\"twitter:card\" content=\"summary_large_image\" \/>\n<meta name=\"twitter:site\" content=\"@simpleplancz\" \/>\n<meta name=\"twitter:label1\" content=\"Odhadovan\u00e1 doba \u010dten\u00ed\" \/>\n\t<meta name=\"twitter:data1\" content=\"4 minuty\" \/>\n<script type=\"application\/ld+json\" class=\"yoast-schema-graph\">{\"@context\":\"https:\/\/schema.org\",\"@graph\":[{\"@type\":\"WebPage\",\"@id\":\"https:\/\/www.simpleplan.cz\/cz\/index.php\/kapela\/diskografie\/perfect\/\",\"url\":\"https:\/\/www.simpleplan.cz\/cz\/index.php\/kapela\/diskografie\/perfect\/\",\"name\":\"Perfect | CZ: SimplePlan.cz\",\"isPartOf\":{\"@id\":\"https:\/\/www.simpleplan.cz\/cz\/#website\"},\"datePublished\":\"2013-07-07T18:30:14+00:00\",\"dateModified\":\"2023-06-26T07:29:57+00:00\",\"breadcrumb\":{\"@id\":\"https:\/\/www.simpleplan.cz\/cz\/index.php\/kapela\/diskografie\/perfect\/#breadcrumb\"},\"inLanguage\":\"cs\",\"potentialAction\":[{\"@type\":\"ReadAction\",\"target\":[\"https:\/\/www.simpleplan.cz\/cz\/index.php\/kapela\/diskografie\/perfect\/\"]}]},{\"@type\":\"BreadcrumbList\",\"@id\":\"https:\/\/www.simpleplan.cz\/cz\/index.php\/kapela\/diskografie\/perfect\/#breadcrumb\",\"itemListElement\":[{\"@type\":\"ListItem\",\"position\":1,\"name\":\"Dom\u016f\",\"item\":\"https:\/\/www.simpleplan.cz\/cz\/\"},{\"@type\":\"ListItem\",\"position\":2,\"name\":\"Kapela\",\"item\":\"https:\/\/www.simpleplan.cz\/cz\/index.php\/kapela\/\"},{\"@type\":\"ListItem\",\"position\":3,\"name\":\"Diskografie\",\"item\":\"https:\/\/www.simpleplan.cz\/cz\/index.php\/kapela\/diskografie\/\"},{\"@type\":\"ListItem\",\"position\":4,\"name\":\"Perfect\"}]},{\"@type\":\"WebSite\",\"@id\":\"https:\/\/www.simpleplan.cz\/cz\/#website\",\"url\":\"https:\/\/www.simpleplan.cz\/cz\/\",\"name\":\"CZ: SimplePlan.cz\",\"description\":\"Nejlep\u0161\u00ed zdroj informac\u00ed o kapele Simple Plan\",\"publisher\":{\"@id\":\"https:\/\/www.simpleplan.cz\/cz\/#organization\"},\"potentialAction\":[{\"@type\":\"SearchAction\",\"target\":{\"@type\":\"EntryPoint\",\"urlTemplate\":\"https:\/\/www.simpleplan.cz\/cz\/?s={search_term_string}\"},\"query-input\":\"required name=search_term_string\"}],\"inLanguage\":\"cs\"},{\"@type\":\"Organization\",\"@id\":\"https:\/\/www.simpleplan.cz\/cz\/#organization\",\"name\":\"CZ: SimplePlan.cz\",\"url\":\"https:\/\/www.simpleplan.cz\/cz\/\",\"logo\":{\"@type\":\"ImageObject\",\"inLanguage\":\"cs\",\"@id\":\"https:\/\/www.simpleplan.cz\/cz\/#\/schema\/logo\/image\/\",\"url\":\"https:\/\/www.simpleplan.cz\/cz\/wp-content\/uploads\/spczlogo.png\",\"contentUrl\":\"https:\/\/www.simpleplan.cz\/cz\/wp-content\/uploads\/spczlogo.png\",\"width\":250,\"height\":190,\"caption\":\"CZ: SimplePlan.cz\"},\"image\":{\"@id\":\"https:\/\/www.simpleplan.cz\/cz\/#\/schema\/logo\/image\/\"},\"sameAs\":[\"http:\/\/www.facebook.com\/simpleplancz\",\"https:\/\/twitter.com\/simpleplancz\",\"http:\/\/www.instagram.com\/simpleplancz\",\"http:\/\/www.youtube.com\/simpleplancz\"]}]}<\/script>\n<!-- \/ Yoast SEO plugin. -->","yoast_head_json":{"title":"Perfect | CZ: SimplePlan.cz","robots":{"index":"index","follow":"follow","max-snippet":"max-snippet:-1","max-image-preview":"max-image-preview:large","max-video-preview":"max-video-preview:-1"},"canonical":"https:\/\/www.simpleplan.cz\/cz\/index.php\/kapela\/diskografie\/perfect\/","og_locale":"cs_CZ","og_type":"article","og_title":"Perfect | CZ: SimplePlan.cz","og_description":"Z\u00e1kladn\u00ed info Album: No Pads, No Helmets&#8230;Just Balls Auto\u0159i textu: Pierre Bouvier, Chuck Comeau D\u00e9lka","og_url":"https:\/\/www.simpleplan.cz\/cz\/index.php\/kapela\/diskografie\/perfect\/","og_site_name":"CZ: SimplePlan.cz","article_publisher":"http:\/\/www.facebook.com\/simpleplancz","article_modified_time":"2023-06-26T07:29:57+00:00","og_image":[{"url":"http:\/\/www.simpleplan.cz\/cz\/wp-content\/uploads\/logo.gif"}],"twitter_card":"summary_large_image","twitter_site":"@simpleplancz","twitter_misc":{"Odhadovan\u00e1 doba \u010dten\u00ed":"4 minuty"},"schema":{"@context":"https:\/\/schema.org","@graph":[{"@type":"WebPage","@id":"https:\/\/www.simpleplan.cz\/cz\/index.php\/kapela\/diskografie\/perfect\/","url":"https:\/\/www.simpleplan.cz\/cz\/index.php\/kapela\/diskografie\/perfect\/","name":"Perfect | CZ: SimplePlan.cz","isPartOf":{"@id":"https:\/\/www.simpleplan.cz\/cz\/#website"},"datePublished":"2013-07-07T18:30:14+00:00","dateModified":"2023-06-26T07:29:57+00:00","breadcrumb":{"@id":"https:\/\/www.simpleplan.cz\/cz\/index.php\/kapela\/diskografie\/perfect\/#breadcrumb"},"inLanguage":"cs","potentialAction":[{"@type":"ReadAction","target":["https:\/\/www.simpleplan.cz\/cz\/index.php\/kapela\/diskografie\/perfect\/"]}]},{"@type":"BreadcrumbList","@id":"https:\/\/www.simpleplan.cz\/cz\/index.php\/kapela\/diskografie\/perfect\/#breadcrumb","itemListElement":[{"@type":"ListItem","position":1,"name":"Dom\u016f","item":"https:\/\/www.simpleplan.cz\/cz\/"},{"@type":"ListItem","position":2,"name":"Kapela","item":"https:\/\/www.simpleplan.cz\/cz\/index.php\/kapela\/"},{"@type":"ListItem","position":3,"name":"Diskografie","item":"https:\/\/www.simpleplan.cz\/cz\/index.php\/kapela\/diskografie\/"},{"@type":"ListItem","position":4,"name":"Perfect"}]},{"@type":"WebSite","@id":"https:\/\/www.simpleplan.cz\/cz\/#website","url":"https:\/\/www.simpleplan.cz\/cz\/","name":"CZ: SimplePlan.cz","description":"Nejlep\u0161\u00ed zdroj informac\u00ed o kapele Simple Plan","publisher":{"@id":"https:\/\/www.simpleplan.cz\/cz\/#organization"},"potentialAction":[{"@type":"SearchAction","target":{"@type":"EntryPoint","urlTemplate":"https:\/\/www.simpleplan.cz\/cz\/?s={search_term_string}"},"query-input":"required name=search_term_string"}],"inLanguage":"cs"},{"@type":"Organization","@id":"https:\/\/www.simpleplan.cz\/cz\/#organization","name":"CZ: SimplePlan.cz","url":"https:\/\/www.simpleplan.cz\/cz\/","logo":{"@type":"ImageObject","inLanguage":"cs","@id":"https:\/\/www.simpleplan.cz\/cz\/#\/schema\/logo\/image\/","url":"https:\/\/www.simpleplan.cz\/cz\/wp-content\/uploads\/spczlogo.png","contentUrl":"https:\/\/www.simpleplan.cz\/cz\/wp-content\/uploads\/spczlogo.png","width":250,"height":190,"caption":"CZ: SimplePlan.cz"},"image":{"@id":"https:\/\/www.simpleplan.cz\/cz\/#\/schema\/logo\/image\/"},"sameAs":["http:\/\/www.facebook.com\/simpleplancz","https:\/\/twitter.com\/simpleplancz","http:\/\/www.instagram.com\/simpleplancz","http:\/\/www.youtube.com\/simpleplancz"]}]}},"_links":{"self":[{"href":"https:\/\/www.simpleplan.cz\/cz\/index.php\/wp-json\/wp\/v2\/pages\/13460"}],"collection":[{"href":"https:\/\/www.simpleplan.cz\/cz\/index.php\/wp-json\/wp\/v2\/pages"}],"about":[{"href":"https:\/\/www.simpleplan.cz\/cz\/index.php\/wp-json\/wp\/v2\/types\/page"}],"author":[{"embeddable":true,"href":"https:\/\/www.simpleplan.cz\/cz\/index.php\/wp-json\/wp\/v2\/users\/5"}],"replies":[{"embeddable":true,"href":"https:\/\/www.simpleplan.cz\/cz\/index.php\/wp-json\/wp\/v2\/comments?post=13460"}],"version-history":[{"count":7,"href":"https:\/\/www.simpleplan.cz\/cz\/index.php\/wp-json\/wp\/v2\/pages\/13460\/revisions"}],"predecessor-version":[{"id":33070,"href":"https:\/\/www.simpleplan.cz\/cz\/index.php\/wp-json\/wp\/v2\/pages\/13460\/revisions\/33070"}],"up":[{"embeddable":true,"href":"https:\/\/www.simpleplan.cz\/cz\/index.php\/wp-json\/wp\/v2\/pages\/5273"}],"wp:attachment":[{"href":"https:\/\/www.simpleplan.cz\/cz\/index.php\/wp-json\/wp\/v2\/media?parent=13460"}],"curies":[{"name":"wp","href":"https:\/\/api.w.org\/{rel}","templated":true}]}}