{"id":13630,"date":"2013-08-12T14:07:00","date_gmt":"2013-08-12T12:07:00","guid":{"rendered":"http:\/\/www.simpleplan.cz\/cz\/?page_id=13630"},"modified":"2023-06-26T09:30:17","modified_gmt":"2023-06-26T07:30:17","slug":"man-of-the-hour-10-serie","status":"publish","type":"page","link":"https:\/\/www.simpleplan.cz\/cz\/index.php\/kapela\/vedlejsi-projekty\/man-of-the-hour\/man-of-the-hour-10-serie\/","title":{"rendered":"Man Of The Hour &#8211; 10. s\u00e9rie"},"content":{"rendered":"<div class=\"pagecontent\">\n<center><img decoding=\"async\" src=\"http:\/\/www.simpleplan.cz\/images\/moth_s10_l.gif\"\/><\/center><\/p>\n<div class=\"girls\"><b><u>1. epizoda 10. s\u00e9rie (s10e01)<\/u><\/b><\/div>\n<p><b>Datum vyd\u00e1n\u00ed:<\/b> 21. prosince 2011<br \/>\n<b>D\u00e9lka epizody:<\/b> 31 minut<br \/>\n<b>Download:<\/b> <a href=\"http:\/\/manofthehour.ca\/episode-s10e01\/\" target=\"_blank\" rel=\"noopener\">zde<\/a><br \/>\n<b>Obsa\u017een\u00e9 p\u00edsn\u011b:<\/b><\/p>\n<p>1. Hedley &#8211; One Life<br \/>\n2. Gym Class Heroes &#8211; The Fighter<br \/>\n3. Down With Webster &#8211; Staring At The Sun<br \/>\n4. Beirut &#8211; A Candle&#8217;s Fire<\/p>\n<p><b>+<\/b> co maj\u00ed v\u0161ichni s dubstepem, je to &#8222;US Weekly&#8220; nebo &#8222;us weekly&#8220;, SP jedou zp\u00e1tky do Japonska, inner space\/outer space, dosp\u011bl\u00e1ck\u00e9 vtipy o panence Codyho Simpsona<\/p>\n<div class=\"girls\"><b><u>2. epizoda 10. s\u00e9rie (s10e02)<\/u><\/b><\/div>\n<p><b>Datum vyd\u00e1n\u00ed:<\/b> 28. prosince 2011<br \/>\n<b>D\u00e9lka epizody:<\/b> 33 minut<br \/>\n<b>Download:<\/b> <a href=\"http:\/\/manofthehour.ca\/episode-s10e02\/\" target=\"_blank\" rel=\"noopener\">zde<\/a><br \/>\n<b>Obsa\u017een\u00e9 p\u00edsn\u011b:<\/b><\/p>\n<p>1. Angels &#038; Airwaves &#8211; Saturday Love<br \/>\n2. Marianas Trench &#8211; Haven&#8217;t Had Enough<br \/>\n3. Rihanna &#8211; Drunk On Love<br \/>\n4. M83 &#8211; Midnight City<\/p>\n<p><b>+<\/b> Pat m\u00e1 nov\u00fd gau\u010d, historky z kasina, v\u011brohodn\u00e9 zv\u011bsti &#8211; #MOTHrumors, autocorrect: hokej ve spodn\u00edm pr\u00e1dle<\/p>\n<div class=\"girls\"><b><u>3. epizoda 10. s\u00e9rie (s10e03)<\/u><\/b><\/div>\n<p><b>Datum vyd\u00e1n\u00ed:<\/b> 4. ledna 2012<br \/>\n<b>D\u00e9lka epizody:<\/b> 30 minut<br \/>\n<b>Download:<\/b> <a href=\"http:\/\/manofthehour.ca\/episode-s10e03\/\" target=\"_blank\" rel=\"noopener\">zde<\/a><br \/>\n<b>Obsa\u017een\u00e9 p\u00edsn\u011b:<\/b><\/p>\n<p>1. The Roots &#8211; Make My<br \/>\n2. Florence + The Machine &#8211; Only If For A Night<br \/>\n3. Lagwagon &#8211; Kids Don&#8217;t Like To Share<br \/>\n4. Foster The People &#8211; Helena Beat<\/p>\n<p><b>+<\/b> nenastane konec sv\u011bta, to nejlep\u0161\u00ed z roku 2011, SP x OSM, lid\u00e9, co kontroluj\u00ed datum spot\u0159eby, Chuck mimikuje buben\u00edka Strung Out, #MOTHfreakout, Pat nen\u00ed \u017e\u00e1dn\u00fd marketingov\u00fd guru<\/p>\n<div class=\"girls\"><b><u>4. epizoda 10. s\u00e9rie (s10e04)<\/u><\/b><\/div>\n<p><b>Datum vyd\u00e1n\u00ed:<\/b> 11. ledna 2012<br \/>\n<b>D\u00e9lka epizody:<\/b> 33 minut<br \/>\n<b>Download:<\/b> <a href=\"http:\/\/manofthehour.ca\/episode-s10e04\/\" target=\"_blank\" rel=\"noopener\">zde<\/a><br \/>\n<b>Obsa\u017een\u00e9 p\u00edsn\u011b:<\/b><\/p>\n<p>1. The All-American Rejects &#8211; Someday&#8217;s Gone<br \/>\n2. B.o.B. &#8211; Wrong<br \/>\n3. The Fray &#8211; The Fighter<br \/>\n4. The Black Keys &#8211; Lonely Boys<\/p>\n<p><b>+<\/b> p\u0159edto\u010den\u00e1 show &#8211; Seb je v Japonsku, neti pots zab\u00edjej\u00ed lidi, Patrick nem\u00e1 r\u00e1d leden, v\u0161ichni mluv\u00ed o Tyler The Creator, #MOTHmaterial, Yelawolf: &#8222;Hey, j\u00e1 jsem Yelawolf!&#8220; Chuck: &#8222;Jak\u017ee se jmenuje\u0161?&#8220; Yelawolf: &#8222;Michael&#8230;&#8220;, ne\u0159\u00edkejte Marky Markovi &#8211; Marky Mark, setk\u00e1n\u00ed s Vanilla Ice, #MOTHrumors<\/p>\n<div class=\"girls\"><b><u>5. epizoda 10. s\u00e9rie (s10e05)<\/u><\/b><\/div>\n<p><b>Datum vyd\u00e1n\u00ed:<\/b> 18. ledna 2012<br \/>\n<b>D\u00e9lka epizody:<\/b> 31 minut<br \/>\n<b>Download:<\/b> <a href=\"http:\/\/manofthehour.ca\/episode-s10e05\/\" target=\"_blank\" rel=\"noopener\">zde<\/a><br \/>\n<b>Obsa\u017een\u00e9 p\u00edsn\u011b:<\/b><\/p>\n<p>1. Nation Ruckus &#8211; Say What<br \/>\n2. All Time Low &#8211; Time Bomb<br \/>\n3. Bush &#8211; The Sound Of Winter<br \/>\n4. Lana Del Rey &#8211; Videogames<\/p>\n<p><b>+<\/b> s\u00e9rie X, zp\u00edv\u00e1n\u00ed nem\u00e1 \u017e\u00e1dn\u00fd p\u0159\u00edzvuk, jak\u00fdm jazykem se mluv\u00ed v Indon\u00e9sii, kdo je v\u00e1\u0161 n\u011bjobl\u00edben\u011bj\u0161\u00ed #MOTHcharacter, Pat jako kluk ukl\u00edzel d\u016fm sv\u00fdch rodi\u010d\u016f za pen\u00edze<\/p>\n<div class=\"girls\"><b><u>6. epizoda 10. s\u00e9rie (s10e06)<\/u><\/b><\/div>\n<p><b>Datum vyd\u00e1n\u00ed:<\/b> 25. ledna 2012<br \/>\n<b>D\u00e9lka epizody:<\/b> 29 minut<br \/>\n<b>Download:<\/b> <a href=\"http:\/\/manofthehour.ca\/episode-s10e06\/\" target=\"_blank\" rel=\"noopener\">zde<\/a><br \/>\n<b>Obsa\u017een\u00e9 p\u00edsn\u011b:<\/b><\/p>\n<p>1. We The Kings &#8211; Say You Like Me<br \/>\n2. Korn &#8211; Get Up<br \/>\n3. 3OH!3 &#8211; Dirty Mind<br \/>\n4. Cartel &#8211; Lessons In Love<\/p>\n<p><b>+<\/b> jedin\u00e9, co Pat dok\u00e1\u017ee \u0159\u00edct v japon\u0161tin\u011b, star\u00e9 historky o Simple Plan\/GOB &#8211; koup\u00edme v\u00e1m kasino, jak p\u0159ij\u00edt na super jm\u00e9no pro kapelu &#8211; dejte do klobouku n\u00e1hodn\u00e1 slova a tahejte, Korn vzali n\u00e1zev zeleniny &#8211; zm\u011bnili C v K a nejednou to zn\u011blo metalov\u011b, #MOTHbandnames, jak se Pat a Chuck ztratili v Japonsku, Sloppy Don<\/p>\n<div class=\"girls\"><b><u>7. epizoda 10. s\u00e9rie (s10e07)<\/u><\/b><\/div>\n<p><b>Datum vyd\u00e1n\u00ed:<\/b> 1. \u00fanora 2012<br \/>\n<b>D\u00e9lka epizody:<\/b> 33 minut<br \/>\n<b>Download:<\/b> <a href=\"http:\/\/manofthehour.ca\/episode-s10e07\/\" target=\"_blank\" rel=\"noopener\">zde<\/a><br \/>\n<b>Obsa\u017een\u00e9 p\u00edsn\u011b:<\/b><\/p>\n<p>1. These Kids Wear Crowns &#8211; Lifetime<br \/>\n2. Mac Miller &#8211; Knock Knock<br \/>\n3. K&#8217;Naan &#8211; Better<br \/>\n4. Ed Shieran &#8211; Lego House<\/p>\n<p><b>+<\/b> zp\u00e1tky spolu, studen\u00e9 Japonsko, \u017e\u00e1dn\u00e9 mimosov\u00e1 story, Pat\u016fv rozbit\u00fd notebook, kde vzala Tantri Kotak tolik follower\u016f na Twitteru, #MOTHrumors<\/p>\n<div class=\"girls\"><b><u>8. epizoda 10. s\u00e9rie (s10e08)<\/u><\/b><\/div>\n<p><b>Datum vyd\u00e1n\u00ed:<\/b> 8. \u00fanora 2012<br \/>\n<b>D\u00e9lka epizody:<\/b> 34 minut<br \/>\n<b>Download:<\/b> <a href=\"http:\/\/manofthehour.ca\/episode-s10e08\/\" target=\"_blank\" rel=\"noopener\">zde<\/a><br \/>\n<b>Obsa\u017een\u00e9 p\u00edsn\u011b:<\/b><\/p>\n<p>1. The All-American Rejects &#8211; Beekeeper&#8217;s Daughter<br \/>\n2. Silverstein &#8211; Sick As Your Secrets<br \/>\n3. Silverstein &#8211; Sin &#038; Redemption<br \/>\n4. Silverstein &#8211; The Ballad Of Wilhelm Fink<br \/>\n5. Blink 182 &#8211; After Midnight<br \/>\n6. Twin Berlin &#8211; Can&#8217;t Take, Take, Take<\/p>\n<p><b>+<\/b> 25 poslucha\u010d\u016f, TY v\u00ed\u0161, Pat je ma\u0161inou na karaoke, #spicegirlsMOTH, tohle r\u00e1dio pot\u0159ebuje \u0161ejkr, Lights je velk\u00fd nerd, Travis Barker mus\u00ed na turn\u00e9 cestovat lod\u00ed, Punk&#8217;d je zombie show<\/p>\n<div class=\"girls\"><b><u>9. epizoda 10. s\u00e9rie (s10e09)<\/u><\/b><\/div>\n<p><b>Datum vyd\u00e1n\u00ed:<\/b> 15. \u00fanora 2012<br \/>\n<b>D\u00e9lka epizody:<\/b> 35 minut<br \/>\n<b>Download:<\/b> <a href=\"http:\/\/manofthehour.ca\/episode-s10e09\/\" target=\"_blank\" rel=\"noopener\">zde<\/a><br \/>\n<b>Obsa\u017een\u00e9 p\u00edsn\u011b:<\/b><\/p>\n<p>1. The Gaslight Anthem &#8211; Baba O&#8217;Riley<br \/>\n2. Evan Taubenfeld &#8211; Best Years Of Our Lives<br \/>\n3. Foxy Shazam &#8211; I Like It<br \/>\n4. Awolnation &#8211; Not Your Fault<\/p>\n<p><b>+<\/b> Pat m\u00e1 slavn\u00e9 p\u0159\u00e1tele, Pat a v\u0161echno, co se jmenuje PJ, Evanovy kouzelnick\u00e9 triky na p\u00f3diu, Pat u\u017e nezn\u00e1 dne\u0161n\u00ed cool kapely na Warped Tour, <\/p>\n<div class=\"girls\"><b><u>10. epizoda 10. s\u00e9rie (s10e10)<\/u><\/b><\/div>\n<p><b>Datum vyd\u00e1n\u00ed:<\/b> 7. b\u0159ezna 2012<br \/>\n<b>D\u00e9lka epizody:<\/b> 46 minut<br \/>\n<b>Download:<\/b> <a href=\"http:\/\/manofthehour.ca\/episode-s10e10\/\" target=\"_blank\" rel=\"noopener\">zde<\/a><br \/>\n<b>Obsa\u017een\u00e9 p\u00edsn\u011b:<\/b><\/p>\n<p>1. Fun. &#8211; We Are Young<br \/>\n2. The Menzingers &#8211; Mexican Guitars<br \/>\n3. The Maine &#8211; Misery<br \/>\n4. Courage My Love &#8211; Barricade<br \/>\n5. We Are The Incrowd &#8211; Rumor Mill<\/p>\n<p><b>+<\/b> v minul\u00e9m d\u00edle MOTH jste sly\u0161eli, recenze filmu John Carter, v\u00fdhody a nev\u00fdhody kanadsk\u00e9ho turn\u00e9 Simple Plan, recenze film\u016f Hugo a Kocour v bot\u00e1ch, fale\u0161n\u00fd telefon\u00e1t od &#8222;Rogera&#8220;, nezptejte se kapel, odkud vzali svoje jm\u00e9no, nadch\u00e1zej\u00edc\u00ed evropsk\u00e9 turn\u00e9\n<\/div>\n<div class=\"fblikebutton_button\" style=\"float: left; padding-top: 20px; margin-right: 20px; padding-bottom: 20px; padding-left: 20px;\"><iframe src=\"http:\/\/www.facebook.com\/plugins\/like.php?href=https%3A%2F%2Fwww.simpleplan.cz%2Fcz%2Findex.php%2Fkapela%2Fvedlejsi-projekty%2Fman-of-the-hour%2Fman-of-the-hour-10-serie%2F&amp;layout=standard&amp;show-faces=false&amp;width=450&amp;action=like&amp;colorscheme=light\" scrolling=\"no\" frameborder=\"0\" allowTransparency=\"true\" style=\"border:none; overflow:hidden; width:450px; height:26px\"><\/iframe><\/div>\n","protected":false},"excerpt":{"rendered":"<p>1. epizoda 10. s\u00e9rie (s10e01) Datum vyd\u00e1n\u00ed: 21. prosince 2011 D\u00e9lka epizody: 31 minut Download:<\/p>\n","protected":false},"author":5,"featured_media":0,"parent":5432,"menu_order":0,"comment_status":"open","ping_status":"open","template":"","meta":{"footnotes":""},"yoast_head":"<!-- This site is optimized with the Yoast SEO plugin v20.9 - https:\/\/yoast.com\/wordpress\/plugins\/seo\/ -->\n<title>Man Of The Hour - 10. s\u00e9rie | CZ: SimplePlan.cz<\/title>\n<meta name=\"robots\" content=\"index, follow, max-snippet:-1, max-image-preview:large, max-video-preview:-1\" \/>\n<link rel=\"canonical\" href=\"https:\/\/www.simpleplan.cz\/cz\/index.php\/kapela\/vedlejsi-projekty\/man-of-the-hour\/man-of-the-hour-10-serie\/\" \/>\n<meta property=\"og:locale\" content=\"cs_CZ\" \/>\n<meta property=\"og:type\" content=\"article\" \/>\n<meta property=\"og:title\" content=\"Man Of The Hour - 10. s\u00e9rie | CZ: SimplePlan.cz\" \/>\n<meta property=\"og:description\" content=\"1. epizoda 10. s\u00e9rie (s10e01) Datum vyd\u00e1n\u00ed: 21. prosince 2011 D\u00e9lka epizody: 31 minut Download:\" \/>\n<meta property=\"og:url\" content=\"https:\/\/www.simpleplan.cz\/cz\/index.php\/kapela\/vedlejsi-projekty\/man-of-the-hour\/man-of-the-hour-10-serie\/\" \/>\n<meta property=\"og:site_name\" content=\"CZ: SimplePlan.cz\" \/>\n<meta property=\"article:publisher\" content=\"http:\/\/www.facebook.com\/simpleplancz\" \/>\n<meta property=\"article:modified_time\" content=\"2023-06-26T07:30:17+00:00\" \/>\n<meta property=\"og:image\" content=\"http:\/\/www.simpleplan.cz\/images\/moth_s10_l.gif\" \/>\n<meta name=\"twitter:card\" content=\"summary_large_image\" \/>\n<meta name=\"twitter:site\" content=\"@simpleplancz\" \/>\n<meta name=\"twitter:label1\" content=\"Odhadovan\u00e1 doba \u010dten\u00ed\" \/>\n\t<meta name=\"twitter:data1\" content=\"4 minuty\" \/>\n<script type=\"application\/ld+json\" class=\"yoast-schema-graph\">{\"@context\":\"https:\/\/schema.org\",\"@graph\":[{\"@type\":\"WebPage\",\"@id\":\"https:\/\/www.simpleplan.cz\/cz\/index.php\/kapela\/vedlejsi-projekty\/man-of-the-hour\/man-of-the-hour-10-serie\/\",\"url\":\"https:\/\/www.simpleplan.cz\/cz\/index.php\/kapela\/vedlejsi-projekty\/man-of-the-hour\/man-of-the-hour-10-serie\/\",\"name\":\"Man Of The Hour - 10. s\u00e9rie | CZ: SimplePlan.cz\",\"isPartOf\":{\"@id\":\"https:\/\/www.simpleplan.cz\/cz\/#website\"},\"datePublished\":\"2013-08-12T12:07:00+00:00\",\"dateModified\":\"2023-06-26T07:30:17+00:00\",\"breadcrumb\":{\"@id\":\"https:\/\/www.simpleplan.cz\/cz\/index.php\/kapela\/vedlejsi-projekty\/man-of-the-hour\/man-of-the-hour-10-serie\/#breadcrumb\"},\"inLanguage\":\"cs\",\"potentialAction\":[{\"@type\":\"ReadAction\",\"target\":[\"https:\/\/www.simpleplan.cz\/cz\/index.php\/kapela\/vedlejsi-projekty\/man-of-the-hour\/man-of-the-hour-10-serie\/\"]}]},{\"@type\":\"BreadcrumbList\",\"@id\":\"https:\/\/www.simpleplan.cz\/cz\/index.php\/kapela\/vedlejsi-projekty\/man-of-the-hour\/man-of-the-hour-10-serie\/#breadcrumb\",\"itemListElement\":[{\"@type\":\"ListItem\",\"position\":1,\"name\":\"Dom\u016f\",\"item\":\"https:\/\/www.simpleplan.cz\/cz\/\"},{\"@type\":\"ListItem\",\"position\":2,\"name\":\"Kapela\",\"item\":\"https:\/\/www.simpleplan.cz\/cz\/index.php\/kapela\/\"},{\"@type\":\"ListItem\",\"position\":3,\"name\":\"Vedlej\u0161\u00ed projekty\",\"item\":\"https:\/\/www.simpleplan.cz\/cz\/index.php\/kapela\/vedlejsi-projekty\/\"},{\"@type\":\"ListItem\",\"position\":4,\"name\":\"Man Of The Hour\",\"item\":\"https:\/\/www.simpleplan.cz\/cz\/index.php\/kapela\/vedlejsi-projekty\/man-of-the-hour\/\"},{\"@type\":\"ListItem\",\"position\":5,\"name\":\"Man Of The Hour &#8211; 10. s\u00e9rie\"}]},{\"@type\":\"WebSite\",\"@id\":\"https:\/\/www.simpleplan.cz\/cz\/#website\",\"url\":\"https:\/\/www.simpleplan.cz\/cz\/\",\"name\":\"CZ: SimplePlan.cz\",\"description\":\"Nejlep\u0161\u00ed zdroj informac\u00ed o kapele Simple Plan\",\"publisher\":{\"@id\":\"https:\/\/www.simpleplan.cz\/cz\/#organization\"},\"potentialAction\":[{\"@type\":\"SearchAction\",\"target\":{\"@type\":\"EntryPoint\",\"urlTemplate\":\"https:\/\/www.simpleplan.cz\/cz\/?s={search_term_string}\"},\"query-input\":\"required name=search_term_string\"}],\"inLanguage\":\"cs\"},{\"@type\":\"Organization\",\"@id\":\"https:\/\/www.simpleplan.cz\/cz\/#organization\",\"name\":\"CZ: SimplePlan.cz\",\"url\":\"https:\/\/www.simpleplan.cz\/cz\/\",\"logo\":{\"@type\":\"ImageObject\",\"inLanguage\":\"cs\",\"@id\":\"https:\/\/www.simpleplan.cz\/cz\/#\/schema\/logo\/image\/\",\"url\":\"https:\/\/www.simpleplan.cz\/cz\/wp-content\/uploads\/spczlogo.png\",\"contentUrl\":\"https:\/\/www.simpleplan.cz\/cz\/wp-content\/uploads\/spczlogo.png\",\"width\":250,\"height\":190,\"caption\":\"CZ: SimplePlan.cz\"},\"image\":{\"@id\":\"https:\/\/www.simpleplan.cz\/cz\/#\/schema\/logo\/image\/\"},\"sameAs\":[\"http:\/\/www.facebook.com\/simpleplancz\",\"https:\/\/twitter.com\/simpleplancz\",\"http:\/\/www.instagram.com\/simpleplancz\",\"http:\/\/www.youtube.com\/simpleplancz\"]}]}<\/script>\n<!-- \/ Yoast SEO plugin. -->","yoast_head_json":{"title":"Man Of The Hour - 10. s\u00e9rie | CZ: SimplePlan.cz","robots":{"index":"index","follow":"follow","max-snippet":"max-snippet:-1","max-image-preview":"max-image-preview:large","max-video-preview":"max-video-preview:-1"},"canonical":"https:\/\/www.simpleplan.cz\/cz\/index.php\/kapela\/vedlejsi-projekty\/man-of-the-hour\/man-of-the-hour-10-serie\/","og_locale":"cs_CZ","og_type":"article","og_title":"Man Of The Hour - 10. s\u00e9rie | CZ: SimplePlan.cz","og_description":"1. epizoda 10. s\u00e9rie (s10e01) Datum vyd\u00e1n\u00ed: 21. prosince 2011 D\u00e9lka epizody: 31 minut Download:","og_url":"https:\/\/www.simpleplan.cz\/cz\/index.php\/kapela\/vedlejsi-projekty\/man-of-the-hour\/man-of-the-hour-10-serie\/","og_site_name":"CZ: SimplePlan.cz","article_publisher":"http:\/\/www.facebook.com\/simpleplancz","article_modified_time":"2023-06-26T07:30:17+00:00","og_image":[{"url":"http:\/\/www.simpleplan.cz\/images\/moth_s10_l.gif"}],"twitter_card":"summary_large_image","twitter_site":"@simpleplancz","twitter_misc":{"Odhadovan\u00e1 doba \u010dten\u00ed":"4 minuty"},"schema":{"@context":"https:\/\/schema.org","@graph":[{"@type":"WebPage","@id":"https:\/\/www.simpleplan.cz\/cz\/index.php\/kapela\/vedlejsi-projekty\/man-of-the-hour\/man-of-the-hour-10-serie\/","url":"https:\/\/www.simpleplan.cz\/cz\/index.php\/kapela\/vedlejsi-projekty\/man-of-the-hour\/man-of-the-hour-10-serie\/","name":"Man Of The Hour - 10. s\u00e9rie | CZ: SimplePlan.cz","isPartOf":{"@id":"https:\/\/www.simpleplan.cz\/cz\/#website"},"datePublished":"2013-08-12T12:07:00+00:00","dateModified":"2023-06-26T07:30:17+00:00","breadcrumb":{"@id":"https:\/\/www.simpleplan.cz\/cz\/index.php\/kapela\/vedlejsi-projekty\/man-of-the-hour\/man-of-the-hour-10-serie\/#breadcrumb"},"inLanguage":"cs","potentialAction":[{"@type":"ReadAction","target":["https:\/\/www.simpleplan.cz\/cz\/index.php\/kapela\/vedlejsi-projekty\/man-of-the-hour\/man-of-the-hour-10-serie\/"]}]},{"@type":"BreadcrumbList","@id":"https:\/\/www.simpleplan.cz\/cz\/index.php\/kapela\/vedlejsi-projekty\/man-of-the-hour\/man-of-the-hour-10-serie\/#breadcrumb","itemListElement":[{"@type":"ListItem","position":1,"name":"Dom\u016f","item":"https:\/\/www.simpleplan.cz\/cz\/"},{"@type":"ListItem","position":2,"name":"Kapela","item":"https:\/\/www.simpleplan.cz\/cz\/index.php\/kapela\/"},{"@type":"ListItem","position":3,"name":"Vedlej\u0161\u00ed projekty","item":"https:\/\/www.simpleplan.cz\/cz\/index.php\/kapela\/vedlejsi-projekty\/"},{"@type":"ListItem","position":4,"name":"Man Of The Hour","item":"https:\/\/www.simpleplan.cz\/cz\/index.php\/kapela\/vedlejsi-projekty\/man-of-the-hour\/"},{"@type":"ListItem","position":5,"name":"Man Of The Hour &#8211; 10. s\u00e9rie"}]},{"@type":"WebSite","@id":"https:\/\/www.simpleplan.cz\/cz\/#website","url":"https:\/\/www.simpleplan.cz\/cz\/","name":"CZ: SimplePlan.cz","description":"Nejlep\u0161\u00ed zdroj informac\u00ed o kapele Simple Plan","publisher":{"@id":"https:\/\/www.simpleplan.cz\/cz\/#organization"},"potentialAction":[{"@type":"SearchAction","target":{"@type":"EntryPoint","urlTemplate":"https:\/\/www.simpleplan.cz\/cz\/?s={search_term_string}"},"query-input":"required name=search_term_string"}],"inLanguage":"cs"},{"@type":"Organization","@id":"https:\/\/www.simpleplan.cz\/cz\/#organization","name":"CZ: SimplePlan.cz","url":"https:\/\/www.simpleplan.cz\/cz\/","logo":{"@type":"ImageObject","inLanguage":"cs","@id":"https:\/\/www.simpleplan.cz\/cz\/#\/schema\/logo\/image\/","url":"https:\/\/www.simpleplan.cz\/cz\/wp-content\/uploads\/spczlogo.png","contentUrl":"https:\/\/www.simpleplan.cz\/cz\/wp-content\/uploads\/spczlogo.png","width":250,"height":190,"caption":"CZ: SimplePlan.cz"},"image":{"@id":"https:\/\/www.simpleplan.cz\/cz\/#\/schema\/logo\/image\/"},"sameAs":["http:\/\/www.facebook.com\/simpleplancz","https:\/\/twitter.com\/simpleplancz","http:\/\/www.instagram.com\/simpleplancz","http:\/\/www.youtube.com\/simpleplancz"]}]}},"_links":{"self":[{"href":"https:\/\/www.simpleplan.cz\/cz\/index.php\/wp-json\/wp\/v2\/pages\/13630"}],"collection":[{"href":"https:\/\/www.simpleplan.cz\/cz\/index.php\/wp-json\/wp\/v2\/pages"}],"about":[{"href":"https:\/\/www.simpleplan.cz\/cz\/index.php\/wp-json\/wp\/v2\/types\/page"}],"author":[{"embeddable":true,"href":"https:\/\/www.simpleplan.cz\/cz\/index.php\/wp-json\/wp\/v2\/users\/5"}],"replies":[{"embeddable":true,"href":"https:\/\/www.simpleplan.cz\/cz\/index.php\/wp-json\/wp\/v2\/comments?post=13630"}],"version-history":[{"count":7,"href":"https:\/\/www.simpleplan.cz\/cz\/index.php\/wp-json\/wp\/v2\/pages\/13630\/revisions"}],"predecessor-version":[{"id":33104,"href":"https:\/\/www.simpleplan.cz\/cz\/index.php\/wp-json\/wp\/v2\/pages\/13630\/revisions\/33104"}],"up":[{"embeddable":true,"href":"https:\/\/www.simpleplan.cz\/cz\/index.php\/wp-json\/wp\/v2\/pages\/5432"}],"wp:attachment":[{"href":"https:\/\/www.simpleplan.cz\/cz\/index.php\/wp-json\/wp\/v2\/media?parent=13630"}],"curies":[{"name":"wp","href":"https:\/\/api.w.org\/{rel}","templated":true}]}}