{"id":13818,"date":"2013-09-26T19:48:36","date_gmt":"2013-09-26T17:48:36","guid":{"rendered":"http:\/\/www.simpleplan.cz\/cz\/?page_id=13818"},"modified":"2023-06-26T09:29:58","modified_gmt":"2023-06-26T07:29:58","slug":"fanouskovske-komunity-simple-plan","status":"publish","type":"page","link":"https:\/\/www.simpleplan.cz\/cz\/index.php\/kapela\/fanouskovske-komunity-simple-plan\/","title":{"rendered":"Fanou\u0161kovsk\u00e9 komunity Simple Plan"},"content":{"rendered":"<div class=\"pagecontent\">Jednou z nejzaj\u00edmav\u011bj\u0161\u00edch v\u011bc\u00ed o Simple Plan je fakt, \u017ee si od sv\u00fdch \u00fapln\u00fdch po\u010d\u00e1tk\u016f v\u017edy zakl\u00e1dali na kontaktu se sv\u00fdmi fanou\u0161ky a v\u017edy se jim sna\u017eili nab\u00eddnout n\u011bjak\u00fd prostor, kde se mohli sezn\u00e1mit a komunikovat s dal\u0161\u00edmi fanou\u0161ky. <b>Fanou\u0161ci Simple Plan<\/b> b\u011bhem \u010dasu z\u00edskali mnoho jmen a tak\u00e9 se seskupili (nebo byli seskupeni) hned do n\u011bkolika v\u00edce-\u010di-m\u00e9n\u011b uzav\u0159en\u00fdch komunit.<\/p>\n<div class=\"girls\"><b><u>Invasion Crew<\/u><\/b><\/div>\n<p><center><img decoding=\"async\" src=\"http:\/\/www.simpleplan.cz\/images\/fans_ic1.gif\"\/><\/center> <\/p>\n<p>Pokud jste relativn\u011b nov\u00fdm fanou\u0161kem Simple Plan, pravd\u011bpodobn\u011b v\u00e1m n\u00e1zev \u00fapln\u011b prvn\u00edho ofici\u00e1ln\u00edho street teamu Simple Plan &#8211; <b>Invasion Crew<\/b>, nic ne\u0159\u00edk\u00e1. Tato ofic\u00e1ln\u00ed fanou\u0161kovsk\u00e1 komunita byla vytvo\u0159ena skrz server Fanscape (<i>fanscape.com\/simpleplan<\/i>) v <b>\u00fanoru 2002<\/b> a obsahovala informace o kapele, fotky a p\u0159edev\u0161\u00edm pak tak\u00e9 f\u00f3rum, kter\u00e9 dalo fanou\u0161k\u016fm Simple Plan p\u0159\u00edle\u017eitost sd\u00edlet sv\u00e9 pozn\u00e1mky a ot\u00e1zky o Simple Plan s ostatn\u00edmi fanou\u0161ky. <\/p>\n<p><center><iframe width=\"480\" height=\"280\" src=\"\/\/www.youtube.com\/embed\/PZ7neXw4R0Q\" frameborder=\"0\" allowfullscreen><\/iframe><\/p>\n<p><b><i>Video publikovan\u00e9 Simple Plan pro \u010dleny Invasion Crew v roce 2002<\/i><\/b> <\/center><\/p>\n<p>P\u016fvodn\u00ed <b>Invasion Crew na Fanscape fungovalo p\u0159ibli\u017en\u011b do roku 2008<\/b>, kdy se kapela rozhodla spustit sv\u016fj street team na jin\u00e9 platform\u011b &#8211; na serveru <b>Ning.com<\/b> (<i>simpleplan.ning.com<\/i>). Tato str\u00e1nka umo\u017enila fanou\u0161k\u016f vyu\u017e\u00edt lep\u0161\u00edho syst\u00e9mu diskuzn\u00edho f\u00f3ra a dokonce si i vytvo\u0159it sv\u00e9 vlastn\u00ed profily, sd\u00edlet obr\u00e1zky atd. <b>Druh\u00e1 verze Invasion Crew byla dostupn\u00e1 do roku 2011<\/b>, kdy nov\u00fd design SimplePlan.com nab\u00eddl fanou\u0161k\u016fm interaktivn\u00ed sekce &#8211; a p\u0159edev\u0161\u00edm interaktivn\u00ed f\u00f3rum. Registrace do <b>Invasion Crew<\/b> (jak p\u016fvodn\u00ed tak druh\u00e9) <b>byla v\u017edy zdarma<\/b> &#8211; a to jako prot\u011bj\u0161ek nov\u011b vytvo\u0159en\u00e9ho (placen\u00e9ho) ofici\u00e1ln\u00edho fanklubu SP Crew. <\/p>\n<p>I p\u0159esto, \u017ee f\u00f3rum\/komunitn\u00ed sekce SimplePlan.com od roku 2011 nab\u00edz\u00ed velmi podobn\u00e9 z\u00e1le\u017eitosti jako komunita Ning, n\u00e1zev &#8222;Invasion Crew&#8220; od dob Ning nebyl u\u017eit pro \u017e\u00e1dnou jinou ofici\u00e1ln\u00ed komunitu Simple Plan. <\/p>\n<p><center><img decoding=\"async\" src=\"http:\/\/www.simpleplan.cz\/images\/fans_ic2.gif\"\/><\/p>\n<p><b><i>P\u016fvodn\u00ed Invasion Crew na Fanscape: 2002-2008 (vlevo) a Invasion Crew na Ning.com: 2008-2011 (vpravo)<\/i><\/b> <\/center><\/p>\n<div class=\"girls\"><b><u>SP Crew<\/u><\/b><\/div>\n<p><img decoding=\"async\" style=\"margin: 6px;\" src=\"http:\/\/www.simpleplan.cz\/images\/fans_spc1.gif\" alt=\"\" align=\"left\" \/> S p\u0159\u00edchodem t\u0159et\u00edho studiov\u00e9ho alba cht\u011bli Simple Plan zah\u00e1jit provoz sv\u00e9ho <b>ofici\u00e1ln\u00edho fanklubu<\/b>. Na konci roku 2007 zah\u00e1jili sout\u011b\u017e, v r\u00e1mci kter\u00e9 fanou\u0161ci zas\u00edlali sv\u00e9 n\u00e1pady na n\u00e1zev tohoto fanklubu, kter\u00fd byl ozn\u00e1men <b>v lednu 2008 a &#8222;SP Crew&#8220; bylo na sv\u011bt\u011b<\/b> (<i>spcrewofficial.com<\/i>). N\u00e1zev &#8222;SP Crew&#8220;, zvolen\u00fd fanou\u0161ky, nad\u00e1le zachov\u00e1val slovo &#8222;crew&#8220;, kter\u00e9 dodnes p\u0159ipom\u00edn\u00e1 tradici p\u016fvodn\u00edho Invasion Crew. <\/p>\n<p><b>Fanklub<\/b> Simple Plan se stal sp\u00ed\u0161e uzav\u0159enou komunitou fanou\u0161k\u016f &#8211; d\u00edky placen\u00e9mu \u010dlenstv\u00ed: 25 dolar\u016f + po\u0161tovn\u00e9 za rok &#8211; kter\u00fd <b>nab\u00edz\u00ed exkluzivn\u00ed obsah<\/b> (videozpr\u00e1vy od kapely, sout\u011b\u017ee, soundcheck party atd.) a samoz\u0159ejm\u011b i diskuzn\u00ed f\u00f3ra. <\/p>\n<p><center><img decoding=\"async\" src=\"http:\/\/www.simpleplan.cz\/images\/fans_spc2.gif\"\/><\/center> <\/p>\n<p><center><b><i>P\u016fvodn\u00ed design SP Crew z roku 2008 (vlevo) a obnoven\u00fd design SP Crew z roku 2012 (vpravo)<\/i><\/b> <\/center><\/p>\n<p><center><\/center><center><iframe width=\"480\" height=\"270\" src=\"\/\/www.youtube.com\/embed\/m-6rhxjDI10\" frameborder=\"0\" allowfullscreen><\/iframe><\/p>\n<p><\/center><center><b><i>Video propaguj\u00edc\u00ed SP Crew zve\u0159ejn\u011bn\u00e9 v roce 2012<\/i><\/b> <\/center><\/p>\n<div class=\"girls\"><b><u>Astronauti<\/u><\/b><\/div>\n<p><img decoding=\"async\" style=\"margin: 6px;\" src=\"http:\/\/www.simpleplan.cz\/images\/fans_astronaut.gif\" alt=\"\" align=\"left\" \/> Zat\u00edmco v\u00fd\u0161e zm\u00edn\u011bn\u00e9 komunity m\u011bly ka\u017ed\u00e1 svou online platformu, na kter\u00e9 se realizovaly, Astronauti tuto mo\u017enost nikdy nem\u011bli &#8211; a sp\u00ed\u0161e se shlukuj\u00ed na r\u016fzn\u00fdch soci\u00e1ln\u00edch s\u00edt\u00edch. N\u00e1zev <b>&#8222;Astronauti&#8220; vznikl z otev\u0159en\u00e9 internetov\u00e9 diskuze mezi fanou\u0161ky<\/b> (ve kter\u00e9 hledali vhodn\u00fd n\u00e1zev pro fanou\u0161ky Simple Plan &#8211; podobn\u011b jako m\u00e1 t\u0159eba Lady Gaga sv\u00e9 &#8222;Monsters&#8220;), kter\u00e1 uk\u00e1zala, \u017ee se velk\u00e1 v\u011bt\u0161ina z nich dok\u00e1\u017ee ztoto\u017enit pr\u00e1v\u011b s n\u00e1zvem stejn\u011b-zvan\u00e9 p\u00edsn\u011b z alba <i>Get Your Heart On!<\/i>. <\/p>\n<p>V t\u00e9to p\u00edsni, <b>je astronaut metaforou<\/b> pro \u010dlov\u011bka, kter\u00fd se c\u00edt\u00ed osamocen, a kter\u00fd zoufale hled\u00e1 n\u011bkoho, kdo by mu porozum\u011bl. Po mnoho let poslucha\u010di Simple Plan tvrd\u00ed, \u017ee se jedn\u00e1 o kapelu, s jejich\u017e p\u00edsn\u011bmi se d\u00e1 velmi snadno ztoto\u017enit, nebo\u0165 p\u00ed\u0161\u00ed o v\u011bcech, kter\u00e9 za\u017e\u00edv\u00e1 ka\u017ed\u00fd &#8211; a to p\u0159edev\u0161\u00edm o pocitech neporozum\u011bn\u00ed a neschopnosti zapadnout mezi ostatn\u00ed. To je tak\u00e9 jeden z d\u016fvod\u016f pro\u010d se n\u00e1zev &#8222;Astronauti&#8220; tak ujal a <b>dokonce i samotn\u00ed \u010dlenov\u00e9 kapely jej uzn\u00e1vaj\u00ed a \u010dasto sv\u00e9 fanou\u0161ky naz\u00fdvaj\u00ed Astronauty<\/b>.\n<\/div>\n<div class=\"fblikebutton_button\" style=\"float: left; padding-top: 20px; margin-right: 20px; padding-bottom: 20px; padding-left: 20px;\"><iframe src=\"http:\/\/www.facebook.com\/plugins\/like.php?href=https%3A%2F%2Fwww.simpleplan.cz%2Fcz%2Findex.php%2Fkapela%2Ffanouskovske-komunity-simple-plan%2F&amp;layout=standard&amp;show-faces=false&amp;width=450&amp;action=like&amp;colorscheme=light\" scrolling=\"no\" frameborder=\"0\" allowTransparency=\"true\" style=\"border:none; overflow:hidden; width:450px; height:26px\"><\/iframe><\/div>\n","protected":false},"excerpt":{"rendered":"<p>Jednou z nejzaj\u00edmav\u011bj\u0161\u00edch v\u011bc\u00ed o Simple Plan je fakt, \u017ee si od sv\u00fdch \u00fapln\u00fdch po\u010d\u00e1tk\u016f<\/p>\n","protected":false},"author":5,"featured_media":0,"parent":5237,"menu_order":0,"comment_status":"open","ping_status":"open","template":"page-templates\/full-width.php","meta":{"footnotes":""},"yoast_head":"<!-- This site is optimized with the Yoast SEO plugin v20.9 - https:\/\/yoast.com\/wordpress\/plugins\/seo\/ -->\n<title>Fanou\u0161kovsk\u00e9 komunity Simple Plan | CZ: SimplePlan.cz<\/title>\n<meta name=\"robots\" content=\"index, follow, max-snippet:-1, max-image-preview:large, max-video-preview:-1\" \/>\n<link rel=\"canonical\" href=\"https:\/\/www.simpleplan.cz\/cz\/index.php\/kapela\/fanouskovske-komunity-simple-plan\/\" \/>\n<meta property=\"og:locale\" content=\"cs_CZ\" \/>\n<meta property=\"og:type\" content=\"article\" \/>\n<meta property=\"og:title\" content=\"Fanou\u0161kovsk\u00e9 komunity Simple Plan | CZ: SimplePlan.cz\" \/>\n<meta property=\"og:description\" content=\"Jednou z nejzaj\u00edmav\u011bj\u0161\u00edch v\u011bc\u00ed o Simple Plan je fakt, \u017ee si od sv\u00fdch \u00fapln\u00fdch po\u010d\u00e1tk\u016f\" \/>\n<meta property=\"og:url\" content=\"https:\/\/www.simpleplan.cz\/cz\/index.php\/kapela\/fanouskovske-komunity-simple-plan\/\" \/>\n<meta property=\"og:site_name\" content=\"CZ: SimplePlan.cz\" \/>\n<meta property=\"article:publisher\" content=\"http:\/\/www.facebook.com\/simpleplancz\" \/>\n<meta property=\"article:modified_time\" content=\"2023-06-26T07:29:58+00:00\" \/>\n<meta property=\"og:image\" content=\"http:\/\/www.simpleplan.cz\/images\/fans_ic1.gif\" \/>\n<meta name=\"twitter:card\" content=\"summary_large_image\" \/>\n<meta name=\"twitter:site\" content=\"@simpleplancz\" \/>\n<meta name=\"twitter:label1\" content=\"Odhadovan\u00e1 doba \u010dten\u00ed\" \/>\n\t<meta name=\"twitter:data1\" content=\"4 minuty\" \/>\n<script type=\"application\/ld+json\" class=\"yoast-schema-graph\">{\"@context\":\"https:\/\/schema.org\",\"@graph\":[{\"@type\":\"WebPage\",\"@id\":\"https:\/\/www.simpleplan.cz\/cz\/index.php\/kapela\/fanouskovske-komunity-simple-plan\/\",\"url\":\"https:\/\/www.simpleplan.cz\/cz\/index.php\/kapela\/fanouskovske-komunity-simple-plan\/\",\"name\":\"Fanou\u0161kovsk\u00e9 komunity Simple Plan | CZ: SimplePlan.cz\",\"isPartOf\":{\"@id\":\"https:\/\/www.simpleplan.cz\/cz\/#website\"},\"datePublished\":\"2013-09-26T17:48:36+00:00\",\"dateModified\":\"2023-06-26T07:29:58+00:00\",\"breadcrumb\":{\"@id\":\"https:\/\/www.simpleplan.cz\/cz\/index.php\/kapela\/fanouskovske-komunity-simple-plan\/#breadcrumb\"},\"inLanguage\":\"cs\",\"potentialAction\":[{\"@type\":\"ReadAction\",\"target\":[\"https:\/\/www.simpleplan.cz\/cz\/index.php\/kapela\/fanouskovske-komunity-simple-plan\/\"]}]},{\"@type\":\"BreadcrumbList\",\"@id\":\"https:\/\/www.simpleplan.cz\/cz\/index.php\/kapela\/fanouskovske-komunity-simple-plan\/#breadcrumb\",\"itemListElement\":[{\"@type\":\"ListItem\",\"position\":1,\"name\":\"Dom\u016f\",\"item\":\"https:\/\/www.simpleplan.cz\/cz\/\"},{\"@type\":\"ListItem\",\"position\":2,\"name\":\"Kapela\",\"item\":\"https:\/\/www.simpleplan.cz\/cz\/index.php\/kapela\/\"},{\"@type\":\"ListItem\",\"position\":3,\"name\":\"Fanou\u0161kovsk\u00e9 komunity Simple Plan\"}]},{\"@type\":\"WebSite\",\"@id\":\"https:\/\/www.simpleplan.cz\/cz\/#website\",\"url\":\"https:\/\/www.simpleplan.cz\/cz\/\",\"name\":\"CZ: SimplePlan.cz\",\"description\":\"Nejlep\u0161\u00ed zdroj informac\u00ed o kapele Simple Plan\",\"publisher\":{\"@id\":\"https:\/\/www.simpleplan.cz\/cz\/#organization\"},\"potentialAction\":[{\"@type\":\"SearchAction\",\"target\":{\"@type\":\"EntryPoint\",\"urlTemplate\":\"https:\/\/www.simpleplan.cz\/cz\/?s={search_term_string}\"},\"query-input\":\"required name=search_term_string\"}],\"inLanguage\":\"cs\"},{\"@type\":\"Organization\",\"@id\":\"https:\/\/www.simpleplan.cz\/cz\/#organization\",\"name\":\"CZ: SimplePlan.cz\",\"url\":\"https:\/\/www.simpleplan.cz\/cz\/\",\"logo\":{\"@type\":\"ImageObject\",\"inLanguage\":\"cs\",\"@id\":\"https:\/\/www.simpleplan.cz\/cz\/#\/schema\/logo\/image\/\",\"url\":\"https:\/\/www.simpleplan.cz\/cz\/wp-content\/uploads\/spczlogo.png\",\"contentUrl\":\"https:\/\/www.simpleplan.cz\/cz\/wp-content\/uploads\/spczlogo.png\",\"width\":250,\"height\":190,\"caption\":\"CZ: SimplePlan.cz\"},\"image\":{\"@id\":\"https:\/\/www.simpleplan.cz\/cz\/#\/schema\/logo\/image\/\"},\"sameAs\":[\"http:\/\/www.facebook.com\/simpleplancz\",\"https:\/\/twitter.com\/simpleplancz\",\"http:\/\/www.instagram.com\/simpleplancz\",\"http:\/\/www.youtube.com\/simpleplancz\"]}]}<\/script>\n<!-- \/ Yoast SEO plugin. -->","yoast_head_json":{"title":"Fanou\u0161kovsk\u00e9 komunity Simple Plan | CZ: SimplePlan.cz","robots":{"index":"index","follow":"follow","max-snippet":"max-snippet:-1","max-image-preview":"max-image-preview:large","max-video-preview":"max-video-preview:-1"},"canonical":"https:\/\/www.simpleplan.cz\/cz\/index.php\/kapela\/fanouskovske-komunity-simple-plan\/","og_locale":"cs_CZ","og_type":"article","og_title":"Fanou\u0161kovsk\u00e9 komunity Simple Plan | CZ: SimplePlan.cz","og_description":"Jednou z nejzaj\u00edmav\u011bj\u0161\u00edch v\u011bc\u00ed o Simple Plan je fakt, \u017ee si od sv\u00fdch \u00fapln\u00fdch po\u010d\u00e1tk\u016f","og_url":"https:\/\/www.simpleplan.cz\/cz\/index.php\/kapela\/fanouskovske-komunity-simple-plan\/","og_site_name":"CZ: SimplePlan.cz","article_publisher":"http:\/\/www.facebook.com\/simpleplancz","article_modified_time":"2023-06-26T07:29:58+00:00","og_image":[{"url":"http:\/\/www.simpleplan.cz\/images\/fans_ic1.gif"}],"twitter_card":"summary_large_image","twitter_site":"@simpleplancz","twitter_misc":{"Odhadovan\u00e1 doba \u010dten\u00ed":"4 minuty"},"schema":{"@context":"https:\/\/schema.org","@graph":[{"@type":"WebPage","@id":"https:\/\/www.simpleplan.cz\/cz\/index.php\/kapela\/fanouskovske-komunity-simple-plan\/","url":"https:\/\/www.simpleplan.cz\/cz\/index.php\/kapela\/fanouskovske-komunity-simple-plan\/","name":"Fanou\u0161kovsk\u00e9 komunity Simple Plan | CZ: SimplePlan.cz","isPartOf":{"@id":"https:\/\/www.simpleplan.cz\/cz\/#website"},"datePublished":"2013-09-26T17:48:36+00:00","dateModified":"2023-06-26T07:29:58+00:00","breadcrumb":{"@id":"https:\/\/www.simpleplan.cz\/cz\/index.php\/kapela\/fanouskovske-komunity-simple-plan\/#breadcrumb"},"inLanguage":"cs","potentialAction":[{"@type":"ReadAction","target":["https:\/\/www.simpleplan.cz\/cz\/index.php\/kapela\/fanouskovske-komunity-simple-plan\/"]}]},{"@type":"BreadcrumbList","@id":"https:\/\/www.simpleplan.cz\/cz\/index.php\/kapela\/fanouskovske-komunity-simple-plan\/#breadcrumb","itemListElement":[{"@type":"ListItem","position":1,"name":"Dom\u016f","item":"https:\/\/www.simpleplan.cz\/cz\/"},{"@type":"ListItem","position":2,"name":"Kapela","item":"https:\/\/www.simpleplan.cz\/cz\/index.php\/kapela\/"},{"@type":"ListItem","position":3,"name":"Fanou\u0161kovsk\u00e9 komunity Simple Plan"}]},{"@type":"WebSite","@id":"https:\/\/www.simpleplan.cz\/cz\/#website","url":"https:\/\/www.simpleplan.cz\/cz\/","name":"CZ: SimplePlan.cz","description":"Nejlep\u0161\u00ed zdroj informac\u00ed o kapele Simple Plan","publisher":{"@id":"https:\/\/www.simpleplan.cz\/cz\/#organization"},"potentialAction":[{"@type":"SearchAction","target":{"@type":"EntryPoint","urlTemplate":"https:\/\/www.simpleplan.cz\/cz\/?s={search_term_string}"},"query-input":"required name=search_term_string"}],"inLanguage":"cs"},{"@type":"Organization","@id":"https:\/\/www.simpleplan.cz\/cz\/#organization","name":"CZ: SimplePlan.cz","url":"https:\/\/www.simpleplan.cz\/cz\/","logo":{"@type":"ImageObject","inLanguage":"cs","@id":"https:\/\/www.simpleplan.cz\/cz\/#\/schema\/logo\/image\/","url":"https:\/\/www.simpleplan.cz\/cz\/wp-content\/uploads\/spczlogo.png","contentUrl":"https:\/\/www.simpleplan.cz\/cz\/wp-content\/uploads\/spczlogo.png","width":250,"height":190,"caption":"CZ: SimplePlan.cz"},"image":{"@id":"https:\/\/www.simpleplan.cz\/cz\/#\/schema\/logo\/image\/"},"sameAs":["http:\/\/www.facebook.com\/simpleplancz","https:\/\/twitter.com\/simpleplancz","http:\/\/www.instagram.com\/simpleplancz","http:\/\/www.youtube.com\/simpleplancz"]}]}},"_links":{"self":[{"href":"https:\/\/www.simpleplan.cz\/cz\/index.php\/wp-json\/wp\/v2\/pages\/13818"}],"collection":[{"href":"https:\/\/www.simpleplan.cz\/cz\/index.php\/wp-json\/wp\/v2\/pages"}],"about":[{"href":"https:\/\/www.simpleplan.cz\/cz\/index.php\/wp-json\/wp\/v2\/types\/page"}],"author":[{"embeddable":true,"href":"https:\/\/www.simpleplan.cz\/cz\/index.php\/wp-json\/wp\/v2\/users\/5"}],"replies":[{"embeddable":true,"href":"https:\/\/www.simpleplan.cz\/cz\/index.php\/wp-json\/wp\/v2\/comments?post=13818"}],"version-history":[{"count":5,"href":"https:\/\/www.simpleplan.cz\/cz\/index.php\/wp-json\/wp\/v2\/pages\/13818\/revisions"}],"predecessor-version":[{"id":16625,"href":"https:\/\/www.simpleplan.cz\/cz\/index.php\/wp-json\/wp\/v2\/pages\/13818\/revisions\/16625"}],"up":[{"embeddable":true,"href":"https:\/\/www.simpleplan.cz\/cz\/index.php\/wp-json\/wp\/v2\/pages\/5237"}],"wp:attachment":[{"href":"https:\/\/www.simpleplan.cz\/cz\/index.php\/wp-json\/wp\/v2\/media?parent=13818"}],"curies":[{"name":"wp","href":"https:\/\/api.w.org\/{rel}","templated":true}]}}