{"id":13965,"date":"2013-10-23T14:41:23","date_gmt":"2013-10-23T12:41:23","guid":{"rendered":"http:\/\/www.simpleplan.cz\/cz\/?page_id=13965"},"modified":"2023-06-26T09:29:53","modified_gmt":"2023-06-26T07:29:53","slug":"kdo-je-kdo-hvezdy-ve-videoklipech-simple-plan","status":"publish","type":"page","link":"https:\/\/www.simpleplan.cz\/cz\/index.php\/extra\/kdo-je-kdo-hvezdy-ve-videoklipech-simple-plan\/","title":{"rendered":"Herci ve videoklipech Simple Plan"},"content":{"rendered":"<div class=\"pagecontent\">\n<div class=\"section-list2\">\n    <img decoding=\"async\" src=\"http:\/\/www.simpleplan.cz\/images\/stars_dj.gif\" alt=\"\" \/ \/><\/p>\n<div class=\"musichead\" style=\"margin-top:10px;\">DJ QUALLS<\/div>\n<p>    <i>Hr\u00e1l ve videoklipu &#8222;I&#8217;m Just A Kid&#8220; (2002)<\/i><\/p>\n<p>Od t\u00e9 doby, co byl t\u00edm, kdo nakonec jako jedin\u00fd z\u00edskal d\u00edvku v &#8222;I&#8217;m Just A Kid&#8220; (zat\u00edmco byl sou\u010d\u00e1st\u00ed castu filmu The New Guy &#8211; &#8222;Z nuly hrdinou&#8220;, pro kter\u00fd byla tato p\u00edse\u0148 pou\u017eita) se Donald Joseph Qualls objevil v obrovsk\u00e9m mno\u017estv\u00ed film\u016f a televizn\u00edch seri\u00e1l\u016f. Fanou\u0161ci ho mohou zn\u00e1t p\u0159edev\u0161\u00edm jako Gartha ze &#8222;Supernatural&#8220; (Lovci duch\u016f) nebo z jeho men\u0161\u00edch rol\u00ed v &#8222;LOST&#8220; (Ztraceni), &#8222;Breaking Bad&#8220; (Pern\u00edkov\u00fd t\u00e1ta) nebo &#8222;The Big Bang Theory&#8220; (Teorie velk\u00e9ho t\u0159esku).\n<\/p><\/div>\n<p>\u200b<\/p>\n<div class=\"section-list2\">\n    <img decoding=\"async\" src=\"http:\/\/www.simpleplan.cz\/images\/stars_elisha.gif\" alt=\"\" \/ \/><\/p>\n<div class=\"musichead\" style=\"margin-top:10px;\">ELIZA DUSHKU<\/div>\n<p>    <i>Hr\u00e1la ve videoklipu &#8222;I&#8217;m Just A Kid&#8220; (2002)<\/i><\/p>\n<p>Eliza Dushku, pro fanou\u0161ky Simple Plan zn\u00e1m\u00e1 sp\u00ed\u0161e jako &#8222;ta d\u00edvka z I&#8217;m Just A Kid&#8220; od dob filmu The New Guy z\u00edskala nap\u0159\u00edklad hlavn\u00ed role v seri\u00e1lech &#8222;Tru Calling&#8220; nebo &#8222;Dollhouse&#8220; z produkce Josse Wedona. Tak\u00e9 nem\u016f\u017eeme zapomenout na jednu z jej\u00edch nejzn\u00e1m\u011bj\u0161\u00edch rol\u00ed &#8211; Faith v &#8222;Buffy The Vampire Slayer&#8220; (Buffy, p\u0159emo\u017eitelka up\u00edr\u016f) a &#8222;Angel&#8220;. V sou\u010dasn\u00e9 dob\u011b (2013) Eliza namlouv\u00e1 hlas pro postavu She-Hulk v animovan\u00e9m seri\u00e1lu &#8222;Hulk and the Agents of S.M.A.S.H.&#8220;\n<\/p><\/div>\n<p>\u200b<\/p>\n<div class=\"section-list2\">\n    <img decoding=\"async\" src=\"http:\/\/www.simpleplan.cz\/images\/stars_zoe.gif\" alt=\"\" \/ \/><\/p>\n<div class=\"musichead\" style=\"margin-top:10px;\">ZOE MYERS<\/div>\n<p>    <i>Hr\u00e1la ve videoklipu &#8222;When I&#8217;m Gone&#8220; (2007)<\/i><\/p>\n<p>Zoe Myers se hran\u00ed a modelingu v\u011bnuje ji\u017e od mali\u010dka. Objevila se nap\u0159\u00edklad ve videoklipu The Jonas Brothers &#8222;Year 3000&#8220;, co\u017e vedlo ke kr\u00e1tk\u00e9mu vztahu s Kevinem Jonasem a pozd\u011bji podle v\u0161eho tak\u00e9 k inspiraci pro jejich p\u00edse\u0148 &#8222;Video Girl&#8220;. Od t\u00e9 doby se Zoe objevila v n\u011bkolika filmech, ale p\u0159edev\u0161\u00edm se zam\u011b\u0159uje na svou hudebn\u00ed kari\u00e9ru.\n<\/p><\/div>\n<p>\u200b<\/p>\n<div class=\"section-list2\">\n    <img decoding=\"async\" src=\"http:\/\/www.simpleplan.cz\/images\/stars_perez.gif\" alt=\"\" \/ \/><\/p>\n<div class=\"musichead\" style=\"margin-top:10px;\">PEREZ HILTON<\/div>\n<p>    <i>Hr\u00e1l ve videoklipu &#8222;When I&#8217;m Gone&#8220; (2007)<\/i><\/p>\n<p>Mario Armando Lavandeira, Jr. &#8211; profesion\u00e1ln\u011b zn\u00e1m\u00fd jako Perez Hilton, je majitelem bulv\u00e1rn\u00edho blogu, ve kter\u00e9m se proslavil sv\u00fdmi \u010dasto kontroverzn\u00edmi p\u0159\u00edsp\u011bvky o slavn\u00fdch osobnostech. Perez sv\u016fj blog vede ji\u017e od roku 2004. Po setk\u00e1n\u00ed (a p\u00e1rty) se Simple Plan na MMVA v roce 2006 jej kapela pozvala k \u00fa\u010dasti na nat\u00e1\u010den\u00ed jejich videoklipu z roku 2007 &#8211; &#8222;When I&#8217;m Gone&#8220;.\n<\/p><\/div>\n<p>\u200b<\/p>\n<div class=\"section-list2\">\n    <img decoding=\"async\" src=\"http:\/\/www.simpleplan.cz\/images\/stars_caitlyn.gif\" alt=\"\" \/ \/><\/p>\n<div class=\"musichead\" style=\"margin-top:10px;\">CAITLYN O&#8217;CONNOR<\/div>\n<p>    <i>Hr\u00e1la ve videoklipu Simple Plan&#8217;s &#8222;Astronaut&#8220; (2011)<\/i><\/p>\n<p>Caitlyn O&#8217;Connor je americk\u00e1 modelka, kter\u00e1 se v minulosti z\u00fa\u010dastnila velk\u00e9ho mno\u017estv\u00ed sout\u011b\u017e\u00ed kr\u00e1sy a v sou\u010dasn\u00e9 dob\u011b p\u016fsob\u00ed p\u0159edev\u0161\u00edm jako modelka a he\u010deka. Krom\u011b role ve videoklipu Simple Plan &#8222;Astronaut&#8220; v roce 2011, spolupracovala Caitlyn jako here\u010dka nebo tane\u010dnice s takov\u00fdmi um\u011blci jako Sublime with Rome, Michael Bubl\u00e9, Taylor Momsen, Ryan &#038; Smitty, Yelawolf, New Found Glory, Snoop Dogg nebo Chris Brown.\n<\/p><\/div>\n<p>\u200b<\/p>\n<div class=\"section-list2\">\n    <img decoding=\"async\" src=\"http:\/\/www.simpleplan.cz\/images\/stars_patrick.gif\" alt=\"\" \/ \/><\/p>\n<div class=\"musichead\" style=\"margin-top:10px;\">PATRICK LANGLOIS<\/div>\n<p>    <i>Hr\u00e1l ve videoklipech &#8222;I&#8217;m Just A Kid&#8220;, &#8222;Addicted&#8220;, &#8222;I&#8217;d Do Anything&#8220;, &#8222;Perfect&#8220;, &#8222;Shut Up!&#8220;, &#8222;Welcome To My Life&#8220;, &#8222;When I&#8217;m Gone&#8220;, nat\u00e1\u010den pro videoklip &#8222;Jet Lag&#8220;, jeho p\u0159ezd\u00edvka Cunningham pou\u017eita jako odkaz na n\u011bj v &#8222;Untitled&#8220; a v &#8222;Astronaut&#8220; (2002-2011)<\/i><\/p>\n<p>Patrick Langlois je dlouholet\u00fdm p\u0159\u00edtelem \u010dlen\u016f Simple Plan (fanou\u0161ky \u010dasto p\u0159ezd\u00edvan\u00fd &#8222;\u0161est\u00fd \u010dlen&#8220;), kter\u00fd se v minulosti staral o jejich merchandize, webov\u00e9 str\u00e1nky, fotografie a videa, byl spolu-zakladatelem Role Model Clothing a tak\u00e9 se Sebastienem ze Simple Plan zah\u00e1jil vys\u00edl\u00e1n\u00ed jejich radiov\u00e9ho po\u0159adu Man Of The Hour. V roce 2009 od Simple Plan ode\u0161el pot\u00e9, co z\u00edskal nab\u00eddku pracovat jako video report\u00e9r pro stanici MusiquePlus. V sou\u010dasn\u00e9 dob\u011b se \u017eiv\u00ed jako moder\u00e1tor. Patrick je st\u00e1le bl\u00edzk\u00fdm p\u0159\u00edtelem Simple Plan a se Sebem ji\u017e l\u00e9ta vys\u00edl\u00e1 r\u00e1diovou show Man Of The Hour.\n<\/p><\/div>\n<p>\u200b\n<\/p><\/div>\n<div class=\"fblikebutton_button\" style=\"float: left; padding-top: 20px; margin-right: 20px; padding-bottom: 20px; padding-left: 20px;\"><iframe src=\"http:\/\/www.facebook.com\/plugins\/like.php?href=https%3A%2F%2Fwww.simpleplan.cz%2Fcz%2Findex.php%2Fextra%2Fkdo-je-kdo-hvezdy-ve-videoklipech-simple-plan%2F&amp;layout=standard&amp;show-faces=false&amp;width=450&amp;action=like&amp;colorscheme=light\" scrolling=\"no\" frameborder=\"0\" allowTransparency=\"true\" style=\"border:none; overflow:hidden; width:450px; height:26px\"><\/iframe><\/div>\n","protected":false},"excerpt":{"rendered":"<p>DJ QUALLS Hr\u00e1l ve videoklipu &#8222;I&#8217;m Just A Kid&#8220; (2002) Od t\u00e9 doby, co byl<\/p>\n","protected":false},"author":5,"featured_media":0,"parent":5259,"menu_order":0,"comment_status":"open","ping_status":"open","template":"page-templates\/full-width.php","meta":{"footnotes":""},"yoast_head":"<!-- This site is optimized with the Yoast SEO plugin v20.9 - https:\/\/yoast.com\/wordpress\/plugins\/seo\/ -->\n<title>Herci ve videoklipech Simple Plan | CZ: SimplePlan.cz<\/title>\n<meta name=\"robots\" content=\"index, follow, max-snippet:-1, max-image-preview:large, max-video-preview:-1\" \/>\n<link rel=\"canonical\" href=\"https:\/\/www.simpleplan.cz\/cz\/index.php\/extra\/kdo-je-kdo-hvezdy-ve-videoklipech-simple-plan\/\" \/>\n<meta property=\"og:locale\" content=\"cs_CZ\" \/>\n<meta property=\"og:type\" content=\"article\" \/>\n<meta property=\"og:title\" content=\"Herci ve videoklipech Simple Plan | CZ: SimplePlan.cz\" \/>\n<meta property=\"og:description\" content=\"DJ QUALLS Hr\u00e1l ve videoklipu &#8222;I&#8217;m Just A Kid&#8220; (2002) Od t\u00e9 doby, co byl\" \/>\n<meta property=\"og:url\" content=\"https:\/\/www.simpleplan.cz\/cz\/index.php\/extra\/kdo-je-kdo-hvezdy-ve-videoklipech-simple-plan\/\" \/>\n<meta property=\"og:site_name\" content=\"CZ: SimplePlan.cz\" \/>\n<meta property=\"article:publisher\" content=\"http:\/\/www.facebook.com\/simpleplancz\" \/>\n<meta property=\"article:modified_time\" content=\"2023-06-26T07:29:53+00:00\" \/>\n<meta property=\"og:image\" content=\"http:\/\/www.simpleplan.cz\/images\/stars_dj.gif\" \/>\n<meta name=\"twitter:card\" content=\"summary_large_image\" \/>\n<meta name=\"twitter:site\" content=\"@simpleplancz\" \/>\n<meta name=\"twitter:label1\" content=\"Odhadovan\u00e1 doba \u010dten\u00ed\" \/>\n\t<meta name=\"twitter:data1\" content=\"3 minuty\" \/>\n<script type=\"application\/ld+json\" class=\"yoast-schema-graph\">{\"@context\":\"https:\/\/schema.org\",\"@graph\":[{\"@type\":\"WebPage\",\"@id\":\"https:\/\/www.simpleplan.cz\/cz\/index.php\/extra\/kdo-je-kdo-hvezdy-ve-videoklipech-simple-plan\/\",\"url\":\"https:\/\/www.simpleplan.cz\/cz\/index.php\/extra\/kdo-je-kdo-hvezdy-ve-videoklipech-simple-plan\/\",\"name\":\"Herci ve videoklipech Simple Plan | CZ: SimplePlan.cz\",\"isPartOf\":{\"@id\":\"https:\/\/www.simpleplan.cz\/cz\/#website\"},\"datePublished\":\"2013-10-23T12:41:23+00:00\",\"dateModified\":\"2023-06-26T07:29:53+00:00\",\"breadcrumb\":{\"@id\":\"https:\/\/www.simpleplan.cz\/cz\/index.php\/extra\/kdo-je-kdo-hvezdy-ve-videoklipech-simple-plan\/#breadcrumb\"},\"inLanguage\":\"cs\",\"potentialAction\":[{\"@type\":\"ReadAction\",\"target\":[\"https:\/\/www.simpleplan.cz\/cz\/index.php\/extra\/kdo-je-kdo-hvezdy-ve-videoklipech-simple-plan\/\"]}]},{\"@type\":\"BreadcrumbList\",\"@id\":\"https:\/\/www.simpleplan.cz\/cz\/index.php\/extra\/kdo-je-kdo-hvezdy-ve-videoklipech-simple-plan\/#breadcrumb\",\"itemListElement\":[{\"@type\":\"ListItem\",\"position\":1,\"name\":\"Dom\u016f\",\"item\":\"https:\/\/www.simpleplan.cz\/cz\/\"},{\"@type\":\"ListItem\",\"position\":2,\"name\":\"Extra\",\"item\":\"https:\/\/www.simpleplan.cz\/cz\/index.php\/extra\/\"},{\"@type\":\"ListItem\",\"position\":3,\"name\":\"Herci ve videoklipech Simple Plan\"}]},{\"@type\":\"WebSite\",\"@id\":\"https:\/\/www.simpleplan.cz\/cz\/#website\",\"url\":\"https:\/\/www.simpleplan.cz\/cz\/\",\"name\":\"CZ: SimplePlan.cz\",\"description\":\"Nejlep\u0161\u00ed zdroj informac\u00ed o kapele Simple Plan\",\"publisher\":{\"@id\":\"https:\/\/www.simpleplan.cz\/cz\/#organization\"},\"potentialAction\":[{\"@type\":\"SearchAction\",\"target\":{\"@type\":\"EntryPoint\",\"urlTemplate\":\"https:\/\/www.simpleplan.cz\/cz\/?s={search_term_string}\"},\"query-input\":\"required name=search_term_string\"}],\"inLanguage\":\"cs\"},{\"@type\":\"Organization\",\"@id\":\"https:\/\/www.simpleplan.cz\/cz\/#organization\",\"name\":\"CZ: SimplePlan.cz\",\"url\":\"https:\/\/www.simpleplan.cz\/cz\/\",\"logo\":{\"@type\":\"ImageObject\",\"inLanguage\":\"cs\",\"@id\":\"https:\/\/www.simpleplan.cz\/cz\/#\/schema\/logo\/image\/\",\"url\":\"https:\/\/www.simpleplan.cz\/cz\/wp-content\/uploads\/spczlogo.png\",\"contentUrl\":\"https:\/\/www.simpleplan.cz\/cz\/wp-content\/uploads\/spczlogo.png\",\"width\":250,\"height\":190,\"caption\":\"CZ: SimplePlan.cz\"},\"image\":{\"@id\":\"https:\/\/www.simpleplan.cz\/cz\/#\/schema\/logo\/image\/\"},\"sameAs\":[\"http:\/\/www.facebook.com\/simpleplancz\",\"https:\/\/twitter.com\/simpleplancz\",\"http:\/\/www.instagram.com\/simpleplancz\",\"http:\/\/www.youtube.com\/simpleplancz\"]}]}<\/script>\n<!-- \/ Yoast SEO plugin. -->","yoast_head_json":{"title":"Herci ve videoklipech Simple Plan | CZ: SimplePlan.cz","robots":{"index":"index","follow":"follow","max-snippet":"max-snippet:-1","max-image-preview":"max-image-preview:large","max-video-preview":"max-video-preview:-1"},"canonical":"https:\/\/www.simpleplan.cz\/cz\/index.php\/extra\/kdo-je-kdo-hvezdy-ve-videoklipech-simple-plan\/","og_locale":"cs_CZ","og_type":"article","og_title":"Herci ve videoklipech Simple Plan | CZ: SimplePlan.cz","og_description":"DJ QUALLS Hr\u00e1l ve videoklipu &#8222;I&#8217;m Just A Kid&#8220; (2002) Od t\u00e9 doby, co byl","og_url":"https:\/\/www.simpleplan.cz\/cz\/index.php\/extra\/kdo-je-kdo-hvezdy-ve-videoklipech-simple-plan\/","og_site_name":"CZ: SimplePlan.cz","article_publisher":"http:\/\/www.facebook.com\/simpleplancz","article_modified_time":"2023-06-26T07:29:53+00:00","og_image":[{"url":"http:\/\/www.simpleplan.cz\/images\/stars_dj.gif"}],"twitter_card":"summary_large_image","twitter_site":"@simpleplancz","twitter_misc":{"Odhadovan\u00e1 doba \u010dten\u00ed":"3 minuty"},"schema":{"@context":"https:\/\/schema.org","@graph":[{"@type":"WebPage","@id":"https:\/\/www.simpleplan.cz\/cz\/index.php\/extra\/kdo-je-kdo-hvezdy-ve-videoklipech-simple-plan\/","url":"https:\/\/www.simpleplan.cz\/cz\/index.php\/extra\/kdo-je-kdo-hvezdy-ve-videoklipech-simple-plan\/","name":"Herci ve videoklipech Simple Plan | CZ: SimplePlan.cz","isPartOf":{"@id":"https:\/\/www.simpleplan.cz\/cz\/#website"},"datePublished":"2013-10-23T12:41:23+00:00","dateModified":"2023-06-26T07:29:53+00:00","breadcrumb":{"@id":"https:\/\/www.simpleplan.cz\/cz\/index.php\/extra\/kdo-je-kdo-hvezdy-ve-videoklipech-simple-plan\/#breadcrumb"},"inLanguage":"cs","potentialAction":[{"@type":"ReadAction","target":["https:\/\/www.simpleplan.cz\/cz\/index.php\/extra\/kdo-je-kdo-hvezdy-ve-videoklipech-simple-plan\/"]}]},{"@type":"BreadcrumbList","@id":"https:\/\/www.simpleplan.cz\/cz\/index.php\/extra\/kdo-je-kdo-hvezdy-ve-videoklipech-simple-plan\/#breadcrumb","itemListElement":[{"@type":"ListItem","position":1,"name":"Dom\u016f","item":"https:\/\/www.simpleplan.cz\/cz\/"},{"@type":"ListItem","position":2,"name":"Extra","item":"https:\/\/www.simpleplan.cz\/cz\/index.php\/extra\/"},{"@type":"ListItem","position":3,"name":"Herci ve videoklipech Simple Plan"}]},{"@type":"WebSite","@id":"https:\/\/www.simpleplan.cz\/cz\/#website","url":"https:\/\/www.simpleplan.cz\/cz\/","name":"CZ: SimplePlan.cz","description":"Nejlep\u0161\u00ed zdroj informac\u00ed o kapele Simple Plan","publisher":{"@id":"https:\/\/www.simpleplan.cz\/cz\/#organization"},"potentialAction":[{"@type":"SearchAction","target":{"@type":"EntryPoint","urlTemplate":"https:\/\/www.simpleplan.cz\/cz\/?s={search_term_string}"},"query-input":"required name=search_term_string"}],"inLanguage":"cs"},{"@type":"Organization","@id":"https:\/\/www.simpleplan.cz\/cz\/#organization","name":"CZ: SimplePlan.cz","url":"https:\/\/www.simpleplan.cz\/cz\/","logo":{"@type":"ImageObject","inLanguage":"cs","@id":"https:\/\/www.simpleplan.cz\/cz\/#\/schema\/logo\/image\/","url":"https:\/\/www.simpleplan.cz\/cz\/wp-content\/uploads\/spczlogo.png","contentUrl":"https:\/\/www.simpleplan.cz\/cz\/wp-content\/uploads\/spczlogo.png","width":250,"height":190,"caption":"CZ: SimplePlan.cz"},"image":{"@id":"https:\/\/www.simpleplan.cz\/cz\/#\/schema\/logo\/image\/"},"sameAs":["http:\/\/www.facebook.com\/simpleplancz","https:\/\/twitter.com\/simpleplancz","http:\/\/www.instagram.com\/simpleplancz","http:\/\/www.youtube.com\/simpleplancz"]}]}},"_links":{"self":[{"href":"https:\/\/www.simpleplan.cz\/cz\/index.php\/wp-json\/wp\/v2\/pages\/13965"}],"collection":[{"href":"https:\/\/www.simpleplan.cz\/cz\/index.php\/wp-json\/wp\/v2\/pages"}],"about":[{"href":"https:\/\/www.simpleplan.cz\/cz\/index.php\/wp-json\/wp\/v2\/types\/page"}],"author":[{"embeddable":true,"href":"https:\/\/www.simpleplan.cz\/cz\/index.php\/wp-json\/wp\/v2\/users\/5"}],"replies":[{"embeddable":true,"href":"https:\/\/www.simpleplan.cz\/cz\/index.php\/wp-json\/wp\/v2\/comments?post=13965"}],"version-history":[{"count":11,"href":"https:\/\/www.simpleplan.cz\/cz\/index.php\/wp-json\/wp\/v2\/pages\/13965\/revisions"}],"predecessor-version":[{"id":28967,"href":"https:\/\/www.simpleplan.cz\/cz\/index.php\/wp-json\/wp\/v2\/pages\/13965\/revisions\/28967"}],"up":[{"embeddable":true,"href":"https:\/\/www.simpleplan.cz\/cz\/index.php\/wp-json\/wp\/v2\/pages\/5259"}],"wp:attachment":[{"href":"https:\/\/www.simpleplan.cz\/cz\/index.php\/wp-json\/wp\/v2\/media?parent=13965"}],"curies":[{"name":"wp","href":"https:\/\/api.w.org\/{rel}","templated":true}]}}