{"id":14244,"date":"2013-11-29T20:31:31","date_gmt":"2013-11-29T19:31:31","guid":{"rendered":"http:\/\/www.simpleplan.cz\/cz\/?page_id=14244"},"modified":"2023-06-26T09:29:57","modified_gmt":"2023-06-26T07:29:57","slug":"toftt","status":"publish","type":"page","link":"https:\/\/www.simpleplan.cz\/cz\/index.php\/kapela\/diskografie\/toftt\/","title":{"rendered":"Taking One For The Team"},"content":{"rendered":"<p><center><img decoding=\"async\" style=\"margin: 30px;\" src=\"http:\/\/www.simpleplan.cz\/gal\/4503.gif\" alt=\"\" align=\"left\" \/><\/p>\n<div style=\"padding-top:20px\"><\/div>\n<div class=\"musichead3\"><b>Datum vyd\u00e1n\u00ed:<\/b> 19. \u00fanora 2016<\/div>\n<div class=\"musichead3\"><b>Producent:<\/b> Howard Benson<\/div>\n<div class=\"musichead3\"><b>Studio:<\/b> West Valley Studios \/ Sparky Dark Studio<\/div>\n<div class=\"musichead3\"><b>Skl\u00e1d\u00e1n\u00ed p\u00edsn\u00ed<\/b> \u0159\u00edjen 2013 &#8211; listopad 2015<\/div>\n<div class=\"musichead3\"><b>Nahr\u00e1v\u00e1n\u00ed p\u00edsn\u00ed:<\/b> b\u0159ezen a\u017e kv\u011bten 2015 + dodate\u010dn\u00e9 &#8218;pop-punk&#8216; sessions v listopadu 2015<\/div>\n<div class=\"musichead3\"><b>Sou\u010dasn\u00fd stav:<\/b> vyd\u00e1no<\/div>\n<div style=\"padding-top:15px\"><\/div>\n<div class=\"musichead\">Tracklist:<\/div>\n<table class=\"stats2\" cellspacing=\"0\" padding-top=\"0px\">\n<tbody>\n<tr>\n<td class=\"hed\">TAKING ONE FOR THE TEAM:<\/td>\n<\/tr>\n<tr>\n<td>1. <a href=\"http:\/\/www.simpleplan.cz\/cz\/index.php\/kapela\/diskografie\/opinion-overload\">Opinion Overload<\/a><\/td>\n<\/tr>\n<tr>\n<td>2. <a href=\"http:\/\/www.simpleplan.cz\/cz\/index.php\/kapela\/diskografie\/boom\/\">Boom<\/a><\/td>\n<\/tr>\n<tr>\n<td>3. <a href=\"http:\/\/www.simpleplan.cz\/cz\/index.php\/kapela\/diskografie\/kiss-me-like-nobodys-watching\/\">Kiss Me Like Nobody&#8217;s Watching<\/a><\/td>\n<\/tr>\n<tr>\n<td>4. <a href=\"http:\/\/www.simpleplan.cz\/cz\/index.php\/kapela\/diskografie\/farewell\/\">Farewell<\/a> (feat. Jordan Pundik)<\/td>\n<\/tr>\n<tr>\n<td>5. <a href=\"http:\/\/www.simpleplan.cz\/cz\/index.php\/kapela\/diskografie\/singing-in-the-rain\/\">Singing In The Rain<\/a> (feat. R. City)<\/td>\n<\/tr>\n<tr>\n<td>6. <a href=\"http:\/\/www.simpleplan.cz\/cz\/index.php\/kapela\/diskografie\/everything-sucks\/\">Everything Sucks<\/a><\/td>\n<\/tr>\n<tr>\n<td>7. <a href=\"http:\/\/www.simpleplan.cz\/cz\/index.php\/kapela\/diskografie\/i-refuse\/\">I Refuse<\/a><\/td>\n<\/tr>\n<tr>\n<td>8. <a href=\"http:\/\/www.simpleplan.cz\/cz\/index.php\/kapela\/diskografie\/i-dont-wanna-go-to-bed\/\">I Don&#8217;t Wanna Go To Bed<\/a> (feat. Nelly)<\/td>\n<\/tr>\n<tr>\n<td>9. <a href=\"http:\/\/www.simpleplan.cz\/cz\/index.php\/kapela\/diskografie\/nostalgic\/\">Nostalgic<\/a><\/td>\n<\/tr>\n<tr>\n<td>10. <a href=\"http:\/\/www.simpleplan.cz\/cz\/index.php\/kapela\/diskografie\/perfectly-perfect\/\">Perfectly Perfect<\/a><\/td>\n<\/tr>\n<tr>\n<td>11. <a href=\"http:\/\/www.simpleplan.cz\/cz\/index.php\/kapela\/diskografie\/i-dont-wanna-be-sad\/\">I Don&#8217;t Wanna Be Sad<\/a><\/td>\n<\/tr>\n<tr>\n<td>12. <a href=\"http:\/\/www.simpleplan.cz\/cz\/index.php\/kapela\/diskografie\/p-s-i-hate-you\/\">P.S. I Hate You<\/a><\/td>\n<\/tr>\n<tr>\n<td>13. <a href=\"http:\/\/www.simpleplan.cz\/cz\/index.php\/kapela\/diskografie\/problem-child\/\">Problem Child<\/a><\/td>\n<\/tr>\n<tr>\n<td>14. <a href=\"http:\/\/www.simpleplan.cz\/cz\/index.php\/kapela\/diskografie\/i-dream-about-you\/\">I Dream About You<\/a> (feat. Juliet Simms)<\/td>\n<\/tr>\n<\/tbody>\n<\/table>\n<p><\/center><\/p>\n<div style=\"padding-top:15px\"><\/div>\n<div class=\"musichead\">Fyzick\u00e1 vyd\u00e1n\u00ed:<\/div>\n<p><center><img decoding=\"async\" src=\"http:\/\/i.imgur.com\/zyyHdhs.png\"\/ style=\"margin-right:50px\"\/><img decoding=\"async\" src=\"http:\/\/i.imgur.com\/Smizlnx.png\"\/ style=\"margin-right:50px\"\/><img decoding=\"async\" src=\"http:\/\/i.imgur.com\/eGXufCq.png\"\/><\/center><\/p>\n<div class=\"musichead\">Historie:<\/div>\n<p><img decoding=\"async\" style=\"margin: 20px;\" src=\"http:\/\/www.simpleplan.cz\/gal\/4525.gif\" alt=\"\" align=\"left\" \/>Simple Plan za\u010dali skl\u00e1dat p\u00edsn\u011b pro jejich <b>p\u00e1t\u00e9 studiov\u00e9 album<\/b> v \u0159\u00edjnu roku 2013. Proces skl\u00e1d\u00e1n\u00ed p\u00edsn\u00ed, d\u00edky kter\u00e9mu vznikl na <b>v\u00edce jak 80 p\u00edsn\u00ed<\/b> trval v\u00edce ne\u017e rok, v\u010detn\u011b n\u011bkolika t\u00fddn\u016f <a href=\"http:\/\/www.simpleplan.cz\/cz\/index.php\/chuck-na-twitteru-promluvil-o-problemech-se-skladanim-pisni\/\" target=\"_blank\" rel=\"noopener\">skladatelsk\u00e9 krize<\/a> Pierra a Chucka, kterou p\u0159ekonali se za\u010d\u00e1tkem roku 2015. B\u011bhem skl\u00e1dac\u00edho procesu  spolupracovali <b>Simple Plan s mno\u017estv\u00edm dal\u0161\u00edch dodate\u010dn\u00fdch skladatel\u016f<\/b> a um\u011blc\u016f, v\u010detn\u011b <a href=\"http:\/\/www.simpleplan.cz\/cz\/index.php\/simple-plan-pracuji-na-novem-albu-s-3oh3\/\" target=\"_blank\" rel=\"noopener\">3OH!3<\/a>, <a href=\"http:\/\/www.simpleplan.cz\/cz\/index.php\/simple-plan-budou-skladat-pisne-s-alexem-gaskarthem-a-markem-hoppusem\/\" target=\"_blank\" rel=\"noopener\">Marka Hoppuse a Alexe Gaskartha<\/a>, <a href=\"http:\/\/www.simpleplan.cz\/cz\/index.php\/simple-plan-skladaji-s-joshem-ramsay-z-marianas-trench\/\" target=\"_blank\" rel=\"noopener\">Joshe Ramsayho<\/a>, <a href=\"http:\/\/www.simpleplan.cz\/cz\/index.php\/pierre-a-chuck-skladaji-pisne-s-johnem-feldmannem-a-ras\/\" target=\"_blank\" rel=\"noopener\">Johna Feldmanna<\/a>, <a href=\"http:\/\/www.simpleplan.cz\/cz\/index.php\/simple-plan-pro-sve-5-album-opet-skladaji-s-tobym-gadem\/\" target=\"_blank\" rel=\"noopener\">Tobyho Gada<\/a> a dal\u0161\u00edmi. <img decoding=\"async\" style=\"margin: 20px;\" src=\"http:\/\/www.simpleplan.cz\/gal\/4531.gif\" alt=\"\" align=\"right\" \/>Nicm\u00e9n\u011b kapela se v\u0161ak nakonec rozhodla na album um\u00edstit p\u0159edev\u0161\u00edm p\u00edsn\u011b slo\u017een\u00e9 pouze Chuckem a Pierrem bez dodate\u010dn\u00fdch skladatel\u016f.<\/p>\n<p>Fanou\u0161ci m\u011bli poprv\u00e9 p\u0159\u00edle\u017eitost usly\u0161et <b>prvn\u00ed uk\u00e1zku<\/b> z nov\u00e9 desky Simple Plan, kdy\u017e kapela zahr\u00e1la akustickou verzi zbrusu nov\u00e9 p\u00edsn\u011b <b>&#8222;Boom&#8220; &#8211; poprv\u00e9 v r\u00e1mci benefi\u010dn\u00ed akce nadace Simple Plan Foundation v listopadu 2014<\/b> [<a href=\"http:\/\/www.simpleplan.cz\/cz\/index.php\/video-simple-plan-vystoupili-na-beneficni-akci-spf-s-novou-pisni-boom\/\" target=\"_blank\" rel=\"noopener\">video<\/a>].<\/p>\n<p>V prosinci 2014 za\u010dali \u010dlenov\u00e9 kapely <a href=\"http:\/\/www.simpleplan.cz\/cz\/index.php\/simple-plan-jsou-ve-fazi-vybirani-pisni-pro-pate-album\/\" target=\"_blank\" rel=\"noopener\">vyb\u00edrat p\u00edsn\u011b<\/a>, kter\u00e9 nahraj\u00ed ve studiu. Do nahr\u00e1vac\u00edch studi\u00ed <b>West Valley studios<\/b> v Los Angeles Simple Plan kone\u010dn\u011b <a href=\"http:\/\/www.simpleplan.cz\/cz\/index.php\/odpocet-je-temer-u-konce-simple-plan-zacinaji-zitra-nahravat-v-la\/\" target=\"_blank\" rel=\"noopener\">vstoupili<\/a> 1. b\u0159ezna a ozn\u00e1mili, \u017ee <a href=\"http:\/\/www.simpleplan.cz\/cz\/index.php\/producentem-noveho-alba-bude-howard-benson\/\" target=\"_blank\" rel=\"noopener\">producentem<\/a> alba bude <b>Howard Benson<\/b>. Nahr\u00e1v\u00e1n\u00ed trvalo celkem 3 m\u011bs\u00edce (a\u017e do kv\u011btna 2015).<\/p>\n<p>Dal\u0161\u00ed uk\u00e1zka se objevila d\u00edky po\u0159adu Acc\u00e8s illimit\u00e9 v b\u0159eznu 2015, kdy SP <a href=\"http:\/\/www.simpleplan.cz\/cz\/index.php\/poslechnete-si-prvni-ukazku-dema-nove-pisne-simple-plan-everything-sux\/\" target=\"_blank\" rel=\"noopener\">uk\u00e1zali<\/a> \u010d\u00e1st demo verze k p\u00edsni zvan\u00e9 <b>&#8222;Everything Sucks&#8220;<\/b>. Z\u00e1rove\u0148 zde kapela tak\u00e9 uk\u00e1zala \u010d\u00e1st p\u00edsn\u011b &#8222;Boom&#8220;. <img decoding=\"async\" style=\"margin: 20px;\" src=\"http:\/\/www.simpleplan.cz\/gal\/4532.gif\" alt=\"\" align=\"left\" \/>V \u010dervnu 2015 kapela <a href=\"http:\/\/www.simpleplan.cz\/cz\/index.php\/simple-plan-vydali-novou-pisen-saturday\/\" target=\"_blank\" rel=\"noopener\">vydala<\/a> prvn\u00ed celou verzi nov\u00e9 p\u00edsn\u011b zvan\u00e9  <b>&#8222;Saturday&#8220;<\/b>, kter\u00e1 v\u0161ak byla pozd\u011bji potvrzena jako pouze tzv. &#8222;buzz single&#8220;, kter\u00fd m\u011bl upoutat pozornost na vyd\u00e1n\u00ed nov\u00e9ho alba SP a kapela ji ch\u00e1pala sp\u00ed\u0161e jako dar fanou\u0161k\u016fm za jejich trp\u011bliv\u00e9 vy\u010dk\u00e1v\u00e1n\u00ed &#8211; p\u00edse\u0148 se v\u0161ak na fin\u00e1ln\u00ed tracklist alba nedostala. Prvn\u00ed plnou verz\u00ed p\u00edsn\u011b, kter\u00e1 se na albu objevila, byla p\u00edse\u0148 <b><a href=\"http:\/\/www.simpleplan.cz\/cz\/index.php\/simple-plan-vydali-videoklip-k-pisni-boom\/\" target=\"_blank\" rel=\"noopener\">&#8222;Boom&#8220;<\/a><\/b>, vydan\u00e1 v srpnu 2015 z\u00e1rove\u0148 se sv\u00fdm videoklipem, a o m\u011bs\u00edc pozd\u011bji ji n\u00e1sledovala <b><a href=\"http:\/\/www.simpleplan.cz\/cz\/index.php\/simple-plan-vydavaji-dalsi-novy-song-i-dont-wanna-be-sad\/\" target=\"_blank\" rel=\"noopener\">&#8222;I Don&#8217;t Wanna Be Sad&#8220;<\/a><\/b>. Ob\u011b tyto p\u00edsn\u011b byly tak\u00e9 pouh\u00fdmi buzz singly &#8211; <b>prvn\u00edm ofici\u00e1ln\u00edm singlem<\/b> z nov\u00e9 desky se stalo a\u017e <a href=\"http:\/\/www.simpleplan.cz\/cz\/index.php\/premiera-noveho-klipu-simple-plan-k-i-dont-wanna-go-to-bed-feat-nelly-specialni-host-david-hasselhoff\/\" target=\"_blank\" rel=\"noopener\"><b>&#8222;I Don&#8217;t Wanna Go To Bed&#8220; feat. Nelly<\/b><\/a> v \u0159\u00edjnu 2015 se sv\u00fdm videoklipem inspirovan\u00fdm Pob\u0159e\u017en\u00ed hl\u00eddkou. Tato p\u00edse\u0148 je z\u00e1rove\u0148 dostupn\u00e1 i ve <a href=\"http:\/\/www.simpleplan.cz\/cz\/index.php\/ukazka-francouzska-verze-i-dont-wanna-go-to-bed-od-simple-plan\/\" target=\"_blank\" rel=\"noopener\">francouzsk\u00e9 verzi<\/a>.<\/p>\n<p>V pr\u016fb\u011bhu podzimu 2015 si kapela uv\u011bdomila, \u017ee nov\u00e9 album je\u0161t\u011b nen\u00ed zcela dokonal\u00e9, a rozhodla se pro n\u011bkolik zm\u011bn. Proto se tak\u00e9 Pierre s Chuckem vr\u00e1tili zp\u00e1tky ke skl\u00e1d\u00e1n\u00ed \u010dty\u0159em dodate\u010dn\u00fdch p\u00edsn\u00ed, kter\u00e9 byly n\u00e1sledn\u011b <a href=\"http:\/\/www.simpleplan.cz\/cz\/index.php\/simple-plan-se-vydavaji-do-studia-nahrat-posledni-4-pisne\/\" target=\"_blank\" rel=\"noopener\">nahr\u00e1ny<\/a> op\u011bt ve West Valley studios<\/b> v L.A. v listopadu 2015.<\/p>\n<p>N\u00e1zev, datum vyd\u00e1n\u00ed a obal alba <b>&#8222;Taking One For The Team&#8220;<\/b>, kter\u00fd byl lad\u011bn do sportovn\u00edho duchu, byl <a href=\"http:\/\/www.simpleplan.cz\/cz\/index.php\/simple-plan-oznamili-nazev-alba-a-datum-vydani\/\" target=\"_blank\" rel=\"noopener\">ozn\u00e1men<\/a> v listopadu 2015. <b>Tracklist<\/b> alba kapela <a href=\"http:\/\/www.simpleplan.cz\/cz\/index.php\/simple-plan-odhalili-tracklist-a-odstartovali-predobjednavky-alba\/\" target=\"_blank\" rel=\"noopener\">ozn\u00e1mila<\/a> v prosinci 2015, kdy byly tak\u00e9 spu\u0161t\u011bny <a href=\"http:\/\/www.simpleplan.cz\/cz\/index.php\/simple-plan-odhalili-tracklist-a-odstartovali-predobjednavky-alba\/\" target=\"_blank\" rel=\"noopener\">p\u0159edobjedn\u00e1vky<\/a>.<\/p>\n<p><strong> <\/strong><\/p>\n<div style=\"padding-top:15px\"><\/div>\n<div class=\"musichead\">Singly:<\/div>\n<div class=\"musichead\"><center><font color=\"#9999ff\">ofici\u00e1ln\u00ed singly<\/font><\/center><\/div>\n<p><center><a href=\"http:\/\/www.simpleplan.cz\/cz\/index.php\/kapela\/diskografie\/i-dont-wanna-go-to-bed\/\" alt=\"I Don't Wanna Go To Bed\" title=\"I Don't Wanna Go To Bed\"><img decoding=\"async\" src=\"https:\/\/i.imgur.com\/gHN2eMa.png\"\/><\/a> <a href=\"http:\/\/www.simpleplan.cz\/cz\/index.php\/kapela\/diskografie\/singing-in-the-rain\/\" alt=\"Singing In The Rain\" title=\"Singing In The Rain\"><img decoding=\"async\" src=\"https:\/\/i.imgur.com\/fvULMSh.png\"\/><\/a> <a href=\"http:\/\/www.simpleplan.cz\/cz\/index.php\/kapela\/diskografie\/perfectly-perfect\/\" alt=\"Perfectly Perfect\" title=\"Perfectly Perfect\"><img decoding=\"async\" src=\"https:\/\/i.imgur.com\/Qnc6U0e.png\"\/><\/a><\/center><\/p>\n<div class=\"musichead\"><center><font color=\"#e75c6f\">buzz singly<\/font><\/center><\/div>\n<p><center><a href=\"http:\/\/www.simpleplan.cz\/cz\/index.php\/lyricscenter\/saturday\" alt=\"Saturday\" title=\"Saturday\"><img decoding=\"async\" src=\"https:\/\/i.imgur.com\/47w6Vih.png\"\/><\/a> <a href=\"http:\/\/www.simpleplan.cz\/cz\/index.php\/kapela\/diskografie\/boom\/\" alt=\"Boom!\" title=\"Boom!\"><img decoding=\"async\" src=\"https:\/\/i.imgur.com\/yZJePKY.png\"\/><\/a> <a href=\"http:\/\/www.simpleplan.cz\/cz\/index.php\/kapela\/diskografie\/i-dont-wanna-be-sad\/\" alt=\"I Don't Wanna Be Sad\" title=\"I Don't Wanna Be Sad\"><img decoding=\"async\" src=\"https:\/\/i.imgur.com\/QIGXDch.png\"\/><\/a> <a href=\"http:\/\/www.simpleplan.cz\/cz\/index.php\/kapela\/diskografie\/opinion-overload\/\" alt=\"Opinion Overload\" title=\"Opinion Overload\"><img decoding=\"async\" src=\"https:\/\/i.imgur.com\/WlDmje6.png\"\/><\/a> <a href=\"http:\/\/www.simpleplan.cz\/cz\/index.php\/lyricscenter\/christmas-every-day\/\" alt=\"Christmas Every Day\" title=\"Christmas Every Day\"><img decoding=\"async\" src=\"https:\/\/i.imgur.com\/g2ITaG5.png\"\/><\/a><\/center><\/p>\n<div style=\"padding-top:15px\"><\/div>\n<div class=\"musichead\">Styl desky:<\/div>\n<p>Co se t\u00fd\u010de stylu alba, v kv\u011btnu Pierre v <a href=\"http:\/\/www.simpleplan.cz\/cz\/index.php\/simple-plan-se-pro-nove-album-nechavaji-inspirovat-70-lety\/\" title=\"Simple Plan se pro nov\u00e9 album nech\u00e1vaj\u00ed inspirovat 70. l\u00e9ty\">rozhovoru<\/a> pro ET Canada prozradil, \u017ee by se m\u011blo jednat o <b>&#8222;n\u00e1vrat do 70. let&#8220;<\/b>. Z\u00e1rove\u0148 ozn\u00e1mil, \u017ee kapela m\u00e1 hotovo (resp. naps\u00e1no) asi <b>p\u016flku alba<\/b>.<\/p>\n<p>V <a href=\"http:\/\/www.simpleplan.cz\/cz\/index.php\/rekapitulace-pierre-v-patrickove-poradu-ca-commence-bien\/\" title=\"REKAPITULACE: Pierre v Patrickov\u011b po\u0159adu \u201a\u00c7a Commence Bien\u2018\">rozhovoru<\/a> pro \u00c7a Commence Bien v \u010dervnu 2014, Pierre \u0159ekl, \u017ee v procesu skl\u00e1d\u00e1n\u00ed p\u00edsn\u00ed pro nov\u00e9 album byli inspirov\u00e1ni <b>velk\u00fdmi kapelami ze 60. let<\/b>. Tak\u00e9 dodal, \u017ee fanou\u0161ci mohou o\u010dek\u00e1vat v\u00edce <b>&#8222;tane\u010dn\u00edch&#8220; p\u00edsn\u00ed<\/b> (ve smyslu dynamick\u00fdch), ale \u017ee cel\u00e9 album se bude skl\u00e1dat z p\u00edsn\u00ed rozmanit\u00fdch styl\u016f.<\/p>\n<p>V lednov\u00e9m (2015) rozhovoru Chuck Comeau <a href=\"http:\/\/www.simpleplan.cz\/cz\/index.php\/nove-album-simple-plan-bude-obsahovat-pisne-o-spolecenskych-problemech\/\" title=\"Nov\u00e9 album Simple Plan bude obsahovat p\u00edsn\u011b o spole\u010densk\u00fdch probl\u00e9mech\" target=\"_blank\" rel=\"noopener\">zm\u00ednil<\/a>, \u017ee n\u011bkter\u00e9 z p\u00edsn\u00ed, kter\u00e9 se na albu objev\u00ed, budou pokr\u00fdvat <b>t\u00e9mata t\u00fdkaj\u00edc\u00ed se r\u016fzn\u00fdch spole\u010densk\u00fdch probl\u00e9m\u016f<\/b>.<\/p>\n<p>B\u011bhem promo turn\u00e9 k nov\u00e9mu albu v listopadu 2015 kapela <a href=\"http:\/\/www.simpleplan.cz\/cz\/index.php\/rekapitulace-promo-vyletu-simple-plan-potvrdili-mozny-navrat-do-evropy-na-samem-zacatku-2016-a-mnoho-dalsiho\/\" target=\"_blank\" rel=\"noopener\">potvrdila<\/a>, \u017ee se na albu objev\u00ed n\u011bkolik experiment\u00e1ln\u00edch p\u00edsn\u00ed (nap\u0159.&#8220;I Don&#8217;t Wanna Go To Bed&#8220;), minim\u00e1ln\u011b polovina alba se v\u0161ak bude skl\u00e1d\u00e1 z p\u00edsn\u00ed s jejich tradi\u010dn\u00edm old-school pop-punkov\u00fdm zvukem, s t\u00edm, \u017ee n\u011bkolik p\u00edsn\u00ed Simple Plan pova\u017euj\u00ed dokonce za ty nejv\u00edce rockov\u00e9, kter\u00e9 kdy napsali. Nehled\u011b tak\u00e9 na mno\u017estv\u00ed balad, kter\u00e9 se v tomto mixu tak\u00e9 objev\u00ed. <\/p>\n<p><strong> <\/strong><\/p>\n<div class=\"musichead\">Na tvorb\u011b alba se pod\u00edleli:<\/div>\n<p><center><\/p>\n<table class=\"stats2\" cellspacing=\"0\" padding-top=\"0px\">\n<tbody>\n<tr>\n<td class=\"hed\">Taking One For The Team:<\/td>\n<\/tr>\n<tr>\n<td><b>Producent:<\/b> Howard Benson<\/td>\n<\/tr>\n<tr>\n<td><b>Mix\u00e1\u017e:<\/b> Neal Avrone<\/td>\n<\/tr>\n<tr>\n<td><b>Audio in\u017een\u00fdr\/Mix\u00e9r:<\/b> Mike Plotnikoff, Hatsukazu Inagaki<\/td>\n<\/tr>\n<tr>\n<td><b>Digit\u00e1ln\u00ed editing:<\/b> Paul DeCarli<\/td>\n<\/tr>\n<tr>\n<td><b>Programov\u00e1n\u00ed a keyboard:<\/b> Lenny Skolnik, Jonny Litten<\/td>\n<\/tr>\n<tr>\n<td><b>Featuringy:<\/b> Jordan Pundik (New Found Glory), Juliet Simms, R. City, Nelly<\/td>\n<\/tr>\n<tr>\n<td><b>Dodate\u010dn\u00e9 zadn\u00ed vok\u00e1ly:<\/b> Pierre Bouvier, Chuck Comeau, David Desrosiers, Sebastien Lefebvre, Jeff Stinco, Lenny Skolnik, Jonny Litten, Chady Awad, Melanie Fontana, Sidnie Tipton, Myah Langston<\/td>\n<\/tr>\n<tr>\n<td><b>Technik na bic\u00ed:<\/b> Gersh<\/td>\n<\/tr>\n<tr>\n<td><b>Kytarov\u00fd technik:<\/b> Marc VanGool<\/td>\n<\/tr>\n<tr>\n<td><b>Pomocn\u00ed mix\u00e9\u0159i:<\/b> Wendell Teague a Chris Bousquet<\/td>\n<\/tr>\n<tr>\n<td><b>Dodate\u010dn\u00e9 bic\u00ed:<\/b> Lenny Castro<\/td>\n<\/tr>\n<tr>\n<td><b>Dechov\u00e9 n\u00e1stroje:<\/b> Miguel Gandelman (saxofon), Mike Eyia (saxofon) a Ludo Louis (trubka)<\/td>\n<\/tr>\n<tr>\n<td><b>Fotografie:<\/b> Adam Elmakias, Chady Awad, Brandon Sloter<\/td>\n<\/tr>\n<\/tbody>\n<\/table>\n<p><\/center><\/p>\n<div class=\"fblikebutton_button\" style=\"float: left; padding-top: 20px; margin-right: 20px; padding-bottom: 20px; padding-left: 20px;\"><iframe src=\"http:\/\/www.facebook.com\/plugins\/like.php?href=https%3A%2F%2Fwww.simpleplan.cz%2Fcz%2Findex.php%2Fkapela%2Fdiskografie%2Ftoftt%2F&amp;layout=standard&amp;show-faces=false&amp;width=450&amp;action=like&amp;colorscheme=light\" scrolling=\"no\" frameborder=\"0\" allowTransparency=\"true\" style=\"border:none; overflow:hidden; width:450px; height:26px\"><\/iframe><\/div>\n","protected":false},"excerpt":{"rendered":"<p>Datum vyd\u00e1n\u00ed: 19. \u00fanora 2016 Producent: Howard Benson Studio: West Valley Studios \/ Sparky Dark<\/p>\n","protected":false},"author":5,"featured_media":0,"parent":5273,"menu_order":0,"comment_status":"open","ping_status":"open","template":"page-templates\/full-width.php","meta":{"footnotes":""},"yoast_head":"<!-- This site is optimized with the Yoast SEO plugin v20.9 - https:\/\/yoast.com\/wordpress\/plugins\/seo\/ -->\n<title>Taking One For The Team | CZ: SimplePlan.cz<\/title>\n<meta name=\"robots\" content=\"index, follow, max-snippet:-1, max-image-preview:large, max-video-preview:-1\" \/>\n<link rel=\"canonical\" href=\"https:\/\/www.simpleplan.cz\/cz\/index.php\/kapela\/diskografie\/toftt\/\" \/>\n<meta property=\"og:locale\" content=\"cs_CZ\" \/>\n<meta property=\"og:type\" content=\"article\" \/>\n<meta property=\"og:title\" content=\"Taking One For The Team | CZ: SimplePlan.cz\" \/>\n<meta property=\"og:description\" content=\"Datum vyd\u00e1n\u00ed: 19. \u00fanora 2016 Producent: Howard Benson Studio: West Valley Studios \/ Sparky Dark\" \/>\n<meta property=\"og:url\" content=\"https:\/\/www.simpleplan.cz\/cz\/index.php\/kapela\/diskografie\/toftt\/\" \/>\n<meta property=\"og:site_name\" content=\"CZ: SimplePlan.cz\" \/>\n<meta property=\"article:publisher\" content=\"http:\/\/www.facebook.com\/simpleplancz\" \/>\n<meta property=\"article:modified_time\" content=\"2023-06-26T07:29:57+00:00\" \/>\n<meta property=\"og:image\" content=\"http:\/\/www.simpleplan.cz\/gal\/4503.gif\" \/>\n<meta name=\"twitter:card\" content=\"summary_large_image\" \/>\n<meta name=\"twitter:site\" content=\"@simpleplancz\" \/>\n<meta name=\"twitter:label1\" content=\"Odhadovan\u00e1 doba \u010dten\u00ed\" \/>\n\t<meta name=\"twitter:data1\" content=\"5 minut\" \/>\n<script type=\"application\/ld+json\" class=\"yoast-schema-graph\">{\"@context\":\"https:\/\/schema.org\",\"@graph\":[{\"@type\":\"WebPage\",\"@id\":\"https:\/\/www.simpleplan.cz\/cz\/index.php\/kapela\/diskografie\/toftt\/\",\"url\":\"https:\/\/www.simpleplan.cz\/cz\/index.php\/kapela\/diskografie\/toftt\/\",\"name\":\"Taking One For The Team | CZ: SimplePlan.cz\",\"isPartOf\":{\"@id\":\"https:\/\/www.simpleplan.cz\/cz\/#website\"},\"datePublished\":\"2013-11-29T19:31:31+00:00\",\"dateModified\":\"2023-06-26T07:29:57+00:00\",\"breadcrumb\":{\"@id\":\"https:\/\/www.simpleplan.cz\/cz\/index.php\/kapela\/diskografie\/toftt\/#breadcrumb\"},\"inLanguage\":\"cs\",\"potentialAction\":[{\"@type\":\"ReadAction\",\"target\":[\"https:\/\/www.simpleplan.cz\/cz\/index.php\/kapela\/diskografie\/toftt\/\"]}]},{\"@type\":\"BreadcrumbList\",\"@id\":\"https:\/\/www.simpleplan.cz\/cz\/index.php\/kapela\/diskografie\/toftt\/#breadcrumb\",\"itemListElement\":[{\"@type\":\"ListItem\",\"position\":1,\"name\":\"Dom\u016f\",\"item\":\"https:\/\/www.simpleplan.cz\/cz\/\"},{\"@type\":\"ListItem\",\"position\":2,\"name\":\"Kapela\",\"item\":\"https:\/\/www.simpleplan.cz\/cz\/index.php\/kapela\/\"},{\"@type\":\"ListItem\",\"position\":3,\"name\":\"Diskografie\",\"item\":\"https:\/\/www.simpleplan.cz\/cz\/index.php\/kapela\/diskografie\/\"},{\"@type\":\"ListItem\",\"position\":4,\"name\":\"Taking One For The Team\"}]},{\"@type\":\"WebSite\",\"@id\":\"https:\/\/www.simpleplan.cz\/cz\/#website\",\"url\":\"https:\/\/www.simpleplan.cz\/cz\/\",\"name\":\"CZ: SimplePlan.cz\",\"description\":\"Nejlep\u0161\u00ed zdroj informac\u00ed o kapele Simple Plan\",\"publisher\":{\"@id\":\"https:\/\/www.simpleplan.cz\/cz\/#organization\"},\"potentialAction\":[{\"@type\":\"SearchAction\",\"target\":{\"@type\":\"EntryPoint\",\"urlTemplate\":\"https:\/\/www.simpleplan.cz\/cz\/?s={search_term_string}\"},\"query-input\":\"required name=search_term_string\"}],\"inLanguage\":\"cs\"},{\"@type\":\"Organization\",\"@id\":\"https:\/\/www.simpleplan.cz\/cz\/#organization\",\"name\":\"CZ: SimplePlan.cz\",\"url\":\"https:\/\/www.simpleplan.cz\/cz\/\",\"logo\":{\"@type\":\"ImageObject\",\"inLanguage\":\"cs\",\"@id\":\"https:\/\/www.simpleplan.cz\/cz\/#\/schema\/logo\/image\/\",\"url\":\"https:\/\/www.simpleplan.cz\/cz\/wp-content\/uploads\/spczlogo.png\",\"contentUrl\":\"https:\/\/www.simpleplan.cz\/cz\/wp-content\/uploads\/spczlogo.png\",\"width\":250,\"height\":190,\"caption\":\"CZ: SimplePlan.cz\"},\"image\":{\"@id\":\"https:\/\/www.simpleplan.cz\/cz\/#\/schema\/logo\/image\/\"},\"sameAs\":[\"http:\/\/www.facebook.com\/simpleplancz\",\"https:\/\/twitter.com\/simpleplancz\",\"http:\/\/www.instagram.com\/simpleplancz\",\"http:\/\/www.youtube.com\/simpleplancz\"]}]}<\/script>\n<!-- \/ Yoast SEO plugin. -->","yoast_head_json":{"title":"Taking One For The Team | CZ: SimplePlan.cz","robots":{"index":"index","follow":"follow","max-snippet":"max-snippet:-1","max-image-preview":"max-image-preview:large","max-video-preview":"max-video-preview:-1"},"canonical":"https:\/\/www.simpleplan.cz\/cz\/index.php\/kapela\/diskografie\/toftt\/","og_locale":"cs_CZ","og_type":"article","og_title":"Taking One For The Team | CZ: SimplePlan.cz","og_description":"Datum vyd\u00e1n\u00ed: 19. \u00fanora 2016 Producent: Howard Benson Studio: West Valley Studios \/ Sparky Dark","og_url":"https:\/\/www.simpleplan.cz\/cz\/index.php\/kapela\/diskografie\/toftt\/","og_site_name":"CZ: SimplePlan.cz","article_publisher":"http:\/\/www.facebook.com\/simpleplancz","article_modified_time":"2023-06-26T07:29:57+00:00","og_image":[{"url":"http:\/\/www.simpleplan.cz\/gal\/4503.gif"}],"twitter_card":"summary_large_image","twitter_site":"@simpleplancz","twitter_misc":{"Odhadovan\u00e1 doba \u010dten\u00ed":"5 minut"},"schema":{"@context":"https:\/\/schema.org","@graph":[{"@type":"WebPage","@id":"https:\/\/www.simpleplan.cz\/cz\/index.php\/kapela\/diskografie\/toftt\/","url":"https:\/\/www.simpleplan.cz\/cz\/index.php\/kapela\/diskografie\/toftt\/","name":"Taking One For The Team | CZ: SimplePlan.cz","isPartOf":{"@id":"https:\/\/www.simpleplan.cz\/cz\/#website"},"datePublished":"2013-11-29T19:31:31+00:00","dateModified":"2023-06-26T07:29:57+00:00","breadcrumb":{"@id":"https:\/\/www.simpleplan.cz\/cz\/index.php\/kapela\/diskografie\/toftt\/#breadcrumb"},"inLanguage":"cs","potentialAction":[{"@type":"ReadAction","target":["https:\/\/www.simpleplan.cz\/cz\/index.php\/kapela\/diskografie\/toftt\/"]}]},{"@type":"BreadcrumbList","@id":"https:\/\/www.simpleplan.cz\/cz\/index.php\/kapela\/diskografie\/toftt\/#breadcrumb","itemListElement":[{"@type":"ListItem","position":1,"name":"Dom\u016f","item":"https:\/\/www.simpleplan.cz\/cz\/"},{"@type":"ListItem","position":2,"name":"Kapela","item":"https:\/\/www.simpleplan.cz\/cz\/index.php\/kapela\/"},{"@type":"ListItem","position":3,"name":"Diskografie","item":"https:\/\/www.simpleplan.cz\/cz\/index.php\/kapela\/diskografie\/"},{"@type":"ListItem","position":4,"name":"Taking One For The Team"}]},{"@type":"WebSite","@id":"https:\/\/www.simpleplan.cz\/cz\/#website","url":"https:\/\/www.simpleplan.cz\/cz\/","name":"CZ: SimplePlan.cz","description":"Nejlep\u0161\u00ed zdroj informac\u00ed o kapele Simple Plan","publisher":{"@id":"https:\/\/www.simpleplan.cz\/cz\/#organization"},"potentialAction":[{"@type":"SearchAction","target":{"@type":"EntryPoint","urlTemplate":"https:\/\/www.simpleplan.cz\/cz\/?s={search_term_string}"},"query-input":"required name=search_term_string"}],"inLanguage":"cs"},{"@type":"Organization","@id":"https:\/\/www.simpleplan.cz\/cz\/#organization","name":"CZ: SimplePlan.cz","url":"https:\/\/www.simpleplan.cz\/cz\/","logo":{"@type":"ImageObject","inLanguage":"cs","@id":"https:\/\/www.simpleplan.cz\/cz\/#\/schema\/logo\/image\/","url":"https:\/\/www.simpleplan.cz\/cz\/wp-content\/uploads\/spczlogo.png","contentUrl":"https:\/\/www.simpleplan.cz\/cz\/wp-content\/uploads\/spczlogo.png","width":250,"height":190,"caption":"CZ: SimplePlan.cz"},"image":{"@id":"https:\/\/www.simpleplan.cz\/cz\/#\/schema\/logo\/image\/"},"sameAs":["http:\/\/www.facebook.com\/simpleplancz","https:\/\/twitter.com\/simpleplancz","http:\/\/www.instagram.com\/simpleplancz","http:\/\/www.youtube.com\/simpleplancz"]}]}},"_links":{"self":[{"href":"https:\/\/www.simpleplan.cz\/cz\/index.php\/wp-json\/wp\/v2\/pages\/14244"}],"collection":[{"href":"https:\/\/www.simpleplan.cz\/cz\/index.php\/wp-json\/wp\/v2\/pages"}],"about":[{"href":"https:\/\/www.simpleplan.cz\/cz\/index.php\/wp-json\/wp\/v2\/types\/page"}],"author":[{"embeddable":true,"href":"https:\/\/www.simpleplan.cz\/cz\/index.php\/wp-json\/wp\/v2\/users\/5"}],"replies":[{"embeddable":true,"href":"https:\/\/www.simpleplan.cz\/cz\/index.php\/wp-json\/wp\/v2\/comments?post=14244"}],"version-history":[{"count":146,"href":"https:\/\/www.simpleplan.cz\/cz\/index.php\/wp-json\/wp\/v2\/pages\/14244\/revisions"}],"predecessor-version":[{"id":33075,"href":"https:\/\/www.simpleplan.cz\/cz\/index.php\/wp-json\/wp\/v2\/pages\/14244\/revisions\/33075"}],"up":[{"embeddable":true,"href":"https:\/\/www.simpleplan.cz\/cz\/index.php\/wp-json\/wp\/v2\/pages\/5273"}],"wp:attachment":[{"href":"https:\/\/www.simpleplan.cz\/cz\/index.php\/wp-json\/wp\/v2\/media?parent=14244"}],"curies":[{"name":"wp","href":"https:\/\/api.w.org\/{rel}","templated":true}]}}