{"id":14362,"date":"2013-12-08T14:38:15","date_gmt":"2013-12-08T13:38:15","guid":{"rendered":"http:\/\/www.simpleplan.cz\/cz\/?page_id=14362"},"modified":"2023-06-26T09:29:58","modified_gmt":"2023-06-26T07:29:58","slug":"the-rest-of-us","status":"publish","type":"page","link":"https:\/\/www.simpleplan.cz\/cz\/index.php\/kapela\/diskografie\/the-rest-of-us\/","title":{"rendered":"The Rest Of Us"},"content":{"rendered":"<div class=\"pagecontent\">\n<div class=\"girls\"><b><u>Z\u00e1kladn\u00ed info<\/u><\/b><\/div>\n<p><b>Album:<\/b> Get Your Heart On!<br \/>\n<b>Auto\u0159i textu:<\/b> Pierre Bouvier, Chuck Comeau, Nolan Sipe a Ryan Petersen<br \/>\n<b>Dodate\u010dn\u00e1 spolupr\u00e1ce:<\/b> Brian Howes (produkce)<br \/>\n<b>D\u00e9lka p\u00edsn\u011b:<\/b> 3:14<br \/>\n<b>Datum vyd\u00e1n\u00ed videoklipu:<\/b> 3. prosince 2013<\/p>\n<div class=\"girls\"><b><u>V\u00fdznam p\u00edsn\u011b<\/u><\/b><\/div>\n<p><b>The Rest Of Us<\/b> byla pops\u00e1na jako hymna vyvrhel\u016f spole\u010dnosti, tedy t\u011bch, kte\u0159\u00ed si v\u017edy p\u0159ipadali, jako kdyby mezi ostatn\u00ed nezapadali.<\/p>\n<blockquote><p><i><b>&#8222;Je to hymna pro v\u0161echny norm\u00e1ln\u00ed lidi.<\/b> P\u0159ipijme v\u0161em norm\u00e1ln\u00edm lidem!&#8220;<\/i><br \/>\n<center>&#8211; Seb Lefebvre &#8211;<\/center><\/p><\/blockquote>\n<blockquote><p><i>&#8222;\u010clov\u011bk vid\u00ed v\u0161echny ty \u00fa\u017easn\u00e9 a z\u00e1rove\u0148 \u0161\u00edlen\u00e9 \u017eivoty v bulv\u00e1rn\u00edch \u010dasopisech a v\u0161echny ty reality show nebo v\u0161echny ty slavn\u00e9 lidi a \u0159\u00edk\u00e1 si: &#8218;Tohle ale p\u0159ece nejsme my!&#8216; A j\u00e1 bych ani necht\u011bl, abychom jimi byli. Tak\u017ee tahle p\u00edse\u0148 je tak trochu hymnou t\u011bm, kter\u00fdm <b>se v\u011bci n\u011bkdy nepoda\u0159\u00ed, nebo t\u011bm, kter\u00fdm p\u0159ijde, \u017ee na n\u011bco nesta\u010d\u00ed<\/b>, o tom ta p\u00edse\u0148 je. A st\u00e1v\u00e1 se to v\u0161em &#8211; dokonce i t\u011bm slavn\u00fdm a bohat\u00fdm.&#8220;<\/i><br \/>\n<center> &#8211; Chuck Comeau &#8211;<\/center><\/p><\/blockquote>\n<blockquote><p><i>&#8222;Mysl\u00edm si, \u017ee je to p\u00edse\u0148, kter\u00e1 promlouv\u00e1 ke mn\u011b, a promlouv\u00e1 i k na\u0161im fanou\u0161k\u016fm. Je to p\u00edse\u0148, kter\u00e1 \u0159\u00edk\u00e1: &#8218;Hey! Mo\u017en\u00e1 nejsme ten perfektn\u00ed obr\u00e1zek toho, co znamen\u00e1 \u00fasp\u011bch nebo perfektnost, nebo to, co by \u010dlov\u011bk m\u011bl d\u011blat, nebo to, co od n\u00e1s ostatn\u00ed o\u010dek\u00e1vaj\u00ed. Ale to je v po\u0159\u00e1dku!&#8216; A je to takov\u00fd p\u0159\u00edpitek tady tomu v\u0161emu. Na n\u00e1s! Mo\u017en\u00e1 jsme odli\u0161n\u00ed, ale i tak m\u016f\u017eeme dos\u00e1hnout skv\u011bl\u00fdch v\u011bc\u00ed. A p\u0159ijde mi, \u017ee co se t\u00fdk\u00e1 i n\u00e1s jako kapely &#8211; i dnes &#8211; i p\u0159esto, \u017ee je vid\u011bt, \u017ee jsme m\u011bli n\u011bjak\u00fd \u00fasp\u011bch, a \u017ee se na\u0161\u00ed kapele da\u0159\u00ed, prozat\u00edm m\u00e1me skv\u011blou kari\u00e9ru. Ale kdy\u017e jsme za\u010d\u00ednali, tak jsme byli jen skupina kluk\u016f, kte\u0159\u00ed snili o tom b\u00fdt v kapele a dos\u00e1hnout n\u011b\u010deho jin\u00e9ho. A p\u0159ijde mi, \u017ee po\u0159\u00e1d tuhle mentalitu m\u00e1me a po\u0159\u00e1d to tak c\u00edt\u00edme. <b>Ikdy\u017e m\u00e1me po cel\u00e9m sv\u011bt\u011b mnoho fanou\u0161k\u016f, po\u0159\u00e1d se c\u00edt\u00edme jako takov\u00ed vyd\u011bd\u011bnci, a jsme tak trochu odli\u0161n\u00ed. A o tom tahle p\u00edse\u0148 je. Je v po\u0159\u00e1dku b\u00fdt odli\u0161n\u00fd.<\/b> Nemus\u00ed\u0161 b\u00fdt jako ka\u017ed\u00fd jin\u00fd. A dokonce si mysl\u00edm, \u017ee bys takov\u00fd b\u00fdt nem\u011bl, proto\u017ee li\u0161it se t\u011b n\u011bkdy m\u016f\u017ee dov\u00e9st ke sv\u011bl\u00fdm v\u011bcem. Co\u017e se stalo t\u0159eba pr\u00e1v\u011b n\u00e1m v Simple Plan.&#8220;<\/i><br \/>\n<center> &#8211; Pierre Bouvier &#8211;<\/center>\n<\/p><\/blockquote>\n<div class=\"girls\"><b><u>Videoklip<\/u><\/b><\/div>\n<p><center><iframe width=\"480\" height=\"280\" src=\"\/\/www.youtube.com\/embed\/iHFpVniBcJM\" frameborder=\"0\" allowfullscreen><\/iframe><\/center><\/p>\n<div class=\"girls\"><b><u>Text p\u00edsn\u011b<\/u><\/b><\/div>\n<p><center><br \/>\nI&#8217;m okay, I&#8217;m okay,<br \/>\nKinda being awkward socially<br \/>\nWith the fact that the girls<br \/>\nDon&#8217;t lose their shit when they look at me <\/center><\/p>\n<p><center>It&#8217;s okay, it&#8217;s okay,<br \/>\nThat I&#8217;m not that good at anything<br \/>\nAnd I don&#8217;t hit the notes perfectly<br \/>\nWhen I try to sing<\/center><\/p>\n<p><center>Oh-oh I know I am not alone<br \/>\nSo turn the music up and let go<br \/>\n<\/center><br \/>\n<center>Here&#8217;s to the rest of us<br \/>\nTo all the ones that never felt they were good enough<br \/>\nI wanna hear it for the chased and confused<br \/>\nThe freaks and the losers<br \/>\nLet&#8217;s point them up<br \/>\nHere&#8217;s to the rest of us<br \/>\nThe rest of us<\/center><\/p>\n<p><center>I&#8217;m okay, I&#8217;m okay<br \/>\nI don&#8217;t need to be a billionaire<br \/>\n(So fricking bad!)<br \/>\nAnd my trust fund hopes are looking sad <\/center><\/p>\n<p><center>I confess, I&#8217;m a mess<br \/>\nI&#8217;m perfectly dysfunctional<br \/>\nBut I don&#8217;t give a damn<br \/>\nIf you feel the same<br \/>\nLet me hear you sing<\/center><\/p>\n<p><center>Oh-oh I know I am not alone<br \/>\nSo turn the music up and let go<br \/>\nHere&#8217;s to the rest of us<br \/>\nTo all the ones that never felt they were good enough<br \/>\nI wanna hear it for the chased and confused<br \/>\nThe freaks and the losers<br \/>\nLet&#8217;s point them up<br \/>\nLet&#8217;s point them up-up-up<\/center><\/p>\n<p><center>Here&#8217;s to the rest of us<br \/>\nWe do it better than the rich and the fabulous<br \/>\nI wanna hear it for the nothing to lose<br \/>\nWith something to prove<br \/>\nLet&#8217;s point them up<br \/>\nHere&#8217;s to the rest of us<\/center><\/p>\n<p><center>We don&#8217;t need to apologize for anything<br \/>\nOh-oh Oh-oh<br \/>\nWe&#8217;re who we are<br \/>\nI just wanna hear you sing<\/center><\/p>\n<p><center>Oh-oh I know I am not alone<br \/>\nHere&#8217;s to the rest of us<br \/>\nTo all the ones that never felt they were good enough<br \/>\nI wanna hear it for the chased and confused<br \/>\nThe freaks and the losers<br \/>\nLet&#8217;s point them up<br \/>\nLet&#8217;s point them up-up-up<\/center><\/p>\n<p><center>Here&#8217;s to the rest of us<br \/>\nWe do it better than the rich and the fabulous<br \/>\nI wanna hear it for the nothing to lose<br \/>\nWith something to prove<br \/>\nLet&#8217;s point them up<br \/>\nHere&#8217;s to the rest of us<\/center><\/p>\n<p><center>The lost, the geeks, the rejects, the losers<br \/>\nThe wrong, the freaks, the hopeless, the future<br \/>\nThe lost, the geeks, the rejects, the losers<br \/>\nThe wrong, the freaks, the hopeless, the future<br \/>\nThe rest of us<br \/>\n<\/center><\/p>\n<div class=\"girls\"><b><u>\u010cesk\u00fd p\u0159eklad<\/u><\/b><\/div>\n<p><center><br \/>\nJsem v pohod\u011b, jsem v pohod\u011b<br \/>\nJen jsem trochu spole\u010densky divnej<br \/>\nA holky<br \/>\nHned ne\u0161\u00edl\u00ed, kdy\u017e se na m\u011b pod\u00edvaj\u00ed<\/center><\/p>\n<p><center>Je to v pohod\u011b, je to v pohod\u011b<br \/>\n\u017de v ni\u010dem nejsem dobrej<br \/>\nA nedos\u00e1hnu not \u00fapln\u011b perfektn\u011b<br \/>\nKdy\u017e se sna\u017e\u00edm zp\u00edvat<\/center><\/p>\n<p><center>Oh-oh V\u00edm, \u017ee nejsem s\u00e1m<br \/>\nTak zesil tu muziku a uvolni se <\/center><\/p>\n<p><center>P\u0159ip\u00edj\u00edm na n\u00e1s ostatn\u00ed<br \/>\nNa n\u00e1s, co jsme se v\u017edycky c\u00edt\u00edli, jako\u017ee nejsme dost dob\u0159\u00ed<br \/>\nP\u0159ip\u00edj\u00edm na ty pron\u00e1sledovan\u00e9 a zmaten\u00e9<br \/>\nNa ty podiv\u00edny a b\u0159\u00eddily<br \/>\nUka\u017eme si na n\u011b<br \/>\nP\u0159ip\u00edj\u00edm na n\u00e1s ostatn\u00ed<br \/>\nNa n\u00e1s ostatn\u00ed<\/center><\/p>\n<p><center>Jsem v pohod\u011b, jsem v pohod\u011b<br \/>\nNechci b\u00fdt miliard\u00e1\u0159em<br \/>\n(Tak hrozn\u011b moc!)<br \/>\nA m\u016fj sv\u011b\u0159eneck\u00fd fond vypad\u00e1 zoufale <\/center><\/p>\n<p><center>P\u0159izn\u00e1v\u00e1m se, jsem mimo<br \/>\nJsem perfektn\u011b dysfunk\u010dn\u00ed<br \/>\nAle je mi to fuk<br \/>\nA jestli se c\u00edt\u00ed\u0161 stejn\u011b<br \/>\nTak a\u0165 t\u011b sly\u0161\u00edm zp\u00edvat<\/center><\/p>\n<p><center>Oh-oh V\u00edm, \u017ee nejsem s\u00e1m<br \/>\nTak zesil tu muziku a uvolni se <\/center><\/p>\n<p><center>P\u0159ip\u00edj\u00edm na n\u00e1s ostatn\u00ed<br \/>\nNa n\u00e1s, co jsme se v\u017edycky c\u00edt\u00edli, jako\u017ee nejsme dost dob\u0159\u00ed<br \/>\nP\u0159ip\u00edj\u00edm na ty pron\u00e1sledovan\u00e9 a zmaten\u00e9<br \/>\nNa ty podiv\u00edny a b\u0159\u00eddily<br \/>\nUka\u017eme si na n\u011b<br \/>\nUka\u017eme si na n\u011b, na n\u011b, na n\u011b <\/center><\/p>\n<p><center>P\u0159ip\u00edj\u00edm na n\u00e1s ostatn\u00ed<br \/>\nD\u011bl\u00e1me v\u0161e l\u00edp, ne\u017e ti bohat\u00ed a \u00fa\u017easn\u00ed<br \/>\nP\u0159ip\u00edj\u00edm na to, \u017ee nem\u00e1me co ztratit<br \/>\nA chceme n\u011bco dok\u00e1zat<br \/>\nUka\u017eme si na n\u011b<br \/>\nP\u0159ip\u00edj\u00edm na n\u00e1s ostatn\u00ed <\/center><\/p>\n<p><center>My se nem\u00e1me za co omlouvat<br \/>\nOh-oh Oh-oh<br \/>\nJsem, kdo jsme<br \/>\nJen v\u00e1s chci sly\u0161et zp\u00edvat<\/center><\/p>\n<p><center>Oh-oh V\u00edm, \u017ee nejsem s\u00e1m<br \/>\nP\u0159ip\u00edj\u00edm na n\u00e1s ostatn\u00ed<br \/>\nNa n\u00e1s, co jsme se v\u017edycky c\u00edt\u00edli, jako\u017ee nejsme dost dob\u0159\u00ed<br \/>\nP\u0159ip\u00edj\u00edm na ty pron\u00e1sledovan\u00e9 a zmaten\u00e9<br \/>\nNa ty podiv\u00edny a b\u0159\u00eddily<br \/>\nUka\u017eme si na n\u011b<br \/>\nP\u0159ip\u00edj\u00edm na n\u00e1s ostatn\u00ed<br \/>\nNa n\u00e1s ostatn\u00ed<\/center><\/p>\n<p><center>P\u0159ip\u00edj\u00edm na n\u00e1s ostatn\u00ed<br \/>\nD\u011bl\u00e1me v\u0161e l\u00edp, ne\u017e ti bohat\u00ed a \u00fa\u017easn\u00ed<br \/>\nP\u0159ip\u00edj\u00edm na to, \u017ee nem\u00e1me co ztratit<br \/>\nA chceme n\u011bco dok\u00e1zat<br \/>\nUka\u017eme si na n\u011b<br \/>\nP\u0159ip\u00edj\u00edm na n\u00e1s ostatn\u00ed <\/center><\/p>\n<p><center>Ztracen\u00ed, podiv\u00edni, odm\u00edtnut\u00ed, lose\u0159i<br \/>\n\u0160patn\u00ed, divn\u00ed, beznad\u011bjn\u00ed, na\u0161e budoucnost<br \/>\nZtracen\u00ed, podiv\u00edni, odm\u00edtnut\u00ed, lose\u0159i<br \/>\n\u0160patn\u00ed, divn\u00ed, beznad\u011bjn\u00ed, na\u0161e budoucnost<br \/>\nMy ostatn\u00ed<\/p>\n<p><\/center><\/p>\n<\/div>\n<div class=\"fblikebutton_button\" style=\"float: left; padding-top: 20px; margin-right: 20px; padding-bottom: 20px; padding-left: 20px;\"><iframe src=\"http:\/\/www.facebook.com\/plugins\/like.php?href=https%3A%2F%2Fwww.simpleplan.cz%2Fcz%2Findex.php%2Fkapela%2Fdiskografie%2Fthe-rest-of-us%2F&amp;layout=standard&amp;show-faces=false&amp;width=450&amp;action=like&amp;colorscheme=light\" scrolling=\"no\" frameborder=\"0\" allowTransparency=\"true\" style=\"border:none; overflow:hidden; width:450px; height:26px\"><\/iframe><\/div>\n","protected":false},"excerpt":{"rendered":"<p>Z\u00e1kladn\u00ed info Album: Get Your Heart On! Auto\u0159i textu: Pierre Bouvier, Chuck Comeau, Nolan Sipe<\/p>\n","protected":false},"author":5,"featured_media":0,"parent":5273,"menu_order":0,"comment_status":"open","ping_status":"open","template":"page-templates\/full-width.php","meta":{"footnotes":""},"yoast_head":"<!-- This site is optimized with the Yoast SEO plugin v20.9 - https:\/\/yoast.com\/wordpress\/plugins\/seo\/ -->\n<title>The Rest Of Us | CZ: SimplePlan.cz<\/title>\n<meta name=\"robots\" content=\"index, follow, max-snippet:-1, max-image-preview:large, max-video-preview:-1\" \/>\n<link rel=\"canonical\" href=\"https:\/\/www.simpleplan.cz\/cz\/index.php\/kapela\/diskografie\/the-rest-of-us\/\" \/>\n<meta property=\"og:locale\" content=\"cs_CZ\" \/>\n<meta property=\"og:type\" content=\"article\" \/>\n<meta property=\"og:title\" content=\"The Rest Of Us | CZ: SimplePlan.cz\" \/>\n<meta property=\"og:description\" content=\"Z\u00e1kladn\u00ed info Album: Get Your Heart On! Auto\u0159i textu: Pierre Bouvier, Chuck Comeau, Nolan Sipe\" \/>\n<meta property=\"og:url\" content=\"https:\/\/www.simpleplan.cz\/cz\/index.php\/kapela\/diskografie\/the-rest-of-us\/\" \/>\n<meta property=\"og:site_name\" content=\"CZ: SimplePlan.cz\" \/>\n<meta property=\"article:publisher\" content=\"http:\/\/www.facebook.com\/simpleplancz\" \/>\n<meta property=\"article:modified_time\" content=\"2023-06-26T07:29:58+00:00\" \/>\n<meta property=\"og:image\" content=\"http:\/\/www.simpleplan.cz\/cz\/wp-content\/uploads\/logo.gif\" \/>\n<meta name=\"twitter:card\" content=\"summary_large_image\" \/>\n<meta name=\"twitter:site\" content=\"@simpleplancz\" \/>\n<meta name=\"twitter:label1\" content=\"Odhadovan\u00e1 doba \u010dten\u00ed\" \/>\n\t<meta name=\"twitter:data1\" content=\"7 minut\" \/>\n<script type=\"application\/ld+json\" class=\"yoast-schema-graph\">{\"@context\":\"https:\/\/schema.org\",\"@graph\":[{\"@type\":\"WebPage\",\"@id\":\"https:\/\/www.simpleplan.cz\/cz\/index.php\/kapela\/diskografie\/the-rest-of-us\/\",\"url\":\"https:\/\/www.simpleplan.cz\/cz\/index.php\/kapela\/diskografie\/the-rest-of-us\/\",\"name\":\"The Rest Of Us | CZ: SimplePlan.cz\",\"isPartOf\":{\"@id\":\"https:\/\/www.simpleplan.cz\/cz\/#website\"},\"datePublished\":\"2013-12-08T13:38:15+00:00\",\"dateModified\":\"2023-06-26T07:29:58+00:00\",\"breadcrumb\":{\"@id\":\"https:\/\/www.simpleplan.cz\/cz\/index.php\/kapela\/diskografie\/the-rest-of-us\/#breadcrumb\"},\"inLanguage\":\"cs\",\"potentialAction\":[{\"@type\":\"ReadAction\",\"target\":[\"https:\/\/www.simpleplan.cz\/cz\/index.php\/kapela\/diskografie\/the-rest-of-us\/\"]}]},{\"@type\":\"BreadcrumbList\",\"@id\":\"https:\/\/www.simpleplan.cz\/cz\/index.php\/kapela\/diskografie\/the-rest-of-us\/#breadcrumb\",\"itemListElement\":[{\"@type\":\"ListItem\",\"position\":1,\"name\":\"Dom\u016f\",\"item\":\"https:\/\/www.simpleplan.cz\/cz\/\"},{\"@type\":\"ListItem\",\"position\":2,\"name\":\"Kapela\",\"item\":\"https:\/\/www.simpleplan.cz\/cz\/index.php\/kapela\/\"},{\"@type\":\"ListItem\",\"position\":3,\"name\":\"Diskografie\",\"item\":\"https:\/\/www.simpleplan.cz\/cz\/index.php\/kapela\/diskografie\/\"},{\"@type\":\"ListItem\",\"position\":4,\"name\":\"The Rest Of Us\"}]},{\"@type\":\"WebSite\",\"@id\":\"https:\/\/www.simpleplan.cz\/cz\/#website\",\"url\":\"https:\/\/www.simpleplan.cz\/cz\/\",\"name\":\"CZ: SimplePlan.cz\",\"description\":\"Nejlep\u0161\u00ed zdroj informac\u00ed o kapele Simple Plan\",\"publisher\":{\"@id\":\"https:\/\/www.simpleplan.cz\/cz\/#organization\"},\"potentialAction\":[{\"@type\":\"SearchAction\",\"target\":{\"@type\":\"EntryPoint\",\"urlTemplate\":\"https:\/\/www.simpleplan.cz\/cz\/?s={search_term_string}\"},\"query-input\":\"required name=search_term_string\"}],\"inLanguage\":\"cs\"},{\"@type\":\"Organization\",\"@id\":\"https:\/\/www.simpleplan.cz\/cz\/#organization\",\"name\":\"CZ: SimplePlan.cz\",\"url\":\"https:\/\/www.simpleplan.cz\/cz\/\",\"logo\":{\"@type\":\"ImageObject\",\"inLanguage\":\"cs\",\"@id\":\"https:\/\/www.simpleplan.cz\/cz\/#\/schema\/logo\/image\/\",\"url\":\"https:\/\/www.simpleplan.cz\/cz\/wp-content\/uploads\/spczlogo.png\",\"contentUrl\":\"https:\/\/www.simpleplan.cz\/cz\/wp-content\/uploads\/spczlogo.png\",\"width\":250,\"height\":190,\"caption\":\"CZ: SimplePlan.cz\"},\"image\":{\"@id\":\"https:\/\/www.simpleplan.cz\/cz\/#\/schema\/logo\/image\/\"},\"sameAs\":[\"http:\/\/www.facebook.com\/simpleplancz\",\"https:\/\/twitter.com\/simpleplancz\",\"http:\/\/www.instagram.com\/simpleplancz\",\"http:\/\/www.youtube.com\/simpleplancz\"]}]}<\/script>\n<!-- \/ Yoast SEO plugin. -->","yoast_head_json":{"title":"The Rest Of Us | CZ: SimplePlan.cz","robots":{"index":"index","follow":"follow","max-snippet":"max-snippet:-1","max-image-preview":"max-image-preview:large","max-video-preview":"max-video-preview:-1"},"canonical":"https:\/\/www.simpleplan.cz\/cz\/index.php\/kapela\/diskografie\/the-rest-of-us\/","og_locale":"cs_CZ","og_type":"article","og_title":"The Rest Of Us | CZ: SimplePlan.cz","og_description":"Z\u00e1kladn\u00ed info Album: Get Your Heart On! Auto\u0159i textu: Pierre Bouvier, Chuck Comeau, Nolan Sipe","og_url":"https:\/\/www.simpleplan.cz\/cz\/index.php\/kapela\/diskografie\/the-rest-of-us\/","og_site_name":"CZ: SimplePlan.cz","article_publisher":"http:\/\/www.facebook.com\/simpleplancz","article_modified_time":"2023-06-26T07:29:58+00:00","og_image":[{"url":"http:\/\/www.simpleplan.cz\/cz\/wp-content\/uploads\/logo.gif"}],"twitter_card":"summary_large_image","twitter_site":"@simpleplancz","twitter_misc":{"Odhadovan\u00e1 doba \u010dten\u00ed":"7 minut"},"schema":{"@context":"https:\/\/schema.org","@graph":[{"@type":"WebPage","@id":"https:\/\/www.simpleplan.cz\/cz\/index.php\/kapela\/diskografie\/the-rest-of-us\/","url":"https:\/\/www.simpleplan.cz\/cz\/index.php\/kapela\/diskografie\/the-rest-of-us\/","name":"The Rest Of Us | CZ: SimplePlan.cz","isPartOf":{"@id":"https:\/\/www.simpleplan.cz\/cz\/#website"},"datePublished":"2013-12-08T13:38:15+00:00","dateModified":"2023-06-26T07:29:58+00:00","breadcrumb":{"@id":"https:\/\/www.simpleplan.cz\/cz\/index.php\/kapela\/diskografie\/the-rest-of-us\/#breadcrumb"},"inLanguage":"cs","potentialAction":[{"@type":"ReadAction","target":["https:\/\/www.simpleplan.cz\/cz\/index.php\/kapela\/diskografie\/the-rest-of-us\/"]}]},{"@type":"BreadcrumbList","@id":"https:\/\/www.simpleplan.cz\/cz\/index.php\/kapela\/diskografie\/the-rest-of-us\/#breadcrumb","itemListElement":[{"@type":"ListItem","position":1,"name":"Dom\u016f","item":"https:\/\/www.simpleplan.cz\/cz\/"},{"@type":"ListItem","position":2,"name":"Kapela","item":"https:\/\/www.simpleplan.cz\/cz\/index.php\/kapela\/"},{"@type":"ListItem","position":3,"name":"Diskografie","item":"https:\/\/www.simpleplan.cz\/cz\/index.php\/kapela\/diskografie\/"},{"@type":"ListItem","position":4,"name":"The Rest Of Us"}]},{"@type":"WebSite","@id":"https:\/\/www.simpleplan.cz\/cz\/#website","url":"https:\/\/www.simpleplan.cz\/cz\/","name":"CZ: SimplePlan.cz","description":"Nejlep\u0161\u00ed zdroj informac\u00ed o kapele Simple Plan","publisher":{"@id":"https:\/\/www.simpleplan.cz\/cz\/#organization"},"potentialAction":[{"@type":"SearchAction","target":{"@type":"EntryPoint","urlTemplate":"https:\/\/www.simpleplan.cz\/cz\/?s={search_term_string}"},"query-input":"required name=search_term_string"}],"inLanguage":"cs"},{"@type":"Organization","@id":"https:\/\/www.simpleplan.cz\/cz\/#organization","name":"CZ: SimplePlan.cz","url":"https:\/\/www.simpleplan.cz\/cz\/","logo":{"@type":"ImageObject","inLanguage":"cs","@id":"https:\/\/www.simpleplan.cz\/cz\/#\/schema\/logo\/image\/","url":"https:\/\/www.simpleplan.cz\/cz\/wp-content\/uploads\/spczlogo.png","contentUrl":"https:\/\/www.simpleplan.cz\/cz\/wp-content\/uploads\/spczlogo.png","width":250,"height":190,"caption":"CZ: SimplePlan.cz"},"image":{"@id":"https:\/\/www.simpleplan.cz\/cz\/#\/schema\/logo\/image\/"},"sameAs":["http:\/\/www.facebook.com\/simpleplancz","https:\/\/twitter.com\/simpleplancz","http:\/\/www.instagram.com\/simpleplancz","http:\/\/www.youtube.com\/simpleplancz"]}]}},"_links":{"self":[{"href":"https:\/\/www.simpleplan.cz\/cz\/index.php\/wp-json\/wp\/v2\/pages\/14362"}],"collection":[{"href":"https:\/\/www.simpleplan.cz\/cz\/index.php\/wp-json\/wp\/v2\/pages"}],"about":[{"href":"https:\/\/www.simpleplan.cz\/cz\/index.php\/wp-json\/wp\/v2\/types\/page"}],"author":[{"embeddable":true,"href":"https:\/\/www.simpleplan.cz\/cz\/index.php\/wp-json\/wp\/v2\/users\/5"}],"replies":[{"embeddable":true,"href":"https:\/\/www.simpleplan.cz\/cz\/index.php\/wp-json\/wp\/v2\/comments?post=14362"}],"version-history":[{"count":5,"href":"https:\/\/www.simpleplan.cz\/cz\/index.php\/wp-json\/wp\/v2\/pages\/14362\/revisions"}],"predecessor-version":[{"id":23301,"href":"https:\/\/www.simpleplan.cz\/cz\/index.php\/wp-json\/wp\/v2\/pages\/14362\/revisions\/23301"}],"up":[{"embeddable":true,"href":"https:\/\/www.simpleplan.cz\/cz\/index.php\/wp-json\/wp\/v2\/pages\/5273"}],"wp:attachment":[{"href":"https:\/\/www.simpleplan.cz\/cz\/index.php\/wp-json\/wp\/v2\/media?parent=14362"}],"curies":[{"name":"wp","href":"https:\/\/api.w.org\/{rel}","templated":true}]}}