{"id":14365,"date":"2013-12-08T14:40:38","date_gmt":"2013-12-08T13:40:38","guid":{"rendered":"http:\/\/www.simpleplan.cz\/cz\/?page_id=14365"},"modified":"2023-06-26T09:29:57","modified_gmt":"2023-06-26T07:29:57","slug":"ordinary-life","status":"publish","type":"page","link":"https:\/\/www.simpleplan.cz\/cz\/index.php\/kapela\/diskografie\/ordinary-life\/","title":{"rendered":"Ordinary Life"},"content":{"rendered":"<div class=\"pagecontent\">\n<div class=\"girls\"><b><u>Z\u00e1kladn\u00ed info<\/u><\/b><\/div>\n<p><b>Album:<\/b> Get Your Heart On!<br \/>\n<b>Auto\u0159i textu:<\/b> Pierre Bouvier, Chuck Comeau, Zac Malloy<br \/>\n<b>Dodate\u010dn\u00e1 spolupr\u00e1ce:<\/b> Brian Howes (produkce)<br \/>\n<b>D\u00e9lka p\u00edsn\u011b:<\/b> 3:25<\/p>\n<div class=\"girls\"><b><u>V\u00fdznam p\u00edsn\u011b<\/u><\/b><\/div>\n<p>Ordinary Life byla jednou z posledn\u00edch p\u00edsn\u00ed, kterou Simple Plan napsali pro &#8222;Get Your Heart On!&#8220;.<\/p>\n<blockquote><p><i><b>&#8222;Je to o tom necht\u00edt m\u00edt tu typickou pr\u00e1ci od dev\u00edti do p\u011bti,<\/b> co\u017e na\u0161t\u011bst\u00ed my nem\u00e1me. Co\u017e je super!&#8220;<\/i><br \/>\n<center>&#8211; Seb Lefebvre &#8211;<\/center><\/p><\/blockquote>\n<blockquote><p><i>&#8222;Je to takov\u00fd n\u00e1vrat k na\u0161emu prvn\u00edmu albu. <b>Je to p\u00edse\u0148 o tom, kdy\u017e \u010dlov\u011bk nechce chodit do norm\u00e1ln\u00ed pr\u00e1ce a nechce v\u00e9st tak \u00fapln\u011b ka\u017edodenn\u00ed, oby\u010dejn\u00fd \u017eivot, ale chce dos\u00e1hnout n\u011b\u010deho v\u011bt\u0161\u00edho.&#8220;<\/b><\/i><br \/>\n<center>&#8211; Chuck Comeau &#8211;<\/center><\/p><\/blockquote>\n<div class=\"girls\"><b><u>Text p\u00edsn\u011b<\/u><\/b><\/div>\n<p><center><br \/>\nIt&#8217;s just another Monday<br \/>\nI&#8217;m just another face in a face-less crowd<br \/>\nI&#8217;m going down one-way<br \/>\nCaught up in the machine<br \/>\nAnd I&#8217;m spit right out<br \/>\nI&#8217;m living in a rat race<br \/>\nI&#8217;m looking for my soul in the lost-and-found <\/center><\/p>\n<p><center>I&#8217;m sitting in the same spot<br \/>\nCounting every tick, tock<br \/>\nGotta hit the punch clock<br \/>\nWhen&#8217;s it gonna stop-stop?<br \/>\nAnother day in black and white<\/center><\/p>\n<p><center>One, two, three, four, five<br \/>\nAnother week goes by<br \/>\nI&#8217;m half alive<br \/>\nI&#8217;m getting sick<br \/>\nI&#8217;m faking this<br \/>\nI&#8217;m over it<br \/>\nDon&#8217;t wanna wear no suit and tie<br \/>\nGotta live before I die<br \/>\nSo I&#8217;m done, done, done<br \/>\nWith this ordinary life<\/center><\/p>\n<p><center>What happened to the someday?<br \/>\nWhat happened to the dreams of the wide-eyed kid?<br \/>\nDon&#8217;t tell me that it&#8217;s too late<br \/>\nDon&#8217;t tell me that I can&#8217;t cause you never did <\/center><\/p>\n<p><center>I&#8217;m sitting in the same spot<br \/>\nCounting every tic, toc<br \/>\nGotta hit the punch clock<br \/>\nWhen&#8217;s it gonna stop-stop?<br \/>\nAnother day in black and white<br \/>\nI gotta quite this ordinary life<\/center><\/p>\n<p><center>One, two, three, four, five<br \/>\nAnother week goes by<br \/>\nI&#8217;m half alive<br \/>\nI&#8217;m getting sick<br \/>\nI&#8217;m faking this<br \/>\nI&#8217;m over it<br \/>\nDon&#8217;t wanna wear no suit and tie<br \/>\nGotta live before I die<br \/>\nSo I&#8217;m done, done, done<br \/>\nWith this ordinary life<\/center><\/p>\n<p><center>I don&#8217;t wanna wake up<br \/>\nWith my best years behind me<br \/>\nI don&#8217;t wanna wake up<br \/>\nWith my best years behind me<br \/>\nI don&#8217;t wanna wake up<br \/>\nWith my best years behind me <\/center><\/p>\n<p><center>I think I better wake up<br \/>\nBefore my life&#8217;s behind me <\/center><\/p>\n<p><center>Whoa<\/center><\/p>\n<p><center>One, two, three, four, five<br \/>\nAnother week goes by<br \/>\nI&#8217;m half alive<br \/>\nI&#8217;m getting sick<br \/>\nI&#8217;m faking this<br \/>\nI&#8217;m over it<br \/>\nDon&#8217;t wanna wear no suit and tie<br \/>\nGotta live before I die<br \/>\nSo I&#8217;m done, done, done<br \/>\nWith this ordinary life<\/center><\/p>\n<p><center>One, two, three, four, five<br \/>\nNo more ordinary life <\/center><\/p>\n<p><center>One, two, three, four, five<br \/>\nI gotta wake up, wake up. <\/center><\/p>\n<p><center>One, two, three, four, five<br \/>\nNo more ordinary life <\/center><\/p>\n<p><center>I&#8217;m done, done, done with this ordinary<br \/>\nThis whole thing is temporary<br \/>\nDone, done, done with this ordinary life<br \/>\n<\/center><\/p>\n<div class=\"girls\"><b><u>\u010cesk\u00fd p\u0159eklad<\/u><\/b><\/div>\n<p><center><br \/>\nJe tu dal\u0161\u00ed pond\u011bl\u00ed<br \/>\nA j\u00e1 jsem jenom dal\u0161\u00ed tv\u00e1\u0159\u00ed v anonymn\u00edm davu<br \/>\nJdu jednosm\u011brnou ulic\u00ed<br \/>\nJsem chycen ve stroji<br \/>\nAle jsem hned vyplivnut ven<br \/>\n\u017diju jako v z\u00e1vod\u011b krys<br \/>\nHled\u00e1m svou du\u0161i ve ztr\u00e1t\u00e1ch a n\u00e1lezech <\/center><\/p>\n<p><center>Sed\u00edm na tom sam\u00e9m m\u00edst\u011b<br \/>\nPo\u010d\u00edt\u00e1m ka\u017ed\u00e9 tik-tak<br \/>\nMus\u00edm si odp\u00edchnout za\u010d\u00e1tek a konec sm\u011bny<br \/>\nKdy tohle p\u0159estane?<br \/>\nDal\u0161\u00ed \u010dernob\u00edl\u00fd den<\/center><\/p>\n<p><center>Raz, dva, t\u0159i, \u010dty\u0159i, p\u011bt<br \/>\nDal\u0161\u00ed t\u00fdden je pry\u010d<br \/>\nJsem jen nap\u016fl na\u017eivu<br \/>\nNebav\u00ed m\u011b to<br \/>\nP\u0159edst\u00edr\u00e1m<br \/>\nNechci j\u00edt takhle d\u00e1l<br \/>\nNechci nosit tenhle oblek a kravatu<br \/>\nMus\u00edm za\u010d\u00edt \u017e\u00edt, ne\u017e um\u0159u<br \/>\nTak\u017ee s t\u00edmhle oby\u010dejn\u00fdm \u017eivotem<br \/>\nKon\u010d\u00edm, kon\u010d\u00edm, kon\u010d\u00edm<\/center><\/p>\n<p><center>Co se stalo s t\u00edm &#8222;jednou&#8220;?<br \/>\nCo se stalo s t\u011bmi sny toho nezku\u0161en\u00e9ho d\u011bcka?<br \/>\nNe\u0159\u00edkej mi, \u017ee je p\u0159\u00edli\u0161 pozd\u011b<br \/>\nNe\u0159\u00edkej mi, \u017ee nem\u016f\u017eu, jen proto, \u017ee ty s\u00e1m jsi to nikdy neud\u011blal <\/center><\/p>\n<p><center>Sed\u00edm na tom sam\u00e9m m\u00edst\u011b<br \/>\nPo\u010d\u00edt\u00e1m ka\u017ed\u00e9 tik-tak<br \/>\nMus\u00edm si odp\u00edchnout za\u010d\u00e1tek a konec sm\u011bny<br \/>\nKdy tohle p\u0159estane?<br \/>\nDal\u0161\u00ed \u010dernob\u00edl\u00fd den<\/center><\/p>\n<p><center>Raz, dva, t\u0159i, \u010dty\u0159i, p\u011bt<br \/>\nDal\u0161\u00ed t\u00fdden je pry\u010d<br \/>\nJsem jen nap\u016fl na\u017eivu<br \/>\nNebav\u00ed m\u011b to<br \/>\nP\u0159edst\u00edr\u00e1m<br \/>\nNechci j\u00edt takhle d\u00e1l<br \/>\nNechci nosit tenhle oblek a kravatu<br \/>\nMus\u00edm za\u010d\u00edt \u017e\u00edt, ne\u017e um\u0159u<br \/>\nTak\u017ee s t\u00edmhle oby\u010dejn\u00fdm \u017eivotem<br \/>\nKon\u010d\u00edm, kon\u010d\u00edm, kon\u010d\u00edm<\/center><\/p>\n<p><center>Nechci se probudit<br \/>\nA zjistit, \u017ee m\u00e1m nejlep\u0161\u00ed l\u00e9ta za sebou<br \/>\nNechci se probudit<br \/>\nA zjistit, \u017ee m\u00e1m nejlep\u0161\u00ed l\u00e9ta za sebou<br \/>\nNechci se probudit<br \/>\nA zjistit, \u017ee m\u00e1m nejlep\u0161\u00ed l\u00e9ta za sebou<\/center><\/p>\n<p><center>M\u011bl bych se rad\u0161i probrat<br \/>\nNe\u017e bude m\u016fj \u017eivot u konce <\/center><\/p>\n<p><center>Whoa<\/center><\/p>\n<p><center>Raz, dva, t\u0159i, \u010dty\u0159i, p\u011bt<br \/>\nDal\u0161\u00ed t\u00fdden je pry\u010d<br \/>\nJsem jen nap\u016fl na\u017eivu<br \/>\nNebav\u00ed m\u011b to<br \/>\nP\u0159edst\u00edr\u00e1m<br \/>\nNechci j\u00edt takhle d\u00e1l<br \/>\nNechci nosit tenhle oblek a kravatu<br \/>\nMus\u00edm za\u010d\u00edt \u017e\u00edt, ne\u017e um\u0159u<br \/>\nTak\u017ee s t\u00edmhle oby\u010dejn\u00fdm \u017eivotem<br \/>\nKon\u010d\u00edm, kon\u010d\u00edm, kon\u010d\u00edm<\/center><\/p>\n<p><center>Raz, dva, t\u0159i, \u010dty\u0159i, p\u011bt<br \/>\nKonec tomuto oby\u010dejn\u00e9mu \u017eivotu <\/center><\/p>\n<p><center>Raz, dva, t\u0159i, \u010dty\u0159i, p\u011bt<br \/>\nMus\u00edm se probrat<\/center><\/p>\n<p><center>Raz, dva, t\u0159i, \u010dty\u0159i, p\u011bt<br \/>\nKonec tomuto oby\u010dejn\u00e9mu \u017eivotu <\/center><\/p>\n<p><center>Kon\u010d\u00edm, kon\u010d\u00edm, kon\u010d\u00edm s touto ka\u017edodennost\u00ed<br \/>\nJe to jenom do\u010dasn\u00e9<br \/>\nKon\u010d\u00edm, kon\u010d\u00edm, kon\u010d\u00edm s t\u00edmhle oby\u010dejn\u00fdm \u017eivotem<br \/>\n<\/center>\n<\/div>\n<div class=\"fblikebutton_button\" style=\"float: left; padding-top: 20px; margin-right: 20px; padding-bottom: 20px; padding-left: 20px;\"><iframe src=\"http:\/\/www.facebook.com\/plugins\/like.php?href=https%3A%2F%2Fwww.simpleplan.cz%2Fcz%2Findex.php%2Fkapela%2Fdiskografie%2Fordinary-life%2F&amp;layout=standard&amp;show-faces=false&amp;width=450&amp;action=like&amp;colorscheme=light\" scrolling=\"no\" frameborder=\"0\" allowTransparency=\"true\" style=\"border:none; overflow:hidden; width:450px; height:26px\"><\/iframe><\/div>\n","protected":false},"excerpt":{"rendered":"<p>Z\u00e1kladn\u00ed info Album: Get Your Heart On! Auto\u0159i textu: Pierre Bouvier, Chuck Comeau, Zac Malloy<\/p>\n","protected":false},"author":5,"featured_media":0,"parent":5273,"menu_order":0,"comment_status":"open","ping_status":"open","template":"page-templates\/full-width.php","meta":{"footnotes":""},"yoast_head":"<!-- This site is optimized with the Yoast SEO plugin v20.9 - https:\/\/yoast.com\/wordpress\/plugins\/seo\/ -->\n<title>Ordinary Life | CZ: SimplePlan.cz<\/title>\n<meta name=\"robots\" content=\"index, follow, max-snippet:-1, max-image-preview:large, max-video-preview:-1\" \/>\n<link rel=\"canonical\" href=\"https:\/\/www.simpleplan.cz\/cz\/index.php\/kapela\/diskografie\/ordinary-life\/\" \/>\n<meta property=\"og:locale\" content=\"cs_CZ\" \/>\n<meta property=\"og:type\" content=\"article\" \/>\n<meta property=\"og:title\" content=\"Ordinary Life | CZ: SimplePlan.cz\" \/>\n<meta property=\"og:description\" content=\"Z\u00e1kladn\u00ed info Album: Get Your Heart On! Auto\u0159i textu: Pierre Bouvier, Chuck Comeau, Zac Malloy\" \/>\n<meta property=\"og:url\" content=\"https:\/\/www.simpleplan.cz\/cz\/index.php\/kapela\/diskografie\/ordinary-life\/\" \/>\n<meta property=\"og:site_name\" content=\"CZ: SimplePlan.cz\" \/>\n<meta property=\"article:publisher\" content=\"http:\/\/www.facebook.com\/simpleplancz\" \/>\n<meta property=\"article:modified_time\" content=\"2023-06-26T07:29:57+00:00\" \/>\n<meta property=\"og:image\" content=\"http:\/\/www.simpleplan.cz\/cz\/wp-content\/uploads\/logo.gif\" \/>\n<meta name=\"twitter:card\" content=\"summary_large_image\" \/>\n<meta name=\"twitter:site\" content=\"@simpleplancz\" \/>\n<meta name=\"twitter:label1\" content=\"Odhadovan\u00e1 doba \u010dten\u00ed\" \/>\n\t<meta name=\"twitter:data1\" content=\"5 minut\" \/>\n<script type=\"application\/ld+json\" class=\"yoast-schema-graph\">{\"@context\":\"https:\/\/schema.org\",\"@graph\":[{\"@type\":\"WebPage\",\"@id\":\"https:\/\/www.simpleplan.cz\/cz\/index.php\/kapela\/diskografie\/ordinary-life\/\",\"url\":\"https:\/\/www.simpleplan.cz\/cz\/index.php\/kapela\/diskografie\/ordinary-life\/\",\"name\":\"Ordinary Life | CZ: SimplePlan.cz\",\"isPartOf\":{\"@id\":\"https:\/\/www.simpleplan.cz\/cz\/#website\"},\"datePublished\":\"2013-12-08T13:40:38+00:00\",\"dateModified\":\"2023-06-26T07:29:57+00:00\",\"breadcrumb\":{\"@id\":\"https:\/\/www.simpleplan.cz\/cz\/index.php\/kapela\/diskografie\/ordinary-life\/#breadcrumb\"},\"inLanguage\":\"cs\",\"potentialAction\":[{\"@type\":\"ReadAction\",\"target\":[\"https:\/\/www.simpleplan.cz\/cz\/index.php\/kapela\/diskografie\/ordinary-life\/\"]}]},{\"@type\":\"BreadcrumbList\",\"@id\":\"https:\/\/www.simpleplan.cz\/cz\/index.php\/kapela\/diskografie\/ordinary-life\/#breadcrumb\",\"itemListElement\":[{\"@type\":\"ListItem\",\"position\":1,\"name\":\"Dom\u016f\",\"item\":\"https:\/\/www.simpleplan.cz\/cz\/\"},{\"@type\":\"ListItem\",\"position\":2,\"name\":\"Kapela\",\"item\":\"https:\/\/www.simpleplan.cz\/cz\/index.php\/kapela\/\"},{\"@type\":\"ListItem\",\"position\":3,\"name\":\"Diskografie\",\"item\":\"https:\/\/www.simpleplan.cz\/cz\/index.php\/kapela\/diskografie\/\"},{\"@type\":\"ListItem\",\"position\":4,\"name\":\"Ordinary Life\"}]},{\"@type\":\"WebSite\",\"@id\":\"https:\/\/www.simpleplan.cz\/cz\/#website\",\"url\":\"https:\/\/www.simpleplan.cz\/cz\/\",\"name\":\"CZ: SimplePlan.cz\",\"description\":\"Nejlep\u0161\u00ed zdroj informac\u00ed o kapele Simple Plan\",\"publisher\":{\"@id\":\"https:\/\/www.simpleplan.cz\/cz\/#organization\"},\"potentialAction\":[{\"@type\":\"SearchAction\",\"target\":{\"@type\":\"EntryPoint\",\"urlTemplate\":\"https:\/\/www.simpleplan.cz\/cz\/?s={search_term_string}\"},\"query-input\":\"required name=search_term_string\"}],\"inLanguage\":\"cs\"},{\"@type\":\"Organization\",\"@id\":\"https:\/\/www.simpleplan.cz\/cz\/#organization\",\"name\":\"CZ: SimplePlan.cz\",\"url\":\"https:\/\/www.simpleplan.cz\/cz\/\",\"logo\":{\"@type\":\"ImageObject\",\"inLanguage\":\"cs\",\"@id\":\"https:\/\/www.simpleplan.cz\/cz\/#\/schema\/logo\/image\/\",\"url\":\"https:\/\/www.simpleplan.cz\/cz\/wp-content\/uploads\/spczlogo.png\",\"contentUrl\":\"https:\/\/www.simpleplan.cz\/cz\/wp-content\/uploads\/spczlogo.png\",\"width\":250,\"height\":190,\"caption\":\"CZ: SimplePlan.cz\"},\"image\":{\"@id\":\"https:\/\/www.simpleplan.cz\/cz\/#\/schema\/logo\/image\/\"},\"sameAs\":[\"http:\/\/www.facebook.com\/simpleplancz\",\"https:\/\/twitter.com\/simpleplancz\",\"http:\/\/www.instagram.com\/simpleplancz\",\"http:\/\/www.youtube.com\/simpleplancz\"]}]}<\/script>\n<!-- \/ Yoast SEO plugin. -->","yoast_head_json":{"title":"Ordinary Life | CZ: SimplePlan.cz","robots":{"index":"index","follow":"follow","max-snippet":"max-snippet:-1","max-image-preview":"max-image-preview:large","max-video-preview":"max-video-preview:-1"},"canonical":"https:\/\/www.simpleplan.cz\/cz\/index.php\/kapela\/diskografie\/ordinary-life\/","og_locale":"cs_CZ","og_type":"article","og_title":"Ordinary Life | CZ: SimplePlan.cz","og_description":"Z\u00e1kladn\u00ed info Album: Get Your Heart On! Auto\u0159i textu: Pierre Bouvier, Chuck Comeau, Zac Malloy","og_url":"https:\/\/www.simpleplan.cz\/cz\/index.php\/kapela\/diskografie\/ordinary-life\/","og_site_name":"CZ: SimplePlan.cz","article_publisher":"http:\/\/www.facebook.com\/simpleplancz","article_modified_time":"2023-06-26T07:29:57+00:00","og_image":[{"url":"http:\/\/www.simpleplan.cz\/cz\/wp-content\/uploads\/logo.gif"}],"twitter_card":"summary_large_image","twitter_site":"@simpleplancz","twitter_misc":{"Odhadovan\u00e1 doba \u010dten\u00ed":"5 minut"},"schema":{"@context":"https:\/\/schema.org","@graph":[{"@type":"WebPage","@id":"https:\/\/www.simpleplan.cz\/cz\/index.php\/kapela\/diskografie\/ordinary-life\/","url":"https:\/\/www.simpleplan.cz\/cz\/index.php\/kapela\/diskografie\/ordinary-life\/","name":"Ordinary Life | CZ: SimplePlan.cz","isPartOf":{"@id":"https:\/\/www.simpleplan.cz\/cz\/#website"},"datePublished":"2013-12-08T13:40:38+00:00","dateModified":"2023-06-26T07:29:57+00:00","breadcrumb":{"@id":"https:\/\/www.simpleplan.cz\/cz\/index.php\/kapela\/diskografie\/ordinary-life\/#breadcrumb"},"inLanguage":"cs","potentialAction":[{"@type":"ReadAction","target":["https:\/\/www.simpleplan.cz\/cz\/index.php\/kapela\/diskografie\/ordinary-life\/"]}]},{"@type":"BreadcrumbList","@id":"https:\/\/www.simpleplan.cz\/cz\/index.php\/kapela\/diskografie\/ordinary-life\/#breadcrumb","itemListElement":[{"@type":"ListItem","position":1,"name":"Dom\u016f","item":"https:\/\/www.simpleplan.cz\/cz\/"},{"@type":"ListItem","position":2,"name":"Kapela","item":"https:\/\/www.simpleplan.cz\/cz\/index.php\/kapela\/"},{"@type":"ListItem","position":3,"name":"Diskografie","item":"https:\/\/www.simpleplan.cz\/cz\/index.php\/kapela\/diskografie\/"},{"@type":"ListItem","position":4,"name":"Ordinary Life"}]},{"@type":"WebSite","@id":"https:\/\/www.simpleplan.cz\/cz\/#website","url":"https:\/\/www.simpleplan.cz\/cz\/","name":"CZ: SimplePlan.cz","description":"Nejlep\u0161\u00ed zdroj informac\u00ed o kapele Simple Plan","publisher":{"@id":"https:\/\/www.simpleplan.cz\/cz\/#organization"},"potentialAction":[{"@type":"SearchAction","target":{"@type":"EntryPoint","urlTemplate":"https:\/\/www.simpleplan.cz\/cz\/?s={search_term_string}"},"query-input":"required name=search_term_string"}],"inLanguage":"cs"},{"@type":"Organization","@id":"https:\/\/www.simpleplan.cz\/cz\/#organization","name":"CZ: SimplePlan.cz","url":"https:\/\/www.simpleplan.cz\/cz\/","logo":{"@type":"ImageObject","inLanguage":"cs","@id":"https:\/\/www.simpleplan.cz\/cz\/#\/schema\/logo\/image\/","url":"https:\/\/www.simpleplan.cz\/cz\/wp-content\/uploads\/spczlogo.png","contentUrl":"https:\/\/www.simpleplan.cz\/cz\/wp-content\/uploads\/spczlogo.png","width":250,"height":190,"caption":"CZ: SimplePlan.cz"},"image":{"@id":"https:\/\/www.simpleplan.cz\/cz\/#\/schema\/logo\/image\/"},"sameAs":["http:\/\/www.facebook.com\/simpleplancz","https:\/\/twitter.com\/simpleplancz","http:\/\/www.instagram.com\/simpleplancz","http:\/\/www.youtube.com\/simpleplancz"]}]}},"_links":{"self":[{"href":"https:\/\/www.simpleplan.cz\/cz\/index.php\/wp-json\/wp\/v2\/pages\/14365"}],"collection":[{"href":"https:\/\/www.simpleplan.cz\/cz\/index.php\/wp-json\/wp\/v2\/pages"}],"about":[{"href":"https:\/\/www.simpleplan.cz\/cz\/index.php\/wp-json\/wp\/v2\/types\/page"}],"author":[{"embeddable":true,"href":"https:\/\/www.simpleplan.cz\/cz\/index.php\/wp-json\/wp\/v2\/users\/5"}],"replies":[{"embeddable":true,"href":"https:\/\/www.simpleplan.cz\/cz\/index.php\/wp-json\/wp\/v2\/comments?post=14365"}],"version-history":[{"count":7,"href":"https:\/\/www.simpleplan.cz\/cz\/index.php\/wp-json\/wp\/v2\/pages\/14365\/revisions"}],"predecessor-version":[{"id":23302,"href":"https:\/\/www.simpleplan.cz\/cz\/index.php\/wp-json\/wp\/v2\/pages\/14365\/revisions\/23302"}],"up":[{"embeddable":true,"href":"https:\/\/www.simpleplan.cz\/cz\/index.php\/wp-json\/wp\/v2\/pages\/5273"}],"wp:attachment":[{"href":"https:\/\/www.simpleplan.cz\/cz\/index.php\/wp-json\/wp\/v2\/media?parent=14365"}],"curies":[{"name":"wp","href":"https:\/\/api.w.org\/{rel}","templated":true}]}}