{"id":14370,"date":"2013-12-08T15:04:43","date_gmt":"2013-12-08T14:04:43","guid":{"rendered":"http:\/\/www.simpleplan.cz\/cz\/?page_id=14370"},"modified":"2023-06-26T09:29:57","modified_gmt":"2023-06-26T07:29:57","slug":"outta-my-system","status":"publish","type":"page","link":"https:\/\/www.simpleplan.cz\/cz\/index.php\/kapela\/diskografie\/outta-my-system\/","title":{"rendered":"Outta My System"},"content":{"rendered":"<div class=\"pagecontent\">\n<div class=\"girls\"><b><u>Z\u00e1kladn\u00ed info<\/u><\/b><\/div>\n<p><b>Album:<\/b> Get Your Heart On!<br \/>\n<b>Auto\u0159i textu:<\/b> Pierre Bouvier, Chuck Comeau, Ian Kirkpatrick<br \/>\n<b>Dodate\u010dn\u00e1 spolupr\u00e1ce:<\/b> Brian Howes (produkce)<br \/>\n<b>D\u00e9lka p\u00edsn\u011b:<\/b> 3:26<\/p>\n<div class=\"girls\"><b><u>V\u00fdznam p\u00edsn\u011b<\/u><\/b><\/div>\n<blockquote><p> <i>&#8222;Je to p\u00edse\u0148 o tom, kdy\u017e se \u010dlov\u011bk vyrovn\u00e1v\u00e1 s drsn\u00fdm rozchodem nebo kdy\u017e se prost\u011b ve vztahu neda\u0159\u00ed, nebo se n\u011bco d\u011bje s tvoj\u00ed p\u0159\u00edtelkyn\u00ed. Kdy\u017e u\u017e to v\u0161echno trv\u00e1 dva, t\u0159i t\u00fddny, m\u011bs\u00edc, a pak u\u017e si kone\u010dn\u011b \u010dlov\u011bk \u0159ekne: &#8218;U\u017e toho m\u00e1m dost! Dneska p\u016fjdu kone\u010dn\u011b zase jednou ven a na v\u0161echno tohle zapomenu a prost\u011b si to u\u017eiju!&#8216; Tak\u017ee je to takov\u00e1 <b>p\u00edse\u0148 o tom jak hodit rozchod za hlavu.&#8220;<\/b><\/i><br \/>\n<center>&#8211; Chuck Comeau &#8211;<\/center><\/p><\/blockquote>\n<div class=\"girls\"><b><u>Text p\u00edsn\u011b<\/u><\/b><\/div>\n<p><center><br \/>\nI try to brush it off<br \/>\nKeep calm and collected<br \/>\nBut it just won&#8217;t work <\/center><\/p>\n<p><center>They tell me: &#8222;Read a book,<br \/>\nLearn to cook,<br \/>\nAnything to keep your mind off her!&#8220;<\/center><\/p>\n<p><center>And now I&#8217;m so-oh<br \/>\nTired of feeling so low-oh<br \/>\nSeven weeks in a row-oh oh<br \/>\nI don&#8217;t wanna hear about<br \/>\nDon&#8217;t wanna think about you<\/center><\/p>\n<p><center>I wanna make out with the perfect stranger<br \/>\nGet loud need a mind-eraser<br \/>\nDrink up tonight<br \/>\nI\u2019m on a mission<br \/>\nTo get you outta my system <\/center><\/p>\n<p><center>Downtown I\u2019ll be up all night<br \/>\nGet lost in the flash of lights<br \/>\nDrink up tonight<br \/>\nI\u2019m on a mission<br \/>\nTo get you outta my system<\/center><\/p>\n<p><center>I try to be mature,<br \/>\nStay polite<br \/>\nBut I&#8217;m really thinking: Was it worth?<br \/>\nWhen deep inside of me<br \/>\nI can&#8217;t breathe<br \/>\nI&#8217;m a victim of a love-sick curse<\/center><\/p>\n<p><center>And now I&#8217;m so-oh<br \/>\nTired of taking it slow-ow<br \/>\nSeven weeks in a row-ow<br \/>\nI don&#8217;t wanna hear about<br \/>\nDon&#8217;t wanna think about you<\/center><\/p>\n<p><center>I wanna make out with the perfect stranger<br \/>\nGet loud need a mind-eraser<br \/>\nDrink up tonight<br \/>\nI\u2019m on a mission<br \/>\nTo get you outta my system <\/center><\/p>\n<p><center>Downtown I\u2019ll be up all night<br \/>\nGet lost in the flash of lights<br \/>\nDrink up tonight<br \/>\nI\u2019m on a mission<br \/>\nTo get you outta my system <\/center><\/p>\n<p><center>Outta my system<br \/>\nOutta my system<br \/>\nOutta my system<\/center><\/p>\n<p><center>It&#8217;s been so long since I&#8217;ve been myself<br \/>\nTalking like, walking like someone else<br \/>\nFeels so good to get back to me<br \/>\nRid myself of this misery<br \/>\nNow I&#8217;m here coming back to life<br \/>\nTurning my wrongs all back to right<br \/>\nI was way down<br \/>\nI was locked up<br \/>\nNow I&#8217;m free<\/center><\/p>\n<p><center>I&#8217;m gonna make out with the perfect stranger<br \/>\nGet loud need a mind-eraser<br \/>\nDrink up tonight<br \/>\nI\u2019m on a mission<br \/>\nTo get you outta my system <\/center><\/p>\n<p><center>Downtown I\u2019ll be up all night<br \/>\nGet lost in the flash of lights<br \/>\nDrink up tonight<br \/>\nI\u2019m on a mission<br \/>\nTo get you outta my system <\/center><\/p>\n<p><center>Oh-oh outta my system<br \/>\nOh-oh outta my system<br \/>\nOutta my system<\/p>\n<p><\/center><\/p>\n<div class=\"girls\"><b><u>\u010cesk\u00fd p\u0159eklad<\/u><\/b><\/div>\n<p><center><br \/>\nSna\u017e\u00edm se to odb\u00fdvat<br \/>\nZachovat klid a rozvahu<br \/>\nAle prost\u011b to nefunguje <\/center><\/p>\n<p><center>\u0158\u00edkaj\u00ed mi &#8222;P\u0159e\u010dti si kn\u00ed\u017eku,<br \/>\nNau\u010d se va\u0159it,<br \/>\nCokoliv, jen na n\u00ed u\u017e nemysli!&#8220;<\/center><\/p>\n<p><center>A te\u010f jsem tak<br \/>\nUnaven z toho, jak se po\u0159\u00e1d c\u00edt\u00edm na dn\u011b<br \/>\nSedm t\u00fddn\u016f v kuse<br \/>\nU\u017e o tom nechci ani sly\u0161et<br \/>\nU\u017e na tebe nechci myslet<\/center><\/p>\n<p><center>Chci se l\u00edbat s naprost\u00fdm cizincem<br \/>\nZa\u0159vat si, pot\u0159ebuju t\u011b vymazat ze sv\u00e9 mysli<br \/>\nDnes ve\u010der se opiju<br \/>\nM\u00e1m misi<br \/>\nDostat t\u011b ze sv\u00e9ho syst\u00e9mu <\/center><\/p>\n<p><center>Dneska budu celou noc ve m\u011bst\u011b<br \/>\nZtrat\u00edm se v jeho sv\u011btlech<br \/>\nDnes ve\u010der se opiju<br \/>\nM\u00e1m misi<br \/>\nDostat t\u011b ze sv\u00e9ho syst\u00e9mu <\/center><\/p>\n<p><center>Sna\u017e\u00edm se b\u00fdt dosp\u011bl\u00fd,<br \/>\nZ\u016fstat slu\u0161n\u00fd<br \/>\nAle n\u011bkdy p\u0159em\u00fd\u0161l\u00edm o tom, jestli to m\u00e1 cenu<br \/>\nKdy\u017e vevnit\u0159 mne<br \/>\nNem\u016f\u017eu d\u00fdchat<br \/>\nJsem ob\u011bt\u00ed kletby l\u00e1sky<\/center><\/p>\n<p><center>A te\u010f jsem<br \/>\nUnaven z toho, jak pomalu to beru<br \/>\nSedm t\u00fddn\u016f v \u0159ad\u011b<br \/>\nU\u017e o tom nechci ani sly\u0161et<br \/>\nU\u017e na tebe nechci myslet<\/center><\/p>\n<p><center>Chci se l\u00edbat s naprost\u00fdm cizincem<br \/>\nZa\u0159vat si, pot\u0159ebuju t\u011b vymazat ze sv\u00e9 mysli<br \/>\nDnes ve\u010der se opiju<br \/>\nM\u00e1m misi<br \/>\nDostat t\u011b ze sv\u00e9ho syst\u00e9mu <\/center><\/p>\n<p><center>Dneska budu celou noc ve m\u011bst\u011b<br \/>\nZtrat\u00edm se v jeho sv\u011btlech<br \/>\nDnes ve\u010der se opiju<br \/>\nM\u00e1m misi<br \/>\nDostat t\u011b ze sv\u00e9ho syst\u00e9mu <\/center><\/p>\n<p><center>Ze sv\u00e9ho syst\u00e9mu<br \/>\nZe sv\u00e9ho syst\u00e9mu<br \/>\nZe sv\u00e9ho syst\u00e9mu<\/center><\/p>\n<p><center>U\u017e je to tak dlouho, co jsem byl s\u00e1m sebou<br \/>\nMluv\u00edm a chod\u00edm jako n\u011bkdo \u00fapln\u011b jin\u00fd<br \/>\nJe skv\u011bl\u00e9 b\u00fdt zase s\u00e1m sebou<br \/>\nA zbavit se toho v\u0161eho tr\u00e1pen\u00ed<br \/>\nTe\u010f se vrac\u00edm zp\u00e1tky do \u017eivota<br \/>\nV\u0161echny \u0161patn\u00e9 v\u011bci m\u011bn\u00edm v dobr\u00e9<br \/>\nByl jsem na dn\u011b<br \/>\nByl jsem jako ve v\u011bzen\u00ed<br \/>\nAle te\u010f jsem svobodn\u00fd<\/center><\/p>\n<p><center>Chci se l\u00edbat s naprost\u00fdm cizincem<br \/>\nZa\u0159vat si, pot\u0159ebuju t\u011b vymazat ze sv\u00e9 mysli<br \/>\nDnes ve\u010der se opiju<br \/>\nM\u00e1m misi<br \/>\nDostat t\u011b ze sv\u00e9ho syst\u00e9mu <\/center><\/p>\n<p><center>Dneska budu celou noc ve m\u011bst\u011b<br \/>\nZtrat\u00edm se v jeho sv\u011btlech<br \/>\nDnes ve\u010der se opiju<br \/>\nM\u00e1m misi<br \/>\nDostat t\u011b ze sv\u00e9ho syst\u00e9mu <\/center><\/p>\n<p><center>Ze sv\u00e9ho syst\u00e9mu<br \/>\nZe sv\u00e9ho syst\u00e9mu<br \/>\nZe sv\u00e9ho syst\u00e9mu<br \/>\n<\/center>\n<\/div>\n<div class=\"fblikebutton_button\" style=\"float: left; padding-top: 20px; margin-right: 20px; padding-bottom: 20px; padding-left: 20px;\"><iframe src=\"http:\/\/www.facebook.com\/plugins\/like.php?href=https%3A%2F%2Fwww.simpleplan.cz%2Fcz%2Findex.php%2Fkapela%2Fdiskografie%2Foutta-my-system%2F&amp;layout=standard&amp;show-faces=false&amp;width=450&amp;action=like&amp;colorscheme=light\" scrolling=\"no\" frameborder=\"0\" allowTransparency=\"true\" style=\"border:none; overflow:hidden; width:450px; height:26px\"><\/iframe><\/div>\n","protected":false},"excerpt":{"rendered":"<p>Z\u00e1kladn\u00ed info Album: Get Your Heart On! Auto\u0159i textu: Pierre Bouvier, Chuck Comeau, Ian Kirkpatrick<\/p>\n","protected":false},"author":5,"featured_media":0,"parent":5273,"menu_order":0,"comment_status":"open","ping_status":"open","template":"page-templates\/full-width.php","meta":{"footnotes":""},"yoast_head":"<!-- This site is optimized with the Yoast SEO plugin v20.9 - https:\/\/yoast.com\/wordpress\/plugins\/seo\/ -->\n<title>Outta My System | CZ: SimplePlan.cz<\/title>\n<meta name=\"robots\" content=\"index, follow, max-snippet:-1, max-image-preview:large, max-video-preview:-1\" \/>\n<link rel=\"canonical\" href=\"https:\/\/www.simpleplan.cz\/cz\/index.php\/kapela\/diskografie\/outta-my-system\/\" \/>\n<meta property=\"og:locale\" content=\"cs_CZ\" \/>\n<meta property=\"og:type\" content=\"article\" \/>\n<meta property=\"og:title\" content=\"Outta My System | CZ: SimplePlan.cz\" \/>\n<meta property=\"og:description\" content=\"Z\u00e1kladn\u00ed info Album: Get Your Heart On! Auto\u0159i textu: Pierre Bouvier, Chuck Comeau, Ian Kirkpatrick\" \/>\n<meta property=\"og:url\" content=\"https:\/\/www.simpleplan.cz\/cz\/index.php\/kapela\/diskografie\/outta-my-system\/\" \/>\n<meta property=\"og:site_name\" content=\"CZ: SimplePlan.cz\" \/>\n<meta property=\"article:publisher\" content=\"http:\/\/www.facebook.com\/simpleplancz\" \/>\n<meta property=\"article:modified_time\" content=\"2023-06-26T07:29:57+00:00\" \/>\n<meta property=\"og:image\" content=\"http:\/\/www.simpleplan.cz\/cz\/wp-content\/uploads\/logo.gif\" \/>\n<meta name=\"twitter:card\" content=\"summary_large_image\" \/>\n<meta name=\"twitter:site\" content=\"@simpleplancz\" \/>\n<meta name=\"twitter:label1\" content=\"Odhadovan\u00e1 doba \u010dten\u00ed\" \/>\n\t<meta name=\"twitter:data1\" content=\"4 minuty\" \/>\n<script type=\"application\/ld+json\" class=\"yoast-schema-graph\">{\"@context\":\"https:\/\/schema.org\",\"@graph\":[{\"@type\":\"WebPage\",\"@id\":\"https:\/\/www.simpleplan.cz\/cz\/index.php\/kapela\/diskografie\/outta-my-system\/\",\"url\":\"https:\/\/www.simpleplan.cz\/cz\/index.php\/kapela\/diskografie\/outta-my-system\/\",\"name\":\"Outta My System | CZ: SimplePlan.cz\",\"isPartOf\":{\"@id\":\"https:\/\/www.simpleplan.cz\/cz\/#website\"},\"datePublished\":\"2013-12-08T14:04:43+00:00\",\"dateModified\":\"2023-06-26T07:29:57+00:00\",\"breadcrumb\":{\"@id\":\"https:\/\/www.simpleplan.cz\/cz\/index.php\/kapela\/diskografie\/outta-my-system\/#breadcrumb\"},\"inLanguage\":\"cs\",\"potentialAction\":[{\"@type\":\"ReadAction\",\"target\":[\"https:\/\/www.simpleplan.cz\/cz\/index.php\/kapela\/diskografie\/outta-my-system\/\"]}]},{\"@type\":\"BreadcrumbList\",\"@id\":\"https:\/\/www.simpleplan.cz\/cz\/index.php\/kapela\/diskografie\/outta-my-system\/#breadcrumb\",\"itemListElement\":[{\"@type\":\"ListItem\",\"position\":1,\"name\":\"Dom\u016f\",\"item\":\"https:\/\/www.simpleplan.cz\/cz\/\"},{\"@type\":\"ListItem\",\"position\":2,\"name\":\"Kapela\",\"item\":\"https:\/\/www.simpleplan.cz\/cz\/index.php\/kapela\/\"},{\"@type\":\"ListItem\",\"position\":3,\"name\":\"Diskografie\",\"item\":\"https:\/\/www.simpleplan.cz\/cz\/index.php\/kapela\/diskografie\/\"},{\"@type\":\"ListItem\",\"position\":4,\"name\":\"Outta My System\"}]},{\"@type\":\"WebSite\",\"@id\":\"https:\/\/www.simpleplan.cz\/cz\/#website\",\"url\":\"https:\/\/www.simpleplan.cz\/cz\/\",\"name\":\"CZ: SimplePlan.cz\",\"description\":\"Nejlep\u0161\u00ed zdroj informac\u00ed o kapele Simple Plan\",\"publisher\":{\"@id\":\"https:\/\/www.simpleplan.cz\/cz\/#organization\"},\"potentialAction\":[{\"@type\":\"SearchAction\",\"target\":{\"@type\":\"EntryPoint\",\"urlTemplate\":\"https:\/\/www.simpleplan.cz\/cz\/?s={search_term_string}\"},\"query-input\":\"required name=search_term_string\"}],\"inLanguage\":\"cs\"},{\"@type\":\"Organization\",\"@id\":\"https:\/\/www.simpleplan.cz\/cz\/#organization\",\"name\":\"CZ: SimplePlan.cz\",\"url\":\"https:\/\/www.simpleplan.cz\/cz\/\",\"logo\":{\"@type\":\"ImageObject\",\"inLanguage\":\"cs\",\"@id\":\"https:\/\/www.simpleplan.cz\/cz\/#\/schema\/logo\/image\/\",\"url\":\"https:\/\/www.simpleplan.cz\/cz\/wp-content\/uploads\/spczlogo.png\",\"contentUrl\":\"https:\/\/www.simpleplan.cz\/cz\/wp-content\/uploads\/spczlogo.png\",\"width\":250,\"height\":190,\"caption\":\"CZ: SimplePlan.cz\"},\"image\":{\"@id\":\"https:\/\/www.simpleplan.cz\/cz\/#\/schema\/logo\/image\/\"},\"sameAs\":[\"http:\/\/www.facebook.com\/simpleplancz\",\"https:\/\/twitter.com\/simpleplancz\",\"http:\/\/www.instagram.com\/simpleplancz\",\"http:\/\/www.youtube.com\/simpleplancz\"]}]}<\/script>\n<!-- \/ Yoast SEO plugin. -->","yoast_head_json":{"title":"Outta My System | CZ: SimplePlan.cz","robots":{"index":"index","follow":"follow","max-snippet":"max-snippet:-1","max-image-preview":"max-image-preview:large","max-video-preview":"max-video-preview:-1"},"canonical":"https:\/\/www.simpleplan.cz\/cz\/index.php\/kapela\/diskografie\/outta-my-system\/","og_locale":"cs_CZ","og_type":"article","og_title":"Outta My System | CZ: SimplePlan.cz","og_description":"Z\u00e1kladn\u00ed info Album: Get Your Heart On! Auto\u0159i textu: Pierre Bouvier, Chuck Comeau, Ian Kirkpatrick","og_url":"https:\/\/www.simpleplan.cz\/cz\/index.php\/kapela\/diskografie\/outta-my-system\/","og_site_name":"CZ: SimplePlan.cz","article_publisher":"http:\/\/www.facebook.com\/simpleplancz","article_modified_time":"2023-06-26T07:29:57+00:00","og_image":[{"url":"http:\/\/www.simpleplan.cz\/cz\/wp-content\/uploads\/logo.gif"}],"twitter_card":"summary_large_image","twitter_site":"@simpleplancz","twitter_misc":{"Odhadovan\u00e1 doba \u010dten\u00ed":"4 minuty"},"schema":{"@context":"https:\/\/schema.org","@graph":[{"@type":"WebPage","@id":"https:\/\/www.simpleplan.cz\/cz\/index.php\/kapela\/diskografie\/outta-my-system\/","url":"https:\/\/www.simpleplan.cz\/cz\/index.php\/kapela\/diskografie\/outta-my-system\/","name":"Outta My System | CZ: SimplePlan.cz","isPartOf":{"@id":"https:\/\/www.simpleplan.cz\/cz\/#website"},"datePublished":"2013-12-08T14:04:43+00:00","dateModified":"2023-06-26T07:29:57+00:00","breadcrumb":{"@id":"https:\/\/www.simpleplan.cz\/cz\/index.php\/kapela\/diskografie\/outta-my-system\/#breadcrumb"},"inLanguage":"cs","potentialAction":[{"@type":"ReadAction","target":["https:\/\/www.simpleplan.cz\/cz\/index.php\/kapela\/diskografie\/outta-my-system\/"]}]},{"@type":"BreadcrumbList","@id":"https:\/\/www.simpleplan.cz\/cz\/index.php\/kapela\/diskografie\/outta-my-system\/#breadcrumb","itemListElement":[{"@type":"ListItem","position":1,"name":"Dom\u016f","item":"https:\/\/www.simpleplan.cz\/cz\/"},{"@type":"ListItem","position":2,"name":"Kapela","item":"https:\/\/www.simpleplan.cz\/cz\/index.php\/kapela\/"},{"@type":"ListItem","position":3,"name":"Diskografie","item":"https:\/\/www.simpleplan.cz\/cz\/index.php\/kapela\/diskografie\/"},{"@type":"ListItem","position":4,"name":"Outta My System"}]},{"@type":"WebSite","@id":"https:\/\/www.simpleplan.cz\/cz\/#website","url":"https:\/\/www.simpleplan.cz\/cz\/","name":"CZ: SimplePlan.cz","description":"Nejlep\u0161\u00ed zdroj informac\u00ed o kapele Simple Plan","publisher":{"@id":"https:\/\/www.simpleplan.cz\/cz\/#organization"},"potentialAction":[{"@type":"SearchAction","target":{"@type":"EntryPoint","urlTemplate":"https:\/\/www.simpleplan.cz\/cz\/?s={search_term_string}"},"query-input":"required name=search_term_string"}],"inLanguage":"cs"},{"@type":"Organization","@id":"https:\/\/www.simpleplan.cz\/cz\/#organization","name":"CZ: SimplePlan.cz","url":"https:\/\/www.simpleplan.cz\/cz\/","logo":{"@type":"ImageObject","inLanguage":"cs","@id":"https:\/\/www.simpleplan.cz\/cz\/#\/schema\/logo\/image\/","url":"https:\/\/www.simpleplan.cz\/cz\/wp-content\/uploads\/spczlogo.png","contentUrl":"https:\/\/www.simpleplan.cz\/cz\/wp-content\/uploads\/spczlogo.png","width":250,"height":190,"caption":"CZ: SimplePlan.cz"},"image":{"@id":"https:\/\/www.simpleplan.cz\/cz\/#\/schema\/logo\/image\/"},"sameAs":["http:\/\/www.facebook.com\/simpleplancz","https:\/\/twitter.com\/simpleplancz","http:\/\/www.instagram.com\/simpleplancz","http:\/\/www.youtube.com\/simpleplancz"]}]}},"_links":{"self":[{"href":"https:\/\/www.simpleplan.cz\/cz\/index.php\/wp-json\/wp\/v2\/pages\/14370"}],"collection":[{"href":"https:\/\/www.simpleplan.cz\/cz\/index.php\/wp-json\/wp\/v2\/pages"}],"about":[{"href":"https:\/\/www.simpleplan.cz\/cz\/index.php\/wp-json\/wp\/v2\/types\/page"}],"author":[{"embeddable":true,"href":"https:\/\/www.simpleplan.cz\/cz\/index.php\/wp-json\/wp\/v2\/users\/5"}],"replies":[{"embeddable":true,"href":"https:\/\/www.simpleplan.cz\/cz\/index.php\/wp-json\/wp\/v2\/comments?post=14370"}],"version-history":[{"count":6,"href":"https:\/\/www.simpleplan.cz\/cz\/index.php\/wp-json\/wp\/v2\/pages\/14370\/revisions"}],"predecessor-version":[{"id":23300,"href":"https:\/\/www.simpleplan.cz\/cz\/index.php\/wp-json\/wp\/v2\/pages\/14370\/revisions\/23300"}],"up":[{"embeddable":true,"href":"https:\/\/www.simpleplan.cz\/cz\/index.php\/wp-json\/wp\/v2\/pages\/5273"}],"wp:attachment":[{"href":"https:\/\/www.simpleplan.cz\/cz\/index.php\/wp-json\/wp\/v2\/media?parent=14370"}],"curies":[{"name":"wp","href":"https:\/\/api.w.org\/{rel}","templated":true}]}}