{"id":14374,"date":"2013-12-08T15:11:46","date_gmt":"2013-12-08T14:11:46","guid":{"rendered":"http:\/\/www.simpleplan.cz\/cz\/?page_id=14374"},"modified":"2023-06-26T09:29:56","modified_gmt":"2023-06-26T07:29:56","slug":"fire-in-my-heart","status":"publish","type":"page","link":"https:\/\/www.simpleplan.cz\/cz\/index.php\/kapela\/diskografie\/fire-in-my-heart\/","title":{"rendered":"Fire In My Heart"},"content":{"rendered":"<div class=\"pagecontent\">\n<div class=\"girls\"><b><u>Z\u00e1kladn\u00ed info<\/u><\/b><\/div>\n<p><b>Album:<\/b> Get Your Heart On!<br \/>\n<b>Auto\u0159i textu:<\/b> Pierre Bouvier, Chuck Comeau, Julian Emery, James Roger Graydon a Jim Irvin<br \/>\n<b>Dodate\u010dn\u00e1 spolupr\u00e1ce:<\/b> Brian Howes (produkce)<br \/>\n<b>D\u00e9lka p\u00edsn\u011b:<\/b> 3:27<\/p>\n<div class=\"girls\"><b><u>Text p\u00edsn\u011b<\/u><\/b><\/div>\n<p><center><br \/>\nI betcha didn&#8217;t know<br \/>\nYou started up a chain reaction.<br \/>\nI saw no intention on your face.<br \/>\nIt must have been some kind of chemical attraction.<br \/>\nI felt a spark.<br \/>\nIt left a mark<br \/>\nI can&#8217;t erase.<br \/>\n(I can&#8217;t erase)<\/center><\/p>\n<p><center>It&#8217;s like&#8230; (oh, oh)<br \/>\nSomething like a bolt of lightning<br \/>\n(Oh, oh)<br \/>\nIs going on inside.<\/center><\/p>\n<p><center>&#8218;Cause I&#8217;m burning up.<br \/>\nIt ain&#8217;t no joke.<br \/>\nAnd all my cells are going rogue.<br \/>\nCaught up in a blaze with no way out.<\/center><\/p>\n<p><center>And it&#8217;s my self-control goes up in smoke.<br \/>\nOne more hit, I get so stoked that I &#8211;<br \/>\nI&#8217;m glowing in the dark.<br \/>\nYou lit a fire in my heart.<br \/>\n(Fire in my heart)<br \/>\nYou lit a fire in my heart.<br \/>\n(Fire in my heart)<\/center><\/p>\n<p><center>It was kicking that beat,<br \/>\nSteady in my body (in my body)<br \/>\n&#8218;Til you pumped it up with gasoline.<\/center><\/p>\n<p><center>You struck a match and,<br \/>\nJust like that, you got me.<br \/>\nNow I&#8217;m the brightest firework you&#8217;ve ever seen.<\/center><\/p>\n<p><center>It&#8217;s like&#8230; (oh, oh)<br \/>\nNo, there&#8217;s no need to run for water.<br \/>\n(Oh, oh) Don&#8217;t ever put me out.<\/center><\/p>\n<p>&#8218;Cause I&#8217;m burning up.<br \/>\nIt ain&#8217;t no joke.<br \/>\nAnd all my cells are going rogue.<br \/>\nCaught up in a blaze with no way out.<br \/>\n(Caught up in a blaze with no way out)<br \/>\nAnd it&#8217;s my self-control goes up smoke.<br \/>\nOne more hit, I get so stoked that I &#8211;<br \/>\nI&#8217;m glowing in the dark.<br \/>\nYou lit a fire in my heart.<br \/>\n(Fire in my heart)<br \/>\nYou lit a fire in my heart.<br \/>\n(Fire in my heart) <\/center><\/p>\n<p><center>Oh, oh.<br \/>\nSo come and warm your hands around me.<br \/>\nOh, oh.<br \/>\nI will light you up tonight.<\/center><\/p>\n<p><center>&#8218;Cause I&#8217;m burning up.<br \/>\nIt ain&#8217;t no joke.<br \/>\nAnd all my cells are going rogue.<br \/>\nCaught up in a blaze with no way out.<br \/>\n(Caught up in a blaze with no way out)<br \/>\nAnd it&#8217;s my self-control goes up smoke.<br \/>\nOne more hit, I get so stoked that I &#8211;<br \/>\nI&#8217;m glowing in the dark.<br \/>\nYou lit a fire in my heart. <\/center><\/p>\n<p><center>&#8218;Cause I&#8217;m burning up.<br \/>\nIt ain&#8217;t no joke.<br \/>\nAnd all my cells are going rogue.<br \/>\nCaught up in a blaze with no way out.<br \/>\n(Caught up in a blaze with no way out)<br \/>\nAnd it&#8217;s my self-control goes up smoke.<br \/>\nOne more hit, I get so stoked that I &#8211;<br \/>\nI&#8217;m glowing in the dark.<br \/>\nYou lit a fire in my heart.<br \/>\n(Fire in my heart)<br \/>\nYou lit a fire in my heart.<br \/>\n(Fire in my heart) <\/center><\/p>\n<p><center>You lit a fire in my heart.<br \/>\n(Fire in my heart) <\/p>\n<p><\/center><\/p>\n<div class=\"girls\"><b><u>\u010cesk\u00fd p\u0159eklad<\/u><\/b><\/div>\n<p><center><br \/>\nVsad\u00edm se, \u017ee jsi nev\u011bd\u011bla<br \/>\n\u017de jsi spustila \u0159et\u011bzovou reakci<br \/>\nNevid\u011bl jsem v tvoj\u00ed tv\u00e1\u0159i \u017e\u00e1dn\u00fd \u00famysl<br \/>\nMusela v tom b\u00fdt n\u011bjak\u00e1 chemick\u00e1 p\u0159ita\u017elivost<br \/>\nC\u00edtil jsem jiskru<br \/>\nZanechala po sob\u011b stopy<br \/>\nKter\u00e9 nem\u016f\u017eu vymazat<br \/>\n(Kter\u00e9 nem\u016f\u017eu vymazat)<\/center><\/p>\n<p><center>Je to jako&#8230; (oh, oh)<br \/>\nN\u011bco jako blesk<br \/>\n(Oh, oh)<br \/>\nKter\u00fd mnou pror\u00e1\u017e\u00ed<\/center><\/p>\n<p><center>Proto\u017ee j\u00e1 vzpl\u00e1l\u00e1m<br \/>\nNen\u00ed to \u017e\u00e1dn\u00e1 sranda<br \/>\nA v\u0161echny m\u00e9 bu\u0148ky jakoby se zbl\u00e1znily<br \/>\nJsou chyceny v ohni bez \u00faniku<\/center><\/p>\n<p><center>A m\u00e1 sebekontrola se vypa\u0159\u00ed v kou\u0159i<br \/>\nJe\u0161t\u011b jednou a jsem z toho tak nad\u0161en\u00fd, \u017ee<br \/>\nZ\u00e1\u0159\u00edm ve tm\u011b.<br \/>\nZap\u00e1lila jsi v m\u00e9m srdci ohe\u0148<br \/>\n(Ohe\u0148 v m\u00e9m srci)<br \/>\nZap\u00e1lila jsi v m\u00e9m srdci ohe\u0148<br \/>\n(Ohe\u0148 v m\u00e9m srci)<br \/>\nTakhle to \u0161lo d\u00e1l,<br \/>\nPo\u0159\u00e1d stejn\u011b v m\u00e9m t\u011ble (v m\u00e9m t\u011ble)<br \/>\nDokud jsi m\u011b nepolila benz\u00ednem<\/center><\/p>\n<p><center>Zap\u00e1lila jsi sirku a<br \/>\nProst\u011b jsi m\u011b dostala<br \/>\nA te\u010f jsem t\u00edm nejjasn\u011bj\u0161\u00edm oh\u0148ostrojem, kter\u00fd jsi kdy vid\u011bla<\/center><\/p>\n<p><center>Je to jako&#8230; (oh, oh)<br \/>\nNe, nemus\u00ed\u0161 b\u011b\u017eet pro vodu.<br \/>\n(Oh, oh) Nikdy m\u011b neuhas.<\/center><\/p>\n<p><center>Proto\u017ee j\u00e1 vzpl\u00e1l\u00e1m<br \/>\nNen\u00ed to \u017e\u00e1dn\u00e1 sranda<br \/>\nA v\u0161echny m\u00e9 bu\u0148ky jakoby se zbl\u00e1znily<br \/>\nJsou chyceny v ohni bez \u00faniku<\/center><\/p>\n<p><center>A m\u00e1 sebekontrola se vypa\u0159\u00ed v kou\u0159i<br \/>\nJe\u0161t\u011b jednou a jsem z toho tak nad\u0161en\u00fd, \u017ee<br \/>\nZ\u00e1\u0159\u00edm ve tm\u011b.<br \/>\nZap\u00e1lila jsi v m\u00e9m srdci ohe\u0148<br \/>\n(Ohe\u0148 v m\u00e9m srci)<br \/>\nZap\u00e1lila jsi v m\u00e9m srdci ohe\u0148<br \/>\n(Ohe\u0148 v m\u00e9m srci)<br \/>\nOh, oh.<br \/>\nTak p\u0159ij\u010f a poj\u010f si o m\u011b oh\u0159\u00e1t sv\u00e9 ruce.<br \/>\nOh, oh.<br \/>\nDneska ti rozz\u00e1\u0159\u00edm \u00fasm\u011bv na tv\u00e1\u0159i.<\/center><\/p>\n<p><center>Proto\u017ee j\u00e1 vzpl\u00e1l\u00e1m<br \/>\nNen\u00ed to \u017e\u00e1dn\u00e1 sranda<br \/>\nA v\u0161echny m\u00e9 bu\u0148ky jakoby se zbl\u00e1znily<br \/>\nJsou chyceny v ohni bez \u00faniku<\/center><\/p>\n<p><center>A m\u00e1 sebekontrola se vypa\u0159\u00ed v kou\u0159i<br \/>\nJe\u0161t\u011b jednou a jsem z toho tak nad\u0161en\u00fd, \u017ee<br \/>\nZ\u00e1\u0159\u00edm ve tm\u011b.<br \/>\nZap\u00e1lila jsi v m\u00e9m srdci ohe\u0148<br \/>\n(Ohe\u0148 v m\u00e9m srci)<br \/>\nZap\u00e1lila jsi v m\u00e9m srdci ohe\u0148<br \/>\n(Ohe\u0148 v m\u00e9m srci)<br \/>\nProto\u017ee j\u00e1 vzpl\u00e1l\u00e1m<br \/>\nNen\u00ed to \u017e\u00e1dn\u00e1 sranda<br \/>\nA v\u0161echny m\u00e9 bu\u0148ky jakoby se zbl\u00e1znily<br \/>\nJsou chyceny v ohni bez \u00faniku<\/center><\/p>\n<p><center>A m\u00e1 sebekontrola se vypa\u0159\u00ed v kou\u0159i<br \/>\nJe\u0161t\u011b jednou a jsem z toho tak nad\u0161en\u00fd, \u017ee<br \/>\nZ\u00e1\u0159\u00edm ve tm\u011b.<br \/>\nZap\u00e1lila jsi v m\u00e9m srdci ohe\u0148<br \/>\n(Ohe\u0148 v m\u00e9m srci)<br \/>\nZap\u00e1lila jsi v m\u00e9m srdci ohe\u0148<br \/>\n(Ohe\u0148 v m\u00e9m srci)<br \/>\n<\/center>\n<\/div>\n<div class=\"fblikebutton_button\" style=\"float: left; padding-top: 20px; margin-right: 20px; padding-bottom: 20px; padding-left: 20px;\"><iframe src=\"http:\/\/www.facebook.com\/plugins\/like.php?href=https%3A%2F%2Fwww.simpleplan.cz%2Fcz%2Findex.php%2Fkapela%2Fdiskografie%2Ffire-in-my-heart%2F&amp;layout=standard&amp;show-faces=false&amp;width=450&amp;action=like&amp;colorscheme=light\" scrolling=\"no\" frameborder=\"0\" allowTransparency=\"true\" style=\"border:none; overflow:hidden; width:450px; height:26px\"><\/iframe><\/div>\n","protected":false},"excerpt":{"rendered":"<p>Z\u00e1kladn\u00ed info Album: Get Your Heart On! Auto\u0159i textu: Pierre Bouvier, Chuck Comeau, Julian Emery,<\/p>\n","protected":false},"author":5,"featured_media":0,"parent":5273,"menu_order":0,"comment_status":"open","ping_status":"open","template":"page-templates\/full-width.php","meta":{"footnotes":""},"yoast_head":"<!-- This site is optimized with the Yoast SEO plugin v20.9 - https:\/\/yoast.com\/wordpress\/plugins\/seo\/ -->\n<title>Fire In My Heart | CZ: SimplePlan.cz<\/title>\n<meta name=\"robots\" content=\"index, follow, max-snippet:-1, max-image-preview:large, max-video-preview:-1\" \/>\n<link rel=\"canonical\" href=\"https:\/\/www.simpleplan.cz\/cz\/index.php\/kapela\/diskografie\/fire-in-my-heart\/\" \/>\n<meta property=\"og:locale\" content=\"cs_CZ\" \/>\n<meta property=\"og:type\" content=\"article\" \/>\n<meta property=\"og:title\" content=\"Fire In My Heart | CZ: SimplePlan.cz\" \/>\n<meta property=\"og:description\" content=\"Z\u00e1kladn\u00ed info Album: Get Your Heart On! Auto\u0159i textu: Pierre Bouvier, Chuck Comeau, Julian Emery,\" \/>\n<meta property=\"og:url\" content=\"https:\/\/www.simpleplan.cz\/cz\/index.php\/kapela\/diskografie\/fire-in-my-heart\/\" \/>\n<meta property=\"og:site_name\" content=\"CZ: SimplePlan.cz\" \/>\n<meta property=\"article:publisher\" content=\"http:\/\/www.facebook.com\/simpleplancz\" \/>\n<meta property=\"article:modified_time\" content=\"2023-06-26T07:29:56+00:00\" \/>\n<meta property=\"og:image\" content=\"http:\/\/www.simpleplan.cz\/cz\/wp-content\/uploads\/logo.gif\" \/>\n<meta name=\"twitter:card\" content=\"summary_large_image\" \/>\n<meta name=\"twitter:site\" content=\"@simpleplancz\" \/>\n<meta name=\"twitter:label1\" content=\"Odhadovan\u00e1 doba \u010dten\u00ed\" \/>\n\t<meta name=\"twitter:data1\" content=\"5 minut\" \/>\n<script type=\"application\/ld+json\" class=\"yoast-schema-graph\">{\"@context\":\"https:\/\/schema.org\",\"@graph\":[{\"@type\":\"WebPage\",\"@id\":\"https:\/\/www.simpleplan.cz\/cz\/index.php\/kapela\/diskografie\/fire-in-my-heart\/\",\"url\":\"https:\/\/www.simpleplan.cz\/cz\/index.php\/kapela\/diskografie\/fire-in-my-heart\/\",\"name\":\"Fire In My Heart | CZ: SimplePlan.cz\",\"isPartOf\":{\"@id\":\"https:\/\/www.simpleplan.cz\/cz\/#website\"},\"datePublished\":\"2013-12-08T14:11:46+00:00\",\"dateModified\":\"2023-06-26T07:29:56+00:00\",\"breadcrumb\":{\"@id\":\"https:\/\/www.simpleplan.cz\/cz\/index.php\/kapela\/diskografie\/fire-in-my-heart\/#breadcrumb\"},\"inLanguage\":\"cs\",\"potentialAction\":[{\"@type\":\"ReadAction\",\"target\":[\"https:\/\/www.simpleplan.cz\/cz\/index.php\/kapela\/diskografie\/fire-in-my-heart\/\"]}]},{\"@type\":\"BreadcrumbList\",\"@id\":\"https:\/\/www.simpleplan.cz\/cz\/index.php\/kapela\/diskografie\/fire-in-my-heart\/#breadcrumb\",\"itemListElement\":[{\"@type\":\"ListItem\",\"position\":1,\"name\":\"Dom\u016f\",\"item\":\"https:\/\/www.simpleplan.cz\/cz\/\"},{\"@type\":\"ListItem\",\"position\":2,\"name\":\"Kapela\",\"item\":\"https:\/\/www.simpleplan.cz\/cz\/index.php\/kapela\/\"},{\"@type\":\"ListItem\",\"position\":3,\"name\":\"Diskografie\",\"item\":\"https:\/\/www.simpleplan.cz\/cz\/index.php\/kapela\/diskografie\/\"},{\"@type\":\"ListItem\",\"position\":4,\"name\":\"Fire In My Heart\"}]},{\"@type\":\"WebSite\",\"@id\":\"https:\/\/www.simpleplan.cz\/cz\/#website\",\"url\":\"https:\/\/www.simpleplan.cz\/cz\/\",\"name\":\"CZ: SimplePlan.cz\",\"description\":\"Nejlep\u0161\u00ed zdroj informac\u00ed o kapele Simple Plan\",\"publisher\":{\"@id\":\"https:\/\/www.simpleplan.cz\/cz\/#organization\"},\"potentialAction\":[{\"@type\":\"SearchAction\",\"target\":{\"@type\":\"EntryPoint\",\"urlTemplate\":\"https:\/\/www.simpleplan.cz\/cz\/?s={search_term_string}\"},\"query-input\":\"required name=search_term_string\"}],\"inLanguage\":\"cs\"},{\"@type\":\"Organization\",\"@id\":\"https:\/\/www.simpleplan.cz\/cz\/#organization\",\"name\":\"CZ: SimplePlan.cz\",\"url\":\"https:\/\/www.simpleplan.cz\/cz\/\",\"logo\":{\"@type\":\"ImageObject\",\"inLanguage\":\"cs\",\"@id\":\"https:\/\/www.simpleplan.cz\/cz\/#\/schema\/logo\/image\/\",\"url\":\"https:\/\/www.simpleplan.cz\/cz\/wp-content\/uploads\/spczlogo.png\",\"contentUrl\":\"https:\/\/www.simpleplan.cz\/cz\/wp-content\/uploads\/spczlogo.png\",\"width\":250,\"height\":190,\"caption\":\"CZ: SimplePlan.cz\"},\"image\":{\"@id\":\"https:\/\/www.simpleplan.cz\/cz\/#\/schema\/logo\/image\/\"},\"sameAs\":[\"http:\/\/www.facebook.com\/simpleplancz\",\"https:\/\/twitter.com\/simpleplancz\",\"http:\/\/www.instagram.com\/simpleplancz\",\"http:\/\/www.youtube.com\/simpleplancz\"]}]}<\/script>\n<!-- \/ Yoast SEO plugin. -->","yoast_head_json":{"title":"Fire In My Heart | CZ: SimplePlan.cz","robots":{"index":"index","follow":"follow","max-snippet":"max-snippet:-1","max-image-preview":"max-image-preview:large","max-video-preview":"max-video-preview:-1"},"canonical":"https:\/\/www.simpleplan.cz\/cz\/index.php\/kapela\/diskografie\/fire-in-my-heart\/","og_locale":"cs_CZ","og_type":"article","og_title":"Fire In My Heart | CZ: SimplePlan.cz","og_description":"Z\u00e1kladn\u00ed info Album: Get Your Heart On! Auto\u0159i textu: Pierre Bouvier, Chuck Comeau, Julian Emery,","og_url":"https:\/\/www.simpleplan.cz\/cz\/index.php\/kapela\/diskografie\/fire-in-my-heart\/","og_site_name":"CZ: SimplePlan.cz","article_publisher":"http:\/\/www.facebook.com\/simpleplancz","article_modified_time":"2023-06-26T07:29:56+00:00","og_image":[{"url":"http:\/\/www.simpleplan.cz\/cz\/wp-content\/uploads\/logo.gif"}],"twitter_card":"summary_large_image","twitter_site":"@simpleplancz","twitter_misc":{"Odhadovan\u00e1 doba \u010dten\u00ed":"5 minut"},"schema":{"@context":"https:\/\/schema.org","@graph":[{"@type":"WebPage","@id":"https:\/\/www.simpleplan.cz\/cz\/index.php\/kapela\/diskografie\/fire-in-my-heart\/","url":"https:\/\/www.simpleplan.cz\/cz\/index.php\/kapela\/diskografie\/fire-in-my-heart\/","name":"Fire In My Heart | CZ: SimplePlan.cz","isPartOf":{"@id":"https:\/\/www.simpleplan.cz\/cz\/#website"},"datePublished":"2013-12-08T14:11:46+00:00","dateModified":"2023-06-26T07:29:56+00:00","breadcrumb":{"@id":"https:\/\/www.simpleplan.cz\/cz\/index.php\/kapela\/diskografie\/fire-in-my-heart\/#breadcrumb"},"inLanguage":"cs","potentialAction":[{"@type":"ReadAction","target":["https:\/\/www.simpleplan.cz\/cz\/index.php\/kapela\/diskografie\/fire-in-my-heart\/"]}]},{"@type":"BreadcrumbList","@id":"https:\/\/www.simpleplan.cz\/cz\/index.php\/kapela\/diskografie\/fire-in-my-heart\/#breadcrumb","itemListElement":[{"@type":"ListItem","position":1,"name":"Dom\u016f","item":"https:\/\/www.simpleplan.cz\/cz\/"},{"@type":"ListItem","position":2,"name":"Kapela","item":"https:\/\/www.simpleplan.cz\/cz\/index.php\/kapela\/"},{"@type":"ListItem","position":3,"name":"Diskografie","item":"https:\/\/www.simpleplan.cz\/cz\/index.php\/kapela\/diskografie\/"},{"@type":"ListItem","position":4,"name":"Fire In My Heart"}]},{"@type":"WebSite","@id":"https:\/\/www.simpleplan.cz\/cz\/#website","url":"https:\/\/www.simpleplan.cz\/cz\/","name":"CZ: SimplePlan.cz","description":"Nejlep\u0161\u00ed zdroj informac\u00ed o kapele Simple Plan","publisher":{"@id":"https:\/\/www.simpleplan.cz\/cz\/#organization"},"potentialAction":[{"@type":"SearchAction","target":{"@type":"EntryPoint","urlTemplate":"https:\/\/www.simpleplan.cz\/cz\/?s={search_term_string}"},"query-input":"required name=search_term_string"}],"inLanguage":"cs"},{"@type":"Organization","@id":"https:\/\/www.simpleplan.cz\/cz\/#organization","name":"CZ: SimplePlan.cz","url":"https:\/\/www.simpleplan.cz\/cz\/","logo":{"@type":"ImageObject","inLanguage":"cs","@id":"https:\/\/www.simpleplan.cz\/cz\/#\/schema\/logo\/image\/","url":"https:\/\/www.simpleplan.cz\/cz\/wp-content\/uploads\/spczlogo.png","contentUrl":"https:\/\/www.simpleplan.cz\/cz\/wp-content\/uploads\/spczlogo.png","width":250,"height":190,"caption":"CZ: SimplePlan.cz"},"image":{"@id":"https:\/\/www.simpleplan.cz\/cz\/#\/schema\/logo\/image\/"},"sameAs":["http:\/\/www.facebook.com\/simpleplancz","https:\/\/twitter.com\/simpleplancz","http:\/\/www.instagram.com\/simpleplancz","http:\/\/www.youtube.com\/simpleplancz"]}]}},"_links":{"self":[{"href":"https:\/\/www.simpleplan.cz\/cz\/index.php\/wp-json\/wp\/v2\/pages\/14374"}],"collection":[{"href":"https:\/\/www.simpleplan.cz\/cz\/index.php\/wp-json\/wp\/v2\/pages"}],"about":[{"href":"https:\/\/www.simpleplan.cz\/cz\/index.php\/wp-json\/wp\/v2\/types\/page"}],"author":[{"embeddable":true,"href":"https:\/\/www.simpleplan.cz\/cz\/index.php\/wp-json\/wp\/v2\/users\/5"}],"replies":[{"embeddable":true,"href":"https:\/\/www.simpleplan.cz\/cz\/index.php\/wp-json\/wp\/v2\/comments?post=14374"}],"version-history":[{"count":4,"href":"https:\/\/www.simpleplan.cz\/cz\/index.php\/wp-json\/wp\/v2\/pages\/14374\/revisions"}],"predecessor-version":[{"id":23299,"href":"https:\/\/www.simpleplan.cz\/cz\/index.php\/wp-json\/wp\/v2\/pages\/14374\/revisions\/23299"}],"up":[{"embeddable":true,"href":"https:\/\/www.simpleplan.cz\/cz\/index.php\/wp-json\/wp\/v2\/pages\/5273"}],"wp:attachment":[{"href":"https:\/\/www.simpleplan.cz\/cz\/index.php\/wp-json\/wp\/v2\/media?parent=14374"}],"curies":[{"name":"wp","href":"https:\/\/api.w.org\/{rel}","templated":true}]}}