{"id":14377,"date":"2013-12-08T15:17:23","date_gmt":"2013-12-08T14:17:23","guid":{"rendered":"http:\/\/www.simpleplan.cz\/cz\/?page_id=14377"},"modified":"2023-06-26T09:29:57","modified_gmt":"2023-06-26T07:29:57","slug":"in","status":"publish","type":"page","link":"https:\/\/www.simpleplan.cz\/cz\/index.php\/kapela\/diskografie\/in\/","title":{"rendered":"In"},"content":{"rendered":"<div class=\"pagecontent\">\n<div class=\"girls\"><b><u>Z\u00e1kladn\u00ed info<\/u><\/b><\/div>\n<p><b>Album:<\/b> Get Your Heart On!<br \/>\n<b>Auto\u0159i textu:<\/b> Pierre Bouvier, Chuck Comeau, Michael Warren<br \/>\n<b>Dodate\u010dn\u00e1 spolupr\u00e1ce:<\/b> Brian Howes (produkce)<br \/>\n<b>D\u00e9lka p\u00edsn\u011b:<\/b> 3:43<\/p>\n<div class=\"girls\"><b><u>V\u00fdznam p\u00edsn\u011b<\/u><\/b><\/div>\n<p>\u010clenov\u00e9 kapely nazna\u010dili, \u017ee je p\u0159i vytv\u00e1\u0159en\u00ed t\u00e9to p\u00edsn\u011b nechala inspirovat hudba kapely Linkin Park.<\/p>\n<div class=\"girls\"><b><u>Text p\u00edsn\u011b<\/u><\/b><\/div>\n<p><center><br \/>\nOooooh Oooooh<br \/>\nOooooh Oooooh<br \/>\nOooooh Oooooh<\/center><\/p>\n<p><center>We\u2019ve been wasting this time<br \/>\nTrying to play it safe<br \/>\nAnd try to cover up what<br \/>\nOur hearts want to say <\/center><\/p>\n<p><center>We&#8217;ve been hiding these words<br \/>\nWe don&#8217;t have to anymore<br \/>\nCause we&#8217;re standing still<br \/>\nTell me what we&#8217;re waiting for?<\/center><\/p>\n<p><center>If you&#8217;re in, I&#8217;m in<br \/>\nIf you&#8217;re down, I&#8217;m down<br \/>\nDo you want this too?<br \/>\nCause I need it now.<br \/>\nIf you say the word<br \/>\nI will erase your doubts<br \/>\nI can show you<br \/>\nI can show you <\/center><\/p>\n<p><center>That we don&#8217;t have to be careful<br \/>\nThat my cards are on the table <\/center><\/p>\n<p><center>If you&#8217;re in, I&#8217;m in<br \/>\nIf you&#8217;re down, I&#8217;m down<br \/>\nLet&#8217;s do this.<br \/>\nLet&#8217;s do this.<br \/>\nRight now. <\/center><\/p>\n<p><center>Oooooh Oooooh<\/center><\/p>\n<p><center>I know that you&#8217;re scared<br \/>\nBut you don&#8217;t have to be afraid<br \/>\nCause I won&#8217;t let you down<br \/>\nI&#8217;ll be there every step of the way<br \/>\nWe&#8217;ve been keeping it quiet<br \/>\nBut I need to say it out loud<br \/>\nCause it&#8217;s about time<br \/>\nTo let our walls come down<\/center><\/p>\n<p><center>If you&#8217;re in, I&#8217;m in<br \/>\nIf you&#8217;re down, I&#8217;m down<br \/>\nDo you want this too?<br \/>\nCause I need it now.<br \/>\nIf you say the word<br \/>\nI will erase your doubts<br \/>\nI can show you<br \/>\nI can show you<br \/>\nThat we don&#8217;t have to be careful<br \/>\nThat my cards are on the table <\/center><\/p>\n<p><center>If you&#8217;re in, I&#8217;m in<br \/>\nIf you&#8217;re down, I&#8217;m down<br \/>\nLet&#8217;s do this.<br \/>\nLet&#8217;s do this.<br \/>\nRight now. <\/center><\/p>\n<p><center>Oooooh Oooooh<\/center><\/p>\n<p><center>So tell me why?<br \/>\nTell me why we waited so long<br \/>\nWhen we know?<br \/>\nWhen we know where we belong <\/center><\/p>\n<p><center>If you&#8217;re in, I&#8217;m in<br \/>\nIf you&#8217;re down, I&#8217;m down<br \/>\nDo you want this too?<br \/>\nCause I need it now.<br \/>\nIf you say the word<br \/>\nI will erase your doubts<br \/>\nI can show you<br \/>\nI can show you <\/center><\/p>\n<p><center>If you&#8217;re in, I&#8217;m in<br \/>\nIf you&#8217;re down, I&#8217;m down<br \/>\nDo you want this too?<br \/>\nCause I need it now.<br \/>\nIf you say the word<br \/>\nI will erase your doubts<br \/>\nI can show you<br \/>\nI can show you<br \/>\nThat we don&#8217;t have to be careful<br \/>\nThat my cards are on the table <\/center><\/p>\n<p><center>If you&#8217;re in, I&#8217;m in<br \/>\nIf you&#8217;re down, I&#8217;m down<br \/>\nLet&#8217;s do this.<br \/>\nLet&#8217;s do this.<br \/>\nRight now. <\/center><\/p>\n<p><center>If you&#8217;re in, I&#8217;m in<br \/>\nIf you&#8217;re down I&#8217;m down<br \/>\nIf you&#8217;re in, I&#8217;m in If you&#8217;re down I&#8217;m down <\/center><\/p>\n<p><center>Oooooh Oooooh<br \/>\n<\/center><\/p>\n<div class=\"girls\"><b><u>\u010cesk\u00fd p\u0159eklad<\/u><\/b><\/div>\n<p><center><br \/>\nOooooh Oooooh<br \/>\nOooooh Oooooh<br \/>\nOooooh Oooooh<\/center><\/p>\n<p><center>Mrhali jsme \u010dasem<br \/>\nSna\u017eili jsme se, abychom byli v bezpe\u010d\u00ed<br \/>\nA sna\u017eili jsme se zakr\u00fdt to,<br \/>\nCo na\u0161e srdce cht\u011bla \u0159\u00edct <\/center><\/p>\n<p><center>Tajili jsme tato slova<br \/>\nTe\u010f u\u017e nemus\u00edme<br \/>\nProto\u017ee stoj\u00edme bez hnut\u00ed<br \/>\n\u0158ekni mi, na co je\u0161t\u011b \u010dek\u00e1me?<\/center><\/p>\n<p><center>Jestli do toho jde\u0161, tak j\u00e1 taky<br \/>\nJestli s t\u00edm souhlas\u00ed\u0161, tak j\u00e1 taky<br \/>\nChce\u0161 to taky?<br \/>\nProto\u017ee j\u00e1 to pot\u0159ebuji hned.<br \/>\nJestli\u017ee \u0159ekne\u0161 ano<br \/>\nVyma\u017eu tv\u00e9 pochyby<br \/>\nUk\u00e1\u017eu ti<br \/>\nUk\u00e1\u017eu ti<\/center><\/p>\n<p><center>\u017de u\u017e nemus\u00edme b\u00fdt opatrn\u00ed<br \/>\n\u017de jsem na st\u016fl vylo\u017eil v\u0161echny karty <\/center><\/p>\n<p><center>Jestli do toho jde\u0161, tak j\u00e1 taky<br \/>\nJestli s t\u00edm souhlas\u00ed\u0161, tak j\u00e1 taky<br \/>\nPoj\u010fme do toho<br \/>\nPoj\u010fme do toho.<br \/>\nHned te\u010f. <\/center><\/p>\n<p><center>Oooooh Oooooh<\/center><\/p>\n<p><center>V\u00edm, \u017ee se boj\u00ed\u0161<br \/>\nAle nemus\u00ed\u0161 m\u00edt strach<br \/>\nProto\u017ee j\u00e1 t\u011b nezklamu<br \/>\nBudu s tebou na ka\u017ed\u00e9m kroku<br \/>\nTajili jsme to<br \/>\nAle j\u00e1 to mus\u00edm vy\u0159knout<br \/>\nProto\u017ee u\u017e je na \u010dase<br \/>\nSi d\u016fve\u0159ovat<\/center><\/p>\n<p><center>Jestli do toho jde\u0161, tak j\u00e1 taky<br \/>\nJestli s t\u00edm souhlas\u00ed\u0161, tak j\u00e1 taky<br \/>\nChce\u0161 to taky?<br \/>\nProto\u017ee j\u00e1 to pot\u0159ebuji hned.<br \/>\nJestli\u017ee \u0159ekne\u0161 ano<br \/>\nVyma\u017eu tv\u00e9 pochyby<br \/>\nUk\u00e1\u017eu ti<br \/>\nUk\u00e1\u017eu ti<\/center><\/p>\n<p><center>\u017de u\u017e nemus\u00edme b\u00fdt opatrn\u00ed<br \/>\n\u017de jsem na st\u016fl vylo\u017eil v\u0161echny karty <\/center><\/p>\n<p><center>Jestli do toho jde\u0161, tak j\u00e1 taky<br \/>\nJestli s t\u00edm souhlas\u00ed\u0161, tak j\u00e1 taky<br \/>\nPoj\u010fme do toho<br \/>\nPoj\u010fme do toho.<br \/>\nHned te\u010f. <\/center><\/p>\n<p><center>Oooooh Oooooh<\/center><\/p>\n<p><center>Tak mi \u0159ekni pro\u010d?<br \/>\n\u0158ekni mi, pro\u010d jsme \u010dekali ak dlouho<br \/>\nKdy budeme v\u011bd\u011bt?<br \/>\nKdy budeme v\u011bd\u011bt, kam pat\u0159\u00edme <\/center><\/p>\n<p><center>Jestli do toho jde\u0161, tak j\u00e1 taky<br \/>\nJestli s t\u00edm souhlas\u00ed\u0161, tak j\u00e1 taky<br \/>\nChce\u0161 to taky?<br \/>\nProto\u017ee j\u00e1 to pot\u0159ebuji hned.<br \/>\nJestli\u017ee \u0159ekne\u0161 ano<br \/>\nVyma\u017eu tv\u00e9 pochyby<br \/>\nUk\u00e1\u017eu ti<br \/>\nUk\u00e1\u017eu ti<\/center><\/p>\n<p><center>Jestli do toho jde\u0161, tak j\u00e1 taky<br \/>\nJestli s t\u00edm souhlas\u00ed\u0161, tak j\u00e1 taky<br \/>\nChce\u0161 to taky?<br \/>\nProto\u017ee j\u00e1 to pot\u0159ebuji hned.<br \/>\nJestli\u017ee \u0159ekne\u0161 ano<br \/>\nVyma\u017eu tv\u00e9 pochyby<br \/>\nUk\u00e1\u017eu ti<br \/>\nUk\u00e1\u017eu ti<\/center><\/p>\n<p><center>\u017de u\u017e nemus\u00edme b\u00fdt opatrn\u00ed<br \/>\n\u017de jsem na st\u016fl vylo\u017eil v\u0161echny karty <\/center><\/p>\n<p><center>Jestli do toho jde\u0161, tak j\u00e1 taky<br \/>\nJestli s t\u00edm souhlas\u00ed\u0161, tak j\u00e1 taky<br \/>\nPoj\u010fme do toho<br \/>\nPoj\u010fme do toho.<br \/>\nHned te\u010f. <\/center><\/p>\n<p><center>Jestli do toho jde\u0161, tak j\u00e1 taky<br \/>\nJestli s t\u00edm souhlas\u00ed\u0161, tak j\u00e1 taky<br \/>\nJestli do toho jde\u0161, tak j\u00e1 taky<br \/>\nJestli s t\u00edm souhlas\u00ed\u0161, tak j\u00e1 taky<br \/>\nOooooh Oooooh<br \/>\n<\/center><\/p>\n<\/div>\n<div class=\"fblikebutton_button\" style=\"float: left; padding-top: 20px; margin-right: 20px; padding-bottom: 20px; padding-left: 20px;\"><iframe src=\"http:\/\/www.facebook.com\/plugins\/like.php?href=https%3A%2F%2Fwww.simpleplan.cz%2Fcz%2Findex.php%2Fkapela%2Fdiskografie%2Fin%2F&amp;layout=standard&amp;show-faces=false&amp;width=450&amp;action=like&amp;colorscheme=light\" scrolling=\"no\" frameborder=\"0\" allowTransparency=\"true\" style=\"border:none; overflow:hidden; width:450px; height:26px\"><\/iframe><\/div>\n","protected":false},"excerpt":{"rendered":"<p>Z\u00e1kladn\u00ed info Album: Get Your Heart On! Auto\u0159i textu: Pierre Bouvier, Chuck Comeau, Michael Warren<\/p>\n","protected":false},"author":5,"featured_media":0,"parent":5273,"menu_order":0,"comment_status":"open","ping_status":"open","template":"page-templates\/full-width.php","meta":{"footnotes":""},"yoast_head":"<!-- This site is optimized with the Yoast SEO plugin v20.9 - https:\/\/yoast.com\/wordpress\/plugins\/seo\/ -->\n<title>In | CZ: SimplePlan.cz<\/title>\n<meta name=\"robots\" content=\"index, follow, max-snippet:-1, max-image-preview:large, max-video-preview:-1\" \/>\n<link rel=\"canonical\" href=\"https:\/\/www.simpleplan.cz\/cz\/index.php\/kapela\/diskografie\/in\/\" \/>\n<meta property=\"og:locale\" content=\"cs_CZ\" \/>\n<meta property=\"og:type\" content=\"article\" \/>\n<meta property=\"og:title\" content=\"In | CZ: SimplePlan.cz\" \/>\n<meta property=\"og:description\" content=\"Z\u00e1kladn\u00ed info Album: Get Your Heart On! Auto\u0159i textu: Pierre Bouvier, Chuck Comeau, Michael Warren\" \/>\n<meta property=\"og:url\" content=\"https:\/\/www.simpleplan.cz\/cz\/index.php\/kapela\/diskografie\/in\/\" \/>\n<meta property=\"og:site_name\" content=\"CZ: SimplePlan.cz\" \/>\n<meta property=\"article:publisher\" content=\"http:\/\/www.facebook.com\/simpleplancz\" \/>\n<meta property=\"article:modified_time\" content=\"2023-06-26T07:29:57+00:00\" \/>\n<meta property=\"og:image\" content=\"http:\/\/www.simpleplan.cz\/cz\/wp-content\/uploads\/logo.gif\" \/>\n<meta name=\"twitter:card\" content=\"summary_large_image\" \/>\n<meta name=\"twitter:site\" content=\"@simpleplancz\" \/>\n<meta name=\"twitter:label1\" content=\"Odhadovan\u00e1 doba \u010dten\u00ed\" \/>\n\t<meta name=\"twitter:data1\" content=\"4 minuty\" \/>\n<script type=\"application\/ld+json\" class=\"yoast-schema-graph\">{\"@context\":\"https:\/\/schema.org\",\"@graph\":[{\"@type\":\"WebPage\",\"@id\":\"https:\/\/www.simpleplan.cz\/cz\/index.php\/kapela\/diskografie\/in\/\",\"url\":\"https:\/\/www.simpleplan.cz\/cz\/index.php\/kapela\/diskografie\/in\/\",\"name\":\"In | CZ: SimplePlan.cz\",\"isPartOf\":{\"@id\":\"https:\/\/www.simpleplan.cz\/cz\/#website\"},\"datePublished\":\"2013-12-08T14:17:23+00:00\",\"dateModified\":\"2023-06-26T07:29:57+00:00\",\"breadcrumb\":{\"@id\":\"https:\/\/www.simpleplan.cz\/cz\/index.php\/kapela\/diskografie\/in\/#breadcrumb\"},\"inLanguage\":\"cs\",\"potentialAction\":[{\"@type\":\"ReadAction\",\"target\":[\"https:\/\/www.simpleplan.cz\/cz\/index.php\/kapela\/diskografie\/in\/\"]}]},{\"@type\":\"BreadcrumbList\",\"@id\":\"https:\/\/www.simpleplan.cz\/cz\/index.php\/kapela\/diskografie\/in\/#breadcrumb\",\"itemListElement\":[{\"@type\":\"ListItem\",\"position\":1,\"name\":\"Dom\u016f\",\"item\":\"https:\/\/www.simpleplan.cz\/cz\/\"},{\"@type\":\"ListItem\",\"position\":2,\"name\":\"Kapela\",\"item\":\"https:\/\/www.simpleplan.cz\/cz\/index.php\/kapela\/\"},{\"@type\":\"ListItem\",\"position\":3,\"name\":\"Diskografie\",\"item\":\"https:\/\/www.simpleplan.cz\/cz\/index.php\/kapela\/diskografie\/\"},{\"@type\":\"ListItem\",\"position\":4,\"name\":\"In\"}]},{\"@type\":\"WebSite\",\"@id\":\"https:\/\/www.simpleplan.cz\/cz\/#website\",\"url\":\"https:\/\/www.simpleplan.cz\/cz\/\",\"name\":\"CZ: SimplePlan.cz\",\"description\":\"Nejlep\u0161\u00ed zdroj informac\u00ed o kapele Simple Plan\",\"publisher\":{\"@id\":\"https:\/\/www.simpleplan.cz\/cz\/#organization\"},\"potentialAction\":[{\"@type\":\"SearchAction\",\"target\":{\"@type\":\"EntryPoint\",\"urlTemplate\":\"https:\/\/www.simpleplan.cz\/cz\/?s={search_term_string}\"},\"query-input\":\"required name=search_term_string\"}],\"inLanguage\":\"cs\"},{\"@type\":\"Organization\",\"@id\":\"https:\/\/www.simpleplan.cz\/cz\/#organization\",\"name\":\"CZ: SimplePlan.cz\",\"url\":\"https:\/\/www.simpleplan.cz\/cz\/\",\"logo\":{\"@type\":\"ImageObject\",\"inLanguage\":\"cs\",\"@id\":\"https:\/\/www.simpleplan.cz\/cz\/#\/schema\/logo\/image\/\",\"url\":\"https:\/\/www.simpleplan.cz\/cz\/wp-content\/uploads\/spczlogo.png\",\"contentUrl\":\"https:\/\/www.simpleplan.cz\/cz\/wp-content\/uploads\/spczlogo.png\",\"width\":250,\"height\":190,\"caption\":\"CZ: SimplePlan.cz\"},\"image\":{\"@id\":\"https:\/\/www.simpleplan.cz\/cz\/#\/schema\/logo\/image\/\"},\"sameAs\":[\"http:\/\/www.facebook.com\/simpleplancz\",\"https:\/\/twitter.com\/simpleplancz\",\"http:\/\/www.instagram.com\/simpleplancz\",\"http:\/\/www.youtube.com\/simpleplancz\"]}]}<\/script>\n<!-- \/ Yoast SEO plugin. -->","yoast_head_json":{"title":"In | CZ: SimplePlan.cz","robots":{"index":"index","follow":"follow","max-snippet":"max-snippet:-1","max-image-preview":"max-image-preview:large","max-video-preview":"max-video-preview:-1"},"canonical":"https:\/\/www.simpleplan.cz\/cz\/index.php\/kapela\/diskografie\/in\/","og_locale":"cs_CZ","og_type":"article","og_title":"In | CZ: SimplePlan.cz","og_description":"Z\u00e1kladn\u00ed info Album: Get Your Heart On! Auto\u0159i textu: Pierre Bouvier, Chuck Comeau, Michael Warren","og_url":"https:\/\/www.simpleplan.cz\/cz\/index.php\/kapela\/diskografie\/in\/","og_site_name":"CZ: SimplePlan.cz","article_publisher":"http:\/\/www.facebook.com\/simpleplancz","article_modified_time":"2023-06-26T07:29:57+00:00","og_image":[{"url":"http:\/\/www.simpleplan.cz\/cz\/wp-content\/uploads\/logo.gif"}],"twitter_card":"summary_large_image","twitter_site":"@simpleplancz","twitter_misc":{"Odhadovan\u00e1 doba \u010dten\u00ed":"4 minuty"},"schema":{"@context":"https:\/\/schema.org","@graph":[{"@type":"WebPage","@id":"https:\/\/www.simpleplan.cz\/cz\/index.php\/kapela\/diskografie\/in\/","url":"https:\/\/www.simpleplan.cz\/cz\/index.php\/kapela\/diskografie\/in\/","name":"In | CZ: SimplePlan.cz","isPartOf":{"@id":"https:\/\/www.simpleplan.cz\/cz\/#website"},"datePublished":"2013-12-08T14:17:23+00:00","dateModified":"2023-06-26T07:29:57+00:00","breadcrumb":{"@id":"https:\/\/www.simpleplan.cz\/cz\/index.php\/kapela\/diskografie\/in\/#breadcrumb"},"inLanguage":"cs","potentialAction":[{"@type":"ReadAction","target":["https:\/\/www.simpleplan.cz\/cz\/index.php\/kapela\/diskografie\/in\/"]}]},{"@type":"BreadcrumbList","@id":"https:\/\/www.simpleplan.cz\/cz\/index.php\/kapela\/diskografie\/in\/#breadcrumb","itemListElement":[{"@type":"ListItem","position":1,"name":"Dom\u016f","item":"https:\/\/www.simpleplan.cz\/cz\/"},{"@type":"ListItem","position":2,"name":"Kapela","item":"https:\/\/www.simpleplan.cz\/cz\/index.php\/kapela\/"},{"@type":"ListItem","position":3,"name":"Diskografie","item":"https:\/\/www.simpleplan.cz\/cz\/index.php\/kapela\/diskografie\/"},{"@type":"ListItem","position":4,"name":"In"}]},{"@type":"WebSite","@id":"https:\/\/www.simpleplan.cz\/cz\/#website","url":"https:\/\/www.simpleplan.cz\/cz\/","name":"CZ: SimplePlan.cz","description":"Nejlep\u0161\u00ed zdroj informac\u00ed o kapele Simple Plan","publisher":{"@id":"https:\/\/www.simpleplan.cz\/cz\/#organization"},"potentialAction":[{"@type":"SearchAction","target":{"@type":"EntryPoint","urlTemplate":"https:\/\/www.simpleplan.cz\/cz\/?s={search_term_string}"},"query-input":"required name=search_term_string"}],"inLanguage":"cs"},{"@type":"Organization","@id":"https:\/\/www.simpleplan.cz\/cz\/#organization","name":"CZ: SimplePlan.cz","url":"https:\/\/www.simpleplan.cz\/cz\/","logo":{"@type":"ImageObject","inLanguage":"cs","@id":"https:\/\/www.simpleplan.cz\/cz\/#\/schema\/logo\/image\/","url":"https:\/\/www.simpleplan.cz\/cz\/wp-content\/uploads\/spczlogo.png","contentUrl":"https:\/\/www.simpleplan.cz\/cz\/wp-content\/uploads\/spczlogo.png","width":250,"height":190,"caption":"CZ: SimplePlan.cz"},"image":{"@id":"https:\/\/www.simpleplan.cz\/cz\/#\/schema\/logo\/image\/"},"sameAs":["http:\/\/www.facebook.com\/simpleplancz","https:\/\/twitter.com\/simpleplancz","http:\/\/www.instagram.com\/simpleplancz","http:\/\/www.youtube.com\/simpleplancz"]}]}},"_links":{"self":[{"href":"https:\/\/www.simpleplan.cz\/cz\/index.php\/wp-json\/wp\/v2\/pages\/14377"}],"collection":[{"href":"https:\/\/www.simpleplan.cz\/cz\/index.php\/wp-json\/wp\/v2\/pages"}],"about":[{"href":"https:\/\/www.simpleplan.cz\/cz\/index.php\/wp-json\/wp\/v2\/types\/page"}],"author":[{"embeddable":true,"href":"https:\/\/www.simpleplan.cz\/cz\/index.php\/wp-json\/wp\/v2\/users\/5"}],"replies":[{"embeddable":true,"href":"https:\/\/www.simpleplan.cz\/cz\/index.php\/wp-json\/wp\/v2\/comments?post=14377"}],"version-history":[{"count":4,"href":"https:\/\/www.simpleplan.cz\/cz\/index.php\/wp-json\/wp\/v2\/pages\/14377\/revisions"}],"predecessor-version":[{"id":23298,"href":"https:\/\/www.simpleplan.cz\/cz\/index.php\/wp-json\/wp\/v2\/pages\/14377\/revisions\/23298"}],"up":[{"embeddable":true,"href":"https:\/\/www.simpleplan.cz\/cz\/index.php\/wp-json\/wp\/v2\/pages\/5273"}],"wp:attachment":[{"href":"https:\/\/www.simpleplan.cz\/cz\/index.php\/wp-json\/wp\/v2\/media?parent=14377"}],"curies":[{"name":"wp","href":"https:\/\/api.w.org\/{rel}","templated":true}]}}