{"id":14380,"date":"2013-12-08T15:31:17","date_gmt":"2013-12-08T14:31:17","guid":{"rendered":"http:\/\/www.simpleplan.cz\/cz\/?page_id=14380"},"modified":"2023-06-26T09:29:57","modified_gmt":"2023-06-26T07:29:57","slug":"lucky-one","status":"publish","type":"page","link":"https:\/\/www.simpleplan.cz\/cz\/index.php\/kapela\/diskografie\/lucky-one\/","title":{"rendered":"Lucky One"},"content":{"rendered":"<div class=\"pagecontent\">\n<div class=\"girls\"><b><u>Z\u00e1kladn\u00ed info<\/u><\/b><\/div>\n<p><b>Album:<\/b> Get Your Heart On!<br \/>\n<b>Auto\u0159i textu:<\/b> Pierre Bouvier, Chuck Comeau, James Michael<br \/>\n<b>Dodate\u010dn\u00e1 spolupr\u00e1ce:<\/b> Brian Howes (produkce)<br \/>\n<b>D\u00e9lka p\u00edsn\u011b:<\/b> 3:51<\/p>\n<div class=\"girls\"><b><u>V\u00fdznam p\u00edsn\u011b<\/u><\/b><\/div>\n<blockquote><p><i>&#8222;Je to velmi emotivn\u00ed p\u00edse\u0148 a co se mi na n\u00ed l\u00edb\u00ed je to, \u017ee <b>je to p\u00edse\u0148 o tom, kdy\u017e se ti nic neda\u0159\u00ed a \u017eivot je t\u011b\u017ek\u00fd &#8211; ale je tam ur\u010dit\u00fd zlom, proto\u017ee ta p\u00edse\u0148 p\u0159in\u00e1\u0161\u00ed nad\u011bji!<\/b> \u017de jednou se v\u011bci zm\u011bn\u00ed a \u017ee v\u00edm, \u017ee to, co je te\u010f, je jen do\u010dasn\u00e9. Cokoliv, \u010d\u00edm proch\u00e1z\u00edm, cokoliv se d\u011bje &#8211; ikdy\u017e to te\u010f stoj\u00ed za nic &#8211; \u017ee takov\u00e9 nebude napo\u0159\u00e1d. A \u017ee v\u00edm, \u017ee se v\u0161echno nakonec v dobr\u00e9 obr\u00e1t\u00ed. A to se mi na tom tak l\u00edb\u00ed &#8211; m\u00e1 to posl\u00e1n\u00ed nad\u011bje a to je dob\u0159e, proto\u017ee je to pravda. V\u017edy tu existuje mo\u017enost, \u017ee se to jednou bude lep\u0161\u00ed a v\u011bt\u0161inou tomu tak skute\u010dn\u011b je, kdy\u017e tomu \u010dlov\u011bk za\u010dne v\u011b\u0159it.&#8220;<\/i><br \/>\n<center>&#8211; Chuck Comeau &#8211;<\/center><\/p><\/blockquote>\n<div class=\"girls\"><b><u>Text p\u00edsn\u011b<\/u><\/b><\/div>\n<p><center><br \/>\nWhy the stars are lined up so perfectly<br \/>\nFor everybody, but not for me<br \/>\nWish it could be easy<br \/>\nBut it never goes that way<br \/>\nIt\u2019s never like the movies<br \/>\nIt\u2019s never like they say<br \/>\nBut maybe one day I\u2019ll be back on my feet<br \/>\nAnd all of this pain will be gone<br \/>\nAnd maybe it won\u2019t be so hard to be me<br \/>\nAnd I\u2019ll find out just where I belong<br \/>\nIt feels like it\u2019s taking forever<br \/>\nBut one day things can get better<br \/>\nAnd maybe,<br \/>\nMy time will come<br \/>\nAnd I\u2019ll be the lucky one <\/center><\/p>\n<p><center>Now I can\u2019t stop thinkin\u2019<br \/>\nHow this life could be<br \/>\nI can keep pretendin\u2019<br \/>\nBut honestly<br \/>\nDoes it really make a difference?<br \/>\nDoes it really ever change a thing?<br \/>\nIt\u2019s never like the movies<br \/>\nIt\u2019s never like you think <\/center><\/p>\n<p><center>But maybe one day I\u2019ll be back on my feet<br \/>\nAnd all of this pain will be gone<br \/>\nAnd maybe it won\u2019t be so hard to be me<br \/>\nAnd I&#8217;ll out just where I belong<br \/>\nIt feel like it\u2019s taking forever<br \/>\nBut one day things can get better<br \/>\nAnd maybe,<br \/>\nMy time will come<br \/>\nAnd I\u2019ll be the lucky one <\/center><\/p>\n<p><center>So give me a reason to keep holdin\u2019 on<br \/>\nSomething that makes me believe<br \/>\nThat my life\u2019s gonna change<br \/>\nSeems like everyone else gets a shot, gets a break<br \/>\nI can\u2019t wait for that to be me <\/center><\/p>\n<p><center>Maybe one day I\u2019ll be back on my feet<br \/>\nAnd all of this pain will be gone (all of this pain will be gone)<br \/>\nMaybe it won\u2019t be so hard to be me<br \/>\nAnd I\u2019ll find out just where I belong (I\u2019ll found out just where I belong)<br \/>\nAnd maybe one day I\u2019ll be back on my feet<br \/>\nAnd all of this pain will be gone<br \/>\nIt feel like it\u2019s taking forever<br \/>\nBut one day<br \/>\nThings can get better<br \/>\nAnd maybe,<br \/>\nMy time will come<br \/>\nAnd I\u2019ll be the lucky one<br \/>\nAnd I\u2019ll be the lucky one<\/p>\n<p><\/center><\/p>\n<div class=\"girls\"><b><u>\u010cesk\u00fd p\u0159eklad<\/u><\/b><\/div>\n<p><center><br \/>\nPro\u010d jsou hv\u011bzdy naklon\u011bny tak perfektn\u011b<br \/>\nPro ka\u017ed\u00e9ho, jen ne pro m\u011b<br \/>\nP\u0159\u00e1l bych si, aby to bylo jednodu\u0161\u0161\u00ed<br \/>\nAle tak to nikdy nen\u00ed<br \/>\nNikdy to nen\u00ed jako ve filmech<br \/>\nNikdy to nen\u00ed tak, jak se \u0159\u00edk\u00e1<br \/>\nAle mo\u017en\u00e1 se jednou op\u011bt postav\u00edm na sv\u00e9 nohy<br \/>\nA v\u0161echna tato bolest bude pry\u010d<br \/>\nA mo\u017en\u00e1 u\u017e nebude tak t\u011b\u017ek\u00e9 b\u00fdt mnou<br \/>\nA j\u00e1 zjist\u00edm, kam skute\u010dn\u011b pat\u0159\u00edm<br \/>\nP\u0159ijde mi, \u017ee to trv\u00e1 celou v\u011b\u010dnost<br \/>\nAle jednoho dne se v\u011bci m\u016f\u017eou zm\u011bnit<br \/>\nA mo\u017en\u00e1<br \/>\nP\u0159ijde m\u016fj \u010das<br \/>\nA j\u00e1 budu \u0161\u0165astlivcem <\/center><\/p>\n<p><center>Te\u010f nem\u016f\u017eu p\u0159estat myslet na to<br \/>\nJak\u00fd by tento \u017eivot mohl b\u00fdt<br \/>\nPo\u0159\u00e1d jen p\u0159edst\u00edr\u00e1m<br \/>\nAle up\u0159\u00edmn\u011b<br \/>\nZm\u011bn\u00ed to v\u016fbec n\u011bco?<br \/>\nZm\u011bn\u00ed to v\u016fbec n\u011bco?<br \/>\nNikdy to nen\u00ed jako ve filmech<br \/>\nNikdy to nen\u00ed tak, jak se \u0159\u00edk\u00e1<br \/>\nAle mo\u017en\u00e1 se jednou op\u011bt postav\u00edm na sv\u00e9 nohy<br \/>\nA v\u0161echna tato bolest bude pry\u010d<br \/>\nA mo\u017en\u00e1 u\u017e nebude tak t\u011b\u017ek\u00e9 b\u00fdt mnou<br \/>\nA j\u00e1 zjist\u00edm, kam skute\u010dn\u011b pat\u0159\u00edm<br \/>\nP\u0159ijde mi, \u017ee to trv\u00e1 celou v\u011b\u010dnost<br \/>\nAle jednoho dne se v\u011bci m\u016f\u017eou zm\u011bnit<br \/>\nA mo\u017en\u00e1<br \/>\nP\u0159ijde m\u016fj \u010das<br \/>\nA j\u00e1 budu \u0161\u0165astlivcem <\/center><\/p>\n<p><center>Tak mi dej d\u016fvod, pro\u010d bych m\u011bl pokra\u010dovat<br \/>\nN\u011bco, d\u00edky \u010demu uv\u011b\u0159\u00edm<br \/>\n\u017de se m\u016fj \u017eivot zm\u011bn\u00ed<br \/>\nVypad\u00e1 to, \u017ee ka\u017ed\u00fd kolem m\u011b dost\u00e1v\u00e1 p\u0159ile\u017eitost, dost\u00e1v\u00e1 pohov,<br \/>\nNem\u016f\u017eu se do\u010dkat, a\u017e j\u00edm budu i j\u00e1<\/center><\/p>\n<p><center>Ale mo\u017en\u00e1 se jednou op\u011bt postav\u00edm na sv\u00e9 nohy<br \/>\nA v\u0161echna tato bolest bude pry\u010d<br \/>\nA mo\u017en\u00e1 u\u017e nebude tak t\u011b\u017ek\u00e9 b\u00fdt mnou<br \/>\nA j\u00e1 zjist\u00edm, kam skute\u010dn\u011b pat\u0159\u00edm<br \/>\nP\u0159ijde mi, \u017ee to trv\u00e1 celou v\u011b\u010dnost<br \/>\nAle jednoho dne se v\u011bci m\u016f\u017eou zm\u011bnit<br \/>\nA mo\u017en\u00e1<br \/>\nP\u0159ijde m\u016fj \u010das<br \/>\nA j\u00e1 budu \u0161\u0165astlivcem<br \/>\nA j\u00e1 budu \u0161\u0165astlivcem<br \/>\n<\/center>\n<\/div>\n<div class=\"fblikebutton_button\" style=\"float: left; padding-top: 20px; margin-right: 20px; padding-bottom: 20px; padding-left: 20px;\"><iframe src=\"http:\/\/www.facebook.com\/plugins\/like.php?href=https%3A%2F%2Fwww.simpleplan.cz%2Fcz%2Findex.php%2Fkapela%2Fdiskografie%2Flucky-one%2F&amp;layout=standard&amp;show-faces=false&amp;width=450&amp;action=like&amp;colorscheme=light\" scrolling=\"no\" frameborder=\"0\" allowTransparency=\"true\" style=\"border:none; overflow:hidden; width:450px; height:26px\"><\/iframe><\/div>\n","protected":false},"excerpt":{"rendered":"<p>Z\u00e1kladn\u00ed info Album: Get Your Heart On! Auto\u0159i textu: Pierre Bouvier, Chuck Comeau, James Michael<\/p>\n","protected":false},"author":5,"featured_media":0,"parent":5273,"menu_order":0,"comment_status":"open","ping_status":"open","template":"page-templates\/full-width.php","meta":{"footnotes":""},"yoast_head":"<!-- This site is optimized with the Yoast SEO plugin v20.9 - https:\/\/yoast.com\/wordpress\/plugins\/seo\/ -->\n<title>Lucky One | CZ: SimplePlan.cz<\/title>\n<meta name=\"robots\" content=\"index, follow, max-snippet:-1, max-image-preview:large, max-video-preview:-1\" \/>\n<link rel=\"canonical\" href=\"https:\/\/www.simpleplan.cz\/cz\/index.php\/kapela\/diskografie\/lucky-one\/\" \/>\n<meta property=\"og:locale\" content=\"cs_CZ\" \/>\n<meta property=\"og:type\" content=\"article\" \/>\n<meta property=\"og:title\" content=\"Lucky One | CZ: SimplePlan.cz\" \/>\n<meta property=\"og:description\" content=\"Z\u00e1kladn\u00ed info Album: Get Your Heart On! Auto\u0159i textu: Pierre Bouvier, Chuck Comeau, James Michael\" \/>\n<meta property=\"og:url\" content=\"https:\/\/www.simpleplan.cz\/cz\/index.php\/kapela\/diskografie\/lucky-one\/\" \/>\n<meta property=\"og:site_name\" content=\"CZ: SimplePlan.cz\" \/>\n<meta property=\"article:publisher\" content=\"http:\/\/www.facebook.com\/simpleplancz\" \/>\n<meta property=\"article:modified_time\" content=\"2023-06-26T07:29:57+00:00\" \/>\n<meta property=\"og:image\" content=\"http:\/\/www.simpleplan.cz\/cz\/wp-content\/uploads\/logo.gif\" \/>\n<meta name=\"twitter:card\" content=\"summary_large_image\" \/>\n<meta name=\"twitter:site\" content=\"@simpleplancz\" \/>\n<meta name=\"twitter:label1\" content=\"Odhadovan\u00e1 doba \u010dten\u00ed\" \/>\n\t<meta name=\"twitter:data1\" content=\"5 minut\" \/>\n<script type=\"application\/ld+json\" class=\"yoast-schema-graph\">{\"@context\":\"https:\/\/schema.org\",\"@graph\":[{\"@type\":\"WebPage\",\"@id\":\"https:\/\/www.simpleplan.cz\/cz\/index.php\/kapela\/diskografie\/lucky-one\/\",\"url\":\"https:\/\/www.simpleplan.cz\/cz\/index.php\/kapela\/diskografie\/lucky-one\/\",\"name\":\"Lucky One | CZ: SimplePlan.cz\",\"isPartOf\":{\"@id\":\"https:\/\/www.simpleplan.cz\/cz\/#website\"},\"datePublished\":\"2013-12-08T14:31:17+00:00\",\"dateModified\":\"2023-06-26T07:29:57+00:00\",\"breadcrumb\":{\"@id\":\"https:\/\/www.simpleplan.cz\/cz\/index.php\/kapela\/diskografie\/lucky-one\/#breadcrumb\"},\"inLanguage\":\"cs\",\"potentialAction\":[{\"@type\":\"ReadAction\",\"target\":[\"https:\/\/www.simpleplan.cz\/cz\/index.php\/kapela\/diskografie\/lucky-one\/\"]}]},{\"@type\":\"BreadcrumbList\",\"@id\":\"https:\/\/www.simpleplan.cz\/cz\/index.php\/kapela\/diskografie\/lucky-one\/#breadcrumb\",\"itemListElement\":[{\"@type\":\"ListItem\",\"position\":1,\"name\":\"Dom\u016f\",\"item\":\"https:\/\/www.simpleplan.cz\/cz\/\"},{\"@type\":\"ListItem\",\"position\":2,\"name\":\"Kapela\",\"item\":\"https:\/\/www.simpleplan.cz\/cz\/index.php\/kapela\/\"},{\"@type\":\"ListItem\",\"position\":3,\"name\":\"Diskografie\",\"item\":\"https:\/\/www.simpleplan.cz\/cz\/index.php\/kapela\/diskografie\/\"},{\"@type\":\"ListItem\",\"position\":4,\"name\":\"Lucky One\"}]},{\"@type\":\"WebSite\",\"@id\":\"https:\/\/www.simpleplan.cz\/cz\/#website\",\"url\":\"https:\/\/www.simpleplan.cz\/cz\/\",\"name\":\"CZ: SimplePlan.cz\",\"description\":\"Nejlep\u0161\u00ed zdroj informac\u00ed o kapele Simple Plan\",\"publisher\":{\"@id\":\"https:\/\/www.simpleplan.cz\/cz\/#organization\"},\"potentialAction\":[{\"@type\":\"SearchAction\",\"target\":{\"@type\":\"EntryPoint\",\"urlTemplate\":\"https:\/\/www.simpleplan.cz\/cz\/?s={search_term_string}\"},\"query-input\":\"required name=search_term_string\"}],\"inLanguage\":\"cs\"},{\"@type\":\"Organization\",\"@id\":\"https:\/\/www.simpleplan.cz\/cz\/#organization\",\"name\":\"CZ: SimplePlan.cz\",\"url\":\"https:\/\/www.simpleplan.cz\/cz\/\",\"logo\":{\"@type\":\"ImageObject\",\"inLanguage\":\"cs\",\"@id\":\"https:\/\/www.simpleplan.cz\/cz\/#\/schema\/logo\/image\/\",\"url\":\"https:\/\/www.simpleplan.cz\/cz\/wp-content\/uploads\/spczlogo.png\",\"contentUrl\":\"https:\/\/www.simpleplan.cz\/cz\/wp-content\/uploads\/spczlogo.png\",\"width\":250,\"height\":190,\"caption\":\"CZ: SimplePlan.cz\"},\"image\":{\"@id\":\"https:\/\/www.simpleplan.cz\/cz\/#\/schema\/logo\/image\/\"},\"sameAs\":[\"http:\/\/www.facebook.com\/simpleplancz\",\"https:\/\/twitter.com\/simpleplancz\",\"http:\/\/www.instagram.com\/simpleplancz\",\"http:\/\/www.youtube.com\/simpleplancz\"]}]}<\/script>\n<!-- \/ Yoast SEO plugin. -->","yoast_head_json":{"title":"Lucky One | CZ: SimplePlan.cz","robots":{"index":"index","follow":"follow","max-snippet":"max-snippet:-1","max-image-preview":"max-image-preview:large","max-video-preview":"max-video-preview:-1"},"canonical":"https:\/\/www.simpleplan.cz\/cz\/index.php\/kapela\/diskografie\/lucky-one\/","og_locale":"cs_CZ","og_type":"article","og_title":"Lucky One | CZ: SimplePlan.cz","og_description":"Z\u00e1kladn\u00ed info Album: Get Your Heart On! Auto\u0159i textu: Pierre Bouvier, Chuck Comeau, James Michael","og_url":"https:\/\/www.simpleplan.cz\/cz\/index.php\/kapela\/diskografie\/lucky-one\/","og_site_name":"CZ: SimplePlan.cz","article_publisher":"http:\/\/www.facebook.com\/simpleplancz","article_modified_time":"2023-06-26T07:29:57+00:00","og_image":[{"url":"http:\/\/www.simpleplan.cz\/cz\/wp-content\/uploads\/logo.gif"}],"twitter_card":"summary_large_image","twitter_site":"@simpleplancz","twitter_misc":{"Odhadovan\u00e1 doba \u010dten\u00ed":"5 minut"},"schema":{"@context":"https:\/\/schema.org","@graph":[{"@type":"WebPage","@id":"https:\/\/www.simpleplan.cz\/cz\/index.php\/kapela\/diskografie\/lucky-one\/","url":"https:\/\/www.simpleplan.cz\/cz\/index.php\/kapela\/diskografie\/lucky-one\/","name":"Lucky One | CZ: SimplePlan.cz","isPartOf":{"@id":"https:\/\/www.simpleplan.cz\/cz\/#website"},"datePublished":"2013-12-08T14:31:17+00:00","dateModified":"2023-06-26T07:29:57+00:00","breadcrumb":{"@id":"https:\/\/www.simpleplan.cz\/cz\/index.php\/kapela\/diskografie\/lucky-one\/#breadcrumb"},"inLanguage":"cs","potentialAction":[{"@type":"ReadAction","target":["https:\/\/www.simpleplan.cz\/cz\/index.php\/kapela\/diskografie\/lucky-one\/"]}]},{"@type":"BreadcrumbList","@id":"https:\/\/www.simpleplan.cz\/cz\/index.php\/kapela\/diskografie\/lucky-one\/#breadcrumb","itemListElement":[{"@type":"ListItem","position":1,"name":"Dom\u016f","item":"https:\/\/www.simpleplan.cz\/cz\/"},{"@type":"ListItem","position":2,"name":"Kapela","item":"https:\/\/www.simpleplan.cz\/cz\/index.php\/kapela\/"},{"@type":"ListItem","position":3,"name":"Diskografie","item":"https:\/\/www.simpleplan.cz\/cz\/index.php\/kapela\/diskografie\/"},{"@type":"ListItem","position":4,"name":"Lucky One"}]},{"@type":"WebSite","@id":"https:\/\/www.simpleplan.cz\/cz\/#website","url":"https:\/\/www.simpleplan.cz\/cz\/","name":"CZ: SimplePlan.cz","description":"Nejlep\u0161\u00ed zdroj informac\u00ed o kapele Simple Plan","publisher":{"@id":"https:\/\/www.simpleplan.cz\/cz\/#organization"},"potentialAction":[{"@type":"SearchAction","target":{"@type":"EntryPoint","urlTemplate":"https:\/\/www.simpleplan.cz\/cz\/?s={search_term_string}"},"query-input":"required name=search_term_string"}],"inLanguage":"cs"},{"@type":"Organization","@id":"https:\/\/www.simpleplan.cz\/cz\/#organization","name":"CZ: SimplePlan.cz","url":"https:\/\/www.simpleplan.cz\/cz\/","logo":{"@type":"ImageObject","inLanguage":"cs","@id":"https:\/\/www.simpleplan.cz\/cz\/#\/schema\/logo\/image\/","url":"https:\/\/www.simpleplan.cz\/cz\/wp-content\/uploads\/spczlogo.png","contentUrl":"https:\/\/www.simpleplan.cz\/cz\/wp-content\/uploads\/spczlogo.png","width":250,"height":190,"caption":"CZ: SimplePlan.cz"},"image":{"@id":"https:\/\/www.simpleplan.cz\/cz\/#\/schema\/logo\/image\/"},"sameAs":["http:\/\/www.facebook.com\/simpleplancz","https:\/\/twitter.com\/simpleplancz","http:\/\/www.instagram.com\/simpleplancz","http:\/\/www.youtube.com\/simpleplancz"]}]}},"_links":{"self":[{"href":"https:\/\/www.simpleplan.cz\/cz\/index.php\/wp-json\/wp\/v2\/pages\/14380"}],"collection":[{"href":"https:\/\/www.simpleplan.cz\/cz\/index.php\/wp-json\/wp\/v2\/pages"}],"about":[{"href":"https:\/\/www.simpleplan.cz\/cz\/index.php\/wp-json\/wp\/v2\/types\/page"}],"author":[{"embeddable":true,"href":"https:\/\/www.simpleplan.cz\/cz\/index.php\/wp-json\/wp\/v2\/users\/5"}],"replies":[{"embeddable":true,"href":"https:\/\/www.simpleplan.cz\/cz\/index.php\/wp-json\/wp\/v2\/comments?post=14380"}],"version-history":[{"count":7,"href":"https:\/\/www.simpleplan.cz\/cz\/index.php\/wp-json\/wp\/v2\/pages\/14380\/revisions"}],"predecessor-version":[{"id":23297,"href":"https:\/\/www.simpleplan.cz\/cz\/index.php\/wp-json\/wp\/v2\/pages\/14380\/revisions\/23297"}],"up":[{"embeddable":true,"href":"https:\/\/www.simpleplan.cz\/cz\/index.php\/wp-json\/wp\/v2\/pages\/5273"}],"wp:attachment":[{"href":"https:\/\/www.simpleplan.cz\/cz\/index.php\/wp-json\/wp\/v2\/media?parent=14380"}],"curies":[{"name":"wp","href":"https:\/\/api.w.org\/{rel}","templated":true}]}}