{"id":15335,"date":"2014-07-15T20:56:15","date_gmt":"2014-07-15T18:56:15","guid":{"rendered":"http:\/\/www.simpleplan.cz\/cz\/?page_id=15335"},"modified":"2023-06-26T09:30:19","modified_gmt":"2023-06-26T07:30:19","slug":"first-date","status":"publish","type":"page","link":"https:\/\/www.simpleplan.cz\/cz\/index.php\/lyricscenter\/first-date\/","title":{"rendered":"First Date"},"content":{"rendered":"<div class=\"pagecontent\">\n<div class=\"girls\"><b><u>Z\u00e1kladn\u00ed info<\/u><\/b><\/div>\n<p><b>Auto\u0159i textu:<\/b> Pierre Bouvier, Chuck Comeau<br \/>\n<b>D\u00e9lka p\u00edsn\u011b:<\/b> 3:00 (existuje pouze v \u017eiv\u00e9 verzi z koncertu z roku 1999)<\/p>\n<div class=\"girls\"><b><u>Jedin\u00e9 existuj\u00edc\u00ed video<\/u><\/b><\/div>\n<p><center><iframe width=\"480\" height=\"280\" src=\"\/\/www.youtube.com\/embed\/VPKAaHPTUSw\" frameborder=\"0\" allowfullscreen><\/iframe><\/center><\/p>\n<div class=\"girls\"><b><u>Text p\u00edsn\u011b<\/u><\/b><\/div>\n<p><center><br \/>\nYou tell stories<br \/>\nWith your fake-ass backstage pass<br \/>\nTwenty phony cards<br \/>\nThe game is set at last<br \/>\nI stay up so late<br \/>\nLying again to hook up with a date<br \/>\nBragging about a world tour<br \/>\nMaybe, If I drive a nice car<\/center><\/p>\n<p><center>How come first dates always suck?<br \/>\nI&#8217;m all out of luck<br \/>\nGuess I&#8217;ll never be the one<br \/>\nHow come the first dates always tough?<br \/>\nAm I good enough?<br \/>\nGuess I&#8217;ll never be the one<\/center><\/p>\n<p><center>Walk out the very next day<br \/>\nFeeling even worse than yesterday<br \/>\nI go rent a movie<br \/>\nSounds more fun than going out<br \/>\nYou were working that night<br \/>\nI wore an old shirt<br \/>\nYou were looking great in that beautiful skirt<br \/>\nYou were so sweet<br \/>\nSomehow it all felt right<br \/>\nIt all felt right<\/center><\/p>\n<p><center>How come first dates always suck?<br \/>\nI&#8217;m all out of luck<br \/>\nGuess I&#8217;ll never be the one<br \/>\nHow come the first dates always tough?<br \/>\nAm I good enough?<br \/>\nGuess I&#8217;ll never be the one<\/center><\/p>\n<p><center>She said I don&#8217;t care what you wear<br \/>\n(As long as you&#8217;re there)<br \/>\nShe said I don&#8217;t care what you&#8217;ll be<br \/>\n(She&#8217;s taking over me)<br \/>\nShe said I don&#8217;t care what you wear<br \/>\n(As long as you&#8217;re there)<\/center><\/p>\n<p><center>How come first dates always suck?<br \/>\nI&#8217;m all out of luck<br \/>\nGuess I&#8217;ll never be the one<br \/>\nHow come the first dates always tough?<br \/>\nAm I good enough?<br \/>\nGuess I&#8217;ll never be the one<\/center><\/p>\n<p><center>This first date didn&#8217;t suck today<br \/>\nIt&#8217;s my lucky day<br \/>\nThis time maybe I&#8217;ll be the one<br \/>\nThis first date didn&#8217;t suck today<br \/>\nIt&#8217;s my lucky day<br \/>\nThis time maybe I&#8217;ll be the one<br \/>\nThis time maybe I&#8217;ll be the one?<\/p>\n<p><\/center><\/p>\n<div class=\"girls\"><b><u>\u010cesk\u00fd p\u0159eklad<\/u><\/b><\/div>\n<p><center><br \/>\nVypr\u00e1v\u00ed\u0161 ty svoje p\u0159\u00edb\u011bhy<br \/>\nSe sv\u00fdmi fale\u0161n\u00fdmi backstage passy<br \/>\nDvacet fale\u0161n\u00fdch karet<br \/>\nHra je kone\u010dn\u011b nastavena<br \/>\nZ\u016fst\u00e1v\u00e1m vzh\u016fru pozd\u011b do noci<br \/>\nOp\u011bt si sv\u00fdm lhan\u00edm domluv\u00edm rande<br \/>\nVychloub\u00e1m se sv\u011btov\u00fdm turn\u00e9<br \/>\nMo\u017en\u00e1, jestli m\u00e1m p\u011bkn\u00e9 auto<\/center><\/p>\n<p><center>Jakto\u017ee prvn\u00ed rande nikdy nestoj\u00ed za nic?<br \/>\nNem\u00e1m v\u016fbec \u017e\u00e1dn\u00e9 \u0161t\u011bst\u00ed<br \/>\nH\u00e1d\u00e1m, \u017ee asi nikdy nebudu t\u00edm prav\u00fdm<br \/>\nJakto\u017ee jsou prvn\u00ed rande v\u017edycky tak nesnadn\u00e1?<br \/>\nJsem dostate\u010dn\u011b dobr\u00fd?<br \/>\nH\u00e1d\u00e1m, \u017ee asi nikdy nebudu t\u00edm prav\u00fdm<\/center><br \/>\n<center><br \/>\nDal\u0161\u00ed den vyjdu ven<br \/>\nA c\u00edt\u00edm se je\u0161t\u011b h\u016f\u0159, ne\u017e v\u010dera<br \/>\nJdu si p\u016fj\u010dit film<br \/>\nTo zn\u00ed mnohem l\u00edp, ne\u017e j\u00edt n\u011bkam pa\u0159it<br \/>\nTen ve\u010der jsi pracovala<br \/>\nM\u011bla jsi na sob\u011b star\u00e9 tri\u010dko<br \/>\nVypadala jsi skv\u011bl\u00e9 v t\u00e9 p\u0159ekr\u00e1sn\u00e9 sukni<br \/>\nByla jsi tak mil\u00e1<br \/>\nA v\u011bd\u011bl jsem, \u017ee je najednou v\u0161echno v po\u0159\u00e1dku<br \/>\nV\u0161echno bylo v po\u0159\u00e1dku<\/center><\/p>\n<p><center>Jakto\u017ee prvn\u00ed rande nikdy nestoj\u00ed za nic?<br \/>\nNem\u00e1m v\u016fbec \u017e\u00e1dn\u00e9 \u0161t\u011bst\u00ed<br \/>\nH\u00e1d\u00e1m, \u017ee asi nikdy nebudu t\u00edm prav\u00fdm<br \/>\nJakto\u017ee jsou prvn\u00ed rande v\u017edycky tak nesnadn\u00e1?<br \/>\nJsem dostate\u010dn\u011b dobr\u00fd?<br \/>\nH\u00e1d\u00e1m, \u017ee asi nikdy nebudu t\u00edm prav\u00fdm<\/center><\/p>\n<p><center>\u0158ekla: &#8222;Je mi jedno, co m\u00e1\u0161 na sob\u011b.&#8220;<br \/>\n(Hlavn\u011b, \u017ee jsi tady)<br \/>\n\u0158ekla: &#8222;Je mi jedno, \u010d\u00edm bude\u0161.&#8220;<br \/>\n(N\u00e1le\u017e\u00edm j\u00ed)<br \/>\n\u0158ekla: &#8222;Je mi jedno, co m\u00e1\u0161 na sob\u011b.&#8220;<br \/>\n(Hlavn\u011b, \u017ee jsi tady) <\/center><\/p>\n<p><center>Jakto\u017ee prvn\u00ed rande nikdy nestoj\u00ed za nic?<br \/>\nNem\u00e1m v\u016fbec \u017e\u00e1dn\u00e9 \u0161t\u011bst\u00ed<br \/>\nH\u00e1d\u00e1m, \u017ee asi nikdy nebudu t\u00edm prav\u00fdm<br \/>\nJakto\u017ee jsou prvn\u00ed rande v\u017edycky tak nesnadn\u00e1?<br \/>\nJsem dostate\u010dn\u011b dobr\u00fd?<br \/>\nH\u00e1d\u00e1m, \u017ee asi nikdy nebudu t\u00edm prav\u00fdm<\/center><\/p>\n<p><center>Tohle prvn\u00ed rande dneska nebylo v\u016fbec \u0161patn\u00e9<br \/>\nJe to m\u016fj \u0161\u0165astn\u00fd den<br \/>\nTentokr\u00e1t mo\u017en\u00e1 budu t\u00edm prav\u00fdm<br \/>\nTohle prvn\u00ed rande dneska nebylo v\u016fbec \u0161patn\u00e9<br \/>\nJe to m\u016fj \u0161\u0165astn\u00fd den<br \/>\nTentokr\u00e1t mo\u017en\u00e1 budu t\u00edm prav\u00fdm<br \/>\nTentokr\u00e1t mo\u017en\u00e1 budu t\u00edm prav\u00fdm<br \/>\n<\/center>\n<\/div>\n<div class=\"fblikebutton_button\" style=\"float: left; padding-top: 20px; margin-right: 20px; padding-bottom: 20px; padding-left: 20px;\"><iframe src=\"http:\/\/www.facebook.com\/plugins\/like.php?href=https%3A%2F%2Fwww.simpleplan.cz%2Fcz%2Findex.php%2Flyricscenter%2Ffirst-date%2F&amp;layout=standard&amp;show-faces=false&amp;width=450&amp;action=like&amp;colorscheme=light\" scrolling=\"no\" frameborder=\"0\" allowTransparency=\"true\" style=\"border:none; overflow:hidden; width:450px; height:26px\"><\/iframe><\/div>\n","protected":false},"excerpt":{"rendered":"<p>Z\u00e1kladn\u00ed info Auto\u0159i textu: Pierre Bouvier, Chuck Comeau D\u00e9lka p\u00edsn\u011b: 3:00 (existuje pouze v \u017eiv\u00e9<\/p>\n","protected":false},"author":5,"featured_media":0,"parent":15213,"menu_order":0,"comment_status":"open","ping_status":"open","template":"page-templates\/full-width.php","meta":{"footnotes":""},"yoast_head":"<!-- This site is optimized with the Yoast SEO plugin v20.9 - https:\/\/yoast.com\/wordpress\/plugins\/seo\/ -->\n<title>First Date | CZ: SimplePlan.cz<\/title>\n<meta name=\"robots\" content=\"index, follow, max-snippet:-1, max-image-preview:large, max-video-preview:-1\" \/>\n<link rel=\"canonical\" href=\"https:\/\/www.simpleplan.cz\/cz\/index.php\/lyricscenter\/first-date\/\" \/>\n<meta property=\"og:locale\" content=\"cs_CZ\" \/>\n<meta property=\"og:type\" content=\"article\" \/>\n<meta property=\"og:title\" content=\"First Date | CZ: SimplePlan.cz\" \/>\n<meta property=\"og:description\" content=\"Z\u00e1kladn\u00ed info Auto\u0159i textu: Pierre Bouvier, Chuck Comeau D\u00e9lka p\u00edsn\u011b: 3:00 (existuje pouze v \u017eiv\u00e9\" \/>\n<meta property=\"og:url\" content=\"https:\/\/www.simpleplan.cz\/cz\/index.php\/lyricscenter\/first-date\/\" \/>\n<meta property=\"og:site_name\" content=\"CZ: SimplePlan.cz\" \/>\n<meta property=\"article:publisher\" content=\"http:\/\/www.facebook.com\/simpleplancz\" \/>\n<meta property=\"article:modified_time\" content=\"2023-06-26T07:30:19+00:00\" \/>\n<meta property=\"og:image\" content=\"http:\/\/www.simpleplan.cz\/cz\/wp-content\/uploads\/logo.gif\" \/>\n<meta name=\"twitter:card\" content=\"summary_large_image\" \/>\n<meta name=\"twitter:site\" content=\"@simpleplancz\" \/>\n<meta name=\"twitter:label1\" content=\"Odhadovan\u00e1 doba \u010dten\u00ed\" \/>\n\t<meta name=\"twitter:data1\" content=\"3 minuty\" \/>\n<script type=\"application\/ld+json\" class=\"yoast-schema-graph\">{\"@context\":\"https:\/\/schema.org\",\"@graph\":[{\"@type\":\"WebPage\",\"@id\":\"https:\/\/www.simpleplan.cz\/cz\/index.php\/lyricscenter\/first-date\/\",\"url\":\"https:\/\/www.simpleplan.cz\/cz\/index.php\/lyricscenter\/first-date\/\",\"name\":\"First Date | CZ: SimplePlan.cz\",\"isPartOf\":{\"@id\":\"https:\/\/www.simpleplan.cz\/cz\/#website\"},\"datePublished\":\"2014-07-15T18:56:15+00:00\",\"dateModified\":\"2023-06-26T07:30:19+00:00\",\"breadcrumb\":{\"@id\":\"https:\/\/www.simpleplan.cz\/cz\/index.php\/lyricscenter\/first-date\/#breadcrumb\"},\"inLanguage\":\"cs\",\"potentialAction\":[{\"@type\":\"ReadAction\",\"target\":[\"https:\/\/www.simpleplan.cz\/cz\/index.php\/lyricscenter\/first-date\/\"]}]},{\"@type\":\"BreadcrumbList\",\"@id\":\"https:\/\/www.simpleplan.cz\/cz\/index.php\/lyricscenter\/first-date\/#breadcrumb\",\"itemListElement\":[{\"@type\":\"ListItem\",\"position\":1,\"name\":\"Dom\u016f\",\"item\":\"https:\/\/www.simpleplan.cz\/cz\/\"},{\"@type\":\"ListItem\",\"position\":2,\"name\":\"Texty p\u00edsn\u00ed\",\"item\":\"https:\/\/www.simpleplan.cz\/cz\/index.php\/lyricscenter\/\"},{\"@type\":\"ListItem\",\"position\":3,\"name\":\"First Date\"}]},{\"@type\":\"WebSite\",\"@id\":\"https:\/\/www.simpleplan.cz\/cz\/#website\",\"url\":\"https:\/\/www.simpleplan.cz\/cz\/\",\"name\":\"CZ: SimplePlan.cz\",\"description\":\"Nejlep\u0161\u00ed zdroj informac\u00ed o kapele Simple Plan\",\"publisher\":{\"@id\":\"https:\/\/www.simpleplan.cz\/cz\/#organization\"},\"potentialAction\":[{\"@type\":\"SearchAction\",\"target\":{\"@type\":\"EntryPoint\",\"urlTemplate\":\"https:\/\/www.simpleplan.cz\/cz\/?s={search_term_string}\"},\"query-input\":\"required name=search_term_string\"}],\"inLanguage\":\"cs\"},{\"@type\":\"Organization\",\"@id\":\"https:\/\/www.simpleplan.cz\/cz\/#organization\",\"name\":\"CZ: SimplePlan.cz\",\"url\":\"https:\/\/www.simpleplan.cz\/cz\/\",\"logo\":{\"@type\":\"ImageObject\",\"inLanguage\":\"cs\",\"@id\":\"https:\/\/www.simpleplan.cz\/cz\/#\/schema\/logo\/image\/\",\"url\":\"https:\/\/www.simpleplan.cz\/cz\/wp-content\/uploads\/spczlogo.png\",\"contentUrl\":\"https:\/\/www.simpleplan.cz\/cz\/wp-content\/uploads\/spczlogo.png\",\"width\":250,\"height\":190,\"caption\":\"CZ: SimplePlan.cz\"},\"image\":{\"@id\":\"https:\/\/www.simpleplan.cz\/cz\/#\/schema\/logo\/image\/\"},\"sameAs\":[\"http:\/\/www.facebook.com\/simpleplancz\",\"https:\/\/twitter.com\/simpleplancz\",\"http:\/\/www.instagram.com\/simpleplancz\",\"http:\/\/www.youtube.com\/simpleplancz\"]}]}<\/script>\n<!-- \/ Yoast SEO plugin. -->","yoast_head_json":{"title":"First Date | CZ: SimplePlan.cz","robots":{"index":"index","follow":"follow","max-snippet":"max-snippet:-1","max-image-preview":"max-image-preview:large","max-video-preview":"max-video-preview:-1"},"canonical":"https:\/\/www.simpleplan.cz\/cz\/index.php\/lyricscenter\/first-date\/","og_locale":"cs_CZ","og_type":"article","og_title":"First Date | CZ: SimplePlan.cz","og_description":"Z\u00e1kladn\u00ed info Auto\u0159i textu: Pierre Bouvier, Chuck Comeau D\u00e9lka p\u00edsn\u011b: 3:00 (existuje pouze v \u017eiv\u00e9","og_url":"https:\/\/www.simpleplan.cz\/cz\/index.php\/lyricscenter\/first-date\/","og_site_name":"CZ: SimplePlan.cz","article_publisher":"http:\/\/www.facebook.com\/simpleplancz","article_modified_time":"2023-06-26T07:30:19+00:00","og_image":[{"url":"http:\/\/www.simpleplan.cz\/cz\/wp-content\/uploads\/logo.gif"}],"twitter_card":"summary_large_image","twitter_site":"@simpleplancz","twitter_misc":{"Odhadovan\u00e1 doba \u010dten\u00ed":"3 minuty"},"schema":{"@context":"https:\/\/schema.org","@graph":[{"@type":"WebPage","@id":"https:\/\/www.simpleplan.cz\/cz\/index.php\/lyricscenter\/first-date\/","url":"https:\/\/www.simpleplan.cz\/cz\/index.php\/lyricscenter\/first-date\/","name":"First Date | CZ: SimplePlan.cz","isPartOf":{"@id":"https:\/\/www.simpleplan.cz\/cz\/#website"},"datePublished":"2014-07-15T18:56:15+00:00","dateModified":"2023-06-26T07:30:19+00:00","breadcrumb":{"@id":"https:\/\/www.simpleplan.cz\/cz\/index.php\/lyricscenter\/first-date\/#breadcrumb"},"inLanguage":"cs","potentialAction":[{"@type":"ReadAction","target":["https:\/\/www.simpleplan.cz\/cz\/index.php\/lyricscenter\/first-date\/"]}]},{"@type":"BreadcrumbList","@id":"https:\/\/www.simpleplan.cz\/cz\/index.php\/lyricscenter\/first-date\/#breadcrumb","itemListElement":[{"@type":"ListItem","position":1,"name":"Dom\u016f","item":"https:\/\/www.simpleplan.cz\/cz\/"},{"@type":"ListItem","position":2,"name":"Texty p\u00edsn\u00ed","item":"https:\/\/www.simpleplan.cz\/cz\/index.php\/lyricscenter\/"},{"@type":"ListItem","position":3,"name":"First Date"}]},{"@type":"WebSite","@id":"https:\/\/www.simpleplan.cz\/cz\/#website","url":"https:\/\/www.simpleplan.cz\/cz\/","name":"CZ: SimplePlan.cz","description":"Nejlep\u0161\u00ed zdroj informac\u00ed o kapele Simple Plan","publisher":{"@id":"https:\/\/www.simpleplan.cz\/cz\/#organization"},"potentialAction":[{"@type":"SearchAction","target":{"@type":"EntryPoint","urlTemplate":"https:\/\/www.simpleplan.cz\/cz\/?s={search_term_string}"},"query-input":"required name=search_term_string"}],"inLanguage":"cs"},{"@type":"Organization","@id":"https:\/\/www.simpleplan.cz\/cz\/#organization","name":"CZ: SimplePlan.cz","url":"https:\/\/www.simpleplan.cz\/cz\/","logo":{"@type":"ImageObject","inLanguage":"cs","@id":"https:\/\/www.simpleplan.cz\/cz\/#\/schema\/logo\/image\/","url":"https:\/\/www.simpleplan.cz\/cz\/wp-content\/uploads\/spczlogo.png","contentUrl":"https:\/\/www.simpleplan.cz\/cz\/wp-content\/uploads\/spczlogo.png","width":250,"height":190,"caption":"CZ: SimplePlan.cz"},"image":{"@id":"https:\/\/www.simpleplan.cz\/cz\/#\/schema\/logo\/image\/"},"sameAs":["http:\/\/www.facebook.com\/simpleplancz","https:\/\/twitter.com\/simpleplancz","http:\/\/www.instagram.com\/simpleplancz","http:\/\/www.youtube.com\/simpleplancz"]}]}},"_links":{"self":[{"href":"https:\/\/www.simpleplan.cz\/cz\/index.php\/wp-json\/wp\/v2\/pages\/15335"}],"collection":[{"href":"https:\/\/www.simpleplan.cz\/cz\/index.php\/wp-json\/wp\/v2\/pages"}],"about":[{"href":"https:\/\/www.simpleplan.cz\/cz\/index.php\/wp-json\/wp\/v2\/types\/page"}],"author":[{"embeddable":true,"href":"https:\/\/www.simpleplan.cz\/cz\/index.php\/wp-json\/wp\/v2\/users\/5"}],"replies":[{"embeddable":true,"href":"https:\/\/www.simpleplan.cz\/cz\/index.php\/wp-json\/wp\/v2\/comments?post=15335"}],"version-history":[{"count":5,"href":"https:\/\/www.simpleplan.cz\/cz\/index.php\/wp-json\/wp\/v2\/pages\/15335\/revisions"}],"predecessor-version":[{"id":23323,"href":"https:\/\/www.simpleplan.cz\/cz\/index.php\/wp-json\/wp\/v2\/pages\/15335\/revisions\/23323"}],"up":[{"embeddable":true,"href":"https:\/\/www.simpleplan.cz\/cz\/index.php\/wp-json\/wp\/v2\/pages\/15213"}],"wp:attachment":[{"href":"https:\/\/www.simpleplan.cz\/cz\/index.php\/wp-json\/wp\/v2\/media?parent=15335"}],"curies":[{"name":"wp","href":"https:\/\/api.w.org\/{rel}","templated":true}]}}