{"id":15342,"date":"2014-07-15T21:14:38","date_gmt":"2014-07-15T19:14:38","guid":{"rendered":"http:\/\/www.simpleplan.cz\/cz\/?page_id=15342"},"modified":"2023-06-26T09:30:19","modified_gmt":"2023-06-26T07:30:19","slug":"one-by-one","status":"publish","type":"page","link":"https:\/\/www.simpleplan.cz\/cz\/index.php\/lyricscenter\/one-by-one\/","title":{"rendered":"One By One"},"content":{"rendered":"<div class=\"pagecontent\">\n<div class=\"girls\"><b><u>Z\u00e1kladn\u00ed info<\/u><\/b><\/div>\n<p><b>Auto\u0159i textu:<\/b> Pierre Bouvier, Chuck Comeau, Jeff Stinco, Sebastien Lefebvre, Arnold Lanni<br \/>\n<b>D\u00e9lka p\u00edsn\u011b:<\/b> 3:24<\/p>\n<div class=\"girls\"><b><u>Text p\u00edsn\u011b<\/u><\/b><\/div>\n<p><center><br \/>\nI remember wasting time<br \/>\nWatching as the planes fly by<br \/>\nI remember hearing the engines echoing through the sky<\/center><\/p>\n<p><center>And they used to say<br \/>\nThat someday you&#8217;ll forget it<br \/>\nYou won&#8217;t hear them<br \/>\nAnd they used to say<br \/>\nThat time goes by<br \/>\nThat nothing changes <\/center><\/p>\n<p><center>I won&#8217;t miss my flight again<br \/>\nI&#8217;m not where I belong<br \/>\nSo give me just one chance<br \/>\nAnd one by one I&#8217;ll prove you wrong<br \/>\nOne by one I&#8217;ll prove you wrong<br \/>\nI remember every night<br \/>\nSitting by the runway side<br \/>\nI remember waiting for a reason to say goodbye<\/center><\/p>\n<p><center>And they used to say<br \/>\nThat someday you&#8217;ll forget it<br \/>\nYou won&#8217;t hear them<br \/>\nAnd they used to say<br \/>\nThe day goes by but you can&#8217;t change it<\/center><\/p>\n<p><center>I won&#8217;t miss my flight again<br \/>\nI&#8217;m not where I belong<br \/>\nSo give me just one chance<br \/>\nAnd one by one I&#8217;ll prove you wrong<br \/>\nOne by one I&#8217;ll prove you wrong<br \/>\nI remember every night<br \/>\nSitting by the runway side<br \/>\nI remember waiting for a reason to say goodbye<\/center><\/p>\n<p><center>Sometimes I think I&#8217;ve been wrong<br \/>\nBut this is the place that I think I belong<br \/>\nAnd everytime I speak my mind I&#8217;m leaving you behind<\/center><\/p>\n<p><center>And I won&#8217;t miss my flight again<br \/>\nI&#8217;m not where I belong<br \/>\nSo give me just one chance<br \/>\nAnd one by one I&#8217;ll prove you wrong<\/center><\/p>\n<p><center>I won&#8217;t miss my flight again<br \/>\nI&#8217;m not where I belong<br \/>\nSo give me just one chance<br \/>\nAnd one by one I&#8217;ll prove you wrong<br \/>\nOne by one I&#8217;ll prove you wrong<br \/>\nOne by one I&#8217;ll prove you wrong<br \/>\nOne by one I&#8217;ll prove you wrong<br \/>\n<\/center><\/p>\n<div class=\"girls\"><b><u>\u010cesk\u00fd p\u0159eklad<\/u><\/b><\/div>\n<p><center><br \/>\nPamatuju si, jak jsem ztr\u00e1cel \u010das<br \/>\nSledov\u00e1n\u00edm, jak l\u00e9taj\u00ed letadla nade mnou<br \/>\nPamatuju si, jak jsem sly\u0161el motory oz\u00fdvaj\u00edc\u00ed se oblohou<\/center><\/p>\n<p><center>A oni \u0159\u00edk\u00e1vali<br \/>\n\u017de na to n\u011bkdy zapomene\u0161<br \/>\nTy je neusly\u0161\u00ed\u0161<br \/>\nA oni \u0159\u00edk\u00e1vali<br \/>\n\u017de \u010das jde d\u00e1l<br \/>\n\u017de se nic nezm\u011bn\u00ed <\/center><\/p>\n<p><center>U\u017e mi nikdy ten let chyb\u011bt nebude<br \/>\nNejsem tam, kam pat\u0159\u00edm<br \/>\nTak\u017ee mi dej je\u0161t\u011b jednu \u0161anci<br \/>\nA po po\u0159\u00e1dku ti dok\u00e1\u017eu, \u017ee jsi nem\u011bla pravdu<br \/>\nPo po\u0159\u00e1dku ti dok\u00e1\u017eu, \u017ee jsi nem\u011bla pravdu<br \/>\nPamatuju si ka\u017edou noc<br \/>\nSed\u00edc na p\u0159ist\u00e1vac\u00ed dr\u00e1ze<br \/>\nPamatuju si, jak jsem \u010dekal na d\u016fvod \u0159\u00edct sbohem<\/center><\/p>\n<p><center>A oni \u0159\u00edk\u00e1vali<br \/>\n\u017de na to n\u011bkdy zapomene\u0161<br \/>\nTy je neusly\u0161\u00ed\u0161<br \/>\nA oni \u0159\u00edk\u00e1vali<br \/>\n\u017de dny jdou d\u00e1l a ty to nezm\u011bn\u00ed\u0161<\/center><\/p>\n<p><center>N\u011bkdy si mysl\u00edm, \u017ee jsem nem\u011bl pravdu<br \/>\nAle toto je to m\u00edsto, kam si mysl\u00edm, \u017ee pat\u0159\u00edm<br \/>\nA v\u017edycky, kdy\u017e \u0159\u00edk\u00e1m sv\u00e9 m\u00edn\u011bn\u00ed, nech\u00e1v\u00e1m t\u011b za sebou <\/center><\/p>\n<p><center>A U\u017e mi nikdy ten let chyb\u011bt nebude<br \/>\nNejsem tam, kam pat\u0159\u00edm<br \/>\nTak\u017ee mi dej je\u0161t\u011b jednu \u0161anci<br \/>\nA po po\u0159\u00e1dku ti dok\u00e1\u017eu, \u017ee jsi nem\u011bla pravdu<br \/>\nPostupn\u011b ti dok\u00e1\u017eu, \u017ee jsi nem\u011bla pravdu<br \/>\nU\u017e mi nikdy ten let chyb\u011bt nebude<br \/>\nNejsem tam, kam pat\u0159\u00edm<br \/>\nTak\u017ee mi dej je\u0161t\u011b jednu \u0161anci<br \/>\nA po po\u0159\u00e1dku ti dok\u00e1\u017eu, \u017ee jsi nem\u011bla pravdu<br \/>\nPostupn\u011b ti dok\u00e1\u017eu, \u017ee jsi nem\u011bla pravdu<br \/>\nPostupn\u011b ti dok\u00e1\u017eu, \u017ee jsi nem\u011bla pravdu<br \/>\nPostupn\u011b ti dok\u00e1\u017eu, \u017ee jsi nem\u011bla pravdu<br \/>\n<\/center>\n<\/div>\n<div class=\"fblikebutton_button\" style=\"float: left; padding-top: 20px; margin-right: 20px; padding-bottom: 20px; padding-left: 20px;\"><iframe src=\"http:\/\/www.facebook.com\/plugins\/like.php?href=https%3A%2F%2Fwww.simpleplan.cz%2Fcz%2Findex.php%2Flyricscenter%2Fone-by-one%2F&amp;layout=standard&amp;show-faces=false&amp;width=450&amp;action=like&amp;colorscheme=light\" scrolling=\"no\" frameborder=\"0\" allowTransparency=\"true\" style=\"border:none; overflow:hidden; width:450px; height:26px\"><\/iframe><\/div>\n","protected":false},"excerpt":{"rendered":"<p>Z\u00e1kladn\u00ed info Auto\u0159i textu: Pierre Bouvier, Chuck Comeau, Jeff Stinco, Sebastien Lefebvre, Arnold Lanni D\u00e9lka<\/p>\n","protected":false},"author":5,"featured_media":0,"parent":15213,"menu_order":0,"comment_status":"open","ping_status":"open","template":"page-templates\/full-width.php","meta":{"footnotes":""},"yoast_head":"<!-- This site is optimized with the Yoast SEO plugin v20.9 - https:\/\/yoast.com\/wordpress\/plugins\/seo\/ -->\n<title>One By One | CZ: SimplePlan.cz<\/title>\n<meta name=\"robots\" content=\"index, follow, max-snippet:-1, max-image-preview:large, max-video-preview:-1\" \/>\n<link rel=\"canonical\" href=\"https:\/\/www.simpleplan.cz\/cz\/index.php\/lyricscenter\/one-by-one\/\" \/>\n<meta property=\"og:locale\" content=\"cs_CZ\" \/>\n<meta property=\"og:type\" content=\"article\" \/>\n<meta property=\"og:title\" content=\"One By One | CZ: SimplePlan.cz\" \/>\n<meta property=\"og:description\" content=\"Z\u00e1kladn\u00ed info Auto\u0159i textu: Pierre Bouvier, Chuck Comeau, Jeff Stinco, Sebastien Lefebvre, Arnold Lanni D\u00e9lka\" \/>\n<meta property=\"og:url\" content=\"https:\/\/www.simpleplan.cz\/cz\/index.php\/lyricscenter\/one-by-one\/\" \/>\n<meta property=\"og:site_name\" content=\"CZ: SimplePlan.cz\" \/>\n<meta property=\"article:publisher\" content=\"http:\/\/www.facebook.com\/simpleplancz\" \/>\n<meta property=\"article:modified_time\" content=\"2023-06-26T07:30:19+00:00\" \/>\n<meta property=\"og:image\" content=\"http:\/\/www.simpleplan.cz\/cz\/wp-content\/uploads\/logo.gif\" \/>\n<meta name=\"twitter:card\" content=\"summary_large_image\" \/>\n<meta name=\"twitter:site\" content=\"@simpleplancz\" \/>\n<meta name=\"twitter:label1\" content=\"Odhadovan\u00e1 doba \u010dten\u00ed\" \/>\n\t<meta name=\"twitter:data1\" content=\"3 minuty\" \/>\n<script type=\"application\/ld+json\" class=\"yoast-schema-graph\">{\"@context\":\"https:\/\/schema.org\",\"@graph\":[{\"@type\":\"WebPage\",\"@id\":\"https:\/\/www.simpleplan.cz\/cz\/index.php\/lyricscenter\/one-by-one\/\",\"url\":\"https:\/\/www.simpleplan.cz\/cz\/index.php\/lyricscenter\/one-by-one\/\",\"name\":\"One By One | CZ: SimplePlan.cz\",\"isPartOf\":{\"@id\":\"https:\/\/www.simpleplan.cz\/cz\/#website\"},\"datePublished\":\"2014-07-15T19:14:38+00:00\",\"dateModified\":\"2023-06-26T07:30:19+00:00\",\"breadcrumb\":{\"@id\":\"https:\/\/www.simpleplan.cz\/cz\/index.php\/lyricscenter\/one-by-one\/#breadcrumb\"},\"inLanguage\":\"cs\",\"potentialAction\":[{\"@type\":\"ReadAction\",\"target\":[\"https:\/\/www.simpleplan.cz\/cz\/index.php\/lyricscenter\/one-by-one\/\"]}]},{\"@type\":\"BreadcrumbList\",\"@id\":\"https:\/\/www.simpleplan.cz\/cz\/index.php\/lyricscenter\/one-by-one\/#breadcrumb\",\"itemListElement\":[{\"@type\":\"ListItem\",\"position\":1,\"name\":\"Dom\u016f\",\"item\":\"https:\/\/www.simpleplan.cz\/cz\/\"},{\"@type\":\"ListItem\",\"position\":2,\"name\":\"Texty p\u00edsn\u00ed\",\"item\":\"https:\/\/www.simpleplan.cz\/cz\/index.php\/lyricscenter\/\"},{\"@type\":\"ListItem\",\"position\":3,\"name\":\"One By One\"}]},{\"@type\":\"WebSite\",\"@id\":\"https:\/\/www.simpleplan.cz\/cz\/#website\",\"url\":\"https:\/\/www.simpleplan.cz\/cz\/\",\"name\":\"CZ: SimplePlan.cz\",\"description\":\"Nejlep\u0161\u00ed zdroj informac\u00ed o kapele Simple Plan\",\"publisher\":{\"@id\":\"https:\/\/www.simpleplan.cz\/cz\/#organization\"},\"potentialAction\":[{\"@type\":\"SearchAction\",\"target\":{\"@type\":\"EntryPoint\",\"urlTemplate\":\"https:\/\/www.simpleplan.cz\/cz\/?s={search_term_string}\"},\"query-input\":\"required name=search_term_string\"}],\"inLanguage\":\"cs\"},{\"@type\":\"Organization\",\"@id\":\"https:\/\/www.simpleplan.cz\/cz\/#organization\",\"name\":\"CZ: SimplePlan.cz\",\"url\":\"https:\/\/www.simpleplan.cz\/cz\/\",\"logo\":{\"@type\":\"ImageObject\",\"inLanguage\":\"cs\",\"@id\":\"https:\/\/www.simpleplan.cz\/cz\/#\/schema\/logo\/image\/\",\"url\":\"https:\/\/www.simpleplan.cz\/cz\/wp-content\/uploads\/spczlogo.png\",\"contentUrl\":\"https:\/\/www.simpleplan.cz\/cz\/wp-content\/uploads\/spczlogo.png\",\"width\":250,\"height\":190,\"caption\":\"CZ: SimplePlan.cz\"},\"image\":{\"@id\":\"https:\/\/www.simpleplan.cz\/cz\/#\/schema\/logo\/image\/\"},\"sameAs\":[\"http:\/\/www.facebook.com\/simpleplancz\",\"https:\/\/twitter.com\/simpleplancz\",\"http:\/\/www.instagram.com\/simpleplancz\",\"http:\/\/www.youtube.com\/simpleplancz\"]}]}<\/script>\n<!-- \/ Yoast SEO plugin. -->","yoast_head_json":{"title":"One By One | CZ: SimplePlan.cz","robots":{"index":"index","follow":"follow","max-snippet":"max-snippet:-1","max-image-preview":"max-image-preview:large","max-video-preview":"max-video-preview:-1"},"canonical":"https:\/\/www.simpleplan.cz\/cz\/index.php\/lyricscenter\/one-by-one\/","og_locale":"cs_CZ","og_type":"article","og_title":"One By One | CZ: SimplePlan.cz","og_description":"Z\u00e1kladn\u00ed info Auto\u0159i textu: Pierre Bouvier, Chuck Comeau, Jeff Stinco, Sebastien Lefebvre, Arnold Lanni D\u00e9lka","og_url":"https:\/\/www.simpleplan.cz\/cz\/index.php\/lyricscenter\/one-by-one\/","og_site_name":"CZ: SimplePlan.cz","article_publisher":"http:\/\/www.facebook.com\/simpleplancz","article_modified_time":"2023-06-26T07:30:19+00:00","og_image":[{"url":"http:\/\/www.simpleplan.cz\/cz\/wp-content\/uploads\/logo.gif"}],"twitter_card":"summary_large_image","twitter_site":"@simpleplancz","twitter_misc":{"Odhadovan\u00e1 doba \u010dten\u00ed":"3 minuty"},"schema":{"@context":"https:\/\/schema.org","@graph":[{"@type":"WebPage","@id":"https:\/\/www.simpleplan.cz\/cz\/index.php\/lyricscenter\/one-by-one\/","url":"https:\/\/www.simpleplan.cz\/cz\/index.php\/lyricscenter\/one-by-one\/","name":"One By One | CZ: SimplePlan.cz","isPartOf":{"@id":"https:\/\/www.simpleplan.cz\/cz\/#website"},"datePublished":"2014-07-15T19:14:38+00:00","dateModified":"2023-06-26T07:30:19+00:00","breadcrumb":{"@id":"https:\/\/www.simpleplan.cz\/cz\/index.php\/lyricscenter\/one-by-one\/#breadcrumb"},"inLanguage":"cs","potentialAction":[{"@type":"ReadAction","target":["https:\/\/www.simpleplan.cz\/cz\/index.php\/lyricscenter\/one-by-one\/"]}]},{"@type":"BreadcrumbList","@id":"https:\/\/www.simpleplan.cz\/cz\/index.php\/lyricscenter\/one-by-one\/#breadcrumb","itemListElement":[{"@type":"ListItem","position":1,"name":"Dom\u016f","item":"https:\/\/www.simpleplan.cz\/cz\/"},{"@type":"ListItem","position":2,"name":"Texty p\u00edsn\u00ed","item":"https:\/\/www.simpleplan.cz\/cz\/index.php\/lyricscenter\/"},{"@type":"ListItem","position":3,"name":"One By One"}]},{"@type":"WebSite","@id":"https:\/\/www.simpleplan.cz\/cz\/#website","url":"https:\/\/www.simpleplan.cz\/cz\/","name":"CZ: SimplePlan.cz","description":"Nejlep\u0161\u00ed zdroj informac\u00ed o kapele Simple Plan","publisher":{"@id":"https:\/\/www.simpleplan.cz\/cz\/#organization"},"potentialAction":[{"@type":"SearchAction","target":{"@type":"EntryPoint","urlTemplate":"https:\/\/www.simpleplan.cz\/cz\/?s={search_term_string}"},"query-input":"required name=search_term_string"}],"inLanguage":"cs"},{"@type":"Organization","@id":"https:\/\/www.simpleplan.cz\/cz\/#organization","name":"CZ: SimplePlan.cz","url":"https:\/\/www.simpleplan.cz\/cz\/","logo":{"@type":"ImageObject","inLanguage":"cs","@id":"https:\/\/www.simpleplan.cz\/cz\/#\/schema\/logo\/image\/","url":"https:\/\/www.simpleplan.cz\/cz\/wp-content\/uploads\/spczlogo.png","contentUrl":"https:\/\/www.simpleplan.cz\/cz\/wp-content\/uploads\/spczlogo.png","width":250,"height":190,"caption":"CZ: SimplePlan.cz"},"image":{"@id":"https:\/\/www.simpleplan.cz\/cz\/#\/schema\/logo\/image\/"},"sameAs":["http:\/\/www.facebook.com\/simpleplancz","https:\/\/twitter.com\/simpleplancz","http:\/\/www.instagram.com\/simpleplancz","http:\/\/www.youtube.com\/simpleplancz"]}]}},"_links":{"self":[{"href":"https:\/\/www.simpleplan.cz\/cz\/index.php\/wp-json\/wp\/v2\/pages\/15342"}],"collection":[{"href":"https:\/\/www.simpleplan.cz\/cz\/index.php\/wp-json\/wp\/v2\/pages"}],"about":[{"href":"https:\/\/www.simpleplan.cz\/cz\/index.php\/wp-json\/wp\/v2\/types\/page"}],"author":[{"embeddable":true,"href":"https:\/\/www.simpleplan.cz\/cz\/index.php\/wp-json\/wp\/v2\/users\/5"}],"replies":[{"embeddable":true,"href":"https:\/\/www.simpleplan.cz\/cz\/index.php\/wp-json\/wp\/v2\/comments?post=15342"}],"version-history":[{"count":2,"href":"https:\/\/www.simpleplan.cz\/cz\/index.php\/wp-json\/wp\/v2\/pages\/15342\/revisions"}],"predecessor-version":[{"id":23320,"href":"https:\/\/www.simpleplan.cz\/cz\/index.php\/wp-json\/wp\/v2\/pages\/15342\/revisions\/23320"}],"up":[{"embeddable":true,"href":"https:\/\/www.simpleplan.cz\/cz\/index.php\/wp-json\/wp\/v2\/pages\/15213"}],"wp:attachment":[{"href":"https:\/\/www.simpleplan.cz\/cz\/index.php\/wp-json\/wp\/v2\/media?parent=15342"}],"curies":[{"name":"wp","href":"https:\/\/api.w.org\/{rel}","templated":true}]}}