{"id":15344,"date":"2014-07-15T21:18:41","date_gmt":"2014-07-15T19:18:41","guid":{"rendered":"http:\/\/www.simpleplan.cz\/cz\/?page_id=15344"},"modified":"2023-06-26T09:30:19","modified_gmt":"2023-06-26T07:30:19","slug":"grow-up","status":"publish","type":"page","link":"https:\/\/www.simpleplan.cz\/cz\/index.php\/lyricscenter\/grow-up\/","title":{"rendered":"Grow Up"},"content":{"rendered":"<div class=\"pagecontent\">\n<div class=\"girls\"><b><u>Z\u00e1kladn\u00ed info<\/u><\/b><\/div>\n<p><b>Auto\u0159i textu:<\/b> Pierre Bouvier, Chuck Comeau, Jeff Stinco<br \/>\n<b>D\u00e9lka p\u00edsn\u011b:<\/b> 2:33<\/p>\n<div class=\"girls\"><b><u>Text p\u00edsn\u011b<\/u><\/b><\/div>\n<p><center><br \/>\nThis is who I am<br \/>\nAnd this is what I like<br \/>\nGC, Sum and Blink and MXPX rocking my room<br \/>\nIf you&#8217;re looking for me<br \/>\nI&#8217;ll be at the show<br \/>\nI could never find a better place to go<\/center><\/p>\n<p><center>Until the day I die I promise I won&#8217;t change<br \/>\nSo you better give up<br \/>\nI don&#8217;t wanna be told to grow up<br \/>\nAnd I don&#8217;t wanna change<br \/>\nI just wanna have fun<br \/>\nI don&#8217;t wanna be told to grow up<br \/>\nAnd I don&#8217;t wanna change<br \/>\nSo you better give up<br \/>\nCause I&#8217;m not gonna change<br \/>\nI don&#8217;t wanna grow up<\/center><\/p>\n<p><center>I like to stay up late<br \/>\nSpend hours on the phone<br \/>\nHanging out with all my friends<br \/>\nAnd never being at home<br \/>\nI&#8217;m impolite and I make fun of everyone<br \/>\nI&#8217;m immature but I will stay this way forever<\/center><\/p>\n<p><center>Until the day I die I promise I won&#8217;t change<br \/>\nSo you better give up<br \/>\nI don&#8217;t wanna be told to grow up<br \/>\nAnd I don&#8217;t wanna change<br \/>\nI just wanna have fun<br \/>\nI don&#8217;t wanna be told to grow up<br \/>\nAnd I don&#8217;t wanna change<br \/>\nSo you better give up<br \/>\nCause I&#8217;m not gonna change<br \/>\nI don&#8217;t wanna grow up<\/center><\/p>\n<p><center>I don&#8217;t wanna be told to grow up (grow up, grow up)<br \/>\nI don&#8217;t wanna be told to grow up (grow up, grow up)<\/center><\/p>\n<p><center>I don&#8217;t wanna be told to grow up<br \/>\nAnd I don&#8217;t wanna change<br \/>\nI just wanna have fun<br \/>\nI don&#8217;t wanna be told to grow up<br \/>\nAnd I don&#8217;t wanna change<br \/>\nSo you better give up<br \/>\nI don&#8217;t wanna be told to grow up<br \/>\nAnd I don&#8217;t wanna change<br \/>\nI just wanna have fun<br \/>\nI don&#8217;t wanna be told to grow up<br \/>\nAnd I don&#8217;t want to change<br \/>\nSo you better give up<br \/>\nNo I don&#8217;t want to change<br \/>\nSo you better give up<br \/>\nCause I&#8217;m not gonna change<br \/>\nI don&#8217;t wanna grow up!<br \/>\n<\/center><\/p>\n<div class=\"girls\"><b><u>\u010cesk\u00fd p\u0159eklad<\/u><\/b><\/div>\n<p><center><br \/>\nTohle je, kdo jsem<br \/>\nA tohle, co m\u00e1m r\u00e1d.<br \/>\nGC, Sum a Blink a MXPX rockuj\u00ed m\u016fj pokoj<br \/>\nJestli se po mn\u011b budete sh\u00e1n\u011bt<br \/>\nTak budu na koncet\u011b<br \/>\nNikdy bych nena\u0161el lep\u0161\u00ed m\u00edsto, kam j\u00edt<\/center><\/p>\n<p><center>Do dne, kdy um\u0159u, ti slibuji, \u017ee se nezm\u011bn\u00edm<br \/>\nTak\u017ee to rad\u0161i vzdej<br \/>\nNechci, aby mi n\u011bkdo \u0159\u00edkal, \u017ee m\u00e1m dosp\u011bt<br \/>\nA nechci se zm\u011bnit<br \/>\nChci se bavit<br \/>\nNechci, aby mi n\u011bkdo \u0159\u00edkal, \u017ee m\u00e1m dosp\u011bt<br \/>\nA nechci se zm\u011bnit<br \/>\nTak\u017ee to rad\u0161i vzdej<br \/>\nProto\u017ee se nechci zm\u011bnit<br \/>\nNechci dosp\u011bt!<\/center><\/p>\n<p><center>R\u00e1d z\u016fst\u00e1v\u00e1m dlouho vzh\u016fru<br \/>\nTr\u00e1v\u00edm hodiny na telefonu<br \/>\nJsem venku s p\u0159\u00e1teli<br \/>\nA nikdy nejsem doma<br \/>\nJsem nezdvo\u0159il\u00fd a d\u011bl\u00e1m si z ka\u017ed\u00e9ho srandu<br \/>\nJsem nedosp\u011bl\u00fd a z\u016fstanu takov\u00fdm nav\u017edy<\/center><\/p>\n<p><center>Do dne, kdy um\u0159u, ti slibuji, \u017ee se nezm\u011bn\u00edm<br \/>\nTak\u017ee to rad\u0161i vzdej<br \/>\nNechci, aby mi n\u011bkdo \u0159\u00edkal, \u017ee m\u00e1m dosp\u011bt<br \/>\nA nechci se zm\u011bnit<br \/>\nChci se bavit<br \/>\nNechci, aby mi n\u011bkdo \u0159\u00edkal, \u017ee m\u00e1m dosp\u011bt<br \/>\nA nechci se zm\u011bnit<br \/>\nTak\u017ee to rad\u0161i vzdej<br \/>\nProto\u017ee se nechci zm\u011bnit<br \/>\nNechci dosp\u011bt!<br \/>\n<\/center><br \/>\n<center>Nechci, aby mi n\u011bkdo \u0159\u00edkal, \u017ee m\u00e1m dosp\u011bt (dosp\u011bt, dosp\u011bt)<br \/>\nNechci, aby mi n\u011bkdo \u0159\u00edkal, \u017ee m\u00e1m dosp\u011bt (dosp\u011bt, dosp\u011bt)<\/center><\/p>\n<p><center>Nechci, aby mi n\u011bkdo \u0159\u00edkal, \u017ee m\u00e1m dosp\u011bt<br \/>\nA nechci se zm\u011bnit<br \/>\nChci se bavit<br \/>\nNechci, aby mi n\u011bkdo \u0159\u00edkal, \u017ee m\u00e1m dosp\u011bt<br \/>\nA nechci se zm\u011bnit<br \/>\nTak\u017ee to rad\u0161i vzdej<br \/>\nNechci, aby mi n\u011bkdo \u0159\u00edkal, \u017ee m\u00e1m dosp\u011bt<br \/>\nA nechci se zm\u011bnit<br \/>\nChci se bavit<br \/>\nNechci, aby mi n\u011bkdo \u0159\u00edkal, \u017ee m\u00e1m dosp\u011bt<br \/>\nA nechci se zm\u011bnit<br \/>\nTak\u017ee to rad\u0161i vzdej<br \/>\nNe, j\u00e1 se nechci zm\u011bnit<br \/>\nTak\u017ee to rad\u0161i vzdej<br \/>\nProto\u017ee j\u00e1 se nezm\u011bn\u00edm<br \/>\nNechci dosp\u011bt!<br \/>\n<\/center>\n<\/div>\n<div class=\"fblikebutton_button\" style=\"float: left; padding-top: 20px; margin-right: 20px; padding-bottom: 20px; padding-left: 20px;\"><iframe src=\"http:\/\/www.facebook.com\/plugins\/like.php?href=https%3A%2F%2Fwww.simpleplan.cz%2Fcz%2Findex.php%2Flyricscenter%2Fgrow-up%2F&amp;layout=standard&amp;show-faces=false&amp;width=450&amp;action=like&amp;colorscheme=light\" scrolling=\"no\" frameborder=\"0\" allowTransparency=\"true\" style=\"border:none; overflow:hidden; width:450px; height:26px\"><\/iframe><\/div>\n","protected":false},"excerpt":{"rendered":"<p>Z\u00e1kladn\u00ed info Auto\u0159i textu: Pierre Bouvier, Chuck Comeau, Jeff Stinco D\u00e9lka p\u00edsn\u011b: 2:33 Text p\u00edsn\u011b<\/p>\n","protected":false},"author":5,"featured_media":0,"parent":15213,"menu_order":0,"comment_status":"open","ping_status":"open","template":"page-templates\/full-width.php","meta":{"footnotes":""},"yoast_head":"<!-- This site is optimized with the Yoast SEO plugin v20.9 - https:\/\/yoast.com\/wordpress\/plugins\/seo\/ -->\n<title>Grow Up | CZ: SimplePlan.cz<\/title>\n<meta name=\"robots\" content=\"index, follow, max-snippet:-1, max-image-preview:large, max-video-preview:-1\" \/>\n<link rel=\"canonical\" href=\"https:\/\/www.simpleplan.cz\/cz\/index.php\/lyricscenter\/grow-up\/\" \/>\n<meta property=\"og:locale\" content=\"cs_CZ\" \/>\n<meta property=\"og:type\" content=\"article\" \/>\n<meta property=\"og:title\" content=\"Grow Up | CZ: SimplePlan.cz\" \/>\n<meta property=\"og:description\" content=\"Z\u00e1kladn\u00ed info Auto\u0159i textu: Pierre Bouvier, Chuck Comeau, Jeff Stinco D\u00e9lka p\u00edsn\u011b: 2:33 Text p\u00edsn\u011b\" \/>\n<meta property=\"og:url\" content=\"https:\/\/www.simpleplan.cz\/cz\/index.php\/lyricscenter\/grow-up\/\" \/>\n<meta property=\"og:site_name\" content=\"CZ: SimplePlan.cz\" \/>\n<meta property=\"article:publisher\" content=\"http:\/\/www.facebook.com\/simpleplancz\" \/>\n<meta property=\"article:modified_time\" content=\"2023-06-26T07:30:19+00:00\" \/>\n<meta property=\"og:image\" content=\"http:\/\/www.simpleplan.cz\/cz\/wp-content\/uploads\/logo.gif\" \/>\n<meta name=\"twitter:card\" content=\"summary_large_image\" \/>\n<meta name=\"twitter:site\" content=\"@simpleplancz\" \/>\n<meta name=\"twitter:label1\" content=\"Odhadovan\u00e1 doba \u010dten\u00ed\" \/>\n\t<meta name=\"twitter:data1\" content=\"4 minuty\" \/>\n<script type=\"application\/ld+json\" class=\"yoast-schema-graph\">{\"@context\":\"https:\/\/schema.org\",\"@graph\":[{\"@type\":\"WebPage\",\"@id\":\"https:\/\/www.simpleplan.cz\/cz\/index.php\/lyricscenter\/grow-up\/\",\"url\":\"https:\/\/www.simpleplan.cz\/cz\/index.php\/lyricscenter\/grow-up\/\",\"name\":\"Grow Up | CZ: SimplePlan.cz\",\"isPartOf\":{\"@id\":\"https:\/\/www.simpleplan.cz\/cz\/#website\"},\"datePublished\":\"2014-07-15T19:18:41+00:00\",\"dateModified\":\"2023-06-26T07:30:19+00:00\",\"breadcrumb\":{\"@id\":\"https:\/\/www.simpleplan.cz\/cz\/index.php\/lyricscenter\/grow-up\/#breadcrumb\"},\"inLanguage\":\"cs\",\"potentialAction\":[{\"@type\":\"ReadAction\",\"target\":[\"https:\/\/www.simpleplan.cz\/cz\/index.php\/lyricscenter\/grow-up\/\"]}]},{\"@type\":\"BreadcrumbList\",\"@id\":\"https:\/\/www.simpleplan.cz\/cz\/index.php\/lyricscenter\/grow-up\/#breadcrumb\",\"itemListElement\":[{\"@type\":\"ListItem\",\"position\":1,\"name\":\"Dom\u016f\",\"item\":\"https:\/\/www.simpleplan.cz\/cz\/\"},{\"@type\":\"ListItem\",\"position\":2,\"name\":\"Texty p\u00edsn\u00ed\",\"item\":\"https:\/\/www.simpleplan.cz\/cz\/index.php\/lyricscenter\/\"},{\"@type\":\"ListItem\",\"position\":3,\"name\":\"Grow Up\"}]},{\"@type\":\"WebSite\",\"@id\":\"https:\/\/www.simpleplan.cz\/cz\/#website\",\"url\":\"https:\/\/www.simpleplan.cz\/cz\/\",\"name\":\"CZ: SimplePlan.cz\",\"description\":\"Nejlep\u0161\u00ed zdroj informac\u00ed o kapele Simple Plan\",\"publisher\":{\"@id\":\"https:\/\/www.simpleplan.cz\/cz\/#organization\"},\"potentialAction\":[{\"@type\":\"SearchAction\",\"target\":{\"@type\":\"EntryPoint\",\"urlTemplate\":\"https:\/\/www.simpleplan.cz\/cz\/?s={search_term_string}\"},\"query-input\":\"required name=search_term_string\"}],\"inLanguage\":\"cs\"},{\"@type\":\"Organization\",\"@id\":\"https:\/\/www.simpleplan.cz\/cz\/#organization\",\"name\":\"CZ: SimplePlan.cz\",\"url\":\"https:\/\/www.simpleplan.cz\/cz\/\",\"logo\":{\"@type\":\"ImageObject\",\"inLanguage\":\"cs\",\"@id\":\"https:\/\/www.simpleplan.cz\/cz\/#\/schema\/logo\/image\/\",\"url\":\"https:\/\/www.simpleplan.cz\/cz\/wp-content\/uploads\/spczlogo.png\",\"contentUrl\":\"https:\/\/www.simpleplan.cz\/cz\/wp-content\/uploads\/spczlogo.png\",\"width\":250,\"height\":190,\"caption\":\"CZ: SimplePlan.cz\"},\"image\":{\"@id\":\"https:\/\/www.simpleplan.cz\/cz\/#\/schema\/logo\/image\/\"},\"sameAs\":[\"http:\/\/www.facebook.com\/simpleplancz\",\"https:\/\/twitter.com\/simpleplancz\",\"http:\/\/www.instagram.com\/simpleplancz\",\"http:\/\/www.youtube.com\/simpleplancz\"]}]}<\/script>\n<!-- \/ Yoast SEO plugin. -->","yoast_head_json":{"title":"Grow Up | CZ: SimplePlan.cz","robots":{"index":"index","follow":"follow","max-snippet":"max-snippet:-1","max-image-preview":"max-image-preview:large","max-video-preview":"max-video-preview:-1"},"canonical":"https:\/\/www.simpleplan.cz\/cz\/index.php\/lyricscenter\/grow-up\/","og_locale":"cs_CZ","og_type":"article","og_title":"Grow Up | CZ: SimplePlan.cz","og_description":"Z\u00e1kladn\u00ed info Auto\u0159i textu: Pierre Bouvier, Chuck Comeau, Jeff Stinco D\u00e9lka p\u00edsn\u011b: 2:33 Text p\u00edsn\u011b","og_url":"https:\/\/www.simpleplan.cz\/cz\/index.php\/lyricscenter\/grow-up\/","og_site_name":"CZ: SimplePlan.cz","article_publisher":"http:\/\/www.facebook.com\/simpleplancz","article_modified_time":"2023-06-26T07:30:19+00:00","og_image":[{"url":"http:\/\/www.simpleplan.cz\/cz\/wp-content\/uploads\/logo.gif"}],"twitter_card":"summary_large_image","twitter_site":"@simpleplancz","twitter_misc":{"Odhadovan\u00e1 doba \u010dten\u00ed":"4 minuty"},"schema":{"@context":"https:\/\/schema.org","@graph":[{"@type":"WebPage","@id":"https:\/\/www.simpleplan.cz\/cz\/index.php\/lyricscenter\/grow-up\/","url":"https:\/\/www.simpleplan.cz\/cz\/index.php\/lyricscenter\/grow-up\/","name":"Grow Up | CZ: SimplePlan.cz","isPartOf":{"@id":"https:\/\/www.simpleplan.cz\/cz\/#website"},"datePublished":"2014-07-15T19:18:41+00:00","dateModified":"2023-06-26T07:30:19+00:00","breadcrumb":{"@id":"https:\/\/www.simpleplan.cz\/cz\/index.php\/lyricscenter\/grow-up\/#breadcrumb"},"inLanguage":"cs","potentialAction":[{"@type":"ReadAction","target":["https:\/\/www.simpleplan.cz\/cz\/index.php\/lyricscenter\/grow-up\/"]}]},{"@type":"BreadcrumbList","@id":"https:\/\/www.simpleplan.cz\/cz\/index.php\/lyricscenter\/grow-up\/#breadcrumb","itemListElement":[{"@type":"ListItem","position":1,"name":"Dom\u016f","item":"https:\/\/www.simpleplan.cz\/cz\/"},{"@type":"ListItem","position":2,"name":"Texty p\u00edsn\u00ed","item":"https:\/\/www.simpleplan.cz\/cz\/index.php\/lyricscenter\/"},{"@type":"ListItem","position":3,"name":"Grow Up"}]},{"@type":"WebSite","@id":"https:\/\/www.simpleplan.cz\/cz\/#website","url":"https:\/\/www.simpleplan.cz\/cz\/","name":"CZ: SimplePlan.cz","description":"Nejlep\u0161\u00ed zdroj informac\u00ed o kapele Simple Plan","publisher":{"@id":"https:\/\/www.simpleplan.cz\/cz\/#organization"},"potentialAction":[{"@type":"SearchAction","target":{"@type":"EntryPoint","urlTemplate":"https:\/\/www.simpleplan.cz\/cz\/?s={search_term_string}"},"query-input":"required name=search_term_string"}],"inLanguage":"cs"},{"@type":"Organization","@id":"https:\/\/www.simpleplan.cz\/cz\/#organization","name":"CZ: SimplePlan.cz","url":"https:\/\/www.simpleplan.cz\/cz\/","logo":{"@type":"ImageObject","inLanguage":"cs","@id":"https:\/\/www.simpleplan.cz\/cz\/#\/schema\/logo\/image\/","url":"https:\/\/www.simpleplan.cz\/cz\/wp-content\/uploads\/spczlogo.png","contentUrl":"https:\/\/www.simpleplan.cz\/cz\/wp-content\/uploads\/spczlogo.png","width":250,"height":190,"caption":"CZ: SimplePlan.cz"},"image":{"@id":"https:\/\/www.simpleplan.cz\/cz\/#\/schema\/logo\/image\/"},"sameAs":["http:\/\/www.facebook.com\/simpleplancz","https:\/\/twitter.com\/simpleplancz","http:\/\/www.instagram.com\/simpleplancz","http:\/\/www.youtube.com\/simpleplancz"]}]}},"_links":{"self":[{"href":"https:\/\/www.simpleplan.cz\/cz\/index.php\/wp-json\/wp\/v2\/pages\/15344"}],"collection":[{"href":"https:\/\/www.simpleplan.cz\/cz\/index.php\/wp-json\/wp\/v2\/pages"}],"about":[{"href":"https:\/\/www.simpleplan.cz\/cz\/index.php\/wp-json\/wp\/v2\/types\/page"}],"author":[{"embeddable":true,"href":"https:\/\/www.simpleplan.cz\/cz\/index.php\/wp-json\/wp\/v2\/users\/5"}],"replies":[{"embeddable":true,"href":"https:\/\/www.simpleplan.cz\/cz\/index.php\/wp-json\/wp\/v2\/comments?post=15344"}],"version-history":[{"count":3,"href":"https:\/\/www.simpleplan.cz\/cz\/index.php\/wp-json\/wp\/v2\/pages\/15344\/revisions"}],"predecessor-version":[{"id":23321,"href":"https:\/\/www.simpleplan.cz\/cz\/index.php\/wp-json\/wp\/v2\/pages\/15344\/revisions\/23321"}],"up":[{"embeddable":true,"href":"https:\/\/www.simpleplan.cz\/cz\/index.php\/wp-json\/wp\/v2\/pages\/15213"}],"wp:attachment":[{"href":"https:\/\/www.simpleplan.cz\/cz\/index.php\/wp-json\/wp\/v2\/media?parent=15344"}],"curies":[{"name":"wp","href":"https:\/\/api.w.org\/{rel}","templated":true}]}}